{"id":308831,"date":"2025-05-19T17:48:12","date_gmt":"2025-05-19T17:48:12","guid":{"rendered":"https:\/\/autorival.ro\/fiat\/product\/sensor-ajutor-parcare-fiat-500-312_-1-4-312axc1b-312cxc1b-benzina-100-cai-oe-ford-1770912\/"},"modified":"2025-05-19T17:48:12","modified_gmt":"2025-05-19T17:48:12","slug":"sensor-ajutor-parcare-fiat-500-312_-1-4-312axc1b-312cxc1b-benzina-100-cai-oe-ford-1770912","status":"publish","type":"product","link":"https:\/\/autorival.ro\/fiat\/product\/sensor-ajutor-parcare-fiat-500-312_-1-4-312axc1b-312cxc1b-benzina-100-cai-oe-ford-1770912\/","title":{"rendered":"Sensor ajutor parcare FIAT 500 (312_) 1.4 (312AXC1B, 312CXC1B) benzina 100 cai OE FORD 1770912"},"content":{"rendered":"<p>Numar bucati necesare: 3pentru faceliftPartea de montare: pe ambele partiTip senzor: senzor ultrasunetePartea de montare: fata, spateProprietati chimice: nu poate fi vopsit ->Lungime [mm]: 41 ->Latime [mm]: 22\u00cenaltime [mm]: 26,3Num\u0103rul conexiunilor cu muf\u0103: 3 ->Diametru [mm]: 15,5 ->Greutate [kg]: 0,03<\/p>\n","protected":false},"excerpt":{"rendered":"<p>Producator: OE FORD Cod producator: 1770912<\/p>\n","protected":false},"featured_media":14082,"comment_status":"open","ping_status":"closed","template":"","meta":[],"product_brand":[1599],"product_cat":[26587],"product_tag":[38297,39488,38291,38526,38320,38781,39487],"class_list":{"0":"post-308831","1":"product","2":"type-product","3":"status-publish","4":"has-post-thumbnail","6":"product_brand-oe-ford","7":"product_cat-sensor-ajutor-parcare-312_-1-4-312axc1b-312cxc1b-benzina-100","8":"product_tag-38297","9":"product_tag-ajutor","10":"product_tag-fiat","11":"product_tag-ford","12":"product_tag-oe","13":"product_tag-parcare","14":"product_tag-sensor","16":"first","17":"instock","18":"shipping-taxable","19":"purchasable","20":"product-type-simple"},"yoast_head":"<!-- This site is optimized with the Yoast SEO plugin v27.3 - https:\/\/yoast.com\/product\/yoast-seo-wordpress\/ -->\n<title>Sensor ajutor parcare FIAT 500 (312_) 1.4 (312AXC1B, 312CXC1B) benzina 100 cai OE FORD 1770912 FIAT | OE - Autorival<\/title>\n<meta name=\"description\" content=\"\u26a1 Sensor ajutor parcare FIAT 500 (312_) 1.4 (312AXC1B, 312CXC1B) benzina 100 cai OE FORD 1770912 pentru FIAT la doar 368.34 RON. \u2713 Cod: 1770912 \u2713 Brand: OE \u2713 \u00cen stoc \u2713 Livrare 24h \u2713 Garan\u021bie!\" \/>\n<meta name=\"robots\" content=\"index, follow, max-snippet:-1, max-image-preview:large, max-video-preview:-1\" \/>\n<meta property=\"og:locale\" content=\"en_US\" \/>\n<meta property=\"og:type\" content=\"article\" \/>\n<meta property=\"og:title\" content=\"Sensor ajutor parcare FIAT 500 (312_) 1.4 (312AXC1B, 312CXC1B) benzina 100 cai OE FORD 1770912 FIAT | OE - Autorival\" \/>\n<meta property=\"og:description\" content=\"\u26a1 Sensor ajutor parcare FIAT 500 (312_) 1.4 (312AXC1B, 312CXC1B) benzina 100 cai OE FORD 1770912 pentru FIAT la doar 368.34 RON. \u2713 Cod: 1770912 \u2713 Brand: OE \u2713 \u00cen stoc \u2713 Livrare 24h \u2713 Garan\u021bie!\" \/>\n<meta property=\"og:url\" content=\"https:\/\/autorival.ro\/fiat\/product\/sensor-ajutor-parcare-fiat-500-312_-1-4-312axc1b-312cxc1b-benzina-100-cai-oe-ford-1770912\/\" \/>\n<meta property=\"og:site_name\" content=\"FIAT\" \/>\n<meta property=\"og:image\" content=\"https:\/\/autorival.ro\/fiat\/wp-content\/uploads\/sites\/9\/2025\/05\/OE20FORD.png\" \/>\n\t<meta property=\"og:image:width\" content=\"630\" \/>\n\t<meta property=\"og:image:height\" content=\"315\" \/>\n\t<meta property=\"og:image:type\" content=\"image\/png\" \/>\n<meta name=\"twitter:card\" content=\"summary_large_image\" \/>\n<meta name=\"twitter:title\" content=\"Sensor ajutor parcare FIAT 500 (312_) 1.4 (312AXC1B, 312CXC1B) benzina 100 cai OE FORD 1770912 FIAT | OE - Autorival\" \/>\n<meta name=\"twitter:description\" content=\"\u26a1 Sensor ajutor parcare FIAT 500 (312_) 1.4 (312AXC1B, 312CXC1B) benzina 100 cai OE FORD 1770912 pentru FIAT la doar 368.34 RON. \u2713 Cod: 1770912 \u2713 Brand: OE \u2713 \u00cen stoc \u2713 Livrare 24h \u2713 Garan\u021bie!\" \/>\n<script type=\"application\/ld+json\" class=\"yoast-schema-graph\">{\"@context\":\"https:\\\/\\\/schema.org\",\"@graph\":[{\"@type\":\"WebPage\",\"@id\":\"https:\\\/\\\/autorival.ro\\\/fiat\\\/product\\\/sensor-ajutor-parcare-fiat-500-312_-1-4-312axc1b-312cxc1b-benzina-100-cai-oe-ford-1770912\\\/\",\"url\":\"https:\\\/\\\/autorival.ro\\\/fiat\\\/product\\\/sensor-ajutor-parcare-fiat-500-312_-1-4-312axc1b-312cxc1b-benzina-100-cai-oe-ford-1770912\\\/\",\"name\":\"Sensor ajutor parcare FIAT 500 (312_) 1.4 (312AXC1B, 312CXC1B) benzina 100 cai OE FORD 1770912 FIAT | OE - Autorival\",\"isPartOf\":{\"@id\":\"https:\\\/\\\/autorival.ro\\\/fiat\\\/#website\"},\"primaryImageOfPage\":{\"@id\":\"https:\\\/\\\/autorival.ro\\\/fiat\\\/product\\\/sensor-ajutor-parcare-fiat-500-312_-1-4-312axc1b-312cxc1b-benzina-100-cai-oe-ford-1770912\\\/#primaryimage\"},\"image\":{\"@id\":\"https:\\\/\\\/autorival.ro\\\/fiat\\\/product\\\/sensor-ajutor-parcare-fiat-500-312_-1-4-312axc1b-312cxc1b-benzina-100-cai-oe-ford-1770912\\\/#primaryimage\"},\"thumbnailUrl\":\"https:\\\/\\\/autorival.ro\\\/fiat\\\/wp-content\\\/uploads\\\/sites\\\/9\\\/2025\\\/05\\\/OE20FORD.png\",\"datePublished\":\"2025-05-19T17:48:12+00:00\",\"description\":\"\u26a1 Sensor ajutor parcare FIAT 500 (312_) 1.4 (312AXC1B, 312CXC1B) benzina 100 cai OE FORD 1770912 pentru FIAT la doar 368.34 RON. \u2713 Cod: 1770912 \u2713 Brand: OE \u2713 \u00cen stoc \u2713 Livrare 24h \u2713 Garan\u021bie!\",\"breadcrumb\":{\"@id\":\"https:\\\/\\\/autorival.ro\\\/fiat\\\/product\\\/sensor-ajutor-parcare-fiat-500-312_-1-4-312axc1b-312cxc1b-benzina-100-cai-oe-ford-1770912\\\/#breadcrumb\"},\"inLanguage\":\"en-US\",\"potentialAction\":[{\"@type\":\"ReadAction\",\"target\":[\"https:\\\/\\\/autorival.ro\\\/fiat\\\/product\\\/sensor-ajutor-parcare-fiat-500-312_-1-4-312axc1b-312cxc1b-benzina-100-cai-oe-ford-1770912\\\/\"]}]},{\"@type\":\"ImageObject\",\"inLanguage\":\"en-US\",\"@id\":\"https:\\\/\\\/autorival.ro\\\/fiat\\\/product\\\/sensor-ajutor-parcare-fiat-500-312_-1-4-312axc1b-312cxc1b-benzina-100-cai-oe-ford-1770912\\\/#primaryimage\",\"url\":\"https:\\\/\\\/autorival.ro\\\/fiat\\\/wp-content\\\/uploads\\\/sites\\\/9\\\/2025\\\/05\\\/OE20FORD.png\",\"contentUrl\":\"https:\\\/\\\/autorival.ro\\\/fiat\\\/wp-content\\\/uploads\\\/sites\\\/9\\\/2025\\\/05\\\/OE20FORD.png\",\"width\":630,\"height\":315,\"caption\":\"Ansamblu burduf articulatie planetara FIAT 500 (312_) 1.3 D Multijet (312AXE1A) diesel 95 cai OE FORD 1692090\"},{\"@type\":\"BreadcrumbList\",\"@id\":\"https:\\\/\\\/autorival.ro\\\/fiat\\\/product\\\/sensor-ajutor-parcare-fiat-500-312_-1-4-312axc1b-312cxc1b-benzina-100-cai-oe-ford-1770912\\\/#breadcrumb\",\"itemListElement\":[{\"@type\":\"ListItem\",\"position\":1,\"name\":\"Prima pagin\u0103\",\"item\":\"https:\\\/\\\/autorival.ro\\\/fiat\\\/\"},{\"@type\":\"ListItem\",\"position\":2,\"name\":\"Piese auto FIAT\",\"item\":\"https:\\\/\\\/autorival.ro\\\/fiat\\\/\"},{\"@type\":\"ListItem\",\"position\":3,\"name\":\"Sensor ajutor parcare FIAT 500 (312_) 1.4 (312AXC1B, 312CXC1B) benzina 100 cai OE FORD 1770912\"}]},{\"@type\":\"WebSite\",\"@id\":\"https:\\\/\\\/autorival.ro\\\/fiat\\\/#website\",\"url\":\"https:\\\/\\\/autorival.ro\\\/fiat\\\/\",\"name\":\"FIAT\",\"description\":\"\",\"potentialAction\":[{\"@type\":\"SearchAction\",\"target\":{\"@type\":\"EntryPoint\",\"urlTemplate\":\"https:\\\/\\\/autorival.ro\\\/fiat\\\/?s={search_term_string}\"},\"query-input\":{\"@type\":\"PropertyValueSpecification\",\"valueRequired\":true,\"valueName\":\"search_term_string\"}}],\"inLanguage\":\"en-US\"}]}<\/script>\n<!-- \/ Yoast SEO plugin. -->","yoast_head_json":{"title":"Sensor ajutor parcare FIAT 500 (312_) 1.4 (312AXC1B, 312CXC1B) benzina 100 cai OE FORD 1770912 FIAT | OE - Autorival","description":"\u26a1 Sensor ajutor parcare FIAT 500 (312_) 1.4 (312AXC1B, 312CXC1B) benzina 100 cai OE FORD 1770912 pentru FIAT la doar 368.34 RON. \u2713 Cod: 1770912 \u2713 Brand: OE \u2713 \u00cen stoc \u2713 Livrare 24h \u2713 Garan\u021bie!","robots":{"index":"index","follow":"follow","max-snippet":"max-snippet:-1","max-image-preview":"max-image-preview:large","max-video-preview":"max-video-preview:-1"},"og_locale":"en_US","og_type":"article","og_title":"Sensor ajutor parcare FIAT 500 (312_) 1.4 (312AXC1B, 312CXC1B) benzina 100 cai OE FORD 1770912 FIAT | OE - Autorival","og_description":"\u26a1 Sensor ajutor parcare FIAT 500 (312_) 1.4 (312AXC1B, 312CXC1B) benzina 100 cai OE FORD 1770912 pentru FIAT la doar 368.34 RON. \u2713 Cod: 1770912 \u2713 Brand: OE \u2713 \u00cen stoc \u2713 Livrare 24h \u2713 Garan\u021bie!","og_url":"https:\/\/autorival.ro\/fiat\/product\/sensor-ajutor-parcare-fiat-500-312_-1-4-312axc1b-312cxc1b-benzina-100-cai-oe-ford-1770912\/","og_site_name":"FIAT","og_image":[{"width":630,"height":315,"url":"https:\/\/autorival.ro\/fiat\/wp-content\/uploads\/sites\/9\/2025\/05\/OE20FORD.png","type":"image\/png"}],"twitter_card":"summary_large_image","twitter_title":"Sensor ajutor parcare FIAT 500 (312_) 1.4 (312AXC1B, 312CXC1B) benzina 100 cai OE FORD 1770912 FIAT | OE - Autorival","twitter_description":"\u26a1 Sensor ajutor parcare FIAT 500 (312_) 1.4 (312AXC1B, 312CXC1B) benzina 100 cai OE FORD 1770912 pentru FIAT la doar 368.34 RON. \u2713 Cod: 1770912 \u2713 Brand: OE \u2713 \u00cen stoc \u2713 Livrare 24h \u2713 Garan\u021bie!","schema":{"@context":"https:\/\/schema.org","@graph":[{"@type":"WebPage","@id":"https:\/\/autorival.ro\/fiat\/product\/sensor-ajutor-parcare-fiat-500-312_-1-4-312axc1b-312cxc1b-benzina-100-cai-oe-ford-1770912\/","url":"https:\/\/autorival.ro\/fiat\/product\/sensor-ajutor-parcare-fiat-500-312_-1-4-312axc1b-312cxc1b-benzina-100-cai-oe-ford-1770912\/","name":"Sensor ajutor parcare FIAT 500 (312_) 1.4 (312AXC1B, 312CXC1B) benzina 100 cai OE FORD 1770912 FIAT | OE - Autorival","isPartOf":{"@id":"https:\/\/autorival.ro\/fiat\/#website"},"primaryImageOfPage":{"@id":"https:\/\/autorival.ro\/fiat\/product\/sensor-ajutor-parcare-fiat-500-312_-1-4-312axc1b-312cxc1b-benzina-100-cai-oe-ford-1770912\/#primaryimage"},"image":{"@id":"https:\/\/autorival.ro\/fiat\/product\/sensor-ajutor-parcare-fiat-500-312_-1-4-312axc1b-312cxc1b-benzina-100-cai-oe-ford-1770912\/#primaryimage"},"thumbnailUrl":"https:\/\/autorival.ro\/fiat\/wp-content\/uploads\/sites\/9\/2025\/05\/OE20FORD.png","datePublished":"2025-05-19T17:48:12+00:00","description":"\u26a1 Sensor ajutor parcare FIAT 500 (312_) 1.4 (312AXC1B, 312CXC1B) benzina 100 cai OE FORD 1770912 pentru FIAT la doar 368.34 RON. \u2713 Cod: 1770912 \u2713 Brand: OE \u2713 \u00cen stoc \u2713 Livrare 24h \u2713 Garan\u021bie!","breadcrumb":{"@id":"https:\/\/autorival.ro\/fiat\/product\/sensor-ajutor-parcare-fiat-500-312_-1-4-312axc1b-312cxc1b-benzina-100-cai-oe-ford-1770912\/#breadcrumb"},"inLanguage":"en-US","potentialAction":[{"@type":"ReadAction","target":["https:\/\/autorival.ro\/fiat\/product\/sensor-ajutor-parcare-fiat-500-312_-1-4-312axc1b-312cxc1b-benzina-100-cai-oe-ford-1770912\/"]}]},{"@type":"ImageObject","inLanguage":"en-US","@id":"https:\/\/autorival.ro\/fiat\/product\/sensor-ajutor-parcare-fiat-500-312_-1-4-312axc1b-312cxc1b-benzina-100-cai-oe-ford-1770912\/#primaryimage","url":"https:\/\/autorival.ro\/fiat\/wp-content\/uploads\/sites\/9\/2025\/05\/OE20FORD.png","contentUrl":"https:\/\/autorival.ro\/fiat\/wp-content\/uploads\/sites\/9\/2025\/05\/OE20FORD.png","width":630,"height":315,"caption":"Ansamblu burduf articulatie planetara FIAT 500 (312_) 1.3 D Multijet (312AXE1A) diesel 95 cai OE FORD 1692090"},{"@type":"BreadcrumbList","@id":"https:\/\/autorival.ro\/fiat\/product\/sensor-ajutor-parcare-fiat-500-312_-1-4-312axc1b-312cxc1b-benzina-100-cai-oe-ford-1770912\/#breadcrumb","itemListElement":[{"@type":"ListItem","position":1,"name":"Prima pagin\u0103","item":"https:\/\/autorival.ro\/fiat\/"},{"@type":"ListItem","position":2,"name":"Piese auto FIAT","item":"https:\/\/autorival.ro\/fiat\/"},{"@type":"ListItem","position":3,"name":"Sensor ajutor parcare FIAT 500 (312_) 1.4 (312AXC1B, 312CXC1B) benzina 100 cai OE FORD 1770912"}]},{"@type":"WebSite","@id":"https:\/\/autorival.ro\/fiat\/#website","url":"https:\/\/autorival.ro\/fiat\/","name":"FIAT","description":"","potentialAction":[{"@type":"SearchAction","target":{"@type":"EntryPoint","urlTemplate":"https:\/\/autorival.ro\/fiat\/?s={search_term_string}"},"query-input":{"@type":"PropertyValueSpecification","valueRequired":true,"valueName":"search_term_string"}}],"inLanguage":"en-US"}]}},"_links":{"self":[{"href":"https:\/\/autorival.ro\/fiat\/wp-json\/wp\/v2\/product\/308831","targetHints":{"allow":["GET"]}}],"collection":[{"href":"https:\/\/autorival.ro\/fiat\/wp-json\/wp\/v2\/product"}],"about":[{"href":"https:\/\/autorival.ro\/fiat\/wp-json\/wp\/v2\/types\/product"}],"replies":[{"embeddable":true,"href":"https:\/\/autorival.ro\/fiat\/wp-json\/wp\/v2\/comments?post=308831"}],"wp:featuredmedia":[{"embeddable":true,"href":"https:\/\/autorival.ro\/fiat\/wp-json\/wp\/v2\/media\/14082"}],"wp:attachment":[{"href":"https:\/\/autorival.ro\/fiat\/wp-json\/wp\/v2\/media?parent=308831"}],"wp:term":[{"taxonomy":"product_brand","embeddable":true,"href":"https:\/\/autorival.ro\/fiat\/wp-json\/wp\/v2\/product_brand?post=308831"},{"taxonomy":"product_cat","embeddable":true,"href":"https:\/\/autorival.ro\/fiat\/wp-json\/wp\/v2\/product_cat?post=308831"},{"taxonomy":"product_tag","embeddable":true,"href":"https:\/\/autorival.ro\/fiat\/wp-json\/wp\/v2\/product_tag?post=308831"}],"curies":[{"name":"wp","href":"https:\/\/api.w.org\/{rel}","templated":true}]}}