{"id":308197,"date":"2025-05-19T17:40:57","date_gmt":"2025-05-19T17:40:57","guid":{"rendered":"https:\/\/autorival.ro\/fiat\/product\/schimbator-caldura-incalzire-habitaclu-fiat-tipo-160_-1-4-i-e-160-ap-160-ad-160-ea-benzina-70-cai-nissens-71438\/"},"modified":"2025-05-19T17:40:58","modified_gmt":"2025-05-19T17:40:58","slug":"schimbator-caldura-incalzire-habitaclu-fiat-tipo-160_-1-4-i-e-160-ap-160-ad-160-ea-benzina-70-cai-nissens-71438","status":"publish","type":"product","link":"https:\/\/autorival.ro\/fiat\/product\/schimbator-caldura-incalzire-habitaclu-fiat-tipo-160_-1-4-i-e-160-ap-160-ad-160-ea-benzina-70-cai-nissens-71438\/","title":{"rendered":"Schimbator caldura incalzire habitaclu FIAT TIPO (160_) 1.4 i.e. (160.AP, 160.AD, 160.EA) benzina 70 cai NISSENS 71438"},"content":{"rendered":"<p>Material element radiator: aluminiuAd\u00e2ncimea plasei [mm]: 42 ->Lungime plas\u0103 [mm]: 250L\u0103\u021bimea plasei [mm]: 157Varianta radiator: Element radiator cu prindere mecanicaArticol extins\/Informatii de extindere: fara teavaMaterial rezervor apa (radiator): plastic<\/p>\n","protected":false},"excerpt":{"rendered":"<p>Producator: NISSENS Cod producator: 71438<\/p>\n","protected":false},"featured_media":308192,"comment_status":"open","ping_status":"closed","template":"","meta":[],"product_brand":[8536],"product_cat":[26470],"product_tag":[39220,38291,39451,38918,38824,38713,38304],"class_list":{"0":"post-308197","1":"product","2":"type-product","3":"status-publish","4":"has-post-thumbnail","6":"product_brand-nissens","7":"product_cat-schimbator-caldura-incalzire-habitaclu-160_-1-4-i-e-160-ap-160-ad-160-ea-benzina-70","8":"product_tag-caldura","9":"product_tag-fiat","10":"product_tag-habitaclu","11":"product_tag-incalzire","12":"product_tag-nissens","13":"product_tag-schimbator","14":"product_tag-tipo","16":"first","17":"instock","18":"shipping-taxable","19":"purchasable","20":"product-type-simple"},"yoast_head":"<!-- This site is optimized with the Yoast SEO plugin v27.5 - https:\/\/yoast.com\/product\/yoast-seo-wordpress\/ -->\n<title>Schimbator caldura incalzire habitaclu FIAT TIPO (160_) 1.4 i.e. (160.AP, 160.AD, 160.EA) benzina 70 cai NISSENS 71438 FIAT | NISSENS - Autorival<\/title>\n<meta name=\"description\" content=\"\u26a1 Schimbator caldura incalzire habitaclu FIAT TIPO (160_) 1.4 i.e. (160.AP, 160.AD, 160.EA) benzina 70 cai NISSENS 71438 pentru FIAT la doar 136.5 RON. \u2713 Cod: 71438 \u2713 Brand: NISSENS \u2713 \u00cen stoc \u2713 Livrare 24h \u2713 Garan\u021bie!\" \/>\n<meta name=\"robots\" content=\"index, follow, max-snippet:-1, max-image-preview:large, max-video-preview:-1\" \/>\n<meta property=\"og:locale\" content=\"en_US\" \/>\n<meta property=\"og:type\" content=\"article\" \/>\n<meta property=\"og:title\" content=\"Schimbator caldura incalzire habitaclu FIAT TIPO (160_) 1.4 i.e. (160.AP, 160.AD, 160.EA) benzina 70 cai NISSENS 71438 FIAT | NISSENS - Autorival\" \/>\n<meta property=\"og:description\" content=\"\u26a1 Schimbator caldura incalzire habitaclu FIAT TIPO (160_) 1.4 i.e. (160.AP, 160.AD, 160.EA) benzina 70 cai NISSENS 71438 pentru FIAT la doar 136.5 RON. \u2713 Cod: 71438 \u2713 Brand: NISSENS \u2713 \u00cen stoc \u2713 Livrare 24h \u2713 Garan\u021bie!\" \/>\n<meta property=\"og:url\" content=\"https:\/\/autorival.ro\/fiat\/product\/schimbator-caldura-incalzire-habitaclu-fiat-tipo-160_-1-4-i-e-160-ap-160-ad-160-ea-benzina-70-cai-nissens-71438\/\" \/>\n<meta property=\"og:site_name\" content=\"FIAT\" \/>\n<meta property=\"article:modified_time\" content=\"2025-05-19T17:40:58+00:00\" \/>\n<meta property=\"og:image\" content=\"https:\/\/autorival.ro\/fiat\/wp-content\/uploads\/sites\/9\/2025\/05\/nissens_i71438.jpg\" \/>\n\t<meta property=\"og:image:width\" content=\"600\" \/>\n\t<meta property=\"og:image:height\" content=\"400\" \/>\n\t<meta property=\"og:image:type\" content=\"image\/jpeg\" \/>\n<meta name=\"twitter:card\" content=\"summary_large_image\" \/>\n<meta name=\"twitter:title\" content=\"Schimbator caldura incalzire habitaclu FIAT TIPO (160_) 1.4 i.e. (160.AP, 160.AD, 160.EA) benzina 70 cai NISSENS 71438 FIAT | NISSENS - Autorival\" \/>\n<meta name=\"twitter:description\" content=\"\u26a1 Schimbator caldura incalzire habitaclu FIAT TIPO (160_) 1.4 i.e. (160.AP, 160.AD, 160.EA) benzina 70 cai NISSENS 71438 pentru FIAT la doar 136.5 RON. \u2713 Cod: 71438 \u2713 Brand: NISSENS \u2713 \u00cen stoc \u2713 Livrare 24h \u2713 Garan\u021bie!\" \/>\n<script type=\"application\/ld+json\" class=\"yoast-schema-graph\">{\"@context\":\"https:\\\/\\\/schema.org\",\"@graph\":[{\"@type\":\"WebPage\",\"@id\":\"https:\\\/\\\/autorival.ro\\\/fiat\\\/product\\\/schimbator-caldura-incalzire-habitaclu-fiat-tipo-160_-1-4-i-e-160-ap-160-ad-160-ea-benzina-70-cai-nissens-71438\\\/\",\"url\":\"https:\\\/\\\/autorival.ro\\\/fiat\\\/product\\\/schimbator-caldura-incalzire-habitaclu-fiat-tipo-160_-1-4-i-e-160-ap-160-ad-160-ea-benzina-70-cai-nissens-71438\\\/\",\"name\":\"Schimbator caldura incalzire habitaclu FIAT TIPO (160_) 1.4 i.e. (160.AP, 160.AD, 160.EA) benzina 70 cai NISSENS 71438 FIAT | NISSENS - Autorival\",\"isPartOf\":{\"@id\":\"https:\\\/\\\/autorival.ro\\\/fiat\\\/#website\"},\"primaryImageOfPage\":{\"@id\":\"https:\\\/\\\/autorival.ro\\\/fiat\\\/product\\\/schimbator-caldura-incalzire-habitaclu-fiat-tipo-160_-1-4-i-e-160-ap-160-ad-160-ea-benzina-70-cai-nissens-71438\\\/#primaryimage\"},\"image\":{\"@id\":\"https:\\\/\\\/autorival.ro\\\/fiat\\\/product\\\/schimbator-caldura-incalzire-habitaclu-fiat-tipo-160_-1-4-i-e-160-ap-160-ad-160-ea-benzina-70-cai-nissens-71438\\\/#primaryimage\"},\"thumbnailUrl\":\"https:\\\/\\\/autorival.ro\\\/fiat\\\/wp-content\\\/uploads\\\/sites\\\/9\\\/2025\\\/05\\\/nissens_i71438.jpg\",\"datePublished\":\"2025-05-19T17:40:57+00:00\",\"dateModified\":\"2025-05-19T17:40:58+00:00\",\"description\":\"\u26a1 Schimbator caldura incalzire habitaclu FIAT TIPO (160_) 1.4 i.e. (160.AP, 160.AD, 160.EA) benzina 70 cai NISSENS 71438 pentru FIAT la doar 136.5 RON. \u2713 Cod: 71438 \u2713 Brand: NISSENS \u2713 \u00cen stoc \u2713 Livrare 24h \u2713 Garan\u021bie!\",\"breadcrumb\":{\"@id\":\"https:\\\/\\\/autorival.ro\\\/fiat\\\/product\\\/schimbator-caldura-incalzire-habitaclu-fiat-tipo-160_-1-4-i-e-160-ap-160-ad-160-ea-benzina-70-cai-nissens-71438\\\/#breadcrumb\"},\"inLanguage\":\"en-US\",\"potentialAction\":[{\"@type\":\"ReadAction\",\"target\":[\"https:\\\/\\\/autorival.ro\\\/fiat\\\/product\\\/schimbator-caldura-incalzire-habitaclu-fiat-tipo-160_-1-4-i-e-160-ap-160-ad-160-ea-benzina-70-cai-nissens-71438\\\/\"]}]},{\"@type\":\"ImageObject\",\"inLanguage\":\"en-US\",\"@id\":\"https:\\\/\\\/autorival.ro\\\/fiat\\\/product\\\/schimbator-caldura-incalzire-habitaclu-fiat-tipo-160_-1-4-i-e-160-ap-160-ad-160-ea-benzina-70-cai-nissens-71438\\\/#primaryimage\",\"url\":\"https:\\\/\\\/autorival.ro\\\/fiat\\\/wp-content\\\/uploads\\\/sites\\\/9\\\/2025\\\/05\\\/nissens_i71438.jpg\",\"contentUrl\":\"https:\\\/\\\/autorival.ro\\\/fiat\\\/wp-content\\\/uploads\\\/sites\\\/9\\\/2025\\\/05\\\/nissens_i71438.jpg\",\"width\":600,\"height\":400},{\"@type\":\"BreadcrumbList\",\"@id\":\"https:\\\/\\\/autorival.ro\\\/fiat\\\/product\\\/schimbator-caldura-incalzire-habitaclu-fiat-tipo-160_-1-4-i-e-160-ap-160-ad-160-ea-benzina-70-cai-nissens-71438\\\/#breadcrumb\",\"itemListElement\":[{\"@type\":\"ListItem\",\"position\":1,\"name\":\"Prima pagin\u0103\",\"item\":\"https:\\\/\\\/autorival.ro\\\/fiat\\\/\"},{\"@type\":\"ListItem\",\"position\":2,\"name\":\"Piese auto FIAT\",\"item\":\"https:\\\/\\\/autorival.ro\\\/fiat\\\/\"},{\"@type\":\"ListItem\",\"position\":3,\"name\":\"Schimbator caldura incalzire habitaclu FIAT TIPO (160_) 1.4 i.e. (160.AP, 160.AD, 160.EA) benzina 70 cai NISSENS 71438\"}]},{\"@type\":\"WebSite\",\"@id\":\"https:\\\/\\\/autorival.ro\\\/fiat\\\/#website\",\"url\":\"https:\\\/\\\/autorival.ro\\\/fiat\\\/\",\"name\":\"FIAT\",\"description\":\"\",\"potentialAction\":[{\"@type\":\"SearchAction\",\"target\":{\"@type\":\"EntryPoint\",\"urlTemplate\":\"https:\\\/\\\/autorival.ro\\\/fiat\\\/?s={search_term_string}\"},\"query-input\":{\"@type\":\"PropertyValueSpecification\",\"valueRequired\":true,\"valueName\":\"search_term_string\"}}],\"inLanguage\":\"en-US\"}]}<\/script>\n<!-- \/ Yoast SEO plugin. -->","yoast_head_json":{"title":"Schimbator caldura incalzire habitaclu FIAT TIPO (160_) 1.4 i.e. (160.AP, 160.AD, 160.EA) benzina 70 cai NISSENS 71438 FIAT | NISSENS - Autorival","description":"\u26a1 Schimbator caldura incalzire habitaclu FIAT TIPO (160_) 1.4 i.e. (160.AP, 160.AD, 160.EA) benzina 70 cai NISSENS 71438 pentru FIAT la doar 136.5 RON. \u2713 Cod: 71438 \u2713 Brand: NISSENS \u2713 \u00cen stoc \u2713 Livrare 24h \u2713 Garan\u021bie!","robots":{"index":"index","follow":"follow","max-snippet":"max-snippet:-1","max-image-preview":"max-image-preview:large","max-video-preview":"max-video-preview:-1"},"og_locale":"en_US","og_type":"article","og_title":"Schimbator caldura incalzire habitaclu FIAT TIPO (160_) 1.4 i.e. (160.AP, 160.AD, 160.EA) benzina 70 cai NISSENS 71438 FIAT | NISSENS - Autorival","og_description":"\u26a1 Schimbator caldura incalzire habitaclu FIAT TIPO (160_) 1.4 i.e. (160.AP, 160.AD, 160.EA) benzina 70 cai NISSENS 71438 pentru FIAT la doar 136.5 RON. \u2713 Cod: 71438 \u2713 Brand: NISSENS \u2713 \u00cen stoc \u2713 Livrare 24h \u2713 Garan\u021bie!","og_url":"https:\/\/autorival.ro\/fiat\/product\/schimbator-caldura-incalzire-habitaclu-fiat-tipo-160_-1-4-i-e-160-ap-160-ad-160-ea-benzina-70-cai-nissens-71438\/","og_site_name":"FIAT","article_modified_time":"2025-05-19T17:40:58+00:00","og_image":[{"width":600,"height":400,"url":"https:\/\/autorival.ro\/fiat\/wp-content\/uploads\/sites\/9\/2025\/05\/nissens_i71438.jpg","type":"image\/jpeg"}],"twitter_card":"summary_large_image","twitter_title":"Schimbator caldura incalzire habitaclu FIAT TIPO (160_) 1.4 i.e. (160.AP, 160.AD, 160.EA) benzina 70 cai NISSENS 71438 FIAT | NISSENS - Autorival","twitter_description":"\u26a1 Schimbator caldura incalzire habitaclu FIAT TIPO (160_) 1.4 i.e. (160.AP, 160.AD, 160.EA) benzina 70 cai NISSENS 71438 pentru FIAT la doar 136.5 RON. \u2713 Cod: 71438 \u2713 Brand: NISSENS \u2713 \u00cen stoc \u2713 Livrare 24h \u2713 Garan\u021bie!","schema":{"@context":"https:\/\/schema.org","@graph":[{"@type":"WebPage","@id":"https:\/\/autorival.ro\/fiat\/product\/schimbator-caldura-incalzire-habitaclu-fiat-tipo-160_-1-4-i-e-160-ap-160-ad-160-ea-benzina-70-cai-nissens-71438\/","url":"https:\/\/autorival.ro\/fiat\/product\/schimbator-caldura-incalzire-habitaclu-fiat-tipo-160_-1-4-i-e-160-ap-160-ad-160-ea-benzina-70-cai-nissens-71438\/","name":"Schimbator caldura incalzire habitaclu FIAT TIPO (160_) 1.4 i.e. (160.AP, 160.AD, 160.EA) benzina 70 cai NISSENS 71438 FIAT | NISSENS - Autorival","isPartOf":{"@id":"https:\/\/autorival.ro\/fiat\/#website"},"primaryImageOfPage":{"@id":"https:\/\/autorival.ro\/fiat\/product\/schimbator-caldura-incalzire-habitaclu-fiat-tipo-160_-1-4-i-e-160-ap-160-ad-160-ea-benzina-70-cai-nissens-71438\/#primaryimage"},"image":{"@id":"https:\/\/autorival.ro\/fiat\/product\/schimbator-caldura-incalzire-habitaclu-fiat-tipo-160_-1-4-i-e-160-ap-160-ad-160-ea-benzina-70-cai-nissens-71438\/#primaryimage"},"thumbnailUrl":"https:\/\/autorival.ro\/fiat\/wp-content\/uploads\/sites\/9\/2025\/05\/nissens_i71438.jpg","datePublished":"2025-05-19T17:40:57+00:00","dateModified":"2025-05-19T17:40:58+00:00","description":"\u26a1 Schimbator caldura incalzire habitaclu FIAT TIPO (160_) 1.4 i.e. (160.AP, 160.AD, 160.EA) benzina 70 cai NISSENS 71438 pentru FIAT la doar 136.5 RON. \u2713 Cod: 71438 \u2713 Brand: NISSENS \u2713 \u00cen stoc \u2713 Livrare 24h \u2713 Garan\u021bie!","breadcrumb":{"@id":"https:\/\/autorival.ro\/fiat\/product\/schimbator-caldura-incalzire-habitaclu-fiat-tipo-160_-1-4-i-e-160-ap-160-ad-160-ea-benzina-70-cai-nissens-71438\/#breadcrumb"},"inLanguage":"en-US","potentialAction":[{"@type":"ReadAction","target":["https:\/\/autorival.ro\/fiat\/product\/schimbator-caldura-incalzire-habitaclu-fiat-tipo-160_-1-4-i-e-160-ap-160-ad-160-ea-benzina-70-cai-nissens-71438\/"]}]},{"@type":"ImageObject","inLanguage":"en-US","@id":"https:\/\/autorival.ro\/fiat\/product\/schimbator-caldura-incalzire-habitaclu-fiat-tipo-160_-1-4-i-e-160-ap-160-ad-160-ea-benzina-70-cai-nissens-71438\/#primaryimage","url":"https:\/\/autorival.ro\/fiat\/wp-content\/uploads\/sites\/9\/2025\/05\/nissens_i71438.jpg","contentUrl":"https:\/\/autorival.ro\/fiat\/wp-content\/uploads\/sites\/9\/2025\/05\/nissens_i71438.jpg","width":600,"height":400},{"@type":"BreadcrumbList","@id":"https:\/\/autorival.ro\/fiat\/product\/schimbator-caldura-incalzire-habitaclu-fiat-tipo-160_-1-4-i-e-160-ap-160-ad-160-ea-benzina-70-cai-nissens-71438\/#breadcrumb","itemListElement":[{"@type":"ListItem","position":1,"name":"Prima pagin\u0103","item":"https:\/\/autorival.ro\/fiat\/"},{"@type":"ListItem","position":2,"name":"Piese auto FIAT","item":"https:\/\/autorival.ro\/fiat\/"},{"@type":"ListItem","position":3,"name":"Schimbator caldura incalzire habitaclu FIAT TIPO (160_) 1.4 i.e. (160.AP, 160.AD, 160.EA) benzina 70 cai NISSENS 71438"}]},{"@type":"WebSite","@id":"https:\/\/autorival.ro\/fiat\/#website","url":"https:\/\/autorival.ro\/fiat\/","name":"FIAT","description":"","potentialAction":[{"@type":"SearchAction","target":{"@type":"EntryPoint","urlTemplate":"https:\/\/autorival.ro\/fiat\/?s={search_term_string}"},"query-input":{"@type":"PropertyValueSpecification","valueRequired":true,"valueName":"search_term_string"}}],"inLanguage":"en-US"}]}},"_links":{"self":[{"href":"https:\/\/autorival.ro\/fiat\/wp-json\/wp\/v2\/product\/308197","targetHints":{"allow":["GET"]}}],"collection":[{"href":"https:\/\/autorival.ro\/fiat\/wp-json\/wp\/v2\/product"}],"about":[{"href":"https:\/\/autorival.ro\/fiat\/wp-json\/wp\/v2\/types\/product"}],"replies":[{"embeddable":true,"href":"https:\/\/autorival.ro\/fiat\/wp-json\/wp\/v2\/comments?post=308197"}],"wp:featuredmedia":[{"embeddable":true,"href":"https:\/\/autorival.ro\/fiat\/wp-json\/wp\/v2\/media\/308192"}],"wp:attachment":[{"href":"https:\/\/autorival.ro\/fiat\/wp-json\/wp\/v2\/media?parent=308197"}],"wp:term":[{"taxonomy":"product_brand","embeddable":true,"href":"https:\/\/autorival.ro\/fiat\/wp-json\/wp\/v2\/product_brand?post=308197"},{"taxonomy":"product_cat","embeddable":true,"href":"https:\/\/autorival.ro\/fiat\/wp-json\/wp\/v2\/product_cat?post=308197"},{"taxonomy":"product_tag","embeddable":true,"href":"https:\/\/autorival.ro\/fiat\/wp-json\/wp\/v2\/product_tag?post=308197"}],"curies":[{"name":"wp","href":"https:\/\/api.w.org\/{rel}","templated":true}]}}