{"id":275181,"date":"2025-05-19T08:51:24","date_gmt":"2025-05-19T08:51:24","guid":{"rendered":"https:\/\/autorival.ro\/fiat\/product\/placute-frana-fiat-panda-141_-1300-d-diesel-37-cai-brembo-p-23-013\/"},"modified":"2025-05-19T08:51:25","modified_gmt":"2025-05-19T08:51:25","slug":"placute-frana-fiat-panda-141_-1300-d-diesel-37-cai-brembo-p-23-013","status":"publish","type":"product","link":"https:\/\/autorival.ro\/fiat\/product\/placute-frana-fiat-panda-141_-1300-d-diesel-37-cai-brembo-p-23-013\/","title":{"rendered":"Placute frana FIAT PANDA (141_) 1300 D diesel 37 cai BREMBO P 23 013"},"content":{"rendered":"<p>Partea de montare: punte fata ->Latime [mm]: 109 ->Grosime [mm]: 18\u00cenaltime [mm]: 47Contact indicator uzura: cu avertizare acustica uzuraArticol extins\/Informatii de extindere: fara accesoriiSistem de fr\u00e2nare: BendixNum\u0103rul indicatorilor de uzur\u0103 [per ax\u0103]: 2Numar WVA: 20951, 20952, 20950<\/p>\n","protected":false},"excerpt":{"rendered":"<p>Producator: BREMBO Cod producator: P 23 013<\/p>\n","protected":false},"featured_media":274878,"comment_status":"open","ping_status":"closed","template":"","meta":[],"product_brand":[9701],"product_cat":[22521],"product_tag":[38404,38865,38291,38328,38323,39367],"class_list":{"0":"post-275181","1":"product","2":"type-product","3":"status-publish","4":"has-post-thumbnail","6":"product_brand-brembo","7":"product_cat-placute-frana-141_-1300-d-diesel-37","8":"product_tag-141_","9":"product_tag-brembo","10":"product_tag-fiat","11":"product_tag-frana","12":"product_tag-panda","13":"product_tag-placute","15":"first","16":"instock","17":"shipping-taxable","18":"purchasable","19":"product-type-simple"},"yoast_head":"<!-- This site is optimized with the Yoast SEO plugin v27.3 - https:\/\/yoast.com\/product\/yoast-seo-wordpress\/ -->\n<title>Placute frana FIAT PANDA (141_) 1300 D diesel 37 cai BREMBO P 23 013 FIAT | BREMBO - Autorival<\/title>\n<meta name=\"description\" content=\"\u26a1 Placute frana FIAT PANDA (141_) 1300 D diesel 37 cai BREMBO P 23 013 pentru FIAT la doar 129.19 RON. \u2713 Cod: P \u2713 Brand: BREMBO \u2713 \u00cen stoc \u2713 Livrare 24h \u2713 Garan\u021bie!\" \/>\n<meta name=\"robots\" content=\"index, follow, max-snippet:-1, max-image-preview:large, max-video-preview:-1\" \/>\n<meta property=\"og:locale\" content=\"en_US\" \/>\n<meta property=\"og:type\" content=\"article\" \/>\n<meta property=\"og:title\" content=\"Placute frana FIAT PANDA (141_) 1300 D diesel 37 cai BREMBO P 23 013 FIAT | BREMBO - Autorival\" \/>\n<meta property=\"og:description\" content=\"\u26a1 Placute frana FIAT PANDA (141_) 1300 D diesel 37 cai BREMBO P 23 013 pentru FIAT la doar 129.19 RON. \u2713 Cod: P \u2713 Brand: BREMBO \u2713 \u00cen stoc \u2713 Livrare 24h \u2713 Garan\u021bie!\" \/>\n<meta property=\"og:url\" content=\"https:\/\/autorival.ro\/fiat\/product\/placute-frana-fiat-panda-141_-1300-d-diesel-37-cai-brembo-p-23-013\/\" \/>\n<meta property=\"og:site_name\" content=\"FIAT\" \/>\n<meta property=\"article:modified_time\" content=\"2025-05-19T08:51:25+00:00\" \/>\n<meta property=\"og:image\" content=\"https:\/\/autorival.ro\/fiat\/wp-content\/uploads\/sites\/9\/2025\/05\/p23013.jpg\" \/>\n\t<meta property=\"og:image:width\" content=\"445\" \/>\n\t<meta property=\"og:image:height\" content=\"397\" \/>\n\t<meta property=\"og:image:type\" content=\"image\/jpeg\" \/>\n<meta name=\"twitter:card\" content=\"summary_large_image\" \/>\n<meta name=\"twitter:title\" content=\"Placute frana FIAT PANDA (141_) 1300 D diesel 37 cai BREMBO P 23 013 FIAT | BREMBO - Autorival\" \/>\n<meta name=\"twitter:description\" content=\"\u26a1 Placute frana FIAT PANDA (141_) 1300 D diesel 37 cai BREMBO P 23 013 pentru FIAT la doar 129.19 RON. \u2713 Cod: P \u2713 Brand: BREMBO \u2713 \u00cen stoc \u2713 Livrare 24h \u2713 Garan\u021bie!\" \/>\n<script type=\"application\/ld+json\" class=\"yoast-schema-graph\">{\"@context\":\"https:\\\/\\\/schema.org\",\"@graph\":[{\"@type\":\"WebPage\",\"@id\":\"https:\\\/\\\/autorival.ro\\\/fiat\\\/product\\\/placute-frana-fiat-panda-141_-1300-d-diesel-37-cai-brembo-p-23-013\\\/\",\"url\":\"https:\\\/\\\/autorival.ro\\\/fiat\\\/product\\\/placute-frana-fiat-panda-141_-1300-d-diesel-37-cai-brembo-p-23-013\\\/\",\"name\":\"Placute frana FIAT PANDA (141_) 1300 D diesel 37 cai BREMBO P 23 013 FIAT | BREMBO - Autorival\",\"isPartOf\":{\"@id\":\"https:\\\/\\\/autorival.ro\\\/fiat\\\/#website\"},\"primaryImageOfPage\":{\"@id\":\"https:\\\/\\\/autorival.ro\\\/fiat\\\/product\\\/placute-frana-fiat-panda-141_-1300-d-diesel-37-cai-brembo-p-23-013\\\/#primaryimage\"},\"image\":{\"@id\":\"https:\\\/\\\/autorival.ro\\\/fiat\\\/product\\\/placute-frana-fiat-panda-141_-1300-d-diesel-37-cai-brembo-p-23-013\\\/#primaryimage\"},\"thumbnailUrl\":\"https:\\\/\\\/autorival.ro\\\/fiat\\\/wp-content\\\/uploads\\\/sites\\\/9\\\/2025\\\/05\\\/p23013.jpg\",\"datePublished\":\"2025-05-19T08:51:24+00:00\",\"dateModified\":\"2025-05-19T08:51:25+00:00\",\"description\":\"\u26a1 Placute frana FIAT PANDA (141_) 1300 D diesel 37 cai BREMBO P 23 013 pentru FIAT la doar 129.19 RON. \u2713 Cod: P \u2713 Brand: BREMBO \u2713 \u00cen stoc \u2713 Livrare 24h \u2713 Garan\u021bie!\",\"breadcrumb\":{\"@id\":\"https:\\\/\\\/autorival.ro\\\/fiat\\\/product\\\/placute-frana-fiat-panda-141_-1300-d-diesel-37-cai-brembo-p-23-013\\\/#breadcrumb\"},\"inLanguage\":\"en-US\",\"potentialAction\":[{\"@type\":\"ReadAction\",\"target\":[\"https:\\\/\\\/autorival.ro\\\/fiat\\\/product\\\/placute-frana-fiat-panda-141_-1300-d-diesel-37-cai-brembo-p-23-013\\\/\"]}]},{\"@type\":\"ImageObject\",\"inLanguage\":\"en-US\",\"@id\":\"https:\\\/\\\/autorival.ro\\\/fiat\\\/product\\\/placute-frana-fiat-panda-141_-1300-d-diesel-37-cai-brembo-p-23-013\\\/#primaryimage\",\"url\":\"https:\\\/\\\/autorival.ro\\\/fiat\\\/wp-content\\\/uploads\\\/sites\\\/9\\\/2025\\\/05\\\/p23013.jpg\",\"contentUrl\":\"https:\\\/\\\/autorival.ro\\\/fiat\\\/wp-content\\\/uploads\\\/sites\\\/9\\\/2025\\\/05\\\/p23013.jpg\",\"width\":445,\"height\":397,\"caption\":\"Placute frana FIAT PANDA (141_) 1000 4x4 benzina 44 cai BREMBO P 23 013\"},{\"@type\":\"BreadcrumbList\",\"@id\":\"https:\\\/\\\/autorival.ro\\\/fiat\\\/product\\\/placute-frana-fiat-panda-141_-1300-d-diesel-37-cai-brembo-p-23-013\\\/#breadcrumb\",\"itemListElement\":[{\"@type\":\"ListItem\",\"position\":1,\"name\":\"Prima pagin\u0103\",\"item\":\"https:\\\/\\\/autorival.ro\\\/fiat\\\/\"},{\"@type\":\"ListItem\",\"position\":2,\"name\":\"Piese auto FIAT\",\"item\":\"https:\\\/\\\/autorival.ro\\\/fiat\\\/\"},{\"@type\":\"ListItem\",\"position\":3,\"name\":\"Placute frana FIAT PANDA (141_) 1300 D diesel 37 cai BREMBO P 23 013\"}]},{\"@type\":\"WebSite\",\"@id\":\"https:\\\/\\\/autorival.ro\\\/fiat\\\/#website\",\"url\":\"https:\\\/\\\/autorival.ro\\\/fiat\\\/\",\"name\":\"FIAT\",\"description\":\"\",\"potentialAction\":[{\"@type\":\"SearchAction\",\"target\":{\"@type\":\"EntryPoint\",\"urlTemplate\":\"https:\\\/\\\/autorival.ro\\\/fiat\\\/?s={search_term_string}\"},\"query-input\":{\"@type\":\"PropertyValueSpecification\",\"valueRequired\":true,\"valueName\":\"search_term_string\"}}],\"inLanguage\":\"en-US\"}]}<\/script>\n<!-- \/ Yoast SEO plugin. -->","yoast_head_json":{"title":"Placute frana FIAT PANDA (141_) 1300 D diesel 37 cai BREMBO P 23 013 FIAT | BREMBO - Autorival","description":"\u26a1 Placute frana FIAT PANDA (141_) 1300 D diesel 37 cai BREMBO P 23 013 pentru FIAT la doar 129.19 RON. \u2713 Cod: P \u2713 Brand: BREMBO \u2713 \u00cen stoc \u2713 Livrare 24h \u2713 Garan\u021bie!","robots":{"index":"index","follow":"follow","max-snippet":"max-snippet:-1","max-image-preview":"max-image-preview:large","max-video-preview":"max-video-preview:-1"},"og_locale":"en_US","og_type":"article","og_title":"Placute frana FIAT PANDA (141_) 1300 D diesel 37 cai BREMBO P 23 013 FIAT | BREMBO - Autorival","og_description":"\u26a1 Placute frana FIAT PANDA (141_) 1300 D diesel 37 cai BREMBO P 23 013 pentru FIAT la doar 129.19 RON. \u2713 Cod: P \u2713 Brand: BREMBO \u2713 \u00cen stoc \u2713 Livrare 24h \u2713 Garan\u021bie!","og_url":"https:\/\/autorival.ro\/fiat\/product\/placute-frana-fiat-panda-141_-1300-d-diesel-37-cai-brembo-p-23-013\/","og_site_name":"FIAT","article_modified_time":"2025-05-19T08:51:25+00:00","og_image":[{"width":445,"height":397,"url":"https:\/\/autorival.ro\/fiat\/wp-content\/uploads\/sites\/9\/2025\/05\/p23013.jpg","type":"image\/jpeg"}],"twitter_card":"summary_large_image","twitter_title":"Placute frana FIAT PANDA (141_) 1300 D diesel 37 cai BREMBO P 23 013 FIAT | BREMBO - Autorival","twitter_description":"\u26a1 Placute frana FIAT PANDA (141_) 1300 D diesel 37 cai BREMBO P 23 013 pentru FIAT la doar 129.19 RON. \u2713 Cod: P \u2713 Brand: BREMBO \u2713 \u00cen stoc \u2713 Livrare 24h \u2713 Garan\u021bie!","schema":{"@context":"https:\/\/schema.org","@graph":[{"@type":"WebPage","@id":"https:\/\/autorival.ro\/fiat\/product\/placute-frana-fiat-panda-141_-1300-d-diesel-37-cai-brembo-p-23-013\/","url":"https:\/\/autorival.ro\/fiat\/product\/placute-frana-fiat-panda-141_-1300-d-diesel-37-cai-brembo-p-23-013\/","name":"Placute frana FIAT PANDA (141_) 1300 D diesel 37 cai BREMBO P 23 013 FIAT | BREMBO - Autorival","isPartOf":{"@id":"https:\/\/autorival.ro\/fiat\/#website"},"primaryImageOfPage":{"@id":"https:\/\/autorival.ro\/fiat\/product\/placute-frana-fiat-panda-141_-1300-d-diesel-37-cai-brembo-p-23-013\/#primaryimage"},"image":{"@id":"https:\/\/autorival.ro\/fiat\/product\/placute-frana-fiat-panda-141_-1300-d-diesel-37-cai-brembo-p-23-013\/#primaryimage"},"thumbnailUrl":"https:\/\/autorival.ro\/fiat\/wp-content\/uploads\/sites\/9\/2025\/05\/p23013.jpg","datePublished":"2025-05-19T08:51:24+00:00","dateModified":"2025-05-19T08:51:25+00:00","description":"\u26a1 Placute frana FIAT PANDA (141_) 1300 D diesel 37 cai BREMBO P 23 013 pentru FIAT la doar 129.19 RON. \u2713 Cod: P \u2713 Brand: BREMBO \u2713 \u00cen stoc \u2713 Livrare 24h \u2713 Garan\u021bie!","breadcrumb":{"@id":"https:\/\/autorival.ro\/fiat\/product\/placute-frana-fiat-panda-141_-1300-d-diesel-37-cai-brembo-p-23-013\/#breadcrumb"},"inLanguage":"en-US","potentialAction":[{"@type":"ReadAction","target":["https:\/\/autorival.ro\/fiat\/product\/placute-frana-fiat-panda-141_-1300-d-diesel-37-cai-brembo-p-23-013\/"]}]},{"@type":"ImageObject","inLanguage":"en-US","@id":"https:\/\/autorival.ro\/fiat\/product\/placute-frana-fiat-panda-141_-1300-d-diesel-37-cai-brembo-p-23-013\/#primaryimage","url":"https:\/\/autorival.ro\/fiat\/wp-content\/uploads\/sites\/9\/2025\/05\/p23013.jpg","contentUrl":"https:\/\/autorival.ro\/fiat\/wp-content\/uploads\/sites\/9\/2025\/05\/p23013.jpg","width":445,"height":397,"caption":"Placute frana FIAT PANDA (141_) 1000 4x4 benzina 44 cai BREMBO P 23 013"},{"@type":"BreadcrumbList","@id":"https:\/\/autorival.ro\/fiat\/product\/placute-frana-fiat-panda-141_-1300-d-diesel-37-cai-brembo-p-23-013\/#breadcrumb","itemListElement":[{"@type":"ListItem","position":1,"name":"Prima pagin\u0103","item":"https:\/\/autorival.ro\/fiat\/"},{"@type":"ListItem","position":2,"name":"Piese auto FIAT","item":"https:\/\/autorival.ro\/fiat\/"},{"@type":"ListItem","position":3,"name":"Placute frana FIAT PANDA (141_) 1300 D diesel 37 cai BREMBO P 23 013"}]},{"@type":"WebSite","@id":"https:\/\/autorival.ro\/fiat\/#website","url":"https:\/\/autorival.ro\/fiat\/","name":"FIAT","description":"","potentialAction":[{"@type":"SearchAction","target":{"@type":"EntryPoint","urlTemplate":"https:\/\/autorival.ro\/fiat\/?s={search_term_string}"},"query-input":{"@type":"PropertyValueSpecification","valueRequired":true,"valueName":"search_term_string"}}],"inLanguage":"en-US"}]}},"_links":{"self":[{"href":"https:\/\/autorival.ro\/fiat\/wp-json\/wp\/v2\/product\/275181","targetHints":{"allow":["GET"]}}],"collection":[{"href":"https:\/\/autorival.ro\/fiat\/wp-json\/wp\/v2\/product"}],"about":[{"href":"https:\/\/autorival.ro\/fiat\/wp-json\/wp\/v2\/types\/product"}],"replies":[{"embeddable":true,"href":"https:\/\/autorival.ro\/fiat\/wp-json\/wp\/v2\/comments?post=275181"}],"wp:featuredmedia":[{"embeddable":true,"href":"https:\/\/autorival.ro\/fiat\/wp-json\/wp\/v2\/media\/274878"}],"wp:attachment":[{"href":"https:\/\/autorival.ro\/fiat\/wp-json\/wp\/v2\/media?parent=275181"}],"wp:term":[{"taxonomy":"product_brand","embeddable":true,"href":"https:\/\/autorival.ro\/fiat\/wp-json\/wp\/v2\/product_brand?post=275181"},{"taxonomy":"product_cat","embeddable":true,"href":"https:\/\/autorival.ro\/fiat\/wp-json\/wp\/v2\/product_cat?post=275181"},{"taxonomy":"product_tag","embeddable":true,"href":"https:\/\/autorival.ro\/fiat\/wp-json\/wp\/v2\/product_tag?post=275181"}],"curies":[{"name":"wp","href":"https:\/\/api.w.org\/{rel}","templated":true}]}}