{"id":275089,"date":"2025-05-19T08:50:05","date_gmt":"2025-05-19T08:50:05","guid":{"rendered":"https:\/\/autorival.ro\/fiat\/product\/placute-frana-fiat-panda-141_-1100-4x4-benzina-54-cai-textar-2095006\/"},"modified":"2025-05-19T08:50:05","modified_gmt":"2025-05-19T08:50:05","slug":"placute-frana-fiat-panda-141_-1100-4x4-benzina-54-cai-textar-2095006","status":"publish","type":"product","link":"https:\/\/autorival.ro\/fiat\/product\/placute-frana-fiat-panda-141_-1100-4x4-benzina-54-cai-textar-2095006\/","title":{"rendered":"Placute frana FIAT PANDA (141_) 1100 4&#215;4 benzina 54 cai TEXTAR 2095006"},"content":{"rendered":"<p>Partea de montare: punte fata ->Latime [mm]: 109\u00cenaltime [mm]: 47,4 ->Grosime [mm]: 18Contact indicator uzura: cu contact integrat avertizare uzuraNum\u0103rul indicatorilor de uzur\u0103 [per ax\u0103]: 2Numar WVA: 20950Sistem de fr\u00e2nare: BendixNr. articol al accesoriului recomandat: 82027000 ->Lungime ambalaj [cm]: 12,5 ->Latime ambalaj [cm]: 8,1 ->Inaltime ambalaj [cm]: 8<\/p>\n","protected":false},"excerpt":{"rendered":"<p>Producator: TEXTAR Cod producator: 2095006<\/p>\n","protected":false},"featured_media":274918,"comment_status":"open","ping_status":"closed","template":"","meta":[],"product_brand":[5273],"product_cat":[22517],"product_tag":[38404,38291,38328,38323,39367,38710],"class_list":{"0":"post-275089","1":"product","2":"type-product","3":"status-publish","4":"has-post-thumbnail","6":"product_brand-textar","7":"product_cat-placute-frana-141_-1100-4x4-benzina-54","8":"product_tag-141_","9":"product_tag-fiat","10":"product_tag-frana","11":"product_tag-panda","12":"product_tag-placute","13":"product_tag-textar","15":"first","16":"instock","17":"shipping-taxable","18":"purchasable","19":"product-type-simple"},"yoast_head":"<!-- This site is optimized with the Yoast SEO plugin v27.3 - https:\/\/yoast.com\/product\/yoast-seo-wordpress\/ -->\n<title>Placute frana FIAT PANDA (141_) 1100 4&#215;4 benzina 54 cai TEXTAR 2095006 FIAT | TEXTAR - Autorival<\/title>\n<meta name=\"description\" content=\"\u26a1 Placute frana FIAT PANDA (141_) 1100 4&#215;4 benzina 54 cai TEXTAR 2095006 pentru FIAT la doar 136.66 RON. \u2713 Cod: 2095006 \u2713 Brand: TEXTAR \u2713 \u00cen stoc \u2713 Livrare 24h \u2713 Garan\u021bie!\" \/>\n<meta name=\"robots\" content=\"index, follow, max-snippet:-1, max-image-preview:large, max-video-preview:-1\" \/>\n<meta property=\"og:locale\" content=\"en_US\" \/>\n<meta property=\"og:type\" content=\"article\" \/>\n<meta property=\"og:title\" content=\"Placute frana FIAT PANDA (141_) 1100 4&#215;4 benzina 54 cai TEXTAR 2095006 FIAT | TEXTAR - Autorival\" \/>\n<meta property=\"og:description\" content=\"\u26a1 Placute frana FIAT PANDA (141_) 1100 4&#215;4 benzina 54 cai TEXTAR 2095006 pentru FIAT la doar 136.66 RON. \u2713 Cod: 2095006 \u2713 Brand: TEXTAR \u2713 \u00cen stoc \u2713 Livrare 24h \u2713 Garan\u021bie!\" \/>\n<meta property=\"og:url\" content=\"https:\/\/autorival.ro\/fiat\/product\/placute-frana-fiat-panda-141_-1100-4x4-benzina-54-cai-textar-2095006\/\" \/>\n<meta property=\"og:site_name\" content=\"FIAT\" \/>\n<meta property=\"og:image\" content=\"https:\/\/autorival.ro\/fiat\/wp-content\/uploads\/sites\/9\/2025\/05\/20950_180__0_5_tex.jpg\" \/>\n\t<meta property=\"og:image:width\" content=\"600\" \/>\n\t<meta property=\"og:image:height\" content=\"400\" \/>\n\t<meta property=\"og:image:type\" content=\"image\/jpeg\" \/>\n<meta name=\"twitter:card\" content=\"summary_large_image\" \/>\n<meta name=\"twitter:title\" content=\"Placute frana FIAT PANDA (141_) 1100 4&#215;4 benzina 54 cai TEXTAR 2095006 FIAT | TEXTAR - Autorival\" \/>\n<meta name=\"twitter:description\" content=\"\u26a1 Placute frana FIAT PANDA (141_) 1100 4&#215;4 benzina 54 cai TEXTAR 2095006 pentru FIAT la doar 136.66 RON. \u2713 Cod: 2095006 \u2713 Brand: TEXTAR \u2713 \u00cen stoc \u2713 Livrare 24h \u2713 Garan\u021bie!\" \/>\n<script type=\"application\/ld+json\" class=\"yoast-schema-graph\">{\"@context\":\"https:\\\/\\\/schema.org\",\"@graph\":[{\"@type\":\"WebPage\",\"@id\":\"https:\\\/\\\/autorival.ro\\\/fiat\\\/product\\\/placute-frana-fiat-panda-141_-1100-4x4-benzina-54-cai-textar-2095006\\\/\",\"url\":\"https:\\\/\\\/autorival.ro\\\/fiat\\\/product\\\/placute-frana-fiat-panda-141_-1100-4x4-benzina-54-cai-textar-2095006\\\/\",\"name\":\"Placute frana FIAT PANDA (141_) 1100 4&#215;4 benzina 54 cai TEXTAR 2095006 FIAT | TEXTAR - Autorival\",\"isPartOf\":{\"@id\":\"https:\\\/\\\/autorival.ro\\\/fiat\\\/#website\"},\"primaryImageOfPage\":{\"@id\":\"https:\\\/\\\/autorival.ro\\\/fiat\\\/product\\\/placute-frana-fiat-panda-141_-1100-4x4-benzina-54-cai-textar-2095006\\\/#primaryimage\"},\"image\":{\"@id\":\"https:\\\/\\\/autorival.ro\\\/fiat\\\/product\\\/placute-frana-fiat-panda-141_-1100-4x4-benzina-54-cai-textar-2095006\\\/#primaryimage\"},\"thumbnailUrl\":\"https:\\\/\\\/autorival.ro\\\/fiat\\\/wp-content\\\/uploads\\\/sites\\\/9\\\/2025\\\/05\\\/20950_180__0_5_tex.jpg\",\"datePublished\":\"2025-05-19T08:50:05+00:00\",\"description\":\"\u26a1 Placute frana FIAT PANDA (141_) 1100 4&#215;4 benzina 54 cai TEXTAR 2095006 pentru FIAT la doar 136.66 RON. \u2713 Cod: 2095006 \u2713 Brand: TEXTAR \u2713 \u00cen stoc \u2713 Livrare 24h \u2713 Garan\u021bie!\",\"breadcrumb\":{\"@id\":\"https:\\\/\\\/autorival.ro\\\/fiat\\\/product\\\/placute-frana-fiat-panda-141_-1100-4x4-benzina-54-cai-textar-2095006\\\/#breadcrumb\"},\"inLanguage\":\"en-US\",\"potentialAction\":[{\"@type\":\"ReadAction\",\"target\":[\"https:\\\/\\\/autorival.ro\\\/fiat\\\/product\\\/placute-frana-fiat-panda-141_-1100-4x4-benzina-54-cai-textar-2095006\\\/\"]}]},{\"@type\":\"ImageObject\",\"inLanguage\":\"en-US\",\"@id\":\"https:\\\/\\\/autorival.ro\\\/fiat\\\/product\\\/placute-frana-fiat-panda-141_-1100-4x4-benzina-54-cai-textar-2095006\\\/#primaryimage\",\"url\":\"https:\\\/\\\/autorival.ro\\\/fiat\\\/wp-content\\\/uploads\\\/sites\\\/9\\\/2025\\\/05\\\/20950_180__0_5_tex.jpg\",\"contentUrl\":\"https:\\\/\\\/autorival.ro\\\/fiat\\\/wp-content\\\/uploads\\\/sites\\\/9\\\/2025\\\/05\\\/20950_180__0_5_tex.jpg\",\"width\":600,\"height\":400,\"caption\":\"Placute frana FIAT PANDA (141_) 1000 4x4 benzina 44 cai TEXTAR 2095006\"},{\"@type\":\"BreadcrumbList\",\"@id\":\"https:\\\/\\\/autorival.ro\\\/fiat\\\/product\\\/placute-frana-fiat-panda-141_-1100-4x4-benzina-54-cai-textar-2095006\\\/#breadcrumb\",\"itemListElement\":[{\"@type\":\"ListItem\",\"position\":1,\"name\":\"Prima pagin\u0103\",\"item\":\"https:\\\/\\\/autorival.ro\\\/fiat\\\/\"},{\"@type\":\"ListItem\",\"position\":2,\"name\":\"Piese auto FIAT\",\"item\":\"https:\\\/\\\/autorival.ro\\\/fiat\\\/\"},{\"@type\":\"ListItem\",\"position\":3,\"name\":\"Placute frana FIAT PANDA (141_) 1100 4&#215;4 benzina 54 cai TEXTAR 2095006\"}]},{\"@type\":\"WebSite\",\"@id\":\"https:\\\/\\\/autorival.ro\\\/fiat\\\/#website\",\"url\":\"https:\\\/\\\/autorival.ro\\\/fiat\\\/\",\"name\":\"FIAT\",\"description\":\"\",\"potentialAction\":[{\"@type\":\"SearchAction\",\"target\":{\"@type\":\"EntryPoint\",\"urlTemplate\":\"https:\\\/\\\/autorival.ro\\\/fiat\\\/?s={search_term_string}\"},\"query-input\":{\"@type\":\"PropertyValueSpecification\",\"valueRequired\":true,\"valueName\":\"search_term_string\"}}],\"inLanguage\":\"en-US\"}]}<\/script>\n<!-- \/ Yoast SEO plugin. -->","yoast_head_json":{"title":"Placute frana FIAT PANDA (141_) 1100 4&#215;4 benzina 54 cai TEXTAR 2095006 FIAT | TEXTAR - Autorival","description":"\u26a1 Placute frana FIAT PANDA (141_) 1100 4&#215;4 benzina 54 cai TEXTAR 2095006 pentru FIAT la doar 136.66 RON. \u2713 Cod: 2095006 \u2713 Brand: TEXTAR \u2713 \u00cen stoc \u2713 Livrare 24h \u2713 Garan\u021bie!","robots":{"index":"index","follow":"follow","max-snippet":"max-snippet:-1","max-image-preview":"max-image-preview:large","max-video-preview":"max-video-preview:-1"},"og_locale":"en_US","og_type":"article","og_title":"Placute frana FIAT PANDA (141_) 1100 4&#215;4 benzina 54 cai TEXTAR 2095006 FIAT | TEXTAR - Autorival","og_description":"\u26a1 Placute frana FIAT PANDA (141_) 1100 4&#215;4 benzina 54 cai TEXTAR 2095006 pentru FIAT la doar 136.66 RON. \u2713 Cod: 2095006 \u2713 Brand: TEXTAR \u2713 \u00cen stoc \u2713 Livrare 24h \u2713 Garan\u021bie!","og_url":"https:\/\/autorival.ro\/fiat\/product\/placute-frana-fiat-panda-141_-1100-4x4-benzina-54-cai-textar-2095006\/","og_site_name":"FIAT","og_image":[{"width":600,"height":400,"url":"https:\/\/autorival.ro\/fiat\/wp-content\/uploads\/sites\/9\/2025\/05\/20950_180__0_5_tex.jpg","type":"image\/jpeg"}],"twitter_card":"summary_large_image","twitter_title":"Placute frana FIAT PANDA (141_) 1100 4&#215;4 benzina 54 cai TEXTAR 2095006 FIAT | TEXTAR - Autorival","twitter_description":"\u26a1 Placute frana FIAT PANDA (141_) 1100 4&#215;4 benzina 54 cai TEXTAR 2095006 pentru FIAT la doar 136.66 RON. \u2713 Cod: 2095006 \u2713 Brand: TEXTAR \u2713 \u00cen stoc \u2713 Livrare 24h \u2713 Garan\u021bie!","schema":{"@context":"https:\/\/schema.org","@graph":[{"@type":"WebPage","@id":"https:\/\/autorival.ro\/fiat\/product\/placute-frana-fiat-panda-141_-1100-4x4-benzina-54-cai-textar-2095006\/","url":"https:\/\/autorival.ro\/fiat\/product\/placute-frana-fiat-panda-141_-1100-4x4-benzina-54-cai-textar-2095006\/","name":"Placute frana FIAT PANDA (141_) 1100 4&#215;4 benzina 54 cai TEXTAR 2095006 FIAT | TEXTAR - Autorival","isPartOf":{"@id":"https:\/\/autorival.ro\/fiat\/#website"},"primaryImageOfPage":{"@id":"https:\/\/autorival.ro\/fiat\/product\/placute-frana-fiat-panda-141_-1100-4x4-benzina-54-cai-textar-2095006\/#primaryimage"},"image":{"@id":"https:\/\/autorival.ro\/fiat\/product\/placute-frana-fiat-panda-141_-1100-4x4-benzina-54-cai-textar-2095006\/#primaryimage"},"thumbnailUrl":"https:\/\/autorival.ro\/fiat\/wp-content\/uploads\/sites\/9\/2025\/05\/20950_180__0_5_tex.jpg","datePublished":"2025-05-19T08:50:05+00:00","description":"\u26a1 Placute frana FIAT PANDA (141_) 1100 4&#215;4 benzina 54 cai TEXTAR 2095006 pentru FIAT la doar 136.66 RON. \u2713 Cod: 2095006 \u2713 Brand: TEXTAR \u2713 \u00cen stoc \u2713 Livrare 24h \u2713 Garan\u021bie!","breadcrumb":{"@id":"https:\/\/autorival.ro\/fiat\/product\/placute-frana-fiat-panda-141_-1100-4x4-benzina-54-cai-textar-2095006\/#breadcrumb"},"inLanguage":"en-US","potentialAction":[{"@type":"ReadAction","target":["https:\/\/autorival.ro\/fiat\/product\/placute-frana-fiat-panda-141_-1100-4x4-benzina-54-cai-textar-2095006\/"]}]},{"@type":"ImageObject","inLanguage":"en-US","@id":"https:\/\/autorival.ro\/fiat\/product\/placute-frana-fiat-panda-141_-1100-4x4-benzina-54-cai-textar-2095006\/#primaryimage","url":"https:\/\/autorival.ro\/fiat\/wp-content\/uploads\/sites\/9\/2025\/05\/20950_180__0_5_tex.jpg","contentUrl":"https:\/\/autorival.ro\/fiat\/wp-content\/uploads\/sites\/9\/2025\/05\/20950_180__0_5_tex.jpg","width":600,"height":400,"caption":"Placute frana FIAT PANDA (141_) 1000 4x4 benzina 44 cai TEXTAR 2095006"},{"@type":"BreadcrumbList","@id":"https:\/\/autorival.ro\/fiat\/product\/placute-frana-fiat-panda-141_-1100-4x4-benzina-54-cai-textar-2095006\/#breadcrumb","itemListElement":[{"@type":"ListItem","position":1,"name":"Prima pagin\u0103","item":"https:\/\/autorival.ro\/fiat\/"},{"@type":"ListItem","position":2,"name":"Piese auto FIAT","item":"https:\/\/autorival.ro\/fiat\/"},{"@type":"ListItem","position":3,"name":"Placute frana FIAT PANDA (141_) 1100 4&#215;4 benzina 54 cai TEXTAR 2095006"}]},{"@type":"WebSite","@id":"https:\/\/autorival.ro\/fiat\/#website","url":"https:\/\/autorival.ro\/fiat\/","name":"FIAT","description":"","potentialAction":[{"@type":"SearchAction","target":{"@type":"EntryPoint","urlTemplate":"https:\/\/autorival.ro\/fiat\/?s={search_term_string}"},"query-input":{"@type":"PropertyValueSpecification","valueRequired":true,"valueName":"search_term_string"}}],"inLanguage":"en-US"}]}},"_links":{"self":[{"href":"https:\/\/autorival.ro\/fiat\/wp-json\/wp\/v2\/product\/275089","targetHints":{"allow":["GET"]}}],"collection":[{"href":"https:\/\/autorival.ro\/fiat\/wp-json\/wp\/v2\/product"}],"about":[{"href":"https:\/\/autorival.ro\/fiat\/wp-json\/wp\/v2\/types\/product"}],"replies":[{"embeddable":true,"href":"https:\/\/autorival.ro\/fiat\/wp-json\/wp\/v2\/comments?post=275089"}],"wp:featuredmedia":[{"embeddable":true,"href":"https:\/\/autorival.ro\/fiat\/wp-json\/wp\/v2\/media\/274918"}],"wp:attachment":[{"href":"https:\/\/autorival.ro\/fiat\/wp-json\/wp\/v2\/media?parent=275089"}],"wp:term":[{"taxonomy":"product_brand","embeddable":true,"href":"https:\/\/autorival.ro\/fiat\/wp-json\/wp\/v2\/product_brand?post=275089"},{"taxonomy":"product_cat","embeddable":true,"href":"https:\/\/autorival.ro\/fiat\/wp-json\/wp\/v2\/product_cat?post=275089"},{"taxonomy":"product_tag","embeddable":true,"href":"https:\/\/autorival.ro\/fiat\/wp-json\/wp\/v2\/product_tag?post=275089"}],"curies":[{"name":"wp","href":"https:\/\/api.w.org\/{rel}","templated":true}]}}