{"id":274266,"date":"2025-05-19T08:42:31","date_gmt":"2025-05-19T08:42:31","guid":{"rendered":"https:\/\/autorival.ro\/fiat\/product\/placute-frana-fiat-freemont-345_-2-0-jtd-4x4-diesel-163-cai-textar-2460402\/"},"modified":"2025-05-19T08:42:31","modified_gmt":"2025-05-19T08:42:31","slug":"placute-frana-fiat-freemont-345_-2-0-jtd-4x4-diesel-163-cai-textar-2460402","status":"publish","type":"product","link":"https:\/\/autorival.ro\/fiat\/product\/placute-frana-fiat-freemont-345_-2-0-jtd-4x4-diesel-163-cai-textar-2460402\/","title":{"rendered":"Placute frana FIAT FREEMONT (345_) 2.0 JTD 4&#215;4 diesel 163 cai TEXTAR 2460402"},"content":{"rendered":"<p>Partea de montare: punte fataCod de echipare: BRFSasiu: pentru vehicule cu suspensie ranforsata ->Latime [mm]: 146,8\u00cenaltime [mm]: 63,4 ->Grosime [mm]: 17,5Contact indicator uzura: cu avertizare acustica uzuraNum\u0103rul indicatorilor de uzur\u0103 [per ax\u0103]: 2Articol extins\/Informatii de extindere: cu acceasoriiNumar WVA: 24604Sistem de fr\u00e2nare: Bosch ->Lungime ambalaj [cm]: 15,2 ->Latime ambalaj [cm]: 8,8 ->Inaltime ambalaj [cm]: 8,4 ->Greutate [kg]: 2<\/p>\n","protected":false},"excerpt":{"rendered":"<p>Producator: TEXTAR Cod producator: 2460402<\/p>\n","protected":false},"featured_media":274265,"comment_status":"open","ping_status":"closed","template":"","meta":[],"product_brand":[5273],"product_cat":[22502],"product_tag":[38291,38328,38399,38321,39367,38710],"class_list":{"0":"post-274266","1":"product","2":"type-product","3":"status-publish","4":"has-post-thumbnail","6":"product_brand-textar","7":"product_cat-placute-frana-345_-2-0-jtd-4x4-diesel-163","8":"product_tag-fiat","9":"product_tag-frana","10":"product_tag-freemont","11":"product_tag-jtd","12":"product_tag-placute","13":"product_tag-textar","15":"first","16":"instock","17":"shipping-taxable","18":"purchasable","19":"product-type-simple"},"yoast_head":"<!-- This site is optimized with the Yoast SEO plugin v27.3 - https:\/\/yoast.com\/product\/yoast-seo-wordpress\/ -->\n<title>Placute frana FIAT FREEMONT (345_) 2.0 JTD 4&#215;4 diesel 163 cai TEXTAR 2460402 FIAT | TEXTAR - Autorival<\/title>\n<meta name=\"description\" content=\"\u26a1 Placute frana FIAT FREEMONT (345_) 2.0 JTD 4&#215;4 diesel 163 cai TEXTAR 2460402 pentru FIAT la doar 325.63 RON. \u2713 Cod: 2460402 \u2713 Brand: TEXTAR \u2713 \u00cen stoc \u2713 Livrare 24h \u2713 Garan\u021bie!\" \/>\n<meta name=\"robots\" content=\"index, follow, max-snippet:-1, max-image-preview:large, max-video-preview:-1\" \/>\n<meta property=\"og:locale\" content=\"en_US\" \/>\n<meta property=\"og:type\" content=\"article\" \/>\n<meta property=\"og:title\" content=\"Placute frana FIAT FREEMONT (345_) 2.0 JTD 4&#215;4 diesel 163 cai TEXTAR 2460402 FIAT | TEXTAR - Autorival\" \/>\n<meta property=\"og:description\" content=\"\u26a1 Placute frana FIAT FREEMONT (345_) 2.0 JTD 4&#215;4 diesel 163 cai TEXTAR 2460402 pentru FIAT la doar 325.63 RON. \u2713 Cod: 2460402 \u2713 Brand: TEXTAR \u2713 \u00cen stoc \u2713 Livrare 24h \u2713 Garan\u021bie!\" \/>\n<meta property=\"og:url\" content=\"https:\/\/autorival.ro\/fiat\/product\/placute-frana-fiat-freemont-345_-2-0-jtd-4x4-diesel-163-cai-textar-2460402\/\" \/>\n<meta property=\"og:site_name\" content=\"FIAT\" \/>\n<meta property=\"og:image\" content=\"https:\/\/autorival.ro\/fiat\/wp-content\/uploads\/sites\/9\/2025\/05\/24604_175__1_5_tex.jpg\" \/>\n\t<meta property=\"og:image:width\" content=\"600\" \/>\n\t<meta property=\"og:image:height\" content=\"400\" \/>\n\t<meta property=\"og:image:type\" content=\"image\/jpeg\" \/>\n<meta name=\"twitter:card\" content=\"summary_large_image\" \/>\n<meta name=\"twitter:title\" content=\"Placute frana FIAT FREEMONT (345_) 2.0 JTD 4&#215;4 diesel 163 cai TEXTAR 2460402 FIAT | TEXTAR - Autorival\" \/>\n<meta name=\"twitter:description\" content=\"\u26a1 Placute frana FIAT FREEMONT (345_) 2.0 JTD 4&#215;4 diesel 163 cai TEXTAR 2460402 pentru FIAT la doar 325.63 RON. \u2713 Cod: 2460402 \u2713 Brand: TEXTAR \u2713 \u00cen stoc \u2713 Livrare 24h \u2713 Garan\u021bie!\" \/>\n<script type=\"application\/ld+json\" class=\"yoast-schema-graph\">{\"@context\":\"https:\\\/\\\/schema.org\",\"@graph\":[{\"@type\":\"WebPage\",\"@id\":\"https:\\\/\\\/autorival.ro\\\/fiat\\\/product\\\/placute-frana-fiat-freemont-345_-2-0-jtd-4x4-diesel-163-cai-textar-2460402\\\/\",\"url\":\"https:\\\/\\\/autorival.ro\\\/fiat\\\/product\\\/placute-frana-fiat-freemont-345_-2-0-jtd-4x4-diesel-163-cai-textar-2460402\\\/\",\"name\":\"Placute frana FIAT FREEMONT (345_) 2.0 JTD 4&#215;4 diesel 163 cai TEXTAR 2460402 FIAT | TEXTAR - Autorival\",\"isPartOf\":{\"@id\":\"https:\\\/\\\/autorival.ro\\\/fiat\\\/#website\"},\"primaryImageOfPage\":{\"@id\":\"https:\\\/\\\/autorival.ro\\\/fiat\\\/product\\\/placute-frana-fiat-freemont-345_-2-0-jtd-4x4-diesel-163-cai-textar-2460402\\\/#primaryimage\"},\"image\":{\"@id\":\"https:\\\/\\\/autorival.ro\\\/fiat\\\/product\\\/placute-frana-fiat-freemont-345_-2-0-jtd-4x4-diesel-163-cai-textar-2460402\\\/#primaryimage\"},\"thumbnailUrl\":\"https:\\\/\\\/autorival.ro\\\/fiat\\\/wp-content\\\/uploads\\\/sites\\\/9\\\/2025\\\/05\\\/24604_175__1_5_tex.jpg\",\"datePublished\":\"2025-05-19T08:42:31+00:00\",\"description\":\"\u26a1 Placute frana FIAT FREEMONT (345_) 2.0 JTD 4&#215;4 diesel 163 cai TEXTAR 2460402 pentru FIAT la doar 325.63 RON. \u2713 Cod: 2460402 \u2713 Brand: TEXTAR \u2713 \u00cen stoc \u2713 Livrare 24h \u2713 Garan\u021bie!\",\"breadcrumb\":{\"@id\":\"https:\\\/\\\/autorival.ro\\\/fiat\\\/product\\\/placute-frana-fiat-freemont-345_-2-0-jtd-4x4-diesel-163-cai-textar-2460402\\\/#breadcrumb\"},\"inLanguage\":\"en-US\",\"potentialAction\":[{\"@type\":\"ReadAction\",\"target\":[\"https:\\\/\\\/autorival.ro\\\/fiat\\\/product\\\/placute-frana-fiat-freemont-345_-2-0-jtd-4x4-diesel-163-cai-textar-2460402\\\/\"]}]},{\"@type\":\"ImageObject\",\"inLanguage\":\"en-US\",\"@id\":\"https:\\\/\\\/autorival.ro\\\/fiat\\\/product\\\/placute-frana-fiat-freemont-345_-2-0-jtd-4x4-diesel-163-cai-textar-2460402\\\/#primaryimage\",\"url\":\"https:\\\/\\\/autorival.ro\\\/fiat\\\/wp-content\\\/uploads\\\/sites\\\/9\\\/2025\\\/05\\\/24604_175__1_5_tex.jpg\",\"contentUrl\":\"https:\\\/\\\/autorival.ro\\\/fiat\\\/wp-content\\\/uploads\\\/sites\\\/9\\\/2025\\\/05\\\/24604_175__1_5_tex.jpg\",\"width\":600,\"height\":400,\"caption\":\"Placute frana FIAT FREEMONT (345_) 2.0 JTD 4x4 diesel 163 cai TEXTAR 2460402\"},{\"@type\":\"BreadcrumbList\",\"@id\":\"https:\\\/\\\/autorival.ro\\\/fiat\\\/product\\\/placute-frana-fiat-freemont-345_-2-0-jtd-4x4-diesel-163-cai-textar-2460402\\\/#breadcrumb\",\"itemListElement\":[{\"@type\":\"ListItem\",\"position\":1,\"name\":\"Prima pagin\u0103\",\"item\":\"https:\\\/\\\/autorival.ro\\\/fiat\\\/\"},{\"@type\":\"ListItem\",\"position\":2,\"name\":\"Piese auto FIAT\",\"item\":\"https:\\\/\\\/autorival.ro\\\/fiat\\\/\"},{\"@type\":\"ListItem\",\"position\":3,\"name\":\"Placute frana FIAT FREEMONT (345_) 2.0 JTD 4&#215;4 diesel 163 cai TEXTAR 2460402\"}]},{\"@type\":\"WebSite\",\"@id\":\"https:\\\/\\\/autorival.ro\\\/fiat\\\/#website\",\"url\":\"https:\\\/\\\/autorival.ro\\\/fiat\\\/\",\"name\":\"FIAT\",\"description\":\"\",\"potentialAction\":[{\"@type\":\"SearchAction\",\"target\":{\"@type\":\"EntryPoint\",\"urlTemplate\":\"https:\\\/\\\/autorival.ro\\\/fiat\\\/?s={search_term_string}\"},\"query-input\":{\"@type\":\"PropertyValueSpecification\",\"valueRequired\":true,\"valueName\":\"search_term_string\"}}],\"inLanguage\":\"en-US\"}]}<\/script>\n<!-- \/ Yoast SEO plugin. -->","yoast_head_json":{"title":"Placute frana FIAT FREEMONT (345_) 2.0 JTD 4&#215;4 diesel 163 cai TEXTAR 2460402 FIAT | TEXTAR - Autorival","description":"\u26a1 Placute frana FIAT FREEMONT (345_) 2.0 JTD 4&#215;4 diesel 163 cai TEXTAR 2460402 pentru FIAT la doar 325.63 RON. \u2713 Cod: 2460402 \u2713 Brand: TEXTAR \u2713 \u00cen stoc \u2713 Livrare 24h \u2713 Garan\u021bie!","robots":{"index":"index","follow":"follow","max-snippet":"max-snippet:-1","max-image-preview":"max-image-preview:large","max-video-preview":"max-video-preview:-1"},"og_locale":"en_US","og_type":"article","og_title":"Placute frana FIAT FREEMONT (345_) 2.0 JTD 4&#215;4 diesel 163 cai TEXTAR 2460402 FIAT | TEXTAR - Autorival","og_description":"\u26a1 Placute frana FIAT FREEMONT (345_) 2.0 JTD 4&#215;4 diesel 163 cai TEXTAR 2460402 pentru FIAT la doar 325.63 RON. \u2713 Cod: 2460402 \u2713 Brand: TEXTAR \u2713 \u00cen stoc \u2713 Livrare 24h \u2713 Garan\u021bie!","og_url":"https:\/\/autorival.ro\/fiat\/product\/placute-frana-fiat-freemont-345_-2-0-jtd-4x4-diesel-163-cai-textar-2460402\/","og_site_name":"FIAT","og_image":[{"width":600,"height":400,"url":"https:\/\/autorival.ro\/fiat\/wp-content\/uploads\/sites\/9\/2025\/05\/24604_175__1_5_tex.jpg","type":"image\/jpeg"}],"twitter_card":"summary_large_image","twitter_title":"Placute frana FIAT FREEMONT (345_) 2.0 JTD 4&#215;4 diesel 163 cai TEXTAR 2460402 FIAT | TEXTAR - Autorival","twitter_description":"\u26a1 Placute frana FIAT FREEMONT (345_) 2.0 JTD 4&#215;4 diesel 163 cai TEXTAR 2460402 pentru FIAT la doar 325.63 RON. \u2713 Cod: 2460402 \u2713 Brand: TEXTAR \u2713 \u00cen stoc \u2713 Livrare 24h \u2713 Garan\u021bie!","schema":{"@context":"https:\/\/schema.org","@graph":[{"@type":"WebPage","@id":"https:\/\/autorival.ro\/fiat\/product\/placute-frana-fiat-freemont-345_-2-0-jtd-4x4-diesel-163-cai-textar-2460402\/","url":"https:\/\/autorival.ro\/fiat\/product\/placute-frana-fiat-freemont-345_-2-0-jtd-4x4-diesel-163-cai-textar-2460402\/","name":"Placute frana FIAT FREEMONT (345_) 2.0 JTD 4&#215;4 diesel 163 cai TEXTAR 2460402 FIAT | TEXTAR - Autorival","isPartOf":{"@id":"https:\/\/autorival.ro\/fiat\/#website"},"primaryImageOfPage":{"@id":"https:\/\/autorival.ro\/fiat\/product\/placute-frana-fiat-freemont-345_-2-0-jtd-4x4-diesel-163-cai-textar-2460402\/#primaryimage"},"image":{"@id":"https:\/\/autorival.ro\/fiat\/product\/placute-frana-fiat-freemont-345_-2-0-jtd-4x4-diesel-163-cai-textar-2460402\/#primaryimage"},"thumbnailUrl":"https:\/\/autorival.ro\/fiat\/wp-content\/uploads\/sites\/9\/2025\/05\/24604_175__1_5_tex.jpg","datePublished":"2025-05-19T08:42:31+00:00","description":"\u26a1 Placute frana FIAT FREEMONT (345_) 2.0 JTD 4&#215;4 diesel 163 cai TEXTAR 2460402 pentru FIAT la doar 325.63 RON. \u2713 Cod: 2460402 \u2713 Brand: TEXTAR \u2713 \u00cen stoc \u2713 Livrare 24h \u2713 Garan\u021bie!","breadcrumb":{"@id":"https:\/\/autorival.ro\/fiat\/product\/placute-frana-fiat-freemont-345_-2-0-jtd-4x4-diesel-163-cai-textar-2460402\/#breadcrumb"},"inLanguage":"en-US","potentialAction":[{"@type":"ReadAction","target":["https:\/\/autorival.ro\/fiat\/product\/placute-frana-fiat-freemont-345_-2-0-jtd-4x4-diesel-163-cai-textar-2460402\/"]}]},{"@type":"ImageObject","inLanguage":"en-US","@id":"https:\/\/autorival.ro\/fiat\/product\/placute-frana-fiat-freemont-345_-2-0-jtd-4x4-diesel-163-cai-textar-2460402\/#primaryimage","url":"https:\/\/autorival.ro\/fiat\/wp-content\/uploads\/sites\/9\/2025\/05\/24604_175__1_5_tex.jpg","contentUrl":"https:\/\/autorival.ro\/fiat\/wp-content\/uploads\/sites\/9\/2025\/05\/24604_175__1_5_tex.jpg","width":600,"height":400,"caption":"Placute frana FIAT FREEMONT (345_) 2.0 JTD 4x4 diesel 163 cai TEXTAR 2460402"},{"@type":"BreadcrumbList","@id":"https:\/\/autorival.ro\/fiat\/product\/placute-frana-fiat-freemont-345_-2-0-jtd-4x4-diesel-163-cai-textar-2460402\/#breadcrumb","itemListElement":[{"@type":"ListItem","position":1,"name":"Prima pagin\u0103","item":"https:\/\/autorival.ro\/fiat\/"},{"@type":"ListItem","position":2,"name":"Piese auto FIAT","item":"https:\/\/autorival.ro\/fiat\/"},{"@type":"ListItem","position":3,"name":"Placute frana FIAT FREEMONT (345_) 2.0 JTD 4&#215;4 diesel 163 cai TEXTAR 2460402"}]},{"@type":"WebSite","@id":"https:\/\/autorival.ro\/fiat\/#website","url":"https:\/\/autorival.ro\/fiat\/","name":"FIAT","description":"","potentialAction":[{"@type":"SearchAction","target":{"@type":"EntryPoint","urlTemplate":"https:\/\/autorival.ro\/fiat\/?s={search_term_string}"},"query-input":{"@type":"PropertyValueSpecification","valueRequired":true,"valueName":"search_term_string"}}],"inLanguage":"en-US"}]}},"_links":{"self":[{"href":"https:\/\/autorival.ro\/fiat\/wp-json\/wp\/v2\/product\/274266","targetHints":{"allow":["GET"]}}],"collection":[{"href":"https:\/\/autorival.ro\/fiat\/wp-json\/wp\/v2\/product"}],"about":[{"href":"https:\/\/autorival.ro\/fiat\/wp-json\/wp\/v2\/types\/product"}],"replies":[{"embeddable":true,"href":"https:\/\/autorival.ro\/fiat\/wp-json\/wp\/v2\/comments?post=274266"}],"wp:featuredmedia":[{"embeddable":true,"href":"https:\/\/autorival.ro\/fiat\/wp-json\/wp\/v2\/media\/274265"}],"wp:attachment":[{"href":"https:\/\/autorival.ro\/fiat\/wp-json\/wp\/v2\/media?parent=274266"}],"wp:term":[{"taxonomy":"product_brand","embeddable":true,"href":"https:\/\/autorival.ro\/fiat\/wp-json\/wp\/v2\/product_brand?post=274266"},{"taxonomy":"product_cat","embeddable":true,"href":"https:\/\/autorival.ro\/fiat\/wp-json\/wp\/v2\/product_cat?post=274266"},{"taxonomy":"product_tag","embeddable":true,"href":"https:\/\/autorival.ro\/fiat\/wp-json\/wp\/v2\/product_tag?post=274266"}],"curies":[{"name":"wp","href":"https:\/\/api.w.org\/{rel}","templated":true}]}}