{"id":270945,"date":"2025-05-19T08:14:01","date_gmt":"2025-05-19T08:14:01","guid":{"rendered":"https:\/\/autorival.ro\/fiat\/product\/placute-frana-fiat-500x-334_-1-3-d-multijet-334axh1a-diesel-95-cai-textar-2230401\/"},"modified":"2025-05-19T08:14:01","modified_gmt":"2025-05-19T08:14:01","slug":"placute-frana-fiat-500x-334_-1-3-d-multijet-334axh1a-diesel-95-cai-textar-2230401","status":"publish","type":"product","link":"https:\/\/autorival.ro\/fiat\/product\/placute-frana-fiat-500x-334_-1-3-d-multijet-334axh1a-diesel-95-cai-textar-2230401\/","title":{"rendered":"Placute frana FIAT 500X (334_) 1.3 D Multijet (334AXH1A) diesel 95 cai TEXTAR 2230401"},"content":{"rendered":"<p>Partea de montare: puntea spateRestrictiile producatorului: TRW ->Latime [mm]: 115,7\u00cenaltime [mm]: 49,2 ->Grosime [mm]: 17,2Contact indicator uzura: cu avertizare acustica uzuraNum\u0103rul indicatorilor de uzur\u0103 [per ax\u0103]: 2Articol completare\/Info suplimentar 2: cu suruburi etrierArticol extins\/Informatii de extindere: cu acceasoriiNumar WVA: 22304Sistem de fr\u00e2nare: TRW ->Lungime ambalaj [cm]: 15,2 ->Latime ambalaj [cm]: 8,8 ->Inaltime ambalaj [cm]: 8,4 ->Greutate [kg]: 1,18<\/p>\n","protected":false},"excerpt":{"rendered":"<p>Producator: TEXTAR Cod producator: 2230401<\/p>\n","protected":false},"featured_media":270771,"comment_status":"open","ping_status":"closed","template":"","meta":[],"product_brand":[5273],"product_cat":[22424],"product_tag":[38317,38367,38316,38291,38328,39367,38710],"class_list":{"0":"post-270945","1":"product","2":"type-product","3":"status-publish","4":"has-post-thumbnail","6":"product_brand-textar","7":"product_cat-placute-frana-334_-1-3-d-multijet-334axh1a-diesel-95","8":"product_tag-334_","9":"product_tag-1-3","10":"product_tag-500x","11":"product_tag-fiat","12":"product_tag-frana","13":"product_tag-placute","14":"product_tag-textar","16":"first","17":"instock","18":"shipping-taxable","19":"purchasable","20":"product-type-simple"},"yoast_head":"<!-- This site is optimized with the Yoast SEO plugin v27.3 - https:\/\/yoast.com\/product\/yoast-seo-wordpress\/ -->\n<title>Placute frana FIAT 500X (334_) 1.3 D Multijet (334AXH1A) diesel 95 cai TEXTAR 2230401 FIAT | TEXTAR - Autorival<\/title>\n<meta name=\"description\" content=\"\u26a1 Placute frana FIAT 500X (334_) 1.3 D Multijet (334AXH1A) diesel 95 cai TEXTAR 2230401 pentru FIAT la doar 281.86 RON. \u2713 Cod: 2230401 \u2713 Brand: TEXTAR \u2713 \u00cen stoc \u2713 Livrare 24h \u2713 Garan\u021bie!\" \/>\n<meta name=\"robots\" content=\"index, follow, max-snippet:-1, max-image-preview:large, max-video-preview:-1\" \/>\n<meta property=\"og:locale\" content=\"en_US\" \/>\n<meta property=\"og:type\" content=\"article\" \/>\n<meta property=\"og:title\" content=\"Placute frana FIAT 500X (334_) 1.3 D Multijet (334AXH1A) diesel 95 cai TEXTAR 2230401 FIAT | TEXTAR - Autorival\" \/>\n<meta property=\"og:description\" content=\"\u26a1 Placute frana FIAT 500X (334_) 1.3 D Multijet (334AXH1A) diesel 95 cai TEXTAR 2230401 pentru FIAT la doar 281.86 RON. \u2713 Cod: 2230401 \u2713 Brand: TEXTAR \u2713 \u00cen stoc \u2713 Livrare 24h \u2713 Garan\u021bie!\" \/>\n<meta property=\"og:url\" content=\"https:\/\/autorival.ro\/fiat\/product\/placute-frana-fiat-500x-334_-1-3-d-multijet-334axh1a-diesel-95-cai-textar-2230401\/\" \/>\n<meta property=\"og:site_name\" content=\"FIAT\" \/>\n<meta property=\"og:image\" content=\"https:\/\/autorival.ro\/fiat\/wp-content\/uploads\/sites\/9\/2025\/05\/22304_172__1_5_tex.jpg\" \/>\n\t<meta property=\"og:image:width\" content=\"600\" \/>\n\t<meta property=\"og:image:height\" content=\"400\" \/>\n\t<meta property=\"og:image:type\" content=\"image\/jpeg\" \/>\n<meta name=\"twitter:card\" content=\"summary_large_image\" \/>\n<meta name=\"twitter:title\" content=\"Placute frana FIAT 500X (334_) 1.3 D Multijet (334AXH1A) diesel 95 cai TEXTAR 2230401 FIAT | TEXTAR - Autorival\" \/>\n<meta name=\"twitter:description\" content=\"\u26a1 Placute frana FIAT 500X (334_) 1.3 D Multijet (334AXH1A) diesel 95 cai TEXTAR 2230401 pentru FIAT la doar 281.86 RON. \u2713 Cod: 2230401 \u2713 Brand: TEXTAR \u2713 \u00cen stoc \u2713 Livrare 24h \u2713 Garan\u021bie!\" \/>\n<script type=\"application\/ld+json\" class=\"yoast-schema-graph\">{\"@context\":\"https:\\\/\\\/schema.org\",\"@graph\":[{\"@type\":\"WebPage\",\"@id\":\"https:\\\/\\\/autorival.ro\\\/fiat\\\/product\\\/placute-frana-fiat-500x-334_-1-3-d-multijet-334axh1a-diesel-95-cai-textar-2230401\\\/\",\"url\":\"https:\\\/\\\/autorival.ro\\\/fiat\\\/product\\\/placute-frana-fiat-500x-334_-1-3-d-multijet-334axh1a-diesel-95-cai-textar-2230401\\\/\",\"name\":\"Placute frana FIAT 500X (334_) 1.3 D Multijet (334AXH1A) diesel 95 cai TEXTAR 2230401 FIAT | TEXTAR - Autorival\",\"isPartOf\":{\"@id\":\"https:\\\/\\\/autorival.ro\\\/fiat\\\/#website\"},\"primaryImageOfPage\":{\"@id\":\"https:\\\/\\\/autorival.ro\\\/fiat\\\/product\\\/placute-frana-fiat-500x-334_-1-3-d-multijet-334axh1a-diesel-95-cai-textar-2230401\\\/#primaryimage\"},\"image\":{\"@id\":\"https:\\\/\\\/autorival.ro\\\/fiat\\\/product\\\/placute-frana-fiat-500x-334_-1-3-d-multijet-334axh1a-diesel-95-cai-textar-2230401\\\/#primaryimage\"},\"thumbnailUrl\":\"https:\\\/\\\/autorival.ro\\\/fiat\\\/wp-content\\\/uploads\\\/sites\\\/9\\\/2025\\\/05\\\/22304_172__1_5_tex.jpg\",\"datePublished\":\"2025-05-19T08:14:01+00:00\",\"description\":\"\u26a1 Placute frana FIAT 500X (334_) 1.3 D Multijet (334AXH1A) diesel 95 cai TEXTAR 2230401 pentru FIAT la doar 281.86 RON. \u2713 Cod: 2230401 \u2713 Brand: TEXTAR \u2713 \u00cen stoc \u2713 Livrare 24h \u2713 Garan\u021bie!\",\"breadcrumb\":{\"@id\":\"https:\\\/\\\/autorival.ro\\\/fiat\\\/product\\\/placute-frana-fiat-500x-334_-1-3-d-multijet-334axh1a-diesel-95-cai-textar-2230401\\\/#breadcrumb\"},\"inLanguage\":\"en-US\",\"potentialAction\":[{\"@type\":\"ReadAction\",\"target\":[\"https:\\\/\\\/autorival.ro\\\/fiat\\\/product\\\/placute-frana-fiat-500x-334_-1-3-d-multijet-334axh1a-diesel-95-cai-textar-2230401\\\/\"]}]},{\"@type\":\"ImageObject\",\"inLanguage\":\"en-US\",\"@id\":\"https:\\\/\\\/autorival.ro\\\/fiat\\\/product\\\/placute-frana-fiat-500x-334_-1-3-d-multijet-334axh1a-diesel-95-cai-textar-2230401\\\/#primaryimage\",\"url\":\"https:\\\/\\\/autorival.ro\\\/fiat\\\/wp-content\\\/uploads\\\/sites\\\/9\\\/2025\\\/05\\\/22304_172__1_5_tex.jpg\",\"contentUrl\":\"https:\\\/\\\/autorival.ro\\\/fiat\\\/wp-content\\\/uploads\\\/sites\\\/9\\\/2025\\\/05\\\/22304_172__1_5_tex.jpg\",\"width\":600,\"height\":400,\"caption\":\"Placute frana FIAT 500X (334_) 1.0 (334.AXN1B) benzina 114 cai TEXTAR 2230401\"},{\"@type\":\"BreadcrumbList\",\"@id\":\"https:\\\/\\\/autorival.ro\\\/fiat\\\/product\\\/placute-frana-fiat-500x-334_-1-3-d-multijet-334axh1a-diesel-95-cai-textar-2230401\\\/#breadcrumb\",\"itemListElement\":[{\"@type\":\"ListItem\",\"position\":1,\"name\":\"Prima pagin\u0103\",\"item\":\"https:\\\/\\\/autorival.ro\\\/fiat\\\/\"},{\"@type\":\"ListItem\",\"position\":2,\"name\":\"Piese auto FIAT\",\"item\":\"https:\\\/\\\/autorival.ro\\\/fiat\\\/\"},{\"@type\":\"ListItem\",\"position\":3,\"name\":\"Placute frana FIAT 500X (334_) 1.3 D Multijet (334AXH1A) diesel 95 cai TEXTAR 2230401\"}]},{\"@type\":\"WebSite\",\"@id\":\"https:\\\/\\\/autorival.ro\\\/fiat\\\/#website\",\"url\":\"https:\\\/\\\/autorival.ro\\\/fiat\\\/\",\"name\":\"FIAT\",\"description\":\"\",\"potentialAction\":[{\"@type\":\"SearchAction\",\"target\":{\"@type\":\"EntryPoint\",\"urlTemplate\":\"https:\\\/\\\/autorival.ro\\\/fiat\\\/?s={search_term_string}\"},\"query-input\":{\"@type\":\"PropertyValueSpecification\",\"valueRequired\":true,\"valueName\":\"search_term_string\"}}],\"inLanguage\":\"en-US\"}]}<\/script>\n<!-- \/ Yoast SEO plugin. -->","yoast_head_json":{"title":"Placute frana FIAT 500X (334_) 1.3 D Multijet (334AXH1A) diesel 95 cai TEXTAR 2230401 FIAT | TEXTAR - Autorival","description":"\u26a1 Placute frana FIAT 500X (334_) 1.3 D Multijet (334AXH1A) diesel 95 cai TEXTAR 2230401 pentru FIAT la doar 281.86 RON. \u2713 Cod: 2230401 \u2713 Brand: TEXTAR \u2713 \u00cen stoc \u2713 Livrare 24h \u2713 Garan\u021bie!","robots":{"index":"index","follow":"follow","max-snippet":"max-snippet:-1","max-image-preview":"max-image-preview:large","max-video-preview":"max-video-preview:-1"},"og_locale":"en_US","og_type":"article","og_title":"Placute frana FIAT 500X (334_) 1.3 D Multijet (334AXH1A) diesel 95 cai TEXTAR 2230401 FIAT | TEXTAR - Autorival","og_description":"\u26a1 Placute frana FIAT 500X (334_) 1.3 D Multijet (334AXH1A) diesel 95 cai TEXTAR 2230401 pentru FIAT la doar 281.86 RON. \u2713 Cod: 2230401 \u2713 Brand: TEXTAR \u2713 \u00cen stoc \u2713 Livrare 24h \u2713 Garan\u021bie!","og_url":"https:\/\/autorival.ro\/fiat\/product\/placute-frana-fiat-500x-334_-1-3-d-multijet-334axh1a-diesel-95-cai-textar-2230401\/","og_site_name":"FIAT","og_image":[{"width":600,"height":400,"url":"https:\/\/autorival.ro\/fiat\/wp-content\/uploads\/sites\/9\/2025\/05\/22304_172__1_5_tex.jpg","type":"image\/jpeg"}],"twitter_card":"summary_large_image","twitter_title":"Placute frana FIAT 500X (334_) 1.3 D Multijet (334AXH1A) diesel 95 cai TEXTAR 2230401 FIAT | TEXTAR - Autorival","twitter_description":"\u26a1 Placute frana FIAT 500X (334_) 1.3 D Multijet (334AXH1A) diesel 95 cai TEXTAR 2230401 pentru FIAT la doar 281.86 RON. \u2713 Cod: 2230401 \u2713 Brand: TEXTAR \u2713 \u00cen stoc \u2713 Livrare 24h \u2713 Garan\u021bie!","schema":{"@context":"https:\/\/schema.org","@graph":[{"@type":"WebPage","@id":"https:\/\/autorival.ro\/fiat\/product\/placute-frana-fiat-500x-334_-1-3-d-multijet-334axh1a-diesel-95-cai-textar-2230401\/","url":"https:\/\/autorival.ro\/fiat\/product\/placute-frana-fiat-500x-334_-1-3-d-multijet-334axh1a-diesel-95-cai-textar-2230401\/","name":"Placute frana FIAT 500X (334_) 1.3 D Multijet (334AXH1A) diesel 95 cai TEXTAR 2230401 FIAT | TEXTAR - Autorival","isPartOf":{"@id":"https:\/\/autorival.ro\/fiat\/#website"},"primaryImageOfPage":{"@id":"https:\/\/autorival.ro\/fiat\/product\/placute-frana-fiat-500x-334_-1-3-d-multijet-334axh1a-diesel-95-cai-textar-2230401\/#primaryimage"},"image":{"@id":"https:\/\/autorival.ro\/fiat\/product\/placute-frana-fiat-500x-334_-1-3-d-multijet-334axh1a-diesel-95-cai-textar-2230401\/#primaryimage"},"thumbnailUrl":"https:\/\/autorival.ro\/fiat\/wp-content\/uploads\/sites\/9\/2025\/05\/22304_172__1_5_tex.jpg","datePublished":"2025-05-19T08:14:01+00:00","description":"\u26a1 Placute frana FIAT 500X (334_) 1.3 D Multijet (334AXH1A) diesel 95 cai TEXTAR 2230401 pentru FIAT la doar 281.86 RON. \u2713 Cod: 2230401 \u2713 Brand: TEXTAR \u2713 \u00cen stoc \u2713 Livrare 24h \u2713 Garan\u021bie!","breadcrumb":{"@id":"https:\/\/autorival.ro\/fiat\/product\/placute-frana-fiat-500x-334_-1-3-d-multijet-334axh1a-diesel-95-cai-textar-2230401\/#breadcrumb"},"inLanguage":"en-US","potentialAction":[{"@type":"ReadAction","target":["https:\/\/autorival.ro\/fiat\/product\/placute-frana-fiat-500x-334_-1-3-d-multijet-334axh1a-diesel-95-cai-textar-2230401\/"]}]},{"@type":"ImageObject","inLanguage":"en-US","@id":"https:\/\/autorival.ro\/fiat\/product\/placute-frana-fiat-500x-334_-1-3-d-multijet-334axh1a-diesel-95-cai-textar-2230401\/#primaryimage","url":"https:\/\/autorival.ro\/fiat\/wp-content\/uploads\/sites\/9\/2025\/05\/22304_172__1_5_tex.jpg","contentUrl":"https:\/\/autorival.ro\/fiat\/wp-content\/uploads\/sites\/9\/2025\/05\/22304_172__1_5_tex.jpg","width":600,"height":400,"caption":"Placute frana FIAT 500X (334_) 1.0 (334.AXN1B) benzina 114 cai TEXTAR 2230401"},{"@type":"BreadcrumbList","@id":"https:\/\/autorival.ro\/fiat\/product\/placute-frana-fiat-500x-334_-1-3-d-multijet-334axh1a-diesel-95-cai-textar-2230401\/#breadcrumb","itemListElement":[{"@type":"ListItem","position":1,"name":"Prima pagin\u0103","item":"https:\/\/autorival.ro\/fiat\/"},{"@type":"ListItem","position":2,"name":"Piese auto FIAT","item":"https:\/\/autorival.ro\/fiat\/"},{"@type":"ListItem","position":3,"name":"Placute frana FIAT 500X (334_) 1.3 D Multijet (334AXH1A) diesel 95 cai TEXTAR 2230401"}]},{"@type":"WebSite","@id":"https:\/\/autorival.ro\/fiat\/#website","url":"https:\/\/autorival.ro\/fiat\/","name":"FIAT","description":"","potentialAction":[{"@type":"SearchAction","target":{"@type":"EntryPoint","urlTemplate":"https:\/\/autorival.ro\/fiat\/?s={search_term_string}"},"query-input":{"@type":"PropertyValueSpecification","valueRequired":true,"valueName":"search_term_string"}}],"inLanguage":"en-US"}]}},"_links":{"self":[{"href":"https:\/\/autorival.ro\/fiat\/wp-json\/wp\/v2\/product\/270945","targetHints":{"allow":["GET"]}}],"collection":[{"href":"https:\/\/autorival.ro\/fiat\/wp-json\/wp\/v2\/product"}],"about":[{"href":"https:\/\/autorival.ro\/fiat\/wp-json\/wp\/v2\/types\/product"}],"replies":[{"embeddable":true,"href":"https:\/\/autorival.ro\/fiat\/wp-json\/wp\/v2\/comments?post=270945"}],"wp:featuredmedia":[{"embeddable":true,"href":"https:\/\/autorival.ro\/fiat\/wp-json\/wp\/v2\/media\/270771"}],"wp:attachment":[{"href":"https:\/\/autorival.ro\/fiat\/wp-json\/wp\/v2\/media?parent=270945"}],"wp:term":[{"taxonomy":"product_brand","embeddable":true,"href":"https:\/\/autorival.ro\/fiat\/wp-json\/wp\/v2\/product_brand?post=270945"},{"taxonomy":"product_cat","embeddable":true,"href":"https:\/\/autorival.ro\/fiat\/wp-json\/wp\/v2\/product_cat?post=270945"},{"taxonomy":"product_tag","embeddable":true,"href":"https:\/\/autorival.ro\/fiat\/wp-json\/wp\/v2\/product_tag?post=270945"}],"curies":[{"name":"wp","href":"https:\/\/api.w.org\/{rel}","templated":true}]}}