{"id":269693,"date":"2025-05-19T08:03:52","date_gmt":"2025-05-19T08:03:52","guid":{"rendered":"https:\/\/autorival.ro\/fiat\/product\/placute-frana-fiat-500-c-312_-0-9-312axm1b-benzina-105-cai-textar-2370601\/"},"modified":"2025-05-19T08:03:53","modified_gmt":"2025-05-19T08:03:53","slug":"placute-frana-fiat-500-c-312_-0-9-312axm1b-benzina-105-cai-textar-2370601","status":"publish","type":"product","link":"https:\/\/autorival.ro\/fiat\/product\/placute-frana-fiat-500-c-312_-0-9-312axm1b-benzina-105-cai-textar-2370601\/","title":{"rendered":"Placute frana FIAT 500 C (312_) 0.9 (312AXM1B) benzina 105 cai TEXTAR 2370601"},"content":{"rendered":"<p>Partea de montare: punte fata ->Latime [mm]: 122,8\u00cenaltime [mm]: 53,3 ->Grosime [mm]: 17,8Contact indicator uzura: cu contact integrat avertizare uzuraNum\u0103rul indicatorilor de uzur\u0103 [per ax\u0103]: 2Articol completare\/Info suplimentar 2: cu suruburi etrierArticol extins\/Informatii de extindere: cu acceasoriiNumar WVA: 23706Sistem de fr\u00e2nare: Bosch ->Lungime ambalaj [cm]: 15,2 ->Latime ambalaj [cm]: 8,8 ->Inaltime ambalaj [cm]: 8,4 ->Greutate [kg]: 1,38<\/p>\n","protected":false},"excerpt":{"rendered":"<p>Producator: TEXTAR Cod producator: 2370601<\/p>\n","protected":false},"featured_media":269692,"comment_status":"open","ping_status":"closed","template":"","meta":[],"product_brand":[5273],"product_cat":[22399],"product_tag":[38308,38348,38297,38291,38328,39367,38710],"class_list":{"0":"post-269693","1":"product","2":"type-product","3":"status-publish","4":"has-post-thumbnail","6":"product_brand-textar","7":"product_cat-placute-frana-c-312_-0-9-312axm1b-benzina-105","8":"product_tag-312_","9":"product_tag-0-9","10":"product_tag-38297","11":"product_tag-fiat","12":"product_tag-frana","13":"product_tag-placute","14":"product_tag-textar","16":"first","17":"instock","18":"shipping-taxable","19":"purchasable","20":"product-type-simple"},"yoast_head":"<!-- This site is optimized with the Yoast SEO plugin v27.3 - https:\/\/yoast.com\/product\/yoast-seo-wordpress\/ -->\n<title>Placute frana FIAT 500 C (312_) 0.9 (312AXM1B) benzina 105 cai TEXTAR 2370601 FIAT | TEXTAR - Autorival<\/title>\n<meta name=\"description\" content=\"\u26a1 Placute frana FIAT 500 C (312_) 0.9 (312AXM1B) benzina 105 cai TEXTAR 2370601 pentru FIAT la doar 197.51 RON. \u2713 Cod: 2370601 \u2713 Brand: TEXTAR \u2713 \u00cen stoc \u2713 Livrare 24h \u2713 Garan\u021bie!\" \/>\n<meta name=\"robots\" content=\"index, follow, max-snippet:-1, max-image-preview:large, max-video-preview:-1\" \/>\n<meta property=\"og:locale\" content=\"en_US\" \/>\n<meta property=\"og:type\" content=\"article\" \/>\n<meta property=\"og:title\" content=\"Placute frana FIAT 500 C (312_) 0.9 (312AXM1B) benzina 105 cai TEXTAR 2370601 FIAT | TEXTAR - Autorival\" \/>\n<meta property=\"og:description\" content=\"\u26a1 Placute frana FIAT 500 C (312_) 0.9 (312AXM1B) benzina 105 cai TEXTAR 2370601 pentru FIAT la doar 197.51 RON. \u2713 Cod: 2370601 \u2713 Brand: TEXTAR \u2713 \u00cen stoc \u2713 Livrare 24h \u2713 Garan\u021bie!\" \/>\n<meta property=\"og:url\" content=\"https:\/\/autorival.ro\/fiat\/product\/placute-frana-fiat-500-c-312_-0-9-312axm1b-benzina-105-cai-textar-2370601\/\" \/>\n<meta property=\"og:site_name\" content=\"FIAT\" \/>\n<meta property=\"article:modified_time\" content=\"2025-05-19T08:03:53+00:00\" \/>\n<meta property=\"og:image\" content=\"https:\/\/autorival.ro\/fiat\/wp-content\/uploads\/sites\/9\/2025\/05\/23706_178__1_5_tex-1.jpg\" \/>\n\t<meta property=\"og:image:width\" content=\"600\" \/>\n\t<meta property=\"og:image:height\" content=\"400\" \/>\n\t<meta property=\"og:image:type\" content=\"image\/jpeg\" \/>\n<meta name=\"twitter:card\" content=\"summary_large_image\" \/>\n<meta name=\"twitter:title\" content=\"Placute frana FIAT 500 C (312_) 0.9 (312AXM1B) benzina 105 cai TEXTAR 2370601 FIAT | TEXTAR - Autorival\" \/>\n<meta name=\"twitter:description\" content=\"\u26a1 Placute frana FIAT 500 C (312_) 0.9 (312AXM1B) benzina 105 cai TEXTAR 2370601 pentru FIAT la doar 197.51 RON. \u2713 Cod: 2370601 \u2713 Brand: TEXTAR \u2713 \u00cen stoc \u2713 Livrare 24h \u2713 Garan\u021bie!\" \/>\n<script type=\"application\/ld+json\" class=\"yoast-schema-graph\">{\"@context\":\"https:\\\/\\\/schema.org\",\"@graph\":[{\"@type\":\"WebPage\",\"@id\":\"https:\\\/\\\/autorival.ro\\\/fiat\\\/product\\\/placute-frana-fiat-500-c-312_-0-9-312axm1b-benzina-105-cai-textar-2370601\\\/\",\"url\":\"https:\\\/\\\/autorival.ro\\\/fiat\\\/product\\\/placute-frana-fiat-500-c-312_-0-9-312axm1b-benzina-105-cai-textar-2370601\\\/\",\"name\":\"Placute frana FIAT 500 C (312_) 0.9 (312AXM1B) benzina 105 cai TEXTAR 2370601 FIAT | TEXTAR - Autorival\",\"isPartOf\":{\"@id\":\"https:\\\/\\\/autorival.ro\\\/fiat\\\/#website\"},\"primaryImageOfPage\":{\"@id\":\"https:\\\/\\\/autorival.ro\\\/fiat\\\/product\\\/placute-frana-fiat-500-c-312_-0-9-312axm1b-benzina-105-cai-textar-2370601\\\/#primaryimage\"},\"image\":{\"@id\":\"https:\\\/\\\/autorival.ro\\\/fiat\\\/product\\\/placute-frana-fiat-500-c-312_-0-9-312axm1b-benzina-105-cai-textar-2370601\\\/#primaryimage\"},\"thumbnailUrl\":\"https:\\\/\\\/autorival.ro\\\/fiat\\\/wp-content\\\/uploads\\\/sites\\\/9\\\/2025\\\/05\\\/23706_178__1_5_tex-1.jpg\",\"datePublished\":\"2025-05-19T08:03:52+00:00\",\"dateModified\":\"2025-05-19T08:03:53+00:00\",\"description\":\"\u26a1 Placute frana FIAT 500 C (312_) 0.9 (312AXM1B) benzina 105 cai TEXTAR 2370601 pentru FIAT la doar 197.51 RON. \u2713 Cod: 2370601 \u2713 Brand: TEXTAR \u2713 \u00cen stoc \u2713 Livrare 24h \u2713 Garan\u021bie!\",\"breadcrumb\":{\"@id\":\"https:\\\/\\\/autorival.ro\\\/fiat\\\/product\\\/placute-frana-fiat-500-c-312_-0-9-312axm1b-benzina-105-cai-textar-2370601\\\/#breadcrumb\"},\"inLanguage\":\"en-US\",\"potentialAction\":[{\"@type\":\"ReadAction\",\"target\":[\"https:\\\/\\\/autorival.ro\\\/fiat\\\/product\\\/placute-frana-fiat-500-c-312_-0-9-312axm1b-benzina-105-cai-textar-2370601\\\/\"]}]},{\"@type\":\"ImageObject\",\"inLanguage\":\"en-US\",\"@id\":\"https:\\\/\\\/autorival.ro\\\/fiat\\\/product\\\/placute-frana-fiat-500-c-312_-0-9-312axm1b-benzina-105-cai-textar-2370601\\\/#primaryimage\",\"url\":\"https:\\\/\\\/autorival.ro\\\/fiat\\\/wp-content\\\/uploads\\\/sites\\\/9\\\/2025\\\/05\\\/23706_178__1_5_tex-1.jpg\",\"contentUrl\":\"https:\\\/\\\/autorival.ro\\\/fiat\\\/wp-content\\\/uploads\\\/sites\\\/9\\\/2025\\\/05\\\/23706_178__1_5_tex-1.jpg\",\"width\":600,\"height\":400,\"caption\":\"Placute frana FIAT 500 C (312_) 0.9 (312AXM1B) benzina 105 cai TEXTAR 2370601\"},{\"@type\":\"BreadcrumbList\",\"@id\":\"https:\\\/\\\/autorival.ro\\\/fiat\\\/product\\\/placute-frana-fiat-500-c-312_-0-9-312axm1b-benzina-105-cai-textar-2370601\\\/#breadcrumb\",\"itemListElement\":[{\"@type\":\"ListItem\",\"position\":1,\"name\":\"Prima pagin\u0103\",\"item\":\"https:\\\/\\\/autorival.ro\\\/fiat\\\/\"},{\"@type\":\"ListItem\",\"position\":2,\"name\":\"Piese auto FIAT\",\"item\":\"https:\\\/\\\/autorival.ro\\\/fiat\\\/\"},{\"@type\":\"ListItem\",\"position\":3,\"name\":\"Placute frana FIAT 500 C (312_) 0.9 (312AXM1B) benzina 105 cai TEXTAR 2370601\"}]},{\"@type\":\"WebSite\",\"@id\":\"https:\\\/\\\/autorival.ro\\\/fiat\\\/#website\",\"url\":\"https:\\\/\\\/autorival.ro\\\/fiat\\\/\",\"name\":\"FIAT\",\"description\":\"\",\"potentialAction\":[{\"@type\":\"SearchAction\",\"target\":{\"@type\":\"EntryPoint\",\"urlTemplate\":\"https:\\\/\\\/autorival.ro\\\/fiat\\\/?s={search_term_string}\"},\"query-input\":{\"@type\":\"PropertyValueSpecification\",\"valueRequired\":true,\"valueName\":\"search_term_string\"}}],\"inLanguage\":\"en-US\"}]}<\/script>\n<!-- \/ Yoast SEO plugin. -->","yoast_head_json":{"title":"Placute frana FIAT 500 C (312_) 0.9 (312AXM1B) benzina 105 cai TEXTAR 2370601 FIAT | TEXTAR - Autorival","description":"\u26a1 Placute frana FIAT 500 C (312_) 0.9 (312AXM1B) benzina 105 cai TEXTAR 2370601 pentru FIAT la doar 197.51 RON. \u2713 Cod: 2370601 \u2713 Brand: TEXTAR \u2713 \u00cen stoc \u2713 Livrare 24h \u2713 Garan\u021bie!","robots":{"index":"index","follow":"follow","max-snippet":"max-snippet:-1","max-image-preview":"max-image-preview:large","max-video-preview":"max-video-preview:-1"},"og_locale":"en_US","og_type":"article","og_title":"Placute frana FIAT 500 C (312_) 0.9 (312AXM1B) benzina 105 cai TEXTAR 2370601 FIAT | TEXTAR - Autorival","og_description":"\u26a1 Placute frana FIAT 500 C (312_) 0.9 (312AXM1B) benzina 105 cai TEXTAR 2370601 pentru FIAT la doar 197.51 RON. \u2713 Cod: 2370601 \u2713 Brand: TEXTAR \u2713 \u00cen stoc \u2713 Livrare 24h \u2713 Garan\u021bie!","og_url":"https:\/\/autorival.ro\/fiat\/product\/placute-frana-fiat-500-c-312_-0-9-312axm1b-benzina-105-cai-textar-2370601\/","og_site_name":"FIAT","article_modified_time":"2025-05-19T08:03:53+00:00","og_image":[{"width":600,"height":400,"url":"https:\/\/autorival.ro\/fiat\/wp-content\/uploads\/sites\/9\/2025\/05\/23706_178__1_5_tex-1.jpg","type":"image\/jpeg"}],"twitter_card":"summary_large_image","twitter_title":"Placute frana FIAT 500 C (312_) 0.9 (312AXM1B) benzina 105 cai TEXTAR 2370601 FIAT | TEXTAR - Autorival","twitter_description":"\u26a1 Placute frana FIAT 500 C (312_) 0.9 (312AXM1B) benzina 105 cai TEXTAR 2370601 pentru FIAT la doar 197.51 RON. \u2713 Cod: 2370601 \u2713 Brand: TEXTAR \u2713 \u00cen stoc \u2713 Livrare 24h \u2713 Garan\u021bie!","schema":{"@context":"https:\/\/schema.org","@graph":[{"@type":"WebPage","@id":"https:\/\/autorival.ro\/fiat\/product\/placute-frana-fiat-500-c-312_-0-9-312axm1b-benzina-105-cai-textar-2370601\/","url":"https:\/\/autorival.ro\/fiat\/product\/placute-frana-fiat-500-c-312_-0-9-312axm1b-benzina-105-cai-textar-2370601\/","name":"Placute frana FIAT 500 C (312_) 0.9 (312AXM1B) benzina 105 cai TEXTAR 2370601 FIAT | TEXTAR - Autorival","isPartOf":{"@id":"https:\/\/autorival.ro\/fiat\/#website"},"primaryImageOfPage":{"@id":"https:\/\/autorival.ro\/fiat\/product\/placute-frana-fiat-500-c-312_-0-9-312axm1b-benzina-105-cai-textar-2370601\/#primaryimage"},"image":{"@id":"https:\/\/autorival.ro\/fiat\/product\/placute-frana-fiat-500-c-312_-0-9-312axm1b-benzina-105-cai-textar-2370601\/#primaryimage"},"thumbnailUrl":"https:\/\/autorival.ro\/fiat\/wp-content\/uploads\/sites\/9\/2025\/05\/23706_178__1_5_tex-1.jpg","datePublished":"2025-05-19T08:03:52+00:00","dateModified":"2025-05-19T08:03:53+00:00","description":"\u26a1 Placute frana FIAT 500 C (312_) 0.9 (312AXM1B) benzina 105 cai TEXTAR 2370601 pentru FIAT la doar 197.51 RON. \u2713 Cod: 2370601 \u2713 Brand: TEXTAR \u2713 \u00cen stoc \u2713 Livrare 24h \u2713 Garan\u021bie!","breadcrumb":{"@id":"https:\/\/autorival.ro\/fiat\/product\/placute-frana-fiat-500-c-312_-0-9-312axm1b-benzina-105-cai-textar-2370601\/#breadcrumb"},"inLanguage":"en-US","potentialAction":[{"@type":"ReadAction","target":["https:\/\/autorival.ro\/fiat\/product\/placute-frana-fiat-500-c-312_-0-9-312axm1b-benzina-105-cai-textar-2370601\/"]}]},{"@type":"ImageObject","inLanguage":"en-US","@id":"https:\/\/autorival.ro\/fiat\/product\/placute-frana-fiat-500-c-312_-0-9-312axm1b-benzina-105-cai-textar-2370601\/#primaryimage","url":"https:\/\/autorival.ro\/fiat\/wp-content\/uploads\/sites\/9\/2025\/05\/23706_178__1_5_tex-1.jpg","contentUrl":"https:\/\/autorival.ro\/fiat\/wp-content\/uploads\/sites\/9\/2025\/05\/23706_178__1_5_tex-1.jpg","width":600,"height":400,"caption":"Placute frana FIAT 500 C (312_) 0.9 (312AXM1B) benzina 105 cai TEXTAR 2370601"},{"@type":"BreadcrumbList","@id":"https:\/\/autorival.ro\/fiat\/product\/placute-frana-fiat-500-c-312_-0-9-312axm1b-benzina-105-cai-textar-2370601\/#breadcrumb","itemListElement":[{"@type":"ListItem","position":1,"name":"Prima pagin\u0103","item":"https:\/\/autorival.ro\/fiat\/"},{"@type":"ListItem","position":2,"name":"Piese auto FIAT","item":"https:\/\/autorival.ro\/fiat\/"},{"@type":"ListItem","position":3,"name":"Placute frana FIAT 500 C (312_) 0.9 (312AXM1B) benzina 105 cai TEXTAR 2370601"}]},{"@type":"WebSite","@id":"https:\/\/autorival.ro\/fiat\/#website","url":"https:\/\/autorival.ro\/fiat\/","name":"FIAT","description":"","potentialAction":[{"@type":"SearchAction","target":{"@type":"EntryPoint","urlTemplate":"https:\/\/autorival.ro\/fiat\/?s={search_term_string}"},"query-input":{"@type":"PropertyValueSpecification","valueRequired":true,"valueName":"search_term_string"}}],"inLanguage":"en-US"}]}},"_links":{"self":[{"href":"https:\/\/autorival.ro\/fiat\/wp-json\/wp\/v2\/product\/269693","targetHints":{"allow":["GET"]}}],"collection":[{"href":"https:\/\/autorival.ro\/fiat\/wp-json\/wp\/v2\/product"}],"about":[{"href":"https:\/\/autorival.ro\/fiat\/wp-json\/wp\/v2\/types\/product"}],"replies":[{"embeddable":true,"href":"https:\/\/autorival.ro\/fiat\/wp-json\/wp\/v2\/comments?post=269693"}],"wp:featuredmedia":[{"embeddable":true,"href":"https:\/\/autorival.ro\/fiat\/wp-json\/wp\/v2\/media\/269692"}],"wp:attachment":[{"href":"https:\/\/autorival.ro\/fiat\/wp-json\/wp\/v2\/media?parent=269693"}],"wp:term":[{"taxonomy":"product_brand","embeddable":true,"href":"https:\/\/autorival.ro\/fiat\/wp-json\/wp\/v2\/product_brand?post=269693"},{"taxonomy":"product_cat","embeddable":true,"href":"https:\/\/autorival.ro\/fiat\/wp-json\/wp\/v2\/product_cat?post=269693"},{"taxonomy":"product_tag","embeddable":true,"href":"https:\/\/autorival.ro\/fiat\/wp-json\/wp\/v2\/product_tag?post=269693"}],"curies":[{"name":"wp","href":"https:\/\/api.w.org\/{rel}","templated":true}]}}