{"id":258191,"date":"2025-05-18T22:34:25","date_gmt":"2025-05-18T22:34:25","guid":{"rendered":"https:\/\/autorival.ro\/fiat\/product\/modul-semnalizare-fiat-croma-154_-2500-d-diesel-75-cai-herth-buss-elparts-75605093\/"},"modified":"2025-05-18T22:34:25","modified_gmt":"2025-05-18T22:34:25","slug":"modul-semnalizare-fiat-croma-154_-2500-d-diesel-75-cai-herth-buss-elparts-75605093","status":"publish","type":"product","link":"https:\/\/autorival.ro\/fiat\/product\/modul-semnalizare-fiat-croma-154_-2500-d-diesel-75-cai-herth-buss-elparts-75605093\/","title":{"rendered":"Modul semnalizare FIAT CROMA (154_) 2500 D diesel 75 cai HERTH BUSS ELPARTS 75605093"},"content":{"rendered":"<p>Mod de operare: electronicVoltaj [V]: 12Putere electrica [W]: 2 + 1\/6 x 21 + 5Tip fisa: Stecher plat\u00cenaltime [mm]: 30 ->Latime [mm]: 30Ad\u00e2ncime (mm): 30Tehnica de cuplaj: 3 x 6,3 mm, 2 x 2,8 mmSpecificatii de asamblare: conectatNum\u0103rul conexiunilor cu muf\u0103: 5Masa [g]: 29<\/p>\n","protected":false},"excerpt":{"rendered":"<p>Producator: HERTH BUSS ELPARTS Cod producator: 75605093<\/p>\n","protected":false},"featured_media":258190,"comment_status":"open","ping_status":"closed","template":"","meta":[],"product_brand":[800],"product_cat":[20793],"product_tag":[38357,38333,38358,38291,38356,39339,39344],"class_list":{"0":"post-258191","1":"product","2":"type-product","3":"status-publish","4":"has-post-thumbnail","6":"product_brand-herth-buss-elparts","7":"product_cat-modul-semnalizare","8":"product_tag-buss","9":"product_tag-croma","10":"product_tag-elparts","11":"product_tag-fiat","12":"product_tag-herth","13":"product_tag-modul","14":"product_tag-semnalizare","16":"first","17":"instock","18":"shipping-taxable","19":"purchasable","20":"product-type-simple"},"yoast_head":"<!-- This site is optimized with the Yoast SEO plugin v27.3 - https:\/\/yoast.com\/product\/yoast-seo-wordpress\/ -->\n<title>Modul semnalizare FIAT CROMA (154_) 2500 D diesel 75 cai HERTH BUSS ELPARTS 75605093 FIAT | HERTH - Autorival<\/title>\n<meta name=\"description\" content=\"\u26a1 Modul semnalizare FIAT CROMA (154_) 2500 D diesel 75 cai HERTH BUSS ELPARTS 75605093 pentru FIAT la doar 224.21 RON. \u2713 Cod: 75605093 \u2713 Brand: HERTH \u2713 \u00cen stoc \u2713 Livrare 24h \u2713 Garan\u021bie!\" \/>\n<meta name=\"robots\" content=\"index, follow, max-snippet:-1, max-image-preview:large, max-video-preview:-1\" \/>\n<meta property=\"og:locale\" content=\"en_US\" \/>\n<meta property=\"og:type\" content=\"article\" \/>\n<meta property=\"og:title\" content=\"Modul semnalizare FIAT CROMA (154_) 2500 D diesel 75 cai HERTH BUSS ELPARTS 75605093 FIAT | HERTH - Autorival\" \/>\n<meta property=\"og:description\" content=\"\u26a1 Modul semnalizare FIAT CROMA (154_) 2500 D diesel 75 cai HERTH BUSS ELPARTS 75605093 pentru FIAT la doar 224.21 RON. \u2713 Cod: 75605093 \u2713 Brand: HERTH \u2713 \u00cen stoc \u2713 Livrare 24h \u2713 Garan\u021bie!\" \/>\n<meta property=\"og:url\" content=\"https:\/\/autorival.ro\/fiat\/product\/modul-semnalizare-fiat-croma-154_-2500-d-diesel-75-cai-herth-buss-elparts-75605093\/\" \/>\n<meta property=\"og:site_name\" content=\"FIAT\" \/>\n<meta property=\"og:image\" content=\"https:\/\/autorival.ro\/fiat\/wp-content\/uploads\/sites\/9\/2025\/05\/75605093.jpg\" \/>\n\t<meta property=\"og:image:width\" content=\"310\" \/>\n\t<meta property=\"og:image:height\" content=\"400\" \/>\n\t<meta property=\"og:image:type\" content=\"image\/jpeg\" \/>\n<meta name=\"twitter:card\" content=\"summary_large_image\" \/>\n<meta name=\"twitter:title\" content=\"Modul semnalizare FIAT CROMA (154_) 2500 D diesel 75 cai HERTH BUSS ELPARTS 75605093 FIAT | HERTH - Autorival\" \/>\n<meta name=\"twitter:description\" content=\"\u26a1 Modul semnalizare FIAT CROMA (154_) 2500 D diesel 75 cai HERTH BUSS ELPARTS 75605093 pentru FIAT la doar 224.21 RON. \u2713 Cod: 75605093 \u2713 Brand: HERTH \u2713 \u00cen stoc \u2713 Livrare 24h \u2713 Garan\u021bie!\" \/>\n<script type=\"application\/ld+json\" class=\"yoast-schema-graph\">{\"@context\":\"https:\\\/\\\/schema.org\",\"@graph\":[{\"@type\":\"WebPage\",\"@id\":\"https:\\\/\\\/autorival.ro\\\/fiat\\\/product\\\/modul-semnalizare-fiat-croma-154_-2500-d-diesel-75-cai-herth-buss-elparts-75605093\\\/\",\"url\":\"https:\\\/\\\/autorival.ro\\\/fiat\\\/product\\\/modul-semnalizare-fiat-croma-154_-2500-d-diesel-75-cai-herth-buss-elparts-75605093\\\/\",\"name\":\"Modul semnalizare FIAT CROMA (154_) 2500 D diesel 75 cai HERTH BUSS ELPARTS 75605093 FIAT | HERTH - Autorival\",\"isPartOf\":{\"@id\":\"https:\\\/\\\/autorival.ro\\\/fiat\\\/#website\"},\"primaryImageOfPage\":{\"@id\":\"https:\\\/\\\/autorival.ro\\\/fiat\\\/product\\\/modul-semnalizare-fiat-croma-154_-2500-d-diesel-75-cai-herth-buss-elparts-75605093\\\/#primaryimage\"},\"image\":{\"@id\":\"https:\\\/\\\/autorival.ro\\\/fiat\\\/product\\\/modul-semnalizare-fiat-croma-154_-2500-d-diesel-75-cai-herth-buss-elparts-75605093\\\/#primaryimage\"},\"thumbnailUrl\":\"https:\\\/\\\/autorival.ro\\\/fiat\\\/wp-content\\\/uploads\\\/sites\\\/9\\\/2025\\\/05\\\/75605093.jpg\",\"datePublished\":\"2025-05-18T22:34:25+00:00\",\"description\":\"\u26a1 Modul semnalizare FIAT CROMA (154_) 2500 D diesel 75 cai HERTH BUSS ELPARTS 75605093 pentru FIAT la doar 224.21 RON. \u2713 Cod: 75605093 \u2713 Brand: HERTH \u2713 \u00cen stoc \u2713 Livrare 24h \u2713 Garan\u021bie!\",\"breadcrumb\":{\"@id\":\"https:\\\/\\\/autorival.ro\\\/fiat\\\/product\\\/modul-semnalizare-fiat-croma-154_-2500-d-diesel-75-cai-herth-buss-elparts-75605093\\\/#breadcrumb\"},\"inLanguage\":\"en-US\",\"potentialAction\":[{\"@type\":\"ReadAction\",\"target\":[\"https:\\\/\\\/autorival.ro\\\/fiat\\\/product\\\/modul-semnalizare-fiat-croma-154_-2500-d-diesel-75-cai-herth-buss-elparts-75605093\\\/\"]}]},{\"@type\":\"ImageObject\",\"inLanguage\":\"en-US\",\"@id\":\"https:\\\/\\\/autorival.ro\\\/fiat\\\/product\\\/modul-semnalizare-fiat-croma-154_-2500-d-diesel-75-cai-herth-buss-elparts-75605093\\\/#primaryimage\",\"url\":\"https:\\\/\\\/autorival.ro\\\/fiat\\\/wp-content\\\/uploads\\\/sites\\\/9\\\/2025\\\/05\\\/75605093.jpg\",\"contentUrl\":\"https:\\\/\\\/autorival.ro\\\/fiat\\\/wp-content\\\/uploads\\\/sites\\\/9\\\/2025\\\/05\\\/75605093.jpg\",\"width\":310,\"height\":400,\"caption\":\"Modul semnalizare FIAT CROMA (154_) 2500 D diesel 75 cai HERTH BUSS ELPARTS 75605093\"},{\"@type\":\"BreadcrumbList\",\"@id\":\"https:\\\/\\\/autorival.ro\\\/fiat\\\/product\\\/modul-semnalizare-fiat-croma-154_-2500-d-diesel-75-cai-herth-buss-elparts-75605093\\\/#breadcrumb\",\"itemListElement\":[{\"@type\":\"ListItem\",\"position\":1,\"name\":\"Prima pagin\u0103\",\"item\":\"https:\\\/\\\/autorival.ro\\\/fiat\\\/\"},{\"@type\":\"ListItem\",\"position\":2,\"name\":\"Piese auto FIAT\",\"item\":\"https:\\\/\\\/autorival.ro\\\/fiat\\\/\"},{\"@type\":\"ListItem\",\"position\":3,\"name\":\"Modul semnalizare FIAT CROMA (154_) 2500 D diesel 75 cai HERTH BUSS ELPARTS 75605093\"}]},{\"@type\":\"WebSite\",\"@id\":\"https:\\\/\\\/autorival.ro\\\/fiat\\\/#website\",\"url\":\"https:\\\/\\\/autorival.ro\\\/fiat\\\/\",\"name\":\"FIAT\",\"description\":\"\",\"potentialAction\":[{\"@type\":\"SearchAction\",\"target\":{\"@type\":\"EntryPoint\",\"urlTemplate\":\"https:\\\/\\\/autorival.ro\\\/fiat\\\/?s={search_term_string}\"},\"query-input\":{\"@type\":\"PropertyValueSpecification\",\"valueRequired\":true,\"valueName\":\"search_term_string\"}}],\"inLanguage\":\"en-US\"}]}<\/script>\n<!-- \/ Yoast SEO plugin. -->","yoast_head_json":{"title":"Modul semnalizare FIAT CROMA (154_) 2500 D diesel 75 cai HERTH BUSS ELPARTS 75605093 FIAT | HERTH - Autorival","description":"\u26a1 Modul semnalizare FIAT CROMA (154_) 2500 D diesel 75 cai HERTH BUSS ELPARTS 75605093 pentru FIAT la doar 224.21 RON. \u2713 Cod: 75605093 \u2713 Brand: HERTH \u2713 \u00cen stoc \u2713 Livrare 24h \u2713 Garan\u021bie!","robots":{"index":"index","follow":"follow","max-snippet":"max-snippet:-1","max-image-preview":"max-image-preview:large","max-video-preview":"max-video-preview:-1"},"og_locale":"en_US","og_type":"article","og_title":"Modul semnalizare FIAT CROMA (154_) 2500 D diesel 75 cai HERTH BUSS ELPARTS 75605093 FIAT | HERTH - Autorival","og_description":"\u26a1 Modul semnalizare FIAT CROMA (154_) 2500 D diesel 75 cai HERTH BUSS ELPARTS 75605093 pentru FIAT la doar 224.21 RON. \u2713 Cod: 75605093 \u2713 Brand: HERTH \u2713 \u00cen stoc \u2713 Livrare 24h \u2713 Garan\u021bie!","og_url":"https:\/\/autorival.ro\/fiat\/product\/modul-semnalizare-fiat-croma-154_-2500-d-diesel-75-cai-herth-buss-elparts-75605093\/","og_site_name":"FIAT","og_image":[{"width":310,"height":400,"url":"https:\/\/autorival.ro\/fiat\/wp-content\/uploads\/sites\/9\/2025\/05\/75605093.jpg","type":"image\/jpeg"}],"twitter_card":"summary_large_image","twitter_title":"Modul semnalizare FIAT CROMA (154_) 2500 D diesel 75 cai HERTH BUSS ELPARTS 75605093 FIAT | HERTH - Autorival","twitter_description":"\u26a1 Modul semnalizare FIAT CROMA (154_) 2500 D diesel 75 cai HERTH BUSS ELPARTS 75605093 pentru FIAT la doar 224.21 RON. \u2713 Cod: 75605093 \u2713 Brand: HERTH \u2713 \u00cen stoc \u2713 Livrare 24h \u2713 Garan\u021bie!","schema":{"@context":"https:\/\/schema.org","@graph":[{"@type":"WebPage","@id":"https:\/\/autorival.ro\/fiat\/product\/modul-semnalizare-fiat-croma-154_-2500-d-diesel-75-cai-herth-buss-elparts-75605093\/","url":"https:\/\/autorival.ro\/fiat\/product\/modul-semnalizare-fiat-croma-154_-2500-d-diesel-75-cai-herth-buss-elparts-75605093\/","name":"Modul semnalizare FIAT CROMA (154_) 2500 D diesel 75 cai HERTH BUSS ELPARTS 75605093 FIAT | HERTH - Autorival","isPartOf":{"@id":"https:\/\/autorival.ro\/fiat\/#website"},"primaryImageOfPage":{"@id":"https:\/\/autorival.ro\/fiat\/product\/modul-semnalizare-fiat-croma-154_-2500-d-diesel-75-cai-herth-buss-elparts-75605093\/#primaryimage"},"image":{"@id":"https:\/\/autorival.ro\/fiat\/product\/modul-semnalizare-fiat-croma-154_-2500-d-diesel-75-cai-herth-buss-elparts-75605093\/#primaryimage"},"thumbnailUrl":"https:\/\/autorival.ro\/fiat\/wp-content\/uploads\/sites\/9\/2025\/05\/75605093.jpg","datePublished":"2025-05-18T22:34:25+00:00","description":"\u26a1 Modul semnalizare FIAT CROMA (154_) 2500 D diesel 75 cai HERTH BUSS ELPARTS 75605093 pentru FIAT la doar 224.21 RON. \u2713 Cod: 75605093 \u2713 Brand: HERTH \u2713 \u00cen stoc \u2713 Livrare 24h \u2713 Garan\u021bie!","breadcrumb":{"@id":"https:\/\/autorival.ro\/fiat\/product\/modul-semnalizare-fiat-croma-154_-2500-d-diesel-75-cai-herth-buss-elparts-75605093\/#breadcrumb"},"inLanguage":"en-US","potentialAction":[{"@type":"ReadAction","target":["https:\/\/autorival.ro\/fiat\/product\/modul-semnalizare-fiat-croma-154_-2500-d-diesel-75-cai-herth-buss-elparts-75605093\/"]}]},{"@type":"ImageObject","inLanguage":"en-US","@id":"https:\/\/autorival.ro\/fiat\/product\/modul-semnalizare-fiat-croma-154_-2500-d-diesel-75-cai-herth-buss-elparts-75605093\/#primaryimage","url":"https:\/\/autorival.ro\/fiat\/wp-content\/uploads\/sites\/9\/2025\/05\/75605093.jpg","contentUrl":"https:\/\/autorival.ro\/fiat\/wp-content\/uploads\/sites\/9\/2025\/05\/75605093.jpg","width":310,"height":400,"caption":"Modul semnalizare FIAT CROMA (154_) 2500 D diesel 75 cai HERTH BUSS ELPARTS 75605093"},{"@type":"BreadcrumbList","@id":"https:\/\/autorival.ro\/fiat\/product\/modul-semnalizare-fiat-croma-154_-2500-d-diesel-75-cai-herth-buss-elparts-75605093\/#breadcrumb","itemListElement":[{"@type":"ListItem","position":1,"name":"Prima pagin\u0103","item":"https:\/\/autorival.ro\/fiat\/"},{"@type":"ListItem","position":2,"name":"Piese auto FIAT","item":"https:\/\/autorival.ro\/fiat\/"},{"@type":"ListItem","position":3,"name":"Modul semnalizare FIAT CROMA (154_) 2500 D diesel 75 cai HERTH BUSS ELPARTS 75605093"}]},{"@type":"WebSite","@id":"https:\/\/autorival.ro\/fiat\/#website","url":"https:\/\/autorival.ro\/fiat\/","name":"FIAT","description":"","potentialAction":[{"@type":"SearchAction","target":{"@type":"EntryPoint","urlTemplate":"https:\/\/autorival.ro\/fiat\/?s={search_term_string}"},"query-input":{"@type":"PropertyValueSpecification","valueRequired":true,"valueName":"search_term_string"}}],"inLanguage":"en-US"}]}},"_links":{"self":[{"href":"https:\/\/autorival.ro\/fiat\/wp-json\/wp\/v2\/product\/258191","targetHints":{"allow":["GET"]}}],"collection":[{"href":"https:\/\/autorival.ro\/fiat\/wp-json\/wp\/v2\/product"}],"about":[{"href":"https:\/\/autorival.ro\/fiat\/wp-json\/wp\/v2\/types\/product"}],"replies":[{"embeddable":true,"href":"https:\/\/autorival.ro\/fiat\/wp-json\/wp\/v2\/comments?post=258191"}],"wp:featuredmedia":[{"embeddable":true,"href":"https:\/\/autorival.ro\/fiat\/wp-json\/wp\/v2\/media\/258190"}],"wp:attachment":[{"href":"https:\/\/autorival.ro\/fiat\/wp-json\/wp\/v2\/media?parent=258191"}],"wp:term":[{"taxonomy":"product_brand","embeddable":true,"href":"https:\/\/autorival.ro\/fiat\/wp-json\/wp\/v2\/product_brand?post=258191"},{"taxonomy":"product_cat","embeddable":true,"href":"https:\/\/autorival.ro\/fiat\/wp-json\/wp\/v2\/product_cat?post=258191"},{"taxonomy":"product_tag","embeddable":true,"href":"https:\/\/autorival.ro\/fiat\/wp-json\/wp\/v2\/product_tag?post=258191"}],"curies":[{"name":"wp","href":"https:\/\/api.w.org\/{rel}","templated":true}]}}