{"id":23957,"date":"2025-05-14T10:35:43","date_gmt":"2025-05-14T10:35:43","guid":{"rendered":"https:\/\/autorival.ro\/fiat\/product\/arc-spiral-fiat-panda-169_-1-2-169-axb11-169-axb1a-benzina-60-cai-eibach-r10400\/"},"modified":"2025-05-14T10:35:44","modified_gmt":"2025-05-14T10:35:44","slug":"arc-spiral-fiat-panda-169_-1-2-169-axb11-169-axb1a-benzina-60-cai-eibach-r10400","status":"publish","type":"product","link":"https:\/\/autorival.ro\/fiat\/product\/arc-spiral-fiat-panda-169_-1-2-169-axb11-169-axb1a-benzina-60-cai-eibach-r10400\/","title":{"rendered":"Arc spiral FIAT PANDA (169_) 1.2 (169.AXB11, 169.AXB1A) benzina 60 cai EIBACH R10400"},"content":{"rendered":"<p>Partea de montare: puntea spateTip consctructiv arc: Arc elicoidal cu diametrul sarmei constantVerificare num\u0103r OE\u00eenlocuire \u00een pereche recomandat\u0103 ->Diametru s\u00e2rm\u0103 [mm]: 12 ->Lungime [mm]: 308Numar de spire: 5,8<\/p>\n","protected":false},"excerpt":{"rendered":"<p>Producator: EIBACH Cod producator: R10400<\/p>\n","protected":false},"featured_media":23912,"comment_status":"open","ping_status":"closed","template":"","meta":[],"product_brand":[2484],"product_cat":[2575],"product_tag":[38408,38550,38557,38291,38323,38556],"class_list":{"0":"post-23957","1":"product","2":"type-product","3":"status-publish","4":"has-post-thumbnail","6":"product_brand-eibach","7":"product_cat-arc-spiral-169_-1-2-169-axb11-169-axb1a-benzina-60","8":"product_tag-169_","9":"product_tag-arc","10":"product_tag-eibach","11":"product_tag-fiat","12":"product_tag-panda","13":"product_tag-spiral","15":"first","16":"instock","17":"shipping-taxable","18":"purchasable","19":"product-type-simple"},"yoast_head":"<!-- This site is optimized with the Yoast SEO plugin v27.3 - https:\/\/yoast.com\/product\/yoast-seo-wordpress\/ -->\n<title>Arc spiral FIAT PANDA (169_) 1.2 (169.AXB11, 169.AXB1A) benzina 60 cai EIBACH R10400 FIAT | EIBACH - Autorival<\/title>\n<meta name=\"description\" content=\"\u26a1 Arc spiral FIAT PANDA (169_) 1.2 (169.AXB11, 169.AXB1A) benzina 60 cai EIBACH R10400 pentru FIAT la doar 202.65 RON. \u2713 Cod: R10400 \u2713 Brand: EIBACH \u2713 \u00cen stoc \u2713 Livrare 24h \u2713 Garan\u021bie!\" \/>\n<meta name=\"robots\" content=\"index, follow, max-snippet:-1, max-image-preview:large, max-video-preview:-1\" \/>\n<meta property=\"og:locale\" content=\"en_US\" \/>\n<meta property=\"og:type\" content=\"article\" \/>\n<meta property=\"og:title\" content=\"Arc spiral FIAT PANDA (169_) 1.2 (169.AXB11, 169.AXB1A) benzina 60 cai EIBACH R10400 FIAT | EIBACH - Autorival\" \/>\n<meta property=\"og:description\" content=\"\u26a1 Arc spiral FIAT PANDA (169_) 1.2 (169.AXB11, 169.AXB1A) benzina 60 cai EIBACH R10400 pentru FIAT la doar 202.65 RON. \u2713 Cod: R10400 \u2713 Brand: EIBACH \u2713 \u00cen stoc \u2713 Livrare 24h \u2713 Garan\u021bie!\" \/>\n<meta property=\"og:url\" content=\"https:\/\/autorival.ro\/fiat\/product\/arc-spiral-fiat-panda-169_-1-2-169-axb11-169-axb1a-benzina-60-cai-eibach-r10400\/\" \/>\n<meta property=\"og:site_name\" content=\"FIAT\" \/>\n<meta property=\"article:modified_time\" content=\"2025-05-14T10:35:44+00:00\" \/>\n<meta property=\"og:image\" content=\"https:\/\/autorival.ro\/fiat\/wp-content\/uploads\/sites\/9\/2025\/05\/erl.jpg\" \/>\n\t<meta property=\"og:image:width\" content=\"1800\" \/>\n\t<meta property=\"og:image:height\" content=\"1800\" \/>\n\t<meta property=\"og:image:type\" content=\"image\/jpeg\" \/>\n<meta name=\"twitter:card\" content=\"summary_large_image\" \/>\n<meta name=\"twitter:title\" content=\"Arc spiral FIAT PANDA (169_) 1.2 (169.AXB11, 169.AXB1A) benzina 60 cai EIBACH R10400 FIAT | EIBACH - Autorival\" \/>\n<meta name=\"twitter:description\" content=\"\u26a1 Arc spiral FIAT PANDA (169_) 1.2 (169.AXB11, 169.AXB1A) benzina 60 cai EIBACH R10400 pentru FIAT la doar 202.65 RON. \u2713 Cod: R10400 \u2713 Brand: EIBACH \u2713 \u00cen stoc \u2713 Livrare 24h \u2713 Garan\u021bie!\" \/>\n<script type=\"application\/ld+json\" class=\"yoast-schema-graph\">{\"@context\":\"https:\\\/\\\/schema.org\",\"@graph\":[{\"@type\":\"WebPage\",\"@id\":\"https:\\\/\\\/autorival.ro\\\/fiat\\\/product\\\/arc-spiral-fiat-panda-169_-1-2-169-axb11-169-axb1a-benzina-60-cai-eibach-r10400\\\/\",\"url\":\"https:\\\/\\\/autorival.ro\\\/fiat\\\/product\\\/arc-spiral-fiat-panda-169_-1-2-169-axb11-169-axb1a-benzina-60-cai-eibach-r10400\\\/\",\"name\":\"Arc spiral FIAT PANDA (169_) 1.2 (169.AXB11, 169.AXB1A) benzina 60 cai EIBACH R10400 FIAT | EIBACH - Autorival\",\"isPartOf\":{\"@id\":\"https:\\\/\\\/autorival.ro\\\/fiat\\\/#website\"},\"primaryImageOfPage\":{\"@id\":\"https:\\\/\\\/autorival.ro\\\/fiat\\\/product\\\/arc-spiral-fiat-panda-169_-1-2-169-axb11-169-axb1a-benzina-60-cai-eibach-r10400\\\/#primaryimage\"},\"image\":{\"@id\":\"https:\\\/\\\/autorival.ro\\\/fiat\\\/product\\\/arc-spiral-fiat-panda-169_-1-2-169-axb11-169-axb1a-benzina-60-cai-eibach-r10400\\\/#primaryimage\"},\"thumbnailUrl\":\"https:\\\/\\\/autorival.ro\\\/fiat\\\/wp-content\\\/uploads\\\/sites\\\/9\\\/2025\\\/05\\\/erl.jpg\",\"datePublished\":\"2025-05-14T10:35:43+00:00\",\"dateModified\":\"2025-05-14T10:35:44+00:00\",\"description\":\"\u26a1 Arc spiral FIAT PANDA (169_) 1.2 (169.AXB11, 169.AXB1A) benzina 60 cai EIBACH R10400 pentru FIAT la doar 202.65 RON. \u2713 Cod: R10400 \u2713 Brand: EIBACH \u2713 \u00cen stoc \u2713 Livrare 24h \u2713 Garan\u021bie!\",\"breadcrumb\":{\"@id\":\"https:\\\/\\\/autorival.ro\\\/fiat\\\/product\\\/arc-spiral-fiat-panda-169_-1-2-169-axb11-169-axb1a-benzina-60-cai-eibach-r10400\\\/#breadcrumb\"},\"inLanguage\":\"en-US\",\"potentialAction\":[{\"@type\":\"ReadAction\",\"target\":[\"https:\\\/\\\/autorival.ro\\\/fiat\\\/product\\\/arc-spiral-fiat-panda-169_-1-2-169-axb11-169-axb1a-benzina-60-cai-eibach-r10400\\\/\"]}]},{\"@type\":\"ImageObject\",\"inLanguage\":\"en-US\",\"@id\":\"https:\\\/\\\/autorival.ro\\\/fiat\\\/product\\\/arc-spiral-fiat-panda-169_-1-2-169-axb11-169-axb1a-benzina-60-cai-eibach-r10400\\\/#primaryimage\",\"url\":\"https:\\\/\\\/autorival.ro\\\/fiat\\\/wp-content\\\/uploads\\\/sites\\\/9\\\/2025\\\/05\\\/erl.jpg\",\"contentUrl\":\"https:\\\/\\\/autorival.ro\\\/fiat\\\/wp-content\\\/uploads\\\/sites\\\/9\\\/2025\\\/05\\\/erl.jpg\",\"width\":1800,\"height\":1800,\"caption\":\"Arc spiral FIAT PANDA (169_) 1.1 (169.AXA1A) benzina 54 cai EIBACH R10400\"},{\"@type\":\"BreadcrumbList\",\"@id\":\"https:\\\/\\\/autorival.ro\\\/fiat\\\/product\\\/arc-spiral-fiat-panda-169_-1-2-169-axb11-169-axb1a-benzina-60-cai-eibach-r10400\\\/#breadcrumb\",\"itemListElement\":[{\"@type\":\"ListItem\",\"position\":1,\"name\":\"Prima pagin\u0103\",\"item\":\"https:\\\/\\\/autorival.ro\\\/fiat\\\/\"},{\"@type\":\"ListItem\",\"position\":2,\"name\":\"Piese auto FIAT\",\"item\":\"https:\\\/\\\/autorival.ro\\\/fiat\\\/\"},{\"@type\":\"ListItem\",\"position\":3,\"name\":\"Arc spiral FIAT PANDA (169_) 1.2 (169.AXB11, 169.AXB1A) benzina 60 cai EIBACH R10400\"}]},{\"@type\":\"WebSite\",\"@id\":\"https:\\\/\\\/autorival.ro\\\/fiat\\\/#website\",\"url\":\"https:\\\/\\\/autorival.ro\\\/fiat\\\/\",\"name\":\"FIAT\",\"description\":\"\",\"potentialAction\":[{\"@type\":\"SearchAction\",\"target\":{\"@type\":\"EntryPoint\",\"urlTemplate\":\"https:\\\/\\\/autorival.ro\\\/fiat\\\/?s={search_term_string}\"},\"query-input\":{\"@type\":\"PropertyValueSpecification\",\"valueRequired\":true,\"valueName\":\"search_term_string\"}}],\"inLanguage\":\"en-US\"}]}<\/script>\n<!-- \/ Yoast SEO plugin. -->","yoast_head_json":{"title":"Arc spiral FIAT PANDA (169_) 1.2 (169.AXB11, 169.AXB1A) benzina 60 cai EIBACH R10400 FIAT | EIBACH - Autorival","description":"\u26a1 Arc spiral FIAT PANDA (169_) 1.2 (169.AXB11, 169.AXB1A) benzina 60 cai EIBACH R10400 pentru FIAT la doar 202.65 RON. \u2713 Cod: R10400 \u2713 Brand: EIBACH \u2713 \u00cen stoc \u2713 Livrare 24h \u2713 Garan\u021bie!","robots":{"index":"index","follow":"follow","max-snippet":"max-snippet:-1","max-image-preview":"max-image-preview:large","max-video-preview":"max-video-preview:-1"},"og_locale":"en_US","og_type":"article","og_title":"Arc spiral FIAT PANDA (169_) 1.2 (169.AXB11, 169.AXB1A) benzina 60 cai EIBACH R10400 FIAT | EIBACH - Autorival","og_description":"\u26a1 Arc spiral FIAT PANDA (169_) 1.2 (169.AXB11, 169.AXB1A) benzina 60 cai EIBACH R10400 pentru FIAT la doar 202.65 RON. \u2713 Cod: R10400 \u2713 Brand: EIBACH \u2713 \u00cen stoc \u2713 Livrare 24h \u2713 Garan\u021bie!","og_url":"https:\/\/autorival.ro\/fiat\/product\/arc-spiral-fiat-panda-169_-1-2-169-axb11-169-axb1a-benzina-60-cai-eibach-r10400\/","og_site_name":"FIAT","article_modified_time":"2025-05-14T10:35:44+00:00","og_image":[{"width":1800,"height":1800,"url":"https:\/\/autorival.ro\/fiat\/wp-content\/uploads\/sites\/9\/2025\/05\/erl.jpg","type":"image\/jpeg"}],"twitter_card":"summary_large_image","twitter_title":"Arc spiral FIAT PANDA (169_) 1.2 (169.AXB11, 169.AXB1A) benzina 60 cai EIBACH R10400 FIAT | EIBACH - Autorival","twitter_description":"\u26a1 Arc spiral FIAT PANDA (169_) 1.2 (169.AXB11, 169.AXB1A) benzina 60 cai EIBACH R10400 pentru FIAT la doar 202.65 RON. \u2713 Cod: R10400 \u2713 Brand: EIBACH \u2713 \u00cen stoc \u2713 Livrare 24h \u2713 Garan\u021bie!","schema":{"@context":"https:\/\/schema.org","@graph":[{"@type":"WebPage","@id":"https:\/\/autorival.ro\/fiat\/product\/arc-spiral-fiat-panda-169_-1-2-169-axb11-169-axb1a-benzina-60-cai-eibach-r10400\/","url":"https:\/\/autorival.ro\/fiat\/product\/arc-spiral-fiat-panda-169_-1-2-169-axb11-169-axb1a-benzina-60-cai-eibach-r10400\/","name":"Arc spiral FIAT PANDA (169_) 1.2 (169.AXB11, 169.AXB1A) benzina 60 cai EIBACH R10400 FIAT | EIBACH - Autorival","isPartOf":{"@id":"https:\/\/autorival.ro\/fiat\/#website"},"primaryImageOfPage":{"@id":"https:\/\/autorival.ro\/fiat\/product\/arc-spiral-fiat-panda-169_-1-2-169-axb11-169-axb1a-benzina-60-cai-eibach-r10400\/#primaryimage"},"image":{"@id":"https:\/\/autorival.ro\/fiat\/product\/arc-spiral-fiat-panda-169_-1-2-169-axb11-169-axb1a-benzina-60-cai-eibach-r10400\/#primaryimage"},"thumbnailUrl":"https:\/\/autorival.ro\/fiat\/wp-content\/uploads\/sites\/9\/2025\/05\/erl.jpg","datePublished":"2025-05-14T10:35:43+00:00","dateModified":"2025-05-14T10:35:44+00:00","description":"\u26a1 Arc spiral FIAT PANDA (169_) 1.2 (169.AXB11, 169.AXB1A) benzina 60 cai EIBACH R10400 pentru FIAT la doar 202.65 RON. \u2713 Cod: R10400 \u2713 Brand: EIBACH \u2713 \u00cen stoc \u2713 Livrare 24h \u2713 Garan\u021bie!","breadcrumb":{"@id":"https:\/\/autorival.ro\/fiat\/product\/arc-spiral-fiat-panda-169_-1-2-169-axb11-169-axb1a-benzina-60-cai-eibach-r10400\/#breadcrumb"},"inLanguage":"en-US","potentialAction":[{"@type":"ReadAction","target":["https:\/\/autorival.ro\/fiat\/product\/arc-spiral-fiat-panda-169_-1-2-169-axb11-169-axb1a-benzina-60-cai-eibach-r10400\/"]}]},{"@type":"ImageObject","inLanguage":"en-US","@id":"https:\/\/autorival.ro\/fiat\/product\/arc-spiral-fiat-panda-169_-1-2-169-axb11-169-axb1a-benzina-60-cai-eibach-r10400\/#primaryimage","url":"https:\/\/autorival.ro\/fiat\/wp-content\/uploads\/sites\/9\/2025\/05\/erl.jpg","contentUrl":"https:\/\/autorival.ro\/fiat\/wp-content\/uploads\/sites\/9\/2025\/05\/erl.jpg","width":1800,"height":1800,"caption":"Arc spiral FIAT PANDA (169_) 1.1 (169.AXA1A) benzina 54 cai EIBACH R10400"},{"@type":"BreadcrumbList","@id":"https:\/\/autorival.ro\/fiat\/product\/arc-spiral-fiat-panda-169_-1-2-169-axb11-169-axb1a-benzina-60-cai-eibach-r10400\/#breadcrumb","itemListElement":[{"@type":"ListItem","position":1,"name":"Prima pagin\u0103","item":"https:\/\/autorival.ro\/fiat\/"},{"@type":"ListItem","position":2,"name":"Piese auto FIAT","item":"https:\/\/autorival.ro\/fiat\/"},{"@type":"ListItem","position":3,"name":"Arc spiral FIAT PANDA (169_) 1.2 (169.AXB11, 169.AXB1A) benzina 60 cai EIBACH R10400"}]},{"@type":"WebSite","@id":"https:\/\/autorival.ro\/fiat\/#website","url":"https:\/\/autorival.ro\/fiat\/","name":"FIAT","description":"","potentialAction":[{"@type":"SearchAction","target":{"@type":"EntryPoint","urlTemplate":"https:\/\/autorival.ro\/fiat\/?s={search_term_string}"},"query-input":{"@type":"PropertyValueSpecification","valueRequired":true,"valueName":"search_term_string"}}],"inLanguage":"en-US"}]}},"_links":{"self":[{"href":"https:\/\/autorival.ro\/fiat\/wp-json\/wp\/v2\/product\/23957","targetHints":{"allow":["GET"]}}],"collection":[{"href":"https:\/\/autorival.ro\/fiat\/wp-json\/wp\/v2\/product"}],"about":[{"href":"https:\/\/autorival.ro\/fiat\/wp-json\/wp\/v2\/types\/product"}],"replies":[{"embeddable":true,"href":"https:\/\/autorival.ro\/fiat\/wp-json\/wp\/v2\/comments?post=23957"}],"wp:featuredmedia":[{"embeddable":true,"href":"https:\/\/autorival.ro\/fiat\/wp-json\/wp\/v2\/media\/23912"}],"wp:attachment":[{"href":"https:\/\/autorival.ro\/fiat\/wp-json\/wp\/v2\/media?parent=23957"}],"wp:term":[{"taxonomy":"product_brand","embeddable":true,"href":"https:\/\/autorival.ro\/fiat\/wp-json\/wp\/v2\/product_brand?post=23957"},{"taxonomy":"product_cat","embeddable":true,"href":"https:\/\/autorival.ro\/fiat\/wp-json\/wp\/v2\/product_cat?post=23957"},{"taxonomy":"product_tag","embeddable":true,"href":"https:\/\/autorival.ro\/fiat\/wp-json\/wp\/v2\/product_tag?post=23957"}],"curies":[{"name":"wp","href":"https:\/\/api.w.org\/{rel}","templated":true}]}}