{"id":2361,"date":"2025-05-14T08:50:23","date_gmt":"2025-05-14T08:50:23","guid":{"rendered":"https:\/\/autorival.ro\/fiat\/product\/alternator-fiat-500x-334_-1-6-d-multijet-334axa1b-334axa11-diesel-120-cai-as-pl-a6364\/"},"modified":"2025-05-14T08:50:23","modified_gmt":"2025-05-14T08:50:23","slug":"alternator-fiat-500x-334_-1-6-d-multijet-334axa1b-334axa11-diesel-120-cai-as-pl-a6364","status":"publish","type":"product","link":"https:\/\/autorival.ro\/fiat\/product\/alternator-fiat-500x-334_-1-6-d-multijet-334axa1b-334axa11-diesel-120-cai-as-pl-a6364\/","title":{"rendered":"Alternator FIAT 500X (334_) 1.6 D Multijet (334AXA1B, 334AXA11) diesel 120 cai AS-PL A6364"},"content":{"rendered":"<p>Restrictiile producatorului: DENSOTensiune [V]: 12Curent de incarcare generator [A]: 150Role: cu rola curea cu cuplaj unisensVersiune: 104211-8540Calitate: STANDARD LINEPies\u0103 nou\u0103 f\u0103r\u0103 gaj<\/p>\n","protected":false},"excerpt":{"rendered":"<p>Producator: AS-PL Cod producator: A6364<\/p>\n","protected":false},"featured_media":2339,"comment_status":"open","ping_status":"closed","template":"","meta":[],"product_brand":[793],"product_cat":[844],"product_tag":[38317,38384,38316,38342,38341,38291,38368],"class_list":{"0":"post-2361","1":"product","2":"type-product","3":"status-publish","4":"has-post-thumbnail","6":"product_brand-as-pl","7":"product_cat-alternator-334_-1-6-d-multijet-334axa1b-334axa11-diesel-120","8":"product_tag-334_","9":"product_tag-1-6","10":"product_tag-500x","11":"product_tag-alternator","12":"product_tag-as","13":"product_tag-fiat","14":"product_tag-multijet","16":"first","17":"instock","18":"shipping-taxable","19":"purchasable","20":"product-type-simple"},"yoast_head":"<!-- This site is optimized with the Yoast SEO plugin v27.3 - https:\/\/yoast.com\/product\/yoast-seo-wordpress\/ -->\n<title>Alternator FIAT 500X (334_) 1.6 D Multijet (334AXA1B, 334AXA11) diesel 120 cai AS-PL A6364 - FIAT<\/title>\n<meta name=\"robots\" content=\"index, follow, max-snippet:-1, max-image-preview:large, max-video-preview:-1\" \/>\n<meta property=\"og:locale\" content=\"en_US\" \/>\n<meta property=\"og:type\" content=\"article\" \/>\n<meta property=\"og:title\" content=\"Alternator FIAT 500X (334_) 1.6 D Multijet (334AXA1B, 334AXA11) diesel 120 cai AS-PL A6364 - FIAT\" \/>\n<meta property=\"og:description\" content=\"Producator: AS-PL Cod producator: A6364\" \/>\n<meta property=\"og:url\" content=\"https:\/\/autorival.ro\/fiat\/product\/alternator-fiat-500x-334_-1-6-d-multijet-334axa1b-334axa11-diesel-120-cai-as-pl-a6364\/\" \/>\n<meta property=\"og:site_name\" content=\"FIAT\" \/>\n<meta property=\"og:image\" content=\"https:\/\/autorival.ro\/fiat\/wp-content\/uploads\/sites\/9\/2025\/05\/88824-1.jpg\" \/>\n\t<meta property=\"og:image:width\" content=\"1080\" \/>\n\t<meta property=\"og:image:height\" content=\"810\" \/>\n\t<meta property=\"og:image:type\" content=\"image\/jpeg\" \/>\n<meta name=\"twitter:card\" content=\"summary_large_image\" \/>\n<script type=\"application\/ld+json\" class=\"yoast-schema-graph\">{\"@context\":\"https:\\\/\\\/schema.org\",\"@graph\":[{\"@type\":\"WebPage\",\"@id\":\"https:\\\/\\\/autorival.ro\\\/fiat\\\/product\\\/alternator-fiat-500x-334_-1-6-d-multijet-334axa1b-334axa11-diesel-120-cai-as-pl-a6364\\\/\",\"url\":\"https:\\\/\\\/autorival.ro\\\/fiat\\\/product\\\/alternator-fiat-500x-334_-1-6-d-multijet-334axa1b-334axa11-diesel-120-cai-as-pl-a6364\\\/\",\"name\":\"Alternator FIAT 500X (334_) 1.6 D Multijet (334AXA1B, 334AXA11) diesel 120 cai AS-PL A6364 - FIAT\",\"isPartOf\":{\"@id\":\"https:\\\/\\\/autorival.ro\\\/fiat\\\/#website\"},\"primaryImageOfPage\":{\"@id\":\"https:\\\/\\\/autorival.ro\\\/fiat\\\/product\\\/alternator-fiat-500x-334_-1-6-d-multijet-334axa1b-334axa11-diesel-120-cai-as-pl-a6364\\\/#primaryimage\"},\"image\":{\"@id\":\"https:\\\/\\\/autorival.ro\\\/fiat\\\/product\\\/alternator-fiat-500x-334_-1-6-d-multijet-334axa1b-334axa11-diesel-120-cai-as-pl-a6364\\\/#primaryimage\"},\"thumbnailUrl\":\"https:\\\/\\\/autorival.ro\\\/fiat\\\/wp-content\\\/uploads\\\/sites\\\/9\\\/2025\\\/05\\\/88824-1.jpg\",\"datePublished\":\"2025-05-14T08:50:23+00:00\",\"breadcrumb\":{\"@id\":\"https:\\\/\\\/autorival.ro\\\/fiat\\\/product\\\/alternator-fiat-500x-334_-1-6-d-multijet-334axa1b-334axa11-diesel-120-cai-as-pl-a6364\\\/#breadcrumb\"},\"inLanguage\":\"en-US\",\"potentialAction\":[{\"@type\":\"ReadAction\",\"target\":[\"https:\\\/\\\/autorival.ro\\\/fiat\\\/product\\\/alternator-fiat-500x-334_-1-6-d-multijet-334axa1b-334axa11-diesel-120-cai-as-pl-a6364\\\/\"]}]},{\"@type\":\"ImageObject\",\"inLanguage\":\"en-US\",\"@id\":\"https:\\\/\\\/autorival.ro\\\/fiat\\\/product\\\/alternator-fiat-500x-334_-1-6-d-multijet-334axa1b-334axa11-diesel-120-cai-as-pl-a6364\\\/#primaryimage\",\"url\":\"https:\\\/\\\/autorival.ro\\\/fiat\\\/wp-content\\\/uploads\\\/sites\\\/9\\\/2025\\\/05\\\/88824-1.jpg\",\"contentUrl\":\"https:\\\/\\\/autorival.ro\\\/fiat\\\/wp-content\\\/uploads\\\/sites\\\/9\\\/2025\\\/05\\\/88824-1.jpg\",\"width\":1080,\"height\":810,\"caption\":\"Alternator FIAT 500X (334_) 1.6 D Multijet (334AXA1B) diesel 114 cai AS-PL A6364\"},{\"@type\":\"BreadcrumbList\",\"@id\":\"https:\\\/\\\/autorival.ro\\\/fiat\\\/product\\\/alternator-fiat-500x-334_-1-6-d-multijet-334axa1b-334axa11-diesel-120-cai-as-pl-a6364\\\/#breadcrumb\",\"itemListElement\":[{\"@type\":\"ListItem\",\"position\":1,\"name\":\"Prima pagin\u0103\",\"item\":\"https:\\\/\\\/autorival.ro\\\/fiat\\\/\"},{\"@type\":\"ListItem\",\"position\":2,\"name\":\"Piese auto FIAT\",\"item\":\"https:\\\/\\\/autorival.ro\\\/fiat\\\/\"},{\"@type\":\"ListItem\",\"position\":3,\"name\":\"Alternator FIAT 500X (334_) 1.6 D Multijet (334AXA1B, 334AXA11) diesel 120 cai AS-PL A6364\"}]},{\"@type\":\"WebSite\",\"@id\":\"https:\\\/\\\/autorival.ro\\\/fiat\\\/#website\",\"url\":\"https:\\\/\\\/autorival.ro\\\/fiat\\\/\",\"name\":\"FIAT\",\"description\":\"\",\"potentialAction\":[{\"@type\":\"SearchAction\",\"target\":{\"@type\":\"EntryPoint\",\"urlTemplate\":\"https:\\\/\\\/autorival.ro\\\/fiat\\\/?s={search_term_string}\"},\"query-input\":{\"@type\":\"PropertyValueSpecification\",\"valueRequired\":true,\"valueName\":\"search_term_string\"}}],\"inLanguage\":\"en-US\"}]}<\/script>\n<!-- \/ Yoast SEO plugin. -->","yoast_head_json":{"title":"Alternator FIAT 500X (334_) 1.6 D Multijet (334AXA1B, 334AXA11) diesel 120 cai AS-PL A6364 - FIAT","robots":{"index":"index","follow":"follow","max-snippet":"max-snippet:-1","max-image-preview":"max-image-preview:large","max-video-preview":"max-video-preview:-1"},"og_locale":"en_US","og_type":"article","og_title":"Alternator FIAT 500X (334_) 1.6 D Multijet (334AXA1B, 334AXA11) diesel 120 cai AS-PL A6364 - FIAT","og_description":"Producator: AS-PL Cod producator: A6364","og_url":"https:\/\/autorival.ro\/fiat\/product\/alternator-fiat-500x-334_-1-6-d-multijet-334axa1b-334axa11-diesel-120-cai-as-pl-a6364\/","og_site_name":"FIAT","og_image":[{"width":1080,"height":810,"url":"https:\/\/autorival.ro\/fiat\/wp-content\/uploads\/sites\/9\/2025\/05\/88824-1.jpg","type":"image\/jpeg"}],"twitter_card":"summary_large_image","schema":{"@context":"https:\/\/schema.org","@graph":[{"@type":"WebPage","@id":"https:\/\/autorival.ro\/fiat\/product\/alternator-fiat-500x-334_-1-6-d-multijet-334axa1b-334axa11-diesel-120-cai-as-pl-a6364\/","url":"https:\/\/autorival.ro\/fiat\/product\/alternator-fiat-500x-334_-1-6-d-multijet-334axa1b-334axa11-diesel-120-cai-as-pl-a6364\/","name":"Alternator FIAT 500X (334_) 1.6 D Multijet (334AXA1B, 334AXA11) diesel 120 cai AS-PL A6364 - FIAT","isPartOf":{"@id":"https:\/\/autorival.ro\/fiat\/#website"},"primaryImageOfPage":{"@id":"https:\/\/autorival.ro\/fiat\/product\/alternator-fiat-500x-334_-1-6-d-multijet-334axa1b-334axa11-diesel-120-cai-as-pl-a6364\/#primaryimage"},"image":{"@id":"https:\/\/autorival.ro\/fiat\/product\/alternator-fiat-500x-334_-1-6-d-multijet-334axa1b-334axa11-diesel-120-cai-as-pl-a6364\/#primaryimage"},"thumbnailUrl":"https:\/\/autorival.ro\/fiat\/wp-content\/uploads\/sites\/9\/2025\/05\/88824-1.jpg","datePublished":"2025-05-14T08:50:23+00:00","breadcrumb":{"@id":"https:\/\/autorival.ro\/fiat\/product\/alternator-fiat-500x-334_-1-6-d-multijet-334axa1b-334axa11-diesel-120-cai-as-pl-a6364\/#breadcrumb"},"inLanguage":"en-US","potentialAction":[{"@type":"ReadAction","target":["https:\/\/autorival.ro\/fiat\/product\/alternator-fiat-500x-334_-1-6-d-multijet-334axa1b-334axa11-diesel-120-cai-as-pl-a6364\/"]}]},{"@type":"ImageObject","inLanguage":"en-US","@id":"https:\/\/autorival.ro\/fiat\/product\/alternator-fiat-500x-334_-1-6-d-multijet-334axa1b-334axa11-diesel-120-cai-as-pl-a6364\/#primaryimage","url":"https:\/\/autorival.ro\/fiat\/wp-content\/uploads\/sites\/9\/2025\/05\/88824-1.jpg","contentUrl":"https:\/\/autorival.ro\/fiat\/wp-content\/uploads\/sites\/9\/2025\/05\/88824-1.jpg","width":1080,"height":810,"caption":"Alternator FIAT 500X (334_) 1.6 D Multijet (334AXA1B) diesel 114 cai AS-PL A6364"},{"@type":"BreadcrumbList","@id":"https:\/\/autorival.ro\/fiat\/product\/alternator-fiat-500x-334_-1-6-d-multijet-334axa1b-334axa11-diesel-120-cai-as-pl-a6364\/#breadcrumb","itemListElement":[{"@type":"ListItem","position":1,"name":"Prima pagin\u0103","item":"https:\/\/autorival.ro\/fiat\/"},{"@type":"ListItem","position":2,"name":"Piese auto FIAT","item":"https:\/\/autorival.ro\/fiat\/"},{"@type":"ListItem","position":3,"name":"Alternator FIAT 500X (334_) 1.6 D Multijet (334AXA1B, 334AXA11) diesel 120 cai AS-PL A6364"}]},{"@type":"WebSite","@id":"https:\/\/autorival.ro\/fiat\/#website","url":"https:\/\/autorival.ro\/fiat\/","name":"FIAT","description":"","potentialAction":[{"@type":"SearchAction","target":{"@type":"EntryPoint","urlTemplate":"https:\/\/autorival.ro\/fiat\/?s={search_term_string}"},"query-input":{"@type":"PropertyValueSpecification","valueRequired":true,"valueName":"search_term_string"}}],"inLanguage":"en-US"}]}},"_links":{"self":[{"href":"https:\/\/autorival.ro\/fiat\/wp-json\/wp\/v2\/product\/2361","targetHints":{"allow":["GET"]}}],"collection":[{"href":"https:\/\/autorival.ro\/fiat\/wp-json\/wp\/v2\/product"}],"about":[{"href":"https:\/\/autorival.ro\/fiat\/wp-json\/wp\/v2\/types\/product"}],"replies":[{"embeddable":true,"href":"https:\/\/autorival.ro\/fiat\/wp-json\/wp\/v2\/comments?post=2361"}],"wp:featuredmedia":[{"embeddable":true,"href":"https:\/\/autorival.ro\/fiat\/wp-json\/wp\/v2\/media\/2339"}],"wp:attachment":[{"href":"https:\/\/autorival.ro\/fiat\/wp-json\/wp\/v2\/media?parent=2361"}],"wp:term":[{"taxonomy":"product_brand","embeddable":true,"href":"https:\/\/autorival.ro\/fiat\/wp-json\/wp\/v2\/product_brand?post=2361"},{"taxonomy":"product_cat","embeddable":true,"href":"https:\/\/autorival.ro\/fiat\/wp-json\/wp\/v2\/product_cat?post=2361"},{"taxonomy":"product_tag","embeddable":true,"href":"https:\/\/autorival.ro\/fiat\/wp-json\/wp\/v2\/product_tag?post=2361"}],"curies":[{"name":"wp","href":"https:\/\/api.w.org\/{rel}","templated":true}]}}