{"id":220600,"date":"2025-05-18T16:30:29","date_gmt":"2025-05-18T16:30:29","guid":{"rendered":"https:\/\/autorival.ro\/fiat\/product\/furtun-alimentare-aer-fiat-doblo-cargo-263_-1-3-d-multijet-diesel-90-cai-metzger-2388074\/"},"modified":"2025-05-18T16:30:29","modified_gmt":"2025-05-18T16:30:29","slug":"furtun-alimentare-aer-fiat-doblo-cargo-263_-1-3-d-multijet-diesel-90-cai-metzger-2388074","status":"publish","type":"product","link":"https:\/\/autorival.ro\/fiat\/product\/furtun-alimentare-aer-fiat-doblo-cargo-263_-1-3-d-multijet-diesel-90-cai-metzger-2388074\/","title":{"rendered":"Furtun alimentare aer FIAT DOBLO Cargo (263_) 1.3 D Multijet diesel 90 cai METZGER 2388074"},"content":{"rendered":"<p>Zone climaterice: nu pentru climat receArticol extins\/Informatii de extindere: f\u0103r\u0103 \u00eenc\u0103lzire suplimentar\u0103Norma gaze de esapament: Euro 5, Euro 5+, Euro 5bSepararea blocurilorEchipament vehicul: Pentru autovehicole cu Functie-Strat-Stopnu pentru norma noxe: Euro 5, Euro 5bMaterial: plastic, cauciucPartea de montare: Senzor debit aer, iesire, Turbocompresor cu gaze de esapament, admisie<\/p>\n","protected":false},"excerpt":{"rendered":"<p>Producator: METZGER Cod producator: 2388074<\/p>\n","protected":false},"featured_media":220584,"comment_status":"open","ping_status":"closed","template":"","meta":[],"product_brand":[1271],"product_cat":[16694],"product_tag":[38906,38954,38318,38291,39206,38482],"class_list":{"0":"post-220600","1":"product","2":"type-product","3":"status-publish","4":"has-post-thumbnail","6":"product_brand-metzger","7":"product_cat-furtun-alimentare-aer-cargo-263_-1-3-d-multijet-diesel-90","8":"product_tag-aer","9":"product_tag-alimentare","10":"product_tag-doblo","11":"product_tag-fiat","12":"product_tag-furtun","13":"product_tag-metzger","15":"first","16":"instock","17":"shipping-taxable","18":"purchasable","19":"product-type-simple"},"yoast_head":"<!-- This site is optimized with the Yoast SEO plugin v27.4 - https:\/\/yoast.com\/product\/yoast-seo-wordpress\/ -->\n<title>Furtun alimentare aer FIAT DOBLO Cargo (263_) 1.3 D Multijet diesel 90 cai METZGER 2388074 FIAT | METZGER - Autorival<\/title>\n<meta name=\"description\" content=\"\u26a1 Furtun alimentare aer FIAT DOBLO Cargo (263_) 1.3 D Multijet diesel 90 cai METZGER 2388074 pentru FIAT la doar 242.55 RON. \u2713 Cod: 2388074 \u2713 Brand: METZGER \u2713 \u00cen stoc \u2713 Livrare 24h \u2713 Garan\u021bie!\" \/>\n<meta name=\"robots\" content=\"index, follow, max-snippet:-1, max-image-preview:large, max-video-preview:-1\" \/>\n<meta property=\"og:locale\" content=\"en_US\" \/>\n<meta property=\"og:type\" content=\"article\" \/>\n<meta property=\"og:title\" content=\"Furtun alimentare aer FIAT DOBLO Cargo (263_) 1.3 D Multijet diesel 90 cai METZGER 2388074 FIAT | METZGER - Autorival\" \/>\n<meta property=\"og:description\" content=\"\u26a1 Furtun alimentare aer FIAT DOBLO Cargo (263_) 1.3 D Multijet diesel 90 cai METZGER 2388074 pentru FIAT la doar 242.55 RON. \u2713 Cod: 2388074 \u2713 Brand: METZGER \u2713 \u00cen stoc \u2713 Livrare 24h \u2713 Garan\u021bie!\" \/>\n<meta property=\"og:url\" content=\"https:\/\/autorival.ro\/fiat\/product\/furtun-alimentare-aer-fiat-doblo-cargo-263_-1-3-d-multijet-diesel-90-cai-metzger-2388074\/\" \/>\n<meta property=\"og:site_name\" content=\"FIAT\" \/>\n<meta property=\"og:image\" content=\"https:\/\/autorival.ro\/fiat\/wp-content\/uploads\/sites\/9\/2025\/05\/2388074-3.jpg\" \/>\n\t<meta property=\"og:image:width\" content=\"900\" \/>\n\t<meta property=\"og:image:height\" content=\"600\" \/>\n\t<meta property=\"og:image:type\" content=\"image\/jpeg\" \/>\n<meta name=\"twitter:card\" content=\"summary_large_image\" \/>\n<meta name=\"twitter:title\" content=\"Furtun alimentare aer FIAT DOBLO Cargo (263_) 1.3 D Multijet diesel 90 cai METZGER 2388074 FIAT | METZGER - Autorival\" \/>\n<meta name=\"twitter:description\" content=\"\u26a1 Furtun alimentare aer FIAT DOBLO Cargo (263_) 1.3 D Multijet diesel 90 cai METZGER 2388074 pentru FIAT la doar 242.55 RON. \u2713 Cod: 2388074 \u2713 Brand: METZGER \u2713 \u00cen stoc \u2713 Livrare 24h \u2713 Garan\u021bie!\" \/>\n<script type=\"application\/ld+json\" class=\"yoast-schema-graph\">{\"@context\":\"https:\\\/\\\/schema.org\",\"@graph\":[{\"@type\":\"WebPage\",\"@id\":\"https:\\\/\\\/autorival.ro\\\/fiat\\\/product\\\/furtun-alimentare-aer-fiat-doblo-cargo-263_-1-3-d-multijet-diesel-90-cai-metzger-2388074\\\/\",\"url\":\"https:\\\/\\\/autorival.ro\\\/fiat\\\/product\\\/furtun-alimentare-aer-fiat-doblo-cargo-263_-1-3-d-multijet-diesel-90-cai-metzger-2388074\\\/\",\"name\":\"Furtun alimentare aer FIAT DOBLO Cargo (263_) 1.3 D Multijet diesel 90 cai METZGER 2388074 FIAT | METZGER - Autorival\",\"isPartOf\":{\"@id\":\"https:\\\/\\\/autorival.ro\\\/fiat\\\/#website\"},\"primaryImageOfPage\":{\"@id\":\"https:\\\/\\\/autorival.ro\\\/fiat\\\/product\\\/furtun-alimentare-aer-fiat-doblo-cargo-263_-1-3-d-multijet-diesel-90-cai-metzger-2388074\\\/#primaryimage\"},\"image\":{\"@id\":\"https:\\\/\\\/autorival.ro\\\/fiat\\\/product\\\/furtun-alimentare-aer-fiat-doblo-cargo-263_-1-3-d-multijet-diesel-90-cai-metzger-2388074\\\/#primaryimage\"},\"thumbnailUrl\":\"https:\\\/\\\/autorival.ro\\\/fiat\\\/wp-content\\\/uploads\\\/sites\\\/9\\\/2025\\\/05\\\/2388074-3.jpg\",\"datePublished\":\"2025-05-18T16:30:29+00:00\",\"description\":\"\u26a1 Furtun alimentare aer FIAT DOBLO Cargo (263_) 1.3 D Multijet diesel 90 cai METZGER 2388074 pentru FIAT la doar 242.55 RON. \u2713 Cod: 2388074 \u2713 Brand: METZGER \u2713 \u00cen stoc \u2713 Livrare 24h \u2713 Garan\u021bie!\",\"breadcrumb\":{\"@id\":\"https:\\\/\\\/autorival.ro\\\/fiat\\\/product\\\/furtun-alimentare-aer-fiat-doblo-cargo-263_-1-3-d-multijet-diesel-90-cai-metzger-2388074\\\/#breadcrumb\"},\"inLanguage\":\"en-US\",\"potentialAction\":[{\"@type\":\"ReadAction\",\"target\":[\"https:\\\/\\\/autorival.ro\\\/fiat\\\/product\\\/furtun-alimentare-aer-fiat-doblo-cargo-263_-1-3-d-multijet-diesel-90-cai-metzger-2388074\\\/\"]}]},{\"@type\":\"ImageObject\",\"inLanguage\":\"en-US\",\"@id\":\"https:\\\/\\\/autorival.ro\\\/fiat\\\/product\\\/furtun-alimentare-aer-fiat-doblo-cargo-263_-1-3-d-multijet-diesel-90-cai-metzger-2388074\\\/#primaryimage\",\"url\":\"https:\\\/\\\/autorival.ro\\\/fiat\\\/wp-content\\\/uploads\\\/sites\\\/9\\\/2025\\\/05\\\/2388074-3.jpg\",\"contentUrl\":\"https:\\\/\\\/autorival.ro\\\/fiat\\\/wp-content\\\/uploads\\\/sites\\\/9\\\/2025\\\/05\\\/2388074-3.jpg\",\"width\":900,\"height\":600,\"caption\":\"Furtun alimentare aer FIAT DOBLO Cargo (263_) 1.3 D Multijet (263WXU1A, 263ZXU1A, 263WYB1A, 263ZYB1A) diesel 95 cai METZGER 2388074\"},{\"@type\":\"BreadcrumbList\",\"@id\":\"https:\\\/\\\/autorival.ro\\\/fiat\\\/product\\\/furtun-alimentare-aer-fiat-doblo-cargo-263_-1-3-d-multijet-diesel-90-cai-metzger-2388074\\\/#breadcrumb\",\"itemListElement\":[{\"@type\":\"ListItem\",\"position\":1,\"name\":\"Prima pagin\u0103\",\"item\":\"https:\\\/\\\/autorival.ro\\\/fiat\\\/\"},{\"@type\":\"ListItem\",\"position\":2,\"name\":\"Piese auto FIAT\",\"item\":\"https:\\\/\\\/autorival.ro\\\/fiat\\\/\"},{\"@type\":\"ListItem\",\"position\":3,\"name\":\"Furtun alimentare aer FIAT DOBLO Cargo (263_) 1.3 D Multijet diesel 90 cai METZGER 2388074\"}]},{\"@type\":\"WebSite\",\"@id\":\"https:\\\/\\\/autorival.ro\\\/fiat\\\/#website\",\"url\":\"https:\\\/\\\/autorival.ro\\\/fiat\\\/\",\"name\":\"FIAT\",\"description\":\"\",\"potentialAction\":[{\"@type\":\"SearchAction\",\"target\":{\"@type\":\"EntryPoint\",\"urlTemplate\":\"https:\\\/\\\/autorival.ro\\\/fiat\\\/?s={search_term_string}\"},\"query-input\":{\"@type\":\"PropertyValueSpecification\",\"valueRequired\":true,\"valueName\":\"search_term_string\"}}],\"inLanguage\":\"en-US\"}]}<\/script>\n<!-- \/ Yoast SEO plugin. -->","yoast_head_json":{"title":"Furtun alimentare aer FIAT DOBLO Cargo (263_) 1.3 D Multijet diesel 90 cai METZGER 2388074 FIAT | METZGER - Autorival","description":"\u26a1 Furtun alimentare aer FIAT DOBLO Cargo (263_) 1.3 D Multijet diesel 90 cai METZGER 2388074 pentru FIAT la doar 242.55 RON. \u2713 Cod: 2388074 \u2713 Brand: METZGER \u2713 \u00cen stoc \u2713 Livrare 24h \u2713 Garan\u021bie!","robots":{"index":"index","follow":"follow","max-snippet":"max-snippet:-1","max-image-preview":"max-image-preview:large","max-video-preview":"max-video-preview:-1"},"og_locale":"en_US","og_type":"article","og_title":"Furtun alimentare aer FIAT DOBLO Cargo (263_) 1.3 D Multijet diesel 90 cai METZGER 2388074 FIAT | METZGER - Autorival","og_description":"\u26a1 Furtun alimentare aer FIAT DOBLO Cargo (263_) 1.3 D Multijet diesel 90 cai METZGER 2388074 pentru FIAT la doar 242.55 RON. \u2713 Cod: 2388074 \u2713 Brand: METZGER \u2713 \u00cen stoc \u2713 Livrare 24h \u2713 Garan\u021bie!","og_url":"https:\/\/autorival.ro\/fiat\/product\/furtun-alimentare-aer-fiat-doblo-cargo-263_-1-3-d-multijet-diesel-90-cai-metzger-2388074\/","og_site_name":"FIAT","og_image":[{"width":900,"height":600,"url":"https:\/\/autorival.ro\/fiat\/wp-content\/uploads\/sites\/9\/2025\/05\/2388074-3.jpg","type":"image\/jpeg"}],"twitter_card":"summary_large_image","twitter_title":"Furtun alimentare aer FIAT DOBLO Cargo (263_) 1.3 D Multijet diesel 90 cai METZGER 2388074 FIAT | METZGER - Autorival","twitter_description":"\u26a1 Furtun alimentare aer FIAT DOBLO Cargo (263_) 1.3 D Multijet diesel 90 cai METZGER 2388074 pentru FIAT la doar 242.55 RON. \u2713 Cod: 2388074 \u2713 Brand: METZGER \u2713 \u00cen stoc \u2713 Livrare 24h \u2713 Garan\u021bie!","schema":{"@context":"https:\/\/schema.org","@graph":[{"@type":"WebPage","@id":"https:\/\/autorival.ro\/fiat\/product\/furtun-alimentare-aer-fiat-doblo-cargo-263_-1-3-d-multijet-diesel-90-cai-metzger-2388074\/","url":"https:\/\/autorival.ro\/fiat\/product\/furtun-alimentare-aer-fiat-doblo-cargo-263_-1-3-d-multijet-diesel-90-cai-metzger-2388074\/","name":"Furtun alimentare aer FIAT DOBLO Cargo (263_) 1.3 D Multijet diesel 90 cai METZGER 2388074 FIAT | METZGER - Autorival","isPartOf":{"@id":"https:\/\/autorival.ro\/fiat\/#website"},"primaryImageOfPage":{"@id":"https:\/\/autorival.ro\/fiat\/product\/furtun-alimentare-aer-fiat-doblo-cargo-263_-1-3-d-multijet-diesel-90-cai-metzger-2388074\/#primaryimage"},"image":{"@id":"https:\/\/autorival.ro\/fiat\/product\/furtun-alimentare-aer-fiat-doblo-cargo-263_-1-3-d-multijet-diesel-90-cai-metzger-2388074\/#primaryimage"},"thumbnailUrl":"https:\/\/autorival.ro\/fiat\/wp-content\/uploads\/sites\/9\/2025\/05\/2388074-3.jpg","datePublished":"2025-05-18T16:30:29+00:00","description":"\u26a1 Furtun alimentare aer FIAT DOBLO Cargo (263_) 1.3 D Multijet diesel 90 cai METZGER 2388074 pentru FIAT la doar 242.55 RON. \u2713 Cod: 2388074 \u2713 Brand: METZGER \u2713 \u00cen stoc \u2713 Livrare 24h \u2713 Garan\u021bie!","breadcrumb":{"@id":"https:\/\/autorival.ro\/fiat\/product\/furtun-alimentare-aer-fiat-doblo-cargo-263_-1-3-d-multijet-diesel-90-cai-metzger-2388074\/#breadcrumb"},"inLanguage":"en-US","potentialAction":[{"@type":"ReadAction","target":["https:\/\/autorival.ro\/fiat\/product\/furtun-alimentare-aer-fiat-doblo-cargo-263_-1-3-d-multijet-diesel-90-cai-metzger-2388074\/"]}]},{"@type":"ImageObject","inLanguage":"en-US","@id":"https:\/\/autorival.ro\/fiat\/product\/furtun-alimentare-aer-fiat-doblo-cargo-263_-1-3-d-multijet-diesel-90-cai-metzger-2388074\/#primaryimage","url":"https:\/\/autorival.ro\/fiat\/wp-content\/uploads\/sites\/9\/2025\/05\/2388074-3.jpg","contentUrl":"https:\/\/autorival.ro\/fiat\/wp-content\/uploads\/sites\/9\/2025\/05\/2388074-3.jpg","width":900,"height":600,"caption":"Furtun alimentare aer FIAT DOBLO Cargo (263_) 1.3 D Multijet (263WXU1A, 263ZXU1A, 263WYB1A, 263ZYB1A) diesel 95 cai METZGER 2388074"},{"@type":"BreadcrumbList","@id":"https:\/\/autorival.ro\/fiat\/product\/furtun-alimentare-aer-fiat-doblo-cargo-263_-1-3-d-multijet-diesel-90-cai-metzger-2388074\/#breadcrumb","itemListElement":[{"@type":"ListItem","position":1,"name":"Prima pagin\u0103","item":"https:\/\/autorival.ro\/fiat\/"},{"@type":"ListItem","position":2,"name":"Piese auto FIAT","item":"https:\/\/autorival.ro\/fiat\/"},{"@type":"ListItem","position":3,"name":"Furtun alimentare aer FIAT DOBLO Cargo (263_) 1.3 D Multijet diesel 90 cai METZGER 2388074"}]},{"@type":"WebSite","@id":"https:\/\/autorival.ro\/fiat\/#website","url":"https:\/\/autorival.ro\/fiat\/","name":"FIAT","description":"","potentialAction":[{"@type":"SearchAction","target":{"@type":"EntryPoint","urlTemplate":"https:\/\/autorival.ro\/fiat\/?s={search_term_string}"},"query-input":{"@type":"PropertyValueSpecification","valueRequired":true,"valueName":"search_term_string"}}],"inLanguage":"en-US"}]}},"_links":{"self":[{"href":"https:\/\/autorival.ro\/fiat\/wp-json\/wp\/v2\/product\/220600","targetHints":{"allow":["GET"]}}],"collection":[{"href":"https:\/\/autorival.ro\/fiat\/wp-json\/wp\/v2\/product"}],"about":[{"href":"https:\/\/autorival.ro\/fiat\/wp-json\/wp\/v2\/types\/product"}],"replies":[{"embeddable":true,"href":"https:\/\/autorival.ro\/fiat\/wp-json\/wp\/v2\/comments?post=220600"}],"wp:featuredmedia":[{"embeddable":true,"href":"https:\/\/autorival.ro\/fiat\/wp-json\/wp\/v2\/media\/220584"}],"wp:attachment":[{"href":"https:\/\/autorival.ro\/fiat\/wp-json\/wp\/v2\/media?parent=220600"}],"wp:term":[{"taxonomy":"product_brand","embeddable":true,"href":"https:\/\/autorival.ro\/fiat\/wp-json\/wp\/v2\/product_brand?post=220600"},{"taxonomy":"product_cat","embeddable":true,"href":"https:\/\/autorival.ro\/fiat\/wp-json\/wp\/v2\/product_cat?post=220600"},{"taxonomy":"product_tag","embeddable":true,"href":"https:\/\/autorival.ro\/fiat\/wp-json\/wp\/v2\/product_tag?post=220600"}],"curies":[{"name":"wp","href":"https:\/\/api.w.org\/{rel}","templated":true}]}}