{"id":192146,"date":"2025-05-18T12:41:54","date_gmt":"2025-05-18T12:41:54","guid":{"rendered":"https:\/\/autorival.ro\/fiat\/product\/filtru-polen-fiat-500x-334_-2-0-d-multijet-4x4-334axb22-334axd2b-diesel-140-cai-mann-filter-fp-22-022\/"},"modified":"2025-05-18T12:41:55","modified_gmt":"2025-05-18T12:41:55","slug":"filtru-polen-fiat-500x-334_-2-0-d-multijet-4x4-334axb22-334axd2b-diesel-140-cai-mann-filter-fp-22-022","status":"publish","type":"product","link":"https:\/\/autorival.ro\/fiat\/product\/filtru-polen-fiat-500x-334_-2-0-d-multijet-4x4-334axb22-334axd2b-diesel-140-cai-mann-filter-fp-22-022\/","title":{"rendered":"Filtru polen FIAT 500X (334_) 2.0 D Multijet 4&#215;4 (334AXB22, 334AXD2B) diesel 140 cai MANN-FILTER FP 22 022"},"content":{"rendered":"<p>Tip filtru: Filtru carbune activ cu polifenolVersiunea de baz\u0103 (nr. art.): CU 22 022Versiunea de baz\u0103 cu c\u0103rbune activ (nr. art.): CUK 22 022 ->Lungime [mm]: 220 ->Latime [mm]: 157\u00cenaltime [mm]: 30<\/p>\n","protected":false},"excerpt":{"rendered":"<p>Producator: MANN-FILTER Cod producator: FP 22 022<\/p>\n","protected":false},"featured_media":191365,"comment_status":"open","ping_status":"closed","template":"","meta":[],"product_brand":[14767],"product_cat":[15453],"product_tag":[38317,38316,38291,38815,39115,39084,39142],"class_list":{"0":"post-192146","1":"product","2":"type-product","3":"status-publish","4":"has-post-thumbnail","6":"product_brand-mann-filter","7":"product_cat-filtru-polen-334_-2-0-d-multijet-4x4-334axb22-334axd2b-diesel-140","8":"product_tag-334_","9":"product_tag-500x","10":"product_tag-fiat","11":"product_tag-filtru","12":"product_tag-fp","13":"product_tag-mann","14":"product_tag-polen","16":"first","17":"instock","18":"shipping-taxable","19":"purchasable","20":"product-type-simple"},"yoast_head":"<!-- This site is optimized with the Yoast SEO plugin v27.3 - https:\/\/yoast.com\/product\/yoast-seo-wordpress\/ -->\n<title>Filtru polen FIAT 500X (334_) 2.0 D Multijet 4&#215;4 (334AXB22, 334AXD2B) diesel 140 cai MANN-FILTER FP 22 022 FIAT | MANN-FILTER - Autorival<\/title>\n<meta name=\"description\" content=\"\u26a1 Filtru polen FIAT 500X (334_) 2.0 D Multijet 4&#215;4 (334AXB22, 334AXD2B) diesel 140 cai MANN-FILTER FP 22 022 pentru FIAT la doar 111.3 RON. \u2713 Cod: FP \u2713 Brand: MANN-FILTER \u2713 \u00cen stoc \u2713 Livrare 24h \u2713 Garan\u021bie!\" \/>\n<meta name=\"robots\" content=\"index, follow, max-snippet:-1, max-image-preview:large, max-video-preview:-1\" \/>\n<meta property=\"og:locale\" content=\"en_US\" \/>\n<meta property=\"og:type\" content=\"article\" \/>\n<meta property=\"og:title\" content=\"Filtru polen FIAT 500X (334_) 2.0 D Multijet 4&#215;4 (334AXB22, 334AXD2B) diesel 140 cai MANN-FILTER FP 22 022 FIAT | MANN-FILTER - Autorival\" \/>\n<meta property=\"og:description\" content=\"\u26a1 Filtru polen FIAT 500X (334_) 2.0 D Multijet 4&#215;4 (334AXB22, 334AXD2B) diesel 140 cai MANN-FILTER FP 22 022 pentru FIAT la doar 111.3 RON. \u2713 Cod: FP \u2713 Brand: MANN-FILTER \u2713 \u00cen stoc \u2713 Livrare 24h \u2713 Garan\u021bie!\" \/>\n<meta property=\"og:url\" content=\"https:\/\/autorival.ro\/fiat\/product\/filtru-polen-fiat-500x-334_-2-0-d-multijet-4x4-334axb22-334axd2b-diesel-140-cai-mann-filter-fp-22-022\/\" \/>\n<meta property=\"og:site_name\" content=\"FIAT\" \/>\n<meta property=\"article:modified_time\" content=\"2025-05-18T12:41:55+00:00\" \/>\n<meta property=\"og:image\" content=\"https:\/\/autorival.ro\/fiat\/wp-content\/uploads\/sites\/9\/2025\/05\/fp_22_022-1.jpg\" \/>\n\t<meta property=\"og:image:width\" content=\"1000\" \/>\n\t<meta property=\"og:image:height\" content=\"491\" \/>\n\t<meta property=\"og:image:type\" content=\"image\/jpeg\" \/>\n<meta name=\"twitter:card\" content=\"summary_large_image\" \/>\n<meta name=\"twitter:title\" content=\"Filtru polen FIAT 500X (334_) 2.0 D Multijet 4&#215;4 (334AXB22, 334AXD2B) diesel 140 cai MANN-FILTER FP 22 022 FIAT | MANN-FILTER - Autorival\" \/>\n<meta name=\"twitter:description\" content=\"\u26a1 Filtru polen FIAT 500X (334_) 2.0 D Multijet 4&#215;4 (334AXB22, 334AXD2B) diesel 140 cai MANN-FILTER FP 22 022 pentru FIAT la doar 111.3 RON. \u2713 Cod: FP \u2713 Brand: MANN-FILTER \u2713 \u00cen stoc \u2713 Livrare 24h \u2713 Garan\u021bie!\" \/>\n<script type=\"application\/ld+json\" class=\"yoast-schema-graph\">{\"@context\":\"https:\\\/\\\/schema.org\",\"@graph\":[{\"@type\":\"WebPage\",\"@id\":\"https:\\\/\\\/autorival.ro\\\/fiat\\\/product\\\/filtru-polen-fiat-500x-334_-2-0-d-multijet-4x4-334axb22-334axd2b-diesel-140-cai-mann-filter-fp-22-022\\\/\",\"url\":\"https:\\\/\\\/autorival.ro\\\/fiat\\\/product\\\/filtru-polen-fiat-500x-334_-2-0-d-multijet-4x4-334axb22-334axd2b-diesel-140-cai-mann-filter-fp-22-022\\\/\",\"name\":\"Filtru polen FIAT 500X (334_) 2.0 D Multijet 4&#215;4 (334AXB22, 334AXD2B) diesel 140 cai MANN-FILTER FP 22 022 FIAT | MANN-FILTER - Autorival\",\"isPartOf\":{\"@id\":\"https:\\\/\\\/autorival.ro\\\/fiat\\\/#website\"},\"primaryImageOfPage\":{\"@id\":\"https:\\\/\\\/autorival.ro\\\/fiat\\\/product\\\/filtru-polen-fiat-500x-334_-2-0-d-multijet-4x4-334axb22-334axd2b-diesel-140-cai-mann-filter-fp-22-022\\\/#primaryimage\"},\"image\":{\"@id\":\"https:\\\/\\\/autorival.ro\\\/fiat\\\/product\\\/filtru-polen-fiat-500x-334_-2-0-d-multijet-4x4-334axb22-334axd2b-diesel-140-cai-mann-filter-fp-22-022\\\/#primaryimage\"},\"thumbnailUrl\":\"https:\\\/\\\/autorival.ro\\\/fiat\\\/wp-content\\\/uploads\\\/sites\\\/9\\\/2025\\\/05\\\/fp_22_022-1.jpg\",\"datePublished\":\"2025-05-18T12:41:54+00:00\",\"dateModified\":\"2025-05-18T12:41:55+00:00\",\"description\":\"\u26a1 Filtru polen FIAT 500X (334_) 2.0 D Multijet 4&#215;4 (334AXB22, 334AXD2B) diesel 140 cai MANN-FILTER FP 22 022 pentru FIAT la doar 111.3 RON. \u2713 Cod: FP \u2713 Brand: MANN-FILTER \u2713 \u00cen stoc \u2713 Livrare 24h \u2713 Garan\u021bie!\",\"breadcrumb\":{\"@id\":\"https:\\\/\\\/autorival.ro\\\/fiat\\\/product\\\/filtru-polen-fiat-500x-334_-2-0-d-multijet-4x4-334axb22-334axd2b-diesel-140-cai-mann-filter-fp-22-022\\\/#breadcrumb\"},\"inLanguage\":\"en-US\",\"potentialAction\":[{\"@type\":\"ReadAction\",\"target\":[\"https:\\\/\\\/autorival.ro\\\/fiat\\\/product\\\/filtru-polen-fiat-500x-334_-2-0-d-multijet-4x4-334axb22-334axd2b-diesel-140-cai-mann-filter-fp-22-022\\\/\"]}]},{\"@type\":\"ImageObject\",\"inLanguage\":\"en-US\",\"@id\":\"https:\\\/\\\/autorival.ro\\\/fiat\\\/product\\\/filtru-polen-fiat-500x-334_-2-0-d-multijet-4x4-334axb22-334axd2b-diesel-140-cai-mann-filter-fp-22-022\\\/#primaryimage\",\"url\":\"https:\\\/\\\/autorival.ro\\\/fiat\\\/wp-content\\\/uploads\\\/sites\\\/9\\\/2025\\\/05\\\/fp_22_022-1.jpg\",\"contentUrl\":\"https:\\\/\\\/autorival.ro\\\/fiat\\\/wp-content\\\/uploads\\\/sites\\\/9\\\/2025\\\/05\\\/fp_22_022-1.jpg\",\"width\":1000,\"height\":491,\"caption\":\"Filtru polen FIAT 500X (334_) 1.0 (334.AXN1B) benzina 114 cai MANN-FILTER FP 22 022\"},{\"@type\":\"BreadcrumbList\",\"@id\":\"https:\\\/\\\/autorival.ro\\\/fiat\\\/product\\\/filtru-polen-fiat-500x-334_-2-0-d-multijet-4x4-334axb22-334axd2b-diesel-140-cai-mann-filter-fp-22-022\\\/#breadcrumb\",\"itemListElement\":[{\"@type\":\"ListItem\",\"position\":1,\"name\":\"Prima pagin\u0103\",\"item\":\"https:\\\/\\\/autorival.ro\\\/fiat\\\/\"},{\"@type\":\"ListItem\",\"position\":2,\"name\":\"Piese auto FIAT\",\"item\":\"https:\\\/\\\/autorival.ro\\\/fiat\\\/\"},{\"@type\":\"ListItem\",\"position\":3,\"name\":\"Filtru polen FIAT 500X (334_) 2.0 D Multijet 4&#215;4 (334AXB22, 334AXD2B) diesel 140 cai MANN-FILTER FP 22 022\"}]},{\"@type\":\"WebSite\",\"@id\":\"https:\\\/\\\/autorival.ro\\\/fiat\\\/#website\",\"url\":\"https:\\\/\\\/autorival.ro\\\/fiat\\\/\",\"name\":\"FIAT\",\"description\":\"\",\"potentialAction\":[{\"@type\":\"SearchAction\",\"target\":{\"@type\":\"EntryPoint\",\"urlTemplate\":\"https:\\\/\\\/autorival.ro\\\/fiat\\\/?s={search_term_string}\"},\"query-input\":{\"@type\":\"PropertyValueSpecification\",\"valueRequired\":true,\"valueName\":\"search_term_string\"}}],\"inLanguage\":\"en-US\"}]}<\/script>\n<!-- \/ Yoast SEO plugin. -->","yoast_head_json":{"title":"Filtru polen FIAT 500X (334_) 2.0 D Multijet 4&#215;4 (334AXB22, 334AXD2B) diesel 140 cai MANN-FILTER FP 22 022 FIAT | MANN-FILTER - Autorival","description":"\u26a1 Filtru polen FIAT 500X (334_) 2.0 D Multijet 4&#215;4 (334AXB22, 334AXD2B) diesel 140 cai MANN-FILTER FP 22 022 pentru FIAT la doar 111.3 RON. \u2713 Cod: FP \u2713 Brand: MANN-FILTER \u2713 \u00cen stoc \u2713 Livrare 24h \u2713 Garan\u021bie!","robots":{"index":"index","follow":"follow","max-snippet":"max-snippet:-1","max-image-preview":"max-image-preview:large","max-video-preview":"max-video-preview:-1"},"og_locale":"en_US","og_type":"article","og_title":"Filtru polen FIAT 500X (334_) 2.0 D Multijet 4&#215;4 (334AXB22, 334AXD2B) diesel 140 cai MANN-FILTER FP 22 022 FIAT | MANN-FILTER - Autorival","og_description":"\u26a1 Filtru polen FIAT 500X (334_) 2.0 D Multijet 4&#215;4 (334AXB22, 334AXD2B) diesel 140 cai MANN-FILTER FP 22 022 pentru FIAT la doar 111.3 RON. \u2713 Cod: FP \u2713 Brand: MANN-FILTER \u2713 \u00cen stoc \u2713 Livrare 24h \u2713 Garan\u021bie!","og_url":"https:\/\/autorival.ro\/fiat\/product\/filtru-polen-fiat-500x-334_-2-0-d-multijet-4x4-334axb22-334axd2b-diesel-140-cai-mann-filter-fp-22-022\/","og_site_name":"FIAT","article_modified_time":"2025-05-18T12:41:55+00:00","og_image":[{"width":1000,"height":491,"url":"https:\/\/autorival.ro\/fiat\/wp-content\/uploads\/sites\/9\/2025\/05\/fp_22_022-1.jpg","type":"image\/jpeg"}],"twitter_card":"summary_large_image","twitter_title":"Filtru polen FIAT 500X (334_) 2.0 D Multijet 4&#215;4 (334AXB22, 334AXD2B) diesel 140 cai MANN-FILTER FP 22 022 FIAT | MANN-FILTER - Autorival","twitter_description":"\u26a1 Filtru polen FIAT 500X (334_) 2.0 D Multijet 4&#215;4 (334AXB22, 334AXD2B) diesel 140 cai MANN-FILTER FP 22 022 pentru FIAT la doar 111.3 RON. \u2713 Cod: FP \u2713 Brand: MANN-FILTER \u2713 \u00cen stoc \u2713 Livrare 24h \u2713 Garan\u021bie!","schema":{"@context":"https:\/\/schema.org","@graph":[{"@type":"WebPage","@id":"https:\/\/autorival.ro\/fiat\/product\/filtru-polen-fiat-500x-334_-2-0-d-multijet-4x4-334axb22-334axd2b-diesel-140-cai-mann-filter-fp-22-022\/","url":"https:\/\/autorival.ro\/fiat\/product\/filtru-polen-fiat-500x-334_-2-0-d-multijet-4x4-334axb22-334axd2b-diesel-140-cai-mann-filter-fp-22-022\/","name":"Filtru polen FIAT 500X (334_) 2.0 D Multijet 4&#215;4 (334AXB22, 334AXD2B) diesel 140 cai MANN-FILTER FP 22 022 FIAT | MANN-FILTER - Autorival","isPartOf":{"@id":"https:\/\/autorival.ro\/fiat\/#website"},"primaryImageOfPage":{"@id":"https:\/\/autorival.ro\/fiat\/product\/filtru-polen-fiat-500x-334_-2-0-d-multijet-4x4-334axb22-334axd2b-diesel-140-cai-mann-filter-fp-22-022\/#primaryimage"},"image":{"@id":"https:\/\/autorival.ro\/fiat\/product\/filtru-polen-fiat-500x-334_-2-0-d-multijet-4x4-334axb22-334axd2b-diesel-140-cai-mann-filter-fp-22-022\/#primaryimage"},"thumbnailUrl":"https:\/\/autorival.ro\/fiat\/wp-content\/uploads\/sites\/9\/2025\/05\/fp_22_022-1.jpg","datePublished":"2025-05-18T12:41:54+00:00","dateModified":"2025-05-18T12:41:55+00:00","description":"\u26a1 Filtru polen FIAT 500X (334_) 2.0 D Multijet 4&#215;4 (334AXB22, 334AXD2B) diesel 140 cai MANN-FILTER FP 22 022 pentru FIAT la doar 111.3 RON. \u2713 Cod: FP \u2713 Brand: MANN-FILTER \u2713 \u00cen stoc \u2713 Livrare 24h \u2713 Garan\u021bie!","breadcrumb":{"@id":"https:\/\/autorival.ro\/fiat\/product\/filtru-polen-fiat-500x-334_-2-0-d-multijet-4x4-334axb22-334axd2b-diesel-140-cai-mann-filter-fp-22-022\/#breadcrumb"},"inLanguage":"en-US","potentialAction":[{"@type":"ReadAction","target":["https:\/\/autorival.ro\/fiat\/product\/filtru-polen-fiat-500x-334_-2-0-d-multijet-4x4-334axb22-334axd2b-diesel-140-cai-mann-filter-fp-22-022\/"]}]},{"@type":"ImageObject","inLanguage":"en-US","@id":"https:\/\/autorival.ro\/fiat\/product\/filtru-polen-fiat-500x-334_-2-0-d-multijet-4x4-334axb22-334axd2b-diesel-140-cai-mann-filter-fp-22-022\/#primaryimage","url":"https:\/\/autorival.ro\/fiat\/wp-content\/uploads\/sites\/9\/2025\/05\/fp_22_022-1.jpg","contentUrl":"https:\/\/autorival.ro\/fiat\/wp-content\/uploads\/sites\/9\/2025\/05\/fp_22_022-1.jpg","width":1000,"height":491,"caption":"Filtru polen FIAT 500X (334_) 1.0 (334.AXN1B) benzina 114 cai MANN-FILTER FP 22 022"},{"@type":"BreadcrumbList","@id":"https:\/\/autorival.ro\/fiat\/product\/filtru-polen-fiat-500x-334_-2-0-d-multijet-4x4-334axb22-334axd2b-diesel-140-cai-mann-filter-fp-22-022\/#breadcrumb","itemListElement":[{"@type":"ListItem","position":1,"name":"Prima pagin\u0103","item":"https:\/\/autorival.ro\/fiat\/"},{"@type":"ListItem","position":2,"name":"Piese auto FIAT","item":"https:\/\/autorival.ro\/fiat\/"},{"@type":"ListItem","position":3,"name":"Filtru polen FIAT 500X (334_) 2.0 D Multijet 4&#215;4 (334AXB22, 334AXD2B) diesel 140 cai MANN-FILTER FP 22 022"}]},{"@type":"WebSite","@id":"https:\/\/autorival.ro\/fiat\/#website","url":"https:\/\/autorival.ro\/fiat\/","name":"FIAT","description":"","potentialAction":[{"@type":"SearchAction","target":{"@type":"EntryPoint","urlTemplate":"https:\/\/autorival.ro\/fiat\/?s={search_term_string}"},"query-input":{"@type":"PropertyValueSpecification","valueRequired":true,"valueName":"search_term_string"}}],"inLanguage":"en-US"}]}},"_links":{"self":[{"href":"https:\/\/autorival.ro\/fiat\/wp-json\/wp\/v2\/product\/192146","targetHints":{"allow":["GET"]}}],"collection":[{"href":"https:\/\/autorival.ro\/fiat\/wp-json\/wp\/v2\/product"}],"about":[{"href":"https:\/\/autorival.ro\/fiat\/wp-json\/wp\/v2\/types\/product"}],"replies":[{"embeddable":true,"href":"https:\/\/autorival.ro\/fiat\/wp-json\/wp\/v2\/comments?post=192146"}],"wp:featuredmedia":[{"embeddable":true,"href":"https:\/\/autorival.ro\/fiat\/wp-json\/wp\/v2\/media\/191365"}],"wp:attachment":[{"href":"https:\/\/autorival.ro\/fiat\/wp-json\/wp\/v2\/media?parent=192146"}],"wp:term":[{"taxonomy":"product_brand","embeddable":true,"href":"https:\/\/autorival.ro\/fiat\/wp-json\/wp\/v2\/product_brand?post=192146"},{"taxonomy":"product_cat","embeddable":true,"href":"https:\/\/autorival.ro\/fiat\/wp-json\/wp\/v2\/product_cat?post=192146"},{"taxonomy":"product_tag","embeddable":true,"href":"https:\/\/autorival.ro\/fiat\/wp-json\/wp\/v2\/product_tag?post=192146"}],"curies":[{"name":"wp","href":"https:\/\/api.w.org\/{rel}","templated":true}]}}