{"id":186581,"date":"2025-05-18T12:01:30","date_gmt":"2025-05-18T12:01:30","guid":{"rendered":"https:\/\/autorival.ro\/fiat\/product\/filtru-combustibil-fiat-panda-caseta-hatchback-141_-1000-i-e-benzina-45-cai-champion-cff100201\/"},"modified":"2025-05-18T12:01:31","modified_gmt":"2025-05-18T12:01:31","slug":"filtru-combustibil-fiat-panda-caseta-hatchback-141_-1000-i-e-benzina-45-cai-champion-cff100201","status":"publish","type":"product","link":"https:\/\/autorival.ro\/fiat\/product\/filtru-combustibil-fiat-panda-caseta-hatchback-141_-1000-i-e-benzina-45-cai-champion-cff100201\/","title":{"rendered":"Filtru combustibil FIAT PANDA Caseta\/ Hatchback (141_) 1000 i.e benzina 45 cai CHAMPION CFF100201"},"content":{"rendered":"<p>Serie \u00c3\u02c6\u00e2\u201e\u00a2asiu (VIN) \u00eencep\u00e2nd cu: 4339919Serie \u00c3\u02c6\u00e2\u201e\u00a2asiu (VIN)p\u00e2n\u0103 la: 4339918\u00cenaltime [mm]: 140 ->Diametru exterior [mm]: 59Tip ambalaj: CutieTip filtru: Filtru conducta ->Diametru admisie [mm]: 9,3 ->Diametru evacuare [mm]: 8 ->Lungime ambalaj [cm]: 6,4 ->Latime ambalaj [cm]: 6,4 ->Inaltime ambalaj [cm]: 17,8<\/p>\n","protected":false},"excerpt":{"rendered":"<p>Producator: CHAMPION Cod producator: CFF100201<\/p>\n","protected":false},"featured_media":186526,"comment_status":"open","ping_status":"closed","template":"","meta":[],"product_brand":[4365],"product_cat":[15216],"product_tag":[39104,38676,38756,38291,38815,38323],"class_list":{"0":"post-186581","1":"product","2":"type-product","3":"status-publish","4":"has-post-thumbnail","6":"product_brand-champion","7":"product_cat-filtru-combustibil-caseta-hatchback-141_-1000-i-e-benzina-45","8":"product_tag-cff","9":"product_tag-champion","10":"product_tag-combustibil","11":"product_tag-fiat","12":"product_tag-filtru","13":"product_tag-panda","15":"first","16":"instock","17":"shipping-taxable","18":"purchasable","19":"product-type-simple"},"yoast_head":"<!-- This site is optimized with the Yoast SEO plugin v27.3 - https:\/\/yoast.com\/product\/yoast-seo-wordpress\/ -->\n<title>Filtru combustibil FIAT PANDA Caseta\/ Hatchback (141_) 1000 i.e benzina 45 cai CHAMPION CFF100201 FIAT | CHAMPION - Autorival<\/title>\n<meta name=\"description\" content=\"\u26a1 Filtru combustibil FIAT PANDA Caseta\/ Hatchback (141_) 1000 i.e benzina 45 cai CHAMPION CFF100201 pentru FIAT la doar 37.8 RON. \u2713 Cod: CFF100201 \u2713 Brand: CHAMPION \u2713 \u00cen stoc \u2713 Livrare 24h \u2713 Garan\u021bie!\" \/>\n<meta name=\"robots\" content=\"index, follow, max-snippet:-1, max-image-preview:large, max-video-preview:-1\" \/>\n<meta property=\"og:locale\" content=\"en_US\" \/>\n<meta property=\"og:type\" content=\"article\" \/>\n<meta property=\"og:title\" content=\"Filtru combustibil FIAT PANDA Caseta\/ Hatchback (141_) 1000 i.e benzina 45 cai CHAMPION CFF100201 FIAT | CHAMPION - Autorival\" \/>\n<meta property=\"og:description\" content=\"\u26a1 Filtru combustibil FIAT PANDA Caseta\/ Hatchback (141_) 1000 i.e benzina 45 cai CHAMPION CFF100201 pentru FIAT la doar 37.8 RON. \u2713 Cod: CFF100201 \u2713 Brand: CHAMPION \u2713 \u00cen stoc \u2713 Livrare 24h \u2713 Garan\u021bie!\" \/>\n<meta property=\"og:url\" content=\"https:\/\/autorival.ro\/fiat\/product\/filtru-combustibil-fiat-panda-caseta-hatchback-141_-1000-i-e-benzina-45-cai-champion-cff100201\/\" \/>\n<meta property=\"og:site_name\" content=\"FIAT\" \/>\n<meta property=\"article:modified_time\" content=\"2025-05-18T12:01:31+00:00\" \/>\n<meta property=\"og:image\" content=\"https:\/\/autorival.ro\/fiat\/wp-content\/uploads\/sites\/9\/2025\/05\/cff100201_226502-3.jpg\" \/>\n\t<meta property=\"og:image:width\" content=\"173\" \/>\n\t<meta property=\"og:image:height\" content=\"400\" \/>\n\t<meta property=\"og:image:type\" content=\"image\/jpeg\" \/>\n<meta name=\"twitter:card\" content=\"summary_large_image\" \/>\n<meta name=\"twitter:title\" content=\"Filtru combustibil FIAT PANDA Caseta\/ Hatchback (141_) 1000 i.e benzina 45 cai CHAMPION CFF100201 FIAT | CHAMPION - Autorival\" \/>\n<meta name=\"twitter:description\" content=\"\u26a1 Filtru combustibil FIAT PANDA Caseta\/ Hatchback (141_) 1000 i.e benzina 45 cai CHAMPION CFF100201 pentru FIAT la doar 37.8 RON. \u2713 Cod: CFF100201 \u2713 Brand: CHAMPION \u2713 \u00cen stoc \u2713 Livrare 24h \u2713 Garan\u021bie!\" \/>\n<script type=\"application\/ld+json\" class=\"yoast-schema-graph\">{\"@context\":\"https:\\\/\\\/schema.org\",\"@graph\":[{\"@type\":\"WebPage\",\"@id\":\"https:\\\/\\\/autorival.ro\\\/fiat\\\/product\\\/filtru-combustibil-fiat-panda-caseta-hatchback-141_-1000-i-e-benzina-45-cai-champion-cff100201\\\/\",\"url\":\"https:\\\/\\\/autorival.ro\\\/fiat\\\/product\\\/filtru-combustibil-fiat-panda-caseta-hatchback-141_-1000-i-e-benzina-45-cai-champion-cff100201\\\/\",\"name\":\"Filtru combustibil FIAT PANDA Caseta\\\/ Hatchback (141_) 1000 i.e benzina 45 cai CHAMPION CFF100201 FIAT | CHAMPION - Autorival\",\"isPartOf\":{\"@id\":\"https:\\\/\\\/autorival.ro\\\/fiat\\\/#website\"},\"primaryImageOfPage\":{\"@id\":\"https:\\\/\\\/autorival.ro\\\/fiat\\\/product\\\/filtru-combustibil-fiat-panda-caseta-hatchback-141_-1000-i-e-benzina-45-cai-champion-cff100201\\\/#primaryimage\"},\"image\":{\"@id\":\"https:\\\/\\\/autorival.ro\\\/fiat\\\/product\\\/filtru-combustibil-fiat-panda-caseta-hatchback-141_-1000-i-e-benzina-45-cai-champion-cff100201\\\/#primaryimage\"},\"thumbnailUrl\":\"https:\\\/\\\/autorival.ro\\\/fiat\\\/wp-content\\\/uploads\\\/sites\\\/9\\\/2025\\\/05\\\/cff100201_226502-3.jpg\",\"datePublished\":\"2025-05-18T12:01:30+00:00\",\"dateModified\":\"2025-05-18T12:01:31+00:00\",\"description\":\"\u26a1 Filtru combustibil FIAT PANDA Caseta\\\/ Hatchback (141_) 1000 i.e benzina 45 cai CHAMPION CFF100201 pentru FIAT la doar 37.8 RON. \u2713 Cod: CFF100201 \u2713 Brand: CHAMPION \u2713 \u00cen stoc \u2713 Livrare 24h \u2713 Garan\u021bie!\",\"breadcrumb\":{\"@id\":\"https:\\\/\\\/autorival.ro\\\/fiat\\\/product\\\/filtru-combustibil-fiat-panda-caseta-hatchback-141_-1000-i-e-benzina-45-cai-champion-cff100201\\\/#breadcrumb\"},\"inLanguage\":\"en-US\",\"potentialAction\":[{\"@type\":\"ReadAction\",\"target\":[\"https:\\\/\\\/autorival.ro\\\/fiat\\\/product\\\/filtru-combustibil-fiat-panda-caseta-hatchback-141_-1000-i-e-benzina-45-cai-champion-cff100201\\\/\"]}]},{\"@type\":\"ImageObject\",\"inLanguage\":\"en-US\",\"@id\":\"https:\\\/\\\/autorival.ro\\\/fiat\\\/product\\\/filtru-combustibil-fiat-panda-caseta-hatchback-141_-1000-i-e-benzina-45-cai-champion-cff100201\\\/#primaryimage\",\"url\":\"https:\\\/\\\/autorival.ro\\\/fiat\\\/wp-content\\\/uploads\\\/sites\\\/9\\\/2025\\\/05\\\/cff100201_226502-3.jpg\",\"contentUrl\":\"https:\\\/\\\/autorival.ro\\\/fiat\\\/wp-content\\\/uploads\\\/sites\\\/9\\\/2025\\\/05\\\/cff100201_226502-3.jpg\",\"width\":173,\"height\":400,\"caption\":\"Filtru combustibil FIAT PANDA Caseta\\\/ Hatchback (141_) 1.1 benzina 54 cai CHAMPION CFF100201\"},{\"@type\":\"BreadcrumbList\",\"@id\":\"https:\\\/\\\/autorival.ro\\\/fiat\\\/product\\\/filtru-combustibil-fiat-panda-caseta-hatchback-141_-1000-i-e-benzina-45-cai-champion-cff100201\\\/#breadcrumb\",\"itemListElement\":[{\"@type\":\"ListItem\",\"position\":1,\"name\":\"Prima pagin\u0103\",\"item\":\"https:\\\/\\\/autorival.ro\\\/fiat\\\/\"},{\"@type\":\"ListItem\",\"position\":2,\"name\":\"Piese auto FIAT\",\"item\":\"https:\\\/\\\/autorival.ro\\\/fiat\\\/\"},{\"@type\":\"ListItem\",\"position\":3,\"name\":\"Filtru combustibil FIAT PANDA Caseta\\\/ Hatchback (141_) 1000 i.e benzina 45 cai CHAMPION CFF100201\"}]},{\"@type\":\"WebSite\",\"@id\":\"https:\\\/\\\/autorival.ro\\\/fiat\\\/#website\",\"url\":\"https:\\\/\\\/autorival.ro\\\/fiat\\\/\",\"name\":\"FIAT\",\"description\":\"\",\"potentialAction\":[{\"@type\":\"SearchAction\",\"target\":{\"@type\":\"EntryPoint\",\"urlTemplate\":\"https:\\\/\\\/autorival.ro\\\/fiat\\\/?s={search_term_string}\"},\"query-input\":{\"@type\":\"PropertyValueSpecification\",\"valueRequired\":true,\"valueName\":\"search_term_string\"}}],\"inLanguage\":\"en-US\"}]}<\/script>\n<!-- \/ Yoast SEO plugin. -->","yoast_head_json":{"title":"Filtru combustibil FIAT PANDA Caseta\/ Hatchback (141_) 1000 i.e benzina 45 cai CHAMPION CFF100201 FIAT | CHAMPION - Autorival","description":"\u26a1 Filtru combustibil FIAT PANDA Caseta\/ Hatchback (141_) 1000 i.e benzina 45 cai CHAMPION CFF100201 pentru FIAT la doar 37.8 RON. \u2713 Cod: CFF100201 \u2713 Brand: CHAMPION \u2713 \u00cen stoc \u2713 Livrare 24h \u2713 Garan\u021bie!","robots":{"index":"index","follow":"follow","max-snippet":"max-snippet:-1","max-image-preview":"max-image-preview:large","max-video-preview":"max-video-preview:-1"},"og_locale":"en_US","og_type":"article","og_title":"Filtru combustibil FIAT PANDA Caseta\/ Hatchback (141_) 1000 i.e benzina 45 cai CHAMPION CFF100201 FIAT | CHAMPION - Autorival","og_description":"\u26a1 Filtru combustibil FIAT PANDA Caseta\/ Hatchback (141_) 1000 i.e benzina 45 cai CHAMPION CFF100201 pentru FIAT la doar 37.8 RON. \u2713 Cod: CFF100201 \u2713 Brand: CHAMPION \u2713 \u00cen stoc \u2713 Livrare 24h \u2713 Garan\u021bie!","og_url":"https:\/\/autorival.ro\/fiat\/product\/filtru-combustibil-fiat-panda-caseta-hatchback-141_-1000-i-e-benzina-45-cai-champion-cff100201\/","og_site_name":"FIAT","article_modified_time":"2025-05-18T12:01:31+00:00","og_image":[{"width":173,"height":400,"url":"https:\/\/autorival.ro\/fiat\/wp-content\/uploads\/sites\/9\/2025\/05\/cff100201_226502-3.jpg","type":"image\/jpeg"}],"twitter_card":"summary_large_image","twitter_title":"Filtru combustibil FIAT PANDA Caseta\/ Hatchback (141_) 1000 i.e benzina 45 cai CHAMPION CFF100201 FIAT | CHAMPION - Autorival","twitter_description":"\u26a1 Filtru combustibil FIAT PANDA Caseta\/ Hatchback (141_) 1000 i.e benzina 45 cai CHAMPION CFF100201 pentru FIAT la doar 37.8 RON. \u2713 Cod: CFF100201 \u2713 Brand: CHAMPION \u2713 \u00cen stoc \u2713 Livrare 24h \u2713 Garan\u021bie!","schema":{"@context":"https:\/\/schema.org","@graph":[{"@type":"WebPage","@id":"https:\/\/autorival.ro\/fiat\/product\/filtru-combustibil-fiat-panda-caseta-hatchback-141_-1000-i-e-benzina-45-cai-champion-cff100201\/","url":"https:\/\/autorival.ro\/fiat\/product\/filtru-combustibil-fiat-panda-caseta-hatchback-141_-1000-i-e-benzina-45-cai-champion-cff100201\/","name":"Filtru combustibil FIAT PANDA Caseta\/ Hatchback (141_) 1000 i.e benzina 45 cai CHAMPION CFF100201 FIAT | CHAMPION - Autorival","isPartOf":{"@id":"https:\/\/autorival.ro\/fiat\/#website"},"primaryImageOfPage":{"@id":"https:\/\/autorival.ro\/fiat\/product\/filtru-combustibil-fiat-panda-caseta-hatchback-141_-1000-i-e-benzina-45-cai-champion-cff100201\/#primaryimage"},"image":{"@id":"https:\/\/autorival.ro\/fiat\/product\/filtru-combustibil-fiat-panda-caseta-hatchback-141_-1000-i-e-benzina-45-cai-champion-cff100201\/#primaryimage"},"thumbnailUrl":"https:\/\/autorival.ro\/fiat\/wp-content\/uploads\/sites\/9\/2025\/05\/cff100201_226502-3.jpg","datePublished":"2025-05-18T12:01:30+00:00","dateModified":"2025-05-18T12:01:31+00:00","description":"\u26a1 Filtru combustibil FIAT PANDA Caseta\/ Hatchback (141_) 1000 i.e benzina 45 cai CHAMPION CFF100201 pentru FIAT la doar 37.8 RON. \u2713 Cod: CFF100201 \u2713 Brand: CHAMPION \u2713 \u00cen stoc \u2713 Livrare 24h \u2713 Garan\u021bie!","breadcrumb":{"@id":"https:\/\/autorival.ro\/fiat\/product\/filtru-combustibil-fiat-panda-caseta-hatchback-141_-1000-i-e-benzina-45-cai-champion-cff100201\/#breadcrumb"},"inLanguage":"en-US","potentialAction":[{"@type":"ReadAction","target":["https:\/\/autorival.ro\/fiat\/product\/filtru-combustibil-fiat-panda-caseta-hatchback-141_-1000-i-e-benzina-45-cai-champion-cff100201\/"]}]},{"@type":"ImageObject","inLanguage":"en-US","@id":"https:\/\/autorival.ro\/fiat\/product\/filtru-combustibil-fiat-panda-caseta-hatchback-141_-1000-i-e-benzina-45-cai-champion-cff100201\/#primaryimage","url":"https:\/\/autorival.ro\/fiat\/wp-content\/uploads\/sites\/9\/2025\/05\/cff100201_226502-3.jpg","contentUrl":"https:\/\/autorival.ro\/fiat\/wp-content\/uploads\/sites\/9\/2025\/05\/cff100201_226502-3.jpg","width":173,"height":400,"caption":"Filtru combustibil FIAT PANDA Caseta\/ Hatchback (141_) 1.1 benzina 54 cai CHAMPION CFF100201"},{"@type":"BreadcrumbList","@id":"https:\/\/autorival.ro\/fiat\/product\/filtru-combustibil-fiat-panda-caseta-hatchback-141_-1000-i-e-benzina-45-cai-champion-cff100201\/#breadcrumb","itemListElement":[{"@type":"ListItem","position":1,"name":"Prima pagin\u0103","item":"https:\/\/autorival.ro\/fiat\/"},{"@type":"ListItem","position":2,"name":"Piese auto FIAT","item":"https:\/\/autorival.ro\/fiat\/"},{"@type":"ListItem","position":3,"name":"Filtru combustibil FIAT PANDA Caseta\/ Hatchback (141_) 1000 i.e benzina 45 cai CHAMPION CFF100201"}]},{"@type":"WebSite","@id":"https:\/\/autorival.ro\/fiat\/#website","url":"https:\/\/autorival.ro\/fiat\/","name":"FIAT","description":"","potentialAction":[{"@type":"SearchAction","target":{"@type":"EntryPoint","urlTemplate":"https:\/\/autorival.ro\/fiat\/?s={search_term_string}"},"query-input":{"@type":"PropertyValueSpecification","valueRequired":true,"valueName":"search_term_string"}}],"inLanguage":"en-US"}]}},"_links":{"self":[{"href":"https:\/\/autorival.ro\/fiat\/wp-json\/wp\/v2\/product\/186581","targetHints":{"allow":["GET"]}}],"collection":[{"href":"https:\/\/autorival.ro\/fiat\/wp-json\/wp\/v2\/product"}],"about":[{"href":"https:\/\/autorival.ro\/fiat\/wp-json\/wp\/v2\/types\/product"}],"replies":[{"embeddable":true,"href":"https:\/\/autorival.ro\/fiat\/wp-json\/wp\/v2\/comments?post=186581"}],"wp:featuredmedia":[{"embeddable":true,"href":"https:\/\/autorival.ro\/fiat\/wp-json\/wp\/v2\/media\/186526"}],"wp:attachment":[{"href":"https:\/\/autorival.ro\/fiat\/wp-json\/wp\/v2\/media?parent=186581"}],"wp:term":[{"taxonomy":"product_brand","embeddable":true,"href":"https:\/\/autorival.ro\/fiat\/wp-json\/wp\/v2\/product_brand?post=186581"},{"taxonomy":"product_cat","embeddable":true,"href":"https:\/\/autorival.ro\/fiat\/wp-json\/wp\/v2\/product_cat?post=186581"},{"taxonomy":"product_tag","embeddable":true,"href":"https:\/\/autorival.ro\/fiat\/wp-json\/wp\/v2\/product_tag?post=186581"}],"curies":[{"name":"wp","href":"https:\/\/api.w.org\/{rel}","templated":true}]}}