{"id":173849,"date":"2025-05-18T10:30:10","date_gmt":"2025-05-18T10:30:10","guid":{"rendered":"https:\/\/autorival.ro\/fiat\/product\/far-fiat-panda-141_-650-benzina-30-cai-van-wezel-1708958\/"},"modified":"2025-05-18T10:30:10","modified_gmt":"2025-05-18T10:30:10","slug":"far-fiat-panda-141_-650-benzina-30-cai-van-wezel-1708958","status":"publish","type":"product","link":"https:\/\/autorival.ro\/fiat\/product\/far-fiat-panda-141_-650-benzina-30-cai-van-wezel-1708958\/","title":{"rendered":"Far FIAT PANDA (141_) 650 benzina 30 cai VAN WEZEL 1708958"},"content":{"rendered":"<p>An fabricatie de la: 198601Partea de montare: dreaptaTIp lampa: R2 (Bilux)Culoare: albFunctie de lampa: cu lumini de semnalizareEchipament vehicul: pentru vehicule f\u0103r\u0103 reglare faruriTrafic pe st\u00e2nga\/dreapta: pentru trafic pe dreaptaNumar articol par: 1708957<\/p>\n","protected":false},"excerpt":{"rendered":"<p>Producator: VAN WEZEL Cod producator: 1708958<\/p>\n","protected":false},"featured_media":173711,"comment_status":"open","ping_status":"closed","template":"","meta":[],"product_brand":[276],"product_cat":[14553],"product_tag":[38404,38603,38291,38323,38312,38313],"class_list":{"0":"post-173849","1":"product","2":"type-product","3":"status-publish","4":"has-post-thumbnail","6":"product_brand-van-wezel","7":"product_cat-far-141_-650-benzina-30","8":"product_tag-141_","9":"product_tag-far","10":"product_tag-fiat","11":"product_tag-panda","12":"product_tag-van","13":"product_tag-wezel","15":"first","16":"instock","17":"shipping-taxable","18":"purchasable","19":"product-type-simple"},"yoast_head":"<!-- This site is optimized with the Yoast SEO plugin v27.3 - https:\/\/yoast.com\/product\/yoast-seo-wordpress\/ -->\n<title>Far FIAT PANDA (141_) 650 benzina 30 cai VAN WEZEL 1708958 FIAT | VAN - Autorival<\/title>\n<meta name=\"description\" content=\"\u26a1 Far FIAT PANDA (141_) 650 benzina 30 cai VAN WEZEL 1708958 pentru FIAT la doar 319.23 RON. \u2713 Cod: 1708958 \u2713 Brand: VAN \u2713 \u00cen stoc \u2713 Livrare 24h \u2713 Garan\u021bie!\" \/>\n<meta name=\"robots\" content=\"index, follow, max-snippet:-1, max-image-preview:large, max-video-preview:-1\" \/>\n<meta property=\"og:locale\" content=\"en_US\" \/>\n<meta property=\"og:type\" content=\"article\" \/>\n<meta property=\"og:title\" content=\"Far FIAT PANDA (141_) 650 benzina 30 cai VAN WEZEL 1708958 FIAT | VAN - Autorival\" \/>\n<meta property=\"og:description\" content=\"\u26a1 Far FIAT PANDA (141_) 650 benzina 30 cai VAN WEZEL 1708958 pentru FIAT la doar 319.23 RON. \u2713 Cod: 1708958 \u2713 Brand: VAN \u2713 \u00cen stoc \u2713 Livrare 24h \u2713 Garan\u021bie!\" \/>\n<meta property=\"og:url\" content=\"https:\/\/autorival.ro\/fiat\/product\/far-fiat-panda-141_-650-benzina-30-cai-van-wezel-1708958\/\" \/>\n<meta property=\"og:site_name\" content=\"FIAT\" \/>\n<meta property=\"og:image\" content=\"https:\/\/autorival.ro\/fiat\/wp-content\/uploads\/sites\/9\/2025\/05\/i1708957.jpg\" \/>\n\t<meta property=\"og:image:width\" content=\"420\" \/>\n\t<meta property=\"og:image:height\" content=\"294\" \/>\n\t<meta property=\"og:image:type\" content=\"image\/jpeg\" \/>\n<meta name=\"twitter:card\" content=\"summary_large_image\" \/>\n<meta name=\"twitter:title\" content=\"Far FIAT PANDA (141_) 650 benzina 30 cai VAN WEZEL 1708958 FIAT | VAN - Autorival\" \/>\n<meta name=\"twitter:description\" content=\"\u26a1 Far FIAT PANDA (141_) 650 benzina 30 cai VAN WEZEL 1708958 pentru FIAT la doar 319.23 RON. \u2713 Cod: 1708958 \u2713 Brand: VAN \u2713 \u00cen stoc \u2713 Livrare 24h \u2713 Garan\u021bie!\" \/>\n<script type=\"application\/ld+json\" class=\"yoast-schema-graph\">{\"@context\":\"https:\\\/\\\/schema.org\",\"@graph\":[{\"@type\":\"WebPage\",\"@id\":\"https:\\\/\\\/autorival.ro\\\/fiat\\\/product\\\/far-fiat-panda-141_-650-benzina-30-cai-van-wezel-1708958\\\/\",\"url\":\"https:\\\/\\\/autorival.ro\\\/fiat\\\/product\\\/far-fiat-panda-141_-650-benzina-30-cai-van-wezel-1708958\\\/\",\"name\":\"Far FIAT PANDA (141_) 650 benzina 30 cai VAN WEZEL 1708958 FIAT | VAN - Autorival\",\"isPartOf\":{\"@id\":\"https:\\\/\\\/autorival.ro\\\/fiat\\\/#website\"},\"primaryImageOfPage\":{\"@id\":\"https:\\\/\\\/autorival.ro\\\/fiat\\\/product\\\/far-fiat-panda-141_-650-benzina-30-cai-van-wezel-1708958\\\/#primaryimage\"},\"image\":{\"@id\":\"https:\\\/\\\/autorival.ro\\\/fiat\\\/product\\\/far-fiat-panda-141_-650-benzina-30-cai-van-wezel-1708958\\\/#primaryimage\"},\"thumbnailUrl\":\"https:\\\/\\\/autorival.ro\\\/fiat\\\/wp-content\\\/uploads\\\/sites\\\/9\\\/2025\\\/05\\\/i1708957.jpg\",\"datePublished\":\"2025-05-18T10:30:10+00:00\",\"description\":\"\u26a1 Far FIAT PANDA (141_) 650 benzina 30 cai VAN WEZEL 1708958 pentru FIAT la doar 319.23 RON. \u2713 Cod: 1708958 \u2713 Brand: VAN \u2713 \u00cen stoc \u2713 Livrare 24h \u2713 Garan\u021bie!\",\"breadcrumb\":{\"@id\":\"https:\\\/\\\/autorival.ro\\\/fiat\\\/product\\\/far-fiat-panda-141_-650-benzina-30-cai-van-wezel-1708958\\\/#breadcrumb\"},\"inLanguage\":\"en-US\",\"potentialAction\":[{\"@type\":\"ReadAction\",\"target\":[\"https:\\\/\\\/autorival.ro\\\/fiat\\\/product\\\/far-fiat-panda-141_-650-benzina-30-cai-van-wezel-1708958\\\/\"]}]},{\"@type\":\"ImageObject\",\"inLanguage\":\"en-US\",\"@id\":\"https:\\\/\\\/autorival.ro\\\/fiat\\\/product\\\/far-fiat-panda-141_-650-benzina-30-cai-van-wezel-1708958\\\/#primaryimage\",\"url\":\"https:\\\/\\\/autorival.ro\\\/fiat\\\/wp-content\\\/uploads\\\/sites\\\/9\\\/2025\\\/05\\\/i1708957.jpg\",\"contentUrl\":\"https:\\\/\\\/autorival.ro\\\/fiat\\\/wp-content\\\/uploads\\\/sites\\\/9\\\/2025\\\/05\\\/i1708957.jpg\",\"width\":420,\"height\":294,\"caption\":\"Far FIAT PANDA (141_) 1000 4x4 benzina 44 cai VAN WEZEL 1708957\"},{\"@type\":\"BreadcrumbList\",\"@id\":\"https:\\\/\\\/autorival.ro\\\/fiat\\\/product\\\/far-fiat-panda-141_-650-benzina-30-cai-van-wezel-1708958\\\/#breadcrumb\",\"itemListElement\":[{\"@type\":\"ListItem\",\"position\":1,\"name\":\"Prima pagin\u0103\",\"item\":\"https:\\\/\\\/autorival.ro\\\/fiat\\\/\"},{\"@type\":\"ListItem\",\"position\":2,\"name\":\"Piese auto FIAT\",\"item\":\"https:\\\/\\\/autorival.ro\\\/fiat\\\/\"},{\"@type\":\"ListItem\",\"position\":3,\"name\":\"Far FIAT PANDA (141_) 650 benzina 30 cai VAN WEZEL 1708958\"}]},{\"@type\":\"WebSite\",\"@id\":\"https:\\\/\\\/autorival.ro\\\/fiat\\\/#website\",\"url\":\"https:\\\/\\\/autorival.ro\\\/fiat\\\/\",\"name\":\"FIAT\",\"description\":\"\",\"potentialAction\":[{\"@type\":\"SearchAction\",\"target\":{\"@type\":\"EntryPoint\",\"urlTemplate\":\"https:\\\/\\\/autorival.ro\\\/fiat\\\/?s={search_term_string}\"},\"query-input\":{\"@type\":\"PropertyValueSpecification\",\"valueRequired\":true,\"valueName\":\"search_term_string\"}}],\"inLanguage\":\"en-US\"}]}<\/script>\n<!-- \/ Yoast SEO plugin. -->","yoast_head_json":{"title":"Far FIAT PANDA (141_) 650 benzina 30 cai VAN WEZEL 1708958 FIAT | VAN - Autorival","description":"\u26a1 Far FIAT PANDA (141_) 650 benzina 30 cai VAN WEZEL 1708958 pentru FIAT la doar 319.23 RON. \u2713 Cod: 1708958 \u2713 Brand: VAN \u2713 \u00cen stoc \u2713 Livrare 24h \u2713 Garan\u021bie!","robots":{"index":"index","follow":"follow","max-snippet":"max-snippet:-1","max-image-preview":"max-image-preview:large","max-video-preview":"max-video-preview:-1"},"og_locale":"en_US","og_type":"article","og_title":"Far FIAT PANDA (141_) 650 benzina 30 cai VAN WEZEL 1708958 FIAT | VAN - Autorival","og_description":"\u26a1 Far FIAT PANDA (141_) 650 benzina 30 cai VAN WEZEL 1708958 pentru FIAT la doar 319.23 RON. \u2713 Cod: 1708958 \u2713 Brand: VAN \u2713 \u00cen stoc \u2713 Livrare 24h \u2713 Garan\u021bie!","og_url":"https:\/\/autorival.ro\/fiat\/product\/far-fiat-panda-141_-650-benzina-30-cai-van-wezel-1708958\/","og_site_name":"FIAT","og_image":[{"width":420,"height":294,"url":"https:\/\/autorival.ro\/fiat\/wp-content\/uploads\/sites\/9\/2025\/05\/i1708957.jpg","type":"image\/jpeg"}],"twitter_card":"summary_large_image","twitter_title":"Far FIAT PANDA (141_) 650 benzina 30 cai VAN WEZEL 1708958 FIAT | VAN - Autorival","twitter_description":"\u26a1 Far FIAT PANDA (141_) 650 benzina 30 cai VAN WEZEL 1708958 pentru FIAT la doar 319.23 RON. \u2713 Cod: 1708958 \u2713 Brand: VAN \u2713 \u00cen stoc \u2713 Livrare 24h \u2713 Garan\u021bie!","schema":{"@context":"https:\/\/schema.org","@graph":[{"@type":"WebPage","@id":"https:\/\/autorival.ro\/fiat\/product\/far-fiat-panda-141_-650-benzina-30-cai-van-wezel-1708958\/","url":"https:\/\/autorival.ro\/fiat\/product\/far-fiat-panda-141_-650-benzina-30-cai-van-wezel-1708958\/","name":"Far FIAT PANDA (141_) 650 benzina 30 cai VAN WEZEL 1708958 FIAT | VAN - Autorival","isPartOf":{"@id":"https:\/\/autorival.ro\/fiat\/#website"},"primaryImageOfPage":{"@id":"https:\/\/autorival.ro\/fiat\/product\/far-fiat-panda-141_-650-benzina-30-cai-van-wezel-1708958\/#primaryimage"},"image":{"@id":"https:\/\/autorival.ro\/fiat\/product\/far-fiat-panda-141_-650-benzina-30-cai-van-wezel-1708958\/#primaryimage"},"thumbnailUrl":"https:\/\/autorival.ro\/fiat\/wp-content\/uploads\/sites\/9\/2025\/05\/i1708957.jpg","datePublished":"2025-05-18T10:30:10+00:00","description":"\u26a1 Far FIAT PANDA (141_) 650 benzina 30 cai VAN WEZEL 1708958 pentru FIAT la doar 319.23 RON. \u2713 Cod: 1708958 \u2713 Brand: VAN \u2713 \u00cen stoc \u2713 Livrare 24h \u2713 Garan\u021bie!","breadcrumb":{"@id":"https:\/\/autorival.ro\/fiat\/product\/far-fiat-panda-141_-650-benzina-30-cai-van-wezel-1708958\/#breadcrumb"},"inLanguage":"en-US","potentialAction":[{"@type":"ReadAction","target":["https:\/\/autorival.ro\/fiat\/product\/far-fiat-panda-141_-650-benzina-30-cai-van-wezel-1708958\/"]}]},{"@type":"ImageObject","inLanguage":"en-US","@id":"https:\/\/autorival.ro\/fiat\/product\/far-fiat-panda-141_-650-benzina-30-cai-van-wezel-1708958\/#primaryimage","url":"https:\/\/autorival.ro\/fiat\/wp-content\/uploads\/sites\/9\/2025\/05\/i1708957.jpg","contentUrl":"https:\/\/autorival.ro\/fiat\/wp-content\/uploads\/sites\/9\/2025\/05\/i1708957.jpg","width":420,"height":294,"caption":"Far FIAT PANDA (141_) 1000 4x4 benzina 44 cai VAN WEZEL 1708957"},{"@type":"BreadcrumbList","@id":"https:\/\/autorival.ro\/fiat\/product\/far-fiat-panda-141_-650-benzina-30-cai-van-wezel-1708958\/#breadcrumb","itemListElement":[{"@type":"ListItem","position":1,"name":"Prima pagin\u0103","item":"https:\/\/autorival.ro\/fiat\/"},{"@type":"ListItem","position":2,"name":"Piese auto FIAT","item":"https:\/\/autorival.ro\/fiat\/"},{"@type":"ListItem","position":3,"name":"Far FIAT PANDA (141_) 650 benzina 30 cai VAN WEZEL 1708958"}]},{"@type":"WebSite","@id":"https:\/\/autorival.ro\/fiat\/#website","url":"https:\/\/autorival.ro\/fiat\/","name":"FIAT","description":"","potentialAction":[{"@type":"SearchAction","target":{"@type":"EntryPoint","urlTemplate":"https:\/\/autorival.ro\/fiat\/?s={search_term_string}"},"query-input":{"@type":"PropertyValueSpecification","valueRequired":true,"valueName":"search_term_string"}}],"inLanguage":"en-US"}]}},"_links":{"self":[{"href":"https:\/\/autorival.ro\/fiat\/wp-json\/wp\/v2\/product\/173849","targetHints":{"allow":["GET"]}}],"collection":[{"href":"https:\/\/autorival.ro\/fiat\/wp-json\/wp\/v2\/product"}],"about":[{"href":"https:\/\/autorival.ro\/fiat\/wp-json\/wp\/v2\/types\/product"}],"replies":[{"embeddable":true,"href":"https:\/\/autorival.ro\/fiat\/wp-json\/wp\/v2\/comments?post=173849"}],"wp:featuredmedia":[{"embeddable":true,"href":"https:\/\/autorival.ro\/fiat\/wp-json\/wp\/v2\/media\/173711"}],"wp:attachment":[{"href":"https:\/\/autorival.ro\/fiat\/wp-json\/wp\/v2\/media?parent=173849"}],"wp:term":[{"taxonomy":"product_brand","embeddable":true,"href":"https:\/\/autorival.ro\/fiat\/wp-json\/wp\/v2\/product_brand?post=173849"},{"taxonomy":"product_cat","embeddable":true,"href":"https:\/\/autorival.ro\/fiat\/wp-json\/wp\/v2\/product_cat?post=173849"},{"taxonomy":"product_tag","embeddable":true,"href":"https:\/\/autorival.ro\/fiat\/wp-json\/wp\/v2\/product_tag?post=173849"}],"curies":[{"name":"wp","href":"https:\/\/api.w.org\/{rel}","templated":true}]}}