{"id":173840,"date":"2025-05-18T10:30:03","date_gmt":"2025-05-18T10:30:03","guid":{"rendered":"https:\/\/autorival.ro\/fiat\/product\/far-fiat-panda-141_-650-benzina-30-cai-abakus-661-1118r-ld-ey\/"},"modified":"2025-05-18T10:30:04","modified_gmt":"2025-05-18T10:30:04","slug":"far-fiat-panda-141_-650-benzina-30-cai-abakus-661-1118r-ld-ey","status":"publish","type":"product","link":"https:\/\/autorival.ro\/fiat\/product\/far-fiat-panda-141_-650-benzina-30-cai-abakus-661-1118r-ld-ey\/","title":{"rendered":"Far FIAT PANDA (141_) 650 benzina 30 cai ABAKUS 661-1118R-LD-EY"},"content":{"rendered":"<p>Partea de montare: dreaptaFunctie de lampa: cu faza scurta, cu lumini de delimitare, cu faza lungaEchipament vehicul: pentru vehicule cu reglare faruri, pentru vehicule f\u0103r\u0103 reglare faruriTrafic pe st\u00e2nga\/dreapta: pentru trafic pe dreaptaArticol extins\/Informatii de extindere: fara bec cu incandescenta, fara suport becCuloare lumina semnalizator: galbenTip inmatriculare: Verificat ECEDe la an model: 1986Pana la an model: 2003Numar articol par: 661-1118L-LD-EYTIp lampa: R2 (Bilux), H4Variant\u0103 de execu\u021bie soclu lamp\u0103 incandescent\u0103: P45t, P43t<\/p>\n","protected":false},"excerpt":{"rendered":"<p>Producator: ABAKUS Cod producator: 661-1118R-LD-EY<\/p>\n","protected":false},"featured_media":173695,"comment_status":"open","ping_status":"closed","template":"","meta":[],"product_brand":[273],"product_cat":[14553],"product_tag":[38404,38468,38305,38603,38291,38323],"class_list":{"0":"post-173840","1":"product","2":"type-product","3":"status-publish","4":"has-post-thumbnail","6":"product_brand-abakus","7":"product_cat-far-141_-650-benzina-30","8":"product_tag-141_","9":"product_tag-38468","10":"product_tag-abakus","11":"product_tag-far","12":"product_tag-fiat","13":"product_tag-panda","15":"first","16":"instock","17":"shipping-taxable","18":"purchasable","19":"product-type-simple"},"yoast_head":"<!-- This site is optimized with the Yoast SEO plugin v27.3 - https:\/\/yoast.com\/product\/yoast-seo-wordpress\/ -->\n<title>Far FIAT PANDA (141_) 650 benzina 30 cai ABAKUS 661-1118R-LD-EY FIAT | ABAKUS - Autorival<\/title>\n<meta name=\"description\" content=\"\u26a1 Far FIAT PANDA (141_) 650 benzina 30 cai ABAKUS 661-1118R-LD-EY pentru FIAT la doar 225.27 RON. \u2713 Cod: 661-1118R-LD-EY \u2713 Brand: ABAKUS \u2713 \u00cen stoc \u2713 Livrare 24h \u2713 Garan\u021bie!\" \/>\n<meta name=\"robots\" content=\"index, follow, max-snippet:-1, max-image-preview:large, max-video-preview:-1\" \/>\n<meta property=\"og:locale\" content=\"en_US\" \/>\n<meta property=\"og:type\" content=\"article\" \/>\n<meta property=\"og:title\" content=\"Far FIAT PANDA (141_) 650 benzina 30 cai ABAKUS 661-1118R-LD-EY FIAT | ABAKUS - Autorival\" \/>\n<meta property=\"og:description\" content=\"\u26a1 Far FIAT PANDA (141_) 650 benzina 30 cai ABAKUS 661-1118R-LD-EY pentru FIAT la doar 225.27 RON. \u2713 Cod: 661-1118R-LD-EY \u2713 Brand: ABAKUS \u2713 \u00cen stoc \u2713 Livrare 24h \u2713 Garan\u021bie!\" \/>\n<meta property=\"og:url\" content=\"https:\/\/autorival.ro\/fiat\/product\/far-fiat-panda-141_-650-benzina-30-cai-abakus-661-1118r-ld-ey\/\" \/>\n<meta property=\"og:site_name\" content=\"FIAT\" \/>\n<meta property=\"article:modified_time\" content=\"2025-05-18T10:30:04+00:00\" \/>\n<meta property=\"og:image\" content=\"https:\/\/autorival.ro\/fiat\/wp-content\/uploads\/sites\/9\/2025\/05\/661-1118-y.jpg\" \/>\n\t<meta property=\"og:image:width\" content=\"454\" \/>\n\t<meta property=\"og:image:height\" content=\"300\" \/>\n\t<meta property=\"og:image:type\" content=\"image\/jpeg\" \/>\n<meta name=\"twitter:card\" content=\"summary_large_image\" \/>\n<meta name=\"twitter:title\" content=\"Far FIAT PANDA (141_) 650 benzina 30 cai ABAKUS 661-1118R-LD-EY FIAT | ABAKUS - Autorival\" \/>\n<meta name=\"twitter:description\" content=\"\u26a1 Far FIAT PANDA (141_) 650 benzina 30 cai ABAKUS 661-1118R-LD-EY pentru FIAT la doar 225.27 RON. \u2713 Cod: 661-1118R-LD-EY \u2713 Brand: ABAKUS \u2713 \u00cen stoc \u2713 Livrare 24h \u2713 Garan\u021bie!\" \/>\n<script type=\"application\/ld+json\" class=\"yoast-schema-graph\">{\"@context\":\"https:\\\/\\\/schema.org\",\"@graph\":[{\"@type\":\"WebPage\",\"@id\":\"https:\\\/\\\/autorival.ro\\\/fiat\\\/product\\\/far-fiat-panda-141_-650-benzina-30-cai-abakus-661-1118r-ld-ey\\\/\",\"url\":\"https:\\\/\\\/autorival.ro\\\/fiat\\\/product\\\/far-fiat-panda-141_-650-benzina-30-cai-abakus-661-1118r-ld-ey\\\/\",\"name\":\"Far FIAT PANDA (141_) 650 benzina 30 cai ABAKUS 661-1118R-LD-EY FIAT | ABAKUS - Autorival\",\"isPartOf\":{\"@id\":\"https:\\\/\\\/autorival.ro\\\/fiat\\\/#website\"},\"primaryImageOfPage\":{\"@id\":\"https:\\\/\\\/autorival.ro\\\/fiat\\\/product\\\/far-fiat-panda-141_-650-benzina-30-cai-abakus-661-1118r-ld-ey\\\/#primaryimage\"},\"image\":{\"@id\":\"https:\\\/\\\/autorival.ro\\\/fiat\\\/product\\\/far-fiat-panda-141_-650-benzina-30-cai-abakus-661-1118r-ld-ey\\\/#primaryimage\"},\"thumbnailUrl\":\"https:\\\/\\\/autorival.ro\\\/fiat\\\/wp-content\\\/uploads\\\/sites\\\/9\\\/2025\\\/05\\\/661-1118-y.jpg\",\"datePublished\":\"2025-05-18T10:30:03+00:00\",\"dateModified\":\"2025-05-18T10:30:04+00:00\",\"description\":\"\u26a1 Far FIAT PANDA (141_) 650 benzina 30 cai ABAKUS 661-1118R-LD-EY pentru FIAT la doar 225.27 RON. \u2713 Cod: 661-1118R-LD-EY \u2713 Brand: ABAKUS \u2713 \u00cen stoc \u2713 Livrare 24h \u2713 Garan\u021bie!\",\"breadcrumb\":{\"@id\":\"https:\\\/\\\/autorival.ro\\\/fiat\\\/product\\\/far-fiat-panda-141_-650-benzina-30-cai-abakus-661-1118r-ld-ey\\\/#breadcrumb\"},\"inLanguage\":\"en-US\",\"potentialAction\":[{\"@type\":\"ReadAction\",\"target\":[\"https:\\\/\\\/autorival.ro\\\/fiat\\\/product\\\/far-fiat-panda-141_-650-benzina-30-cai-abakus-661-1118r-ld-ey\\\/\"]}]},{\"@type\":\"ImageObject\",\"inLanguage\":\"en-US\",\"@id\":\"https:\\\/\\\/autorival.ro\\\/fiat\\\/product\\\/far-fiat-panda-141_-650-benzina-30-cai-abakus-661-1118r-ld-ey\\\/#primaryimage\",\"url\":\"https:\\\/\\\/autorival.ro\\\/fiat\\\/wp-content\\\/uploads\\\/sites\\\/9\\\/2025\\\/05\\\/661-1118-y.jpg\",\"contentUrl\":\"https:\\\/\\\/autorival.ro\\\/fiat\\\/wp-content\\\/uploads\\\/sites\\\/9\\\/2025\\\/05\\\/661-1118-y.jpg\",\"width\":454,\"height\":300,\"caption\":\"Far FIAT PANDA (141_) 1000 4x4 benzina 44 cai ABAKUS 661-1118R-LD-EY\"},{\"@type\":\"BreadcrumbList\",\"@id\":\"https:\\\/\\\/autorival.ro\\\/fiat\\\/product\\\/far-fiat-panda-141_-650-benzina-30-cai-abakus-661-1118r-ld-ey\\\/#breadcrumb\",\"itemListElement\":[{\"@type\":\"ListItem\",\"position\":1,\"name\":\"Prima pagin\u0103\",\"item\":\"https:\\\/\\\/autorival.ro\\\/fiat\\\/\"},{\"@type\":\"ListItem\",\"position\":2,\"name\":\"Piese auto FIAT\",\"item\":\"https:\\\/\\\/autorival.ro\\\/fiat\\\/\"},{\"@type\":\"ListItem\",\"position\":3,\"name\":\"Far FIAT PANDA (141_) 650 benzina 30 cai ABAKUS 661-1118R-LD-EY\"}]},{\"@type\":\"WebSite\",\"@id\":\"https:\\\/\\\/autorival.ro\\\/fiat\\\/#website\",\"url\":\"https:\\\/\\\/autorival.ro\\\/fiat\\\/\",\"name\":\"FIAT\",\"description\":\"\",\"potentialAction\":[{\"@type\":\"SearchAction\",\"target\":{\"@type\":\"EntryPoint\",\"urlTemplate\":\"https:\\\/\\\/autorival.ro\\\/fiat\\\/?s={search_term_string}\"},\"query-input\":{\"@type\":\"PropertyValueSpecification\",\"valueRequired\":true,\"valueName\":\"search_term_string\"}}],\"inLanguage\":\"en-US\"}]}<\/script>\n<!-- \/ Yoast SEO plugin. -->","yoast_head_json":{"title":"Far FIAT PANDA (141_) 650 benzina 30 cai ABAKUS 661-1118R-LD-EY FIAT | ABAKUS - Autorival","description":"\u26a1 Far FIAT PANDA (141_) 650 benzina 30 cai ABAKUS 661-1118R-LD-EY pentru FIAT la doar 225.27 RON. \u2713 Cod: 661-1118R-LD-EY \u2713 Brand: ABAKUS \u2713 \u00cen stoc \u2713 Livrare 24h \u2713 Garan\u021bie!","robots":{"index":"index","follow":"follow","max-snippet":"max-snippet:-1","max-image-preview":"max-image-preview:large","max-video-preview":"max-video-preview:-1"},"og_locale":"en_US","og_type":"article","og_title":"Far FIAT PANDA (141_) 650 benzina 30 cai ABAKUS 661-1118R-LD-EY FIAT | ABAKUS - Autorival","og_description":"\u26a1 Far FIAT PANDA (141_) 650 benzina 30 cai ABAKUS 661-1118R-LD-EY pentru FIAT la doar 225.27 RON. \u2713 Cod: 661-1118R-LD-EY \u2713 Brand: ABAKUS \u2713 \u00cen stoc \u2713 Livrare 24h \u2713 Garan\u021bie!","og_url":"https:\/\/autorival.ro\/fiat\/product\/far-fiat-panda-141_-650-benzina-30-cai-abakus-661-1118r-ld-ey\/","og_site_name":"FIAT","article_modified_time":"2025-05-18T10:30:04+00:00","og_image":[{"width":454,"height":300,"url":"https:\/\/autorival.ro\/fiat\/wp-content\/uploads\/sites\/9\/2025\/05\/661-1118-y.jpg","type":"image\/jpeg"}],"twitter_card":"summary_large_image","twitter_title":"Far FIAT PANDA (141_) 650 benzina 30 cai ABAKUS 661-1118R-LD-EY FIAT | ABAKUS - Autorival","twitter_description":"\u26a1 Far FIAT PANDA (141_) 650 benzina 30 cai ABAKUS 661-1118R-LD-EY pentru FIAT la doar 225.27 RON. \u2713 Cod: 661-1118R-LD-EY \u2713 Brand: ABAKUS \u2713 \u00cen stoc \u2713 Livrare 24h \u2713 Garan\u021bie!","schema":{"@context":"https:\/\/schema.org","@graph":[{"@type":"WebPage","@id":"https:\/\/autorival.ro\/fiat\/product\/far-fiat-panda-141_-650-benzina-30-cai-abakus-661-1118r-ld-ey\/","url":"https:\/\/autorival.ro\/fiat\/product\/far-fiat-panda-141_-650-benzina-30-cai-abakus-661-1118r-ld-ey\/","name":"Far FIAT PANDA (141_) 650 benzina 30 cai ABAKUS 661-1118R-LD-EY FIAT | ABAKUS - Autorival","isPartOf":{"@id":"https:\/\/autorival.ro\/fiat\/#website"},"primaryImageOfPage":{"@id":"https:\/\/autorival.ro\/fiat\/product\/far-fiat-panda-141_-650-benzina-30-cai-abakus-661-1118r-ld-ey\/#primaryimage"},"image":{"@id":"https:\/\/autorival.ro\/fiat\/product\/far-fiat-panda-141_-650-benzina-30-cai-abakus-661-1118r-ld-ey\/#primaryimage"},"thumbnailUrl":"https:\/\/autorival.ro\/fiat\/wp-content\/uploads\/sites\/9\/2025\/05\/661-1118-y.jpg","datePublished":"2025-05-18T10:30:03+00:00","dateModified":"2025-05-18T10:30:04+00:00","description":"\u26a1 Far FIAT PANDA (141_) 650 benzina 30 cai ABAKUS 661-1118R-LD-EY pentru FIAT la doar 225.27 RON. \u2713 Cod: 661-1118R-LD-EY \u2713 Brand: ABAKUS \u2713 \u00cen stoc \u2713 Livrare 24h \u2713 Garan\u021bie!","breadcrumb":{"@id":"https:\/\/autorival.ro\/fiat\/product\/far-fiat-panda-141_-650-benzina-30-cai-abakus-661-1118r-ld-ey\/#breadcrumb"},"inLanguage":"en-US","potentialAction":[{"@type":"ReadAction","target":["https:\/\/autorival.ro\/fiat\/product\/far-fiat-panda-141_-650-benzina-30-cai-abakus-661-1118r-ld-ey\/"]}]},{"@type":"ImageObject","inLanguage":"en-US","@id":"https:\/\/autorival.ro\/fiat\/product\/far-fiat-panda-141_-650-benzina-30-cai-abakus-661-1118r-ld-ey\/#primaryimage","url":"https:\/\/autorival.ro\/fiat\/wp-content\/uploads\/sites\/9\/2025\/05\/661-1118-y.jpg","contentUrl":"https:\/\/autorival.ro\/fiat\/wp-content\/uploads\/sites\/9\/2025\/05\/661-1118-y.jpg","width":454,"height":300,"caption":"Far FIAT PANDA (141_) 1000 4x4 benzina 44 cai ABAKUS 661-1118R-LD-EY"},{"@type":"BreadcrumbList","@id":"https:\/\/autorival.ro\/fiat\/product\/far-fiat-panda-141_-650-benzina-30-cai-abakus-661-1118r-ld-ey\/#breadcrumb","itemListElement":[{"@type":"ListItem","position":1,"name":"Prima pagin\u0103","item":"https:\/\/autorival.ro\/fiat\/"},{"@type":"ListItem","position":2,"name":"Piese auto FIAT","item":"https:\/\/autorival.ro\/fiat\/"},{"@type":"ListItem","position":3,"name":"Far FIAT PANDA (141_) 650 benzina 30 cai ABAKUS 661-1118R-LD-EY"}]},{"@type":"WebSite","@id":"https:\/\/autorival.ro\/fiat\/#website","url":"https:\/\/autorival.ro\/fiat\/","name":"FIAT","description":"","potentialAction":[{"@type":"SearchAction","target":{"@type":"EntryPoint","urlTemplate":"https:\/\/autorival.ro\/fiat\/?s={search_term_string}"},"query-input":{"@type":"PropertyValueSpecification","valueRequired":true,"valueName":"search_term_string"}}],"inLanguage":"en-US"}]}},"_links":{"self":[{"href":"https:\/\/autorival.ro\/fiat\/wp-json\/wp\/v2\/product\/173840","targetHints":{"allow":["GET"]}}],"collection":[{"href":"https:\/\/autorival.ro\/fiat\/wp-json\/wp\/v2\/product"}],"about":[{"href":"https:\/\/autorival.ro\/fiat\/wp-json\/wp\/v2\/types\/product"}],"replies":[{"embeddable":true,"href":"https:\/\/autorival.ro\/fiat\/wp-json\/wp\/v2\/comments?post=173840"}],"wp:featuredmedia":[{"embeddable":true,"href":"https:\/\/autorival.ro\/fiat\/wp-json\/wp\/v2\/media\/173695"}],"wp:attachment":[{"href":"https:\/\/autorival.ro\/fiat\/wp-json\/wp\/v2\/media?parent=173840"}],"wp:term":[{"taxonomy":"product_brand","embeddable":true,"href":"https:\/\/autorival.ro\/fiat\/wp-json\/wp\/v2\/product_brand?post=173840"},{"taxonomy":"product_cat","embeddable":true,"href":"https:\/\/autorival.ro\/fiat\/wp-json\/wp\/v2\/product_cat?post=173840"},{"taxonomy":"product_tag","embeddable":true,"href":"https:\/\/autorival.ro\/fiat\/wp-json\/wp\/v2\/product_tag?post=173840"}],"curies":[{"name":"wp","href":"https:\/\/api.w.org\/{rel}","templated":true}]}}