{"id":172398,"date":"2025-05-18T10:19:48","date_gmt":"2025-05-18T10:19:48","guid":{"rendered":"https:\/\/autorival.ro\/fiat\/product\/etrier-frana-fiat-tipo-160_-1-8-i-e-benzina-97-cai-budweg-caliper-341801\/"},"modified":"2025-05-18T10:19:48","modified_gmt":"2025-05-18T10:19:48","slug":"etrier-frana-fiat-tipo-160_-1-8-i-e-benzina-97-cai-budweg-caliper-341801","status":"publish","type":"product","link":"https:\/\/autorival.ro\/fiat\/product\/etrier-frana-fiat-tipo-160_-1-8-i-e-benzina-97-cai-budweg-caliper-341801\/","title":{"rendered":"Etrier frana FIAT TIPO (160_) 1.8 i.e benzina 97 cai BUDWEG CALIPER 341801"},"content":{"rendered":"<p>Partea de montare: in fata osiei, Axa fata dreaptaNumar articol par: 341800Sistem de fr\u00e2nare: GIRLING ->Grosime disc fr\u00e2na [mm]: 11Tip etrier fr\u00e2na: Etrier de fr\u00e2n\u0103 (1 piston) ->Diametru [mm]: 54<\/p>\n","protected":false},"excerpt":{"rendered":"<p>Producator: BUDWEG CALIPER Cod producator: 341801<\/p>\n","protected":false},"featured_media":172334,"comment_status":"open","ping_status":"closed","template":"","meta":[],"product_brand":[14342],"product_cat":[14410],"product_tag":[39055,39056,38554,38291,38328,38304],"class_list":{"0":"post-172398","1":"product","2":"type-product","3":"status-publish","4":"has-post-thumbnail","6":"product_brand-budweg-caliper","7":"product_cat-etrier-frana-160_-1-8-i-e-benzina-97","8":"product_tag-budweg","9":"product_tag-caliper","10":"product_tag-etrier","11":"product_tag-fiat","12":"product_tag-frana","13":"product_tag-tipo","15":"first","16":"instock","17":"shipping-taxable","18":"purchasable","19":"product-type-simple"},"yoast_head":"<!-- This site is optimized with the Yoast SEO plugin v27.3 - https:\/\/yoast.com\/product\/yoast-seo-wordpress\/ -->\n<title>Etrier frana FIAT TIPO (160_) 1.8 i.e benzina 97 cai BUDWEG CALIPER 341801 FIAT | BUDWEG - Autorival<\/title>\n<meta name=\"description\" content=\"\u26a1 Etrier frana FIAT TIPO (160_) 1.8 i.e benzina 97 cai BUDWEG CALIPER 341801 pentru FIAT la doar 550.2 RON. \u2713 Cod: 341801 \u2713 Brand: BUDWEG \u2713 \u00cen stoc \u2713 Livrare 24h \u2713 Garan\u021bie!\" \/>\n<meta name=\"robots\" content=\"index, follow, max-snippet:-1, max-image-preview:large, max-video-preview:-1\" \/>\n<meta property=\"og:locale\" content=\"en_US\" \/>\n<meta property=\"og:type\" content=\"article\" \/>\n<meta property=\"og:title\" content=\"Etrier frana FIAT TIPO (160_) 1.8 i.e benzina 97 cai BUDWEG CALIPER 341801 FIAT | BUDWEG - Autorival\" \/>\n<meta property=\"og:description\" content=\"\u26a1 Etrier frana FIAT TIPO (160_) 1.8 i.e benzina 97 cai BUDWEG CALIPER 341801 pentru FIAT la doar 550.2 RON. \u2713 Cod: 341801 \u2713 Brand: BUDWEG \u2713 \u00cen stoc \u2713 Livrare 24h \u2713 Garan\u021bie!\" \/>\n<meta property=\"og:url\" content=\"https:\/\/autorival.ro\/fiat\/product\/etrier-frana-fiat-tipo-160_-1-8-i-e-benzina-97-cai-budweg-caliper-341801\/\" \/>\n<meta property=\"og:site_name\" content=\"FIAT\" \/>\n<meta property=\"og:image\" content=\"https:\/\/autorival.ro\/fiat\/wp-content\/uploads\/sites\/9\/2025\/05\/341424.jpg\" \/>\n\t<meta property=\"og:image:width\" content=\"600\" \/>\n\t<meta property=\"og:image:height\" content=\"288\" \/>\n\t<meta property=\"og:image:type\" content=\"image\/jpeg\" \/>\n<meta name=\"twitter:card\" content=\"summary_large_image\" \/>\n<meta name=\"twitter:title\" content=\"Etrier frana FIAT TIPO (160_) 1.8 i.e benzina 97 cai BUDWEG CALIPER 341801 FIAT | BUDWEG - Autorival\" \/>\n<meta name=\"twitter:description\" content=\"\u26a1 Etrier frana FIAT TIPO (160_) 1.8 i.e benzina 97 cai BUDWEG CALIPER 341801 pentru FIAT la doar 550.2 RON. \u2713 Cod: 341801 \u2713 Brand: BUDWEG \u2713 \u00cen stoc \u2713 Livrare 24h \u2713 Garan\u021bie!\" \/>\n<script type=\"application\/ld+json\" class=\"yoast-schema-graph\">{\"@context\":\"https:\\\/\\\/schema.org\",\"@graph\":[{\"@type\":\"WebPage\",\"@id\":\"https:\\\/\\\/autorival.ro\\\/fiat\\\/product\\\/etrier-frana-fiat-tipo-160_-1-8-i-e-benzina-97-cai-budweg-caliper-341801\\\/\",\"url\":\"https:\\\/\\\/autorival.ro\\\/fiat\\\/product\\\/etrier-frana-fiat-tipo-160_-1-8-i-e-benzina-97-cai-budweg-caliper-341801\\\/\",\"name\":\"Etrier frana FIAT TIPO (160_) 1.8 i.e benzina 97 cai BUDWEG CALIPER 341801 FIAT | BUDWEG - Autorival\",\"isPartOf\":{\"@id\":\"https:\\\/\\\/autorival.ro\\\/fiat\\\/#website\"},\"primaryImageOfPage\":{\"@id\":\"https:\\\/\\\/autorival.ro\\\/fiat\\\/product\\\/etrier-frana-fiat-tipo-160_-1-8-i-e-benzina-97-cai-budweg-caliper-341801\\\/#primaryimage\"},\"image\":{\"@id\":\"https:\\\/\\\/autorival.ro\\\/fiat\\\/product\\\/etrier-frana-fiat-tipo-160_-1-8-i-e-benzina-97-cai-budweg-caliper-341801\\\/#primaryimage\"},\"thumbnailUrl\":\"https:\\\/\\\/autorival.ro\\\/fiat\\\/wp-content\\\/uploads\\\/sites\\\/9\\\/2025\\\/05\\\/341424.jpg\",\"datePublished\":\"2025-05-18T10:19:48+00:00\",\"description\":\"\u26a1 Etrier frana FIAT TIPO (160_) 1.8 i.e benzina 97 cai BUDWEG CALIPER 341801 pentru FIAT la doar 550.2 RON. \u2713 Cod: 341801 \u2713 Brand: BUDWEG \u2713 \u00cen stoc \u2713 Livrare 24h \u2713 Garan\u021bie!\",\"breadcrumb\":{\"@id\":\"https:\\\/\\\/autorival.ro\\\/fiat\\\/product\\\/etrier-frana-fiat-tipo-160_-1-8-i-e-benzina-97-cai-budweg-caliper-341801\\\/#breadcrumb\"},\"inLanguage\":\"en-US\",\"potentialAction\":[{\"@type\":\"ReadAction\",\"target\":[\"https:\\\/\\\/autorival.ro\\\/fiat\\\/product\\\/etrier-frana-fiat-tipo-160_-1-8-i-e-benzina-97-cai-budweg-caliper-341801\\\/\"]}]},{\"@type\":\"ImageObject\",\"inLanguage\":\"en-US\",\"@id\":\"https:\\\/\\\/autorival.ro\\\/fiat\\\/product\\\/etrier-frana-fiat-tipo-160_-1-8-i-e-benzina-97-cai-budweg-caliper-341801\\\/#primaryimage\",\"url\":\"https:\\\/\\\/autorival.ro\\\/fiat\\\/wp-content\\\/uploads\\\/sites\\\/9\\\/2025\\\/05\\\/341424.jpg\",\"contentUrl\":\"https:\\\/\\\/autorival.ro\\\/fiat\\\/wp-content\\\/uploads\\\/sites\\\/9\\\/2025\\\/05\\\/341424.jpg\",\"width\":600,\"height\":288,\"caption\":\"Etrier frana FIAT TIPO (160_) 1.4 i.e. (160.AP, 160.AD, 160.EA) benzina 70 cai BUDWEG CALIPER 341801\"},{\"@type\":\"BreadcrumbList\",\"@id\":\"https:\\\/\\\/autorival.ro\\\/fiat\\\/product\\\/etrier-frana-fiat-tipo-160_-1-8-i-e-benzina-97-cai-budweg-caliper-341801\\\/#breadcrumb\",\"itemListElement\":[{\"@type\":\"ListItem\",\"position\":1,\"name\":\"Prima pagin\u0103\",\"item\":\"https:\\\/\\\/autorival.ro\\\/fiat\\\/\"},{\"@type\":\"ListItem\",\"position\":2,\"name\":\"Piese auto FIAT\",\"item\":\"https:\\\/\\\/autorival.ro\\\/fiat\\\/\"},{\"@type\":\"ListItem\",\"position\":3,\"name\":\"Etrier frana FIAT TIPO (160_) 1.8 i.e benzina 97 cai BUDWEG CALIPER 341801\"}]},{\"@type\":\"WebSite\",\"@id\":\"https:\\\/\\\/autorival.ro\\\/fiat\\\/#website\",\"url\":\"https:\\\/\\\/autorival.ro\\\/fiat\\\/\",\"name\":\"FIAT\",\"description\":\"\",\"potentialAction\":[{\"@type\":\"SearchAction\",\"target\":{\"@type\":\"EntryPoint\",\"urlTemplate\":\"https:\\\/\\\/autorival.ro\\\/fiat\\\/?s={search_term_string}\"},\"query-input\":{\"@type\":\"PropertyValueSpecification\",\"valueRequired\":true,\"valueName\":\"search_term_string\"}}],\"inLanguage\":\"en-US\"}]}<\/script>\n<!-- \/ Yoast SEO plugin. -->","yoast_head_json":{"title":"Etrier frana FIAT TIPO (160_) 1.8 i.e benzina 97 cai BUDWEG CALIPER 341801 FIAT | BUDWEG - Autorival","description":"\u26a1 Etrier frana FIAT TIPO (160_) 1.8 i.e benzina 97 cai BUDWEG CALIPER 341801 pentru FIAT la doar 550.2 RON. \u2713 Cod: 341801 \u2713 Brand: BUDWEG \u2713 \u00cen stoc \u2713 Livrare 24h \u2713 Garan\u021bie!","robots":{"index":"index","follow":"follow","max-snippet":"max-snippet:-1","max-image-preview":"max-image-preview:large","max-video-preview":"max-video-preview:-1"},"og_locale":"en_US","og_type":"article","og_title":"Etrier frana FIAT TIPO (160_) 1.8 i.e benzina 97 cai BUDWEG CALIPER 341801 FIAT | BUDWEG - Autorival","og_description":"\u26a1 Etrier frana FIAT TIPO (160_) 1.8 i.e benzina 97 cai BUDWEG CALIPER 341801 pentru FIAT la doar 550.2 RON. \u2713 Cod: 341801 \u2713 Brand: BUDWEG \u2713 \u00cen stoc \u2713 Livrare 24h \u2713 Garan\u021bie!","og_url":"https:\/\/autorival.ro\/fiat\/product\/etrier-frana-fiat-tipo-160_-1-8-i-e-benzina-97-cai-budweg-caliper-341801\/","og_site_name":"FIAT","og_image":[{"width":600,"height":288,"url":"https:\/\/autorival.ro\/fiat\/wp-content\/uploads\/sites\/9\/2025\/05\/341424.jpg","type":"image\/jpeg"}],"twitter_card":"summary_large_image","twitter_title":"Etrier frana FIAT TIPO (160_) 1.8 i.e benzina 97 cai BUDWEG CALIPER 341801 FIAT | BUDWEG - Autorival","twitter_description":"\u26a1 Etrier frana FIAT TIPO (160_) 1.8 i.e benzina 97 cai BUDWEG CALIPER 341801 pentru FIAT la doar 550.2 RON. \u2713 Cod: 341801 \u2713 Brand: BUDWEG \u2713 \u00cen stoc \u2713 Livrare 24h \u2713 Garan\u021bie!","schema":{"@context":"https:\/\/schema.org","@graph":[{"@type":"WebPage","@id":"https:\/\/autorival.ro\/fiat\/product\/etrier-frana-fiat-tipo-160_-1-8-i-e-benzina-97-cai-budweg-caliper-341801\/","url":"https:\/\/autorival.ro\/fiat\/product\/etrier-frana-fiat-tipo-160_-1-8-i-e-benzina-97-cai-budweg-caliper-341801\/","name":"Etrier frana FIAT TIPO (160_) 1.8 i.e benzina 97 cai BUDWEG CALIPER 341801 FIAT | BUDWEG - Autorival","isPartOf":{"@id":"https:\/\/autorival.ro\/fiat\/#website"},"primaryImageOfPage":{"@id":"https:\/\/autorival.ro\/fiat\/product\/etrier-frana-fiat-tipo-160_-1-8-i-e-benzina-97-cai-budweg-caliper-341801\/#primaryimage"},"image":{"@id":"https:\/\/autorival.ro\/fiat\/product\/etrier-frana-fiat-tipo-160_-1-8-i-e-benzina-97-cai-budweg-caliper-341801\/#primaryimage"},"thumbnailUrl":"https:\/\/autorival.ro\/fiat\/wp-content\/uploads\/sites\/9\/2025\/05\/341424.jpg","datePublished":"2025-05-18T10:19:48+00:00","description":"\u26a1 Etrier frana FIAT TIPO (160_) 1.8 i.e benzina 97 cai BUDWEG CALIPER 341801 pentru FIAT la doar 550.2 RON. \u2713 Cod: 341801 \u2713 Brand: BUDWEG \u2713 \u00cen stoc \u2713 Livrare 24h \u2713 Garan\u021bie!","breadcrumb":{"@id":"https:\/\/autorival.ro\/fiat\/product\/etrier-frana-fiat-tipo-160_-1-8-i-e-benzina-97-cai-budweg-caliper-341801\/#breadcrumb"},"inLanguage":"en-US","potentialAction":[{"@type":"ReadAction","target":["https:\/\/autorival.ro\/fiat\/product\/etrier-frana-fiat-tipo-160_-1-8-i-e-benzina-97-cai-budweg-caliper-341801\/"]}]},{"@type":"ImageObject","inLanguage":"en-US","@id":"https:\/\/autorival.ro\/fiat\/product\/etrier-frana-fiat-tipo-160_-1-8-i-e-benzina-97-cai-budweg-caliper-341801\/#primaryimage","url":"https:\/\/autorival.ro\/fiat\/wp-content\/uploads\/sites\/9\/2025\/05\/341424.jpg","contentUrl":"https:\/\/autorival.ro\/fiat\/wp-content\/uploads\/sites\/9\/2025\/05\/341424.jpg","width":600,"height":288,"caption":"Etrier frana FIAT TIPO (160_) 1.4 i.e. (160.AP, 160.AD, 160.EA) benzina 70 cai BUDWEG CALIPER 341801"},{"@type":"BreadcrumbList","@id":"https:\/\/autorival.ro\/fiat\/product\/etrier-frana-fiat-tipo-160_-1-8-i-e-benzina-97-cai-budweg-caliper-341801\/#breadcrumb","itemListElement":[{"@type":"ListItem","position":1,"name":"Prima pagin\u0103","item":"https:\/\/autorival.ro\/fiat\/"},{"@type":"ListItem","position":2,"name":"Piese auto FIAT","item":"https:\/\/autorival.ro\/fiat\/"},{"@type":"ListItem","position":3,"name":"Etrier frana FIAT TIPO (160_) 1.8 i.e benzina 97 cai BUDWEG CALIPER 341801"}]},{"@type":"WebSite","@id":"https:\/\/autorival.ro\/fiat\/#website","url":"https:\/\/autorival.ro\/fiat\/","name":"FIAT","description":"","potentialAction":[{"@type":"SearchAction","target":{"@type":"EntryPoint","urlTemplate":"https:\/\/autorival.ro\/fiat\/?s={search_term_string}"},"query-input":{"@type":"PropertyValueSpecification","valueRequired":true,"valueName":"search_term_string"}}],"inLanguage":"en-US"}]}},"_links":{"self":[{"href":"https:\/\/autorival.ro\/fiat\/wp-json\/wp\/v2\/product\/172398","targetHints":{"allow":["GET"]}}],"collection":[{"href":"https:\/\/autorival.ro\/fiat\/wp-json\/wp\/v2\/product"}],"about":[{"href":"https:\/\/autorival.ro\/fiat\/wp-json\/wp\/v2\/types\/product"}],"replies":[{"embeddable":true,"href":"https:\/\/autorival.ro\/fiat\/wp-json\/wp\/v2\/comments?post=172398"}],"wp:featuredmedia":[{"embeddable":true,"href":"https:\/\/autorival.ro\/fiat\/wp-json\/wp\/v2\/media\/172334"}],"wp:attachment":[{"href":"https:\/\/autorival.ro\/fiat\/wp-json\/wp\/v2\/media?parent=172398"}],"wp:term":[{"taxonomy":"product_brand","embeddable":true,"href":"https:\/\/autorival.ro\/fiat\/wp-json\/wp\/v2\/product_brand?post=172398"},{"taxonomy":"product_cat","embeddable":true,"href":"https:\/\/autorival.ro\/fiat\/wp-json\/wp\/v2\/product_cat?post=172398"},{"taxonomy":"product_tag","embeddable":true,"href":"https:\/\/autorival.ro\/fiat\/wp-json\/wp\/v2\/product_tag?post=172398"}],"curies":[{"name":"wp","href":"https:\/\/api.w.org\/{rel}","templated":true}]}}