{"id":172052,"date":"2025-05-18T10:16:49","date_gmt":"2025-05-18T10:16:49","guid":{"rendered":"https:\/\/autorival.ro\/fiat\/product\/etrier-frana-fiat-panda-141_-1300-d-diesel-37-cai-optimal-bc-1438r\/"},"modified":"2025-05-18T10:16:50","modified_gmt":"2025-05-18T10:16:50","slug":"etrier-frana-fiat-panda-141_-1300-d-diesel-37-cai-optimal-bc-1438r","status":"publish","type":"product","link":"https:\/\/autorival.ro\/fiat\/product\/etrier-frana-fiat-panda-141_-1300-d-diesel-37-cai-optimal-bc-1438r\/","title":{"rendered":"Etrier frana FIAT PANDA (141_) 1300 D diesel 37 cai OPTIMAL BC-1438R"},"content":{"rendered":"<p>Partea de montare: Axa fata dreaptaRestrictiile producatorului: BENDIXTip disc fr\u00e2na: plinTip etrier fr\u00e2na: etrier flotant, Etrier de fr\u00e2n\u0103 (1 piston)Material: aluminiuArticol completare\/Info suplimentar 2: fara cadru de fixarepentru grosime disc frana [mm]: 10,8pentru diametru disc frana [mm]: 227Numar articol par: BC-1438LCalitate: Remanufactured ->Diametru piston [mm]: 48<\/p>\n","protected":false},"excerpt":{"rendered":"<p>Producator: OPTIMAL Cod producator: BC-1438R<\/p>\n","protected":false},"featured_media":172033,"comment_status":"open","ping_status":"closed","template":"","meta":[],"product_brand":[986],"product_cat":[14382],"product_tag":[39059,38554,38291,38328,38440,38323],"class_list":{"0":"post-172052","1":"product","2":"type-product","3":"status-publish","4":"has-post-thumbnail","6":"product_brand-optimal","7":"product_cat-etrier-frana-141_-1300-d-diesel-37","8":"product_tag-bc","9":"product_tag-etrier","10":"product_tag-fiat","11":"product_tag-frana","12":"product_tag-optimal","13":"product_tag-panda","15":"first","16":"instock","17":"shipping-taxable","18":"purchasable","19":"product-type-simple"},"yoast_head":"<!-- This site is optimized with the Yoast SEO plugin v27.3 - https:\/\/yoast.com\/product\/yoast-seo-wordpress\/ -->\n<title>Etrier frana FIAT PANDA (141_) 1300 D diesel 37 cai OPTIMAL BC-1438R FIAT | OPTIMAL - Autorival<\/title>\n<meta name=\"description\" content=\"\u26a1 Etrier frana FIAT PANDA (141_) 1300 D diesel 37 cai OPTIMAL BC-1438R pentru FIAT la doar 413.7 RON. \u2713 Cod: BC-1438R \u2713 Brand: OPTIMAL \u2713 \u00cen stoc \u2713 Livrare 24h \u2713 Garan\u021bie!\" \/>\n<meta name=\"robots\" content=\"index, follow, max-snippet:-1, max-image-preview:large, max-video-preview:-1\" \/>\n<meta property=\"og:locale\" content=\"en_US\" \/>\n<meta property=\"og:type\" content=\"article\" \/>\n<meta property=\"og:title\" content=\"Etrier frana FIAT PANDA (141_) 1300 D diesel 37 cai OPTIMAL BC-1438R FIAT | OPTIMAL - Autorival\" \/>\n<meta property=\"og:description\" content=\"\u26a1 Etrier frana FIAT PANDA (141_) 1300 D diesel 37 cai OPTIMAL BC-1438R pentru FIAT la doar 413.7 RON. \u2713 Cod: BC-1438R \u2713 Brand: OPTIMAL \u2713 \u00cen stoc \u2713 Livrare 24h \u2713 Garan\u021bie!\" \/>\n<meta property=\"og:url\" content=\"https:\/\/autorival.ro\/fiat\/product\/etrier-frana-fiat-panda-141_-1300-d-diesel-37-cai-optimal-bc-1438r\/\" \/>\n<meta property=\"og:site_name\" content=\"FIAT\" \/>\n<meta property=\"article:modified_time\" content=\"2025-05-18T10:16:50+00:00\" \/>\n<meta property=\"og:image\" content=\"https:\/\/autorival.ro\/fiat\/wp-content\/uploads\/sites\/9\/2025\/05\/opt_bc-1438r_wm_01.jpg\" \/>\n\t<meta property=\"og:image:width\" content=\"1000\" \/>\n\t<meta property=\"og:image:height\" content=\"1000\" \/>\n\t<meta property=\"og:image:type\" content=\"image\/jpeg\" \/>\n<meta name=\"twitter:card\" content=\"summary_large_image\" \/>\n<meta name=\"twitter:title\" content=\"Etrier frana FIAT PANDA (141_) 1300 D diesel 37 cai OPTIMAL BC-1438R FIAT | OPTIMAL - Autorival\" \/>\n<meta name=\"twitter:description\" content=\"\u26a1 Etrier frana FIAT PANDA (141_) 1300 D diesel 37 cai OPTIMAL BC-1438R pentru FIAT la doar 413.7 RON. \u2713 Cod: BC-1438R \u2713 Brand: OPTIMAL \u2713 \u00cen stoc \u2713 Livrare 24h \u2713 Garan\u021bie!\" \/>\n<script type=\"application\/ld+json\" class=\"yoast-schema-graph\">{\"@context\":\"https:\\\/\\\/schema.org\",\"@graph\":[{\"@type\":\"WebPage\",\"@id\":\"https:\\\/\\\/autorival.ro\\\/fiat\\\/product\\\/etrier-frana-fiat-panda-141_-1300-d-diesel-37-cai-optimal-bc-1438r\\\/\",\"url\":\"https:\\\/\\\/autorival.ro\\\/fiat\\\/product\\\/etrier-frana-fiat-panda-141_-1300-d-diesel-37-cai-optimal-bc-1438r\\\/\",\"name\":\"Etrier frana FIAT PANDA (141_) 1300 D diesel 37 cai OPTIMAL BC-1438R FIAT | OPTIMAL - Autorival\",\"isPartOf\":{\"@id\":\"https:\\\/\\\/autorival.ro\\\/fiat\\\/#website\"},\"primaryImageOfPage\":{\"@id\":\"https:\\\/\\\/autorival.ro\\\/fiat\\\/product\\\/etrier-frana-fiat-panda-141_-1300-d-diesel-37-cai-optimal-bc-1438r\\\/#primaryimage\"},\"image\":{\"@id\":\"https:\\\/\\\/autorival.ro\\\/fiat\\\/product\\\/etrier-frana-fiat-panda-141_-1300-d-diesel-37-cai-optimal-bc-1438r\\\/#primaryimage\"},\"thumbnailUrl\":\"https:\\\/\\\/autorival.ro\\\/fiat\\\/wp-content\\\/uploads\\\/sites\\\/9\\\/2025\\\/05\\\/opt_bc-1438r_wm_01.jpg\",\"datePublished\":\"2025-05-18T10:16:49+00:00\",\"dateModified\":\"2025-05-18T10:16:50+00:00\",\"description\":\"\u26a1 Etrier frana FIAT PANDA (141_) 1300 D diesel 37 cai OPTIMAL BC-1438R pentru FIAT la doar 413.7 RON. \u2713 Cod: BC-1438R \u2713 Brand: OPTIMAL \u2713 \u00cen stoc \u2713 Livrare 24h \u2713 Garan\u021bie!\",\"breadcrumb\":{\"@id\":\"https:\\\/\\\/autorival.ro\\\/fiat\\\/product\\\/etrier-frana-fiat-panda-141_-1300-d-diesel-37-cai-optimal-bc-1438r\\\/#breadcrumb\"},\"inLanguage\":\"en-US\",\"potentialAction\":[{\"@type\":\"ReadAction\",\"target\":[\"https:\\\/\\\/autorival.ro\\\/fiat\\\/product\\\/etrier-frana-fiat-panda-141_-1300-d-diesel-37-cai-optimal-bc-1438r\\\/\"]}]},{\"@type\":\"ImageObject\",\"inLanguage\":\"en-US\",\"@id\":\"https:\\\/\\\/autorival.ro\\\/fiat\\\/product\\\/etrier-frana-fiat-panda-141_-1300-d-diesel-37-cai-optimal-bc-1438r\\\/#primaryimage\",\"url\":\"https:\\\/\\\/autorival.ro\\\/fiat\\\/wp-content\\\/uploads\\\/sites\\\/9\\\/2025\\\/05\\\/opt_bc-1438r_wm_01.jpg\",\"contentUrl\":\"https:\\\/\\\/autorival.ro\\\/fiat\\\/wp-content\\\/uploads\\\/sites\\\/9\\\/2025\\\/05\\\/opt_bc-1438r_wm_01.jpg\",\"width\":1000,\"height\":1000,\"caption\":\"Etrier frana FIAT PANDA (141_) 1000 4x4 benzina 50 cai OPTIMAL BC-1438R\"},{\"@type\":\"BreadcrumbList\",\"@id\":\"https:\\\/\\\/autorival.ro\\\/fiat\\\/product\\\/etrier-frana-fiat-panda-141_-1300-d-diesel-37-cai-optimal-bc-1438r\\\/#breadcrumb\",\"itemListElement\":[{\"@type\":\"ListItem\",\"position\":1,\"name\":\"Prima pagin\u0103\",\"item\":\"https:\\\/\\\/autorival.ro\\\/fiat\\\/\"},{\"@type\":\"ListItem\",\"position\":2,\"name\":\"Piese auto FIAT\",\"item\":\"https:\\\/\\\/autorival.ro\\\/fiat\\\/\"},{\"@type\":\"ListItem\",\"position\":3,\"name\":\"Etrier frana FIAT PANDA (141_) 1300 D diesel 37 cai OPTIMAL BC-1438R\"}]},{\"@type\":\"WebSite\",\"@id\":\"https:\\\/\\\/autorival.ro\\\/fiat\\\/#website\",\"url\":\"https:\\\/\\\/autorival.ro\\\/fiat\\\/\",\"name\":\"FIAT\",\"description\":\"\",\"potentialAction\":[{\"@type\":\"SearchAction\",\"target\":{\"@type\":\"EntryPoint\",\"urlTemplate\":\"https:\\\/\\\/autorival.ro\\\/fiat\\\/?s={search_term_string}\"},\"query-input\":{\"@type\":\"PropertyValueSpecification\",\"valueRequired\":true,\"valueName\":\"search_term_string\"}}],\"inLanguage\":\"en-US\"}]}<\/script>\n<!-- \/ Yoast SEO plugin. -->","yoast_head_json":{"title":"Etrier frana FIAT PANDA (141_) 1300 D diesel 37 cai OPTIMAL BC-1438R FIAT | OPTIMAL - Autorival","description":"\u26a1 Etrier frana FIAT PANDA (141_) 1300 D diesel 37 cai OPTIMAL BC-1438R pentru FIAT la doar 413.7 RON. \u2713 Cod: BC-1438R \u2713 Brand: OPTIMAL \u2713 \u00cen stoc \u2713 Livrare 24h \u2713 Garan\u021bie!","robots":{"index":"index","follow":"follow","max-snippet":"max-snippet:-1","max-image-preview":"max-image-preview:large","max-video-preview":"max-video-preview:-1"},"og_locale":"en_US","og_type":"article","og_title":"Etrier frana FIAT PANDA (141_) 1300 D diesel 37 cai OPTIMAL BC-1438R FIAT | OPTIMAL - Autorival","og_description":"\u26a1 Etrier frana FIAT PANDA (141_) 1300 D diesel 37 cai OPTIMAL BC-1438R pentru FIAT la doar 413.7 RON. \u2713 Cod: BC-1438R \u2713 Brand: OPTIMAL \u2713 \u00cen stoc \u2713 Livrare 24h \u2713 Garan\u021bie!","og_url":"https:\/\/autorival.ro\/fiat\/product\/etrier-frana-fiat-panda-141_-1300-d-diesel-37-cai-optimal-bc-1438r\/","og_site_name":"FIAT","article_modified_time":"2025-05-18T10:16:50+00:00","og_image":[{"width":1000,"height":1000,"url":"https:\/\/autorival.ro\/fiat\/wp-content\/uploads\/sites\/9\/2025\/05\/opt_bc-1438r_wm_01.jpg","type":"image\/jpeg"}],"twitter_card":"summary_large_image","twitter_title":"Etrier frana FIAT PANDA (141_) 1300 D diesel 37 cai OPTIMAL BC-1438R FIAT | OPTIMAL - Autorival","twitter_description":"\u26a1 Etrier frana FIAT PANDA (141_) 1300 D diesel 37 cai OPTIMAL BC-1438R pentru FIAT la doar 413.7 RON. \u2713 Cod: BC-1438R \u2713 Brand: OPTIMAL \u2713 \u00cen stoc \u2713 Livrare 24h \u2713 Garan\u021bie!","schema":{"@context":"https:\/\/schema.org","@graph":[{"@type":"WebPage","@id":"https:\/\/autorival.ro\/fiat\/product\/etrier-frana-fiat-panda-141_-1300-d-diesel-37-cai-optimal-bc-1438r\/","url":"https:\/\/autorival.ro\/fiat\/product\/etrier-frana-fiat-panda-141_-1300-d-diesel-37-cai-optimal-bc-1438r\/","name":"Etrier frana FIAT PANDA (141_) 1300 D diesel 37 cai OPTIMAL BC-1438R FIAT | OPTIMAL - Autorival","isPartOf":{"@id":"https:\/\/autorival.ro\/fiat\/#website"},"primaryImageOfPage":{"@id":"https:\/\/autorival.ro\/fiat\/product\/etrier-frana-fiat-panda-141_-1300-d-diesel-37-cai-optimal-bc-1438r\/#primaryimage"},"image":{"@id":"https:\/\/autorival.ro\/fiat\/product\/etrier-frana-fiat-panda-141_-1300-d-diesel-37-cai-optimal-bc-1438r\/#primaryimage"},"thumbnailUrl":"https:\/\/autorival.ro\/fiat\/wp-content\/uploads\/sites\/9\/2025\/05\/opt_bc-1438r_wm_01.jpg","datePublished":"2025-05-18T10:16:49+00:00","dateModified":"2025-05-18T10:16:50+00:00","description":"\u26a1 Etrier frana FIAT PANDA (141_) 1300 D diesel 37 cai OPTIMAL BC-1438R pentru FIAT la doar 413.7 RON. \u2713 Cod: BC-1438R \u2713 Brand: OPTIMAL \u2713 \u00cen stoc \u2713 Livrare 24h \u2713 Garan\u021bie!","breadcrumb":{"@id":"https:\/\/autorival.ro\/fiat\/product\/etrier-frana-fiat-panda-141_-1300-d-diesel-37-cai-optimal-bc-1438r\/#breadcrumb"},"inLanguage":"en-US","potentialAction":[{"@type":"ReadAction","target":["https:\/\/autorival.ro\/fiat\/product\/etrier-frana-fiat-panda-141_-1300-d-diesel-37-cai-optimal-bc-1438r\/"]}]},{"@type":"ImageObject","inLanguage":"en-US","@id":"https:\/\/autorival.ro\/fiat\/product\/etrier-frana-fiat-panda-141_-1300-d-diesel-37-cai-optimal-bc-1438r\/#primaryimage","url":"https:\/\/autorival.ro\/fiat\/wp-content\/uploads\/sites\/9\/2025\/05\/opt_bc-1438r_wm_01.jpg","contentUrl":"https:\/\/autorival.ro\/fiat\/wp-content\/uploads\/sites\/9\/2025\/05\/opt_bc-1438r_wm_01.jpg","width":1000,"height":1000,"caption":"Etrier frana FIAT PANDA (141_) 1000 4x4 benzina 50 cai OPTIMAL BC-1438R"},{"@type":"BreadcrumbList","@id":"https:\/\/autorival.ro\/fiat\/product\/etrier-frana-fiat-panda-141_-1300-d-diesel-37-cai-optimal-bc-1438r\/#breadcrumb","itemListElement":[{"@type":"ListItem","position":1,"name":"Prima pagin\u0103","item":"https:\/\/autorival.ro\/fiat\/"},{"@type":"ListItem","position":2,"name":"Piese auto FIAT","item":"https:\/\/autorival.ro\/fiat\/"},{"@type":"ListItem","position":3,"name":"Etrier frana FIAT PANDA (141_) 1300 D diesel 37 cai OPTIMAL BC-1438R"}]},{"@type":"WebSite","@id":"https:\/\/autorival.ro\/fiat\/#website","url":"https:\/\/autorival.ro\/fiat\/","name":"FIAT","description":"","potentialAction":[{"@type":"SearchAction","target":{"@type":"EntryPoint","urlTemplate":"https:\/\/autorival.ro\/fiat\/?s={search_term_string}"},"query-input":{"@type":"PropertyValueSpecification","valueRequired":true,"valueName":"search_term_string"}}],"inLanguage":"en-US"}]}},"_links":{"self":[{"href":"https:\/\/autorival.ro\/fiat\/wp-json\/wp\/v2\/product\/172052","targetHints":{"allow":["GET"]}}],"collection":[{"href":"https:\/\/autorival.ro\/fiat\/wp-json\/wp\/v2\/product"}],"about":[{"href":"https:\/\/autorival.ro\/fiat\/wp-json\/wp\/v2\/types\/product"}],"replies":[{"embeddable":true,"href":"https:\/\/autorival.ro\/fiat\/wp-json\/wp\/v2\/comments?post=172052"}],"wp:featuredmedia":[{"embeddable":true,"href":"https:\/\/autorival.ro\/fiat\/wp-json\/wp\/v2\/media\/172033"}],"wp:attachment":[{"href":"https:\/\/autorival.ro\/fiat\/wp-json\/wp\/v2\/media?parent=172052"}],"wp:term":[{"taxonomy":"product_brand","embeddable":true,"href":"https:\/\/autorival.ro\/fiat\/wp-json\/wp\/v2\/product_brand?post=172052"},{"taxonomy":"product_cat","embeddable":true,"href":"https:\/\/autorival.ro\/fiat\/wp-json\/wp\/v2\/product_cat?post=172052"},{"taxonomy":"product_tag","embeddable":true,"href":"https:\/\/autorival.ro\/fiat\/wp-json\/wp\/v2\/product_tag?post=172052"}],"curies":[{"name":"wp","href":"https:\/\/api.w.org\/{rel}","templated":true}]}}