{"id":169214,"date":"2025-05-18T09:55:14","date_gmt":"2025-05-18T09:55:14","guid":{"rendered":"https:\/\/autorival.ro\/fiat\/product\/electromotor-fiat-panda-141_-1100-4x4-benzina-54-cai-bosch-0-986-019-301\/"},"modified":"2025-05-18T09:55:14","modified_gmt":"2025-05-18T09:55:14","slug":"electromotor-fiat-panda-141_-1100-4x4-benzina-54-cai-bosch-0-986-019-301","status":"publish","type":"product","link":"https:\/\/autorival.ro\/fiat\/product\/electromotor-fiat-panda-141_-1100-4x4-benzina-54-cai-bosch-0-986-019-301\/","title":{"rendered":"Electromotor FIAT PANDA (141_) 1100 4&#215;4 benzina 54 cai BOSCH 0 986 019 301"},"content":{"rendered":"<p>Numar motor TECDOC: 4396An fabricatie de la: 199510, 199704An fabricatie pana la: 199703, 200309Restrictiile producatorului: MARELLINum\u0103r RICAMBI p\u00e2n\u0103 la: 247813Separarea blocurilorDe la nr. RICAMBI: 247814pt. cod original (OE): 46843092Piesa la schimbTensiune [V]: 12Putere electromotor [kW]: 0,8Numarul gaurilor de fixare: 1Numarul gaurilor filetate: 2Numar dinti: 9, 8Clema: 50, 30 ->Diametru flan\u00c3\u02c6\u00e2\u201e\u00a2\u0103 [mm]: 64Directia de rotatie: rotatie contrar acelor de ceasornicPozitie initiala-Pinion [mm]: 10,3Varianta starter: lagare individuale ->Dimensiune filet: M8 ->Dimensiune filet 1: M8x1.25Alezaj \u00d8 3 [mm]: 9,3 ->Lungime [mm]: 206Pozitie\/Grade: rechtsUnghi de fixare (Grade): 43M\u0103rime unghiular\u0103 orificiu de alimentare [grade]: 133M\u0103rime unghiular\u0103 orificiu de fixare [grade]: 43<\/p>\n","protected":false},"excerpt":{"rendered":"<p>Producator: BOSCH Cod producator: 0 986 019 301<\/p>\n","protected":false},"featured_media":169208,"comment_status":"open","ping_status":"closed","template":"","meta":[],"product_brand":[795],"product_cat":[13838],"product_tag":[38404,38406,38350,39031,38291,38323],"class_list":{"0":"post-169214","1":"product","2":"type-product","3":"status-publish","4":"has-post-thumbnail","6":"product_brand-bosch","7":"product_cat-electromotor-141_-1100-4x4-benzina-54","8":"product_tag-141_","9":"product_tag-38406","10":"product_tag-bosch","11":"product_tag-electromotor","12":"product_tag-fiat","13":"product_tag-panda","15":"first","16":"instock","17":"shipping-taxable","18":"purchasable","19":"product-type-simple"},"yoast_head":"<!-- This site is optimized with the Yoast SEO plugin v27.3 - https:\/\/yoast.com\/product\/yoast-seo-wordpress\/ -->\n<title>Electromotor FIAT PANDA (141_) 1100 4&#215;4 benzina 54 cai BOSCH 0 986 019 301 FIAT | BOSCH - Autorival<\/title>\n<meta name=\"description\" content=\"\u26a1 Electromotor FIAT PANDA (141_) 1100 4&#215;4 benzina 54 cai BOSCH 0 986 019 301 pentru FIAT la doar 624.75 RON \u2713 Brand: BOSCH \u2713 \u00cen stoc \u2713 Livrare 24h \u2713 Garan\u021bie!\" \/>\n<meta name=\"robots\" content=\"index, follow, max-snippet:-1, max-image-preview:large, max-video-preview:-1\" \/>\n<meta property=\"og:locale\" content=\"en_US\" \/>\n<meta property=\"og:type\" content=\"article\" \/>\n<meta property=\"og:title\" content=\"Electromotor FIAT PANDA (141_) 1100 4&#215;4 benzina 54 cai BOSCH 0 986 019 301 FIAT | BOSCH - Autorival\" \/>\n<meta property=\"og:description\" content=\"\u26a1 Electromotor FIAT PANDA (141_) 1100 4&#215;4 benzina 54 cai BOSCH 0 986 019 301 pentru FIAT la doar 624.75 RON \u2713 Brand: BOSCH \u2713 \u00cen stoc \u2713 Livrare 24h \u2713 Garan\u021bie!\" \/>\n<meta property=\"og:url\" content=\"https:\/\/autorival.ro\/fiat\/product\/electromotor-fiat-panda-141_-1100-4x4-benzina-54-cai-bosch-0-986-019-301\/\" \/>\n<meta property=\"og:site_name\" content=\"FIAT\" \/>\n<meta property=\"og:image\" content=\"https:\/\/autorival.ro\/fiat\/wp-content\/uploads\/sites\/9\/2025\/05\/0986019301dr00whcoenmm.jpg\" \/>\n\t<meta property=\"og:image:width\" content=\"1280\" \/>\n\t<meta property=\"og:image:height\" content=\"853\" \/>\n\t<meta property=\"og:image:type\" content=\"image\/jpeg\" \/>\n<meta name=\"twitter:card\" content=\"summary_large_image\" \/>\n<meta name=\"twitter:title\" content=\"Electromotor FIAT PANDA (141_) 1100 4&#215;4 benzina 54 cai BOSCH 0 986 019 301 FIAT | BOSCH - Autorival\" \/>\n<meta name=\"twitter:description\" content=\"\u26a1 Electromotor FIAT PANDA (141_) 1100 4&#215;4 benzina 54 cai BOSCH 0 986 019 301 pentru FIAT la doar 624.75 RON \u2713 Brand: BOSCH \u2713 \u00cen stoc \u2713 Livrare 24h \u2713 Garan\u021bie!\" \/>\n<script type=\"application\/ld+json\" class=\"yoast-schema-graph\">{\"@context\":\"https:\\\/\\\/schema.org\",\"@graph\":[{\"@type\":\"WebPage\",\"@id\":\"https:\\\/\\\/autorival.ro\\\/fiat\\\/product\\\/electromotor-fiat-panda-141_-1100-4x4-benzina-54-cai-bosch-0-986-019-301\\\/\",\"url\":\"https:\\\/\\\/autorival.ro\\\/fiat\\\/product\\\/electromotor-fiat-panda-141_-1100-4x4-benzina-54-cai-bosch-0-986-019-301\\\/\",\"name\":\"Electromotor FIAT PANDA (141_) 1100 4&#215;4 benzina 54 cai BOSCH 0 986 019 301 FIAT | BOSCH - Autorival\",\"isPartOf\":{\"@id\":\"https:\\\/\\\/autorival.ro\\\/fiat\\\/#website\"},\"primaryImageOfPage\":{\"@id\":\"https:\\\/\\\/autorival.ro\\\/fiat\\\/product\\\/electromotor-fiat-panda-141_-1100-4x4-benzina-54-cai-bosch-0-986-019-301\\\/#primaryimage\"},\"image\":{\"@id\":\"https:\\\/\\\/autorival.ro\\\/fiat\\\/product\\\/electromotor-fiat-panda-141_-1100-4x4-benzina-54-cai-bosch-0-986-019-301\\\/#primaryimage\"},\"thumbnailUrl\":\"https:\\\/\\\/autorival.ro\\\/fiat\\\/wp-content\\\/uploads\\\/sites\\\/9\\\/2025\\\/05\\\/0986019301dr00whcoenmm.jpg\",\"datePublished\":\"2025-05-18T09:55:14+00:00\",\"description\":\"\u26a1 Electromotor FIAT PANDA (141_) 1100 4&#215;4 benzina 54 cai BOSCH 0 986 019 301 pentru FIAT la doar 624.75 RON \u2713 Brand: BOSCH \u2713 \u00cen stoc \u2713 Livrare 24h \u2713 Garan\u021bie!\",\"breadcrumb\":{\"@id\":\"https:\\\/\\\/autorival.ro\\\/fiat\\\/product\\\/electromotor-fiat-panda-141_-1100-4x4-benzina-54-cai-bosch-0-986-019-301\\\/#breadcrumb\"},\"inLanguage\":\"en-US\",\"potentialAction\":[{\"@type\":\"ReadAction\",\"target\":[\"https:\\\/\\\/autorival.ro\\\/fiat\\\/product\\\/electromotor-fiat-panda-141_-1100-4x4-benzina-54-cai-bosch-0-986-019-301\\\/\"]}]},{\"@type\":\"ImageObject\",\"inLanguage\":\"en-US\",\"@id\":\"https:\\\/\\\/autorival.ro\\\/fiat\\\/product\\\/electromotor-fiat-panda-141_-1100-4x4-benzina-54-cai-bosch-0-986-019-301\\\/#primaryimage\",\"url\":\"https:\\\/\\\/autorival.ro\\\/fiat\\\/wp-content\\\/uploads\\\/sites\\\/9\\\/2025\\\/05\\\/0986019301dr00whcoenmm.jpg\",\"contentUrl\":\"https:\\\/\\\/autorival.ro\\\/fiat\\\/wp-content\\\/uploads\\\/sites\\\/9\\\/2025\\\/05\\\/0986019301dr00whcoenmm.jpg\",\"width\":1280,\"height\":853,\"caption\":\"Electromotor FIAT PANDA (141_) 1000 i.e. Cat benzina 45 cai BOSCH 0 986 019 301\"},{\"@type\":\"BreadcrumbList\",\"@id\":\"https:\\\/\\\/autorival.ro\\\/fiat\\\/product\\\/electromotor-fiat-panda-141_-1100-4x4-benzina-54-cai-bosch-0-986-019-301\\\/#breadcrumb\",\"itemListElement\":[{\"@type\":\"ListItem\",\"position\":1,\"name\":\"Prima pagin\u0103\",\"item\":\"https:\\\/\\\/autorival.ro\\\/fiat\\\/\"},{\"@type\":\"ListItem\",\"position\":2,\"name\":\"Piese auto FIAT\",\"item\":\"https:\\\/\\\/autorival.ro\\\/fiat\\\/\"},{\"@type\":\"ListItem\",\"position\":3,\"name\":\"Electromotor FIAT PANDA (141_) 1100 4&#215;4 benzina 54 cai BOSCH 0 986 019 301\"}]},{\"@type\":\"WebSite\",\"@id\":\"https:\\\/\\\/autorival.ro\\\/fiat\\\/#website\",\"url\":\"https:\\\/\\\/autorival.ro\\\/fiat\\\/\",\"name\":\"FIAT\",\"description\":\"\",\"potentialAction\":[{\"@type\":\"SearchAction\",\"target\":{\"@type\":\"EntryPoint\",\"urlTemplate\":\"https:\\\/\\\/autorival.ro\\\/fiat\\\/?s={search_term_string}\"},\"query-input\":{\"@type\":\"PropertyValueSpecification\",\"valueRequired\":true,\"valueName\":\"search_term_string\"}}],\"inLanguage\":\"en-US\"}]}<\/script>\n<!-- \/ Yoast SEO plugin. -->","yoast_head_json":{"title":"Electromotor FIAT PANDA (141_) 1100 4&#215;4 benzina 54 cai BOSCH 0 986 019 301 FIAT | BOSCH - Autorival","description":"\u26a1 Electromotor FIAT PANDA (141_) 1100 4&#215;4 benzina 54 cai BOSCH 0 986 019 301 pentru FIAT la doar 624.75 RON \u2713 Brand: BOSCH \u2713 \u00cen stoc \u2713 Livrare 24h \u2713 Garan\u021bie!","robots":{"index":"index","follow":"follow","max-snippet":"max-snippet:-1","max-image-preview":"max-image-preview:large","max-video-preview":"max-video-preview:-1"},"og_locale":"en_US","og_type":"article","og_title":"Electromotor FIAT PANDA (141_) 1100 4&#215;4 benzina 54 cai BOSCH 0 986 019 301 FIAT | BOSCH - Autorival","og_description":"\u26a1 Electromotor FIAT PANDA (141_) 1100 4&#215;4 benzina 54 cai BOSCH 0 986 019 301 pentru FIAT la doar 624.75 RON \u2713 Brand: BOSCH \u2713 \u00cen stoc \u2713 Livrare 24h \u2713 Garan\u021bie!","og_url":"https:\/\/autorival.ro\/fiat\/product\/electromotor-fiat-panda-141_-1100-4x4-benzina-54-cai-bosch-0-986-019-301\/","og_site_name":"FIAT","og_image":[{"width":1280,"height":853,"url":"https:\/\/autorival.ro\/fiat\/wp-content\/uploads\/sites\/9\/2025\/05\/0986019301dr00whcoenmm.jpg","type":"image\/jpeg"}],"twitter_card":"summary_large_image","twitter_title":"Electromotor FIAT PANDA (141_) 1100 4&#215;4 benzina 54 cai BOSCH 0 986 019 301 FIAT | BOSCH - Autorival","twitter_description":"\u26a1 Electromotor FIAT PANDA (141_) 1100 4&#215;4 benzina 54 cai BOSCH 0 986 019 301 pentru FIAT la doar 624.75 RON \u2713 Brand: BOSCH \u2713 \u00cen stoc \u2713 Livrare 24h \u2713 Garan\u021bie!","schema":{"@context":"https:\/\/schema.org","@graph":[{"@type":"WebPage","@id":"https:\/\/autorival.ro\/fiat\/product\/electromotor-fiat-panda-141_-1100-4x4-benzina-54-cai-bosch-0-986-019-301\/","url":"https:\/\/autorival.ro\/fiat\/product\/electromotor-fiat-panda-141_-1100-4x4-benzina-54-cai-bosch-0-986-019-301\/","name":"Electromotor FIAT PANDA (141_) 1100 4&#215;4 benzina 54 cai BOSCH 0 986 019 301 FIAT | BOSCH - Autorival","isPartOf":{"@id":"https:\/\/autorival.ro\/fiat\/#website"},"primaryImageOfPage":{"@id":"https:\/\/autorival.ro\/fiat\/product\/electromotor-fiat-panda-141_-1100-4x4-benzina-54-cai-bosch-0-986-019-301\/#primaryimage"},"image":{"@id":"https:\/\/autorival.ro\/fiat\/product\/electromotor-fiat-panda-141_-1100-4x4-benzina-54-cai-bosch-0-986-019-301\/#primaryimage"},"thumbnailUrl":"https:\/\/autorival.ro\/fiat\/wp-content\/uploads\/sites\/9\/2025\/05\/0986019301dr00whcoenmm.jpg","datePublished":"2025-05-18T09:55:14+00:00","description":"\u26a1 Electromotor FIAT PANDA (141_) 1100 4&#215;4 benzina 54 cai BOSCH 0 986 019 301 pentru FIAT la doar 624.75 RON \u2713 Brand: BOSCH \u2713 \u00cen stoc \u2713 Livrare 24h \u2713 Garan\u021bie!","breadcrumb":{"@id":"https:\/\/autorival.ro\/fiat\/product\/electromotor-fiat-panda-141_-1100-4x4-benzina-54-cai-bosch-0-986-019-301\/#breadcrumb"},"inLanguage":"en-US","potentialAction":[{"@type":"ReadAction","target":["https:\/\/autorival.ro\/fiat\/product\/electromotor-fiat-panda-141_-1100-4x4-benzina-54-cai-bosch-0-986-019-301\/"]}]},{"@type":"ImageObject","inLanguage":"en-US","@id":"https:\/\/autorival.ro\/fiat\/product\/electromotor-fiat-panda-141_-1100-4x4-benzina-54-cai-bosch-0-986-019-301\/#primaryimage","url":"https:\/\/autorival.ro\/fiat\/wp-content\/uploads\/sites\/9\/2025\/05\/0986019301dr00whcoenmm.jpg","contentUrl":"https:\/\/autorival.ro\/fiat\/wp-content\/uploads\/sites\/9\/2025\/05\/0986019301dr00whcoenmm.jpg","width":1280,"height":853,"caption":"Electromotor FIAT PANDA (141_) 1000 i.e. Cat benzina 45 cai BOSCH 0 986 019 301"},{"@type":"BreadcrumbList","@id":"https:\/\/autorival.ro\/fiat\/product\/electromotor-fiat-panda-141_-1100-4x4-benzina-54-cai-bosch-0-986-019-301\/#breadcrumb","itemListElement":[{"@type":"ListItem","position":1,"name":"Prima pagin\u0103","item":"https:\/\/autorival.ro\/fiat\/"},{"@type":"ListItem","position":2,"name":"Piese auto FIAT","item":"https:\/\/autorival.ro\/fiat\/"},{"@type":"ListItem","position":3,"name":"Electromotor FIAT PANDA (141_) 1100 4&#215;4 benzina 54 cai BOSCH 0 986 019 301"}]},{"@type":"WebSite","@id":"https:\/\/autorival.ro\/fiat\/#website","url":"https:\/\/autorival.ro\/fiat\/","name":"FIAT","description":"","potentialAction":[{"@type":"SearchAction","target":{"@type":"EntryPoint","urlTemplate":"https:\/\/autorival.ro\/fiat\/?s={search_term_string}"},"query-input":{"@type":"PropertyValueSpecification","valueRequired":true,"valueName":"search_term_string"}}],"inLanguage":"en-US"}]}},"_links":{"self":[{"href":"https:\/\/autorival.ro\/fiat\/wp-json\/wp\/v2\/product\/169214","targetHints":{"allow":["GET"]}}],"collection":[{"href":"https:\/\/autorival.ro\/fiat\/wp-json\/wp\/v2\/product"}],"about":[{"href":"https:\/\/autorival.ro\/fiat\/wp-json\/wp\/v2\/types\/product"}],"replies":[{"embeddable":true,"href":"https:\/\/autorival.ro\/fiat\/wp-json\/wp\/v2\/comments?post=169214"}],"wp:featuredmedia":[{"embeddable":true,"href":"https:\/\/autorival.ro\/fiat\/wp-json\/wp\/v2\/media\/169208"}],"wp:attachment":[{"href":"https:\/\/autorival.ro\/fiat\/wp-json\/wp\/v2\/media?parent=169214"}],"wp:term":[{"taxonomy":"product_brand","embeddable":true,"href":"https:\/\/autorival.ro\/fiat\/wp-json\/wp\/v2\/product_brand?post=169214"},{"taxonomy":"product_cat","embeddable":true,"href":"https:\/\/autorival.ro\/fiat\/wp-json\/wp\/v2\/product_cat?post=169214"},{"taxonomy":"product_tag","embeddable":true,"href":"https:\/\/autorival.ro\/fiat\/wp-json\/wp\/v2\/product_tag?post=169214"}],"curies":[{"name":"wp","href":"https:\/\/api.w.org\/{rel}","templated":true}]}}