{"id":167456,"date":"2025-05-18T09:43:06","date_gmt":"2025-05-18T09:43:06","guid":{"rendered":"https:\/\/autorival.ro\/fiat\/product\/distantier-marire-ecartament-fiat-500x-334_-1-4-4x4-334axf22-benzina-163-cai-eibach-s90-2-20-006\/"},"modified":"2025-05-18T09:43:06","modified_gmt":"2025-05-18T09:43:06","slug":"distantier-marire-ecartament-fiat-500x-334_-1-4-4x4-334axf22-benzina-163-cai-eibach-s90-2-20-006","status":"publish","type":"product","link":"https:\/\/autorival.ro\/fiat\/product\/distantier-marire-ecartament-fiat-500x-334_-1-4-4x4-334axf22-benzina-163-cai-eibach-s90-2-20-006\/","title":{"rendered":"Distantier marire ecartament FIAT 500X (334_) 1.4 4&#215;4 (334AXF22) benzina 163 cai EIBACH S90-2-20-006"},"content":{"rendered":"<p>Ad\u00e2ncime de presare (ET) [mm]: 10Tip inmatriculare: cu expertiza comfirmata ->Dimensiune filet: M12x1,25Atentie la informatii de service ->Grosime [mm]: 20Largire ecartament pe axa [mm]: 40 ->Diametru de centrare [mm]: 65Asezare gauri \u00d8 [mm]: 110Numar gauri: 5Suprafata: eloxatCuloare: argintiuurmariti indicatiile de montaj\u00cen\u0103l\u021bimea minim\u0103 te\u00c3\u02c6\u00e2\u201e\u00a2itur\u0103 jant\u0103 [mm]: 4pentru unghi te\u00c3\u02c6\u00e2\u201e\u00a2itur\u0103 jant\u0103 [\u00c3\u201a\u00c2\u00b0]: 30<\/p>\n","protected":false},"excerpt":{"rendered":"<p>Producator: EIBACH Cod producator: S90-2-20-006<\/p>\n","protected":false},"featured_media":167435,"comment_status":"open","ping_status":"closed","template":"","meta":[],"product_brand":[2484],"product_cat":[13575],"product_tag":[38317,38316,39021,39023,38557,38291,39022],"class_list":{"0":"post-167456","1":"product","2":"type-product","3":"status-publish","4":"has-post-thumbnail","6":"product_brand-eibach","7":"product_cat-distantier-marire-ecartament-334_-1-4-4x4-334axf22-benzina-163","8":"product_tag-334_","9":"product_tag-500x","10":"product_tag-distantier","11":"product_tag-ecartament","12":"product_tag-eibach","13":"product_tag-fiat","14":"product_tag-marire","16":"first","17":"instock","18":"shipping-taxable","19":"purchasable","20":"product-type-simple"},"yoast_head":"<!-- This site is optimized with the Yoast SEO plugin v27.3 - https:\/\/yoast.com\/product\/yoast-seo-wordpress\/ -->\n<title>Distantier marire ecartament FIAT 500X (334_) 1.4 4&#215;4 (334AXF22) benzina 163 cai EIBACH S90-2-20-006 FIAT | EIBACH - Autorival<\/title>\n<meta name=\"description\" content=\"\u26a1 Distantier marire ecartament FIAT 500X (334_) 1.4 4&#215;4 (334AXF22) benzina 163 cai EIBACH S90-2-20-006 pentru FIAT la doar 872.55 RON. \u2713 Cod: S90-2-20-006 \u2713 Brand: EIBACH \u2713 \u00cen stoc \u2713 Livrare 24h \u2713 Garan\u021bie!\" \/>\n<meta name=\"robots\" content=\"index, follow, max-snippet:-1, max-image-preview:large, max-video-preview:-1\" \/>\n<meta property=\"og:locale\" content=\"en_US\" \/>\n<meta property=\"og:type\" content=\"article\" \/>\n<meta property=\"og:title\" content=\"Distantier marire ecartament FIAT 500X (334_) 1.4 4&#215;4 (334AXF22) benzina 163 cai EIBACH S90-2-20-006 FIAT | EIBACH - Autorival\" \/>\n<meta property=\"og:description\" content=\"\u26a1 Distantier marire ecartament FIAT 500X (334_) 1.4 4&#215;4 (334AXF22) benzina 163 cai EIBACH S90-2-20-006 pentru FIAT la doar 872.55 RON. \u2713 Cod: S90-2-20-006 \u2713 Brand: EIBACH \u2713 \u00cen stoc \u2713 Livrare 24h \u2713 Garan\u021bie!\" \/>\n<meta property=\"og:url\" content=\"https:\/\/autorival.ro\/fiat\/product\/distantier-marire-ecartament-fiat-500x-334_-1-4-4x4-334axf22-benzina-163-cai-eibach-s90-2-20-006\/\" \/>\n<meta property=\"og:site_name\" content=\"FIAT\" \/>\n<meta property=\"og:image\" content=\"https:\/\/autorival.ro\/fiat\/wp-content\/uploads\/sites\/9\/2025\/05\/ps_2-3.jpg\" \/>\n\t<meta property=\"og:image:width\" content=\"1800\" \/>\n\t<meta property=\"og:image:height\" content=\"1800\" \/>\n\t<meta property=\"og:image:type\" content=\"image\/jpeg\" \/>\n<meta name=\"twitter:card\" content=\"summary_large_image\" \/>\n<meta name=\"twitter:title\" content=\"Distantier marire ecartament FIAT 500X (334_) 1.4 4&#215;4 (334AXF22) benzina 163 cai EIBACH S90-2-20-006 FIAT | EIBACH - Autorival\" \/>\n<meta name=\"twitter:description\" content=\"\u26a1 Distantier marire ecartament FIAT 500X (334_) 1.4 4&#215;4 (334AXF22) benzina 163 cai EIBACH S90-2-20-006 pentru FIAT la doar 872.55 RON. \u2713 Cod: S90-2-20-006 \u2713 Brand: EIBACH \u2713 \u00cen stoc \u2713 Livrare 24h \u2713 Garan\u021bie!\" \/>\n<script type=\"application\/ld+json\" class=\"yoast-schema-graph\">{\"@context\":\"https:\\\/\\\/schema.org\",\"@graph\":[{\"@type\":\"WebPage\",\"@id\":\"https:\\\/\\\/autorival.ro\\\/fiat\\\/product\\\/distantier-marire-ecartament-fiat-500x-334_-1-4-4x4-334axf22-benzina-163-cai-eibach-s90-2-20-006\\\/\",\"url\":\"https:\\\/\\\/autorival.ro\\\/fiat\\\/product\\\/distantier-marire-ecartament-fiat-500x-334_-1-4-4x4-334axf22-benzina-163-cai-eibach-s90-2-20-006\\\/\",\"name\":\"Distantier marire ecartament FIAT 500X (334_) 1.4 4&#215;4 (334AXF22) benzina 163 cai EIBACH S90-2-20-006 FIAT | EIBACH - Autorival\",\"isPartOf\":{\"@id\":\"https:\\\/\\\/autorival.ro\\\/fiat\\\/#website\"},\"primaryImageOfPage\":{\"@id\":\"https:\\\/\\\/autorival.ro\\\/fiat\\\/product\\\/distantier-marire-ecartament-fiat-500x-334_-1-4-4x4-334axf22-benzina-163-cai-eibach-s90-2-20-006\\\/#primaryimage\"},\"image\":{\"@id\":\"https:\\\/\\\/autorival.ro\\\/fiat\\\/product\\\/distantier-marire-ecartament-fiat-500x-334_-1-4-4x4-334axf22-benzina-163-cai-eibach-s90-2-20-006\\\/#primaryimage\"},\"thumbnailUrl\":\"https:\\\/\\\/autorival.ro\\\/fiat\\\/wp-content\\\/uploads\\\/sites\\\/9\\\/2025\\\/05\\\/ps_2-3.jpg\",\"datePublished\":\"2025-05-18T09:43:06+00:00\",\"description\":\"\u26a1 Distantier marire ecartament FIAT 500X (334_) 1.4 4&#215;4 (334AXF22) benzina 163 cai EIBACH S90-2-20-006 pentru FIAT la doar 872.55 RON. \u2713 Cod: S90-2-20-006 \u2713 Brand: EIBACH \u2713 \u00cen stoc \u2713 Livrare 24h \u2713 Garan\u021bie!\",\"breadcrumb\":{\"@id\":\"https:\\\/\\\/autorival.ro\\\/fiat\\\/product\\\/distantier-marire-ecartament-fiat-500x-334_-1-4-4x4-334axf22-benzina-163-cai-eibach-s90-2-20-006\\\/#breadcrumb\"},\"inLanguage\":\"en-US\",\"potentialAction\":[{\"@type\":\"ReadAction\",\"target\":[\"https:\\\/\\\/autorival.ro\\\/fiat\\\/product\\\/distantier-marire-ecartament-fiat-500x-334_-1-4-4x4-334axf22-benzina-163-cai-eibach-s90-2-20-006\\\/\"]}]},{\"@type\":\"ImageObject\",\"inLanguage\":\"en-US\",\"@id\":\"https:\\\/\\\/autorival.ro\\\/fiat\\\/product\\\/distantier-marire-ecartament-fiat-500x-334_-1-4-4x4-334axf22-benzina-163-cai-eibach-s90-2-20-006\\\/#primaryimage\",\"url\":\"https:\\\/\\\/autorival.ro\\\/fiat\\\/wp-content\\\/uploads\\\/sites\\\/9\\\/2025\\\/05\\\/ps_2-3.jpg\",\"contentUrl\":\"https:\\\/\\\/autorival.ro\\\/fiat\\\/wp-content\\\/uploads\\\/sites\\\/9\\\/2025\\\/05\\\/ps_2-3.jpg\",\"width\":1800,\"height\":1800,\"caption\":\"Distantier marire ecartament FIAT 500X (334_) 1.0 (334.AXN1B) benzina 114 cai EIBACH S90-2-15-007\"},{\"@type\":\"BreadcrumbList\",\"@id\":\"https:\\\/\\\/autorival.ro\\\/fiat\\\/product\\\/distantier-marire-ecartament-fiat-500x-334_-1-4-4x4-334axf22-benzina-163-cai-eibach-s90-2-20-006\\\/#breadcrumb\",\"itemListElement\":[{\"@type\":\"ListItem\",\"position\":1,\"name\":\"Prima pagin\u0103\",\"item\":\"https:\\\/\\\/autorival.ro\\\/fiat\\\/\"},{\"@type\":\"ListItem\",\"position\":2,\"name\":\"Piese auto FIAT\",\"item\":\"https:\\\/\\\/autorival.ro\\\/fiat\\\/\"},{\"@type\":\"ListItem\",\"position\":3,\"name\":\"Distantier marire ecartament FIAT 500X (334_) 1.4 4&#215;4 (334AXF22) benzina 163 cai EIBACH S90-2-20-006\"}]},{\"@type\":\"WebSite\",\"@id\":\"https:\\\/\\\/autorival.ro\\\/fiat\\\/#website\",\"url\":\"https:\\\/\\\/autorival.ro\\\/fiat\\\/\",\"name\":\"FIAT\",\"description\":\"\",\"potentialAction\":[{\"@type\":\"SearchAction\",\"target\":{\"@type\":\"EntryPoint\",\"urlTemplate\":\"https:\\\/\\\/autorival.ro\\\/fiat\\\/?s={search_term_string}\"},\"query-input\":{\"@type\":\"PropertyValueSpecification\",\"valueRequired\":true,\"valueName\":\"search_term_string\"}}],\"inLanguage\":\"en-US\"}]}<\/script>\n<!-- \/ Yoast SEO plugin. -->","yoast_head_json":{"title":"Distantier marire ecartament FIAT 500X (334_) 1.4 4&#215;4 (334AXF22) benzina 163 cai EIBACH S90-2-20-006 FIAT | EIBACH - Autorival","description":"\u26a1 Distantier marire ecartament FIAT 500X (334_) 1.4 4&#215;4 (334AXF22) benzina 163 cai EIBACH S90-2-20-006 pentru FIAT la doar 872.55 RON. \u2713 Cod: S90-2-20-006 \u2713 Brand: EIBACH \u2713 \u00cen stoc \u2713 Livrare 24h \u2713 Garan\u021bie!","robots":{"index":"index","follow":"follow","max-snippet":"max-snippet:-1","max-image-preview":"max-image-preview:large","max-video-preview":"max-video-preview:-1"},"og_locale":"en_US","og_type":"article","og_title":"Distantier marire ecartament FIAT 500X (334_) 1.4 4&#215;4 (334AXF22) benzina 163 cai EIBACH S90-2-20-006 FIAT | EIBACH - Autorival","og_description":"\u26a1 Distantier marire ecartament FIAT 500X (334_) 1.4 4&#215;4 (334AXF22) benzina 163 cai EIBACH S90-2-20-006 pentru FIAT la doar 872.55 RON. \u2713 Cod: S90-2-20-006 \u2713 Brand: EIBACH \u2713 \u00cen stoc \u2713 Livrare 24h \u2713 Garan\u021bie!","og_url":"https:\/\/autorival.ro\/fiat\/product\/distantier-marire-ecartament-fiat-500x-334_-1-4-4x4-334axf22-benzina-163-cai-eibach-s90-2-20-006\/","og_site_name":"FIAT","og_image":[{"width":1800,"height":1800,"url":"https:\/\/autorival.ro\/fiat\/wp-content\/uploads\/sites\/9\/2025\/05\/ps_2-3.jpg","type":"image\/jpeg"}],"twitter_card":"summary_large_image","twitter_title":"Distantier marire ecartament FIAT 500X (334_) 1.4 4&#215;4 (334AXF22) benzina 163 cai EIBACH S90-2-20-006 FIAT | EIBACH - Autorival","twitter_description":"\u26a1 Distantier marire ecartament FIAT 500X (334_) 1.4 4&#215;4 (334AXF22) benzina 163 cai EIBACH S90-2-20-006 pentru FIAT la doar 872.55 RON. \u2713 Cod: S90-2-20-006 \u2713 Brand: EIBACH \u2713 \u00cen stoc \u2713 Livrare 24h \u2713 Garan\u021bie!","schema":{"@context":"https:\/\/schema.org","@graph":[{"@type":"WebPage","@id":"https:\/\/autorival.ro\/fiat\/product\/distantier-marire-ecartament-fiat-500x-334_-1-4-4x4-334axf22-benzina-163-cai-eibach-s90-2-20-006\/","url":"https:\/\/autorival.ro\/fiat\/product\/distantier-marire-ecartament-fiat-500x-334_-1-4-4x4-334axf22-benzina-163-cai-eibach-s90-2-20-006\/","name":"Distantier marire ecartament FIAT 500X (334_) 1.4 4&#215;4 (334AXF22) benzina 163 cai EIBACH S90-2-20-006 FIAT | EIBACH - Autorival","isPartOf":{"@id":"https:\/\/autorival.ro\/fiat\/#website"},"primaryImageOfPage":{"@id":"https:\/\/autorival.ro\/fiat\/product\/distantier-marire-ecartament-fiat-500x-334_-1-4-4x4-334axf22-benzina-163-cai-eibach-s90-2-20-006\/#primaryimage"},"image":{"@id":"https:\/\/autorival.ro\/fiat\/product\/distantier-marire-ecartament-fiat-500x-334_-1-4-4x4-334axf22-benzina-163-cai-eibach-s90-2-20-006\/#primaryimage"},"thumbnailUrl":"https:\/\/autorival.ro\/fiat\/wp-content\/uploads\/sites\/9\/2025\/05\/ps_2-3.jpg","datePublished":"2025-05-18T09:43:06+00:00","description":"\u26a1 Distantier marire ecartament FIAT 500X (334_) 1.4 4&#215;4 (334AXF22) benzina 163 cai EIBACH S90-2-20-006 pentru FIAT la doar 872.55 RON. \u2713 Cod: S90-2-20-006 \u2713 Brand: EIBACH \u2713 \u00cen stoc \u2713 Livrare 24h \u2713 Garan\u021bie!","breadcrumb":{"@id":"https:\/\/autorival.ro\/fiat\/product\/distantier-marire-ecartament-fiat-500x-334_-1-4-4x4-334axf22-benzina-163-cai-eibach-s90-2-20-006\/#breadcrumb"},"inLanguage":"en-US","potentialAction":[{"@type":"ReadAction","target":["https:\/\/autorival.ro\/fiat\/product\/distantier-marire-ecartament-fiat-500x-334_-1-4-4x4-334axf22-benzina-163-cai-eibach-s90-2-20-006\/"]}]},{"@type":"ImageObject","inLanguage":"en-US","@id":"https:\/\/autorival.ro\/fiat\/product\/distantier-marire-ecartament-fiat-500x-334_-1-4-4x4-334axf22-benzina-163-cai-eibach-s90-2-20-006\/#primaryimage","url":"https:\/\/autorival.ro\/fiat\/wp-content\/uploads\/sites\/9\/2025\/05\/ps_2-3.jpg","contentUrl":"https:\/\/autorival.ro\/fiat\/wp-content\/uploads\/sites\/9\/2025\/05\/ps_2-3.jpg","width":1800,"height":1800,"caption":"Distantier marire ecartament FIAT 500X (334_) 1.0 (334.AXN1B) benzina 114 cai EIBACH S90-2-15-007"},{"@type":"BreadcrumbList","@id":"https:\/\/autorival.ro\/fiat\/product\/distantier-marire-ecartament-fiat-500x-334_-1-4-4x4-334axf22-benzina-163-cai-eibach-s90-2-20-006\/#breadcrumb","itemListElement":[{"@type":"ListItem","position":1,"name":"Prima pagin\u0103","item":"https:\/\/autorival.ro\/fiat\/"},{"@type":"ListItem","position":2,"name":"Piese auto FIAT","item":"https:\/\/autorival.ro\/fiat\/"},{"@type":"ListItem","position":3,"name":"Distantier marire ecartament FIAT 500X (334_) 1.4 4&#215;4 (334AXF22) benzina 163 cai EIBACH S90-2-20-006"}]},{"@type":"WebSite","@id":"https:\/\/autorival.ro\/fiat\/#website","url":"https:\/\/autorival.ro\/fiat\/","name":"FIAT","description":"","potentialAction":[{"@type":"SearchAction","target":{"@type":"EntryPoint","urlTemplate":"https:\/\/autorival.ro\/fiat\/?s={search_term_string}"},"query-input":{"@type":"PropertyValueSpecification","valueRequired":true,"valueName":"search_term_string"}}],"inLanguage":"en-US"}]}},"_links":{"self":[{"href":"https:\/\/autorival.ro\/fiat\/wp-json\/wp\/v2\/product\/167456","targetHints":{"allow":["GET"]}}],"collection":[{"href":"https:\/\/autorival.ro\/fiat\/wp-json\/wp\/v2\/product"}],"about":[{"href":"https:\/\/autorival.ro\/fiat\/wp-json\/wp\/v2\/types\/product"}],"replies":[{"embeddable":true,"href":"https:\/\/autorival.ro\/fiat\/wp-json\/wp\/v2\/comments?post=167456"}],"wp:featuredmedia":[{"embeddable":true,"href":"https:\/\/autorival.ro\/fiat\/wp-json\/wp\/v2\/media\/167435"}],"wp:attachment":[{"href":"https:\/\/autorival.ro\/fiat\/wp-json\/wp\/v2\/media?parent=167456"}],"wp:term":[{"taxonomy":"product_brand","embeddable":true,"href":"https:\/\/autorival.ro\/fiat\/wp-json\/wp\/v2\/product_brand?post=167456"},{"taxonomy":"product_cat","embeddable":true,"href":"https:\/\/autorival.ro\/fiat\/wp-json\/wp\/v2\/product_cat?post=167456"},{"taxonomy":"product_tag","embeddable":true,"href":"https:\/\/autorival.ro\/fiat\/wp-json\/wp\/v2\/product_tag?post=167456"}],"curies":[{"name":"wp","href":"https:\/\/api.w.org\/{rel}","templated":true}]}}