{"id":166061,"date":"2025-05-18T09:32:46","date_gmt":"2025-05-18T09:32:46","guid":{"rendered":"https:\/\/autorival.ro\/fiat\/product\/disc-frana-fiat-tipo-160_-1-6-benzina-76-cai-mastersport-germany-24011201271pr-pcs-ms\/"},"modified":"2025-05-18T09:32:46","modified_gmt":"2025-05-18T09:32:46","slug":"disc-frana-fiat-tipo-160_-1-6-benzina-76-cai-mastersport-germany-24011201271pr-pcs-ms","status":"publish","type":"product","link":"https:\/\/autorival.ro\/fiat\/product\/disc-frana-fiat-tipo-160_-1-6-benzina-76-cai-mastersport-germany-24011201271pr-pcs-ms\/","title":{"rendered":"Disc frana FIAT TIPO (160_) 1.6 benzina 76 cai MASTERSPORT GERMANY 24011201271PR-PCS-MS"},"content":{"rendered":"<p>An fabricatie de la: 199305An fabricatie pana la: 199509Dinamica fr\u00e2nare\/conducere: pentru vehicule cu ABS ->Diametru exterior [mm]: 258Tip disc fr\u00e2na: plin ->Grosime disc fr\u00e2na [mm]: 12Partea de montare: punte fata\u00cenaltime [mm]: 40,5 ->Diametrul orificiului [mm]: 13 ->Grosime minima [mm]: 10,2 ->Diametru interior [mm]: 123Numar gauri: 4 ->Diametru de centrare [mm]: 59Asezare gauri \u00d8 [mm]: 98Suprafata: acoperit (cu un strat protector)Numar bucati necesare: 2 ->Greutate neta [kg]: 4,7 ->Greutate brut\u0103 [kg]: 4,8<\/p>\n","protected":false},"excerpt":{"rendered":"<p>Producator: MASTERSPORT GERMANY Cod producator: 24011201271PR-PCS-MS<\/p>\n","protected":false},"featured_media":165800,"comment_status":"open","ping_status":"closed","template":"","meta":[],"product_brand":[983],"product_cat":[13511],"product_tag":[39007,38291,38328,38437,38436,38304],"class_list":{"0":"post-166061","1":"product","2":"type-product","3":"status-publish","4":"has-post-thumbnail","6":"product_brand-mastersport-germany","7":"product_cat-disc-frana-160_-1-6-benzina-76","8":"product_tag-disc","9":"product_tag-fiat","10":"product_tag-frana","11":"product_tag-germany","12":"product_tag-mastersport","13":"product_tag-tipo","15":"first","16":"instock","17":"shipping-taxable","18":"purchasable","19":"product-type-simple"},"yoast_head":"<!-- This site is optimized with the Yoast SEO plugin v27.3 - https:\/\/yoast.com\/product\/yoast-seo-wordpress\/ -->\n<title>Disc frana FIAT TIPO (160_) 1.6 benzina 76 cai MASTERSPORT GERMANY 24011201271PR-PCS-MS FIAT | MASTERSPORT - Autorival<\/title>\n<meta name=\"description\" content=\"\u26a1 Disc frana FIAT TIPO (160_) 1.6 benzina 76 cai MASTERSPORT GERMANY 24011201271PR-PCS-MS pentru FIAT la doar 210 RON. \u2713 Cod: 24011201271PR-PCS-MS \u2713 Brand: MASTERSPORT \u2713 \u00cen stoc \u2713 Livrare 24h \u2713 Garan\u021bie!\" \/>\n<meta name=\"robots\" content=\"index, follow, max-snippet:-1, max-image-preview:large, max-video-preview:-1\" \/>\n<meta property=\"og:locale\" content=\"en_US\" \/>\n<meta property=\"og:type\" content=\"article\" \/>\n<meta property=\"og:title\" content=\"Disc frana FIAT TIPO (160_) 1.6 benzina 76 cai MASTERSPORT GERMANY 24011201271PR-PCS-MS FIAT | MASTERSPORT - Autorival\" \/>\n<meta property=\"og:description\" content=\"\u26a1 Disc frana FIAT TIPO (160_) 1.6 benzina 76 cai MASTERSPORT GERMANY 24011201271PR-PCS-MS pentru FIAT la doar 210 RON. \u2713 Cod: 24011201271PR-PCS-MS \u2713 Brand: MASTERSPORT \u2713 \u00cen stoc \u2713 Livrare 24h \u2713 Garan\u021bie!\" \/>\n<meta property=\"og:url\" content=\"https:\/\/autorival.ro\/fiat\/product\/disc-frana-fiat-tipo-160_-1-6-benzina-76-cai-mastersport-germany-24011201271pr-pcs-ms\/\" \/>\n<meta property=\"og:site_name\" content=\"FIAT\" \/>\n<meta property=\"og:image\" content=\"https:\/\/autorival.ro\/fiat\/wp-content\/uploads\/sites\/9\/2025\/05\/24011201271pr-pcs-ms-4.jpg\" \/>\n\t<meta property=\"og:image:width\" content=\"1500\" \/>\n\t<meta property=\"og:image:height\" content=\"1500\" \/>\n\t<meta property=\"og:image:type\" content=\"image\/jpeg\" \/>\n<meta name=\"twitter:card\" content=\"summary_large_image\" \/>\n<meta name=\"twitter:title\" content=\"Disc frana FIAT TIPO (160_) 1.6 benzina 76 cai MASTERSPORT GERMANY 24011201271PR-PCS-MS FIAT | MASTERSPORT - Autorival\" \/>\n<meta name=\"twitter:description\" content=\"\u26a1 Disc frana FIAT TIPO (160_) 1.6 benzina 76 cai MASTERSPORT GERMANY 24011201271PR-PCS-MS pentru FIAT la doar 210 RON. \u2713 Cod: 24011201271PR-PCS-MS \u2713 Brand: MASTERSPORT \u2713 \u00cen stoc \u2713 Livrare 24h \u2713 Garan\u021bie!\" \/>\n<script type=\"application\/ld+json\" class=\"yoast-schema-graph\">{\"@context\":\"https:\\\/\\\/schema.org\",\"@graph\":[{\"@type\":\"WebPage\",\"@id\":\"https:\\\/\\\/autorival.ro\\\/fiat\\\/product\\\/disc-frana-fiat-tipo-160_-1-6-benzina-76-cai-mastersport-germany-24011201271pr-pcs-ms\\\/\",\"url\":\"https:\\\/\\\/autorival.ro\\\/fiat\\\/product\\\/disc-frana-fiat-tipo-160_-1-6-benzina-76-cai-mastersport-germany-24011201271pr-pcs-ms\\\/\",\"name\":\"Disc frana FIAT TIPO (160_) 1.6 benzina 76 cai MASTERSPORT GERMANY 24011201271PR-PCS-MS FIAT | MASTERSPORT - Autorival\",\"isPartOf\":{\"@id\":\"https:\\\/\\\/autorival.ro\\\/fiat\\\/#website\"},\"primaryImageOfPage\":{\"@id\":\"https:\\\/\\\/autorival.ro\\\/fiat\\\/product\\\/disc-frana-fiat-tipo-160_-1-6-benzina-76-cai-mastersport-germany-24011201271pr-pcs-ms\\\/#primaryimage\"},\"image\":{\"@id\":\"https:\\\/\\\/autorival.ro\\\/fiat\\\/product\\\/disc-frana-fiat-tipo-160_-1-6-benzina-76-cai-mastersport-germany-24011201271pr-pcs-ms\\\/#primaryimage\"},\"thumbnailUrl\":\"https:\\\/\\\/autorival.ro\\\/fiat\\\/wp-content\\\/uploads\\\/sites\\\/9\\\/2025\\\/05\\\/24011201271pr-pcs-ms-4.jpg\",\"datePublished\":\"2025-05-18T09:32:46+00:00\",\"description\":\"\u26a1 Disc frana FIAT TIPO (160_) 1.6 benzina 76 cai MASTERSPORT GERMANY 24011201271PR-PCS-MS pentru FIAT la doar 210 RON. \u2713 Cod: 24011201271PR-PCS-MS \u2713 Brand: MASTERSPORT \u2713 \u00cen stoc \u2713 Livrare 24h \u2713 Garan\u021bie!\",\"breadcrumb\":{\"@id\":\"https:\\\/\\\/autorival.ro\\\/fiat\\\/product\\\/disc-frana-fiat-tipo-160_-1-6-benzina-76-cai-mastersport-germany-24011201271pr-pcs-ms\\\/#breadcrumb\"},\"inLanguage\":\"en-US\",\"potentialAction\":[{\"@type\":\"ReadAction\",\"target\":[\"https:\\\/\\\/autorival.ro\\\/fiat\\\/product\\\/disc-frana-fiat-tipo-160_-1-6-benzina-76-cai-mastersport-germany-24011201271pr-pcs-ms\\\/\"]}]},{\"@type\":\"ImageObject\",\"inLanguage\":\"en-US\",\"@id\":\"https:\\\/\\\/autorival.ro\\\/fiat\\\/product\\\/disc-frana-fiat-tipo-160_-1-6-benzina-76-cai-mastersport-germany-24011201271pr-pcs-ms\\\/#primaryimage\",\"url\":\"https:\\\/\\\/autorival.ro\\\/fiat\\\/wp-content\\\/uploads\\\/sites\\\/9\\\/2025\\\/05\\\/24011201271pr-pcs-ms-4.jpg\",\"contentUrl\":\"https:\\\/\\\/autorival.ro\\\/fiat\\\/wp-content\\\/uploads\\\/sites\\\/9\\\/2025\\\/05\\\/24011201271pr-pcs-ms-4.jpg\",\"width\":1500,\"height\":1500,\"caption\":\"Disc frana FIAT TIPO (160_) 1.1 (160.AA) benzina 56 cai MASTERSPORT GERMANY 24011201271PR-PCS-MS\"},{\"@type\":\"BreadcrumbList\",\"@id\":\"https:\\\/\\\/autorival.ro\\\/fiat\\\/product\\\/disc-frana-fiat-tipo-160_-1-6-benzina-76-cai-mastersport-germany-24011201271pr-pcs-ms\\\/#breadcrumb\",\"itemListElement\":[{\"@type\":\"ListItem\",\"position\":1,\"name\":\"Prima pagin\u0103\",\"item\":\"https:\\\/\\\/autorival.ro\\\/fiat\\\/\"},{\"@type\":\"ListItem\",\"position\":2,\"name\":\"Piese auto FIAT\",\"item\":\"https:\\\/\\\/autorival.ro\\\/fiat\\\/\"},{\"@type\":\"ListItem\",\"position\":3,\"name\":\"Disc frana FIAT TIPO (160_) 1.6 benzina 76 cai MASTERSPORT GERMANY 24011201271PR-PCS-MS\"}]},{\"@type\":\"WebSite\",\"@id\":\"https:\\\/\\\/autorival.ro\\\/fiat\\\/#website\",\"url\":\"https:\\\/\\\/autorival.ro\\\/fiat\\\/\",\"name\":\"FIAT\",\"description\":\"\",\"potentialAction\":[{\"@type\":\"SearchAction\",\"target\":{\"@type\":\"EntryPoint\",\"urlTemplate\":\"https:\\\/\\\/autorival.ro\\\/fiat\\\/?s={search_term_string}\"},\"query-input\":{\"@type\":\"PropertyValueSpecification\",\"valueRequired\":true,\"valueName\":\"search_term_string\"}}],\"inLanguage\":\"en-US\"}]}<\/script>\n<!-- \/ Yoast SEO plugin. -->","yoast_head_json":{"title":"Disc frana FIAT TIPO (160_) 1.6 benzina 76 cai MASTERSPORT GERMANY 24011201271PR-PCS-MS FIAT | MASTERSPORT - Autorival","description":"\u26a1 Disc frana FIAT TIPO (160_) 1.6 benzina 76 cai MASTERSPORT GERMANY 24011201271PR-PCS-MS pentru FIAT la doar 210 RON. \u2713 Cod: 24011201271PR-PCS-MS \u2713 Brand: MASTERSPORT \u2713 \u00cen stoc \u2713 Livrare 24h \u2713 Garan\u021bie!","robots":{"index":"index","follow":"follow","max-snippet":"max-snippet:-1","max-image-preview":"max-image-preview:large","max-video-preview":"max-video-preview:-1"},"og_locale":"en_US","og_type":"article","og_title":"Disc frana FIAT TIPO (160_) 1.6 benzina 76 cai MASTERSPORT GERMANY 24011201271PR-PCS-MS FIAT | MASTERSPORT - Autorival","og_description":"\u26a1 Disc frana FIAT TIPO (160_) 1.6 benzina 76 cai MASTERSPORT GERMANY 24011201271PR-PCS-MS pentru FIAT la doar 210 RON. \u2713 Cod: 24011201271PR-PCS-MS \u2713 Brand: MASTERSPORT \u2713 \u00cen stoc \u2713 Livrare 24h \u2713 Garan\u021bie!","og_url":"https:\/\/autorival.ro\/fiat\/product\/disc-frana-fiat-tipo-160_-1-6-benzina-76-cai-mastersport-germany-24011201271pr-pcs-ms\/","og_site_name":"FIAT","og_image":[{"width":1500,"height":1500,"url":"https:\/\/autorival.ro\/fiat\/wp-content\/uploads\/sites\/9\/2025\/05\/24011201271pr-pcs-ms-4.jpg","type":"image\/jpeg"}],"twitter_card":"summary_large_image","twitter_title":"Disc frana FIAT TIPO (160_) 1.6 benzina 76 cai MASTERSPORT GERMANY 24011201271PR-PCS-MS FIAT | MASTERSPORT - Autorival","twitter_description":"\u26a1 Disc frana FIAT TIPO (160_) 1.6 benzina 76 cai MASTERSPORT GERMANY 24011201271PR-PCS-MS pentru FIAT la doar 210 RON. \u2713 Cod: 24011201271PR-PCS-MS \u2713 Brand: MASTERSPORT \u2713 \u00cen stoc \u2713 Livrare 24h \u2713 Garan\u021bie!","schema":{"@context":"https:\/\/schema.org","@graph":[{"@type":"WebPage","@id":"https:\/\/autorival.ro\/fiat\/product\/disc-frana-fiat-tipo-160_-1-6-benzina-76-cai-mastersport-germany-24011201271pr-pcs-ms\/","url":"https:\/\/autorival.ro\/fiat\/product\/disc-frana-fiat-tipo-160_-1-6-benzina-76-cai-mastersport-germany-24011201271pr-pcs-ms\/","name":"Disc frana FIAT TIPO (160_) 1.6 benzina 76 cai MASTERSPORT GERMANY 24011201271PR-PCS-MS FIAT | MASTERSPORT - Autorival","isPartOf":{"@id":"https:\/\/autorival.ro\/fiat\/#website"},"primaryImageOfPage":{"@id":"https:\/\/autorival.ro\/fiat\/product\/disc-frana-fiat-tipo-160_-1-6-benzina-76-cai-mastersport-germany-24011201271pr-pcs-ms\/#primaryimage"},"image":{"@id":"https:\/\/autorival.ro\/fiat\/product\/disc-frana-fiat-tipo-160_-1-6-benzina-76-cai-mastersport-germany-24011201271pr-pcs-ms\/#primaryimage"},"thumbnailUrl":"https:\/\/autorival.ro\/fiat\/wp-content\/uploads\/sites\/9\/2025\/05\/24011201271pr-pcs-ms-4.jpg","datePublished":"2025-05-18T09:32:46+00:00","description":"\u26a1 Disc frana FIAT TIPO (160_) 1.6 benzina 76 cai MASTERSPORT GERMANY 24011201271PR-PCS-MS pentru FIAT la doar 210 RON. \u2713 Cod: 24011201271PR-PCS-MS \u2713 Brand: MASTERSPORT \u2713 \u00cen stoc \u2713 Livrare 24h \u2713 Garan\u021bie!","breadcrumb":{"@id":"https:\/\/autorival.ro\/fiat\/product\/disc-frana-fiat-tipo-160_-1-6-benzina-76-cai-mastersport-germany-24011201271pr-pcs-ms\/#breadcrumb"},"inLanguage":"en-US","potentialAction":[{"@type":"ReadAction","target":["https:\/\/autorival.ro\/fiat\/product\/disc-frana-fiat-tipo-160_-1-6-benzina-76-cai-mastersport-germany-24011201271pr-pcs-ms\/"]}]},{"@type":"ImageObject","inLanguage":"en-US","@id":"https:\/\/autorival.ro\/fiat\/product\/disc-frana-fiat-tipo-160_-1-6-benzina-76-cai-mastersport-germany-24011201271pr-pcs-ms\/#primaryimage","url":"https:\/\/autorival.ro\/fiat\/wp-content\/uploads\/sites\/9\/2025\/05\/24011201271pr-pcs-ms-4.jpg","contentUrl":"https:\/\/autorival.ro\/fiat\/wp-content\/uploads\/sites\/9\/2025\/05\/24011201271pr-pcs-ms-4.jpg","width":1500,"height":1500,"caption":"Disc frana FIAT TIPO (160_) 1.1 (160.AA) benzina 56 cai MASTERSPORT GERMANY 24011201271PR-PCS-MS"},{"@type":"BreadcrumbList","@id":"https:\/\/autorival.ro\/fiat\/product\/disc-frana-fiat-tipo-160_-1-6-benzina-76-cai-mastersport-germany-24011201271pr-pcs-ms\/#breadcrumb","itemListElement":[{"@type":"ListItem","position":1,"name":"Prima pagin\u0103","item":"https:\/\/autorival.ro\/fiat\/"},{"@type":"ListItem","position":2,"name":"Piese auto FIAT","item":"https:\/\/autorival.ro\/fiat\/"},{"@type":"ListItem","position":3,"name":"Disc frana FIAT TIPO (160_) 1.6 benzina 76 cai MASTERSPORT GERMANY 24011201271PR-PCS-MS"}]},{"@type":"WebSite","@id":"https:\/\/autorival.ro\/fiat\/#website","url":"https:\/\/autorival.ro\/fiat\/","name":"FIAT","description":"","potentialAction":[{"@type":"SearchAction","target":{"@type":"EntryPoint","urlTemplate":"https:\/\/autorival.ro\/fiat\/?s={search_term_string}"},"query-input":{"@type":"PropertyValueSpecification","valueRequired":true,"valueName":"search_term_string"}}],"inLanguage":"en-US"}]}},"_links":{"self":[{"href":"https:\/\/autorival.ro\/fiat\/wp-json\/wp\/v2\/product\/166061","targetHints":{"allow":["GET"]}}],"collection":[{"href":"https:\/\/autorival.ro\/fiat\/wp-json\/wp\/v2\/product"}],"about":[{"href":"https:\/\/autorival.ro\/fiat\/wp-json\/wp\/v2\/types\/product"}],"replies":[{"embeddable":true,"href":"https:\/\/autorival.ro\/fiat\/wp-json\/wp\/v2\/comments?post=166061"}],"wp:featuredmedia":[{"embeddable":true,"href":"https:\/\/autorival.ro\/fiat\/wp-json\/wp\/v2\/media\/165800"}],"wp:attachment":[{"href":"https:\/\/autorival.ro\/fiat\/wp-json\/wp\/v2\/media?parent=166061"}],"wp:term":[{"taxonomy":"product_brand","embeddable":true,"href":"https:\/\/autorival.ro\/fiat\/wp-json\/wp\/v2\/product_brand?post=166061"},{"taxonomy":"product_cat","embeddable":true,"href":"https:\/\/autorival.ro\/fiat\/wp-json\/wp\/v2\/product_cat?post=166061"},{"taxonomy":"product_tag","embeddable":true,"href":"https:\/\/autorival.ro\/fiat\/wp-json\/wp\/v2\/product_tag?post=166061"}],"curies":[{"name":"wp","href":"https:\/\/api.w.org\/{rel}","templated":true}]}}