{"id":162558,"date":"2025-05-18T09:08:26","date_gmt":"2025-05-18T09:08:26","guid":{"rendered":"https:\/\/autorival.ro\/fiat\/product\/disc-frana-fiat-500x-334_-1-4-4x4-334axf22-benzina-170-cai-comline-adc2842v\/"},"modified":"2025-05-18T09:08:26","modified_gmt":"2025-05-18T09:08:26","slug":"disc-frana-fiat-500x-334_-1-4-4x4-334axf22-benzina-170-cai-comline-adc2842v","status":"publish","type":"product","link":"https:\/\/autorival.ro\/fiat\/product\/disc-frana-fiat-500x-334_-1-4-4x4-334axf22-benzina-170-cai-comline-adc2842v\/","title":{"rendered":"Disc frana FIAT 500X (334_) 1.4 4&#215;4 (334AXF22) benzina 170 cai COMLINE ADC2842V"},"content":{"rendered":"<p>Partea de montare: punte fata\u00cenaltime [mm]: 39,7Tip disc fr\u00e2na: ventilat interior ->Grosime disc fr\u00e2na [mm]: 28 ->Grosime minima [mm]: 26Numar pistoane: 5 ->Diametru exterior [mm]: 305Numar gauri: 5 ->Diametru de centrare [mm]: 70Asezare gauri \u00d8 [mm]: 110Suprafata: acoperit (cu un strat protector)<\/p>\n","protected":false},"excerpt":{"rendered":"<p>Producator: COMLINE Cod producator: ADC2842V<\/p>\n","protected":false},"featured_media":162513,"comment_status":"open","ping_status":"closed","template":"","meta":[],"product_brand":[3739],"product_cat":[13411],"product_tag":[38317,38316,39012,38637,39007,38291,38328],"class_list":{"0":"post-162558","1":"product","2":"type-product","3":"status-publish","4":"has-post-thumbnail","6":"product_brand-comline","7":"product_cat-disc-frana-334_-1-4-4x4-334axf22-benzina-170","8":"product_tag-334_","9":"product_tag-500x","10":"product_tag-adc","11":"product_tag-comline","12":"product_tag-disc","13":"product_tag-fiat","14":"product_tag-frana","16":"first","17":"instock","18":"shipping-taxable","19":"purchasable","20":"product-type-simple"},"yoast_head":"<!-- This site is optimized with the Yoast SEO plugin v27.3 - https:\/\/yoast.com\/product\/yoast-seo-wordpress\/ -->\n<title>Disc frana FIAT 500X (334_) 1.4 4&#215;4 (334AXF22) benzina 170 cai COMLINE ADC2842V FIAT | COMLINE - Autorival<\/title>\n<meta name=\"description\" content=\"\u26a1 Disc frana FIAT 500X (334_) 1.4 4&#215;4 (334AXF22) benzina 170 cai COMLINE ADC2842V pentru FIAT la doar 339.15 RON. \u2713 Cod: ADC2842V \u2713 Brand: COMLINE \u2713 \u00cen stoc \u2713 Livrare 24h \u2713 Garan\u021bie!\" \/>\n<meta name=\"robots\" content=\"index, follow, max-snippet:-1, max-image-preview:large, max-video-preview:-1\" \/>\n<meta property=\"og:locale\" content=\"en_US\" \/>\n<meta property=\"og:type\" content=\"article\" \/>\n<meta property=\"og:title\" content=\"Disc frana FIAT 500X (334_) 1.4 4&#215;4 (334AXF22) benzina 170 cai COMLINE ADC2842V FIAT | COMLINE - Autorival\" \/>\n<meta property=\"og:description\" content=\"\u26a1 Disc frana FIAT 500X (334_) 1.4 4&#215;4 (334AXF22) benzina 170 cai COMLINE ADC2842V pentru FIAT la doar 339.15 RON. \u2713 Cod: ADC2842V \u2713 Brand: COMLINE \u2713 \u00cen stoc \u2713 Livrare 24h \u2713 Garan\u021bie!\" \/>\n<meta property=\"og:url\" content=\"https:\/\/autorival.ro\/fiat\/product\/disc-frana-fiat-500x-334_-1-4-4x4-334axf22-benzina-170-cai-comline-adc2842v\/\" \/>\n<meta property=\"og:site_name\" content=\"FIAT\" \/>\n<meta property=\"og:image\" content=\"https:\/\/autorival.ro\/fiat\/wp-content\/uploads\/sites\/9\/2025\/05\/adc2842v_1137679.jpg\" \/>\n\t<meta property=\"og:image:width\" content=\"600\" \/>\n\t<meta property=\"og:image:height\" content=\"400\" \/>\n\t<meta property=\"og:image:type\" content=\"image\/jpeg\" \/>\n<meta name=\"twitter:card\" content=\"summary_large_image\" \/>\n<meta name=\"twitter:title\" content=\"Disc frana FIAT 500X (334_) 1.4 4&#215;4 (334AXF22) benzina 170 cai COMLINE ADC2842V FIAT | COMLINE - Autorival\" \/>\n<meta name=\"twitter:description\" content=\"\u26a1 Disc frana FIAT 500X (334_) 1.4 4&#215;4 (334AXF22) benzina 170 cai COMLINE ADC2842V pentru FIAT la doar 339.15 RON. \u2713 Cod: ADC2842V \u2713 Brand: COMLINE \u2713 \u00cen stoc \u2713 Livrare 24h \u2713 Garan\u021bie!\" \/>\n<script type=\"application\/ld+json\" class=\"yoast-schema-graph\">{\"@context\":\"https:\\\/\\\/schema.org\",\"@graph\":[{\"@type\":\"WebPage\",\"@id\":\"https:\\\/\\\/autorival.ro\\\/fiat\\\/product\\\/disc-frana-fiat-500x-334_-1-4-4x4-334axf22-benzina-170-cai-comline-adc2842v\\\/\",\"url\":\"https:\\\/\\\/autorival.ro\\\/fiat\\\/product\\\/disc-frana-fiat-500x-334_-1-4-4x4-334axf22-benzina-170-cai-comline-adc2842v\\\/\",\"name\":\"Disc frana FIAT 500X (334_) 1.4 4&#215;4 (334AXF22) benzina 170 cai COMLINE ADC2842V FIAT | COMLINE - Autorival\",\"isPartOf\":{\"@id\":\"https:\\\/\\\/autorival.ro\\\/fiat\\\/#website\"},\"primaryImageOfPage\":{\"@id\":\"https:\\\/\\\/autorival.ro\\\/fiat\\\/product\\\/disc-frana-fiat-500x-334_-1-4-4x4-334axf22-benzina-170-cai-comline-adc2842v\\\/#primaryimage\"},\"image\":{\"@id\":\"https:\\\/\\\/autorival.ro\\\/fiat\\\/product\\\/disc-frana-fiat-500x-334_-1-4-4x4-334axf22-benzina-170-cai-comline-adc2842v\\\/#primaryimage\"},\"thumbnailUrl\":\"https:\\\/\\\/autorival.ro\\\/fiat\\\/wp-content\\\/uploads\\\/sites\\\/9\\\/2025\\\/05\\\/adc2842v_1137679.jpg\",\"datePublished\":\"2025-05-18T09:08:26+00:00\",\"description\":\"\u26a1 Disc frana FIAT 500X (334_) 1.4 4&#215;4 (334AXF22) benzina 170 cai COMLINE ADC2842V pentru FIAT la doar 339.15 RON. \u2713 Cod: ADC2842V \u2713 Brand: COMLINE \u2713 \u00cen stoc \u2713 Livrare 24h \u2713 Garan\u021bie!\",\"breadcrumb\":{\"@id\":\"https:\\\/\\\/autorival.ro\\\/fiat\\\/product\\\/disc-frana-fiat-500x-334_-1-4-4x4-334axf22-benzina-170-cai-comline-adc2842v\\\/#breadcrumb\"},\"inLanguage\":\"en-US\",\"potentialAction\":[{\"@type\":\"ReadAction\",\"target\":[\"https:\\\/\\\/autorival.ro\\\/fiat\\\/product\\\/disc-frana-fiat-500x-334_-1-4-4x4-334axf22-benzina-170-cai-comline-adc2842v\\\/\"]}]},{\"@type\":\"ImageObject\",\"inLanguage\":\"en-US\",\"@id\":\"https:\\\/\\\/autorival.ro\\\/fiat\\\/product\\\/disc-frana-fiat-500x-334_-1-4-4x4-334axf22-benzina-170-cai-comline-adc2842v\\\/#primaryimage\",\"url\":\"https:\\\/\\\/autorival.ro\\\/fiat\\\/wp-content\\\/uploads\\\/sites\\\/9\\\/2025\\\/05\\\/adc2842v_1137679.jpg\",\"contentUrl\":\"https:\\\/\\\/autorival.ro\\\/fiat\\\/wp-content\\\/uploads\\\/sites\\\/9\\\/2025\\\/05\\\/adc2842v_1137679.jpg\",\"width\":600,\"height\":400,\"caption\":\"Disc frana FIAT 500X (334_) 1.4 4x4 (334AXF22) benzina 163 cai COMLINE ADC2842V\"},{\"@type\":\"BreadcrumbList\",\"@id\":\"https:\\\/\\\/autorival.ro\\\/fiat\\\/product\\\/disc-frana-fiat-500x-334_-1-4-4x4-334axf22-benzina-170-cai-comline-adc2842v\\\/#breadcrumb\",\"itemListElement\":[{\"@type\":\"ListItem\",\"position\":1,\"name\":\"Prima pagin\u0103\",\"item\":\"https:\\\/\\\/autorival.ro\\\/fiat\\\/\"},{\"@type\":\"ListItem\",\"position\":2,\"name\":\"Piese auto FIAT\",\"item\":\"https:\\\/\\\/autorival.ro\\\/fiat\\\/\"},{\"@type\":\"ListItem\",\"position\":3,\"name\":\"Disc frana FIAT 500X (334_) 1.4 4&#215;4 (334AXF22) benzina 170 cai COMLINE ADC2842V\"}]},{\"@type\":\"WebSite\",\"@id\":\"https:\\\/\\\/autorival.ro\\\/fiat\\\/#website\",\"url\":\"https:\\\/\\\/autorival.ro\\\/fiat\\\/\",\"name\":\"FIAT\",\"description\":\"\",\"potentialAction\":[{\"@type\":\"SearchAction\",\"target\":{\"@type\":\"EntryPoint\",\"urlTemplate\":\"https:\\\/\\\/autorival.ro\\\/fiat\\\/?s={search_term_string}\"},\"query-input\":{\"@type\":\"PropertyValueSpecification\",\"valueRequired\":true,\"valueName\":\"search_term_string\"}}],\"inLanguage\":\"en-US\"}]}<\/script>\n<!-- \/ Yoast SEO plugin. -->","yoast_head_json":{"title":"Disc frana FIAT 500X (334_) 1.4 4&#215;4 (334AXF22) benzina 170 cai COMLINE ADC2842V FIAT | COMLINE - Autorival","description":"\u26a1 Disc frana FIAT 500X (334_) 1.4 4&#215;4 (334AXF22) benzina 170 cai COMLINE ADC2842V pentru FIAT la doar 339.15 RON. \u2713 Cod: ADC2842V \u2713 Brand: COMLINE \u2713 \u00cen stoc \u2713 Livrare 24h \u2713 Garan\u021bie!","robots":{"index":"index","follow":"follow","max-snippet":"max-snippet:-1","max-image-preview":"max-image-preview:large","max-video-preview":"max-video-preview:-1"},"og_locale":"en_US","og_type":"article","og_title":"Disc frana FIAT 500X (334_) 1.4 4&#215;4 (334AXF22) benzina 170 cai COMLINE ADC2842V FIAT | COMLINE - Autorival","og_description":"\u26a1 Disc frana FIAT 500X (334_) 1.4 4&#215;4 (334AXF22) benzina 170 cai COMLINE ADC2842V pentru FIAT la doar 339.15 RON. \u2713 Cod: ADC2842V \u2713 Brand: COMLINE \u2713 \u00cen stoc \u2713 Livrare 24h \u2713 Garan\u021bie!","og_url":"https:\/\/autorival.ro\/fiat\/product\/disc-frana-fiat-500x-334_-1-4-4x4-334axf22-benzina-170-cai-comline-adc2842v\/","og_site_name":"FIAT","og_image":[{"width":600,"height":400,"url":"https:\/\/autorival.ro\/fiat\/wp-content\/uploads\/sites\/9\/2025\/05\/adc2842v_1137679.jpg","type":"image\/jpeg"}],"twitter_card":"summary_large_image","twitter_title":"Disc frana FIAT 500X (334_) 1.4 4&#215;4 (334AXF22) benzina 170 cai COMLINE ADC2842V FIAT | COMLINE - Autorival","twitter_description":"\u26a1 Disc frana FIAT 500X (334_) 1.4 4&#215;4 (334AXF22) benzina 170 cai COMLINE ADC2842V pentru FIAT la doar 339.15 RON. \u2713 Cod: ADC2842V \u2713 Brand: COMLINE \u2713 \u00cen stoc \u2713 Livrare 24h \u2713 Garan\u021bie!","schema":{"@context":"https:\/\/schema.org","@graph":[{"@type":"WebPage","@id":"https:\/\/autorival.ro\/fiat\/product\/disc-frana-fiat-500x-334_-1-4-4x4-334axf22-benzina-170-cai-comline-adc2842v\/","url":"https:\/\/autorival.ro\/fiat\/product\/disc-frana-fiat-500x-334_-1-4-4x4-334axf22-benzina-170-cai-comline-adc2842v\/","name":"Disc frana FIAT 500X (334_) 1.4 4&#215;4 (334AXF22) benzina 170 cai COMLINE ADC2842V FIAT | COMLINE - Autorival","isPartOf":{"@id":"https:\/\/autorival.ro\/fiat\/#website"},"primaryImageOfPage":{"@id":"https:\/\/autorival.ro\/fiat\/product\/disc-frana-fiat-500x-334_-1-4-4x4-334axf22-benzina-170-cai-comline-adc2842v\/#primaryimage"},"image":{"@id":"https:\/\/autorival.ro\/fiat\/product\/disc-frana-fiat-500x-334_-1-4-4x4-334axf22-benzina-170-cai-comline-adc2842v\/#primaryimage"},"thumbnailUrl":"https:\/\/autorival.ro\/fiat\/wp-content\/uploads\/sites\/9\/2025\/05\/adc2842v_1137679.jpg","datePublished":"2025-05-18T09:08:26+00:00","description":"\u26a1 Disc frana FIAT 500X (334_) 1.4 4&#215;4 (334AXF22) benzina 170 cai COMLINE ADC2842V pentru FIAT la doar 339.15 RON. \u2713 Cod: ADC2842V \u2713 Brand: COMLINE \u2713 \u00cen stoc \u2713 Livrare 24h \u2713 Garan\u021bie!","breadcrumb":{"@id":"https:\/\/autorival.ro\/fiat\/product\/disc-frana-fiat-500x-334_-1-4-4x4-334axf22-benzina-170-cai-comline-adc2842v\/#breadcrumb"},"inLanguage":"en-US","potentialAction":[{"@type":"ReadAction","target":["https:\/\/autorival.ro\/fiat\/product\/disc-frana-fiat-500x-334_-1-4-4x4-334axf22-benzina-170-cai-comline-adc2842v\/"]}]},{"@type":"ImageObject","inLanguage":"en-US","@id":"https:\/\/autorival.ro\/fiat\/product\/disc-frana-fiat-500x-334_-1-4-4x4-334axf22-benzina-170-cai-comline-adc2842v\/#primaryimage","url":"https:\/\/autorival.ro\/fiat\/wp-content\/uploads\/sites\/9\/2025\/05\/adc2842v_1137679.jpg","contentUrl":"https:\/\/autorival.ro\/fiat\/wp-content\/uploads\/sites\/9\/2025\/05\/adc2842v_1137679.jpg","width":600,"height":400,"caption":"Disc frana FIAT 500X (334_) 1.4 4x4 (334AXF22) benzina 163 cai COMLINE ADC2842V"},{"@type":"BreadcrumbList","@id":"https:\/\/autorival.ro\/fiat\/product\/disc-frana-fiat-500x-334_-1-4-4x4-334axf22-benzina-170-cai-comline-adc2842v\/#breadcrumb","itemListElement":[{"@type":"ListItem","position":1,"name":"Prima pagin\u0103","item":"https:\/\/autorival.ro\/fiat\/"},{"@type":"ListItem","position":2,"name":"Piese auto FIAT","item":"https:\/\/autorival.ro\/fiat\/"},{"@type":"ListItem","position":3,"name":"Disc frana FIAT 500X (334_) 1.4 4&#215;4 (334AXF22) benzina 170 cai COMLINE ADC2842V"}]},{"@type":"WebSite","@id":"https:\/\/autorival.ro\/fiat\/#website","url":"https:\/\/autorival.ro\/fiat\/","name":"FIAT","description":"","potentialAction":[{"@type":"SearchAction","target":{"@type":"EntryPoint","urlTemplate":"https:\/\/autorival.ro\/fiat\/?s={search_term_string}"},"query-input":{"@type":"PropertyValueSpecification","valueRequired":true,"valueName":"search_term_string"}}],"inLanguage":"en-US"}]}},"_links":{"self":[{"href":"https:\/\/autorival.ro\/fiat\/wp-json\/wp\/v2\/product\/162558","targetHints":{"allow":["GET"]}}],"collection":[{"href":"https:\/\/autorival.ro\/fiat\/wp-json\/wp\/v2\/product"}],"about":[{"href":"https:\/\/autorival.ro\/fiat\/wp-json\/wp\/v2\/types\/product"}],"replies":[{"embeddable":true,"href":"https:\/\/autorival.ro\/fiat\/wp-json\/wp\/v2\/comments?post=162558"}],"wp:featuredmedia":[{"embeddable":true,"href":"https:\/\/autorival.ro\/fiat\/wp-json\/wp\/v2\/media\/162513"}],"wp:attachment":[{"href":"https:\/\/autorival.ro\/fiat\/wp-json\/wp\/v2\/media?parent=162558"}],"wp:term":[{"taxonomy":"product_brand","embeddable":true,"href":"https:\/\/autorival.ro\/fiat\/wp-json\/wp\/v2\/product_brand?post=162558"},{"taxonomy":"product_cat","embeddable":true,"href":"https:\/\/autorival.ro\/fiat\/wp-json\/wp\/v2\/product_cat?post=162558"},{"taxonomy":"product_tag","embeddable":true,"href":"https:\/\/autorival.ro\/fiat\/wp-json\/wp\/v2\/product_tag?post=162558"}],"curies":[{"name":"wp","href":"https:\/\/api.w.org\/{rel}","templated":true}]}}