{"id":162424,"date":"2025-05-18T09:07:40","date_gmt":"2025-05-18T09:07:40","guid":{"rendered":"https:\/\/autorival.ro\/fiat\/product\/disc-frana-fiat-500x-334_-1-3-334-axr11-benzina-150-cai-textar-92221003\/"},"modified":"2025-05-18T09:07:40","modified_gmt":"2025-05-18T09:07:40","slug":"disc-frana-fiat-500x-334_-1-3-334-axr11-benzina-150-cai-textar-92221003","status":"publish","type":"product","link":"https:\/\/autorival.ro\/fiat\/product\/disc-frana-fiat-500x-334_-1-3-334-axr11-benzina-150-cai-textar-92221003\/","title":{"rendered":"Disc frana FIAT 500X (334_) 1.3 (334.AXR11) benzina 150 cai TEXTAR 92221003"},"content":{"rendered":"<p>Partea de montare: puntea spateTip disc fr\u00e2na: plin ->Diametru exterior [mm]: 278 ->Grosime disc fr\u00e2na [mm]: 12\u00cenaltime [mm]: 43,2 ->Grosime minima [mm]: 10Suprafata: acoperit (cu un strat protector) ->Diametru interior [mm]: 139Asezare gauri \u00d8 [mm]: 110 ->Diametru de centrare [mm]: 70Asezare gauri\/numar gauri: 05\/10 ->Diametru alezaj bol\u021b roat\u0103 [mm]: 16,6Articol completare\/Info suplimentar 2: fara butuc roata, fara rulment roata, fara suruburi de fixare roata ->Lungime ambalaj [cm]: 29,3 ->Latime ambalaj [cm]: 29,3 ->Inaltime ambalaj [cm]: 10,5 ->Greutate [kg]: 4,8<\/p>\n","protected":false},"excerpt":{"rendered":"<p>Producator: TEXTAR Cod producator: 92221003<\/p>\n","protected":false},"featured_media":162309,"comment_status":"open","ping_status":"closed","template":"","meta":[],"product_brand":[5273],"product_cat":[13408],"product_tag":[38317,38367,38316,39007,38291,38328,38710],"class_list":{"0":"post-162424","1":"product","2":"type-product","3":"status-publish","4":"has-post-thumbnail","6":"product_brand-textar","7":"product_cat-disc-frana-334_-1-3-334-axr11-benzina-150","8":"product_tag-334_","9":"product_tag-1-3","10":"product_tag-500x","11":"product_tag-disc","12":"product_tag-fiat","13":"product_tag-frana","14":"product_tag-textar","16":"first","17":"instock","18":"shipping-taxable","19":"purchasable","20":"product-type-simple"},"yoast_head":"<!-- This site is optimized with the Yoast SEO plugin v27.3 - https:\/\/yoast.com\/product\/yoast-seo-wordpress\/ -->\n<title>Disc frana FIAT 500X (334_) 1.3 (334.AXR11) benzina 150 cai TEXTAR 92221003 FIAT | TEXTAR - Autorival<\/title>\n<meta name=\"description\" content=\"\u26a1 Disc frana FIAT 500X (334_) 1.3 (334.AXR11) benzina 150 cai TEXTAR 92221003 pentru FIAT la doar 246.63 RON. \u2713 Cod: 92221003 \u2713 Brand: TEXTAR \u2713 \u00cen stoc \u2713 Livrare 24h \u2713 Garan\u021bie!\" \/>\n<meta name=\"robots\" content=\"index, follow, max-snippet:-1, max-image-preview:large, max-video-preview:-1\" \/>\n<meta property=\"og:locale\" content=\"en_US\" \/>\n<meta property=\"og:type\" content=\"article\" \/>\n<meta property=\"og:title\" content=\"Disc frana FIAT 500X (334_) 1.3 (334.AXR11) benzina 150 cai TEXTAR 92221003 FIAT | TEXTAR - Autorival\" \/>\n<meta property=\"og:description\" content=\"\u26a1 Disc frana FIAT 500X (334_) 1.3 (334.AXR11) benzina 150 cai TEXTAR 92221003 pentru FIAT la doar 246.63 RON. \u2713 Cod: 92221003 \u2713 Brand: TEXTAR \u2713 \u00cen stoc \u2713 Livrare 24h \u2713 Garan\u021bie!\" \/>\n<meta property=\"og:url\" content=\"https:\/\/autorival.ro\/fiat\/product\/disc-frana-fiat-500x-334_-1-3-334-axr11-benzina-150-cai-textar-92221003\/\" \/>\n<meta property=\"og:site_name\" content=\"FIAT\" \/>\n<meta property=\"og:image\" content=\"https:\/\/autorival.ro\/fiat\/wp-content\/uploads\/sites\/9\/2025\/05\/98200_2210_0_1_tex.jpg\" \/>\n\t<meta property=\"og:image:width\" content=\"600\" \/>\n\t<meta property=\"og:image:height\" content=\"400\" \/>\n\t<meta property=\"og:image:type\" content=\"image\/jpeg\" \/>\n<meta name=\"twitter:card\" content=\"summary_large_image\" \/>\n<meta name=\"twitter:title\" content=\"Disc frana FIAT 500X (334_) 1.3 (334.AXR11) benzina 150 cai TEXTAR 92221003 FIAT | TEXTAR - Autorival\" \/>\n<meta name=\"twitter:description\" content=\"\u26a1 Disc frana FIAT 500X (334_) 1.3 (334.AXR11) benzina 150 cai TEXTAR 92221003 pentru FIAT la doar 246.63 RON. \u2713 Cod: 92221003 \u2713 Brand: TEXTAR \u2713 \u00cen stoc \u2713 Livrare 24h \u2713 Garan\u021bie!\" \/>\n<script type=\"application\/ld+json\" class=\"yoast-schema-graph\">{\"@context\":\"https:\\\/\\\/schema.org\",\"@graph\":[{\"@type\":\"WebPage\",\"@id\":\"https:\\\/\\\/autorival.ro\\\/fiat\\\/product\\\/disc-frana-fiat-500x-334_-1-3-334-axr11-benzina-150-cai-textar-92221003\\\/\",\"url\":\"https:\\\/\\\/autorival.ro\\\/fiat\\\/product\\\/disc-frana-fiat-500x-334_-1-3-334-axr11-benzina-150-cai-textar-92221003\\\/\",\"name\":\"Disc frana FIAT 500X (334_) 1.3 (334.AXR11) benzina 150 cai TEXTAR 92221003 FIAT | TEXTAR - Autorival\",\"isPartOf\":{\"@id\":\"https:\\\/\\\/autorival.ro\\\/fiat\\\/#website\"},\"primaryImageOfPage\":{\"@id\":\"https:\\\/\\\/autorival.ro\\\/fiat\\\/product\\\/disc-frana-fiat-500x-334_-1-3-334-axr11-benzina-150-cai-textar-92221003\\\/#primaryimage\"},\"image\":{\"@id\":\"https:\\\/\\\/autorival.ro\\\/fiat\\\/product\\\/disc-frana-fiat-500x-334_-1-3-334-axr11-benzina-150-cai-textar-92221003\\\/#primaryimage\"},\"thumbnailUrl\":\"https:\\\/\\\/autorival.ro\\\/fiat\\\/wp-content\\\/uploads\\\/sites\\\/9\\\/2025\\\/05\\\/98200_2210_0_1_tex.jpg\",\"datePublished\":\"2025-05-18T09:07:40+00:00\",\"description\":\"\u26a1 Disc frana FIAT 500X (334_) 1.3 (334.AXR11) benzina 150 cai TEXTAR 92221003 pentru FIAT la doar 246.63 RON. \u2713 Cod: 92221003 \u2713 Brand: TEXTAR \u2713 \u00cen stoc \u2713 Livrare 24h \u2713 Garan\u021bie!\",\"breadcrumb\":{\"@id\":\"https:\\\/\\\/autorival.ro\\\/fiat\\\/product\\\/disc-frana-fiat-500x-334_-1-3-334-axr11-benzina-150-cai-textar-92221003\\\/#breadcrumb\"},\"inLanguage\":\"en-US\",\"potentialAction\":[{\"@type\":\"ReadAction\",\"target\":[\"https:\\\/\\\/autorival.ro\\\/fiat\\\/product\\\/disc-frana-fiat-500x-334_-1-3-334-axr11-benzina-150-cai-textar-92221003\\\/\"]}]},{\"@type\":\"ImageObject\",\"inLanguage\":\"en-US\",\"@id\":\"https:\\\/\\\/autorival.ro\\\/fiat\\\/product\\\/disc-frana-fiat-500x-334_-1-3-334-axr11-benzina-150-cai-textar-92221003\\\/#primaryimage\",\"url\":\"https:\\\/\\\/autorival.ro\\\/fiat\\\/wp-content\\\/uploads\\\/sites\\\/9\\\/2025\\\/05\\\/98200_2210_0_1_tex.jpg\",\"contentUrl\":\"https:\\\/\\\/autorival.ro\\\/fiat\\\/wp-content\\\/uploads\\\/sites\\\/9\\\/2025\\\/05\\\/98200_2210_0_1_tex.jpg\",\"width\":600,\"height\":400,\"caption\":\"Disc frana FIAT 500X (334_) 1.0 (334.AXN1B) benzina 114 cai TEXTAR 92221003\"},{\"@type\":\"BreadcrumbList\",\"@id\":\"https:\\\/\\\/autorival.ro\\\/fiat\\\/product\\\/disc-frana-fiat-500x-334_-1-3-334-axr11-benzina-150-cai-textar-92221003\\\/#breadcrumb\",\"itemListElement\":[{\"@type\":\"ListItem\",\"position\":1,\"name\":\"Prima pagin\u0103\",\"item\":\"https:\\\/\\\/autorival.ro\\\/fiat\\\/\"},{\"@type\":\"ListItem\",\"position\":2,\"name\":\"Piese auto FIAT\",\"item\":\"https:\\\/\\\/autorival.ro\\\/fiat\\\/\"},{\"@type\":\"ListItem\",\"position\":3,\"name\":\"Disc frana FIAT 500X (334_) 1.3 (334.AXR11) benzina 150 cai TEXTAR 92221003\"}]},{\"@type\":\"WebSite\",\"@id\":\"https:\\\/\\\/autorival.ro\\\/fiat\\\/#website\",\"url\":\"https:\\\/\\\/autorival.ro\\\/fiat\\\/\",\"name\":\"FIAT\",\"description\":\"\",\"potentialAction\":[{\"@type\":\"SearchAction\",\"target\":{\"@type\":\"EntryPoint\",\"urlTemplate\":\"https:\\\/\\\/autorival.ro\\\/fiat\\\/?s={search_term_string}\"},\"query-input\":{\"@type\":\"PropertyValueSpecification\",\"valueRequired\":true,\"valueName\":\"search_term_string\"}}],\"inLanguage\":\"en-US\"}]}<\/script>\n<!-- \/ Yoast SEO plugin. -->","yoast_head_json":{"title":"Disc frana FIAT 500X (334_) 1.3 (334.AXR11) benzina 150 cai TEXTAR 92221003 FIAT | TEXTAR - Autorival","description":"\u26a1 Disc frana FIAT 500X (334_) 1.3 (334.AXR11) benzina 150 cai TEXTAR 92221003 pentru FIAT la doar 246.63 RON. \u2713 Cod: 92221003 \u2713 Brand: TEXTAR \u2713 \u00cen stoc \u2713 Livrare 24h \u2713 Garan\u021bie!","robots":{"index":"index","follow":"follow","max-snippet":"max-snippet:-1","max-image-preview":"max-image-preview:large","max-video-preview":"max-video-preview:-1"},"og_locale":"en_US","og_type":"article","og_title":"Disc frana FIAT 500X (334_) 1.3 (334.AXR11) benzina 150 cai TEXTAR 92221003 FIAT | TEXTAR - Autorival","og_description":"\u26a1 Disc frana FIAT 500X (334_) 1.3 (334.AXR11) benzina 150 cai TEXTAR 92221003 pentru FIAT la doar 246.63 RON. \u2713 Cod: 92221003 \u2713 Brand: TEXTAR \u2713 \u00cen stoc \u2713 Livrare 24h \u2713 Garan\u021bie!","og_url":"https:\/\/autorival.ro\/fiat\/product\/disc-frana-fiat-500x-334_-1-3-334-axr11-benzina-150-cai-textar-92221003\/","og_site_name":"FIAT","og_image":[{"width":600,"height":400,"url":"https:\/\/autorival.ro\/fiat\/wp-content\/uploads\/sites\/9\/2025\/05\/98200_2210_0_1_tex.jpg","type":"image\/jpeg"}],"twitter_card":"summary_large_image","twitter_title":"Disc frana FIAT 500X (334_) 1.3 (334.AXR11) benzina 150 cai TEXTAR 92221003 FIAT | TEXTAR - Autorival","twitter_description":"\u26a1 Disc frana FIAT 500X (334_) 1.3 (334.AXR11) benzina 150 cai TEXTAR 92221003 pentru FIAT la doar 246.63 RON. \u2713 Cod: 92221003 \u2713 Brand: TEXTAR \u2713 \u00cen stoc \u2713 Livrare 24h \u2713 Garan\u021bie!","schema":{"@context":"https:\/\/schema.org","@graph":[{"@type":"WebPage","@id":"https:\/\/autorival.ro\/fiat\/product\/disc-frana-fiat-500x-334_-1-3-334-axr11-benzina-150-cai-textar-92221003\/","url":"https:\/\/autorival.ro\/fiat\/product\/disc-frana-fiat-500x-334_-1-3-334-axr11-benzina-150-cai-textar-92221003\/","name":"Disc frana FIAT 500X (334_) 1.3 (334.AXR11) benzina 150 cai TEXTAR 92221003 FIAT | TEXTAR - Autorival","isPartOf":{"@id":"https:\/\/autorival.ro\/fiat\/#website"},"primaryImageOfPage":{"@id":"https:\/\/autorival.ro\/fiat\/product\/disc-frana-fiat-500x-334_-1-3-334-axr11-benzina-150-cai-textar-92221003\/#primaryimage"},"image":{"@id":"https:\/\/autorival.ro\/fiat\/product\/disc-frana-fiat-500x-334_-1-3-334-axr11-benzina-150-cai-textar-92221003\/#primaryimage"},"thumbnailUrl":"https:\/\/autorival.ro\/fiat\/wp-content\/uploads\/sites\/9\/2025\/05\/98200_2210_0_1_tex.jpg","datePublished":"2025-05-18T09:07:40+00:00","description":"\u26a1 Disc frana FIAT 500X (334_) 1.3 (334.AXR11) benzina 150 cai TEXTAR 92221003 pentru FIAT la doar 246.63 RON. \u2713 Cod: 92221003 \u2713 Brand: TEXTAR \u2713 \u00cen stoc \u2713 Livrare 24h \u2713 Garan\u021bie!","breadcrumb":{"@id":"https:\/\/autorival.ro\/fiat\/product\/disc-frana-fiat-500x-334_-1-3-334-axr11-benzina-150-cai-textar-92221003\/#breadcrumb"},"inLanguage":"en-US","potentialAction":[{"@type":"ReadAction","target":["https:\/\/autorival.ro\/fiat\/product\/disc-frana-fiat-500x-334_-1-3-334-axr11-benzina-150-cai-textar-92221003\/"]}]},{"@type":"ImageObject","inLanguage":"en-US","@id":"https:\/\/autorival.ro\/fiat\/product\/disc-frana-fiat-500x-334_-1-3-334-axr11-benzina-150-cai-textar-92221003\/#primaryimage","url":"https:\/\/autorival.ro\/fiat\/wp-content\/uploads\/sites\/9\/2025\/05\/98200_2210_0_1_tex.jpg","contentUrl":"https:\/\/autorival.ro\/fiat\/wp-content\/uploads\/sites\/9\/2025\/05\/98200_2210_0_1_tex.jpg","width":600,"height":400,"caption":"Disc frana FIAT 500X (334_) 1.0 (334.AXN1B) benzina 114 cai TEXTAR 92221003"},{"@type":"BreadcrumbList","@id":"https:\/\/autorival.ro\/fiat\/product\/disc-frana-fiat-500x-334_-1-3-334-axr11-benzina-150-cai-textar-92221003\/#breadcrumb","itemListElement":[{"@type":"ListItem","position":1,"name":"Prima pagin\u0103","item":"https:\/\/autorival.ro\/fiat\/"},{"@type":"ListItem","position":2,"name":"Piese auto FIAT","item":"https:\/\/autorival.ro\/fiat\/"},{"@type":"ListItem","position":3,"name":"Disc frana FIAT 500X (334_) 1.3 (334.AXR11) benzina 150 cai TEXTAR 92221003"}]},{"@type":"WebSite","@id":"https:\/\/autorival.ro\/fiat\/#website","url":"https:\/\/autorival.ro\/fiat\/","name":"FIAT","description":"","potentialAction":[{"@type":"SearchAction","target":{"@type":"EntryPoint","urlTemplate":"https:\/\/autorival.ro\/fiat\/?s={search_term_string}"},"query-input":{"@type":"PropertyValueSpecification","valueRequired":true,"valueName":"search_term_string"}}],"inLanguage":"en-US"}]}},"_links":{"self":[{"href":"https:\/\/autorival.ro\/fiat\/wp-json\/wp\/v2\/product\/162424","targetHints":{"allow":["GET"]}}],"collection":[{"href":"https:\/\/autorival.ro\/fiat\/wp-json\/wp\/v2\/product"}],"about":[{"href":"https:\/\/autorival.ro\/fiat\/wp-json\/wp\/v2\/types\/product"}],"replies":[{"embeddable":true,"href":"https:\/\/autorival.ro\/fiat\/wp-json\/wp\/v2\/comments?post=162424"}],"wp:featuredmedia":[{"embeddable":true,"href":"https:\/\/autorival.ro\/fiat\/wp-json\/wp\/v2\/media\/162309"}],"wp:attachment":[{"href":"https:\/\/autorival.ro\/fiat\/wp-json\/wp\/v2\/media?parent=162424"}],"wp:term":[{"taxonomy":"product_brand","embeddable":true,"href":"https:\/\/autorival.ro\/fiat\/wp-json\/wp\/v2\/product_brand?post=162424"},{"taxonomy":"product_cat","embeddable":true,"href":"https:\/\/autorival.ro\/fiat\/wp-json\/wp\/v2\/product_cat?post=162424"},{"taxonomy":"product_tag","embeddable":true,"href":"https:\/\/autorival.ro\/fiat\/wp-json\/wp\/v2\/product_tag?post=162424"}],"curies":[{"name":"wp","href":"https:\/\/api.w.org\/{rel}","templated":true}]}}