{"id":153707,"date":"2025-05-18T08:09:45","date_gmt":"2025-05-18T08:09:45","guid":{"rendered":"https:\/\/autorival.ro\/fiat\/product\/cupla-magnetica-climatizare-fiat-doblo-cargo-263_-1-3-d-multijet-diesel-90-cai-nrf-380096\/"},"modified":"2025-05-18T08:09:45","modified_gmt":"2025-05-18T08:09:45","slug":"cupla-magnetica-climatizare-fiat-doblo-cargo-263_-1-3-d-multijet-diesel-90-cai-nrf-380096","status":"publish","type":"product","link":"https:\/\/autorival.ro\/fiat\/product\/cupla-magnetica-climatizare-fiat-doblo-cargo-263_-1-3-d-multijet-diesel-90-cai-nrf-380096\/","title":{"rendered":"Cupla magnetica climatizare FIAT DOBLO Cargo (263_) 1.3 D Multijet diesel 90 cai NRF 380096"},"content":{"rendered":"<p>Restrictiile producatorului: GENUINE DENSOID compresor: 5SENumar de striatii: 6Fulie curea \u00d8 [mm]: 110ptr. diametru butuc roata [mm]: 35, 52\u00cen\u0103l\u021bime rulment de debreiere [mm]: 22<\/p>\n","protected":false},"excerpt":{"rendered":"<p>Producator: NRF Cod producator: 380096<\/p>\n","protected":false},"featured_media":153706,"comment_status":"open","ping_status":"closed","template":"","meta":[],"product_brand":[4270],"product_cat":[12645],"product_tag":[38896,38975,38318,38291,38976,38667],"class_list":{"0":"post-153707","1":"product","2":"type-product","3":"status-publish","4":"has-post-thumbnail","6":"product_brand-nrf","7":"product_cat-cupla-magnetica-climatizare-cargo-263_-1-3-d-multijet-diesel-90","8":"product_tag-climatizare","9":"product_tag-cupla","10":"product_tag-doblo","11":"product_tag-fiat","12":"product_tag-magnetica","13":"product_tag-nrf","15":"first","16":"instock","17":"shipping-taxable","18":"purchasable","19":"product-type-simple"},"yoast_head":"<!-- This site is optimized with the Yoast SEO plugin v27.3 - https:\/\/yoast.com\/product\/yoast-seo-wordpress\/ -->\n<title>Cupla magnetica climatizare FIAT DOBLO Cargo (263_) 1.3 D Multijet diesel 90 cai NRF 380096 FIAT | NRF - Autorival<\/title>\n<meta name=\"description\" content=\"\u26a1 Cupla magnetica climatizare FIAT DOBLO Cargo (263_) 1.3 D Multijet diesel 90 cai NRF 380096 pentru FIAT la doar 604.8 RON. \u2713 Cod: 380096 \u2713 Brand: NRF \u2713 \u00cen stoc \u2713 Livrare 24h \u2713 Garan\u021bie!\" \/>\n<meta name=\"robots\" content=\"index, follow, max-snippet:-1, max-image-preview:large, max-video-preview:-1\" \/>\n<meta property=\"og:locale\" content=\"en_US\" \/>\n<meta property=\"og:type\" content=\"article\" \/>\n<meta property=\"og:title\" content=\"Cupla magnetica climatizare FIAT DOBLO Cargo (263_) 1.3 D Multijet diesel 90 cai NRF 380096 FIAT | NRF - Autorival\" \/>\n<meta property=\"og:description\" content=\"\u26a1 Cupla magnetica climatizare FIAT DOBLO Cargo (263_) 1.3 D Multijet diesel 90 cai NRF 380096 pentru FIAT la doar 604.8 RON. \u2713 Cod: 380096 \u2713 Brand: NRF \u2713 \u00cen stoc \u2713 Livrare 24h \u2713 Garan\u021bie!\" \/>\n<meta property=\"og:url\" content=\"https:\/\/autorival.ro\/fiat\/product\/cupla-magnetica-climatizare-fiat-doblo-cargo-263_-1-3-d-multijet-diesel-90-cai-nrf-380096\/\" \/>\n<meta property=\"og:site_name\" content=\"FIAT\" \/>\n<meta property=\"og:image\" content=\"https:\/\/autorival.ro\/fiat\/wp-content\/uploads\/sites\/9\/2025\/05\/380096_1500x1000_wm_001.jpg\" \/>\n\t<meta property=\"og:image:width\" content=\"600\" \/>\n\t<meta property=\"og:image:height\" content=\"400\" \/>\n\t<meta property=\"og:image:type\" content=\"image\/jpeg\" \/>\n<meta name=\"twitter:card\" content=\"summary_large_image\" \/>\n<meta name=\"twitter:title\" content=\"Cupla magnetica climatizare FIAT DOBLO Cargo (263_) 1.3 D Multijet diesel 90 cai NRF 380096 FIAT | NRF - Autorival\" \/>\n<meta name=\"twitter:description\" content=\"\u26a1 Cupla magnetica climatizare FIAT DOBLO Cargo (263_) 1.3 D Multijet diesel 90 cai NRF 380096 pentru FIAT la doar 604.8 RON. \u2713 Cod: 380096 \u2713 Brand: NRF \u2713 \u00cen stoc \u2713 Livrare 24h \u2713 Garan\u021bie!\" \/>\n<script type=\"application\/ld+json\" class=\"yoast-schema-graph\">{\"@context\":\"https:\\\/\\\/schema.org\",\"@graph\":[{\"@type\":\"WebPage\",\"@id\":\"https:\\\/\\\/autorival.ro\\\/fiat\\\/product\\\/cupla-magnetica-climatizare-fiat-doblo-cargo-263_-1-3-d-multijet-diesel-90-cai-nrf-380096\\\/\",\"url\":\"https:\\\/\\\/autorival.ro\\\/fiat\\\/product\\\/cupla-magnetica-climatizare-fiat-doblo-cargo-263_-1-3-d-multijet-diesel-90-cai-nrf-380096\\\/\",\"name\":\"Cupla magnetica climatizare FIAT DOBLO Cargo (263_) 1.3 D Multijet diesel 90 cai NRF 380096 FIAT | NRF - Autorival\",\"isPartOf\":{\"@id\":\"https:\\\/\\\/autorival.ro\\\/fiat\\\/#website\"},\"primaryImageOfPage\":{\"@id\":\"https:\\\/\\\/autorival.ro\\\/fiat\\\/product\\\/cupla-magnetica-climatizare-fiat-doblo-cargo-263_-1-3-d-multijet-diesel-90-cai-nrf-380096\\\/#primaryimage\"},\"image\":{\"@id\":\"https:\\\/\\\/autorival.ro\\\/fiat\\\/product\\\/cupla-magnetica-climatizare-fiat-doblo-cargo-263_-1-3-d-multijet-diesel-90-cai-nrf-380096\\\/#primaryimage\"},\"thumbnailUrl\":\"https:\\\/\\\/autorival.ro\\\/fiat\\\/wp-content\\\/uploads\\\/sites\\\/9\\\/2025\\\/05\\\/380096_1500x1000_wm_001.jpg\",\"datePublished\":\"2025-05-18T08:09:45+00:00\",\"description\":\"\u26a1 Cupla magnetica climatizare FIAT DOBLO Cargo (263_) 1.3 D Multijet diesel 90 cai NRF 380096 pentru FIAT la doar 604.8 RON. \u2713 Cod: 380096 \u2713 Brand: NRF \u2713 \u00cen stoc \u2713 Livrare 24h \u2713 Garan\u021bie!\",\"breadcrumb\":{\"@id\":\"https:\\\/\\\/autorival.ro\\\/fiat\\\/product\\\/cupla-magnetica-climatizare-fiat-doblo-cargo-263_-1-3-d-multijet-diesel-90-cai-nrf-380096\\\/#breadcrumb\"},\"inLanguage\":\"en-US\",\"potentialAction\":[{\"@type\":\"ReadAction\",\"target\":[\"https:\\\/\\\/autorival.ro\\\/fiat\\\/product\\\/cupla-magnetica-climatizare-fiat-doblo-cargo-263_-1-3-d-multijet-diesel-90-cai-nrf-380096\\\/\"]}]},{\"@type\":\"ImageObject\",\"inLanguage\":\"en-US\",\"@id\":\"https:\\\/\\\/autorival.ro\\\/fiat\\\/product\\\/cupla-magnetica-climatizare-fiat-doblo-cargo-263_-1-3-d-multijet-diesel-90-cai-nrf-380096\\\/#primaryimage\",\"url\":\"https:\\\/\\\/autorival.ro\\\/fiat\\\/wp-content\\\/uploads\\\/sites\\\/9\\\/2025\\\/05\\\/380096_1500x1000_wm_001.jpg\",\"contentUrl\":\"https:\\\/\\\/autorival.ro\\\/fiat\\\/wp-content\\\/uploads\\\/sites\\\/9\\\/2025\\\/05\\\/380096_1500x1000_wm_001.jpg\",\"width\":600,\"height\":400,\"caption\":\"Cupla magnetica climatizare FIAT DOBLO Cargo (263_) 1.3 D Multijet diesel 90 cai NRF 380096\"},{\"@type\":\"BreadcrumbList\",\"@id\":\"https:\\\/\\\/autorival.ro\\\/fiat\\\/product\\\/cupla-magnetica-climatizare-fiat-doblo-cargo-263_-1-3-d-multijet-diesel-90-cai-nrf-380096\\\/#breadcrumb\",\"itemListElement\":[{\"@type\":\"ListItem\",\"position\":1,\"name\":\"Prima pagin\u0103\",\"item\":\"https:\\\/\\\/autorival.ro\\\/fiat\\\/\"},{\"@type\":\"ListItem\",\"position\":2,\"name\":\"Piese auto FIAT\",\"item\":\"https:\\\/\\\/autorival.ro\\\/fiat\\\/\"},{\"@type\":\"ListItem\",\"position\":3,\"name\":\"Cupla magnetica climatizare FIAT DOBLO Cargo (263_) 1.3 D Multijet diesel 90 cai NRF 380096\"}]},{\"@type\":\"WebSite\",\"@id\":\"https:\\\/\\\/autorival.ro\\\/fiat\\\/#website\",\"url\":\"https:\\\/\\\/autorival.ro\\\/fiat\\\/\",\"name\":\"FIAT\",\"description\":\"\",\"potentialAction\":[{\"@type\":\"SearchAction\",\"target\":{\"@type\":\"EntryPoint\",\"urlTemplate\":\"https:\\\/\\\/autorival.ro\\\/fiat\\\/?s={search_term_string}\"},\"query-input\":{\"@type\":\"PropertyValueSpecification\",\"valueRequired\":true,\"valueName\":\"search_term_string\"}}],\"inLanguage\":\"en-US\"}]}<\/script>\n<!-- \/ Yoast SEO plugin. -->","yoast_head_json":{"title":"Cupla magnetica climatizare FIAT DOBLO Cargo (263_) 1.3 D Multijet diesel 90 cai NRF 380096 FIAT | NRF - Autorival","description":"\u26a1 Cupla magnetica climatizare FIAT DOBLO Cargo (263_) 1.3 D Multijet diesel 90 cai NRF 380096 pentru FIAT la doar 604.8 RON. \u2713 Cod: 380096 \u2713 Brand: NRF \u2713 \u00cen stoc \u2713 Livrare 24h \u2713 Garan\u021bie!","robots":{"index":"index","follow":"follow","max-snippet":"max-snippet:-1","max-image-preview":"max-image-preview:large","max-video-preview":"max-video-preview:-1"},"og_locale":"en_US","og_type":"article","og_title":"Cupla magnetica climatizare FIAT DOBLO Cargo (263_) 1.3 D Multijet diesel 90 cai NRF 380096 FIAT | NRF - Autorival","og_description":"\u26a1 Cupla magnetica climatizare FIAT DOBLO Cargo (263_) 1.3 D Multijet diesel 90 cai NRF 380096 pentru FIAT la doar 604.8 RON. \u2713 Cod: 380096 \u2713 Brand: NRF \u2713 \u00cen stoc \u2713 Livrare 24h \u2713 Garan\u021bie!","og_url":"https:\/\/autorival.ro\/fiat\/product\/cupla-magnetica-climatizare-fiat-doblo-cargo-263_-1-3-d-multijet-diesel-90-cai-nrf-380096\/","og_site_name":"FIAT","og_image":[{"width":600,"height":400,"url":"https:\/\/autorival.ro\/fiat\/wp-content\/uploads\/sites\/9\/2025\/05\/380096_1500x1000_wm_001.jpg","type":"image\/jpeg"}],"twitter_card":"summary_large_image","twitter_title":"Cupla magnetica climatizare FIAT DOBLO Cargo (263_) 1.3 D Multijet diesel 90 cai NRF 380096 FIAT | NRF - Autorival","twitter_description":"\u26a1 Cupla magnetica climatizare FIAT DOBLO Cargo (263_) 1.3 D Multijet diesel 90 cai NRF 380096 pentru FIAT la doar 604.8 RON. \u2713 Cod: 380096 \u2713 Brand: NRF \u2713 \u00cen stoc \u2713 Livrare 24h \u2713 Garan\u021bie!","schema":{"@context":"https:\/\/schema.org","@graph":[{"@type":"WebPage","@id":"https:\/\/autorival.ro\/fiat\/product\/cupla-magnetica-climatizare-fiat-doblo-cargo-263_-1-3-d-multijet-diesel-90-cai-nrf-380096\/","url":"https:\/\/autorival.ro\/fiat\/product\/cupla-magnetica-climatizare-fiat-doblo-cargo-263_-1-3-d-multijet-diesel-90-cai-nrf-380096\/","name":"Cupla magnetica climatizare FIAT DOBLO Cargo (263_) 1.3 D Multijet diesel 90 cai NRF 380096 FIAT | NRF - Autorival","isPartOf":{"@id":"https:\/\/autorival.ro\/fiat\/#website"},"primaryImageOfPage":{"@id":"https:\/\/autorival.ro\/fiat\/product\/cupla-magnetica-climatizare-fiat-doblo-cargo-263_-1-3-d-multijet-diesel-90-cai-nrf-380096\/#primaryimage"},"image":{"@id":"https:\/\/autorival.ro\/fiat\/product\/cupla-magnetica-climatizare-fiat-doblo-cargo-263_-1-3-d-multijet-diesel-90-cai-nrf-380096\/#primaryimage"},"thumbnailUrl":"https:\/\/autorival.ro\/fiat\/wp-content\/uploads\/sites\/9\/2025\/05\/380096_1500x1000_wm_001.jpg","datePublished":"2025-05-18T08:09:45+00:00","description":"\u26a1 Cupla magnetica climatizare FIAT DOBLO Cargo (263_) 1.3 D Multijet diesel 90 cai NRF 380096 pentru FIAT la doar 604.8 RON. \u2713 Cod: 380096 \u2713 Brand: NRF \u2713 \u00cen stoc \u2713 Livrare 24h \u2713 Garan\u021bie!","breadcrumb":{"@id":"https:\/\/autorival.ro\/fiat\/product\/cupla-magnetica-climatizare-fiat-doblo-cargo-263_-1-3-d-multijet-diesel-90-cai-nrf-380096\/#breadcrumb"},"inLanguage":"en-US","potentialAction":[{"@type":"ReadAction","target":["https:\/\/autorival.ro\/fiat\/product\/cupla-magnetica-climatizare-fiat-doblo-cargo-263_-1-3-d-multijet-diesel-90-cai-nrf-380096\/"]}]},{"@type":"ImageObject","inLanguage":"en-US","@id":"https:\/\/autorival.ro\/fiat\/product\/cupla-magnetica-climatizare-fiat-doblo-cargo-263_-1-3-d-multijet-diesel-90-cai-nrf-380096\/#primaryimage","url":"https:\/\/autorival.ro\/fiat\/wp-content\/uploads\/sites\/9\/2025\/05\/380096_1500x1000_wm_001.jpg","contentUrl":"https:\/\/autorival.ro\/fiat\/wp-content\/uploads\/sites\/9\/2025\/05\/380096_1500x1000_wm_001.jpg","width":600,"height":400,"caption":"Cupla magnetica climatizare FIAT DOBLO Cargo (263_) 1.3 D Multijet diesel 90 cai NRF 380096"},{"@type":"BreadcrumbList","@id":"https:\/\/autorival.ro\/fiat\/product\/cupla-magnetica-climatizare-fiat-doblo-cargo-263_-1-3-d-multijet-diesel-90-cai-nrf-380096\/#breadcrumb","itemListElement":[{"@type":"ListItem","position":1,"name":"Prima pagin\u0103","item":"https:\/\/autorival.ro\/fiat\/"},{"@type":"ListItem","position":2,"name":"Piese auto FIAT","item":"https:\/\/autorival.ro\/fiat\/"},{"@type":"ListItem","position":3,"name":"Cupla magnetica climatizare FIAT DOBLO Cargo (263_) 1.3 D Multijet diesel 90 cai NRF 380096"}]},{"@type":"WebSite","@id":"https:\/\/autorival.ro\/fiat\/#website","url":"https:\/\/autorival.ro\/fiat\/","name":"FIAT","description":"","potentialAction":[{"@type":"SearchAction","target":{"@type":"EntryPoint","urlTemplate":"https:\/\/autorival.ro\/fiat\/?s={search_term_string}"},"query-input":{"@type":"PropertyValueSpecification","valueRequired":true,"valueName":"search_term_string"}}],"inLanguage":"en-US"}]}},"_links":{"self":[{"href":"https:\/\/autorival.ro\/fiat\/wp-json\/wp\/v2\/product\/153707","targetHints":{"allow":["GET"]}}],"collection":[{"href":"https:\/\/autorival.ro\/fiat\/wp-json\/wp\/v2\/product"}],"about":[{"href":"https:\/\/autorival.ro\/fiat\/wp-json\/wp\/v2\/types\/product"}],"replies":[{"embeddable":true,"href":"https:\/\/autorival.ro\/fiat\/wp-json\/wp\/v2\/comments?post=153707"}],"wp:featuredmedia":[{"embeddable":true,"href":"https:\/\/autorival.ro\/fiat\/wp-json\/wp\/v2\/media\/153706"}],"wp:attachment":[{"href":"https:\/\/autorival.ro\/fiat\/wp-json\/wp\/v2\/media?parent=153707"}],"wp:term":[{"taxonomy":"product_brand","embeddable":true,"href":"https:\/\/autorival.ro\/fiat\/wp-json\/wp\/v2\/product_brand?post=153707"},{"taxonomy":"product_cat","embeddable":true,"href":"https:\/\/autorival.ro\/fiat\/wp-json\/wp\/v2\/product_cat?post=153707"},{"taxonomy":"product_tag","embeddable":true,"href":"https:\/\/autorival.ro\/fiat\/wp-json\/wp\/v2\/product_tag?post=153707"}],"curies":[{"name":"wp","href":"https:\/\/api.w.org\/{rel}","templated":true}]}}