{"id":149372,"date":"2025-05-18T07:39:27","date_gmt":"2025-05-18T07:39:27","guid":{"rendered":"https:\/\/autorival.ro\/fiat\/product\/comutator-temperatura-ventilator-radiator-fiat-panda-caseta-hatchback-141_-1000-i-e-benzina-45-cai-hoffer-7472632\/"},"modified":"2025-05-18T07:39:27","modified_gmt":"2025-05-18T07:39:27","slug":"comutator-temperatura-ventilator-radiator-fiat-panda-caseta-hatchback-141_-1000-i-e-benzina-45-cai-hoffer-7472632","status":"publish","type":"product","link":"https:\/\/autorival.ro\/fiat\/product\/comutator-temperatura-ventilator-radiator-fiat-panda-caseta-hatchback-141_-1000-i-e-benzina-45-cai-hoffer-7472632\/","title":{"rendered":"Comutator temperatura ventilator radiator FIAT PANDA Caseta\/ Hatchback (141_) 1000 i.e benzina 45 cai HOFFER 7472632"},"content":{"rendered":"<p>Num\u0103rul conexiunilor cu muf\u0103: 2Forma carcasa stecher: ovalCuloare stecher: negruPunct decuplare [C]: 92Punct schimbare [\u00c3\u201a\u00c2\u00b0C]: 87 ->Dimensiune filet: M22x1,5Deschidere cheie: 29 mmpt. cod original (OE): 7728057, 7748867<\/p>\n","protected":false},"excerpt":{"rendered":"<p>Producator: HOFFER Cod producator: 7472632<\/p>\n","protected":false},"featured_media":149357,"comment_status":"open","ping_status":"closed","template":"","meta":[],"product_brand":[69],"product_cat":[12012],"product_tag":[38775,38291,38300,38323,38599,38942,38944],"class_list":{"0":"post-149372","1":"product","2":"type-product","3":"status-publish","4":"has-post-thumbnail","6":"product_brand-hoffer","7":"product_cat-comutator-temperatura-ventilator-radiator-caseta-hatchback-141_-1000-i-e-benzina-45","8":"product_tag-comutator","9":"product_tag-fiat","10":"product_tag-hoffer","11":"product_tag-panda","12":"product_tag-radiator","13":"product_tag-temperatura","14":"product_tag-ventilator","16":"first","17":"instock","18":"shipping-taxable","19":"purchasable","20":"product-type-simple"},"yoast_head":"<!-- This site is optimized with the Yoast SEO plugin v27.3 - https:\/\/yoast.com\/product\/yoast-seo-wordpress\/ -->\n<title>Comutator temperatura ventilator radiator FIAT PANDA Caseta\/ Hatchback (141_) 1000 i.e benzina 45 cai HOFFER 7472632 FIAT | HOFFER - Autorival<\/title>\n<meta name=\"description\" content=\"\u26a1 Comutator temperatura ventilator radiator FIAT PANDA Caseta\/ Hatchback (141_) 1000 i.e benzina 45 cai HOFFER 7472632 pentru FIAT la doar 67.2 RON. \u2713 Cod: 7472632 \u2713 Brand: HOFFER \u2713 \u00cen stoc \u2713 Livrare 24h \u2713 Garan\u021bie!\" \/>\n<meta name=\"robots\" content=\"index, follow, max-snippet:-1, max-image-preview:large, max-video-preview:-1\" \/>\n<meta property=\"og:locale\" content=\"en_US\" \/>\n<meta property=\"og:type\" content=\"article\" \/>\n<meta property=\"og:title\" content=\"Comutator temperatura ventilator radiator FIAT PANDA Caseta\/ Hatchback (141_) 1000 i.e benzina 45 cai HOFFER 7472632 FIAT | HOFFER - Autorival\" \/>\n<meta property=\"og:description\" content=\"\u26a1 Comutator temperatura ventilator radiator FIAT PANDA Caseta\/ Hatchback (141_) 1000 i.e benzina 45 cai HOFFER 7472632 pentru FIAT la doar 67.2 RON. \u2713 Cod: 7472632 \u2713 Brand: HOFFER \u2713 \u00cen stoc \u2713 Livrare 24h \u2713 Garan\u021bie!\" \/>\n<meta property=\"og:url\" content=\"https:\/\/autorival.ro\/fiat\/product\/comutator-temperatura-ventilator-radiator-fiat-panda-caseta-hatchback-141_-1000-i-e-benzina-45-cai-hoffer-7472632\/\" \/>\n<meta property=\"og:site_name\" content=\"FIAT\" \/>\n<meta property=\"og:image\" content=\"https:\/\/autorival.ro\/fiat\/wp-content\/uploads\/sites\/9\/2025\/05\/82632-5.jpg\" \/>\n\t<meta property=\"og:image:width\" content=\"399\" \/>\n\t<meta property=\"og:image:height\" content=\"399\" \/>\n\t<meta property=\"og:image:type\" content=\"image\/jpeg\" \/>\n<meta name=\"twitter:card\" content=\"summary_large_image\" \/>\n<meta name=\"twitter:title\" content=\"Comutator temperatura ventilator radiator FIAT PANDA Caseta\/ Hatchback (141_) 1000 i.e benzina 45 cai HOFFER 7472632 FIAT | HOFFER - Autorival\" \/>\n<meta name=\"twitter:description\" content=\"\u26a1 Comutator temperatura ventilator radiator FIAT PANDA Caseta\/ Hatchback (141_) 1000 i.e benzina 45 cai HOFFER 7472632 pentru FIAT la doar 67.2 RON. \u2713 Cod: 7472632 \u2713 Brand: HOFFER \u2713 \u00cen stoc \u2713 Livrare 24h \u2713 Garan\u021bie!\" \/>\n<script type=\"application\/ld+json\" class=\"yoast-schema-graph\">{\"@context\":\"https:\\\/\\\/schema.org\",\"@graph\":[{\"@type\":\"WebPage\",\"@id\":\"https:\\\/\\\/autorival.ro\\\/fiat\\\/product\\\/comutator-temperatura-ventilator-radiator-fiat-panda-caseta-hatchback-141_-1000-i-e-benzina-45-cai-hoffer-7472632\\\/\",\"url\":\"https:\\\/\\\/autorival.ro\\\/fiat\\\/product\\\/comutator-temperatura-ventilator-radiator-fiat-panda-caseta-hatchback-141_-1000-i-e-benzina-45-cai-hoffer-7472632\\\/\",\"name\":\"Comutator temperatura ventilator radiator FIAT PANDA Caseta\\\/ Hatchback (141_) 1000 i.e benzina 45 cai HOFFER 7472632 FIAT | HOFFER - Autorival\",\"isPartOf\":{\"@id\":\"https:\\\/\\\/autorival.ro\\\/fiat\\\/#website\"},\"primaryImageOfPage\":{\"@id\":\"https:\\\/\\\/autorival.ro\\\/fiat\\\/product\\\/comutator-temperatura-ventilator-radiator-fiat-panda-caseta-hatchback-141_-1000-i-e-benzina-45-cai-hoffer-7472632\\\/#primaryimage\"},\"image\":{\"@id\":\"https:\\\/\\\/autorival.ro\\\/fiat\\\/product\\\/comutator-temperatura-ventilator-radiator-fiat-panda-caseta-hatchback-141_-1000-i-e-benzina-45-cai-hoffer-7472632\\\/#primaryimage\"},\"thumbnailUrl\":\"https:\\\/\\\/autorival.ro\\\/fiat\\\/wp-content\\\/uploads\\\/sites\\\/9\\\/2025\\\/05\\\/82632-5.jpg\",\"datePublished\":\"2025-05-18T07:39:27+00:00\",\"description\":\"\u26a1 Comutator temperatura ventilator radiator FIAT PANDA Caseta\\\/ Hatchback (141_) 1000 i.e benzina 45 cai HOFFER 7472632 pentru FIAT la doar 67.2 RON. \u2713 Cod: 7472632 \u2713 Brand: HOFFER \u2713 \u00cen stoc \u2713 Livrare 24h \u2713 Garan\u021bie!\",\"breadcrumb\":{\"@id\":\"https:\\\/\\\/autorival.ro\\\/fiat\\\/product\\\/comutator-temperatura-ventilator-radiator-fiat-panda-caseta-hatchback-141_-1000-i-e-benzina-45-cai-hoffer-7472632\\\/#breadcrumb\"},\"inLanguage\":\"en-US\",\"potentialAction\":[{\"@type\":\"ReadAction\",\"target\":[\"https:\\\/\\\/autorival.ro\\\/fiat\\\/product\\\/comutator-temperatura-ventilator-radiator-fiat-panda-caseta-hatchback-141_-1000-i-e-benzina-45-cai-hoffer-7472632\\\/\"]}]},{\"@type\":\"ImageObject\",\"inLanguage\":\"en-US\",\"@id\":\"https:\\\/\\\/autorival.ro\\\/fiat\\\/product\\\/comutator-temperatura-ventilator-radiator-fiat-panda-caseta-hatchback-141_-1000-i-e-benzina-45-cai-hoffer-7472632\\\/#primaryimage\",\"url\":\"https:\\\/\\\/autorival.ro\\\/fiat\\\/wp-content\\\/uploads\\\/sites\\\/9\\\/2025\\\/05\\\/82632-5.jpg\",\"contentUrl\":\"https:\\\/\\\/autorival.ro\\\/fiat\\\/wp-content\\\/uploads\\\/sites\\\/9\\\/2025\\\/05\\\/82632-5.jpg\",\"width\":399,\"height\":399,\"caption\":\"Comutator temperatura ventilator radiator FIAT PANDA Caseta\\\/ Hatchback (141_) 1000 benzina 44 cai HOFFER 7472632\"},{\"@type\":\"BreadcrumbList\",\"@id\":\"https:\\\/\\\/autorival.ro\\\/fiat\\\/product\\\/comutator-temperatura-ventilator-radiator-fiat-panda-caseta-hatchback-141_-1000-i-e-benzina-45-cai-hoffer-7472632\\\/#breadcrumb\",\"itemListElement\":[{\"@type\":\"ListItem\",\"position\":1,\"name\":\"Prima pagin\u0103\",\"item\":\"https:\\\/\\\/autorival.ro\\\/fiat\\\/\"},{\"@type\":\"ListItem\",\"position\":2,\"name\":\"Piese auto FIAT\",\"item\":\"https:\\\/\\\/autorival.ro\\\/fiat\\\/\"},{\"@type\":\"ListItem\",\"position\":3,\"name\":\"Comutator temperatura ventilator radiator FIAT PANDA Caseta\\\/ Hatchback (141_) 1000 i.e benzina 45 cai HOFFER 7472632\"}]},{\"@type\":\"WebSite\",\"@id\":\"https:\\\/\\\/autorival.ro\\\/fiat\\\/#website\",\"url\":\"https:\\\/\\\/autorival.ro\\\/fiat\\\/\",\"name\":\"FIAT\",\"description\":\"\",\"potentialAction\":[{\"@type\":\"SearchAction\",\"target\":{\"@type\":\"EntryPoint\",\"urlTemplate\":\"https:\\\/\\\/autorival.ro\\\/fiat\\\/?s={search_term_string}\"},\"query-input\":{\"@type\":\"PropertyValueSpecification\",\"valueRequired\":true,\"valueName\":\"search_term_string\"}}],\"inLanguage\":\"en-US\"}]}<\/script>\n<!-- \/ Yoast SEO plugin. -->","yoast_head_json":{"title":"Comutator temperatura ventilator radiator FIAT PANDA Caseta\/ Hatchback (141_) 1000 i.e benzina 45 cai HOFFER 7472632 FIAT | HOFFER - Autorival","description":"\u26a1 Comutator temperatura ventilator radiator FIAT PANDA Caseta\/ Hatchback (141_) 1000 i.e benzina 45 cai HOFFER 7472632 pentru FIAT la doar 67.2 RON. \u2713 Cod: 7472632 \u2713 Brand: HOFFER \u2713 \u00cen stoc \u2713 Livrare 24h \u2713 Garan\u021bie!","robots":{"index":"index","follow":"follow","max-snippet":"max-snippet:-1","max-image-preview":"max-image-preview:large","max-video-preview":"max-video-preview:-1"},"og_locale":"en_US","og_type":"article","og_title":"Comutator temperatura ventilator radiator FIAT PANDA Caseta\/ Hatchback (141_) 1000 i.e benzina 45 cai HOFFER 7472632 FIAT | HOFFER - Autorival","og_description":"\u26a1 Comutator temperatura ventilator radiator FIAT PANDA Caseta\/ Hatchback (141_) 1000 i.e benzina 45 cai HOFFER 7472632 pentru FIAT la doar 67.2 RON. \u2713 Cod: 7472632 \u2713 Brand: HOFFER \u2713 \u00cen stoc \u2713 Livrare 24h \u2713 Garan\u021bie!","og_url":"https:\/\/autorival.ro\/fiat\/product\/comutator-temperatura-ventilator-radiator-fiat-panda-caseta-hatchback-141_-1000-i-e-benzina-45-cai-hoffer-7472632\/","og_site_name":"FIAT","og_image":[{"width":399,"height":399,"url":"https:\/\/autorival.ro\/fiat\/wp-content\/uploads\/sites\/9\/2025\/05\/82632-5.jpg","type":"image\/jpeg"}],"twitter_card":"summary_large_image","twitter_title":"Comutator temperatura ventilator radiator FIAT PANDA Caseta\/ Hatchback (141_) 1000 i.e benzina 45 cai HOFFER 7472632 FIAT | HOFFER - Autorival","twitter_description":"\u26a1 Comutator temperatura ventilator radiator FIAT PANDA Caseta\/ Hatchback (141_) 1000 i.e benzina 45 cai HOFFER 7472632 pentru FIAT la doar 67.2 RON. \u2713 Cod: 7472632 \u2713 Brand: HOFFER \u2713 \u00cen stoc \u2713 Livrare 24h \u2713 Garan\u021bie!","schema":{"@context":"https:\/\/schema.org","@graph":[{"@type":"WebPage","@id":"https:\/\/autorival.ro\/fiat\/product\/comutator-temperatura-ventilator-radiator-fiat-panda-caseta-hatchback-141_-1000-i-e-benzina-45-cai-hoffer-7472632\/","url":"https:\/\/autorival.ro\/fiat\/product\/comutator-temperatura-ventilator-radiator-fiat-panda-caseta-hatchback-141_-1000-i-e-benzina-45-cai-hoffer-7472632\/","name":"Comutator temperatura ventilator radiator FIAT PANDA Caseta\/ Hatchback (141_) 1000 i.e benzina 45 cai HOFFER 7472632 FIAT | HOFFER - Autorival","isPartOf":{"@id":"https:\/\/autorival.ro\/fiat\/#website"},"primaryImageOfPage":{"@id":"https:\/\/autorival.ro\/fiat\/product\/comutator-temperatura-ventilator-radiator-fiat-panda-caseta-hatchback-141_-1000-i-e-benzina-45-cai-hoffer-7472632\/#primaryimage"},"image":{"@id":"https:\/\/autorival.ro\/fiat\/product\/comutator-temperatura-ventilator-radiator-fiat-panda-caseta-hatchback-141_-1000-i-e-benzina-45-cai-hoffer-7472632\/#primaryimage"},"thumbnailUrl":"https:\/\/autorival.ro\/fiat\/wp-content\/uploads\/sites\/9\/2025\/05\/82632-5.jpg","datePublished":"2025-05-18T07:39:27+00:00","description":"\u26a1 Comutator temperatura ventilator radiator FIAT PANDA Caseta\/ Hatchback (141_) 1000 i.e benzina 45 cai HOFFER 7472632 pentru FIAT la doar 67.2 RON. \u2713 Cod: 7472632 \u2713 Brand: HOFFER \u2713 \u00cen stoc \u2713 Livrare 24h \u2713 Garan\u021bie!","breadcrumb":{"@id":"https:\/\/autorival.ro\/fiat\/product\/comutator-temperatura-ventilator-radiator-fiat-panda-caseta-hatchback-141_-1000-i-e-benzina-45-cai-hoffer-7472632\/#breadcrumb"},"inLanguage":"en-US","potentialAction":[{"@type":"ReadAction","target":["https:\/\/autorival.ro\/fiat\/product\/comutator-temperatura-ventilator-radiator-fiat-panda-caseta-hatchback-141_-1000-i-e-benzina-45-cai-hoffer-7472632\/"]}]},{"@type":"ImageObject","inLanguage":"en-US","@id":"https:\/\/autorival.ro\/fiat\/product\/comutator-temperatura-ventilator-radiator-fiat-panda-caseta-hatchback-141_-1000-i-e-benzina-45-cai-hoffer-7472632\/#primaryimage","url":"https:\/\/autorival.ro\/fiat\/wp-content\/uploads\/sites\/9\/2025\/05\/82632-5.jpg","contentUrl":"https:\/\/autorival.ro\/fiat\/wp-content\/uploads\/sites\/9\/2025\/05\/82632-5.jpg","width":399,"height":399,"caption":"Comutator temperatura ventilator radiator FIAT PANDA Caseta\/ Hatchback (141_) 1000 benzina 44 cai HOFFER 7472632"},{"@type":"BreadcrumbList","@id":"https:\/\/autorival.ro\/fiat\/product\/comutator-temperatura-ventilator-radiator-fiat-panda-caseta-hatchback-141_-1000-i-e-benzina-45-cai-hoffer-7472632\/#breadcrumb","itemListElement":[{"@type":"ListItem","position":1,"name":"Prima pagin\u0103","item":"https:\/\/autorival.ro\/fiat\/"},{"@type":"ListItem","position":2,"name":"Piese auto FIAT","item":"https:\/\/autorival.ro\/fiat\/"},{"@type":"ListItem","position":3,"name":"Comutator temperatura ventilator radiator FIAT PANDA Caseta\/ Hatchback (141_) 1000 i.e benzina 45 cai HOFFER 7472632"}]},{"@type":"WebSite","@id":"https:\/\/autorival.ro\/fiat\/#website","url":"https:\/\/autorival.ro\/fiat\/","name":"FIAT","description":"","potentialAction":[{"@type":"SearchAction","target":{"@type":"EntryPoint","urlTemplate":"https:\/\/autorival.ro\/fiat\/?s={search_term_string}"},"query-input":{"@type":"PropertyValueSpecification","valueRequired":true,"valueName":"search_term_string"}}],"inLanguage":"en-US"}]}},"_links":{"self":[{"href":"https:\/\/autorival.ro\/fiat\/wp-json\/wp\/v2\/product\/149372","targetHints":{"allow":["GET"]}}],"collection":[{"href":"https:\/\/autorival.ro\/fiat\/wp-json\/wp\/v2\/product"}],"about":[{"href":"https:\/\/autorival.ro\/fiat\/wp-json\/wp\/v2\/types\/product"}],"replies":[{"embeddable":true,"href":"https:\/\/autorival.ro\/fiat\/wp-json\/wp\/v2\/comments?post=149372"}],"wp:featuredmedia":[{"embeddable":true,"href":"https:\/\/autorival.ro\/fiat\/wp-json\/wp\/v2\/media\/149357"}],"wp:attachment":[{"href":"https:\/\/autorival.ro\/fiat\/wp-json\/wp\/v2\/media?parent=149372"}],"wp:term":[{"taxonomy":"product_brand","embeddable":true,"href":"https:\/\/autorival.ro\/fiat\/wp-json\/wp\/v2\/product_brand?post=149372"},{"taxonomy":"product_cat","embeddable":true,"href":"https:\/\/autorival.ro\/fiat\/wp-json\/wp\/v2\/product_cat?post=149372"},{"taxonomy":"product_tag","embeddable":true,"href":"https:\/\/autorival.ro\/fiat\/wp-json\/wp\/v2\/product_tag?post=149372"}],"curies":[{"name":"wp","href":"https:\/\/api.w.org\/{rel}","templated":true}]}}