{"id":105892,"date":"2025-05-15T14:35:15","date_gmt":"2025-05-15T14:35:15","guid":{"rendered":"https:\/\/autorival.ro\/fiat\/product\/camasa-cilindru-fiat-croma-154_-2500-td-154-ae-diesel-101-cai-goetze-engine-14-022560-00\/"},"modified":"2025-05-15T14:35:15","modified_gmt":"2025-05-15T14:35:15","slug":"camasa-cilindru-fiat-croma-154_-2500-td-154-ae-diesel-101-cai-goetze-engine-14-022560-00","status":"publish","type":"product","link":"https:\/\/autorival.ro\/fiat\/product\/camasa-cilindru-fiat-croma-154_-2500-td-154-ae-diesel-101-cai-goetze-engine-14-022560-00\/","title":{"rendered":"Camasa cilindru FIAT CROMA (154_) 2500 TD (154.AE) diesel 101 cai GOETZE ENGINE 14-022560-00"},"content":{"rendered":"<p>Numar motor TECDOC: 1058 ->Lungime [mm]: 167,300 ->Latime [mm]: 5,000Alezaj piston [mm]: 93Procesare: semi ->Diametru exterior [mm]: 96,000Buc\u00c3\u02c6\u00e2\u201e\u00a2\u0103 chiulas\u0103: fara inel de camasa ->Diametru flan\u00c3\u02c6\u00e2\u201e\u00a2\u0103 [mm]: 98,900Articol completare\/Info suplimentar 2: Bucsa chiulasa uscat<\/p>\n","protected":false},"excerpt":{"rendered":"<p>Producator: GOETZE ENGINE Cod producator: 14-022560-00<\/p>\n","protected":false},"featured_media":105884,"comment_status":"open","ping_status":"closed","template":"","meta":[],"product_brand":[7665],"product_cat":[7667],"product_tag":[38789,38790,38333,38788,38291,38787,38335],"class_list":{"0":"post-105892","1":"product","2":"type-product","3":"status-publish","4":"has-post-thumbnail","6":"product_brand-goetze-engine","7":"product_cat-camasa-cilindru-154_-2500-td-154-ae-diesel-101","8":"product_tag-camasa","9":"product_tag-cilindru","10":"product_tag-croma","11":"product_tag-engine","12":"product_tag-fiat","13":"product_tag-goetze","14":"product_tag-td","16":"first","17":"instock","18":"shipping-taxable","19":"purchasable","20":"product-type-simple"},"yoast_head":"<!-- This site is optimized with the Yoast SEO plugin v27.3 - https:\/\/yoast.com\/product\/yoast-seo-wordpress\/ -->\n<title>Camasa cilindru FIAT CROMA (154_) 2500 TD (154.AE) diesel 101 cai GOETZE ENGINE 14-022560-00 FIAT | GOETZE - Autorival<\/title>\n<meta name=\"description\" content=\"\u26a1 Camasa cilindru FIAT CROMA (154_) 2500 TD (154.AE) diesel 101 cai GOETZE ENGINE 14-022560-00 pentru FIAT la doar 203.92 RON. \u2713 Cod: 14-022560-00 \u2713 Brand: GOETZE \u2713 \u00cen stoc \u2713 Livrare 24h \u2713 Garan\u021bie!\" \/>\n<meta name=\"robots\" content=\"index, follow, max-snippet:-1, max-image-preview:large, max-video-preview:-1\" \/>\n<meta property=\"og:locale\" content=\"en_US\" \/>\n<meta property=\"og:type\" content=\"article\" \/>\n<meta property=\"og:title\" content=\"Camasa cilindru FIAT CROMA (154_) 2500 TD (154.AE) diesel 101 cai GOETZE ENGINE 14-022560-00 FIAT | GOETZE - Autorival\" \/>\n<meta property=\"og:description\" content=\"\u26a1 Camasa cilindru FIAT CROMA (154_) 2500 TD (154.AE) diesel 101 cai GOETZE ENGINE 14-022560-00 pentru FIAT la doar 203.92 RON. \u2713 Cod: 14-022560-00 \u2713 Brand: GOETZE \u2713 \u00cen stoc \u2713 Livrare 24h \u2713 Garan\u021bie!\" \/>\n<meta property=\"og:url\" content=\"https:\/\/autorival.ro\/fiat\/product\/camasa-cilindru-fiat-croma-154_-2500-td-154-ae-diesel-101-cai-goetze-engine-14-022560-00\/\" \/>\n<meta property=\"og:site_name\" content=\"FIAT\" \/>\n<meta property=\"og:image\" content=\"https:\/\/autorival.ro\/fiat\/wp-content\/uploads\/sites\/9\/2025\/05\/14-022560-00_1134919-1.jpg\" \/>\n\t<meta property=\"og:image:width\" content=\"217\" \/>\n\t<meta property=\"og:image:height\" content=\"350\" \/>\n\t<meta property=\"og:image:type\" content=\"image\/jpeg\" \/>\n<meta name=\"twitter:card\" content=\"summary_large_image\" \/>\n<meta name=\"twitter:title\" content=\"Camasa cilindru FIAT CROMA (154_) 2500 TD (154.AE) diesel 101 cai GOETZE ENGINE 14-022560-00 FIAT | GOETZE - Autorival\" \/>\n<meta name=\"twitter:description\" content=\"\u26a1 Camasa cilindru FIAT CROMA (154_) 2500 TD (154.AE) diesel 101 cai GOETZE ENGINE 14-022560-00 pentru FIAT la doar 203.92 RON. \u2713 Cod: 14-022560-00 \u2713 Brand: GOETZE \u2713 \u00cen stoc \u2713 Livrare 24h \u2713 Garan\u021bie!\" \/>\n<script type=\"application\/ld+json\" class=\"yoast-schema-graph\">{\"@context\":\"https:\\\/\\\/schema.org\",\"@graph\":[{\"@type\":\"WebPage\",\"@id\":\"https:\\\/\\\/autorival.ro\\\/fiat\\\/product\\\/camasa-cilindru-fiat-croma-154_-2500-td-154-ae-diesel-101-cai-goetze-engine-14-022560-00\\\/\",\"url\":\"https:\\\/\\\/autorival.ro\\\/fiat\\\/product\\\/camasa-cilindru-fiat-croma-154_-2500-td-154-ae-diesel-101-cai-goetze-engine-14-022560-00\\\/\",\"name\":\"Camasa cilindru FIAT CROMA (154_) 2500 TD (154.AE) diesel 101 cai GOETZE ENGINE 14-022560-00 FIAT | GOETZE - Autorival\",\"isPartOf\":{\"@id\":\"https:\\\/\\\/autorival.ro\\\/fiat\\\/#website\"},\"primaryImageOfPage\":{\"@id\":\"https:\\\/\\\/autorival.ro\\\/fiat\\\/product\\\/camasa-cilindru-fiat-croma-154_-2500-td-154-ae-diesel-101-cai-goetze-engine-14-022560-00\\\/#primaryimage\"},\"image\":{\"@id\":\"https:\\\/\\\/autorival.ro\\\/fiat\\\/product\\\/camasa-cilindru-fiat-croma-154_-2500-td-154-ae-diesel-101-cai-goetze-engine-14-022560-00\\\/#primaryimage\"},\"thumbnailUrl\":\"https:\\\/\\\/autorival.ro\\\/fiat\\\/wp-content\\\/uploads\\\/sites\\\/9\\\/2025\\\/05\\\/14-022560-00_1134919-1.jpg\",\"datePublished\":\"2025-05-15T14:35:15+00:00\",\"description\":\"\u26a1 Camasa cilindru FIAT CROMA (154_) 2500 TD (154.AE) diesel 101 cai GOETZE ENGINE 14-022560-00 pentru FIAT la doar 203.92 RON. \u2713 Cod: 14-022560-00 \u2713 Brand: GOETZE \u2713 \u00cen stoc \u2713 Livrare 24h \u2713 Garan\u021bie!\",\"breadcrumb\":{\"@id\":\"https:\\\/\\\/autorival.ro\\\/fiat\\\/product\\\/camasa-cilindru-fiat-croma-154_-2500-td-154-ae-diesel-101-cai-goetze-engine-14-022560-00\\\/#breadcrumb\"},\"inLanguage\":\"en-US\",\"potentialAction\":[{\"@type\":\"ReadAction\",\"target\":[\"https:\\\/\\\/autorival.ro\\\/fiat\\\/product\\\/camasa-cilindru-fiat-croma-154_-2500-td-154-ae-diesel-101-cai-goetze-engine-14-022560-00\\\/\"]}]},{\"@type\":\"ImageObject\",\"inLanguage\":\"en-US\",\"@id\":\"https:\\\/\\\/autorival.ro\\\/fiat\\\/product\\\/camasa-cilindru-fiat-croma-154_-2500-td-154-ae-diesel-101-cai-goetze-engine-14-022560-00\\\/#primaryimage\",\"url\":\"https:\\\/\\\/autorival.ro\\\/fiat\\\/wp-content\\\/uploads\\\/sites\\\/9\\\/2025\\\/05\\\/14-022560-00_1134919-1.jpg\",\"contentUrl\":\"https:\\\/\\\/autorival.ro\\\/fiat\\\/wp-content\\\/uploads\\\/sites\\\/9\\\/2025\\\/05\\\/14-022560-00_1134919-1.jpg\",\"width\":217,\"height\":350,\"caption\":\"Camasa cilindru FIAT CROMA (154_) 2500 D diesel 75 cai GOETZE ENGINE 14-022560-00\"},{\"@type\":\"BreadcrumbList\",\"@id\":\"https:\\\/\\\/autorival.ro\\\/fiat\\\/product\\\/camasa-cilindru-fiat-croma-154_-2500-td-154-ae-diesel-101-cai-goetze-engine-14-022560-00\\\/#breadcrumb\",\"itemListElement\":[{\"@type\":\"ListItem\",\"position\":1,\"name\":\"Prima pagin\u0103\",\"item\":\"https:\\\/\\\/autorival.ro\\\/fiat\\\/\"},{\"@type\":\"ListItem\",\"position\":2,\"name\":\"Piese auto FIAT\",\"item\":\"https:\\\/\\\/autorival.ro\\\/fiat\\\/\"},{\"@type\":\"ListItem\",\"position\":3,\"name\":\"Camasa cilindru FIAT CROMA (154_) 2500 TD (154.AE) diesel 101 cai GOETZE ENGINE 14-022560-00\"}]},{\"@type\":\"WebSite\",\"@id\":\"https:\\\/\\\/autorival.ro\\\/fiat\\\/#website\",\"url\":\"https:\\\/\\\/autorival.ro\\\/fiat\\\/\",\"name\":\"FIAT\",\"description\":\"\",\"potentialAction\":[{\"@type\":\"SearchAction\",\"target\":{\"@type\":\"EntryPoint\",\"urlTemplate\":\"https:\\\/\\\/autorival.ro\\\/fiat\\\/?s={search_term_string}\"},\"query-input\":{\"@type\":\"PropertyValueSpecification\",\"valueRequired\":true,\"valueName\":\"search_term_string\"}}],\"inLanguage\":\"en-US\"}]}<\/script>\n<!-- \/ Yoast SEO plugin. -->","yoast_head_json":{"title":"Camasa cilindru FIAT CROMA (154_) 2500 TD (154.AE) diesel 101 cai GOETZE ENGINE 14-022560-00 FIAT | GOETZE - Autorival","description":"\u26a1 Camasa cilindru FIAT CROMA (154_) 2500 TD (154.AE) diesel 101 cai GOETZE ENGINE 14-022560-00 pentru FIAT la doar 203.92 RON. \u2713 Cod: 14-022560-00 \u2713 Brand: GOETZE \u2713 \u00cen stoc \u2713 Livrare 24h \u2713 Garan\u021bie!","robots":{"index":"index","follow":"follow","max-snippet":"max-snippet:-1","max-image-preview":"max-image-preview:large","max-video-preview":"max-video-preview:-1"},"og_locale":"en_US","og_type":"article","og_title":"Camasa cilindru FIAT CROMA (154_) 2500 TD (154.AE) diesel 101 cai GOETZE ENGINE 14-022560-00 FIAT | GOETZE - Autorival","og_description":"\u26a1 Camasa cilindru FIAT CROMA (154_) 2500 TD (154.AE) diesel 101 cai GOETZE ENGINE 14-022560-00 pentru FIAT la doar 203.92 RON. \u2713 Cod: 14-022560-00 \u2713 Brand: GOETZE \u2713 \u00cen stoc \u2713 Livrare 24h \u2713 Garan\u021bie!","og_url":"https:\/\/autorival.ro\/fiat\/product\/camasa-cilindru-fiat-croma-154_-2500-td-154-ae-diesel-101-cai-goetze-engine-14-022560-00\/","og_site_name":"FIAT","og_image":[{"width":217,"height":350,"url":"https:\/\/autorival.ro\/fiat\/wp-content\/uploads\/sites\/9\/2025\/05\/14-022560-00_1134919-1.jpg","type":"image\/jpeg"}],"twitter_card":"summary_large_image","twitter_title":"Camasa cilindru FIAT CROMA (154_) 2500 TD (154.AE) diesel 101 cai GOETZE ENGINE 14-022560-00 FIAT | GOETZE - Autorival","twitter_description":"\u26a1 Camasa cilindru FIAT CROMA (154_) 2500 TD (154.AE) diesel 101 cai GOETZE ENGINE 14-022560-00 pentru FIAT la doar 203.92 RON. \u2713 Cod: 14-022560-00 \u2713 Brand: GOETZE \u2713 \u00cen stoc \u2713 Livrare 24h \u2713 Garan\u021bie!","schema":{"@context":"https:\/\/schema.org","@graph":[{"@type":"WebPage","@id":"https:\/\/autorival.ro\/fiat\/product\/camasa-cilindru-fiat-croma-154_-2500-td-154-ae-diesel-101-cai-goetze-engine-14-022560-00\/","url":"https:\/\/autorival.ro\/fiat\/product\/camasa-cilindru-fiat-croma-154_-2500-td-154-ae-diesel-101-cai-goetze-engine-14-022560-00\/","name":"Camasa cilindru FIAT CROMA (154_) 2500 TD (154.AE) diesel 101 cai GOETZE ENGINE 14-022560-00 FIAT | GOETZE - Autorival","isPartOf":{"@id":"https:\/\/autorival.ro\/fiat\/#website"},"primaryImageOfPage":{"@id":"https:\/\/autorival.ro\/fiat\/product\/camasa-cilindru-fiat-croma-154_-2500-td-154-ae-diesel-101-cai-goetze-engine-14-022560-00\/#primaryimage"},"image":{"@id":"https:\/\/autorival.ro\/fiat\/product\/camasa-cilindru-fiat-croma-154_-2500-td-154-ae-diesel-101-cai-goetze-engine-14-022560-00\/#primaryimage"},"thumbnailUrl":"https:\/\/autorival.ro\/fiat\/wp-content\/uploads\/sites\/9\/2025\/05\/14-022560-00_1134919-1.jpg","datePublished":"2025-05-15T14:35:15+00:00","description":"\u26a1 Camasa cilindru FIAT CROMA (154_) 2500 TD (154.AE) diesel 101 cai GOETZE ENGINE 14-022560-00 pentru FIAT la doar 203.92 RON. \u2713 Cod: 14-022560-00 \u2713 Brand: GOETZE \u2713 \u00cen stoc \u2713 Livrare 24h \u2713 Garan\u021bie!","breadcrumb":{"@id":"https:\/\/autorival.ro\/fiat\/product\/camasa-cilindru-fiat-croma-154_-2500-td-154-ae-diesel-101-cai-goetze-engine-14-022560-00\/#breadcrumb"},"inLanguage":"en-US","potentialAction":[{"@type":"ReadAction","target":["https:\/\/autorival.ro\/fiat\/product\/camasa-cilindru-fiat-croma-154_-2500-td-154-ae-diesel-101-cai-goetze-engine-14-022560-00\/"]}]},{"@type":"ImageObject","inLanguage":"en-US","@id":"https:\/\/autorival.ro\/fiat\/product\/camasa-cilindru-fiat-croma-154_-2500-td-154-ae-diesel-101-cai-goetze-engine-14-022560-00\/#primaryimage","url":"https:\/\/autorival.ro\/fiat\/wp-content\/uploads\/sites\/9\/2025\/05\/14-022560-00_1134919-1.jpg","contentUrl":"https:\/\/autorival.ro\/fiat\/wp-content\/uploads\/sites\/9\/2025\/05\/14-022560-00_1134919-1.jpg","width":217,"height":350,"caption":"Camasa cilindru FIAT CROMA (154_) 2500 D diesel 75 cai GOETZE ENGINE 14-022560-00"},{"@type":"BreadcrumbList","@id":"https:\/\/autorival.ro\/fiat\/product\/camasa-cilindru-fiat-croma-154_-2500-td-154-ae-diesel-101-cai-goetze-engine-14-022560-00\/#breadcrumb","itemListElement":[{"@type":"ListItem","position":1,"name":"Prima pagin\u0103","item":"https:\/\/autorival.ro\/fiat\/"},{"@type":"ListItem","position":2,"name":"Piese auto FIAT","item":"https:\/\/autorival.ro\/fiat\/"},{"@type":"ListItem","position":3,"name":"Camasa cilindru FIAT CROMA (154_) 2500 TD (154.AE) diesel 101 cai GOETZE ENGINE 14-022560-00"}]},{"@type":"WebSite","@id":"https:\/\/autorival.ro\/fiat\/#website","url":"https:\/\/autorival.ro\/fiat\/","name":"FIAT","description":"","potentialAction":[{"@type":"SearchAction","target":{"@type":"EntryPoint","urlTemplate":"https:\/\/autorival.ro\/fiat\/?s={search_term_string}"},"query-input":{"@type":"PropertyValueSpecification","valueRequired":true,"valueName":"search_term_string"}}],"inLanguage":"en-US"}]}},"_links":{"self":[{"href":"https:\/\/autorival.ro\/fiat\/wp-json\/wp\/v2\/product\/105892","targetHints":{"allow":["GET"]}}],"collection":[{"href":"https:\/\/autorival.ro\/fiat\/wp-json\/wp\/v2\/product"}],"about":[{"href":"https:\/\/autorival.ro\/fiat\/wp-json\/wp\/v2\/types\/product"}],"replies":[{"embeddable":true,"href":"https:\/\/autorival.ro\/fiat\/wp-json\/wp\/v2\/comments?post=105892"}],"wp:featuredmedia":[{"embeddable":true,"href":"https:\/\/autorival.ro\/fiat\/wp-json\/wp\/v2\/media\/105884"}],"wp:attachment":[{"href":"https:\/\/autorival.ro\/fiat\/wp-json\/wp\/v2\/media?parent=105892"}],"wp:term":[{"taxonomy":"product_brand","embeddable":true,"href":"https:\/\/autorival.ro\/fiat\/wp-json\/wp\/v2\/product_brand?post=105892"},{"taxonomy":"product_cat","embeddable":true,"href":"https:\/\/autorival.ro\/fiat\/wp-json\/wp\/v2\/product_cat?post=105892"},{"taxonomy":"product_tag","embeddable":true,"href":"https:\/\/autorival.ro\/fiat\/wp-json\/wp\/v2\/product_tag?post=105892"}],"curies":[{"name":"wp","href":"https:\/\/api.w.org\/{rel}","templated":true}]}}