{"id":952847,"date":"2026-03-31T07:43:01","date_gmt":"2026-03-31T07:43:01","guid":{"rendered":"https:\/\/autorival.ro\/dacia\/product\/bec-semnalizator-osram-2827dc-2bl-dacia-sandero-iii-999-cmc-b4d-419-benzina-67-osram-2827dc-2bl\/"},"modified":"2026-03-31T07:43:01","modified_gmt":"2026-03-31T07:43:01","slug":"bec-semnalizator-osram-2827dc-2bl-dacia-sandero-iii-999-cmc-b4d-419-benzina-67-osram-2827dc-2bl","status":"publish","type":"product","link":"https:\/\/autorival.ro\/dacia\/product\/bec-semnalizator-osram-2827dc-2bl-dacia-sandero-iii-999-cmc-b4d-419-benzina-67-osram-2827dc-2bl\/","title":{"rendered":"Bec semnalizator OSRAM 2827DC-2BL DACIA SANDERO III 999 cmc (B4D 419) benzina 67 OSRAM 2827DC-2BL"},"content":{"rendered":"<p>Bec semnalizator OSRAM 2827DC-2BL; Calitate: 2; Partea de montare: instalare lateral\u0103; Putere nominal\u0103 [W]: 5; Tensiune [V]: 12; Tip ambalaj: ambalaj blister; TIp lampa: WY5W; Variant\u0103 de execu\u021bie soclu lamp\u0103 incandescent\u0103: W2.1&#215;9.5d<\/p>\n","protected":false},"excerpt":{"rendered":"<p>Producator: OSRAM Cod: 2827DC-2BL<\/p>\n","protected":false},"featured_media":952848,"comment_status":"open","ping_status":"closed","template":"","meta":[],"product_brand":[4615],"product_cat":[5188],"product_tag":[],"class_list":{"0":"post-952847","1":"product","2":"type-product","3":"status-publish","4":"has-post-thumbnail","6":"product_brand-osram","7":"product_cat-bec-semnalizare-999-cmc-b4d-419-benzina-67-sandero-iii","9":"first","10":"instock","11":"shipping-taxable","12":"purchasable","13":"product-type-simple"},"yoast_head":"<!-- This site is optimized with the Yoast SEO plugin v27.3 - https:\/\/yoast.com\/product\/yoast-seo-wordpress\/ -->\n<title>Bec semnalizator OSRAM 2827DC-2BL DACIA SANDERO III 999 cmc (B4D 419) benzina 67 OSRAM 2827DC-2BL DACIA | OSRAM - Autorival<\/title>\n<meta name=\"description\" content=\"\u26a1 Bec semnalizator OSRAM 2827DC-2BL DACIA SANDERO III 999 cmc (B4D 419) benzina 67 OSRAM 2827DC-2BL pentru DACIA. \u2713 Cod: 2827DC-2BL \u2713 Brand: OSRAM \u2713 \u00cen stoc \u2713 Livrare 24h \u2713 Garan\u021bie!\" \/>\n<meta name=\"robots\" content=\"index, follow, max-snippet:-1, max-image-preview:large, max-video-preview:-1\" \/>\n<meta property=\"og:locale\" content=\"en_US\" \/>\n<meta property=\"og:type\" content=\"article\" \/>\n<meta property=\"og:title\" content=\"Bec semnalizator OSRAM 2827DC-2BL DACIA SANDERO III 999 cmc (B4D 419) benzina 67 OSRAM 2827DC-2BL DACIA | OSRAM - Autorival\" \/>\n<meta property=\"og:description\" content=\"\u26a1 Bec semnalizator OSRAM 2827DC-2BL DACIA SANDERO III 999 cmc (B4D 419) benzina 67 OSRAM 2827DC-2BL pentru DACIA. \u2713 Cod: 2827DC-2BL \u2713 Brand: OSRAM \u2713 \u00cen stoc \u2713 Livrare 24h \u2713 Garan\u021bie!\" \/>\n<meta property=\"og:url\" content=\"https:\/\/autorival.ro\/dacia\/product\/bec-semnalizator-osram-2827dc-2bl-dacia-sandero-iii-999-cmc-b4d-419-benzina-67-osram-2827dc-2bl\/\" \/>\n<meta property=\"og:site_name\" content=\"DACIA\" \/>\n<meta name=\"twitter:card\" content=\"summary_large_image\" \/>\n<meta name=\"twitter:title\" content=\"Bec semnalizator OSRAM 2827DC-2BL DACIA SANDERO III 999 cmc (B4D 419) benzina 67 OSRAM 2827DC-2BL DACIA | OSRAM - Autorival\" \/>\n<meta name=\"twitter:description\" content=\"\u26a1 Bec semnalizator OSRAM 2827DC-2BL DACIA SANDERO III 999 cmc (B4D 419) benzina 67 OSRAM 2827DC-2BL pentru DACIA. \u2713 Cod: 2827DC-2BL \u2713 Brand: OSRAM \u2713 \u00cen stoc \u2713 Livrare 24h \u2713 Garan\u021bie!\" \/>\n<script type=\"application\/ld+json\" class=\"yoast-schema-graph\">{\"@context\":\"https:\\\/\\\/schema.org\",\"@graph\":[{\"@type\":\"WebPage\",\"@id\":\"https:\\\/\\\/autorival.ro\\\/dacia\\\/product\\\/bec-semnalizator-osram-2827dc-2bl-dacia-sandero-iii-999-cmc-b4d-419-benzina-67-osram-2827dc-2bl\\\/\",\"url\":\"https:\\\/\\\/autorival.ro\\\/dacia\\\/product\\\/bec-semnalizator-osram-2827dc-2bl-dacia-sandero-iii-999-cmc-b4d-419-benzina-67-osram-2827dc-2bl\\\/\",\"name\":\"Bec semnalizator OSRAM 2827DC-2BL DACIA SANDERO III 999 cmc (B4D 419) benzina 67 OSRAM 2827DC-2BL DACIA | OSRAM - Autorival\",\"isPartOf\":{\"@id\":\"https:\\\/\\\/autorival.ro\\\/dacia\\\/#website\"},\"primaryImageOfPage\":{\"@id\":\"https:\\\/\\\/autorival.ro\\\/dacia\\\/product\\\/bec-semnalizator-osram-2827dc-2bl-dacia-sandero-iii-999-cmc-b4d-419-benzina-67-osram-2827dc-2bl\\\/#primaryimage\"},\"image\":{\"@id\":\"https:\\\/\\\/autorival.ro\\\/dacia\\\/product\\\/bec-semnalizator-osram-2827dc-2bl-dacia-sandero-iii-999-cmc-b4d-419-benzina-67-osram-2827dc-2bl\\\/#primaryimage\"},\"thumbnailUrl\":\"https:\\\/\\\/autorival.ro\\\/dacia\\\/wp-content\\\/uploads\\\/sites\\\/2\\\/2026\\\/03\\\/3411910_64243_s_g10595032-166.jpg\",\"datePublished\":\"2026-03-31T07:43:01+00:00\",\"description\":\"\u26a1 Bec semnalizator OSRAM 2827DC-2BL DACIA SANDERO III 999 cmc (B4D 419) benzina 67 OSRAM 2827DC-2BL pentru DACIA. \u2713 Cod: 2827DC-2BL \u2713 Brand: OSRAM \u2713 \u00cen stoc \u2713 Livrare 24h \u2713 Garan\u021bie!\",\"breadcrumb\":{\"@id\":\"https:\\\/\\\/autorival.ro\\\/dacia\\\/product\\\/bec-semnalizator-osram-2827dc-2bl-dacia-sandero-iii-999-cmc-b4d-419-benzina-67-osram-2827dc-2bl\\\/#breadcrumb\"},\"inLanguage\":\"en-US\",\"potentialAction\":[{\"@type\":\"ReadAction\",\"target\":[\"https:\\\/\\\/autorival.ro\\\/dacia\\\/product\\\/bec-semnalizator-osram-2827dc-2bl-dacia-sandero-iii-999-cmc-b4d-419-benzina-67-osram-2827dc-2bl\\\/\"]}]},{\"@type\":\"ImageObject\",\"inLanguage\":\"en-US\",\"@id\":\"https:\\\/\\\/autorival.ro\\\/dacia\\\/product\\\/bec-semnalizator-osram-2827dc-2bl-dacia-sandero-iii-999-cmc-b4d-419-benzina-67-osram-2827dc-2bl\\\/#primaryimage\",\"url\":\"https:\\\/\\\/autorival.ro\\\/dacia\\\/wp-content\\\/uploads\\\/sites\\\/2\\\/2026\\\/03\\\/3411910_64243_s_g10595032-166.jpg\",\"contentUrl\":\"https:\\\/\\\/autorival.ro\\\/dacia\\\/wp-content\\\/uploads\\\/sites\\\/2\\\/2026\\\/03\\\/3411910_64243_s_g10595032-166.jpg\",\"width\":290,\"height\":399},{\"@type\":\"BreadcrumbList\",\"@id\":\"https:\\\/\\\/autorival.ro\\\/dacia\\\/product\\\/bec-semnalizator-osram-2827dc-2bl-dacia-sandero-iii-999-cmc-b4d-419-benzina-67-osram-2827dc-2bl\\\/#breadcrumb\",\"itemListElement\":[{\"@type\":\"ListItem\",\"position\":1,\"name\":\"Prima pagin\u0103\",\"item\":\"https:\\\/\\\/autorival.ro\\\/dacia\\\/\"},{\"@type\":\"ListItem\",\"position\":2,\"name\":\"Piese auto DACIA\",\"item\":\"https:\\\/\\\/autorival.ro\\\/dacia\\\/\"},{\"@type\":\"ListItem\",\"position\":3,\"name\":\"Bec semnalizator OSRAM 2827DC-2BL DACIA SANDERO III 999 cmc (B4D 419) benzina 67 OSRAM 2827DC-2BL\"}]},{\"@type\":\"WebSite\",\"@id\":\"https:\\\/\\\/autorival.ro\\\/dacia\\\/#website\",\"url\":\"https:\\\/\\\/autorival.ro\\\/dacia\\\/\",\"name\":\"DACIA\",\"description\":\"\",\"potentialAction\":[{\"@type\":\"SearchAction\",\"target\":{\"@type\":\"EntryPoint\",\"urlTemplate\":\"https:\\\/\\\/autorival.ro\\\/dacia\\\/?s={search_term_string}\"},\"query-input\":{\"@type\":\"PropertyValueSpecification\",\"valueRequired\":true,\"valueName\":\"search_term_string\"}}],\"inLanguage\":\"en-US\"}]}<\/script>\n<!-- \/ Yoast SEO plugin. -->","yoast_head_json":{"title":"Bec semnalizator OSRAM 2827DC-2BL DACIA SANDERO III 999 cmc (B4D 419) benzina 67 OSRAM 2827DC-2BL DACIA | OSRAM - Autorival","description":"\u26a1 Bec semnalizator OSRAM 2827DC-2BL DACIA SANDERO III 999 cmc (B4D 419) benzina 67 OSRAM 2827DC-2BL pentru DACIA. \u2713 Cod: 2827DC-2BL \u2713 Brand: OSRAM \u2713 \u00cen stoc \u2713 Livrare 24h \u2713 Garan\u021bie!","robots":{"index":"index","follow":"follow","max-snippet":"max-snippet:-1","max-image-preview":"max-image-preview:large","max-video-preview":"max-video-preview:-1"},"og_locale":"en_US","og_type":"article","og_title":"Bec semnalizator OSRAM 2827DC-2BL DACIA SANDERO III 999 cmc (B4D 419) benzina 67 OSRAM 2827DC-2BL DACIA | OSRAM - Autorival","og_description":"\u26a1 Bec semnalizator OSRAM 2827DC-2BL DACIA SANDERO III 999 cmc (B4D 419) benzina 67 OSRAM 2827DC-2BL pentru DACIA. \u2713 Cod: 2827DC-2BL \u2713 Brand: OSRAM \u2713 \u00cen stoc \u2713 Livrare 24h \u2713 Garan\u021bie!","og_url":"https:\/\/autorival.ro\/dacia\/product\/bec-semnalizator-osram-2827dc-2bl-dacia-sandero-iii-999-cmc-b4d-419-benzina-67-osram-2827dc-2bl\/","og_site_name":"DACIA","twitter_card":"summary_large_image","twitter_title":"Bec semnalizator OSRAM 2827DC-2BL DACIA SANDERO III 999 cmc (B4D 419) benzina 67 OSRAM 2827DC-2BL DACIA | OSRAM - Autorival","twitter_description":"\u26a1 Bec semnalizator OSRAM 2827DC-2BL DACIA SANDERO III 999 cmc (B4D 419) benzina 67 OSRAM 2827DC-2BL pentru DACIA. \u2713 Cod: 2827DC-2BL \u2713 Brand: OSRAM \u2713 \u00cen stoc \u2713 Livrare 24h \u2713 Garan\u021bie!","schema":{"@context":"https:\/\/schema.org","@graph":[{"@type":"WebPage","@id":"https:\/\/autorival.ro\/dacia\/product\/bec-semnalizator-osram-2827dc-2bl-dacia-sandero-iii-999-cmc-b4d-419-benzina-67-osram-2827dc-2bl\/","url":"https:\/\/autorival.ro\/dacia\/product\/bec-semnalizator-osram-2827dc-2bl-dacia-sandero-iii-999-cmc-b4d-419-benzina-67-osram-2827dc-2bl\/","name":"Bec semnalizator OSRAM 2827DC-2BL DACIA SANDERO III 999 cmc (B4D 419) benzina 67 OSRAM 2827DC-2BL DACIA | OSRAM - Autorival","isPartOf":{"@id":"https:\/\/autorival.ro\/dacia\/#website"},"primaryImageOfPage":{"@id":"https:\/\/autorival.ro\/dacia\/product\/bec-semnalizator-osram-2827dc-2bl-dacia-sandero-iii-999-cmc-b4d-419-benzina-67-osram-2827dc-2bl\/#primaryimage"},"image":{"@id":"https:\/\/autorival.ro\/dacia\/product\/bec-semnalizator-osram-2827dc-2bl-dacia-sandero-iii-999-cmc-b4d-419-benzina-67-osram-2827dc-2bl\/#primaryimage"},"thumbnailUrl":"https:\/\/autorival.ro\/dacia\/wp-content\/uploads\/sites\/2\/2026\/03\/3411910_64243_s_g10595032-166.jpg","datePublished":"2026-03-31T07:43:01+00:00","description":"\u26a1 Bec semnalizator OSRAM 2827DC-2BL DACIA SANDERO III 999 cmc (B4D 419) benzina 67 OSRAM 2827DC-2BL pentru DACIA. \u2713 Cod: 2827DC-2BL \u2713 Brand: OSRAM \u2713 \u00cen stoc \u2713 Livrare 24h \u2713 Garan\u021bie!","breadcrumb":{"@id":"https:\/\/autorival.ro\/dacia\/product\/bec-semnalizator-osram-2827dc-2bl-dacia-sandero-iii-999-cmc-b4d-419-benzina-67-osram-2827dc-2bl\/#breadcrumb"},"inLanguage":"en-US","potentialAction":[{"@type":"ReadAction","target":["https:\/\/autorival.ro\/dacia\/product\/bec-semnalizator-osram-2827dc-2bl-dacia-sandero-iii-999-cmc-b4d-419-benzina-67-osram-2827dc-2bl\/"]}]},{"@type":"ImageObject","inLanguage":"en-US","@id":"https:\/\/autorival.ro\/dacia\/product\/bec-semnalizator-osram-2827dc-2bl-dacia-sandero-iii-999-cmc-b4d-419-benzina-67-osram-2827dc-2bl\/#primaryimage","url":"https:\/\/autorival.ro\/dacia\/wp-content\/uploads\/sites\/2\/2026\/03\/3411910_64243_s_g10595032-166.jpg","contentUrl":"https:\/\/autorival.ro\/dacia\/wp-content\/uploads\/sites\/2\/2026\/03\/3411910_64243_s_g10595032-166.jpg","width":290,"height":399},{"@type":"BreadcrumbList","@id":"https:\/\/autorival.ro\/dacia\/product\/bec-semnalizator-osram-2827dc-2bl-dacia-sandero-iii-999-cmc-b4d-419-benzina-67-osram-2827dc-2bl\/#breadcrumb","itemListElement":[{"@type":"ListItem","position":1,"name":"Prima pagin\u0103","item":"https:\/\/autorival.ro\/dacia\/"},{"@type":"ListItem","position":2,"name":"Piese auto DACIA","item":"https:\/\/autorival.ro\/dacia\/"},{"@type":"ListItem","position":3,"name":"Bec semnalizator OSRAM 2827DC-2BL DACIA SANDERO III 999 cmc (B4D 419) benzina 67 OSRAM 2827DC-2BL"}]},{"@type":"WebSite","@id":"https:\/\/autorival.ro\/dacia\/#website","url":"https:\/\/autorival.ro\/dacia\/","name":"DACIA","description":"","potentialAction":[{"@type":"SearchAction","target":{"@type":"EntryPoint","urlTemplate":"https:\/\/autorival.ro\/dacia\/?s={search_term_string}"},"query-input":{"@type":"PropertyValueSpecification","valueRequired":true,"valueName":"search_term_string"}}],"inLanguage":"en-US"}]}},"_links":{"self":[{"href":"https:\/\/autorival.ro\/dacia\/wp-json\/wp\/v2\/product\/952847","targetHints":{"allow":["GET"]}}],"collection":[{"href":"https:\/\/autorival.ro\/dacia\/wp-json\/wp\/v2\/product"}],"about":[{"href":"https:\/\/autorival.ro\/dacia\/wp-json\/wp\/v2\/types\/product"}],"replies":[{"embeddable":true,"href":"https:\/\/autorival.ro\/dacia\/wp-json\/wp\/v2\/comments?post=952847"}],"wp:featuredmedia":[{"embeddable":true,"href":"https:\/\/autorival.ro\/dacia\/wp-json\/wp\/v2\/media\/952848"}],"wp:attachment":[{"href":"https:\/\/autorival.ro\/dacia\/wp-json\/wp\/v2\/media?parent=952847"}],"wp:term":[{"taxonomy":"product_brand","embeddable":true,"href":"https:\/\/autorival.ro\/dacia\/wp-json\/wp\/v2\/product_brand?post=952847"},{"taxonomy":"product_cat","embeddable":true,"href":"https:\/\/autorival.ro\/dacia\/wp-json\/wp\/v2\/product_cat?post=952847"},{"taxonomy":"product_tag","embeddable":true,"href":"https:\/\/autorival.ro\/dacia\/wp-json\/wp\/v2\/product_tag?post=952847"}],"curies":[{"name":"wp","href":"https:\/\/api.w.org\/{rel}","templated":true}]}}