{"id":917519,"date":"2026-03-30T22:17:23","date_gmt":"2026-03-30T22:17:23","guid":{"rendered":"https:\/\/autorival.ro\/dacia\/product\/bec-semnalizator-philips-12498cp-dacia-sandero-1598-cmc-k7m-732-benzina-etanol-87-philips-12498cp\/"},"modified":"2026-03-30T22:17:23","modified_gmt":"2026-03-30T22:17:23","slug":"bec-semnalizator-philips-12498cp-dacia-sandero-1598-cmc-k7m-732-benzina-etanol-87-philips-12498cp","status":"publish","type":"product","link":"https:\/\/autorival.ro\/dacia\/product\/bec-semnalizator-philips-12498cp-dacia-sandero-1598-cmc-k7m-732-benzina-etanol-87-philips-12498cp\/","title":{"rendered":"Bec semnalizator PHILIPS 12498CP DACIA SANDERO 1,598 cmc (K7M 732) Benzina\/Etanol 87 PHILIPS 12498CP"},"content":{"rendered":"<p>Bec semnalizator PHILIPS 12498CP; Echipament vehicul: pentru vehiucle cu lampi spate LED; Partea de montare: spate; Putere nominal\u0103 [W]: 21; Tensiune [V]: 12; TIp lampa: P21W, Lamp\u0103 sferic\u0103; Variant\u0103 de execu\u021bie soclu lamp\u0103 incandescent\u0103: BA15s<\/p>\n","protected":false},"excerpt":{"rendered":"<p>Producator: PHILIPS Cod: 12498CP<\/p>\n","protected":false},"featured_media":917520,"comment_status":"open","ping_status":"closed","template":"","meta":[],"product_brand":[4389],"product_cat":[5383],"product_tag":[],"class_list":{"0":"post-917519","1":"product","2":"type-product","3":"status-publish","4":"has-post-thumbnail","6":"product_brand-philips","7":"product_cat-bec-incandescent-stopuri-1598-cmc-k7m-732-benzina-etanol-87","9":"first","10":"instock","11":"shipping-taxable","12":"purchasable","13":"product-type-simple"},"yoast_head":"<!-- This site is optimized with the Yoast SEO plugin v27.3 - https:\/\/yoast.com\/product\/yoast-seo-wordpress\/ -->\n<title>Bec semnalizator PHILIPS 12498CP DACIA SANDERO 1,598 cmc (K7M 732) Benzina\/Etanol 87 PHILIPS 12498CP DACIA | PHILIPS - Autorival<\/title>\n<meta name=\"description\" content=\"\u26a1 Bec semnalizator PHILIPS 12498CP DACIA SANDERO 1,598 cmc (K7M 732) Benzina\/Etanol 87 PHILIPS 12498CP pentru DACIA. \u2713 Cod: 12498CP \u2713 Brand: PHILIPS \u2713 \u00cen stoc \u2713 Livrare 24h \u2713 Garan\u021bie!\" \/>\n<meta name=\"robots\" content=\"index, follow, max-snippet:-1, max-image-preview:large, max-video-preview:-1\" \/>\n<meta property=\"og:locale\" content=\"en_US\" \/>\n<meta property=\"og:type\" content=\"article\" \/>\n<meta property=\"og:title\" content=\"Bec semnalizator PHILIPS 12498CP DACIA SANDERO 1,598 cmc (K7M 732) Benzina\/Etanol 87 PHILIPS 12498CP DACIA | PHILIPS - Autorival\" \/>\n<meta property=\"og:description\" content=\"\u26a1 Bec semnalizator PHILIPS 12498CP DACIA SANDERO 1,598 cmc (K7M 732) Benzina\/Etanol 87 PHILIPS 12498CP pentru DACIA. \u2713 Cod: 12498CP \u2713 Brand: PHILIPS \u2713 \u00cen stoc \u2713 Livrare 24h \u2713 Garan\u021bie!\" \/>\n<meta property=\"og:url\" content=\"https:\/\/autorival.ro\/dacia\/product\/bec-semnalizator-philips-12498cp-dacia-sandero-1598-cmc-k7m-732-benzina-etanol-87-philips-12498cp\/\" \/>\n<meta property=\"og:site_name\" content=\"DACIA\" \/>\n<meta name=\"twitter:card\" content=\"summary_large_image\" \/>\n<meta name=\"twitter:title\" content=\"Bec semnalizator PHILIPS 12498CP DACIA SANDERO 1,598 cmc (K7M 732) Benzina\/Etanol 87 PHILIPS 12498CP DACIA | PHILIPS - Autorival\" \/>\n<meta name=\"twitter:description\" content=\"\u26a1 Bec semnalizator PHILIPS 12498CP DACIA SANDERO 1,598 cmc (K7M 732) Benzina\/Etanol 87 PHILIPS 12498CP pentru DACIA. \u2713 Cod: 12498CP \u2713 Brand: PHILIPS \u2713 \u00cen stoc \u2713 Livrare 24h \u2713 Garan\u021bie!\" \/>\n<script type=\"application\/ld+json\" class=\"yoast-schema-graph\">{\"@context\":\"https:\\\/\\\/schema.org\",\"@graph\":[{\"@type\":\"WebPage\",\"@id\":\"https:\\\/\\\/autorival.ro\\\/dacia\\\/product\\\/bec-semnalizator-philips-12498cp-dacia-sandero-1598-cmc-k7m-732-benzina-etanol-87-philips-12498cp\\\/\",\"url\":\"https:\\\/\\\/autorival.ro\\\/dacia\\\/product\\\/bec-semnalizator-philips-12498cp-dacia-sandero-1598-cmc-k7m-732-benzina-etanol-87-philips-12498cp\\\/\",\"name\":\"Bec semnalizator PHILIPS 12498CP DACIA SANDERO 1,598 cmc (K7M 732) Benzina\\\/Etanol 87 PHILIPS 12498CP DACIA | PHILIPS - Autorival\",\"isPartOf\":{\"@id\":\"https:\\\/\\\/autorival.ro\\\/dacia\\\/#website\"},\"primaryImageOfPage\":{\"@id\":\"https:\\\/\\\/autorival.ro\\\/dacia\\\/product\\\/bec-semnalizator-philips-12498cp-dacia-sandero-1598-cmc-k7m-732-benzina-etanol-87-philips-12498cp\\\/#primaryimage\"},\"image\":{\"@id\":\"https:\\\/\\\/autorival.ro\\\/dacia\\\/product\\\/bec-semnalizator-philips-12498cp-dacia-sandero-1598-cmc-k7m-732-benzina-etanol-87-philips-12498cp\\\/#primaryimage\"},\"thumbnailUrl\":\"https:\\\/\\\/autorival.ro\\\/dacia\\\/wp-content\\\/uploads\\\/sites\\\/2\\\/2026\\\/03\\\/3061983_12498cp-188.jpg\",\"datePublished\":\"2026-03-30T22:17:23+00:00\",\"description\":\"\u26a1 Bec semnalizator PHILIPS 12498CP DACIA SANDERO 1,598 cmc (K7M 732) Benzina\\\/Etanol 87 PHILIPS 12498CP pentru DACIA. \u2713 Cod: 12498CP \u2713 Brand: PHILIPS \u2713 \u00cen stoc \u2713 Livrare 24h \u2713 Garan\u021bie!\",\"breadcrumb\":{\"@id\":\"https:\\\/\\\/autorival.ro\\\/dacia\\\/product\\\/bec-semnalizator-philips-12498cp-dacia-sandero-1598-cmc-k7m-732-benzina-etanol-87-philips-12498cp\\\/#breadcrumb\"},\"inLanguage\":\"en-US\",\"potentialAction\":[{\"@type\":\"ReadAction\",\"target\":[\"https:\\\/\\\/autorival.ro\\\/dacia\\\/product\\\/bec-semnalizator-philips-12498cp-dacia-sandero-1598-cmc-k7m-732-benzina-etanol-87-philips-12498cp\\\/\"]}]},{\"@type\":\"ImageObject\",\"inLanguage\":\"en-US\",\"@id\":\"https:\\\/\\\/autorival.ro\\\/dacia\\\/product\\\/bec-semnalizator-philips-12498cp-dacia-sandero-1598-cmc-k7m-732-benzina-etanol-87-philips-12498cp\\\/#primaryimage\",\"url\":\"https:\\\/\\\/autorival.ro\\\/dacia\\\/wp-content\\\/uploads\\\/sites\\\/2\\\/2026\\\/03\\\/3061983_12498cp-188.jpg\",\"contentUrl\":\"https:\\\/\\\/autorival.ro\\\/dacia\\\/wp-content\\\/uploads\\\/sites\\\/2\\\/2026\\\/03\\\/3061983_12498cp-188.jpg\",\"width\":600,\"height\":323},{\"@type\":\"BreadcrumbList\",\"@id\":\"https:\\\/\\\/autorival.ro\\\/dacia\\\/product\\\/bec-semnalizator-philips-12498cp-dacia-sandero-1598-cmc-k7m-732-benzina-etanol-87-philips-12498cp\\\/#breadcrumb\",\"itemListElement\":[{\"@type\":\"ListItem\",\"position\":1,\"name\":\"Prima pagin\u0103\",\"item\":\"https:\\\/\\\/autorival.ro\\\/dacia\\\/\"},{\"@type\":\"ListItem\",\"position\":2,\"name\":\"Piese auto DACIA\",\"item\":\"https:\\\/\\\/autorival.ro\\\/dacia\\\/\"},{\"@type\":\"ListItem\",\"position\":3,\"name\":\"Bec semnalizator PHILIPS 12498CP DACIA SANDERO 1,598 cmc (K7M 732) Benzina\\\/Etanol 87 PHILIPS 12498CP\"}]},{\"@type\":\"WebSite\",\"@id\":\"https:\\\/\\\/autorival.ro\\\/dacia\\\/#website\",\"url\":\"https:\\\/\\\/autorival.ro\\\/dacia\\\/\",\"name\":\"DACIA\",\"description\":\"\",\"potentialAction\":[{\"@type\":\"SearchAction\",\"target\":{\"@type\":\"EntryPoint\",\"urlTemplate\":\"https:\\\/\\\/autorival.ro\\\/dacia\\\/?s={search_term_string}\"},\"query-input\":{\"@type\":\"PropertyValueSpecification\",\"valueRequired\":true,\"valueName\":\"search_term_string\"}}],\"inLanguage\":\"en-US\"}]}<\/script>\n<!-- \/ Yoast SEO plugin. -->","yoast_head_json":{"title":"Bec semnalizator PHILIPS 12498CP DACIA SANDERO 1,598 cmc (K7M 732) Benzina\/Etanol 87 PHILIPS 12498CP DACIA | PHILIPS - Autorival","description":"\u26a1 Bec semnalizator PHILIPS 12498CP DACIA SANDERO 1,598 cmc (K7M 732) Benzina\/Etanol 87 PHILIPS 12498CP pentru DACIA. \u2713 Cod: 12498CP \u2713 Brand: PHILIPS \u2713 \u00cen stoc \u2713 Livrare 24h \u2713 Garan\u021bie!","robots":{"index":"index","follow":"follow","max-snippet":"max-snippet:-1","max-image-preview":"max-image-preview:large","max-video-preview":"max-video-preview:-1"},"og_locale":"en_US","og_type":"article","og_title":"Bec semnalizator PHILIPS 12498CP DACIA SANDERO 1,598 cmc (K7M 732) Benzina\/Etanol 87 PHILIPS 12498CP DACIA | PHILIPS - Autorival","og_description":"\u26a1 Bec semnalizator PHILIPS 12498CP DACIA SANDERO 1,598 cmc (K7M 732) Benzina\/Etanol 87 PHILIPS 12498CP pentru DACIA. \u2713 Cod: 12498CP \u2713 Brand: PHILIPS \u2713 \u00cen stoc \u2713 Livrare 24h \u2713 Garan\u021bie!","og_url":"https:\/\/autorival.ro\/dacia\/product\/bec-semnalizator-philips-12498cp-dacia-sandero-1598-cmc-k7m-732-benzina-etanol-87-philips-12498cp\/","og_site_name":"DACIA","twitter_card":"summary_large_image","twitter_title":"Bec semnalizator PHILIPS 12498CP DACIA SANDERO 1,598 cmc (K7M 732) Benzina\/Etanol 87 PHILIPS 12498CP DACIA | PHILIPS - Autorival","twitter_description":"\u26a1 Bec semnalizator PHILIPS 12498CP DACIA SANDERO 1,598 cmc (K7M 732) Benzina\/Etanol 87 PHILIPS 12498CP pentru DACIA. \u2713 Cod: 12498CP \u2713 Brand: PHILIPS \u2713 \u00cen stoc \u2713 Livrare 24h \u2713 Garan\u021bie!","schema":{"@context":"https:\/\/schema.org","@graph":[{"@type":"WebPage","@id":"https:\/\/autorival.ro\/dacia\/product\/bec-semnalizator-philips-12498cp-dacia-sandero-1598-cmc-k7m-732-benzina-etanol-87-philips-12498cp\/","url":"https:\/\/autorival.ro\/dacia\/product\/bec-semnalizator-philips-12498cp-dacia-sandero-1598-cmc-k7m-732-benzina-etanol-87-philips-12498cp\/","name":"Bec semnalizator PHILIPS 12498CP DACIA SANDERO 1,598 cmc (K7M 732) Benzina\/Etanol 87 PHILIPS 12498CP DACIA | PHILIPS - Autorival","isPartOf":{"@id":"https:\/\/autorival.ro\/dacia\/#website"},"primaryImageOfPage":{"@id":"https:\/\/autorival.ro\/dacia\/product\/bec-semnalizator-philips-12498cp-dacia-sandero-1598-cmc-k7m-732-benzina-etanol-87-philips-12498cp\/#primaryimage"},"image":{"@id":"https:\/\/autorival.ro\/dacia\/product\/bec-semnalizator-philips-12498cp-dacia-sandero-1598-cmc-k7m-732-benzina-etanol-87-philips-12498cp\/#primaryimage"},"thumbnailUrl":"https:\/\/autorival.ro\/dacia\/wp-content\/uploads\/sites\/2\/2026\/03\/3061983_12498cp-188.jpg","datePublished":"2026-03-30T22:17:23+00:00","description":"\u26a1 Bec semnalizator PHILIPS 12498CP DACIA SANDERO 1,598 cmc (K7M 732) Benzina\/Etanol 87 PHILIPS 12498CP pentru DACIA. \u2713 Cod: 12498CP \u2713 Brand: PHILIPS \u2713 \u00cen stoc \u2713 Livrare 24h \u2713 Garan\u021bie!","breadcrumb":{"@id":"https:\/\/autorival.ro\/dacia\/product\/bec-semnalizator-philips-12498cp-dacia-sandero-1598-cmc-k7m-732-benzina-etanol-87-philips-12498cp\/#breadcrumb"},"inLanguage":"en-US","potentialAction":[{"@type":"ReadAction","target":["https:\/\/autorival.ro\/dacia\/product\/bec-semnalizator-philips-12498cp-dacia-sandero-1598-cmc-k7m-732-benzina-etanol-87-philips-12498cp\/"]}]},{"@type":"ImageObject","inLanguage":"en-US","@id":"https:\/\/autorival.ro\/dacia\/product\/bec-semnalizator-philips-12498cp-dacia-sandero-1598-cmc-k7m-732-benzina-etanol-87-philips-12498cp\/#primaryimage","url":"https:\/\/autorival.ro\/dacia\/wp-content\/uploads\/sites\/2\/2026\/03\/3061983_12498cp-188.jpg","contentUrl":"https:\/\/autorival.ro\/dacia\/wp-content\/uploads\/sites\/2\/2026\/03\/3061983_12498cp-188.jpg","width":600,"height":323},{"@type":"BreadcrumbList","@id":"https:\/\/autorival.ro\/dacia\/product\/bec-semnalizator-philips-12498cp-dacia-sandero-1598-cmc-k7m-732-benzina-etanol-87-philips-12498cp\/#breadcrumb","itemListElement":[{"@type":"ListItem","position":1,"name":"Prima pagin\u0103","item":"https:\/\/autorival.ro\/dacia\/"},{"@type":"ListItem","position":2,"name":"Piese auto DACIA","item":"https:\/\/autorival.ro\/dacia\/"},{"@type":"ListItem","position":3,"name":"Bec semnalizator PHILIPS 12498CP DACIA SANDERO 1,598 cmc (K7M 732) Benzina\/Etanol 87 PHILIPS 12498CP"}]},{"@type":"WebSite","@id":"https:\/\/autorival.ro\/dacia\/#website","url":"https:\/\/autorival.ro\/dacia\/","name":"DACIA","description":"","potentialAction":[{"@type":"SearchAction","target":{"@type":"EntryPoint","urlTemplate":"https:\/\/autorival.ro\/dacia\/?s={search_term_string}"},"query-input":{"@type":"PropertyValueSpecification","valueRequired":true,"valueName":"search_term_string"}}],"inLanguage":"en-US"}]}},"_links":{"self":[{"href":"https:\/\/autorival.ro\/dacia\/wp-json\/wp\/v2\/product\/917519","targetHints":{"allow":["GET"]}}],"collection":[{"href":"https:\/\/autorival.ro\/dacia\/wp-json\/wp\/v2\/product"}],"about":[{"href":"https:\/\/autorival.ro\/dacia\/wp-json\/wp\/v2\/types\/product"}],"replies":[{"embeddable":true,"href":"https:\/\/autorival.ro\/dacia\/wp-json\/wp\/v2\/comments?post=917519"}],"wp:featuredmedia":[{"embeddable":true,"href":"https:\/\/autorival.ro\/dacia\/wp-json\/wp\/v2\/media\/917520"}],"wp:attachment":[{"href":"https:\/\/autorival.ro\/dacia\/wp-json\/wp\/v2\/media?parent=917519"}],"wp:term":[{"taxonomy":"product_brand","embeddable":true,"href":"https:\/\/autorival.ro\/dacia\/wp-json\/wp\/v2\/product_brand?post=917519"},{"taxonomy":"product_cat","embeddable":true,"href":"https:\/\/autorival.ro\/dacia\/wp-json\/wp\/v2\/product_cat?post=917519"},{"taxonomy":"product_tag","embeddable":true,"href":"https:\/\/autorival.ro\/dacia\/wp-json\/wp\/v2\/product_tag?post=917519"}],"curies":[{"name":"wp","href":"https:\/\/api.w.org\/{rel}","templated":true}]}}