{"id":1686094,"date":"2026-04-16T02:06:10","date_gmt":"2026-04-16T02:06:10","guid":{"rendered":"https:\/\/autorival.ro\/dacia\/produs\/ulei-motor-elf-evolution-900-sxr-5w40-volum-5-litri-sintetic-12\/"},"modified":"2026-04-16T02:06:10","modified_gmt":"2026-04-16T02:06:10","slug":"ulei-motor-elf-evolution-900-sxr-5w40-volum-5-litri-sintetic-12","status":"publish","type":"product","link":"https:\/\/autorival.ro\/dacia\/product\/ulei-motor-elf-evolution-900-sxr-5w40-volum-5-litri-sintetic-12\/","title":{"rendered":"Ulei motor ELF EVOLUTION 900 SXR 5W40, volum 5 litri, sintetic"},"content":{"rendered":"<p>Ulei de motor cu tehnologie sintetic\u0103 Elf de foarte \u00eenalt\u0103 performan\u021b\u0103  conceput pentru lubrifierea tuturor motoarelor de ma\u0219ini diesel sau pe benzin\u0103.Recomandat pentru toate motoarele diesel sau pe benzin\u0103 supraalimentate sau aspirate natural din ma\u0219ini \u0219i camionete u\u0219oare.Potrivit pentru toate tipurile de servicii  mai ales \u00een condi\u021bii foarte severe. Pentru toate tipurile de condus  \u00een special la vitez\u0103 mare.Descriere produs:Protec\u021bie excelent\u0103 a motorului  \u00een special \u00eempotriva uzurii.Asigur\u0103 un motor excep\u021bional de curat.Stabilitate termic\u0103 remarcabil\u0103 \u0219i rezisten\u021b\u0103 la oxidare  garant\u00e2nd c\u0103 uleiul nu se va degrada chiar \u0219i \u00een condi\u021bii de utilizare foarte sever\u0103.Ungerea imediat\u0103 a componentelor motorului \u00een timpul pornirilor la rece  ceea ce duce la o durat\u0103 de via\u021b\u0103 mai lung\u0103 a motorului.Performan\u021ba lubrifiantului sus\u021binut\u0103 \u00een timp pentru intervale extinse de schimbare a uleiului.Standarde \u0219i aprob\u0103riClasific\u0103ri interna\u021bionaleACEA A3\/B4API CFAPI SNAprobatOMOLOGARE MB 229.5PORSCHE A40PSA B71 2296RENAULT RN0700RENAULT RN0710VW 502.00VW 505.00\u00cendepline\u0219te cerin\u021bele deCHRYSLER MS-12991FIAT 9.55535-M2<\/p>\n","protected":false},"excerpt":{"rendered":"<p>Tip ulei: sinteticVascozitate (SAE): 5W40Cantitate (litri): 5<\/p>\n","protected":false},"featured_media":1686095,"comment_status":"open","ping_status":"closed","template":"","meta":[],"product_brand":[],"product_cat":[],"product_tag":[],"class_list":{"0":"post-1686094","1":"product","2":"type-product","3":"status-publish","4":"has-post-thumbnail","7":"first","8":"instock","9":"shipping-taxable","10":"purchasable","11":"product-type-simple"},"yoast_head":"<!-- This site is optimized with the Yoast SEO plugin v27.4 - https:\/\/yoast.com\/product\/yoast-seo-wordpress\/ -->\n<title>Ulei motor ELF EVOLUTION 900 SXR 5W40, volum 5 litri, sintetic DACIA | Original - Autorival<\/title>\n<meta name=\"description\" content=\"\u26a1 Ulei motor ELF EVOLUTION 900 SXR 5W40, volum 5 litri, sintetic pentru DACIA \u2713 \u00cen stoc \u2713 Livrare 24h \u2713 Garan\u021bie!\" \/>\n<meta name=\"robots\" content=\"index, follow, max-snippet:-1, max-image-preview:large, max-video-preview:-1\" \/>\n<meta property=\"og:locale\" content=\"en_US\" \/>\n<meta property=\"og:type\" content=\"article\" \/>\n<meta property=\"og:title\" content=\"Ulei motor ELF EVOLUTION 900 SXR 5W40, volum 5 litri, sintetic DACIA | Original - Autorival\" \/>\n<meta property=\"og:description\" content=\"\u26a1 Ulei motor ELF EVOLUTION 900 SXR 5W40, volum 5 litri, sintetic pentru DACIA \u2713 \u00cen stoc \u2713 Livrare 24h \u2713 Garan\u021bie!\" \/>\n<meta property=\"og:url\" content=\"https:\/\/autorival.ro\/dacia\/product\/ulei-motor-elf-evolution-900-sxr-5w40-volum-5-litri-sintetic-12\/\" \/>\n<meta property=\"og:site_name\" content=\"DACIA\" \/>\n<meta property=\"og:image\" content=\"https:\/\/autorival.ro\/dacia\/wp-content\/uploads\/sites\/2\/2026\/04\/84195_1-95.jpg\" \/>\n\t<meta property=\"og:image:width\" content=\"360\" \/>\n\t<meta property=\"og:image:height\" content=\"319\" \/>\n\t<meta property=\"og:image:type\" content=\"image\/jpeg\" \/>\n<meta name=\"twitter:card\" content=\"summary_large_image\" \/>\n<meta name=\"twitter:title\" content=\"Ulei motor ELF EVOLUTION 900 SXR 5W40, volum 5 litri, sintetic DACIA | Original - Autorival\" \/>\n<meta name=\"twitter:description\" content=\"\u26a1 Ulei motor ELF EVOLUTION 900 SXR 5W40, volum 5 litri, sintetic pentru DACIA \u2713 \u00cen stoc \u2713 Livrare 24h \u2713 Garan\u021bie!\" \/>\n<meta name=\"twitter:label1\" content=\"Est. reading time\" \/>\n\t<meta name=\"twitter:data1\" content=\"1 minute\" \/>\n<script type=\"application\/ld+json\" class=\"yoast-schema-graph\">{\"@context\":\"https:\\\/\\\/schema.org\",\"@graph\":[{\"@type\":\"WebPage\",\"@id\":\"https:\\\/\\\/autorival.ro\\\/dacia\\\/product\\\/ulei-motor-elf-evolution-900-sxr-5w40-volum-5-litri-sintetic-12\\\/\",\"url\":\"https:\\\/\\\/autorival.ro\\\/dacia\\\/product\\\/ulei-motor-elf-evolution-900-sxr-5w40-volum-5-litri-sintetic-12\\\/\",\"name\":\"Ulei motor ELF EVOLUTION 900 SXR 5W40, volum 5 litri, sintetic DACIA | Original - Autorival\",\"isPartOf\":{\"@id\":\"https:\\\/\\\/autorival.ro\\\/dacia\\\/#website\"},\"primaryImageOfPage\":{\"@id\":\"https:\\\/\\\/autorival.ro\\\/dacia\\\/product\\\/ulei-motor-elf-evolution-900-sxr-5w40-volum-5-litri-sintetic-12\\\/#primaryimage\"},\"image\":{\"@id\":\"https:\\\/\\\/autorival.ro\\\/dacia\\\/product\\\/ulei-motor-elf-evolution-900-sxr-5w40-volum-5-litri-sintetic-12\\\/#primaryimage\"},\"thumbnailUrl\":\"https:\\\/\\\/autorival.ro\\\/dacia\\\/wp-content\\\/uploads\\\/sites\\\/2\\\/2026\\\/04\\\/84195_1-95.jpg\",\"datePublished\":\"2026-04-16T02:06:10+00:00\",\"description\":\"\u26a1 Ulei motor ELF EVOLUTION 900 SXR 5W40, volum 5 litri, sintetic pentru DACIA \u2713 \u00cen stoc \u2713 Livrare 24h \u2713 Garan\u021bie!\",\"breadcrumb\":{\"@id\":\"https:\\\/\\\/autorival.ro\\\/dacia\\\/product\\\/ulei-motor-elf-evolution-900-sxr-5w40-volum-5-litri-sintetic-12\\\/#breadcrumb\"},\"inLanguage\":\"en-US\",\"potentialAction\":[{\"@type\":\"ReadAction\",\"target\":[\"https:\\\/\\\/autorival.ro\\\/dacia\\\/product\\\/ulei-motor-elf-evolution-900-sxr-5w40-volum-5-litri-sintetic-12\\\/\"]}]},{\"@type\":\"ImageObject\",\"inLanguage\":\"en-US\",\"@id\":\"https:\\\/\\\/autorival.ro\\\/dacia\\\/product\\\/ulei-motor-elf-evolution-900-sxr-5w40-volum-5-litri-sintetic-12\\\/#primaryimage\",\"url\":\"https:\\\/\\\/autorival.ro\\\/dacia\\\/wp-content\\\/uploads\\\/sites\\\/2\\\/2026\\\/04\\\/84195_1-95.jpg\",\"contentUrl\":\"https:\\\/\\\/autorival.ro\\\/dacia\\\/wp-content\\\/uploads\\\/sites\\\/2\\\/2026\\\/04\\\/84195_1-95.jpg\",\"width\":360,\"height\":319},{\"@type\":\"BreadcrumbList\",\"@id\":\"https:\\\/\\\/autorival.ro\\\/dacia\\\/product\\\/ulei-motor-elf-evolution-900-sxr-5w40-volum-5-litri-sintetic-12\\\/#breadcrumb\",\"itemListElement\":[{\"@type\":\"ListItem\",\"position\":1,\"name\":\"Prima pagin\u0103\",\"item\":\"https:\\\/\\\/autorival.ro\\\/dacia\\\/\"},{\"@type\":\"ListItem\",\"position\":2,\"name\":\"Piese auto DACIA\",\"item\":\"https:\\\/\\\/autorival.ro\\\/dacia\\\/\"},{\"@type\":\"ListItem\",\"position\":3,\"name\":\"Ulei motor ELF EVOLUTION 900 SXR 5W40, volum 5 litri, sintetic\"}]},{\"@type\":\"WebSite\",\"@id\":\"https:\\\/\\\/autorival.ro\\\/dacia\\\/#website\",\"url\":\"https:\\\/\\\/autorival.ro\\\/dacia\\\/\",\"name\":\"DACIA\",\"description\":\"\",\"potentialAction\":[{\"@type\":\"SearchAction\",\"target\":{\"@type\":\"EntryPoint\",\"urlTemplate\":\"https:\\\/\\\/autorival.ro\\\/dacia\\\/?s={search_term_string}\"},\"query-input\":{\"@type\":\"PropertyValueSpecification\",\"valueRequired\":true,\"valueName\":\"search_term_string\"}}],\"inLanguage\":\"en-US\"}]}<\/script>\n<!-- \/ Yoast SEO plugin. -->","yoast_head_json":{"title":"Ulei motor ELF EVOLUTION 900 SXR 5W40, volum 5 litri, sintetic DACIA | Original - Autorival","description":"\u26a1 Ulei motor ELF EVOLUTION 900 SXR 5W40, volum 5 litri, sintetic pentru DACIA \u2713 \u00cen stoc \u2713 Livrare 24h \u2713 Garan\u021bie!","robots":{"index":"index","follow":"follow","max-snippet":"max-snippet:-1","max-image-preview":"max-image-preview:large","max-video-preview":"max-video-preview:-1"},"og_locale":"en_US","og_type":"article","og_title":"Ulei motor ELF EVOLUTION 900 SXR 5W40, volum 5 litri, sintetic DACIA | Original - Autorival","og_description":"\u26a1 Ulei motor ELF EVOLUTION 900 SXR 5W40, volum 5 litri, sintetic pentru DACIA \u2713 \u00cen stoc \u2713 Livrare 24h \u2713 Garan\u021bie!","og_url":"https:\/\/autorival.ro\/dacia\/product\/ulei-motor-elf-evolution-900-sxr-5w40-volum-5-litri-sintetic-12\/","og_site_name":"DACIA","og_image":[{"width":360,"height":319,"url":"https:\/\/autorival.ro\/dacia\/wp-content\/uploads\/sites\/2\/2026\/04\/84195_1-95.jpg","type":"image\/jpeg"}],"twitter_card":"summary_large_image","twitter_title":"Ulei motor ELF EVOLUTION 900 SXR 5W40, volum 5 litri, sintetic DACIA | Original - Autorival","twitter_description":"\u26a1 Ulei motor ELF EVOLUTION 900 SXR 5W40, volum 5 litri, sintetic pentru DACIA \u2713 \u00cen stoc \u2713 Livrare 24h \u2713 Garan\u021bie!","twitter_misc":{"Est. reading time":"1 minute"},"schema":{"@context":"https:\/\/schema.org","@graph":[{"@type":"WebPage","@id":"https:\/\/autorival.ro\/dacia\/product\/ulei-motor-elf-evolution-900-sxr-5w40-volum-5-litri-sintetic-12\/","url":"https:\/\/autorival.ro\/dacia\/product\/ulei-motor-elf-evolution-900-sxr-5w40-volum-5-litri-sintetic-12\/","name":"Ulei motor ELF EVOLUTION 900 SXR 5W40, volum 5 litri, sintetic DACIA | Original - Autorival","isPartOf":{"@id":"https:\/\/autorival.ro\/dacia\/#website"},"primaryImageOfPage":{"@id":"https:\/\/autorival.ro\/dacia\/product\/ulei-motor-elf-evolution-900-sxr-5w40-volum-5-litri-sintetic-12\/#primaryimage"},"image":{"@id":"https:\/\/autorival.ro\/dacia\/product\/ulei-motor-elf-evolution-900-sxr-5w40-volum-5-litri-sintetic-12\/#primaryimage"},"thumbnailUrl":"https:\/\/autorival.ro\/dacia\/wp-content\/uploads\/sites\/2\/2026\/04\/84195_1-95.jpg","datePublished":"2026-04-16T02:06:10+00:00","description":"\u26a1 Ulei motor ELF EVOLUTION 900 SXR 5W40, volum 5 litri, sintetic pentru DACIA \u2713 \u00cen stoc \u2713 Livrare 24h \u2713 Garan\u021bie!","breadcrumb":{"@id":"https:\/\/autorival.ro\/dacia\/product\/ulei-motor-elf-evolution-900-sxr-5w40-volum-5-litri-sintetic-12\/#breadcrumb"},"inLanguage":"en-US","potentialAction":[{"@type":"ReadAction","target":["https:\/\/autorival.ro\/dacia\/product\/ulei-motor-elf-evolution-900-sxr-5w40-volum-5-litri-sintetic-12\/"]}]},{"@type":"ImageObject","inLanguage":"en-US","@id":"https:\/\/autorival.ro\/dacia\/product\/ulei-motor-elf-evolution-900-sxr-5w40-volum-5-litri-sintetic-12\/#primaryimage","url":"https:\/\/autorival.ro\/dacia\/wp-content\/uploads\/sites\/2\/2026\/04\/84195_1-95.jpg","contentUrl":"https:\/\/autorival.ro\/dacia\/wp-content\/uploads\/sites\/2\/2026\/04\/84195_1-95.jpg","width":360,"height":319},{"@type":"BreadcrumbList","@id":"https:\/\/autorival.ro\/dacia\/product\/ulei-motor-elf-evolution-900-sxr-5w40-volum-5-litri-sintetic-12\/#breadcrumb","itemListElement":[{"@type":"ListItem","position":1,"name":"Prima pagin\u0103","item":"https:\/\/autorival.ro\/dacia\/"},{"@type":"ListItem","position":2,"name":"Piese auto DACIA","item":"https:\/\/autorival.ro\/dacia\/"},{"@type":"ListItem","position":3,"name":"Ulei motor ELF EVOLUTION 900 SXR 5W40, volum 5 litri, sintetic"}]},{"@type":"WebSite","@id":"https:\/\/autorival.ro\/dacia\/#website","url":"https:\/\/autorival.ro\/dacia\/","name":"DACIA","description":"","potentialAction":[{"@type":"SearchAction","target":{"@type":"EntryPoint","urlTemplate":"https:\/\/autorival.ro\/dacia\/?s={search_term_string}"},"query-input":{"@type":"PropertyValueSpecification","valueRequired":true,"valueName":"search_term_string"}}],"inLanguage":"en-US"}]}},"_links":{"self":[{"href":"https:\/\/autorival.ro\/dacia\/wp-json\/wp\/v2\/product\/1686094","targetHints":{"allow":["GET"]}}],"collection":[{"href":"https:\/\/autorival.ro\/dacia\/wp-json\/wp\/v2\/product"}],"about":[{"href":"https:\/\/autorival.ro\/dacia\/wp-json\/wp\/v2\/types\/product"}],"replies":[{"embeddable":true,"href":"https:\/\/autorival.ro\/dacia\/wp-json\/wp\/v2\/comments?post=1686094"}],"wp:featuredmedia":[{"embeddable":true,"href":"https:\/\/autorival.ro\/dacia\/wp-json\/wp\/v2\/media\/1686095"}],"wp:attachment":[{"href":"https:\/\/autorival.ro\/dacia\/wp-json\/wp\/v2\/media?parent=1686094"}],"wp:term":[{"taxonomy":"product_brand","embeddable":true,"href":"https:\/\/autorival.ro\/dacia\/wp-json\/wp\/v2\/product_brand?post=1686094"},{"taxonomy":"product_cat","embeddable":true,"href":"https:\/\/autorival.ro\/dacia\/wp-json\/wp\/v2\/product_cat?post=1686094"},{"taxonomy":"product_tag","embeddable":true,"href":"https:\/\/autorival.ro\/dacia\/wp-json\/wp\/v2\/product_tag?post=1686094"}],"curies":[{"name":"wp","href":"https:\/\/api.w.org\/{rel}","templated":true}]}}