{"id":1551434,"date":"2026-04-09T00:18:50","date_gmt":"2026-04-09T00:18:50","guid":{"rendered":"https:\/\/autorival.ro\/dacia\/product\/disc-frana-ferodo-ddf2327c-dacia-sandero-1598-cmc-k7m-818-benzina-autogaz-gpl-84-ferodo-ddf2327c\/"},"modified":"2026-04-09T00:18:50","modified_gmt":"2026-04-09T00:18:50","slug":"disc-frana-ferodo-ddf2327c-dacia-sandero-1598-cmc-k7m-818-benzina-autogaz-gpl-84-ferodo-ddf2327c","status":"publish","type":"product","link":"https:\/\/autorival.ro\/dacia\/product\/disc-frana-ferodo-ddf2327c-dacia-sandero-1598-cmc-k7m-818-benzina-autogaz-gpl-84-ferodo-ddf2327c\/","title":{"rendered":"Disc frana FERODO DDF2327C DACIA SANDERO 1,598 cmc (K7M 818) Benzina\/Autogaz (GPL) 84 FERODO DDF2327C"},"content":{"rendered":"<p>Disc frana FERODO DDF2327C; An fabricatie de la: 202104; Aprobare: R90 homologated; Articol completare\/Info suplimentar 2: cu suruburi; Asezare gauri \u00d8 [mm]: 100; Diametru de centrare [mm]: 61; Diametru exterior [mm]: 258; Greutate [kg]: 9,6; Grosime disc fr\u00e2na [mm]: 22; Grosime minima [mm]: 19,8; Inaltime ambalaj [cm]: 11,2; \u00cenaltime [mm]: 44; Latime ambalaj [cm]: 26,7; Lungime ambalaj [cm]: 26,7; Numar articol par: FDB4907; Numar gauri: 4; Partea de montare: punte fata; Suprafata: acoperit (cu un strat protector); Tip ambalaj: Cutie; Tip disc fr\u00e2na: ventilat; Unitate de calitate: set<\/p>\n","protected":false},"excerpt":{"rendered":"<p>Producator: FERODO Cod: DDF2327C<\/p>\n","protected":false},"featured_media":1551435,"comment_status":"open","ping_status":"closed","template":"","meta":[],"product_brand":[15423],"product_cat":[19881],"product_tag":[],"class_list":{"0":"post-1551434","1":"product","2":"type-product","3":"status-publish","4":"has-post-thumbnail","6":"product_brand-ferodo","7":"product_cat-disc-frana-1598-cmc-k7m-818-benzina-autogaz-gpl-84","9":"first","10":"instock","11":"shipping-taxable","12":"purchasable","13":"product-type-simple"},"yoast_head":"<!-- This site is optimized with the Yoast SEO plugin v27.3 - https:\/\/yoast.com\/product\/yoast-seo-wordpress\/ -->\n<title>Disc frana FERODO DDF2327C DACIA SANDERO 1,598 cmc (K7M 818) Benzina\/Autogaz (GPL) 84 FERODO DDF2327C DACIA | FERODO - Autorival<\/title>\n<meta name=\"description\" content=\"\u26a1 Disc frana FERODO DDF2327C DACIA SANDERO 1,598 cmc (K7M 818) Benzina\/Autogaz (GPL) 84 FERODO DDF2327C pentru DACIA. \u2713 Cod: DDF2327C \u2713 Brand: FERODO \u2713 \u00cen stoc \u2713 Livrare 24h \u2713 Garan\u021bie!\" \/>\n<meta name=\"robots\" content=\"index, follow, max-snippet:-1, max-image-preview:large, max-video-preview:-1\" \/>\n<meta property=\"og:locale\" content=\"en_US\" \/>\n<meta property=\"og:type\" content=\"article\" \/>\n<meta property=\"og:title\" content=\"Disc frana FERODO DDF2327C DACIA SANDERO 1,598 cmc (K7M 818) Benzina\/Autogaz (GPL) 84 FERODO DDF2327C DACIA | FERODO - Autorival\" \/>\n<meta property=\"og:description\" content=\"\u26a1 Disc frana FERODO DDF2327C DACIA SANDERO 1,598 cmc (K7M 818) Benzina\/Autogaz (GPL) 84 FERODO DDF2327C pentru DACIA. \u2713 Cod: DDF2327C \u2713 Brand: FERODO \u2713 \u00cen stoc \u2713 Livrare 24h \u2713 Garan\u021bie!\" \/>\n<meta property=\"og:url\" content=\"https:\/\/autorival.ro\/dacia\/product\/disc-frana-ferodo-ddf2327c-dacia-sandero-1598-cmc-k7m-818-benzina-autogaz-gpl-84-ferodo-ddf2327c\/\" \/>\n<meta property=\"og:site_name\" content=\"DACIA\" \/>\n<meta name=\"twitter:card\" content=\"summary_large_image\" \/>\n<meta name=\"twitter:title\" content=\"Disc frana FERODO DDF2327C DACIA SANDERO 1,598 cmc (K7M 818) Benzina\/Autogaz (GPL) 84 FERODO DDF2327C DACIA | FERODO - Autorival\" \/>\n<meta name=\"twitter:description\" content=\"\u26a1 Disc frana FERODO DDF2327C DACIA SANDERO 1,598 cmc (K7M 818) Benzina\/Autogaz (GPL) 84 FERODO DDF2327C pentru DACIA. \u2713 Cod: DDF2327C \u2713 Brand: FERODO \u2713 \u00cen stoc \u2713 Livrare 24h \u2713 Garan\u021bie!\" \/>\n<script type=\"application\/ld+json\" class=\"yoast-schema-graph\">{\"@context\":\"https:\\\/\\\/schema.org\",\"@graph\":[{\"@type\":\"WebPage\",\"@id\":\"https:\\\/\\\/autorival.ro\\\/dacia\\\/product\\\/disc-frana-ferodo-ddf2327c-dacia-sandero-1598-cmc-k7m-818-benzina-autogaz-gpl-84-ferodo-ddf2327c\\\/\",\"url\":\"https:\\\/\\\/autorival.ro\\\/dacia\\\/product\\\/disc-frana-ferodo-ddf2327c-dacia-sandero-1598-cmc-k7m-818-benzina-autogaz-gpl-84-ferodo-ddf2327c\\\/\",\"name\":\"Disc frana FERODO DDF2327C DACIA SANDERO 1,598 cmc (K7M 818) Benzina\\\/Autogaz (GPL) 84 FERODO DDF2327C DACIA | FERODO - Autorival\",\"isPartOf\":{\"@id\":\"https:\\\/\\\/autorival.ro\\\/dacia\\\/#website\"},\"primaryImageOfPage\":{\"@id\":\"https:\\\/\\\/autorival.ro\\\/dacia\\\/product\\\/disc-frana-ferodo-ddf2327c-dacia-sandero-1598-cmc-k7m-818-benzina-autogaz-gpl-84-ferodo-ddf2327c\\\/#primaryimage\"},\"image\":{\"@id\":\"https:\\\/\\\/autorival.ro\\\/dacia\\\/product\\\/disc-frana-ferodo-ddf2327c-dacia-sandero-1598-cmc-k7m-818-benzina-autogaz-gpl-84-ferodo-ddf2327c\\\/#primaryimage\"},\"thumbnailUrl\":\"https:\\\/\\\/autorival.ro\\\/dacia\\\/wp-content\\\/uploads\\\/sites\\\/2\\\/2026\\\/04\\\/2287032_ddf2327c_1644751-36.jpg\",\"datePublished\":\"2026-04-09T00:18:50+00:00\",\"description\":\"\u26a1 Disc frana FERODO DDF2327C DACIA SANDERO 1,598 cmc (K7M 818) Benzina\\\/Autogaz (GPL) 84 FERODO DDF2327C pentru DACIA. \u2713 Cod: DDF2327C \u2713 Brand: FERODO \u2713 \u00cen stoc \u2713 Livrare 24h \u2713 Garan\u021bie!\",\"breadcrumb\":{\"@id\":\"https:\\\/\\\/autorival.ro\\\/dacia\\\/product\\\/disc-frana-ferodo-ddf2327c-dacia-sandero-1598-cmc-k7m-818-benzina-autogaz-gpl-84-ferodo-ddf2327c\\\/#breadcrumb\"},\"inLanguage\":\"en-US\",\"potentialAction\":[{\"@type\":\"ReadAction\",\"target\":[\"https:\\\/\\\/autorival.ro\\\/dacia\\\/product\\\/disc-frana-ferodo-ddf2327c-dacia-sandero-1598-cmc-k7m-818-benzina-autogaz-gpl-84-ferodo-ddf2327c\\\/\"]}]},{\"@type\":\"ImageObject\",\"inLanguage\":\"en-US\",\"@id\":\"https:\\\/\\\/autorival.ro\\\/dacia\\\/product\\\/disc-frana-ferodo-ddf2327c-dacia-sandero-1598-cmc-k7m-818-benzina-autogaz-gpl-84-ferodo-ddf2327c\\\/#primaryimage\",\"url\":\"https:\\\/\\\/autorival.ro\\\/dacia\\\/wp-content\\\/uploads\\\/sites\\\/2\\\/2026\\\/04\\\/2287032_ddf2327c_1644751-36.jpg\",\"contentUrl\":\"https:\\\/\\\/autorival.ro\\\/dacia\\\/wp-content\\\/uploads\\\/sites\\\/2\\\/2026\\\/04\\\/2287032_ddf2327c_1644751-36.jpg\",\"width\":405,\"height\":400},{\"@type\":\"BreadcrumbList\",\"@id\":\"https:\\\/\\\/autorival.ro\\\/dacia\\\/product\\\/disc-frana-ferodo-ddf2327c-dacia-sandero-1598-cmc-k7m-818-benzina-autogaz-gpl-84-ferodo-ddf2327c\\\/#breadcrumb\",\"itemListElement\":[{\"@type\":\"ListItem\",\"position\":1,\"name\":\"Prima pagin\u0103\",\"item\":\"https:\\\/\\\/autorival.ro\\\/dacia\\\/\"},{\"@type\":\"ListItem\",\"position\":2,\"name\":\"Piese auto DACIA\",\"item\":\"https:\\\/\\\/autorival.ro\\\/dacia\\\/\"},{\"@type\":\"ListItem\",\"position\":3,\"name\":\"Disc frana FERODO DDF2327C DACIA SANDERO 1,598 cmc (K7M 818) Benzina\\\/Autogaz (GPL) 84 FERODO DDF2327C\"}]},{\"@type\":\"WebSite\",\"@id\":\"https:\\\/\\\/autorival.ro\\\/dacia\\\/#website\",\"url\":\"https:\\\/\\\/autorival.ro\\\/dacia\\\/\",\"name\":\"DACIA\",\"description\":\"\",\"potentialAction\":[{\"@type\":\"SearchAction\",\"target\":{\"@type\":\"EntryPoint\",\"urlTemplate\":\"https:\\\/\\\/autorival.ro\\\/dacia\\\/?s={search_term_string}\"},\"query-input\":{\"@type\":\"PropertyValueSpecification\",\"valueRequired\":true,\"valueName\":\"search_term_string\"}}],\"inLanguage\":\"en-US\"}]}<\/script>\n<!-- \/ Yoast SEO plugin. -->","yoast_head_json":{"title":"Disc frana FERODO DDF2327C DACIA SANDERO 1,598 cmc (K7M 818) Benzina\/Autogaz (GPL) 84 FERODO DDF2327C DACIA | FERODO - Autorival","description":"\u26a1 Disc frana FERODO DDF2327C DACIA SANDERO 1,598 cmc (K7M 818) Benzina\/Autogaz (GPL) 84 FERODO DDF2327C pentru DACIA. \u2713 Cod: DDF2327C \u2713 Brand: FERODO \u2713 \u00cen stoc \u2713 Livrare 24h \u2713 Garan\u021bie!","robots":{"index":"index","follow":"follow","max-snippet":"max-snippet:-1","max-image-preview":"max-image-preview:large","max-video-preview":"max-video-preview:-1"},"og_locale":"en_US","og_type":"article","og_title":"Disc frana FERODO DDF2327C DACIA SANDERO 1,598 cmc (K7M 818) Benzina\/Autogaz (GPL) 84 FERODO DDF2327C DACIA | FERODO - Autorival","og_description":"\u26a1 Disc frana FERODO DDF2327C DACIA SANDERO 1,598 cmc (K7M 818) Benzina\/Autogaz (GPL) 84 FERODO DDF2327C pentru DACIA. \u2713 Cod: DDF2327C \u2713 Brand: FERODO \u2713 \u00cen stoc \u2713 Livrare 24h \u2713 Garan\u021bie!","og_url":"https:\/\/autorival.ro\/dacia\/product\/disc-frana-ferodo-ddf2327c-dacia-sandero-1598-cmc-k7m-818-benzina-autogaz-gpl-84-ferodo-ddf2327c\/","og_site_name":"DACIA","twitter_card":"summary_large_image","twitter_title":"Disc frana FERODO DDF2327C DACIA SANDERO 1,598 cmc (K7M 818) Benzina\/Autogaz (GPL) 84 FERODO DDF2327C DACIA | FERODO - Autorival","twitter_description":"\u26a1 Disc frana FERODO DDF2327C DACIA SANDERO 1,598 cmc (K7M 818) Benzina\/Autogaz (GPL) 84 FERODO DDF2327C pentru DACIA. \u2713 Cod: DDF2327C \u2713 Brand: FERODO \u2713 \u00cen stoc \u2713 Livrare 24h \u2713 Garan\u021bie!","schema":{"@context":"https:\/\/schema.org","@graph":[{"@type":"WebPage","@id":"https:\/\/autorival.ro\/dacia\/product\/disc-frana-ferodo-ddf2327c-dacia-sandero-1598-cmc-k7m-818-benzina-autogaz-gpl-84-ferodo-ddf2327c\/","url":"https:\/\/autorival.ro\/dacia\/product\/disc-frana-ferodo-ddf2327c-dacia-sandero-1598-cmc-k7m-818-benzina-autogaz-gpl-84-ferodo-ddf2327c\/","name":"Disc frana FERODO DDF2327C DACIA SANDERO 1,598 cmc (K7M 818) Benzina\/Autogaz (GPL) 84 FERODO DDF2327C DACIA | FERODO - Autorival","isPartOf":{"@id":"https:\/\/autorival.ro\/dacia\/#website"},"primaryImageOfPage":{"@id":"https:\/\/autorival.ro\/dacia\/product\/disc-frana-ferodo-ddf2327c-dacia-sandero-1598-cmc-k7m-818-benzina-autogaz-gpl-84-ferodo-ddf2327c\/#primaryimage"},"image":{"@id":"https:\/\/autorival.ro\/dacia\/product\/disc-frana-ferodo-ddf2327c-dacia-sandero-1598-cmc-k7m-818-benzina-autogaz-gpl-84-ferodo-ddf2327c\/#primaryimage"},"thumbnailUrl":"https:\/\/autorival.ro\/dacia\/wp-content\/uploads\/sites\/2\/2026\/04\/2287032_ddf2327c_1644751-36.jpg","datePublished":"2026-04-09T00:18:50+00:00","description":"\u26a1 Disc frana FERODO DDF2327C DACIA SANDERO 1,598 cmc (K7M 818) Benzina\/Autogaz (GPL) 84 FERODO DDF2327C pentru DACIA. \u2713 Cod: DDF2327C \u2713 Brand: FERODO \u2713 \u00cen stoc \u2713 Livrare 24h \u2713 Garan\u021bie!","breadcrumb":{"@id":"https:\/\/autorival.ro\/dacia\/product\/disc-frana-ferodo-ddf2327c-dacia-sandero-1598-cmc-k7m-818-benzina-autogaz-gpl-84-ferodo-ddf2327c\/#breadcrumb"},"inLanguage":"en-US","potentialAction":[{"@type":"ReadAction","target":["https:\/\/autorival.ro\/dacia\/product\/disc-frana-ferodo-ddf2327c-dacia-sandero-1598-cmc-k7m-818-benzina-autogaz-gpl-84-ferodo-ddf2327c\/"]}]},{"@type":"ImageObject","inLanguage":"en-US","@id":"https:\/\/autorival.ro\/dacia\/product\/disc-frana-ferodo-ddf2327c-dacia-sandero-1598-cmc-k7m-818-benzina-autogaz-gpl-84-ferodo-ddf2327c\/#primaryimage","url":"https:\/\/autorival.ro\/dacia\/wp-content\/uploads\/sites\/2\/2026\/04\/2287032_ddf2327c_1644751-36.jpg","contentUrl":"https:\/\/autorival.ro\/dacia\/wp-content\/uploads\/sites\/2\/2026\/04\/2287032_ddf2327c_1644751-36.jpg","width":405,"height":400},{"@type":"BreadcrumbList","@id":"https:\/\/autorival.ro\/dacia\/product\/disc-frana-ferodo-ddf2327c-dacia-sandero-1598-cmc-k7m-818-benzina-autogaz-gpl-84-ferodo-ddf2327c\/#breadcrumb","itemListElement":[{"@type":"ListItem","position":1,"name":"Prima pagin\u0103","item":"https:\/\/autorival.ro\/dacia\/"},{"@type":"ListItem","position":2,"name":"Piese auto DACIA","item":"https:\/\/autorival.ro\/dacia\/"},{"@type":"ListItem","position":3,"name":"Disc frana FERODO DDF2327C DACIA SANDERO 1,598 cmc (K7M 818) Benzina\/Autogaz (GPL) 84 FERODO DDF2327C"}]},{"@type":"WebSite","@id":"https:\/\/autorival.ro\/dacia\/#website","url":"https:\/\/autorival.ro\/dacia\/","name":"DACIA","description":"","potentialAction":[{"@type":"SearchAction","target":{"@type":"EntryPoint","urlTemplate":"https:\/\/autorival.ro\/dacia\/?s={search_term_string}"},"query-input":{"@type":"PropertyValueSpecification","valueRequired":true,"valueName":"search_term_string"}}],"inLanguage":"en-US"}]}},"_links":{"self":[{"href":"https:\/\/autorival.ro\/dacia\/wp-json\/wp\/v2\/product\/1551434","targetHints":{"allow":["GET"]}}],"collection":[{"href":"https:\/\/autorival.ro\/dacia\/wp-json\/wp\/v2\/product"}],"about":[{"href":"https:\/\/autorival.ro\/dacia\/wp-json\/wp\/v2\/types\/product"}],"replies":[{"embeddable":true,"href":"https:\/\/autorival.ro\/dacia\/wp-json\/wp\/v2\/comments?post=1551434"}],"wp:featuredmedia":[{"embeddable":true,"href":"https:\/\/autorival.ro\/dacia\/wp-json\/wp\/v2\/media\/1551435"}],"wp:attachment":[{"href":"https:\/\/autorival.ro\/dacia\/wp-json\/wp\/v2\/media?parent=1551434"}],"wp:term":[{"taxonomy":"product_brand","embeddable":true,"href":"https:\/\/autorival.ro\/dacia\/wp-json\/wp\/v2\/product_brand?post=1551434"},{"taxonomy":"product_cat","embeddable":true,"href":"https:\/\/autorival.ro\/dacia\/wp-json\/wp\/v2\/product_cat?post=1551434"},{"taxonomy":"product_tag","embeddable":true,"href":"https:\/\/autorival.ro\/dacia\/wp-json\/wp\/v2\/product_tag?post=1551434"}],"curies":[{"name":"wp","href":"https:\/\/api.w.org\/{rel}","templated":true}]}}