{"id":1533920,"date":"2026-04-08T14:58:05","date_gmt":"2026-04-08T14:58:05","guid":{"rendered":"https:\/\/autorival.ro\/dacia\/product\/disc-frana-krottendorf-kro-bd4110-dacia-dokker-pick-up-1461-cmc-k9k-626-diesel-90-krottendorf-kro-bd4110\/"},"modified":"2026-04-08T14:58:05","modified_gmt":"2026-04-08T14:58:05","slug":"disc-frana-krottendorf-kro-bd4110-dacia-dokker-pick-up-1461-cmc-k9k-626-diesel-90-krottendorf-kro-bd4110","status":"publish","type":"product","link":"https:\/\/autorival.ro\/dacia\/product\/disc-frana-krottendorf-kro-bd4110-dacia-dokker-pick-up-1461-cmc-k9k-626-diesel-90-krottendorf-kro-bd4110\/","title":{"rendered":"Disc frana KROTTENDORF KRO-BD4110 DACIA DOKKER PICK-UP 1,461 cmc (K9K 626) diesel 90 KROTTENDORF KRO-BD4110"},"content":{"rendered":"<p>Disc frana KROTTENDORF KRO-BD4110; An fabricatie de la: 201505; An fabricatie pana la: 201812; Articol completare\/Info suplimentar 2: cu suruburi; Asezare gauri \u00d8 [mm]: 100; Diametru de centrare [mm]: 61; Diametru exterior [mm]: 280,3; Diametru gaura pana la [mm]: 13,6; Dinamica fr\u00e2nare\/conducere: pentru vehicule cu ESP; Grosime disc fr\u00e2na [mm]: 24; Grosime minima [mm]: 21,8; \u00cenaltime [mm]: 44; \u00cencarcatura utila: pentru incarcatura crescuta; indeplineste normele ECE: ECE-R90; Numar gauri: 4; Numar motor TECDOC: 31423; Partea de montare: punte fata; Procesare: aliat\/cementat; Suprafata: acoperit (cu un strat protector); Tip disc fr\u00e2na: ventilat<\/p>\n","protected":false},"excerpt":{"rendered":"<p>Producator: KROTTENDORF Cod: KRO-BD4110<\/p>\n","protected":false},"featured_media":1533921,"comment_status":"open","ping_status":"closed","template":"","meta":[],"product_brand":[2954],"product_cat":[20160],"product_tag":[],"class_list":{"0":"post-1533920","1":"product","2":"type-product","3":"status-publish","4":"has-post-thumbnail","6":"product_brand-krottendorf","7":"product_cat-disc-frana-1461-cmc-k9k-626-diesel-90","9":"first","10":"instock","11":"shipping-taxable","12":"purchasable","13":"product-type-simple"},"yoast_head":"<!-- This site is optimized with the Yoast SEO plugin v27.3 - https:\/\/yoast.com\/product\/yoast-seo-wordpress\/ -->\n<title>Disc frana KROTTENDORF KRO-BD4110 DACIA DOKKER PICK-UP 1,461 cmc (K9K 626) diesel 90 KROTTENDORF KRO-BD4110 DACIA | KROTTENDORF - Autorival<\/title>\n<meta name=\"description\" content=\"\u26a1 Disc frana KROTTENDORF KRO-BD4110 DACIA DOKKER PICK-UP 1,461 cmc (K9K 626) diesel 90 KROTTENDORF KRO-BD4110 pentru DACIA. \u2713 Cod: KRO-BD4110 \u2713 Brand: KROTTENDORF \u2713 \u00cen stoc \u2713 Livrare 24h \u2713 Garan\u021bie!\" \/>\n<meta name=\"robots\" content=\"index, follow, max-snippet:-1, max-image-preview:large, max-video-preview:-1\" \/>\n<meta property=\"og:locale\" content=\"en_US\" \/>\n<meta property=\"og:type\" content=\"article\" \/>\n<meta property=\"og:title\" content=\"Disc frana KROTTENDORF KRO-BD4110 DACIA DOKKER PICK-UP 1,461 cmc (K9K 626) diesel 90 KROTTENDORF KRO-BD4110 DACIA | KROTTENDORF - Autorival\" \/>\n<meta property=\"og:description\" content=\"\u26a1 Disc frana KROTTENDORF KRO-BD4110 DACIA DOKKER PICK-UP 1,461 cmc (K9K 626) diesel 90 KROTTENDORF KRO-BD4110 pentru DACIA. \u2713 Cod: KRO-BD4110 \u2713 Brand: KROTTENDORF \u2713 \u00cen stoc \u2713 Livrare 24h \u2713 Garan\u021bie!\" \/>\n<meta property=\"og:url\" content=\"https:\/\/autorival.ro\/dacia\/product\/disc-frana-krottendorf-kro-bd4110-dacia-dokker-pick-up-1461-cmc-k9k-626-diesel-90-krottendorf-kro-bd4110\/\" \/>\n<meta property=\"og:site_name\" content=\"DACIA\" \/>\n<meta name=\"twitter:card\" content=\"summary_large_image\" \/>\n<meta name=\"twitter:title\" content=\"Disc frana KROTTENDORF KRO-BD4110 DACIA DOKKER PICK-UP 1,461 cmc (K9K 626) diesel 90 KROTTENDORF KRO-BD4110 DACIA | KROTTENDORF - Autorival\" \/>\n<meta name=\"twitter:description\" content=\"\u26a1 Disc frana KROTTENDORF KRO-BD4110 DACIA DOKKER PICK-UP 1,461 cmc (K9K 626) diesel 90 KROTTENDORF KRO-BD4110 pentru DACIA. \u2713 Cod: KRO-BD4110 \u2713 Brand: KROTTENDORF \u2713 \u00cen stoc \u2713 Livrare 24h \u2713 Garan\u021bie!\" \/>\n<script type=\"application\/ld+json\" class=\"yoast-schema-graph\">{\"@context\":\"https:\\\/\\\/schema.org\",\"@graph\":[{\"@type\":\"WebPage\",\"@id\":\"https:\\\/\\\/autorival.ro\\\/dacia\\\/product\\\/disc-frana-krottendorf-kro-bd4110-dacia-dokker-pick-up-1461-cmc-k9k-626-diesel-90-krottendorf-kro-bd4110\\\/\",\"url\":\"https:\\\/\\\/autorival.ro\\\/dacia\\\/product\\\/disc-frana-krottendorf-kro-bd4110-dacia-dokker-pick-up-1461-cmc-k9k-626-diesel-90-krottendorf-kro-bd4110\\\/\",\"name\":\"Disc frana KROTTENDORF KRO-BD4110 DACIA DOKKER PICK-UP 1,461 cmc (K9K 626) diesel 90 KROTTENDORF KRO-BD4110 DACIA | KROTTENDORF - Autorival\",\"isPartOf\":{\"@id\":\"https:\\\/\\\/autorival.ro\\\/dacia\\\/#website\"},\"primaryImageOfPage\":{\"@id\":\"https:\\\/\\\/autorival.ro\\\/dacia\\\/product\\\/disc-frana-krottendorf-kro-bd4110-dacia-dokker-pick-up-1461-cmc-k9k-626-diesel-90-krottendorf-kro-bd4110\\\/#primaryimage\"},\"image\":{\"@id\":\"https:\\\/\\\/autorival.ro\\\/dacia\\\/product\\\/disc-frana-krottendorf-kro-bd4110-dacia-dokker-pick-up-1461-cmc-k9k-626-diesel-90-krottendorf-kro-bd4110\\\/#primaryimage\"},\"thumbnailUrl\":\"https:\\\/\\\/autorival.ro\\\/dacia\\\/wp-content\\\/uploads\\\/sites\\\/2\\\/2026\\\/04\\\/4538998_4538998-24.jpg\",\"datePublished\":\"2026-04-08T14:58:05+00:00\",\"description\":\"\u26a1 Disc frana KROTTENDORF KRO-BD4110 DACIA DOKKER PICK-UP 1,461 cmc (K9K 626) diesel 90 KROTTENDORF KRO-BD4110 pentru DACIA. \u2713 Cod: KRO-BD4110 \u2713 Brand: KROTTENDORF \u2713 \u00cen stoc \u2713 Livrare 24h \u2713 Garan\u021bie!\",\"breadcrumb\":{\"@id\":\"https:\\\/\\\/autorival.ro\\\/dacia\\\/product\\\/disc-frana-krottendorf-kro-bd4110-dacia-dokker-pick-up-1461-cmc-k9k-626-diesel-90-krottendorf-kro-bd4110\\\/#breadcrumb\"},\"inLanguage\":\"en-US\",\"potentialAction\":[{\"@type\":\"ReadAction\",\"target\":[\"https:\\\/\\\/autorival.ro\\\/dacia\\\/product\\\/disc-frana-krottendorf-kro-bd4110-dacia-dokker-pick-up-1461-cmc-k9k-626-diesel-90-krottendorf-kro-bd4110\\\/\"]}]},{\"@type\":\"ImageObject\",\"inLanguage\":\"en-US\",\"@id\":\"https:\\\/\\\/autorival.ro\\\/dacia\\\/product\\\/disc-frana-krottendorf-kro-bd4110-dacia-dokker-pick-up-1461-cmc-k9k-626-diesel-90-krottendorf-kro-bd4110\\\/#primaryimage\",\"url\":\"https:\\\/\\\/autorival.ro\\\/dacia\\\/wp-content\\\/uploads\\\/sites\\\/2\\\/2026\\\/04\\\/4538998_4538998-24.jpg\",\"contentUrl\":\"https:\\\/\\\/autorival.ro\\\/dacia\\\/wp-content\\\/uploads\\\/sites\\\/2\\\/2026\\\/04\\\/4538998_4538998-24.jpg\",\"width\":640,\"height\":418},{\"@type\":\"BreadcrumbList\",\"@id\":\"https:\\\/\\\/autorival.ro\\\/dacia\\\/product\\\/disc-frana-krottendorf-kro-bd4110-dacia-dokker-pick-up-1461-cmc-k9k-626-diesel-90-krottendorf-kro-bd4110\\\/#breadcrumb\",\"itemListElement\":[{\"@type\":\"ListItem\",\"position\":1,\"name\":\"Prima pagin\u0103\",\"item\":\"https:\\\/\\\/autorival.ro\\\/dacia\\\/\"},{\"@type\":\"ListItem\",\"position\":2,\"name\":\"Piese auto DACIA\",\"item\":\"https:\\\/\\\/autorival.ro\\\/dacia\\\/\"},{\"@type\":\"ListItem\",\"position\":3,\"name\":\"Disc frana KROTTENDORF KRO-BD4110 DACIA DOKKER PICK-UP 1,461 cmc (K9K 626) diesel 90 KROTTENDORF KRO-BD4110\"}]},{\"@type\":\"WebSite\",\"@id\":\"https:\\\/\\\/autorival.ro\\\/dacia\\\/#website\",\"url\":\"https:\\\/\\\/autorival.ro\\\/dacia\\\/\",\"name\":\"DACIA\",\"description\":\"\",\"potentialAction\":[{\"@type\":\"SearchAction\",\"target\":{\"@type\":\"EntryPoint\",\"urlTemplate\":\"https:\\\/\\\/autorival.ro\\\/dacia\\\/?s={search_term_string}\"},\"query-input\":{\"@type\":\"PropertyValueSpecification\",\"valueRequired\":true,\"valueName\":\"search_term_string\"}}],\"inLanguage\":\"en-US\"}]}<\/script>\n<!-- \/ Yoast SEO plugin. -->","yoast_head_json":{"title":"Disc frana KROTTENDORF KRO-BD4110 DACIA DOKKER PICK-UP 1,461 cmc (K9K 626) diesel 90 KROTTENDORF KRO-BD4110 DACIA | KROTTENDORF - Autorival","description":"\u26a1 Disc frana KROTTENDORF KRO-BD4110 DACIA DOKKER PICK-UP 1,461 cmc (K9K 626) diesel 90 KROTTENDORF KRO-BD4110 pentru DACIA. \u2713 Cod: KRO-BD4110 \u2713 Brand: KROTTENDORF \u2713 \u00cen stoc \u2713 Livrare 24h \u2713 Garan\u021bie!","robots":{"index":"index","follow":"follow","max-snippet":"max-snippet:-1","max-image-preview":"max-image-preview:large","max-video-preview":"max-video-preview:-1"},"og_locale":"en_US","og_type":"article","og_title":"Disc frana KROTTENDORF KRO-BD4110 DACIA DOKKER PICK-UP 1,461 cmc (K9K 626) diesel 90 KROTTENDORF KRO-BD4110 DACIA | KROTTENDORF - Autorival","og_description":"\u26a1 Disc frana KROTTENDORF KRO-BD4110 DACIA DOKKER PICK-UP 1,461 cmc (K9K 626) diesel 90 KROTTENDORF KRO-BD4110 pentru DACIA. \u2713 Cod: KRO-BD4110 \u2713 Brand: KROTTENDORF \u2713 \u00cen stoc \u2713 Livrare 24h \u2713 Garan\u021bie!","og_url":"https:\/\/autorival.ro\/dacia\/product\/disc-frana-krottendorf-kro-bd4110-dacia-dokker-pick-up-1461-cmc-k9k-626-diesel-90-krottendorf-kro-bd4110\/","og_site_name":"DACIA","twitter_card":"summary_large_image","twitter_title":"Disc frana KROTTENDORF KRO-BD4110 DACIA DOKKER PICK-UP 1,461 cmc (K9K 626) diesel 90 KROTTENDORF KRO-BD4110 DACIA | KROTTENDORF - Autorival","twitter_description":"\u26a1 Disc frana KROTTENDORF KRO-BD4110 DACIA DOKKER PICK-UP 1,461 cmc (K9K 626) diesel 90 KROTTENDORF KRO-BD4110 pentru DACIA. \u2713 Cod: KRO-BD4110 \u2713 Brand: KROTTENDORF \u2713 \u00cen stoc \u2713 Livrare 24h \u2713 Garan\u021bie!","schema":{"@context":"https:\/\/schema.org","@graph":[{"@type":"WebPage","@id":"https:\/\/autorival.ro\/dacia\/product\/disc-frana-krottendorf-kro-bd4110-dacia-dokker-pick-up-1461-cmc-k9k-626-diesel-90-krottendorf-kro-bd4110\/","url":"https:\/\/autorival.ro\/dacia\/product\/disc-frana-krottendorf-kro-bd4110-dacia-dokker-pick-up-1461-cmc-k9k-626-diesel-90-krottendorf-kro-bd4110\/","name":"Disc frana KROTTENDORF KRO-BD4110 DACIA DOKKER PICK-UP 1,461 cmc (K9K 626) diesel 90 KROTTENDORF KRO-BD4110 DACIA | KROTTENDORF - Autorival","isPartOf":{"@id":"https:\/\/autorival.ro\/dacia\/#website"},"primaryImageOfPage":{"@id":"https:\/\/autorival.ro\/dacia\/product\/disc-frana-krottendorf-kro-bd4110-dacia-dokker-pick-up-1461-cmc-k9k-626-diesel-90-krottendorf-kro-bd4110\/#primaryimage"},"image":{"@id":"https:\/\/autorival.ro\/dacia\/product\/disc-frana-krottendorf-kro-bd4110-dacia-dokker-pick-up-1461-cmc-k9k-626-diesel-90-krottendorf-kro-bd4110\/#primaryimage"},"thumbnailUrl":"https:\/\/autorival.ro\/dacia\/wp-content\/uploads\/sites\/2\/2026\/04\/4538998_4538998-24.jpg","datePublished":"2026-04-08T14:58:05+00:00","description":"\u26a1 Disc frana KROTTENDORF KRO-BD4110 DACIA DOKKER PICK-UP 1,461 cmc (K9K 626) diesel 90 KROTTENDORF KRO-BD4110 pentru DACIA. \u2713 Cod: KRO-BD4110 \u2713 Brand: KROTTENDORF \u2713 \u00cen stoc \u2713 Livrare 24h \u2713 Garan\u021bie!","breadcrumb":{"@id":"https:\/\/autorival.ro\/dacia\/product\/disc-frana-krottendorf-kro-bd4110-dacia-dokker-pick-up-1461-cmc-k9k-626-diesel-90-krottendorf-kro-bd4110\/#breadcrumb"},"inLanguage":"en-US","potentialAction":[{"@type":"ReadAction","target":["https:\/\/autorival.ro\/dacia\/product\/disc-frana-krottendorf-kro-bd4110-dacia-dokker-pick-up-1461-cmc-k9k-626-diesel-90-krottendorf-kro-bd4110\/"]}]},{"@type":"ImageObject","inLanguage":"en-US","@id":"https:\/\/autorival.ro\/dacia\/product\/disc-frana-krottendorf-kro-bd4110-dacia-dokker-pick-up-1461-cmc-k9k-626-diesel-90-krottendorf-kro-bd4110\/#primaryimage","url":"https:\/\/autorival.ro\/dacia\/wp-content\/uploads\/sites\/2\/2026\/04\/4538998_4538998-24.jpg","contentUrl":"https:\/\/autorival.ro\/dacia\/wp-content\/uploads\/sites\/2\/2026\/04\/4538998_4538998-24.jpg","width":640,"height":418},{"@type":"BreadcrumbList","@id":"https:\/\/autorival.ro\/dacia\/product\/disc-frana-krottendorf-kro-bd4110-dacia-dokker-pick-up-1461-cmc-k9k-626-diesel-90-krottendorf-kro-bd4110\/#breadcrumb","itemListElement":[{"@type":"ListItem","position":1,"name":"Prima pagin\u0103","item":"https:\/\/autorival.ro\/dacia\/"},{"@type":"ListItem","position":2,"name":"Piese auto DACIA","item":"https:\/\/autorival.ro\/dacia\/"},{"@type":"ListItem","position":3,"name":"Disc frana KROTTENDORF KRO-BD4110 DACIA DOKKER PICK-UP 1,461 cmc (K9K 626) diesel 90 KROTTENDORF KRO-BD4110"}]},{"@type":"WebSite","@id":"https:\/\/autorival.ro\/dacia\/#website","url":"https:\/\/autorival.ro\/dacia\/","name":"DACIA","description":"","potentialAction":[{"@type":"SearchAction","target":{"@type":"EntryPoint","urlTemplate":"https:\/\/autorival.ro\/dacia\/?s={search_term_string}"},"query-input":{"@type":"PropertyValueSpecification","valueRequired":true,"valueName":"search_term_string"}}],"inLanguage":"en-US"}]}},"_links":{"self":[{"href":"https:\/\/autorival.ro\/dacia\/wp-json\/wp\/v2\/product\/1533920","targetHints":{"allow":["GET"]}}],"collection":[{"href":"https:\/\/autorival.ro\/dacia\/wp-json\/wp\/v2\/product"}],"about":[{"href":"https:\/\/autorival.ro\/dacia\/wp-json\/wp\/v2\/types\/product"}],"replies":[{"embeddable":true,"href":"https:\/\/autorival.ro\/dacia\/wp-json\/wp\/v2\/comments?post=1533920"}],"wp:featuredmedia":[{"embeddable":true,"href":"https:\/\/autorival.ro\/dacia\/wp-json\/wp\/v2\/media\/1533921"}],"wp:attachment":[{"href":"https:\/\/autorival.ro\/dacia\/wp-json\/wp\/v2\/media?parent=1533920"}],"wp:term":[{"taxonomy":"product_brand","embeddable":true,"href":"https:\/\/autorival.ro\/dacia\/wp-json\/wp\/v2\/product_brand?post=1533920"},{"taxonomy":"product_cat","embeddable":true,"href":"https:\/\/autorival.ro\/dacia\/wp-json\/wp\/v2\/product_cat?post=1533920"},{"taxonomy":"product_tag","embeddable":true,"href":"https:\/\/autorival.ro\/dacia\/wp-json\/wp\/v2\/product_tag?post=1533920"}],"curies":[{"name":"wp","href":"https:\/\/api.w.org\/{rel}","templated":true}]}}