{"id":1531034,"date":"2026-04-08T13:30:20","date_gmt":"2026-04-08T13:30:20","guid":{"rendered":"https:\/\/autorival.ro\/dacia\/product\/disc-frana-don-pcd11082-dacia-duster-hm_-1598-cmc-h4m-738-benzina-115-don-pcd11082\/"},"modified":"2026-04-08T13:30:20","modified_gmt":"2026-04-08T13:30:20","slug":"disc-frana-don-pcd11082-dacia-duster-hm_-1598-cmc-h4m-738-benzina-115-don-pcd11082","status":"publish","type":"product","link":"https:\/\/autorival.ro\/dacia\/product\/disc-frana-don-pcd11082-dacia-duster-hm_-1598-cmc-h4m-738-benzina-115-don-pcd11082\/","title":{"rendered":"Disc frana DON PCD11082 DACIA DUSTER (HM_) 1,598 cmc (H4M 738) benzina 115 DON PCD11082"},"content":{"rendered":"<p>Disc frana DON PCD11082; An fabricatie de la: 201411; Articol completare\/Info suplimentar 2: fara butuc roata, fara rulment roata, fara suruburi de fixare roata; Asezare gauri \u00d8 [mm]: 114,3; Asezare gauri\/numar gauri: 05\/07; Cod de echipare: CHANOR; Diametru alezaj bol\u021b roat\u0103 [mm]: 15,8; Diametru de centrare [mm]: 68; Diametru exterior [mm]: 280; Diametru interior [mm]: 139,8; Dinamica fr\u00e2nare\/conducere: pentru vehicule cu ESP; Echipament vehicul: pentru vehicule cu fr\u00e2n\u0103 de parcare electric\u0103; Greutate [kg]: 6,7; Grosime disc fr\u00e2na [mm]: 24; Grosime minima [mm]: 21,8; Inaltime ambalaj [cm]: 10,2; \u00cenaltime [mm]: 44; Latime ambalaj [cm]: 29,9; Lungime ambalaj [cm]: 29,9; Partea de montare: punte fata; Suprafata: acoperit par\u021bial; Tip disc fr\u00e2na: ventilat exterior<\/p>\n","protected":false},"excerpt":{"rendered":"<p>Producator: DON Cod: PCD11082<\/p>\n","protected":false},"featured_media":1531035,"comment_status":"open","ping_status":"closed","template":"","meta":[],"product_brand":[20099],"product_cat":[9971],"product_tag":[],"class_list":{"0":"post-1531034","1":"product","2":"type-product","3":"status-publish","4":"has-post-thumbnail","6":"product_brand-don","7":"product_cat-rulment-roata-1598-cmc-h4m-738-benzina-115-duster-hm_","9":"first","10":"instock","11":"shipping-taxable","12":"purchasable","13":"product-type-simple"},"yoast_head":"<!-- This site is optimized with the Yoast SEO plugin v27.3 - https:\/\/yoast.com\/product\/yoast-seo-wordpress\/ -->\n<title>Disc frana DON PCD11082 DACIA DUSTER (HM_) 1,598 cmc (H4M 738) benzina 115 DON PCD11082 DACIA | DON - Autorival<\/title>\n<meta name=\"description\" content=\"\u26a1 Disc frana DON PCD11082 DACIA DUSTER (HM_) 1,598 cmc (H4M 738) benzina 115 DON PCD11082 pentru DACIA. \u2713 Cod: PCD11082 \u2713 Brand: DON \u2713 \u00cen stoc \u2713 Livrare 24h \u2713 Garan\u021bie!\" \/>\n<meta name=\"robots\" content=\"index, follow, max-snippet:-1, max-image-preview:large, max-video-preview:-1\" \/>\n<meta property=\"og:locale\" content=\"en_US\" \/>\n<meta property=\"og:type\" content=\"article\" \/>\n<meta property=\"og:title\" content=\"Disc frana DON PCD11082 DACIA DUSTER (HM_) 1,598 cmc (H4M 738) benzina 115 DON PCD11082 DACIA | DON - Autorival\" \/>\n<meta property=\"og:description\" content=\"\u26a1 Disc frana DON PCD11082 DACIA DUSTER (HM_) 1,598 cmc (H4M 738) benzina 115 DON PCD11082 pentru DACIA. \u2713 Cod: PCD11082 \u2713 Brand: DON \u2713 \u00cen stoc \u2713 Livrare 24h \u2713 Garan\u021bie!\" \/>\n<meta property=\"og:url\" content=\"https:\/\/autorival.ro\/dacia\/product\/disc-frana-don-pcd11082-dacia-duster-hm_-1598-cmc-h4m-738-benzina-115-don-pcd11082\/\" \/>\n<meta property=\"og:site_name\" content=\"DACIA\" \/>\n<meta name=\"twitter:card\" content=\"summary_large_image\" \/>\n<meta name=\"twitter:title\" content=\"Disc frana DON PCD11082 DACIA DUSTER (HM_) 1,598 cmc (H4M 738) benzina 115 DON PCD11082 DACIA | DON - Autorival\" \/>\n<meta name=\"twitter:description\" content=\"\u26a1 Disc frana DON PCD11082 DACIA DUSTER (HM_) 1,598 cmc (H4M 738) benzina 115 DON PCD11082 pentru DACIA. \u2713 Cod: PCD11082 \u2713 Brand: DON \u2713 \u00cen stoc \u2713 Livrare 24h \u2713 Garan\u021bie!\" \/>\n<meta name=\"twitter:label1\" content=\"Est. reading time\" \/>\n\t<meta name=\"twitter:data1\" content=\"1 minute\" \/>\n<script type=\"application\/ld+json\" class=\"yoast-schema-graph\">{\"@context\":\"https:\\\/\\\/schema.org\",\"@graph\":[{\"@type\":\"WebPage\",\"@id\":\"https:\\\/\\\/autorival.ro\\\/dacia\\\/product\\\/disc-frana-don-pcd11082-dacia-duster-hm_-1598-cmc-h4m-738-benzina-115-don-pcd11082\\\/\",\"url\":\"https:\\\/\\\/autorival.ro\\\/dacia\\\/product\\\/disc-frana-don-pcd11082-dacia-duster-hm_-1598-cmc-h4m-738-benzina-115-don-pcd11082\\\/\",\"name\":\"Disc frana DON PCD11082 DACIA DUSTER (HM_) 1,598 cmc (H4M 738) benzina 115 DON PCD11082 DACIA | DON - Autorival\",\"isPartOf\":{\"@id\":\"https:\\\/\\\/autorival.ro\\\/dacia\\\/#website\"},\"primaryImageOfPage\":{\"@id\":\"https:\\\/\\\/autorival.ro\\\/dacia\\\/product\\\/disc-frana-don-pcd11082-dacia-duster-hm_-1598-cmc-h4m-738-benzina-115-don-pcd11082\\\/#primaryimage\"},\"image\":{\"@id\":\"https:\\\/\\\/autorival.ro\\\/dacia\\\/product\\\/disc-frana-don-pcd11082-dacia-duster-hm_-1598-cmc-h4m-738-benzina-115-don-pcd11082\\\/#primaryimage\"},\"thumbnailUrl\":\"https:\\\/\\\/autorival.ro\\\/dacia\\\/wp-content\\\/uploads\\\/sites\\\/2\\\/2026\\\/04\\\/3269918_98200_1955_0_1-44.jpg\",\"datePublished\":\"2026-04-08T13:30:20+00:00\",\"description\":\"\u26a1 Disc frana DON PCD11082 DACIA DUSTER (HM_) 1,598 cmc (H4M 738) benzina 115 DON PCD11082 pentru DACIA. \u2713 Cod: PCD11082 \u2713 Brand: DON \u2713 \u00cen stoc \u2713 Livrare 24h \u2713 Garan\u021bie!\",\"breadcrumb\":{\"@id\":\"https:\\\/\\\/autorival.ro\\\/dacia\\\/product\\\/disc-frana-don-pcd11082-dacia-duster-hm_-1598-cmc-h4m-738-benzina-115-don-pcd11082\\\/#breadcrumb\"},\"inLanguage\":\"en-US\",\"potentialAction\":[{\"@type\":\"ReadAction\",\"target\":[\"https:\\\/\\\/autorival.ro\\\/dacia\\\/product\\\/disc-frana-don-pcd11082-dacia-duster-hm_-1598-cmc-h4m-738-benzina-115-don-pcd11082\\\/\"]}]},{\"@type\":\"ImageObject\",\"inLanguage\":\"en-US\",\"@id\":\"https:\\\/\\\/autorival.ro\\\/dacia\\\/product\\\/disc-frana-don-pcd11082-dacia-duster-hm_-1598-cmc-h4m-738-benzina-115-don-pcd11082\\\/#primaryimage\",\"url\":\"https:\\\/\\\/autorival.ro\\\/dacia\\\/wp-content\\\/uploads\\\/sites\\\/2\\\/2026\\\/04\\\/3269918_98200_1955_0_1-44.jpg\",\"contentUrl\":\"https:\\\/\\\/autorival.ro\\\/dacia\\\/wp-content\\\/uploads\\\/sites\\\/2\\\/2026\\\/04\\\/3269918_98200_1955_0_1-44.jpg\",\"width\":462,\"height\":400},{\"@type\":\"BreadcrumbList\",\"@id\":\"https:\\\/\\\/autorival.ro\\\/dacia\\\/product\\\/disc-frana-don-pcd11082-dacia-duster-hm_-1598-cmc-h4m-738-benzina-115-don-pcd11082\\\/#breadcrumb\",\"itemListElement\":[{\"@type\":\"ListItem\",\"position\":1,\"name\":\"Prima pagin\u0103\",\"item\":\"https:\\\/\\\/autorival.ro\\\/dacia\\\/\"},{\"@type\":\"ListItem\",\"position\":2,\"name\":\"Piese auto DACIA\",\"item\":\"https:\\\/\\\/autorival.ro\\\/dacia\\\/\"},{\"@type\":\"ListItem\",\"position\":3,\"name\":\"Disc frana DON PCD11082 DACIA DUSTER (HM_) 1,598 cmc (H4M 738) benzina 115 DON PCD11082\"}]},{\"@type\":\"WebSite\",\"@id\":\"https:\\\/\\\/autorival.ro\\\/dacia\\\/#website\",\"url\":\"https:\\\/\\\/autorival.ro\\\/dacia\\\/\",\"name\":\"DACIA\",\"description\":\"\",\"potentialAction\":[{\"@type\":\"SearchAction\",\"target\":{\"@type\":\"EntryPoint\",\"urlTemplate\":\"https:\\\/\\\/autorival.ro\\\/dacia\\\/?s={search_term_string}\"},\"query-input\":{\"@type\":\"PropertyValueSpecification\",\"valueRequired\":true,\"valueName\":\"search_term_string\"}}],\"inLanguage\":\"en-US\"}]}<\/script>\n<!-- \/ Yoast SEO plugin. -->","yoast_head_json":{"title":"Disc frana DON PCD11082 DACIA DUSTER (HM_) 1,598 cmc (H4M 738) benzina 115 DON PCD11082 DACIA | DON - Autorival","description":"\u26a1 Disc frana DON PCD11082 DACIA DUSTER (HM_) 1,598 cmc (H4M 738) benzina 115 DON PCD11082 pentru DACIA. \u2713 Cod: PCD11082 \u2713 Brand: DON \u2713 \u00cen stoc \u2713 Livrare 24h \u2713 Garan\u021bie!","robots":{"index":"index","follow":"follow","max-snippet":"max-snippet:-1","max-image-preview":"max-image-preview:large","max-video-preview":"max-video-preview:-1"},"og_locale":"en_US","og_type":"article","og_title":"Disc frana DON PCD11082 DACIA DUSTER (HM_) 1,598 cmc (H4M 738) benzina 115 DON PCD11082 DACIA | DON - Autorival","og_description":"\u26a1 Disc frana DON PCD11082 DACIA DUSTER (HM_) 1,598 cmc (H4M 738) benzina 115 DON PCD11082 pentru DACIA. \u2713 Cod: PCD11082 \u2713 Brand: DON \u2713 \u00cen stoc \u2713 Livrare 24h \u2713 Garan\u021bie!","og_url":"https:\/\/autorival.ro\/dacia\/product\/disc-frana-don-pcd11082-dacia-duster-hm_-1598-cmc-h4m-738-benzina-115-don-pcd11082\/","og_site_name":"DACIA","twitter_card":"summary_large_image","twitter_title":"Disc frana DON PCD11082 DACIA DUSTER (HM_) 1,598 cmc (H4M 738) benzina 115 DON PCD11082 DACIA | DON - Autorival","twitter_description":"\u26a1 Disc frana DON PCD11082 DACIA DUSTER (HM_) 1,598 cmc (H4M 738) benzina 115 DON PCD11082 pentru DACIA. \u2713 Cod: PCD11082 \u2713 Brand: DON \u2713 \u00cen stoc \u2713 Livrare 24h \u2713 Garan\u021bie!","twitter_misc":{"Est. reading time":"1 minute"},"schema":{"@context":"https:\/\/schema.org","@graph":[{"@type":"WebPage","@id":"https:\/\/autorival.ro\/dacia\/product\/disc-frana-don-pcd11082-dacia-duster-hm_-1598-cmc-h4m-738-benzina-115-don-pcd11082\/","url":"https:\/\/autorival.ro\/dacia\/product\/disc-frana-don-pcd11082-dacia-duster-hm_-1598-cmc-h4m-738-benzina-115-don-pcd11082\/","name":"Disc frana DON PCD11082 DACIA DUSTER (HM_) 1,598 cmc (H4M 738) benzina 115 DON PCD11082 DACIA | DON - Autorival","isPartOf":{"@id":"https:\/\/autorival.ro\/dacia\/#website"},"primaryImageOfPage":{"@id":"https:\/\/autorival.ro\/dacia\/product\/disc-frana-don-pcd11082-dacia-duster-hm_-1598-cmc-h4m-738-benzina-115-don-pcd11082\/#primaryimage"},"image":{"@id":"https:\/\/autorival.ro\/dacia\/product\/disc-frana-don-pcd11082-dacia-duster-hm_-1598-cmc-h4m-738-benzina-115-don-pcd11082\/#primaryimage"},"thumbnailUrl":"https:\/\/autorival.ro\/dacia\/wp-content\/uploads\/sites\/2\/2026\/04\/3269918_98200_1955_0_1-44.jpg","datePublished":"2026-04-08T13:30:20+00:00","description":"\u26a1 Disc frana DON PCD11082 DACIA DUSTER (HM_) 1,598 cmc (H4M 738) benzina 115 DON PCD11082 pentru DACIA. \u2713 Cod: PCD11082 \u2713 Brand: DON \u2713 \u00cen stoc \u2713 Livrare 24h \u2713 Garan\u021bie!","breadcrumb":{"@id":"https:\/\/autorival.ro\/dacia\/product\/disc-frana-don-pcd11082-dacia-duster-hm_-1598-cmc-h4m-738-benzina-115-don-pcd11082\/#breadcrumb"},"inLanguage":"en-US","potentialAction":[{"@type":"ReadAction","target":["https:\/\/autorival.ro\/dacia\/product\/disc-frana-don-pcd11082-dacia-duster-hm_-1598-cmc-h4m-738-benzina-115-don-pcd11082\/"]}]},{"@type":"ImageObject","inLanguage":"en-US","@id":"https:\/\/autorival.ro\/dacia\/product\/disc-frana-don-pcd11082-dacia-duster-hm_-1598-cmc-h4m-738-benzina-115-don-pcd11082\/#primaryimage","url":"https:\/\/autorival.ro\/dacia\/wp-content\/uploads\/sites\/2\/2026\/04\/3269918_98200_1955_0_1-44.jpg","contentUrl":"https:\/\/autorival.ro\/dacia\/wp-content\/uploads\/sites\/2\/2026\/04\/3269918_98200_1955_0_1-44.jpg","width":462,"height":400},{"@type":"BreadcrumbList","@id":"https:\/\/autorival.ro\/dacia\/product\/disc-frana-don-pcd11082-dacia-duster-hm_-1598-cmc-h4m-738-benzina-115-don-pcd11082\/#breadcrumb","itemListElement":[{"@type":"ListItem","position":1,"name":"Prima pagin\u0103","item":"https:\/\/autorival.ro\/dacia\/"},{"@type":"ListItem","position":2,"name":"Piese auto DACIA","item":"https:\/\/autorival.ro\/dacia\/"},{"@type":"ListItem","position":3,"name":"Disc frana DON PCD11082 DACIA DUSTER (HM_) 1,598 cmc (H4M 738) benzina 115 DON PCD11082"}]},{"@type":"WebSite","@id":"https:\/\/autorival.ro\/dacia\/#website","url":"https:\/\/autorival.ro\/dacia\/","name":"DACIA","description":"","potentialAction":[{"@type":"SearchAction","target":{"@type":"EntryPoint","urlTemplate":"https:\/\/autorival.ro\/dacia\/?s={search_term_string}"},"query-input":{"@type":"PropertyValueSpecification","valueRequired":true,"valueName":"search_term_string"}}],"inLanguage":"en-US"}]}},"_links":{"self":[{"href":"https:\/\/autorival.ro\/dacia\/wp-json\/wp\/v2\/product\/1531034","targetHints":{"allow":["GET"]}}],"collection":[{"href":"https:\/\/autorival.ro\/dacia\/wp-json\/wp\/v2\/product"}],"about":[{"href":"https:\/\/autorival.ro\/dacia\/wp-json\/wp\/v2\/types\/product"}],"replies":[{"embeddable":true,"href":"https:\/\/autorival.ro\/dacia\/wp-json\/wp\/v2\/comments?post=1531034"}],"wp:featuredmedia":[{"embeddable":true,"href":"https:\/\/autorival.ro\/dacia\/wp-json\/wp\/v2\/media\/1531035"}],"wp:attachment":[{"href":"https:\/\/autorival.ro\/dacia\/wp-json\/wp\/v2\/media?parent=1531034"}],"wp:term":[{"taxonomy":"product_brand","embeddable":true,"href":"https:\/\/autorival.ro\/dacia\/wp-json\/wp\/v2\/product_brand?post=1531034"},{"taxonomy":"product_cat","embeddable":true,"href":"https:\/\/autorival.ro\/dacia\/wp-json\/wp\/v2\/product_cat?post=1531034"},{"taxonomy":"product_tag","embeddable":true,"href":"https:\/\/autorival.ro\/dacia\/wp-json\/wp\/v2\/product_tag?post=1531034"}],"curies":[{"name":"wp","href":"https:\/\/api.w.org\/{rel}","templated":true}]}}