{"id":1518141,"date":"2026-04-08T05:48:22","date_gmt":"2026-04-08T05:48:22","guid":{"rendered":"https:\/\/autorival.ro\/dacia\/product\/comutator-presiune-ulei-servodirectie-metzger-0910092-dacia-duster-hs_-1461-cmc-k9k-796-k9k-830-diesel-86-metzger-0910092\/"},"modified":"2026-04-08T05:48:22","modified_gmt":"2026-04-08T05:48:22","slug":"comutator-presiune-ulei-servodirectie-metzger-0910092-dacia-duster-hs_-1461-cmc-k9k-796-k9k-830-diesel-86-metzger-0910092","status":"publish","type":"product","link":"https:\/\/autorival.ro\/dacia\/product\/comutator-presiune-ulei-servodirectie-metzger-0910092-dacia-duster-hs_-1461-cmc-k9k-796-k9k-830-diesel-86-metzger-0910092\/","title":{"rendered":"Comutator presiune ulei servodirectie METZGER 0910092 DACIA DUSTER (HS_) 1,461 cmc (K9K 796, K9K 830) diesel 86 METZGER 0910092"},"content":{"rendered":"<p>Comutator presiune ulei servodirectie METZGER 0910092; Culoare carcasa: gri; Dimensiune filet: 7\/16&#8243; 20 UNF-2B; Echipament vehicul: pt. masini fara directie activa; Num\u0103rul conexiunilor cu muf\u0103: 2; Presiune de actionare [bar]: 21; Vehicul cu volan pe st\u00e2nga\/dreapta: pentru vehicule cu volan pe stanga; Zone climaterice: pt. zone climaterice moderate<\/p>\n","protected":false},"excerpt":{"rendered":"<p>Producator: METZGER Cod: 0910092<\/p>\n","protected":false},"featured_media":1518142,"comment_status":"open","ping_status":"closed","template":"","meta":[],"product_brand":[2116],"product_cat":[18331],"product_tag":[],"class_list":{"0":"post-1518141","1":"product","2":"type-product","3":"status-publish","4":"has-post-thumbnail","6":"product_brand-metzger","7":"product_cat-comutator-presiune-ulei","9":"first","10":"instock","11":"shipping-taxable","12":"purchasable","13":"product-type-simple"},"yoast_head":"<!-- This site is optimized with the Yoast SEO plugin v27.3 - https:\/\/yoast.com\/product\/yoast-seo-wordpress\/ -->\n<title>Comutator presiune ulei servodirectie METZGER 0910092 DACIA DUSTER (HS_) 1,461 cmc (K9K 796, K9K 830) diesel 86 METZGER 0910092 DACIA | METZGER - Autorival<\/title>\n<meta name=\"description\" content=\"\u26a1 Comutator presiune ulei servodirectie METZGER 0910092 DACIA DUSTER (HS_) 1,461 cmc (K9K 796, K9K 830) diesel 86 METZGER 0910092 pentru DACIA. \u2713 Cod: 0910092 \u2713 Brand: METZGER \u2713 \u00cen stoc \u2713 Livrare 24h \u2713 Garan\u021bie!\" \/>\n<meta name=\"robots\" content=\"index, follow, max-snippet:-1, max-image-preview:large, max-video-preview:-1\" \/>\n<meta property=\"og:locale\" content=\"en_US\" \/>\n<meta property=\"og:type\" content=\"article\" \/>\n<meta property=\"og:title\" content=\"Comutator presiune ulei servodirectie METZGER 0910092 DACIA DUSTER (HS_) 1,461 cmc (K9K 796, K9K 830) diesel 86 METZGER 0910092 DACIA | METZGER - Autorival\" \/>\n<meta property=\"og:description\" content=\"\u26a1 Comutator presiune ulei servodirectie METZGER 0910092 DACIA DUSTER (HS_) 1,461 cmc (K9K 796, K9K 830) diesel 86 METZGER 0910092 pentru DACIA. \u2713 Cod: 0910092 \u2713 Brand: METZGER \u2713 \u00cen stoc \u2713 Livrare 24h \u2713 Garan\u021bie!\" \/>\n<meta property=\"og:url\" content=\"https:\/\/autorival.ro\/dacia\/product\/comutator-presiune-ulei-servodirectie-metzger-0910092-dacia-duster-hs_-1461-cmc-k9k-796-k9k-830-diesel-86-metzger-0910092\/\" \/>\n<meta property=\"og:site_name\" content=\"DACIA\" \/>\n<meta name=\"twitter:card\" content=\"summary_large_image\" \/>\n<meta name=\"twitter:title\" content=\"Comutator presiune ulei servodirectie METZGER 0910092 DACIA DUSTER (HS_) 1,461 cmc (K9K 796, K9K 830) diesel 86 METZGER 0910092 DACIA | METZGER - Autorival\" \/>\n<meta name=\"twitter:description\" content=\"\u26a1 Comutator presiune ulei servodirectie METZGER 0910092 DACIA DUSTER (HS_) 1,461 cmc (K9K 796, K9K 830) diesel 86 METZGER 0910092 pentru DACIA. \u2713 Cod: 0910092 \u2713 Brand: METZGER \u2713 \u00cen stoc \u2713 Livrare 24h \u2713 Garan\u021bie!\" \/>\n<script type=\"application\/ld+json\" class=\"yoast-schema-graph\">{\"@context\":\"https:\\\/\\\/schema.org\",\"@graph\":[{\"@type\":\"WebPage\",\"@id\":\"https:\\\/\\\/autorival.ro\\\/dacia\\\/product\\\/comutator-presiune-ulei-servodirectie-metzger-0910092-dacia-duster-hs_-1461-cmc-k9k-796-k9k-830-diesel-86-metzger-0910092\\\/\",\"url\":\"https:\\\/\\\/autorival.ro\\\/dacia\\\/product\\\/comutator-presiune-ulei-servodirectie-metzger-0910092-dacia-duster-hs_-1461-cmc-k9k-796-k9k-830-diesel-86-metzger-0910092\\\/\",\"name\":\"Comutator presiune ulei servodirectie METZGER 0910092 DACIA DUSTER (HS_) 1,461 cmc (K9K 796, K9K 830) diesel 86 METZGER 0910092 DACIA | METZGER - Autorival\",\"isPartOf\":{\"@id\":\"https:\\\/\\\/autorival.ro\\\/dacia\\\/#website\"},\"primaryImageOfPage\":{\"@id\":\"https:\\\/\\\/autorival.ro\\\/dacia\\\/product\\\/comutator-presiune-ulei-servodirectie-metzger-0910092-dacia-duster-hs_-1461-cmc-k9k-796-k9k-830-diesel-86-metzger-0910092\\\/#primaryimage\"},\"image\":{\"@id\":\"https:\\\/\\\/autorival.ro\\\/dacia\\\/product\\\/comutator-presiune-ulei-servodirectie-metzger-0910092-dacia-duster-hs_-1461-cmc-k9k-796-k9k-830-diesel-86-metzger-0910092\\\/#primaryimage\"},\"thumbnailUrl\":\"https:\\\/\\\/autorival.ro\\\/dacia\\\/wp-content\\\/uploads\\\/sites\\\/2\\\/2026\\\/04\\\/524413_0910092.jpg\",\"datePublished\":\"2026-04-08T05:48:22+00:00\",\"description\":\"\u26a1 Comutator presiune ulei servodirectie METZGER 0910092 DACIA DUSTER (HS_) 1,461 cmc (K9K 796, K9K 830) diesel 86 METZGER 0910092 pentru DACIA. \u2713 Cod: 0910092 \u2713 Brand: METZGER \u2713 \u00cen stoc \u2713 Livrare 24h \u2713 Garan\u021bie!\",\"breadcrumb\":{\"@id\":\"https:\\\/\\\/autorival.ro\\\/dacia\\\/product\\\/comutator-presiune-ulei-servodirectie-metzger-0910092-dacia-duster-hs_-1461-cmc-k9k-796-k9k-830-diesel-86-metzger-0910092\\\/#breadcrumb\"},\"inLanguage\":\"en-US\",\"potentialAction\":[{\"@type\":\"ReadAction\",\"target\":[\"https:\\\/\\\/autorival.ro\\\/dacia\\\/product\\\/comutator-presiune-ulei-servodirectie-metzger-0910092-dacia-duster-hs_-1461-cmc-k9k-796-k9k-830-diesel-86-metzger-0910092\\\/\"]}]},{\"@type\":\"ImageObject\",\"inLanguage\":\"en-US\",\"@id\":\"https:\\\/\\\/autorival.ro\\\/dacia\\\/product\\\/comutator-presiune-ulei-servodirectie-metzger-0910092-dacia-duster-hs_-1461-cmc-k9k-796-k9k-830-diesel-86-metzger-0910092\\\/#primaryimage\",\"url\":\"https:\\\/\\\/autorival.ro\\\/dacia\\\/wp-content\\\/uploads\\\/sites\\\/2\\\/2026\\\/04\\\/524413_0910092.jpg\",\"contentUrl\":\"https:\\\/\\\/autorival.ro\\\/dacia\\\/wp-content\\\/uploads\\\/sites\\\/2\\\/2026\\\/04\\\/524413_0910092.jpg\",\"width\":599,\"height\":275},{\"@type\":\"BreadcrumbList\",\"@id\":\"https:\\\/\\\/autorival.ro\\\/dacia\\\/product\\\/comutator-presiune-ulei-servodirectie-metzger-0910092-dacia-duster-hs_-1461-cmc-k9k-796-k9k-830-diesel-86-metzger-0910092\\\/#breadcrumb\",\"itemListElement\":[{\"@type\":\"ListItem\",\"position\":1,\"name\":\"Prima pagin\u0103\",\"item\":\"https:\\\/\\\/autorival.ro\\\/dacia\\\/\"},{\"@type\":\"ListItem\",\"position\":2,\"name\":\"Piese auto DACIA\",\"item\":\"https:\\\/\\\/autorival.ro\\\/dacia\\\/\"},{\"@type\":\"ListItem\",\"position\":3,\"name\":\"Comutator presiune ulei servodirectie METZGER 0910092 DACIA DUSTER (HS_) 1,461 cmc (K9K 796, K9K 830) diesel 86 METZGER 0910092\"}]},{\"@type\":\"WebSite\",\"@id\":\"https:\\\/\\\/autorival.ro\\\/dacia\\\/#website\",\"url\":\"https:\\\/\\\/autorival.ro\\\/dacia\\\/\",\"name\":\"DACIA\",\"description\":\"\",\"potentialAction\":[{\"@type\":\"SearchAction\",\"target\":{\"@type\":\"EntryPoint\",\"urlTemplate\":\"https:\\\/\\\/autorival.ro\\\/dacia\\\/?s={search_term_string}\"},\"query-input\":{\"@type\":\"PropertyValueSpecification\",\"valueRequired\":true,\"valueName\":\"search_term_string\"}}],\"inLanguage\":\"en-US\"}]}<\/script>\n<!-- \/ Yoast SEO plugin. -->","yoast_head_json":{"title":"Comutator presiune ulei servodirectie METZGER 0910092 DACIA DUSTER (HS_) 1,461 cmc (K9K 796, K9K 830) diesel 86 METZGER 0910092 DACIA | METZGER - Autorival","description":"\u26a1 Comutator presiune ulei servodirectie METZGER 0910092 DACIA DUSTER (HS_) 1,461 cmc (K9K 796, K9K 830) diesel 86 METZGER 0910092 pentru DACIA. \u2713 Cod: 0910092 \u2713 Brand: METZGER \u2713 \u00cen stoc \u2713 Livrare 24h \u2713 Garan\u021bie!","robots":{"index":"index","follow":"follow","max-snippet":"max-snippet:-1","max-image-preview":"max-image-preview:large","max-video-preview":"max-video-preview:-1"},"og_locale":"en_US","og_type":"article","og_title":"Comutator presiune ulei servodirectie METZGER 0910092 DACIA DUSTER (HS_) 1,461 cmc (K9K 796, K9K 830) diesel 86 METZGER 0910092 DACIA | METZGER - Autorival","og_description":"\u26a1 Comutator presiune ulei servodirectie METZGER 0910092 DACIA DUSTER (HS_) 1,461 cmc (K9K 796, K9K 830) diesel 86 METZGER 0910092 pentru DACIA. \u2713 Cod: 0910092 \u2713 Brand: METZGER \u2713 \u00cen stoc \u2713 Livrare 24h \u2713 Garan\u021bie!","og_url":"https:\/\/autorival.ro\/dacia\/product\/comutator-presiune-ulei-servodirectie-metzger-0910092-dacia-duster-hs_-1461-cmc-k9k-796-k9k-830-diesel-86-metzger-0910092\/","og_site_name":"DACIA","twitter_card":"summary_large_image","twitter_title":"Comutator presiune ulei servodirectie METZGER 0910092 DACIA DUSTER (HS_) 1,461 cmc (K9K 796, K9K 830) diesel 86 METZGER 0910092 DACIA | METZGER - Autorival","twitter_description":"\u26a1 Comutator presiune ulei servodirectie METZGER 0910092 DACIA DUSTER (HS_) 1,461 cmc (K9K 796, K9K 830) diesel 86 METZGER 0910092 pentru DACIA. \u2713 Cod: 0910092 \u2713 Brand: METZGER \u2713 \u00cen stoc \u2713 Livrare 24h \u2713 Garan\u021bie!","schema":{"@context":"https:\/\/schema.org","@graph":[{"@type":"WebPage","@id":"https:\/\/autorival.ro\/dacia\/product\/comutator-presiune-ulei-servodirectie-metzger-0910092-dacia-duster-hs_-1461-cmc-k9k-796-k9k-830-diesel-86-metzger-0910092\/","url":"https:\/\/autorival.ro\/dacia\/product\/comutator-presiune-ulei-servodirectie-metzger-0910092-dacia-duster-hs_-1461-cmc-k9k-796-k9k-830-diesel-86-metzger-0910092\/","name":"Comutator presiune ulei servodirectie METZGER 0910092 DACIA DUSTER (HS_) 1,461 cmc (K9K 796, K9K 830) diesel 86 METZGER 0910092 DACIA | METZGER - Autorival","isPartOf":{"@id":"https:\/\/autorival.ro\/dacia\/#website"},"primaryImageOfPage":{"@id":"https:\/\/autorival.ro\/dacia\/product\/comutator-presiune-ulei-servodirectie-metzger-0910092-dacia-duster-hs_-1461-cmc-k9k-796-k9k-830-diesel-86-metzger-0910092\/#primaryimage"},"image":{"@id":"https:\/\/autorival.ro\/dacia\/product\/comutator-presiune-ulei-servodirectie-metzger-0910092-dacia-duster-hs_-1461-cmc-k9k-796-k9k-830-diesel-86-metzger-0910092\/#primaryimage"},"thumbnailUrl":"https:\/\/autorival.ro\/dacia\/wp-content\/uploads\/sites\/2\/2026\/04\/524413_0910092.jpg","datePublished":"2026-04-08T05:48:22+00:00","description":"\u26a1 Comutator presiune ulei servodirectie METZGER 0910092 DACIA DUSTER (HS_) 1,461 cmc (K9K 796, K9K 830) diesel 86 METZGER 0910092 pentru DACIA. \u2713 Cod: 0910092 \u2713 Brand: METZGER \u2713 \u00cen stoc \u2713 Livrare 24h \u2713 Garan\u021bie!","breadcrumb":{"@id":"https:\/\/autorival.ro\/dacia\/product\/comutator-presiune-ulei-servodirectie-metzger-0910092-dacia-duster-hs_-1461-cmc-k9k-796-k9k-830-diesel-86-metzger-0910092\/#breadcrumb"},"inLanguage":"en-US","potentialAction":[{"@type":"ReadAction","target":["https:\/\/autorival.ro\/dacia\/product\/comutator-presiune-ulei-servodirectie-metzger-0910092-dacia-duster-hs_-1461-cmc-k9k-796-k9k-830-diesel-86-metzger-0910092\/"]}]},{"@type":"ImageObject","inLanguage":"en-US","@id":"https:\/\/autorival.ro\/dacia\/product\/comutator-presiune-ulei-servodirectie-metzger-0910092-dacia-duster-hs_-1461-cmc-k9k-796-k9k-830-diesel-86-metzger-0910092\/#primaryimage","url":"https:\/\/autorival.ro\/dacia\/wp-content\/uploads\/sites\/2\/2026\/04\/524413_0910092.jpg","contentUrl":"https:\/\/autorival.ro\/dacia\/wp-content\/uploads\/sites\/2\/2026\/04\/524413_0910092.jpg","width":599,"height":275},{"@type":"BreadcrumbList","@id":"https:\/\/autorival.ro\/dacia\/product\/comutator-presiune-ulei-servodirectie-metzger-0910092-dacia-duster-hs_-1461-cmc-k9k-796-k9k-830-diesel-86-metzger-0910092\/#breadcrumb","itemListElement":[{"@type":"ListItem","position":1,"name":"Prima pagin\u0103","item":"https:\/\/autorival.ro\/dacia\/"},{"@type":"ListItem","position":2,"name":"Piese auto DACIA","item":"https:\/\/autorival.ro\/dacia\/"},{"@type":"ListItem","position":3,"name":"Comutator presiune ulei servodirectie METZGER 0910092 DACIA DUSTER (HS_) 1,461 cmc (K9K 796, K9K 830) diesel 86 METZGER 0910092"}]},{"@type":"WebSite","@id":"https:\/\/autorival.ro\/dacia\/#website","url":"https:\/\/autorival.ro\/dacia\/","name":"DACIA","description":"","potentialAction":[{"@type":"SearchAction","target":{"@type":"EntryPoint","urlTemplate":"https:\/\/autorival.ro\/dacia\/?s={search_term_string}"},"query-input":{"@type":"PropertyValueSpecification","valueRequired":true,"valueName":"search_term_string"}}],"inLanguage":"en-US"}]}},"_links":{"self":[{"href":"https:\/\/autorival.ro\/dacia\/wp-json\/wp\/v2\/product\/1518141","targetHints":{"allow":["GET"]}}],"collection":[{"href":"https:\/\/autorival.ro\/dacia\/wp-json\/wp\/v2\/product"}],"about":[{"href":"https:\/\/autorival.ro\/dacia\/wp-json\/wp\/v2\/types\/product"}],"replies":[{"embeddable":true,"href":"https:\/\/autorival.ro\/dacia\/wp-json\/wp\/v2\/comments?post=1518141"}],"wp:featuredmedia":[{"embeddable":true,"href":"https:\/\/autorival.ro\/dacia\/wp-json\/wp\/v2\/media\/1518142"}],"wp:attachment":[{"href":"https:\/\/autorival.ro\/dacia\/wp-json\/wp\/v2\/media?parent=1518141"}],"wp:term":[{"taxonomy":"product_brand","embeddable":true,"href":"https:\/\/autorival.ro\/dacia\/wp-json\/wp\/v2\/product_brand?post=1518141"},{"taxonomy":"product_cat","embeddable":true,"href":"https:\/\/autorival.ro\/dacia\/wp-json\/wp\/v2\/product_cat?post=1518141"},{"taxonomy":"product_tag","embeddable":true,"href":"https:\/\/autorival.ro\/dacia\/wp-json\/wp\/v2\/product_tag?post=1518141"}],"curies":[{"name":"wp","href":"https:\/\/api.w.org\/{rel}","templated":true}]}}