{"id":1516327,"date":"2026-04-08T04:38:47","date_gmt":"2026-04-08T04:38:47","guid":{"rendered":"https:\/\/autorival.ro\/dacia\/product\/comutator-macara-geam-topran-701-789-dacia-logan-ls_-1461-cmc-k9k-790-diesel-65-topran-701-789\/"},"modified":"2026-04-08T04:38:47","modified_gmt":"2026-04-08T04:38:47","slug":"comutator-macara-geam-topran-701-789-dacia-logan-ls_-1461-cmc-k9k-790-diesel-65-topran-701-789","status":"publish","type":"product","link":"https:\/\/autorival.ro\/dacia\/product\/comutator-macara-geam-topran-701-789-dacia-logan-ls_-1461-cmc-k9k-790-diesel-65-topran-701-789\/","title":{"rendered":"Comutator macara geam TOPRAN 701 789 DACIA LOGAN (LS_) 1,461 cmc (K9K 790) diesel 65 TOPRAN 701 789"},"content":{"rendered":"<p>Comutator macara geam TOPRAN 701 789; An fabricatie de la: 200806; An fabricatie pana la: 201311; Cod de echipare: E1L, E2A, E2B; Culoare: negru; Echipament vehicul: pentru vehicule cu geamuri actionate electric; Fabric\u0103 produc\u0103toare de autovehicule: A, F, H, K, T; Materialul carcasei: plastic; Numar motor TECDOC: 24781, 20941; Num\u0103rul conexiunilor cu muf\u0103: 5; Partea de montare: fata; Specificatii de asamblare: decupat; Tip control: comutator actionat prin balansare; Vehicul cu volan pe st\u00e2nga\/dreapta: pentru vehicule cu volan pe stanga<\/p>\n","protected":false},"excerpt":{"rendered":"<p>Producator: TOPRAN Cod: 701 789<\/p>\n","protected":false},"featured_media":1516328,"comment_status":"open","ping_status":"closed","template":"","meta":[],"product_brand":[292],"product_cat":[18205],"product_tag":[],"class_list":{"0":"post-1516327","1":"product","2":"type-product","3":"status-publish","4":"has-post-thumbnail","6":"product_brand-topran","7":"product_cat-geamuri-actionate-electric-1461-cmc-k9k-790-diesel-65-logan-ls_","9":"first","10":"instock","11":"shipping-taxable","12":"purchasable","13":"product-type-simple"},"yoast_head":"<!-- This site is optimized with the Yoast SEO plugin v27.3 - https:\/\/yoast.com\/product\/yoast-seo-wordpress\/ -->\n<title>Comutator macara geam TOPRAN 701 789 DACIA LOGAN (LS_) 1,461 cmc (K9K 790) diesel 65 TOPRAN 701 789 DACIA | TOPRAN - Autorival<\/title>\n<meta name=\"description\" content=\"\u26a1 Comutator macara geam TOPRAN 701 789 DACIA LOGAN (LS_) 1,461 cmc (K9K 790) diesel 65 TOPRAN 701 789 pentru DACIA. \u2713 Cod: 701 \u2713 Brand: TOPRAN \u2713 \u00cen stoc \u2713 Livrare 24h \u2713 Garan\u021bie!\" \/>\n<meta name=\"robots\" content=\"index, follow, max-snippet:-1, max-image-preview:large, max-video-preview:-1\" \/>\n<meta property=\"og:locale\" content=\"en_US\" \/>\n<meta property=\"og:type\" content=\"article\" \/>\n<meta property=\"og:title\" content=\"Comutator macara geam TOPRAN 701 789 DACIA LOGAN (LS_) 1,461 cmc (K9K 790) diesel 65 TOPRAN 701 789 DACIA | TOPRAN - Autorival\" \/>\n<meta property=\"og:description\" content=\"\u26a1 Comutator macara geam TOPRAN 701 789 DACIA LOGAN (LS_) 1,461 cmc (K9K 790) diesel 65 TOPRAN 701 789 pentru DACIA. \u2713 Cod: 701 \u2713 Brand: TOPRAN \u2713 \u00cen stoc \u2713 Livrare 24h \u2713 Garan\u021bie!\" \/>\n<meta property=\"og:url\" content=\"https:\/\/autorival.ro\/dacia\/product\/comutator-macara-geam-topran-701-789-dacia-logan-ls_-1461-cmc-k9k-790-diesel-65-topran-701-789\/\" \/>\n<meta property=\"og:site_name\" content=\"DACIA\" \/>\n<meta name=\"twitter:card\" content=\"summary_large_image\" \/>\n<meta name=\"twitter:title\" content=\"Comutator macara geam TOPRAN 701 789 DACIA LOGAN (LS_) 1,461 cmc (K9K 790) diesel 65 TOPRAN 701 789 DACIA | TOPRAN - Autorival\" \/>\n<meta name=\"twitter:description\" content=\"\u26a1 Comutator macara geam TOPRAN 701 789 DACIA LOGAN (LS_) 1,461 cmc (K9K 790) diesel 65 TOPRAN 701 789 pentru DACIA. \u2713 Cod: 701 \u2713 Brand: TOPRAN \u2713 \u00cen stoc \u2713 Livrare 24h \u2713 Garan\u021bie!\" \/>\n<script type=\"application\/ld+json\" class=\"yoast-schema-graph\">{\"@context\":\"https:\\\/\\\/schema.org\",\"@graph\":[{\"@type\":\"WebPage\",\"@id\":\"https:\\\/\\\/autorival.ro\\\/dacia\\\/product\\\/comutator-macara-geam-topran-701-789-dacia-logan-ls_-1461-cmc-k9k-790-diesel-65-topran-701-789\\\/\",\"url\":\"https:\\\/\\\/autorival.ro\\\/dacia\\\/product\\\/comutator-macara-geam-topran-701-789-dacia-logan-ls_-1461-cmc-k9k-790-diesel-65-topran-701-789\\\/\",\"name\":\"Comutator macara geam TOPRAN 701 789 DACIA LOGAN (LS_) 1,461 cmc (K9K 790) diesel 65 TOPRAN 701 789 DACIA | TOPRAN - Autorival\",\"isPartOf\":{\"@id\":\"https:\\\/\\\/autorival.ro\\\/dacia\\\/#website\"},\"primaryImageOfPage\":{\"@id\":\"https:\\\/\\\/autorival.ro\\\/dacia\\\/product\\\/comutator-macara-geam-topran-701-789-dacia-logan-ls_-1461-cmc-k9k-790-diesel-65-topran-701-789\\\/#primaryimage\"},\"image\":{\"@id\":\"https:\\\/\\\/autorival.ro\\\/dacia\\\/product\\\/comutator-macara-geam-topran-701-789-dacia-logan-ls_-1461-cmc-k9k-790-diesel-65-topran-701-789\\\/#primaryimage\"},\"thumbnailUrl\":\"https:\\\/\\\/autorival.ro\\\/dacia\\\/wp-content\\\/uploads\\\/sites\\\/2\\\/2026\\\/04\\\/3243187_114406-15.jpg\",\"datePublished\":\"2026-04-08T04:38:47+00:00\",\"description\":\"\u26a1 Comutator macara geam TOPRAN 701 789 DACIA LOGAN (LS_) 1,461 cmc (K9K 790) diesel 65 TOPRAN 701 789 pentru DACIA. \u2713 Cod: 701 \u2713 Brand: TOPRAN \u2713 \u00cen stoc \u2713 Livrare 24h \u2713 Garan\u021bie!\",\"breadcrumb\":{\"@id\":\"https:\\\/\\\/autorival.ro\\\/dacia\\\/product\\\/comutator-macara-geam-topran-701-789-dacia-logan-ls_-1461-cmc-k9k-790-diesel-65-topran-701-789\\\/#breadcrumb\"},\"inLanguage\":\"en-US\",\"potentialAction\":[{\"@type\":\"ReadAction\",\"target\":[\"https:\\\/\\\/autorival.ro\\\/dacia\\\/product\\\/comutator-macara-geam-topran-701-789-dacia-logan-ls_-1461-cmc-k9k-790-diesel-65-topran-701-789\\\/\"]}]},{\"@type\":\"ImageObject\",\"inLanguage\":\"en-US\",\"@id\":\"https:\\\/\\\/autorival.ro\\\/dacia\\\/product\\\/comutator-macara-geam-topran-701-789-dacia-logan-ls_-1461-cmc-k9k-790-diesel-65-topran-701-789\\\/#primaryimage\",\"url\":\"https:\\\/\\\/autorival.ro\\\/dacia\\\/wp-content\\\/uploads\\\/sites\\\/2\\\/2026\\\/04\\\/3243187_114406-15.jpg\",\"contentUrl\":\"https:\\\/\\\/autorival.ro\\\/dacia\\\/wp-content\\\/uploads\\\/sites\\\/2\\\/2026\\\/04\\\/3243187_114406-15.jpg\",\"width\":600,\"height\":400},{\"@type\":\"BreadcrumbList\",\"@id\":\"https:\\\/\\\/autorival.ro\\\/dacia\\\/product\\\/comutator-macara-geam-topran-701-789-dacia-logan-ls_-1461-cmc-k9k-790-diesel-65-topran-701-789\\\/#breadcrumb\",\"itemListElement\":[{\"@type\":\"ListItem\",\"position\":1,\"name\":\"Prima pagin\u0103\",\"item\":\"https:\\\/\\\/autorival.ro\\\/dacia\\\/\"},{\"@type\":\"ListItem\",\"position\":2,\"name\":\"Piese auto DACIA\",\"item\":\"https:\\\/\\\/autorival.ro\\\/dacia\\\/\"},{\"@type\":\"ListItem\",\"position\":3,\"name\":\"Comutator macara geam TOPRAN 701 789 DACIA LOGAN (LS_) 1,461 cmc (K9K 790) diesel 65 TOPRAN 701 789\"}]},{\"@type\":\"WebSite\",\"@id\":\"https:\\\/\\\/autorival.ro\\\/dacia\\\/#website\",\"url\":\"https:\\\/\\\/autorival.ro\\\/dacia\\\/\",\"name\":\"DACIA\",\"description\":\"\",\"potentialAction\":[{\"@type\":\"SearchAction\",\"target\":{\"@type\":\"EntryPoint\",\"urlTemplate\":\"https:\\\/\\\/autorival.ro\\\/dacia\\\/?s={search_term_string}\"},\"query-input\":{\"@type\":\"PropertyValueSpecification\",\"valueRequired\":true,\"valueName\":\"search_term_string\"}}],\"inLanguage\":\"en-US\"}]}<\/script>\n<!-- \/ Yoast SEO plugin. -->","yoast_head_json":{"title":"Comutator macara geam TOPRAN 701 789 DACIA LOGAN (LS_) 1,461 cmc (K9K 790) diesel 65 TOPRAN 701 789 DACIA | TOPRAN - Autorival","description":"\u26a1 Comutator macara geam TOPRAN 701 789 DACIA LOGAN (LS_) 1,461 cmc (K9K 790) diesel 65 TOPRAN 701 789 pentru DACIA. \u2713 Cod: 701 \u2713 Brand: TOPRAN \u2713 \u00cen stoc \u2713 Livrare 24h \u2713 Garan\u021bie!","robots":{"index":"index","follow":"follow","max-snippet":"max-snippet:-1","max-image-preview":"max-image-preview:large","max-video-preview":"max-video-preview:-1"},"og_locale":"en_US","og_type":"article","og_title":"Comutator macara geam TOPRAN 701 789 DACIA LOGAN (LS_) 1,461 cmc (K9K 790) diesel 65 TOPRAN 701 789 DACIA | TOPRAN - Autorival","og_description":"\u26a1 Comutator macara geam TOPRAN 701 789 DACIA LOGAN (LS_) 1,461 cmc (K9K 790) diesel 65 TOPRAN 701 789 pentru DACIA. \u2713 Cod: 701 \u2713 Brand: TOPRAN \u2713 \u00cen stoc \u2713 Livrare 24h \u2713 Garan\u021bie!","og_url":"https:\/\/autorival.ro\/dacia\/product\/comutator-macara-geam-topran-701-789-dacia-logan-ls_-1461-cmc-k9k-790-diesel-65-topran-701-789\/","og_site_name":"DACIA","twitter_card":"summary_large_image","twitter_title":"Comutator macara geam TOPRAN 701 789 DACIA LOGAN (LS_) 1,461 cmc (K9K 790) diesel 65 TOPRAN 701 789 DACIA | TOPRAN - Autorival","twitter_description":"\u26a1 Comutator macara geam TOPRAN 701 789 DACIA LOGAN (LS_) 1,461 cmc (K9K 790) diesel 65 TOPRAN 701 789 pentru DACIA. \u2713 Cod: 701 \u2713 Brand: TOPRAN \u2713 \u00cen stoc \u2713 Livrare 24h \u2713 Garan\u021bie!","schema":{"@context":"https:\/\/schema.org","@graph":[{"@type":"WebPage","@id":"https:\/\/autorival.ro\/dacia\/product\/comutator-macara-geam-topran-701-789-dacia-logan-ls_-1461-cmc-k9k-790-diesel-65-topran-701-789\/","url":"https:\/\/autorival.ro\/dacia\/product\/comutator-macara-geam-topran-701-789-dacia-logan-ls_-1461-cmc-k9k-790-diesel-65-topran-701-789\/","name":"Comutator macara geam TOPRAN 701 789 DACIA LOGAN (LS_) 1,461 cmc (K9K 790) diesel 65 TOPRAN 701 789 DACIA | TOPRAN - Autorival","isPartOf":{"@id":"https:\/\/autorival.ro\/dacia\/#website"},"primaryImageOfPage":{"@id":"https:\/\/autorival.ro\/dacia\/product\/comutator-macara-geam-topran-701-789-dacia-logan-ls_-1461-cmc-k9k-790-diesel-65-topran-701-789\/#primaryimage"},"image":{"@id":"https:\/\/autorival.ro\/dacia\/product\/comutator-macara-geam-topran-701-789-dacia-logan-ls_-1461-cmc-k9k-790-diesel-65-topran-701-789\/#primaryimage"},"thumbnailUrl":"https:\/\/autorival.ro\/dacia\/wp-content\/uploads\/sites\/2\/2026\/04\/3243187_114406-15.jpg","datePublished":"2026-04-08T04:38:47+00:00","description":"\u26a1 Comutator macara geam TOPRAN 701 789 DACIA LOGAN (LS_) 1,461 cmc (K9K 790) diesel 65 TOPRAN 701 789 pentru DACIA. \u2713 Cod: 701 \u2713 Brand: TOPRAN \u2713 \u00cen stoc \u2713 Livrare 24h \u2713 Garan\u021bie!","breadcrumb":{"@id":"https:\/\/autorival.ro\/dacia\/product\/comutator-macara-geam-topran-701-789-dacia-logan-ls_-1461-cmc-k9k-790-diesel-65-topran-701-789\/#breadcrumb"},"inLanguage":"en-US","potentialAction":[{"@type":"ReadAction","target":["https:\/\/autorival.ro\/dacia\/product\/comutator-macara-geam-topran-701-789-dacia-logan-ls_-1461-cmc-k9k-790-diesel-65-topran-701-789\/"]}]},{"@type":"ImageObject","inLanguage":"en-US","@id":"https:\/\/autorival.ro\/dacia\/product\/comutator-macara-geam-topran-701-789-dacia-logan-ls_-1461-cmc-k9k-790-diesel-65-topran-701-789\/#primaryimage","url":"https:\/\/autorival.ro\/dacia\/wp-content\/uploads\/sites\/2\/2026\/04\/3243187_114406-15.jpg","contentUrl":"https:\/\/autorival.ro\/dacia\/wp-content\/uploads\/sites\/2\/2026\/04\/3243187_114406-15.jpg","width":600,"height":400},{"@type":"BreadcrumbList","@id":"https:\/\/autorival.ro\/dacia\/product\/comutator-macara-geam-topran-701-789-dacia-logan-ls_-1461-cmc-k9k-790-diesel-65-topran-701-789\/#breadcrumb","itemListElement":[{"@type":"ListItem","position":1,"name":"Prima pagin\u0103","item":"https:\/\/autorival.ro\/dacia\/"},{"@type":"ListItem","position":2,"name":"Piese auto DACIA","item":"https:\/\/autorival.ro\/dacia\/"},{"@type":"ListItem","position":3,"name":"Comutator macara geam TOPRAN 701 789 DACIA LOGAN (LS_) 1,461 cmc (K9K 790) diesel 65 TOPRAN 701 789"}]},{"@type":"WebSite","@id":"https:\/\/autorival.ro\/dacia\/#website","url":"https:\/\/autorival.ro\/dacia\/","name":"DACIA","description":"","potentialAction":[{"@type":"SearchAction","target":{"@type":"EntryPoint","urlTemplate":"https:\/\/autorival.ro\/dacia\/?s={search_term_string}"},"query-input":{"@type":"PropertyValueSpecification","valueRequired":true,"valueName":"search_term_string"}}],"inLanguage":"en-US"}]}},"_links":{"self":[{"href":"https:\/\/autorival.ro\/dacia\/wp-json\/wp\/v2\/product\/1516327","targetHints":{"allow":["GET"]}}],"collection":[{"href":"https:\/\/autorival.ro\/dacia\/wp-json\/wp\/v2\/product"}],"about":[{"href":"https:\/\/autorival.ro\/dacia\/wp-json\/wp\/v2\/types\/product"}],"replies":[{"embeddable":true,"href":"https:\/\/autorival.ro\/dacia\/wp-json\/wp\/v2\/comments?post=1516327"}],"wp:featuredmedia":[{"embeddable":true,"href":"https:\/\/autorival.ro\/dacia\/wp-json\/wp\/v2\/media\/1516328"}],"wp:attachment":[{"href":"https:\/\/autorival.ro\/dacia\/wp-json\/wp\/v2\/media?parent=1516327"}],"wp:term":[{"taxonomy":"product_brand","embeddable":true,"href":"https:\/\/autorival.ro\/dacia\/wp-json\/wp\/v2\/product_brand?post=1516327"},{"taxonomy":"product_cat","embeddable":true,"href":"https:\/\/autorival.ro\/dacia\/wp-json\/wp\/v2\/product_cat?post=1516327"},{"taxonomy":"product_tag","embeddable":true,"href":"https:\/\/autorival.ro\/dacia\/wp-json\/wp\/v2\/product_tag?post=1516327"}],"curies":[{"name":"wp","href":"https:\/\/api.w.org\/{rel}","templated":true}]}}