{"id":1473235,"date":"2026-04-07T02:19:03","date_gmt":"2026-04-07T02:19:03","guid":{"rendered":"https:\/\/autorival.ro\/dacia\/product\/compresor-climatizare-airstal-10-4641-dacia-duster-hm_-999-cmc-h4d-470-benzina-91-airstal-10-4641\/"},"modified":"2026-04-07T02:19:03","modified_gmt":"2026-04-07T02:19:03","slug":"compresor-climatizare-airstal-10-4641-dacia-duster-hm_-999-cmc-h4d-470-benzina-91-airstal-10-4641","status":"publish","type":"product","link":"https:\/\/autorival.ro\/dacia\/product\/compresor-climatizare-airstal-10-4641-dacia-duster-hm_-999-cmc-h4d-470-benzina-91-airstal-10-4641\/","title":{"rendered":"Compresor climatizare AIRSTAL 10-4641 DACIA DUSTER (HM_) 999 cmc (H4D 470) benzina 91 AIRSTAL 10-4641"},"content":{"rendered":"<p>Compresor climatizare AIRSTAL 10-4641; Agent frigorific: R 1234yf; Cantitate umplere ulei [ml]: 125; Diametru racord (parte aspirare) [mm]: 21,4; Diametru racord (partea de presiune) [mm]: 15,5; Excludere produc\u0103tor compresor climatizare: DKV09Z; Fulie curea \u00d8 [mm]: 100; Greutate neta [kg]: 7; Numar de striatii: 7; Produc\u0103tor: Valeo; Tensiune de lucru [V]: 12; Ulei de compresor: PAG 100 YF<\/p>\n","protected":false},"excerpt":{"rendered":"<p>Producator: AIRSTAL Cod: 10-4641<\/p>\n","protected":false},"featured_media":1473236,"comment_status":"open","ping_status":"closed","template":"","meta":[],"product_brand":[16292],"product_cat":[16315],"product_tag":[],"class_list":{"0":"post-1473235","1":"product","2":"type-product","3":"status-publish","4":"has-post-thumbnail","6":"product_brand-airstal","7":"product_cat-compresor-piese-999-cmc-h4d-470-benzina-91","9":"first","10":"instock","11":"shipping-taxable","12":"purchasable","13":"product-type-simple"},"yoast_head":"<!-- This site is optimized with the Yoast SEO plugin v27.3 - https:\/\/yoast.com\/product\/yoast-seo-wordpress\/ -->\n<title>Compresor climatizare AIRSTAL 10-4641 DACIA DUSTER (HM_) 999 cmc (H4D 470) benzina 91 AIRSTAL 10-4641 DACIA | AIRSTAL - Autorival<\/title>\n<meta name=\"description\" content=\"\u26a1 Compresor climatizare AIRSTAL 10-4641 DACIA DUSTER (HM_) 999 cmc (H4D 470) benzina 91 AIRSTAL 10-4641 pentru DACIA. \u2713 Cod: 10-4641 \u2713 Brand: AIRSTAL \u2713 \u00cen stoc \u2713 Livrare 24h \u2713 Garan\u021bie!\" \/>\n<meta name=\"robots\" content=\"index, follow, max-snippet:-1, max-image-preview:large, max-video-preview:-1\" \/>\n<meta property=\"og:locale\" content=\"en_US\" \/>\n<meta property=\"og:type\" content=\"article\" \/>\n<meta property=\"og:title\" content=\"Compresor climatizare AIRSTAL 10-4641 DACIA DUSTER (HM_) 999 cmc (H4D 470) benzina 91 AIRSTAL 10-4641 DACIA | AIRSTAL - Autorival\" \/>\n<meta property=\"og:description\" content=\"\u26a1 Compresor climatizare AIRSTAL 10-4641 DACIA DUSTER (HM_) 999 cmc (H4D 470) benzina 91 AIRSTAL 10-4641 pentru DACIA. \u2713 Cod: 10-4641 \u2713 Brand: AIRSTAL \u2713 \u00cen stoc \u2713 Livrare 24h \u2713 Garan\u021bie!\" \/>\n<meta property=\"og:url\" content=\"https:\/\/autorival.ro\/dacia\/product\/compresor-climatizare-airstal-10-4641-dacia-duster-hm_-999-cmc-h4d-470-benzina-91-airstal-10-4641\/\" \/>\n<meta property=\"og:site_name\" content=\"DACIA\" \/>\n<meta name=\"twitter:card\" content=\"summary_large_image\" \/>\n<meta name=\"twitter:title\" content=\"Compresor climatizare AIRSTAL 10-4641 DACIA DUSTER (HM_) 999 cmc (H4D 470) benzina 91 AIRSTAL 10-4641 DACIA | AIRSTAL - Autorival\" \/>\n<meta name=\"twitter:description\" content=\"\u26a1 Compresor climatizare AIRSTAL 10-4641 DACIA DUSTER (HM_) 999 cmc (H4D 470) benzina 91 AIRSTAL 10-4641 pentru DACIA. \u2713 Cod: 10-4641 \u2713 Brand: AIRSTAL \u2713 \u00cen stoc \u2713 Livrare 24h \u2713 Garan\u021bie!\" \/>\n<script type=\"application\/ld+json\" class=\"yoast-schema-graph\">{\"@context\":\"https:\\\/\\\/schema.org\",\"@graph\":[{\"@type\":\"WebPage\",\"@id\":\"https:\\\/\\\/autorival.ro\\\/dacia\\\/product\\\/compresor-climatizare-airstal-10-4641-dacia-duster-hm_-999-cmc-h4d-470-benzina-91-airstal-10-4641\\\/\",\"url\":\"https:\\\/\\\/autorival.ro\\\/dacia\\\/product\\\/compresor-climatizare-airstal-10-4641-dacia-duster-hm_-999-cmc-h4d-470-benzina-91-airstal-10-4641\\\/\",\"name\":\"Compresor climatizare AIRSTAL 10-4641 DACIA DUSTER (HM_) 999 cmc (H4D 470) benzina 91 AIRSTAL 10-4641 DACIA | AIRSTAL - Autorival\",\"isPartOf\":{\"@id\":\"https:\\\/\\\/autorival.ro\\\/dacia\\\/#website\"},\"primaryImageOfPage\":{\"@id\":\"https:\\\/\\\/autorival.ro\\\/dacia\\\/product\\\/compresor-climatizare-airstal-10-4641-dacia-duster-hm_-999-cmc-h4d-470-benzina-91-airstal-10-4641\\\/#primaryimage\"},\"image\":{\"@id\":\"https:\\\/\\\/autorival.ro\\\/dacia\\\/product\\\/compresor-climatizare-airstal-10-4641-dacia-duster-hm_-999-cmc-h4d-470-benzina-91-airstal-10-4641\\\/#primaryimage\"},\"thumbnailUrl\":\"https:\\\/\\\/autorival.ro\\\/dacia\\\/wp-content\\\/uploads\\\/sites\\\/2\\\/2026\\\/04\\\/2427741_10-4641_1-2.jpg\",\"datePublished\":\"2026-04-07T02:19:03+00:00\",\"description\":\"\u26a1 Compresor climatizare AIRSTAL 10-4641 DACIA DUSTER (HM_) 999 cmc (H4D 470) benzina 91 AIRSTAL 10-4641 pentru DACIA. \u2713 Cod: 10-4641 \u2713 Brand: AIRSTAL \u2713 \u00cen stoc \u2713 Livrare 24h \u2713 Garan\u021bie!\",\"breadcrumb\":{\"@id\":\"https:\\\/\\\/autorival.ro\\\/dacia\\\/product\\\/compresor-climatizare-airstal-10-4641-dacia-duster-hm_-999-cmc-h4d-470-benzina-91-airstal-10-4641\\\/#breadcrumb\"},\"inLanguage\":\"en-US\",\"potentialAction\":[{\"@type\":\"ReadAction\",\"target\":[\"https:\\\/\\\/autorival.ro\\\/dacia\\\/product\\\/compresor-climatizare-airstal-10-4641-dacia-duster-hm_-999-cmc-h4d-470-benzina-91-airstal-10-4641\\\/\"]}]},{\"@type\":\"ImageObject\",\"inLanguage\":\"en-US\",\"@id\":\"https:\\\/\\\/autorival.ro\\\/dacia\\\/product\\\/compresor-climatizare-airstal-10-4641-dacia-duster-hm_-999-cmc-h4d-470-benzina-91-airstal-10-4641\\\/#primaryimage\",\"url\":\"https:\\\/\\\/autorival.ro\\\/dacia\\\/wp-content\\\/uploads\\\/sites\\\/2\\\/2026\\\/04\\\/2427741_10-4641_1-2.jpg\",\"contentUrl\":\"https:\\\/\\\/autorival.ro\\\/dacia\\\/wp-content\\\/uploads\\\/sites\\\/2\\\/2026\\\/04\\\/2427741_10-4641_1-2.jpg\",\"width\":567,\"height\":425},{\"@type\":\"BreadcrumbList\",\"@id\":\"https:\\\/\\\/autorival.ro\\\/dacia\\\/product\\\/compresor-climatizare-airstal-10-4641-dacia-duster-hm_-999-cmc-h4d-470-benzina-91-airstal-10-4641\\\/#breadcrumb\",\"itemListElement\":[{\"@type\":\"ListItem\",\"position\":1,\"name\":\"Prima pagin\u0103\",\"item\":\"https:\\\/\\\/autorival.ro\\\/dacia\\\/\"},{\"@type\":\"ListItem\",\"position\":2,\"name\":\"Piese auto DACIA\",\"item\":\"https:\\\/\\\/autorival.ro\\\/dacia\\\/\"},{\"@type\":\"ListItem\",\"position\":3,\"name\":\"Compresor climatizare AIRSTAL 10-4641 DACIA DUSTER (HM_) 999 cmc (H4D 470) benzina 91 AIRSTAL 10-4641\"}]},{\"@type\":\"WebSite\",\"@id\":\"https:\\\/\\\/autorival.ro\\\/dacia\\\/#website\",\"url\":\"https:\\\/\\\/autorival.ro\\\/dacia\\\/\",\"name\":\"DACIA\",\"description\":\"\",\"potentialAction\":[{\"@type\":\"SearchAction\",\"target\":{\"@type\":\"EntryPoint\",\"urlTemplate\":\"https:\\\/\\\/autorival.ro\\\/dacia\\\/?s={search_term_string}\"},\"query-input\":{\"@type\":\"PropertyValueSpecification\",\"valueRequired\":true,\"valueName\":\"search_term_string\"}}],\"inLanguage\":\"en-US\"}]}<\/script>\n<!-- \/ Yoast SEO plugin. -->","yoast_head_json":{"title":"Compresor climatizare AIRSTAL 10-4641 DACIA DUSTER (HM_) 999 cmc (H4D 470) benzina 91 AIRSTAL 10-4641 DACIA | AIRSTAL - Autorival","description":"\u26a1 Compresor climatizare AIRSTAL 10-4641 DACIA DUSTER (HM_) 999 cmc (H4D 470) benzina 91 AIRSTAL 10-4641 pentru DACIA. \u2713 Cod: 10-4641 \u2713 Brand: AIRSTAL \u2713 \u00cen stoc \u2713 Livrare 24h \u2713 Garan\u021bie!","robots":{"index":"index","follow":"follow","max-snippet":"max-snippet:-1","max-image-preview":"max-image-preview:large","max-video-preview":"max-video-preview:-1"},"og_locale":"en_US","og_type":"article","og_title":"Compresor climatizare AIRSTAL 10-4641 DACIA DUSTER (HM_) 999 cmc (H4D 470) benzina 91 AIRSTAL 10-4641 DACIA | AIRSTAL - Autorival","og_description":"\u26a1 Compresor climatizare AIRSTAL 10-4641 DACIA DUSTER (HM_) 999 cmc (H4D 470) benzina 91 AIRSTAL 10-4641 pentru DACIA. \u2713 Cod: 10-4641 \u2713 Brand: AIRSTAL \u2713 \u00cen stoc \u2713 Livrare 24h \u2713 Garan\u021bie!","og_url":"https:\/\/autorival.ro\/dacia\/product\/compresor-climatizare-airstal-10-4641-dacia-duster-hm_-999-cmc-h4d-470-benzina-91-airstal-10-4641\/","og_site_name":"DACIA","twitter_card":"summary_large_image","twitter_title":"Compresor climatizare AIRSTAL 10-4641 DACIA DUSTER (HM_) 999 cmc (H4D 470) benzina 91 AIRSTAL 10-4641 DACIA | AIRSTAL - Autorival","twitter_description":"\u26a1 Compresor climatizare AIRSTAL 10-4641 DACIA DUSTER (HM_) 999 cmc (H4D 470) benzina 91 AIRSTAL 10-4641 pentru DACIA. \u2713 Cod: 10-4641 \u2713 Brand: AIRSTAL \u2713 \u00cen stoc \u2713 Livrare 24h \u2713 Garan\u021bie!","schema":{"@context":"https:\/\/schema.org","@graph":[{"@type":"WebPage","@id":"https:\/\/autorival.ro\/dacia\/product\/compresor-climatizare-airstal-10-4641-dacia-duster-hm_-999-cmc-h4d-470-benzina-91-airstal-10-4641\/","url":"https:\/\/autorival.ro\/dacia\/product\/compresor-climatizare-airstal-10-4641-dacia-duster-hm_-999-cmc-h4d-470-benzina-91-airstal-10-4641\/","name":"Compresor climatizare AIRSTAL 10-4641 DACIA DUSTER (HM_) 999 cmc (H4D 470) benzina 91 AIRSTAL 10-4641 DACIA | AIRSTAL - Autorival","isPartOf":{"@id":"https:\/\/autorival.ro\/dacia\/#website"},"primaryImageOfPage":{"@id":"https:\/\/autorival.ro\/dacia\/product\/compresor-climatizare-airstal-10-4641-dacia-duster-hm_-999-cmc-h4d-470-benzina-91-airstal-10-4641\/#primaryimage"},"image":{"@id":"https:\/\/autorival.ro\/dacia\/product\/compresor-climatizare-airstal-10-4641-dacia-duster-hm_-999-cmc-h4d-470-benzina-91-airstal-10-4641\/#primaryimage"},"thumbnailUrl":"https:\/\/autorival.ro\/dacia\/wp-content\/uploads\/sites\/2\/2026\/04\/2427741_10-4641_1-2.jpg","datePublished":"2026-04-07T02:19:03+00:00","description":"\u26a1 Compresor climatizare AIRSTAL 10-4641 DACIA DUSTER (HM_) 999 cmc (H4D 470) benzina 91 AIRSTAL 10-4641 pentru DACIA. \u2713 Cod: 10-4641 \u2713 Brand: AIRSTAL \u2713 \u00cen stoc \u2713 Livrare 24h \u2713 Garan\u021bie!","breadcrumb":{"@id":"https:\/\/autorival.ro\/dacia\/product\/compresor-climatizare-airstal-10-4641-dacia-duster-hm_-999-cmc-h4d-470-benzina-91-airstal-10-4641\/#breadcrumb"},"inLanguage":"en-US","potentialAction":[{"@type":"ReadAction","target":["https:\/\/autorival.ro\/dacia\/product\/compresor-climatizare-airstal-10-4641-dacia-duster-hm_-999-cmc-h4d-470-benzina-91-airstal-10-4641\/"]}]},{"@type":"ImageObject","inLanguage":"en-US","@id":"https:\/\/autorival.ro\/dacia\/product\/compresor-climatizare-airstal-10-4641-dacia-duster-hm_-999-cmc-h4d-470-benzina-91-airstal-10-4641\/#primaryimage","url":"https:\/\/autorival.ro\/dacia\/wp-content\/uploads\/sites\/2\/2026\/04\/2427741_10-4641_1-2.jpg","contentUrl":"https:\/\/autorival.ro\/dacia\/wp-content\/uploads\/sites\/2\/2026\/04\/2427741_10-4641_1-2.jpg","width":567,"height":425},{"@type":"BreadcrumbList","@id":"https:\/\/autorival.ro\/dacia\/product\/compresor-climatizare-airstal-10-4641-dacia-duster-hm_-999-cmc-h4d-470-benzina-91-airstal-10-4641\/#breadcrumb","itemListElement":[{"@type":"ListItem","position":1,"name":"Prima pagin\u0103","item":"https:\/\/autorival.ro\/dacia\/"},{"@type":"ListItem","position":2,"name":"Piese auto DACIA","item":"https:\/\/autorival.ro\/dacia\/"},{"@type":"ListItem","position":3,"name":"Compresor climatizare AIRSTAL 10-4641 DACIA DUSTER (HM_) 999 cmc (H4D 470) benzina 91 AIRSTAL 10-4641"}]},{"@type":"WebSite","@id":"https:\/\/autorival.ro\/dacia\/#website","url":"https:\/\/autorival.ro\/dacia\/","name":"DACIA","description":"","potentialAction":[{"@type":"SearchAction","target":{"@type":"EntryPoint","urlTemplate":"https:\/\/autorival.ro\/dacia\/?s={search_term_string}"},"query-input":{"@type":"PropertyValueSpecification","valueRequired":true,"valueName":"search_term_string"}}],"inLanguage":"en-US"}]}},"_links":{"self":[{"href":"https:\/\/autorival.ro\/dacia\/wp-json\/wp\/v2\/product\/1473235","targetHints":{"allow":["GET"]}}],"collection":[{"href":"https:\/\/autorival.ro\/dacia\/wp-json\/wp\/v2\/product"}],"about":[{"href":"https:\/\/autorival.ro\/dacia\/wp-json\/wp\/v2\/types\/product"}],"replies":[{"embeddable":true,"href":"https:\/\/autorival.ro\/dacia\/wp-json\/wp\/v2\/comments?post=1473235"}],"wp:featuredmedia":[{"embeddable":true,"href":"https:\/\/autorival.ro\/dacia\/wp-json\/wp\/v2\/media\/1473236"}],"wp:attachment":[{"href":"https:\/\/autorival.ro\/dacia\/wp-json\/wp\/v2\/media?parent=1473235"}],"wp:term":[{"taxonomy":"product_brand","embeddable":true,"href":"https:\/\/autorival.ro\/dacia\/wp-json\/wp\/v2\/product_brand?post=1473235"},{"taxonomy":"product_cat","embeddable":true,"href":"https:\/\/autorival.ro\/dacia\/wp-json\/wp\/v2\/product_cat?post=1473235"},{"taxonomy":"product_tag","embeddable":true,"href":"https:\/\/autorival.ro\/dacia\/wp-json\/wp\/v2\/product_tag?post=1473235"}],"curies":[{"name":"wp","href":"https:\/\/api.w.org\/{rel}","templated":true}]}}