{"id":1471711,"date":"2026-04-07T01:25:28","date_gmt":"2026-04-07T01:25:28","guid":{"rendered":"https:\/\/autorival.ro\/dacia\/product\/compresor-climatizare-nissens-89148-dacia-logan-ls_-1149-cmc-d4f-732-d4f-734-benzina-75-nissens-89148\/"},"modified":"2026-04-07T01:25:28","modified_gmt":"2026-04-07T01:25:28","slug":"compresor-climatizare-nissens-89148-dacia-logan-ls_-1149-cmc-d4f-732-d4f-734-benzina-75-nissens-89148","status":"publish","type":"product","link":"https:\/\/autorival.ro\/dacia\/product\/compresor-climatizare-nissens-89148-dacia-logan-ls_-1149-cmc-d4f-732-d4f-734-benzina-75-nissens-89148\/","title":{"rendered":"Compresor climatizare NISSENS 89148 DACIA LOGAN (LS_) 1,149 cmc (D4F 732, D4F 734) benzina 75 NISSENS 89148"},"content":{"rendered":"<p>Compresor climatizare NISSENS 89148; Agent frigorific: R 134a; An fabricatie de la: 201311; An fabricatie pana la: 201112; Articol completare\/Info suplimentar 2: cu elei compresor-PAG, cu ambreiaj magnetic; Cantitate umplere ulei [ml]: 160; Diametru admisie [mm]: 20,7; Diametru evacuare [mm]: 14,4; Echipament vehicul: pentru vehicule cu directie servoasistata; Forma carcasa stecher: circular; Fulie curea \u00d8 [mm]: 125; ID compresor: SD7V16; Numar de striatii: 7; Num\u0103rul conexiunilor cu muf\u0103: 1; Serie \u0219asiu (VIN)p\u00e2n\u0103 la: A691361; Tara productie vehicul: Spania; Tensiune [V]: 12; Tip fisa: Mama; Ulei de compresor: PAG 46<\/p>\n","protected":false},"excerpt":{"rendered":"<p>Producator: NISSENS Cod: 89148<\/p>\n","protected":false},"featured_media":1471712,"comment_status":"open","ping_status":"closed","template":"","meta":[],"product_brand":[13483],"product_cat":[8803],"product_tag":[],"class_list":{"0":"post-1471711","1":"product","2":"type-product","3":"status-publish","4":"has-post-thumbnail","6":"product_brand-nissens","7":"product_cat-compresor-piese-1149-cmc-d4f-732-d4f-734-benzina-75","9":"first","10":"instock","11":"shipping-taxable","12":"purchasable","13":"product-type-simple"},"yoast_head":"<!-- This site is optimized with the Yoast SEO plugin v27.3 - https:\/\/yoast.com\/product\/yoast-seo-wordpress\/ -->\n<title>Compresor climatizare NISSENS 89148 DACIA LOGAN (LS_) 1,149 cmc (D4F 732, D4F 734) benzina 75 NISSENS 89148 DACIA | NISSENS - Autorival<\/title>\n<meta name=\"description\" content=\"\u26a1 Compresor climatizare NISSENS 89148 DACIA LOGAN (LS_) 1,149 cmc (D4F 732, D4F 734) benzina 75 NISSENS 89148 pentru DACIA. \u2713 Cod: 89148 \u2713 Brand: NISSENS \u2713 \u00cen stoc \u2713 Livrare 24h \u2713 Garan\u021bie!\" \/>\n<meta name=\"robots\" content=\"index, follow, max-snippet:-1, max-image-preview:large, max-video-preview:-1\" \/>\n<meta property=\"og:locale\" content=\"en_US\" \/>\n<meta property=\"og:type\" content=\"article\" \/>\n<meta property=\"og:title\" content=\"Compresor climatizare NISSENS 89148 DACIA LOGAN (LS_) 1,149 cmc (D4F 732, D4F 734) benzina 75 NISSENS 89148 DACIA | NISSENS - Autorival\" \/>\n<meta property=\"og:description\" content=\"\u26a1 Compresor climatizare NISSENS 89148 DACIA LOGAN (LS_) 1,149 cmc (D4F 732, D4F 734) benzina 75 NISSENS 89148 pentru DACIA. \u2713 Cod: 89148 \u2713 Brand: NISSENS \u2713 \u00cen stoc \u2713 Livrare 24h \u2713 Garan\u021bie!\" \/>\n<meta property=\"og:url\" content=\"https:\/\/autorival.ro\/dacia\/product\/compresor-climatizare-nissens-89148-dacia-logan-ls_-1149-cmc-d4f-732-d4f-734-benzina-75-nissens-89148\/\" \/>\n<meta property=\"og:site_name\" content=\"DACIA\" \/>\n<meta name=\"twitter:card\" content=\"summary_large_image\" \/>\n<meta name=\"twitter:title\" content=\"Compresor climatizare NISSENS 89148 DACIA LOGAN (LS_) 1,149 cmc (D4F 732, D4F 734) benzina 75 NISSENS 89148 DACIA | NISSENS - Autorival\" \/>\n<meta name=\"twitter:description\" content=\"\u26a1 Compresor climatizare NISSENS 89148 DACIA LOGAN (LS_) 1,149 cmc (D4F 732, D4F 734) benzina 75 NISSENS 89148 pentru DACIA. \u2713 Cod: 89148 \u2713 Brand: NISSENS \u2713 \u00cen stoc \u2713 Livrare 24h \u2713 Garan\u021bie!\" \/>\n<script type=\"application\/ld+json\" class=\"yoast-schema-graph\">{\"@context\":\"https:\\\/\\\/schema.org\",\"@graph\":[{\"@type\":\"WebPage\",\"@id\":\"https:\\\/\\\/autorival.ro\\\/dacia\\\/product\\\/compresor-climatizare-nissens-89148-dacia-logan-ls_-1149-cmc-d4f-732-d4f-734-benzina-75-nissens-89148\\\/\",\"url\":\"https:\\\/\\\/autorival.ro\\\/dacia\\\/product\\\/compresor-climatizare-nissens-89148-dacia-logan-ls_-1149-cmc-d4f-732-d4f-734-benzina-75-nissens-89148\\\/\",\"name\":\"Compresor climatizare NISSENS 89148 DACIA LOGAN (LS_) 1,149 cmc (D4F 732, D4F 734) benzina 75 NISSENS 89148 DACIA | NISSENS - Autorival\",\"isPartOf\":{\"@id\":\"https:\\\/\\\/autorival.ro\\\/dacia\\\/#website\"},\"primaryImageOfPage\":{\"@id\":\"https:\\\/\\\/autorival.ro\\\/dacia\\\/product\\\/compresor-climatizare-nissens-89148-dacia-logan-ls_-1149-cmc-d4f-732-d4f-734-benzina-75-nissens-89148\\\/#primaryimage\"},\"image\":{\"@id\":\"https:\\\/\\\/autorival.ro\\\/dacia\\\/product\\\/compresor-climatizare-nissens-89148-dacia-logan-ls_-1149-cmc-d4f-732-d4f-734-benzina-75-nissens-89148\\\/#primaryimage\"},\"thumbnailUrl\":\"https:\\\/\\\/autorival.ro\\\/dacia\\\/wp-content\\\/uploads\\\/sites\\\/2\\\/2026\\\/04\\\/1751042_nissens_i89148-28.jpg\",\"datePublished\":\"2026-04-07T01:25:28+00:00\",\"description\":\"\u26a1 Compresor climatizare NISSENS 89148 DACIA LOGAN (LS_) 1,149 cmc (D4F 732, D4F 734) benzina 75 NISSENS 89148 pentru DACIA. \u2713 Cod: 89148 \u2713 Brand: NISSENS \u2713 \u00cen stoc \u2713 Livrare 24h \u2713 Garan\u021bie!\",\"breadcrumb\":{\"@id\":\"https:\\\/\\\/autorival.ro\\\/dacia\\\/product\\\/compresor-climatizare-nissens-89148-dacia-logan-ls_-1149-cmc-d4f-732-d4f-734-benzina-75-nissens-89148\\\/#breadcrumb\"},\"inLanguage\":\"en-US\",\"potentialAction\":[{\"@type\":\"ReadAction\",\"target\":[\"https:\\\/\\\/autorival.ro\\\/dacia\\\/product\\\/compresor-climatizare-nissens-89148-dacia-logan-ls_-1149-cmc-d4f-732-d4f-734-benzina-75-nissens-89148\\\/\"]}]},{\"@type\":\"ImageObject\",\"inLanguage\":\"en-US\",\"@id\":\"https:\\\/\\\/autorival.ro\\\/dacia\\\/product\\\/compresor-climatizare-nissens-89148-dacia-logan-ls_-1149-cmc-d4f-732-d4f-734-benzina-75-nissens-89148\\\/#primaryimage\",\"url\":\"https:\\\/\\\/autorival.ro\\\/dacia\\\/wp-content\\\/uploads\\\/sites\\\/2\\\/2026\\\/04\\\/1751042_nissens_i89148-28.jpg\",\"contentUrl\":\"https:\\\/\\\/autorival.ro\\\/dacia\\\/wp-content\\\/uploads\\\/sites\\\/2\\\/2026\\\/04\\\/1751042_nissens_i89148-28.jpg\",\"width\":524,\"height\":400},{\"@type\":\"BreadcrumbList\",\"@id\":\"https:\\\/\\\/autorival.ro\\\/dacia\\\/product\\\/compresor-climatizare-nissens-89148-dacia-logan-ls_-1149-cmc-d4f-732-d4f-734-benzina-75-nissens-89148\\\/#breadcrumb\",\"itemListElement\":[{\"@type\":\"ListItem\",\"position\":1,\"name\":\"Prima pagin\u0103\",\"item\":\"https:\\\/\\\/autorival.ro\\\/dacia\\\/\"},{\"@type\":\"ListItem\",\"position\":2,\"name\":\"Piese auto DACIA\",\"item\":\"https:\\\/\\\/autorival.ro\\\/dacia\\\/\"},{\"@type\":\"ListItem\",\"position\":3,\"name\":\"Compresor climatizare NISSENS 89148 DACIA LOGAN (LS_) 1,149 cmc (D4F 732, D4F 734) benzina 75 NISSENS 89148\"}]},{\"@type\":\"WebSite\",\"@id\":\"https:\\\/\\\/autorival.ro\\\/dacia\\\/#website\",\"url\":\"https:\\\/\\\/autorival.ro\\\/dacia\\\/\",\"name\":\"DACIA\",\"description\":\"\",\"potentialAction\":[{\"@type\":\"SearchAction\",\"target\":{\"@type\":\"EntryPoint\",\"urlTemplate\":\"https:\\\/\\\/autorival.ro\\\/dacia\\\/?s={search_term_string}\"},\"query-input\":{\"@type\":\"PropertyValueSpecification\",\"valueRequired\":true,\"valueName\":\"search_term_string\"}}],\"inLanguage\":\"en-US\"}]}<\/script>\n<!-- \/ Yoast SEO plugin. -->","yoast_head_json":{"title":"Compresor climatizare NISSENS 89148 DACIA LOGAN (LS_) 1,149 cmc (D4F 732, D4F 734) benzina 75 NISSENS 89148 DACIA | NISSENS - Autorival","description":"\u26a1 Compresor climatizare NISSENS 89148 DACIA LOGAN (LS_) 1,149 cmc (D4F 732, D4F 734) benzina 75 NISSENS 89148 pentru DACIA. \u2713 Cod: 89148 \u2713 Brand: NISSENS \u2713 \u00cen stoc \u2713 Livrare 24h \u2713 Garan\u021bie!","robots":{"index":"index","follow":"follow","max-snippet":"max-snippet:-1","max-image-preview":"max-image-preview:large","max-video-preview":"max-video-preview:-1"},"og_locale":"en_US","og_type":"article","og_title":"Compresor climatizare NISSENS 89148 DACIA LOGAN (LS_) 1,149 cmc (D4F 732, D4F 734) benzina 75 NISSENS 89148 DACIA | NISSENS - Autorival","og_description":"\u26a1 Compresor climatizare NISSENS 89148 DACIA LOGAN (LS_) 1,149 cmc (D4F 732, D4F 734) benzina 75 NISSENS 89148 pentru DACIA. \u2713 Cod: 89148 \u2713 Brand: NISSENS \u2713 \u00cen stoc \u2713 Livrare 24h \u2713 Garan\u021bie!","og_url":"https:\/\/autorival.ro\/dacia\/product\/compresor-climatizare-nissens-89148-dacia-logan-ls_-1149-cmc-d4f-732-d4f-734-benzina-75-nissens-89148\/","og_site_name":"DACIA","twitter_card":"summary_large_image","twitter_title":"Compresor climatizare NISSENS 89148 DACIA LOGAN (LS_) 1,149 cmc (D4F 732, D4F 734) benzina 75 NISSENS 89148 DACIA | NISSENS - Autorival","twitter_description":"\u26a1 Compresor climatizare NISSENS 89148 DACIA LOGAN (LS_) 1,149 cmc (D4F 732, D4F 734) benzina 75 NISSENS 89148 pentru DACIA. \u2713 Cod: 89148 \u2713 Brand: NISSENS \u2713 \u00cen stoc \u2713 Livrare 24h \u2713 Garan\u021bie!","schema":{"@context":"https:\/\/schema.org","@graph":[{"@type":"WebPage","@id":"https:\/\/autorival.ro\/dacia\/product\/compresor-climatizare-nissens-89148-dacia-logan-ls_-1149-cmc-d4f-732-d4f-734-benzina-75-nissens-89148\/","url":"https:\/\/autorival.ro\/dacia\/product\/compresor-climatizare-nissens-89148-dacia-logan-ls_-1149-cmc-d4f-732-d4f-734-benzina-75-nissens-89148\/","name":"Compresor climatizare NISSENS 89148 DACIA LOGAN (LS_) 1,149 cmc (D4F 732, D4F 734) benzina 75 NISSENS 89148 DACIA | NISSENS - Autorival","isPartOf":{"@id":"https:\/\/autorival.ro\/dacia\/#website"},"primaryImageOfPage":{"@id":"https:\/\/autorival.ro\/dacia\/product\/compresor-climatizare-nissens-89148-dacia-logan-ls_-1149-cmc-d4f-732-d4f-734-benzina-75-nissens-89148\/#primaryimage"},"image":{"@id":"https:\/\/autorival.ro\/dacia\/product\/compresor-climatizare-nissens-89148-dacia-logan-ls_-1149-cmc-d4f-732-d4f-734-benzina-75-nissens-89148\/#primaryimage"},"thumbnailUrl":"https:\/\/autorival.ro\/dacia\/wp-content\/uploads\/sites\/2\/2026\/04\/1751042_nissens_i89148-28.jpg","datePublished":"2026-04-07T01:25:28+00:00","description":"\u26a1 Compresor climatizare NISSENS 89148 DACIA LOGAN (LS_) 1,149 cmc (D4F 732, D4F 734) benzina 75 NISSENS 89148 pentru DACIA. \u2713 Cod: 89148 \u2713 Brand: NISSENS \u2713 \u00cen stoc \u2713 Livrare 24h \u2713 Garan\u021bie!","breadcrumb":{"@id":"https:\/\/autorival.ro\/dacia\/product\/compresor-climatizare-nissens-89148-dacia-logan-ls_-1149-cmc-d4f-732-d4f-734-benzina-75-nissens-89148\/#breadcrumb"},"inLanguage":"en-US","potentialAction":[{"@type":"ReadAction","target":["https:\/\/autorival.ro\/dacia\/product\/compresor-climatizare-nissens-89148-dacia-logan-ls_-1149-cmc-d4f-732-d4f-734-benzina-75-nissens-89148\/"]}]},{"@type":"ImageObject","inLanguage":"en-US","@id":"https:\/\/autorival.ro\/dacia\/product\/compresor-climatizare-nissens-89148-dacia-logan-ls_-1149-cmc-d4f-732-d4f-734-benzina-75-nissens-89148\/#primaryimage","url":"https:\/\/autorival.ro\/dacia\/wp-content\/uploads\/sites\/2\/2026\/04\/1751042_nissens_i89148-28.jpg","contentUrl":"https:\/\/autorival.ro\/dacia\/wp-content\/uploads\/sites\/2\/2026\/04\/1751042_nissens_i89148-28.jpg","width":524,"height":400},{"@type":"BreadcrumbList","@id":"https:\/\/autorival.ro\/dacia\/product\/compresor-climatizare-nissens-89148-dacia-logan-ls_-1149-cmc-d4f-732-d4f-734-benzina-75-nissens-89148\/#breadcrumb","itemListElement":[{"@type":"ListItem","position":1,"name":"Prima pagin\u0103","item":"https:\/\/autorival.ro\/dacia\/"},{"@type":"ListItem","position":2,"name":"Piese auto DACIA","item":"https:\/\/autorival.ro\/dacia\/"},{"@type":"ListItem","position":3,"name":"Compresor climatizare NISSENS 89148 DACIA LOGAN (LS_) 1,149 cmc (D4F 732, D4F 734) benzina 75 NISSENS 89148"}]},{"@type":"WebSite","@id":"https:\/\/autorival.ro\/dacia\/#website","url":"https:\/\/autorival.ro\/dacia\/","name":"DACIA","description":"","potentialAction":[{"@type":"SearchAction","target":{"@type":"EntryPoint","urlTemplate":"https:\/\/autorival.ro\/dacia\/?s={search_term_string}"},"query-input":{"@type":"PropertyValueSpecification","valueRequired":true,"valueName":"search_term_string"}}],"inLanguage":"en-US"}]}},"_links":{"self":[{"href":"https:\/\/autorival.ro\/dacia\/wp-json\/wp\/v2\/product\/1471711","targetHints":{"allow":["GET"]}}],"collection":[{"href":"https:\/\/autorival.ro\/dacia\/wp-json\/wp\/v2\/product"}],"about":[{"href":"https:\/\/autorival.ro\/dacia\/wp-json\/wp\/v2\/types\/product"}],"replies":[{"embeddable":true,"href":"https:\/\/autorival.ro\/dacia\/wp-json\/wp\/v2\/comments?post=1471711"}],"wp:featuredmedia":[{"embeddable":true,"href":"https:\/\/autorival.ro\/dacia\/wp-json\/wp\/v2\/media\/1471712"}],"wp:attachment":[{"href":"https:\/\/autorival.ro\/dacia\/wp-json\/wp\/v2\/media?parent=1471711"}],"wp:term":[{"taxonomy":"product_brand","embeddable":true,"href":"https:\/\/autorival.ro\/dacia\/wp-json\/wp\/v2\/product_brand?post=1471711"},{"taxonomy":"product_cat","embeddable":true,"href":"https:\/\/autorival.ro\/dacia\/wp-json\/wp\/v2\/product_cat?post=1471711"},{"taxonomy":"product_tag","embeddable":true,"href":"https:\/\/autorival.ro\/dacia\/wp-json\/wp\/v2\/product_tag?post=1471711"}],"curies":[{"name":"wp","href":"https:\/\/api.w.org\/{rel}","templated":true}]}}