{"id":1467953,"date":"2026-04-06T23:00:33","date_gmt":"2026-04-06T23:00:33","guid":{"rendered":"https:\/\/autorival.ro\/dacia\/product\/compresor-climatizare-nissens-890042-dacia-duster-hm_-1598-cmc-h4m-730-benzina-115-nissens-890042\/"},"modified":"2026-04-06T23:00:33","modified_gmt":"2026-04-06T23:00:33","slug":"compresor-climatizare-nissens-890042-dacia-duster-hm_-1598-cmc-h4m-730-benzina-115-nissens-890042","status":"publish","type":"product","link":"https:\/\/autorival.ro\/dacia\/product\/compresor-climatizare-nissens-890042-dacia-duster-hm_-1598-cmc-h4m-730-benzina-115-nissens-890042\/","title":{"rendered":"Compresor climatizare NISSENS 890042 DACIA DUSTER (HM_) 1,598 cmc (H4M 730) benzina 115 NISSENS 890042"},"content":{"rendered":"<p>Compresor climatizare NISSENS 890042; Agent frigorific: R 1234yf; An fabricatie pana la: 201603; Articol completare\/Info suplimentar 2: cu elei compresor-PAG, cu ambreiaj magnetic; Cantitate umplere ulei [ml]: 100; Capacitate compresor [ccm]: 96; Diametru admisie [mm]: 21,3; Diametru evacuare [mm]: 15,5; Forma carcasa stecher: dreptunghiular; Fulie curea \u00d8 [mm]: 116; ID compresor: SD7V16; Numar de striatii: 7; Num\u0103rul conexiunilor cu muf\u0103: 2; Tensiune [V]: 12; Tip fisa: Mama; Ulei de compresor: PAG 100<\/p>\n","protected":false},"excerpt":{"rendered":"<p>Producator: NISSENS Cod: 890042<\/p>\n","protected":false},"featured_media":1467954,"comment_status":"open","ping_status":"closed","template":"","meta":[],"product_brand":[13483],"product_cat":[8817],"product_tag":[],"class_list":{"0":"post-1467953","1":"product","2":"type-product","3":"status-publish","4":"has-post-thumbnail","6":"product_brand-nissens","7":"product_cat-compresor-piese-1598-cmc-h4m-730-benzina-115","9":"first","10":"instock","11":"shipping-taxable","12":"purchasable","13":"product-type-simple"},"yoast_head":"<!-- This site is optimized with the Yoast SEO plugin v27.3 - https:\/\/yoast.com\/product\/yoast-seo-wordpress\/ -->\n<title>Compresor climatizare NISSENS 890042 DACIA DUSTER (HM_) 1,598 cmc (H4M 730) benzina 115 NISSENS 890042 DACIA | NISSENS - Autorival<\/title>\n<meta name=\"description\" content=\"\u26a1 Compresor climatizare NISSENS 890042 DACIA DUSTER (HM_) 1,598 cmc (H4M 730) benzina 115 NISSENS 890042 pentru DACIA. \u2713 Cod: 890042 \u2713 Brand: NISSENS \u2713 \u00cen stoc \u2713 Livrare 24h \u2713 Garan\u021bie!\" \/>\n<meta name=\"robots\" content=\"index, follow, max-snippet:-1, max-image-preview:large, max-video-preview:-1\" \/>\n<meta property=\"og:locale\" content=\"en_US\" \/>\n<meta property=\"og:type\" content=\"article\" \/>\n<meta property=\"og:title\" content=\"Compresor climatizare NISSENS 890042 DACIA DUSTER (HM_) 1,598 cmc (H4M 730) benzina 115 NISSENS 890042 DACIA | NISSENS - Autorival\" \/>\n<meta property=\"og:description\" content=\"\u26a1 Compresor climatizare NISSENS 890042 DACIA DUSTER (HM_) 1,598 cmc (H4M 730) benzina 115 NISSENS 890042 pentru DACIA. \u2713 Cod: 890042 \u2713 Brand: NISSENS \u2713 \u00cen stoc \u2713 Livrare 24h \u2713 Garan\u021bie!\" \/>\n<meta property=\"og:url\" content=\"https:\/\/autorival.ro\/dacia\/product\/compresor-climatizare-nissens-890042-dacia-duster-hm_-1598-cmc-h4m-730-benzina-115-nissens-890042\/\" \/>\n<meta property=\"og:site_name\" content=\"DACIA\" \/>\n<meta name=\"twitter:card\" content=\"summary_large_image\" \/>\n<meta name=\"twitter:title\" content=\"Compresor climatizare NISSENS 890042 DACIA DUSTER (HM_) 1,598 cmc (H4M 730) benzina 115 NISSENS 890042 DACIA | NISSENS - Autorival\" \/>\n<meta name=\"twitter:description\" content=\"\u26a1 Compresor climatizare NISSENS 890042 DACIA DUSTER (HM_) 1,598 cmc (H4M 730) benzina 115 NISSENS 890042 pentru DACIA. \u2713 Cod: 890042 \u2713 Brand: NISSENS \u2713 \u00cen stoc \u2713 Livrare 24h \u2713 Garan\u021bie!\" \/>\n<script type=\"application\/ld+json\" class=\"yoast-schema-graph\">{\"@context\":\"https:\\\/\\\/schema.org\",\"@graph\":[{\"@type\":\"WebPage\",\"@id\":\"https:\\\/\\\/autorival.ro\\\/dacia\\\/product\\\/compresor-climatizare-nissens-890042-dacia-duster-hm_-1598-cmc-h4m-730-benzina-115-nissens-890042\\\/\",\"url\":\"https:\\\/\\\/autorival.ro\\\/dacia\\\/product\\\/compresor-climatizare-nissens-890042-dacia-duster-hm_-1598-cmc-h4m-730-benzina-115-nissens-890042\\\/\",\"name\":\"Compresor climatizare NISSENS 890042 DACIA DUSTER (HM_) 1,598 cmc (H4M 730) benzina 115 NISSENS 890042 DACIA | NISSENS - Autorival\",\"isPartOf\":{\"@id\":\"https:\\\/\\\/autorival.ro\\\/dacia\\\/#website\"},\"primaryImageOfPage\":{\"@id\":\"https:\\\/\\\/autorival.ro\\\/dacia\\\/product\\\/compresor-climatizare-nissens-890042-dacia-duster-hm_-1598-cmc-h4m-730-benzina-115-nissens-890042\\\/#primaryimage\"},\"image\":{\"@id\":\"https:\\\/\\\/autorival.ro\\\/dacia\\\/product\\\/compresor-climatizare-nissens-890042-dacia-duster-hm_-1598-cmc-h4m-730-benzina-115-nissens-890042\\\/#primaryimage\"},\"thumbnailUrl\":\"https:\\\/\\\/autorival.ro\\\/dacia\\\/wp-content\\\/uploads\\\/sites\\\/2\\\/2026\\\/04\\\/1750555_nissens_890042-12.jpg\",\"datePublished\":\"2026-04-06T23:00:33+00:00\",\"description\":\"\u26a1 Compresor climatizare NISSENS 890042 DACIA DUSTER (HM_) 1,598 cmc (H4M 730) benzina 115 NISSENS 890042 pentru DACIA. \u2713 Cod: 890042 \u2713 Brand: NISSENS \u2713 \u00cen stoc \u2713 Livrare 24h \u2713 Garan\u021bie!\",\"breadcrumb\":{\"@id\":\"https:\\\/\\\/autorival.ro\\\/dacia\\\/product\\\/compresor-climatizare-nissens-890042-dacia-duster-hm_-1598-cmc-h4m-730-benzina-115-nissens-890042\\\/#breadcrumb\"},\"inLanguage\":\"en-US\",\"potentialAction\":[{\"@type\":\"ReadAction\",\"target\":[\"https:\\\/\\\/autorival.ro\\\/dacia\\\/product\\\/compresor-climatizare-nissens-890042-dacia-duster-hm_-1598-cmc-h4m-730-benzina-115-nissens-890042\\\/\"]}]},{\"@type\":\"ImageObject\",\"inLanguage\":\"en-US\",\"@id\":\"https:\\\/\\\/autorival.ro\\\/dacia\\\/product\\\/compresor-climatizare-nissens-890042-dacia-duster-hm_-1598-cmc-h4m-730-benzina-115-nissens-890042\\\/#primaryimage\",\"url\":\"https:\\\/\\\/autorival.ro\\\/dacia\\\/wp-content\\\/uploads\\\/sites\\\/2\\\/2026\\\/04\\\/1750555_nissens_890042-12.jpg\",\"contentUrl\":\"https:\\\/\\\/autorival.ro\\\/dacia\\\/wp-content\\\/uploads\\\/sites\\\/2\\\/2026\\\/04\\\/1750555_nissens_890042-12.jpg\",\"width\":600,\"height\":321},{\"@type\":\"BreadcrumbList\",\"@id\":\"https:\\\/\\\/autorival.ro\\\/dacia\\\/product\\\/compresor-climatizare-nissens-890042-dacia-duster-hm_-1598-cmc-h4m-730-benzina-115-nissens-890042\\\/#breadcrumb\",\"itemListElement\":[{\"@type\":\"ListItem\",\"position\":1,\"name\":\"Prima pagin\u0103\",\"item\":\"https:\\\/\\\/autorival.ro\\\/dacia\\\/\"},{\"@type\":\"ListItem\",\"position\":2,\"name\":\"Piese auto DACIA\",\"item\":\"https:\\\/\\\/autorival.ro\\\/dacia\\\/\"},{\"@type\":\"ListItem\",\"position\":3,\"name\":\"Compresor climatizare NISSENS 890042 DACIA DUSTER (HM_) 1,598 cmc (H4M 730) benzina 115 NISSENS 890042\"}]},{\"@type\":\"WebSite\",\"@id\":\"https:\\\/\\\/autorival.ro\\\/dacia\\\/#website\",\"url\":\"https:\\\/\\\/autorival.ro\\\/dacia\\\/\",\"name\":\"DACIA\",\"description\":\"\",\"potentialAction\":[{\"@type\":\"SearchAction\",\"target\":{\"@type\":\"EntryPoint\",\"urlTemplate\":\"https:\\\/\\\/autorival.ro\\\/dacia\\\/?s={search_term_string}\"},\"query-input\":{\"@type\":\"PropertyValueSpecification\",\"valueRequired\":true,\"valueName\":\"search_term_string\"}}],\"inLanguage\":\"en-US\"}]}<\/script>\n<!-- \/ Yoast SEO plugin. -->","yoast_head_json":{"title":"Compresor climatizare NISSENS 890042 DACIA DUSTER (HM_) 1,598 cmc (H4M 730) benzina 115 NISSENS 890042 DACIA | NISSENS - Autorival","description":"\u26a1 Compresor climatizare NISSENS 890042 DACIA DUSTER (HM_) 1,598 cmc (H4M 730) benzina 115 NISSENS 890042 pentru DACIA. \u2713 Cod: 890042 \u2713 Brand: NISSENS \u2713 \u00cen stoc \u2713 Livrare 24h \u2713 Garan\u021bie!","robots":{"index":"index","follow":"follow","max-snippet":"max-snippet:-1","max-image-preview":"max-image-preview:large","max-video-preview":"max-video-preview:-1"},"og_locale":"en_US","og_type":"article","og_title":"Compresor climatizare NISSENS 890042 DACIA DUSTER (HM_) 1,598 cmc (H4M 730) benzina 115 NISSENS 890042 DACIA | NISSENS - Autorival","og_description":"\u26a1 Compresor climatizare NISSENS 890042 DACIA DUSTER (HM_) 1,598 cmc (H4M 730) benzina 115 NISSENS 890042 pentru DACIA. \u2713 Cod: 890042 \u2713 Brand: NISSENS \u2713 \u00cen stoc \u2713 Livrare 24h \u2713 Garan\u021bie!","og_url":"https:\/\/autorival.ro\/dacia\/product\/compresor-climatizare-nissens-890042-dacia-duster-hm_-1598-cmc-h4m-730-benzina-115-nissens-890042\/","og_site_name":"DACIA","twitter_card":"summary_large_image","twitter_title":"Compresor climatizare NISSENS 890042 DACIA DUSTER (HM_) 1,598 cmc (H4M 730) benzina 115 NISSENS 890042 DACIA | NISSENS - Autorival","twitter_description":"\u26a1 Compresor climatizare NISSENS 890042 DACIA DUSTER (HM_) 1,598 cmc (H4M 730) benzina 115 NISSENS 890042 pentru DACIA. \u2713 Cod: 890042 \u2713 Brand: NISSENS \u2713 \u00cen stoc \u2713 Livrare 24h \u2713 Garan\u021bie!","schema":{"@context":"https:\/\/schema.org","@graph":[{"@type":"WebPage","@id":"https:\/\/autorival.ro\/dacia\/product\/compresor-climatizare-nissens-890042-dacia-duster-hm_-1598-cmc-h4m-730-benzina-115-nissens-890042\/","url":"https:\/\/autorival.ro\/dacia\/product\/compresor-climatizare-nissens-890042-dacia-duster-hm_-1598-cmc-h4m-730-benzina-115-nissens-890042\/","name":"Compresor climatizare NISSENS 890042 DACIA DUSTER (HM_) 1,598 cmc (H4M 730) benzina 115 NISSENS 890042 DACIA | NISSENS - Autorival","isPartOf":{"@id":"https:\/\/autorival.ro\/dacia\/#website"},"primaryImageOfPage":{"@id":"https:\/\/autorival.ro\/dacia\/product\/compresor-climatizare-nissens-890042-dacia-duster-hm_-1598-cmc-h4m-730-benzina-115-nissens-890042\/#primaryimage"},"image":{"@id":"https:\/\/autorival.ro\/dacia\/product\/compresor-climatizare-nissens-890042-dacia-duster-hm_-1598-cmc-h4m-730-benzina-115-nissens-890042\/#primaryimage"},"thumbnailUrl":"https:\/\/autorival.ro\/dacia\/wp-content\/uploads\/sites\/2\/2026\/04\/1750555_nissens_890042-12.jpg","datePublished":"2026-04-06T23:00:33+00:00","description":"\u26a1 Compresor climatizare NISSENS 890042 DACIA DUSTER (HM_) 1,598 cmc (H4M 730) benzina 115 NISSENS 890042 pentru DACIA. \u2713 Cod: 890042 \u2713 Brand: NISSENS \u2713 \u00cen stoc \u2713 Livrare 24h \u2713 Garan\u021bie!","breadcrumb":{"@id":"https:\/\/autorival.ro\/dacia\/product\/compresor-climatizare-nissens-890042-dacia-duster-hm_-1598-cmc-h4m-730-benzina-115-nissens-890042\/#breadcrumb"},"inLanguage":"en-US","potentialAction":[{"@type":"ReadAction","target":["https:\/\/autorival.ro\/dacia\/product\/compresor-climatizare-nissens-890042-dacia-duster-hm_-1598-cmc-h4m-730-benzina-115-nissens-890042\/"]}]},{"@type":"ImageObject","inLanguage":"en-US","@id":"https:\/\/autorival.ro\/dacia\/product\/compresor-climatizare-nissens-890042-dacia-duster-hm_-1598-cmc-h4m-730-benzina-115-nissens-890042\/#primaryimage","url":"https:\/\/autorival.ro\/dacia\/wp-content\/uploads\/sites\/2\/2026\/04\/1750555_nissens_890042-12.jpg","contentUrl":"https:\/\/autorival.ro\/dacia\/wp-content\/uploads\/sites\/2\/2026\/04\/1750555_nissens_890042-12.jpg","width":600,"height":321},{"@type":"BreadcrumbList","@id":"https:\/\/autorival.ro\/dacia\/product\/compresor-climatizare-nissens-890042-dacia-duster-hm_-1598-cmc-h4m-730-benzina-115-nissens-890042\/#breadcrumb","itemListElement":[{"@type":"ListItem","position":1,"name":"Prima pagin\u0103","item":"https:\/\/autorival.ro\/dacia\/"},{"@type":"ListItem","position":2,"name":"Piese auto DACIA","item":"https:\/\/autorival.ro\/dacia\/"},{"@type":"ListItem","position":3,"name":"Compresor climatizare NISSENS 890042 DACIA DUSTER (HM_) 1,598 cmc (H4M 730) benzina 115 NISSENS 890042"}]},{"@type":"WebSite","@id":"https:\/\/autorival.ro\/dacia\/#website","url":"https:\/\/autorival.ro\/dacia\/","name":"DACIA","description":"","potentialAction":[{"@type":"SearchAction","target":{"@type":"EntryPoint","urlTemplate":"https:\/\/autorival.ro\/dacia\/?s={search_term_string}"},"query-input":{"@type":"PropertyValueSpecification","valueRequired":true,"valueName":"search_term_string"}}],"inLanguage":"en-US"}]}},"_links":{"self":[{"href":"https:\/\/autorival.ro\/dacia\/wp-json\/wp\/v2\/product\/1467953","targetHints":{"allow":["GET"]}}],"collection":[{"href":"https:\/\/autorival.ro\/dacia\/wp-json\/wp\/v2\/product"}],"about":[{"href":"https:\/\/autorival.ro\/dacia\/wp-json\/wp\/v2\/types\/product"}],"replies":[{"embeddable":true,"href":"https:\/\/autorival.ro\/dacia\/wp-json\/wp\/v2\/comments?post=1467953"}],"wp:featuredmedia":[{"embeddable":true,"href":"https:\/\/autorival.ro\/dacia\/wp-json\/wp\/v2\/media\/1467954"}],"wp:attachment":[{"href":"https:\/\/autorival.ro\/dacia\/wp-json\/wp\/v2\/media?parent=1467953"}],"wp:term":[{"taxonomy":"product_brand","embeddable":true,"href":"https:\/\/autorival.ro\/dacia\/wp-json\/wp\/v2\/product_brand?post=1467953"},{"taxonomy":"product_cat","embeddable":true,"href":"https:\/\/autorival.ro\/dacia\/wp-json\/wp\/v2\/product_cat?post=1467953"},{"taxonomy":"product_tag","embeddable":true,"href":"https:\/\/autorival.ro\/dacia\/wp-json\/wp\/v2\/product_tag?post=1467953"}],"curies":[{"name":"wp","href":"https:\/\/api.w.org\/{rel}","templated":true}]}}