{"id":1436871,"date":"2026-04-06T05:30:55","date_gmt":"2026-04-06T05:30:55","guid":{"rendered":"https:\/\/autorival.ro\/dacia\/product\/cilindru-receptor-frana-abe-c5r064abe-dacia-logan-ls_-1461-cmc-k9k-792-diesel-68-abe-c5r064abe\/"},"modified":"2026-04-06T05:30:55","modified_gmt":"2026-04-06T05:30:55","slug":"cilindru-receptor-frana-abe-c5r064abe-dacia-logan-ls_-1461-cmc-k9k-792-diesel-68-abe-c5r064abe","status":"publish","type":"product","link":"https:\/\/autorival.ro\/dacia\/product\/cilindru-receptor-frana-abe-c5r064abe-dacia-logan-ls_-1461-cmc-k9k-792-diesel-68-abe-c5r064abe\/","title":{"rendered":"Cilindru receptor frana ABE C5R064ABE DACIA LOGAN (LS_) 1,461 cmc (K9K 792) diesel 68 ABE C5R064ABE"},"content":{"rendered":"<p>Cilindru receptor frana ABE C5R064ABE; An fabricatie de la: 201211; An fabricatie pana la: 202112; Diametru tambur de fr\u00e2n\u0103 exterior [inch]: 8; Diametru [inch]: 8; Diametru [mm]: 17,46; Dinamica fr\u00e2nare\/conducere: pentru vehicule cu ABS; Material: aluminiu; Numar fabricatie: A,F,H,T, B, J,M; Numar motor TECDOC: 23529; Partea de montare: puntea spate; Sistem de fr\u00e2nare: Bosch<\/p>\n","protected":false},"excerpt":{"rendered":"<p>Producator: ABE Cod: C5R064ABE<\/p>\n","protected":false},"featured_media":1436872,"comment_status":"open","ping_status":"closed","template":"","meta":[],"product_brand":[13396],"product_cat":[13368],"product_tag":[],"class_list":{"0":"post-1436871","1":"product","2":"type-product","3":"status-publish","4":"has-post-thumbnail","6":"product_brand-abe","7":"product_cat-cilindru-receptor-frana-1461-cmc-k9k-792-diesel-68-logan-ls_","9":"first","10":"instock","11":"shipping-taxable","12":"purchasable","13":"product-type-simple"},"yoast_head":"<!-- This site is optimized with the Yoast SEO plugin v27.3 - https:\/\/yoast.com\/product\/yoast-seo-wordpress\/ -->\n<title>Cilindru receptor frana ABE C5R064ABE DACIA LOGAN (LS_) 1,461 cmc (K9K 792) diesel 68 ABE C5R064ABE DACIA | ABE - Autorival<\/title>\n<meta name=\"description\" content=\"\u26a1 Cilindru receptor frana ABE C5R064ABE DACIA LOGAN (LS_) 1,461 cmc (K9K 792) diesel 68 ABE C5R064ABE pentru DACIA. \u2713 Cod: C5R064ABE \u2713 Brand: ABE \u2713 \u00cen stoc \u2713 Livrare 24h \u2713 Garan\u021bie!\" \/>\n<meta name=\"robots\" content=\"index, follow, max-snippet:-1, max-image-preview:large, max-video-preview:-1\" \/>\n<meta property=\"og:locale\" content=\"en_US\" \/>\n<meta property=\"og:type\" content=\"article\" \/>\n<meta property=\"og:title\" content=\"Cilindru receptor frana ABE C5R064ABE DACIA LOGAN (LS_) 1,461 cmc (K9K 792) diesel 68 ABE C5R064ABE DACIA | ABE - Autorival\" \/>\n<meta property=\"og:description\" content=\"\u26a1 Cilindru receptor frana ABE C5R064ABE DACIA LOGAN (LS_) 1,461 cmc (K9K 792) diesel 68 ABE C5R064ABE pentru DACIA. \u2713 Cod: C5R064ABE \u2713 Brand: ABE \u2713 \u00cen stoc \u2713 Livrare 24h \u2713 Garan\u021bie!\" \/>\n<meta property=\"og:url\" content=\"https:\/\/autorival.ro\/dacia\/product\/cilindru-receptor-frana-abe-c5r064abe-dacia-logan-ls_-1461-cmc-k9k-792-diesel-68-abe-c5r064abe\/\" \/>\n<meta property=\"og:site_name\" content=\"DACIA\" \/>\n<meta name=\"twitter:card\" content=\"summary_large_image\" \/>\n<meta name=\"twitter:title\" content=\"Cilindru receptor frana ABE C5R064ABE DACIA LOGAN (LS_) 1,461 cmc (K9K 792) diesel 68 ABE C5R064ABE DACIA | ABE - Autorival\" \/>\n<meta name=\"twitter:description\" content=\"\u26a1 Cilindru receptor frana ABE C5R064ABE DACIA LOGAN (LS_) 1,461 cmc (K9K 792) diesel 68 ABE C5R064ABE pentru DACIA. \u2713 Cod: C5R064ABE \u2713 Brand: ABE \u2713 \u00cen stoc \u2713 Livrare 24h \u2713 Garan\u021bie!\" \/>\n<script type=\"application\/ld+json\" class=\"yoast-schema-graph\">{\"@context\":\"https:\\\/\\\/schema.org\",\"@graph\":[{\"@type\":\"WebPage\",\"@id\":\"https:\\\/\\\/autorival.ro\\\/dacia\\\/product\\\/cilindru-receptor-frana-abe-c5r064abe-dacia-logan-ls_-1461-cmc-k9k-792-diesel-68-abe-c5r064abe\\\/\",\"url\":\"https:\\\/\\\/autorival.ro\\\/dacia\\\/product\\\/cilindru-receptor-frana-abe-c5r064abe-dacia-logan-ls_-1461-cmc-k9k-792-diesel-68-abe-c5r064abe\\\/\",\"name\":\"Cilindru receptor frana ABE C5R064ABE DACIA LOGAN (LS_) 1,461 cmc (K9K 792) diesel 68 ABE C5R064ABE DACIA | ABE - Autorival\",\"isPartOf\":{\"@id\":\"https:\\\/\\\/autorival.ro\\\/dacia\\\/#website\"},\"primaryImageOfPage\":{\"@id\":\"https:\\\/\\\/autorival.ro\\\/dacia\\\/product\\\/cilindru-receptor-frana-abe-c5r064abe-dacia-logan-ls_-1461-cmc-k9k-792-diesel-68-abe-c5r064abe\\\/#primaryimage\"},\"image\":{\"@id\":\"https:\\\/\\\/autorival.ro\\\/dacia\\\/product\\\/cilindru-receptor-frana-abe-c5r064abe-dacia-logan-ls_-1461-cmc-k9k-792-diesel-68-abe-c5r064abe\\\/#primaryimage\"},\"thumbnailUrl\":\"https:\\\/\\\/autorival.ro\\\/dacia\\\/wp-content\\\/uploads\\\/sites\\\/2\\\/2026\\\/04\\\/4422547_c5r064abe_1-3.jpg\",\"datePublished\":\"2026-04-06T05:30:55+00:00\",\"description\":\"\u26a1 Cilindru receptor frana ABE C5R064ABE DACIA LOGAN (LS_) 1,461 cmc (K9K 792) diesel 68 ABE C5R064ABE pentru DACIA. \u2713 Cod: C5R064ABE \u2713 Brand: ABE \u2713 \u00cen stoc \u2713 Livrare 24h \u2713 Garan\u021bie!\",\"breadcrumb\":{\"@id\":\"https:\\\/\\\/autorival.ro\\\/dacia\\\/product\\\/cilindru-receptor-frana-abe-c5r064abe-dacia-logan-ls_-1461-cmc-k9k-792-diesel-68-abe-c5r064abe\\\/#breadcrumb\"},\"inLanguage\":\"en-US\",\"potentialAction\":[{\"@type\":\"ReadAction\",\"target\":[\"https:\\\/\\\/autorival.ro\\\/dacia\\\/product\\\/cilindru-receptor-frana-abe-c5r064abe-dacia-logan-ls_-1461-cmc-k9k-792-diesel-68-abe-c5r064abe\\\/\"]}]},{\"@type\":\"ImageObject\",\"inLanguage\":\"en-US\",\"@id\":\"https:\\\/\\\/autorival.ro\\\/dacia\\\/product\\\/cilindru-receptor-frana-abe-c5r064abe-dacia-logan-ls_-1461-cmc-k9k-792-diesel-68-abe-c5r064abe\\\/#primaryimage\",\"url\":\"https:\\\/\\\/autorival.ro\\\/dacia\\\/wp-content\\\/uploads\\\/sites\\\/2\\\/2026\\\/04\\\/4422547_c5r064abe_1-3.jpg\",\"contentUrl\":\"https:\\\/\\\/autorival.ro\\\/dacia\\\/wp-content\\\/uploads\\\/sites\\\/2\\\/2026\\\/04\\\/4422547_c5r064abe_1-3.jpg\",\"width\":533,\"height\":400},{\"@type\":\"BreadcrumbList\",\"@id\":\"https:\\\/\\\/autorival.ro\\\/dacia\\\/product\\\/cilindru-receptor-frana-abe-c5r064abe-dacia-logan-ls_-1461-cmc-k9k-792-diesel-68-abe-c5r064abe\\\/#breadcrumb\",\"itemListElement\":[{\"@type\":\"ListItem\",\"position\":1,\"name\":\"Prima pagin\u0103\",\"item\":\"https:\\\/\\\/autorival.ro\\\/dacia\\\/\"},{\"@type\":\"ListItem\",\"position\":2,\"name\":\"Piese auto DACIA\",\"item\":\"https:\\\/\\\/autorival.ro\\\/dacia\\\/\"},{\"@type\":\"ListItem\",\"position\":3,\"name\":\"Cilindru receptor frana ABE C5R064ABE DACIA LOGAN (LS_) 1,461 cmc (K9K 792) diesel 68 ABE C5R064ABE\"}]},{\"@type\":\"WebSite\",\"@id\":\"https:\\\/\\\/autorival.ro\\\/dacia\\\/#website\",\"url\":\"https:\\\/\\\/autorival.ro\\\/dacia\\\/\",\"name\":\"DACIA\",\"description\":\"\",\"potentialAction\":[{\"@type\":\"SearchAction\",\"target\":{\"@type\":\"EntryPoint\",\"urlTemplate\":\"https:\\\/\\\/autorival.ro\\\/dacia\\\/?s={search_term_string}\"},\"query-input\":{\"@type\":\"PropertyValueSpecification\",\"valueRequired\":true,\"valueName\":\"search_term_string\"}}],\"inLanguage\":\"en-US\"}]}<\/script>\n<!-- \/ Yoast SEO plugin. -->","yoast_head_json":{"title":"Cilindru receptor frana ABE C5R064ABE DACIA LOGAN (LS_) 1,461 cmc (K9K 792) diesel 68 ABE C5R064ABE DACIA | ABE - Autorival","description":"\u26a1 Cilindru receptor frana ABE C5R064ABE DACIA LOGAN (LS_) 1,461 cmc (K9K 792) diesel 68 ABE C5R064ABE pentru DACIA. \u2713 Cod: C5R064ABE \u2713 Brand: ABE \u2713 \u00cen stoc \u2713 Livrare 24h \u2713 Garan\u021bie!","robots":{"index":"index","follow":"follow","max-snippet":"max-snippet:-1","max-image-preview":"max-image-preview:large","max-video-preview":"max-video-preview:-1"},"og_locale":"en_US","og_type":"article","og_title":"Cilindru receptor frana ABE C5R064ABE DACIA LOGAN (LS_) 1,461 cmc (K9K 792) diesel 68 ABE C5R064ABE DACIA | ABE - Autorival","og_description":"\u26a1 Cilindru receptor frana ABE C5R064ABE DACIA LOGAN (LS_) 1,461 cmc (K9K 792) diesel 68 ABE C5R064ABE pentru DACIA. \u2713 Cod: C5R064ABE \u2713 Brand: ABE \u2713 \u00cen stoc \u2713 Livrare 24h \u2713 Garan\u021bie!","og_url":"https:\/\/autorival.ro\/dacia\/product\/cilindru-receptor-frana-abe-c5r064abe-dacia-logan-ls_-1461-cmc-k9k-792-diesel-68-abe-c5r064abe\/","og_site_name":"DACIA","twitter_card":"summary_large_image","twitter_title":"Cilindru receptor frana ABE C5R064ABE DACIA LOGAN (LS_) 1,461 cmc (K9K 792) diesel 68 ABE C5R064ABE DACIA | ABE - Autorival","twitter_description":"\u26a1 Cilindru receptor frana ABE C5R064ABE DACIA LOGAN (LS_) 1,461 cmc (K9K 792) diesel 68 ABE C5R064ABE pentru DACIA. \u2713 Cod: C5R064ABE \u2713 Brand: ABE \u2713 \u00cen stoc \u2713 Livrare 24h \u2713 Garan\u021bie!","schema":{"@context":"https:\/\/schema.org","@graph":[{"@type":"WebPage","@id":"https:\/\/autorival.ro\/dacia\/product\/cilindru-receptor-frana-abe-c5r064abe-dacia-logan-ls_-1461-cmc-k9k-792-diesel-68-abe-c5r064abe\/","url":"https:\/\/autorival.ro\/dacia\/product\/cilindru-receptor-frana-abe-c5r064abe-dacia-logan-ls_-1461-cmc-k9k-792-diesel-68-abe-c5r064abe\/","name":"Cilindru receptor frana ABE C5R064ABE DACIA LOGAN (LS_) 1,461 cmc (K9K 792) diesel 68 ABE C5R064ABE DACIA | ABE - Autorival","isPartOf":{"@id":"https:\/\/autorival.ro\/dacia\/#website"},"primaryImageOfPage":{"@id":"https:\/\/autorival.ro\/dacia\/product\/cilindru-receptor-frana-abe-c5r064abe-dacia-logan-ls_-1461-cmc-k9k-792-diesel-68-abe-c5r064abe\/#primaryimage"},"image":{"@id":"https:\/\/autorival.ro\/dacia\/product\/cilindru-receptor-frana-abe-c5r064abe-dacia-logan-ls_-1461-cmc-k9k-792-diesel-68-abe-c5r064abe\/#primaryimage"},"thumbnailUrl":"https:\/\/autorival.ro\/dacia\/wp-content\/uploads\/sites\/2\/2026\/04\/4422547_c5r064abe_1-3.jpg","datePublished":"2026-04-06T05:30:55+00:00","description":"\u26a1 Cilindru receptor frana ABE C5R064ABE DACIA LOGAN (LS_) 1,461 cmc (K9K 792) diesel 68 ABE C5R064ABE pentru DACIA. \u2713 Cod: C5R064ABE \u2713 Brand: ABE \u2713 \u00cen stoc \u2713 Livrare 24h \u2713 Garan\u021bie!","breadcrumb":{"@id":"https:\/\/autorival.ro\/dacia\/product\/cilindru-receptor-frana-abe-c5r064abe-dacia-logan-ls_-1461-cmc-k9k-792-diesel-68-abe-c5r064abe\/#breadcrumb"},"inLanguage":"en-US","potentialAction":[{"@type":"ReadAction","target":["https:\/\/autorival.ro\/dacia\/product\/cilindru-receptor-frana-abe-c5r064abe-dacia-logan-ls_-1461-cmc-k9k-792-diesel-68-abe-c5r064abe\/"]}]},{"@type":"ImageObject","inLanguage":"en-US","@id":"https:\/\/autorival.ro\/dacia\/product\/cilindru-receptor-frana-abe-c5r064abe-dacia-logan-ls_-1461-cmc-k9k-792-diesel-68-abe-c5r064abe\/#primaryimage","url":"https:\/\/autorival.ro\/dacia\/wp-content\/uploads\/sites\/2\/2026\/04\/4422547_c5r064abe_1-3.jpg","contentUrl":"https:\/\/autorival.ro\/dacia\/wp-content\/uploads\/sites\/2\/2026\/04\/4422547_c5r064abe_1-3.jpg","width":533,"height":400},{"@type":"BreadcrumbList","@id":"https:\/\/autorival.ro\/dacia\/product\/cilindru-receptor-frana-abe-c5r064abe-dacia-logan-ls_-1461-cmc-k9k-792-diesel-68-abe-c5r064abe\/#breadcrumb","itemListElement":[{"@type":"ListItem","position":1,"name":"Prima pagin\u0103","item":"https:\/\/autorival.ro\/dacia\/"},{"@type":"ListItem","position":2,"name":"Piese auto DACIA","item":"https:\/\/autorival.ro\/dacia\/"},{"@type":"ListItem","position":3,"name":"Cilindru receptor frana ABE C5R064ABE DACIA LOGAN (LS_) 1,461 cmc (K9K 792) diesel 68 ABE C5R064ABE"}]},{"@type":"WebSite","@id":"https:\/\/autorival.ro\/dacia\/#website","url":"https:\/\/autorival.ro\/dacia\/","name":"DACIA","description":"","potentialAction":[{"@type":"SearchAction","target":{"@type":"EntryPoint","urlTemplate":"https:\/\/autorival.ro\/dacia\/?s={search_term_string}"},"query-input":{"@type":"PropertyValueSpecification","valueRequired":true,"valueName":"search_term_string"}}],"inLanguage":"en-US"}]}},"_links":{"self":[{"href":"https:\/\/autorival.ro\/dacia\/wp-json\/wp\/v2\/product\/1436871","targetHints":{"allow":["GET"]}}],"collection":[{"href":"https:\/\/autorival.ro\/dacia\/wp-json\/wp\/v2\/product"}],"about":[{"href":"https:\/\/autorival.ro\/dacia\/wp-json\/wp\/v2\/types\/product"}],"replies":[{"embeddable":true,"href":"https:\/\/autorival.ro\/dacia\/wp-json\/wp\/v2\/comments?post=1436871"}],"wp:featuredmedia":[{"embeddable":true,"href":"https:\/\/autorival.ro\/dacia\/wp-json\/wp\/v2\/media\/1436872"}],"wp:attachment":[{"href":"https:\/\/autorival.ro\/dacia\/wp-json\/wp\/v2\/media?parent=1436871"}],"wp:term":[{"taxonomy":"product_brand","embeddable":true,"href":"https:\/\/autorival.ro\/dacia\/wp-json\/wp\/v2\/product_brand?post=1436871"},{"taxonomy":"product_cat","embeddable":true,"href":"https:\/\/autorival.ro\/dacia\/wp-json\/wp\/v2\/product_cat?post=1436871"},{"taxonomy":"product_tag","embeddable":true,"href":"https:\/\/autorival.ro\/dacia\/wp-json\/wp\/v2\/product_tag?post=1436871"}],"curies":[{"name":"wp","href":"https:\/\/api.w.org\/{rel}","templated":true}]}}