{"id":264246,"date":"2025-05-04T05:48:54","date_gmt":"2025-05-04T05:48:54","guid":{"rendered":"https:\/\/autorival.ro\/chevrolet\/product\/set-saboti-frana-chevrolet-spark-1-0-sx-benzina-60-cai-ate-03-0520-4017-3\/"},"modified":"2025-05-04T05:49:00","modified_gmt":"2025-05-04T05:49:00","slug":"set-saboti-frana-chevrolet-spark-1-0-sx-benzina-60-cai-ate-03-0520-4017-3","status":"publish","type":"product","link":"https:\/\/autorival.ro\/chevrolet\/product\/set-saboti-frana-chevrolet-spark-1-0-sx-benzina-60-cai-ate-03-0520-4017-3\/","title":{"rendered":"Set saboti frana CHEVROLET SPARK 1.0 SX benzina 60 cai ATE 03.0520-4017.3"},"content":{"rendered":"<p>An fabricatie pana la: 201002Partea de montare: puntea spateSpecificatii de asamblare: preasamblatArticol extins\/Informatii de extindere: cu cilindru receptor fr\u00e2na, cu acceasorii ->Diametrul pistonului [mm]: 17,5 ->Diametru tambur de fr\u00e2n\u0103 interior [mm]: 180 ->Latime [mm]: 31Aprobare: E1 90R-011043\/027Cod MAPP disponibil<\/p>\n","protected":false},"excerpt":{"rendered":"<p>Producator: ATE Cod producator: 03.0520-4017.3<\/p>\n","protected":false},"featured_media":95800,"comment_status":"open","ping_status":"closed","template":"","meta":[],"product_brand":[11051],"product_cat":[69810],"product_tag":[72394,72279,72649,73197,73078,72292,72334],"class_list":{"0":"post-264246","1":"product","2":"type-product","3":"status-publish","4":"has-post-thumbnail","6":"product_brand-ate","7":"product_cat-set-saboti-frana-1-0-sx-benzina-60-3","8":"product_tag-ate","9":"product_tag-chevrolet","10":"product_tag-frana","11":"product_tag-saboti","12":"product_tag-set","13":"product_tag-spark","14":"product_tag-sx","16":"first","17":"instock","18":"shipping-taxable","19":"purchasable","20":"product-type-simple"},"yoast_head":"<!-- This site is optimized with the Yoast SEO plugin v27.3 - https:\/\/yoast.com\/product\/yoast-seo-wordpress\/ -->\n<title>Set saboti frana CHEVROLET SPARK 1.0 SX benzina 60 cai ATE 03.0520-4017.3 CHEVROLET | ATE - Autorival<\/title>\n<meta name=\"description\" content=\"\u26a1 Set saboti frana CHEVROLET SPARK 1.0 SX benzina 60 cai ATE 03.0520-4017.3 pentru CHEVROLET la doar 521.85 RON. \u2713 Cod: 03 \u2713 Brand: ATE \u2713 \u00cen stoc \u2713 Livrare 24h \u2713 Garan\u021bie!\" \/>\n<meta name=\"robots\" content=\"index, follow, max-snippet:-1, max-image-preview:large, max-video-preview:-1\" \/>\n<meta property=\"og:locale\" content=\"en_US\" \/>\n<meta property=\"og:type\" content=\"article\" \/>\n<meta property=\"og:title\" content=\"Set saboti frana CHEVROLET SPARK 1.0 SX benzina 60 cai ATE 03.0520-4017.3 CHEVROLET | ATE - Autorival\" \/>\n<meta property=\"og:description\" content=\"\u26a1 Set saboti frana CHEVROLET SPARK 1.0 SX benzina 60 cai ATE 03.0520-4017.3 pentru CHEVROLET la doar 521.85 RON. \u2713 Cod: 03 \u2713 Brand: ATE \u2713 \u00cen stoc \u2713 Livrare 24h \u2713 Garan\u021bie!\" \/>\n<meta property=\"og:url\" content=\"https:\/\/autorival.ro\/chevrolet\/product\/set-saboti-frana-chevrolet-spark-1-0-sx-benzina-60-cai-ate-03-0520-4017-3\/\" \/>\n<meta property=\"og:site_name\" content=\"CHEVROLET\" \/>\n<meta property=\"article:modified_time\" content=\"2025-05-04T05:49:00+00:00\" \/>\n<meta property=\"og:image\" content=\"https:\/\/autorival.ro\/chevrolet\/wp-content\/uploads\/sites\/7\/2025\/04\/694017.jpg\" \/>\n\t<meta property=\"og:image:width\" content=\"600\" \/>\n\t<meta property=\"og:image:height\" content=\"400\" \/>\n\t<meta property=\"og:image:type\" content=\"image\/jpeg\" \/>\n<meta name=\"twitter:card\" content=\"summary_large_image\" \/>\n<meta name=\"twitter:title\" content=\"Set saboti frana CHEVROLET SPARK 1.0 SX benzina 60 cai ATE 03.0520-4017.3 CHEVROLET | ATE - Autorival\" \/>\n<meta name=\"twitter:description\" content=\"\u26a1 Set saboti frana CHEVROLET SPARK 1.0 SX benzina 60 cai ATE 03.0520-4017.3 pentru CHEVROLET la doar 521.85 RON. \u2713 Cod: 03 \u2713 Brand: ATE \u2713 \u00cen stoc \u2713 Livrare 24h \u2713 Garan\u021bie!\" \/>\n<script type=\"application\/ld+json\" class=\"yoast-schema-graph\">{\"@context\":\"https:\\\/\\\/schema.org\",\"@graph\":[{\"@type\":\"WebPage\",\"@id\":\"https:\\\/\\\/autorival.ro\\\/chevrolet\\\/product\\\/set-saboti-frana-chevrolet-spark-1-0-sx-benzina-60-cai-ate-03-0520-4017-3\\\/\",\"url\":\"https:\\\/\\\/autorival.ro\\\/chevrolet\\\/product\\\/set-saboti-frana-chevrolet-spark-1-0-sx-benzina-60-cai-ate-03-0520-4017-3\\\/\",\"name\":\"Set saboti frana CHEVROLET SPARK 1.0 SX benzina 60 cai ATE 03.0520-4017.3 CHEVROLET | ATE - Autorival\",\"isPartOf\":{\"@id\":\"https:\\\/\\\/autorival.ro\\\/chevrolet\\\/#website\"},\"primaryImageOfPage\":{\"@id\":\"https:\\\/\\\/autorival.ro\\\/chevrolet\\\/product\\\/set-saboti-frana-chevrolet-spark-1-0-sx-benzina-60-cai-ate-03-0520-4017-3\\\/#primaryimage\"},\"image\":{\"@id\":\"https:\\\/\\\/autorival.ro\\\/chevrolet\\\/product\\\/set-saboti-frana-chevrolet-spark-1-0-sx-benzina-60-cai-ate-03-0520-4017-3\\\/#primaryimage\"},\"thumbnailUrl\":\"https:\\\/\\\/autorival.ro\\\/chevrolet\\\/wp-content\\\/uploads\\\/sites\\\/7\\\/2025\\\/04\\\/694017.jpg\",\"datePublished\":\"2025-05-04T05:48:54+00:00\",\"dateModified\":\"2025-05-04T05:49:00+00:00\",\"description\":\"\u26a1 Set saboti frana CHEVROLET SPARK 1.0 SX benzina 60 cai ATE 03.0520-4017.3 pentru CHEVROLET la doar 521.85 RON. \u2713 Cod: 03 \u2713 Brand: ATE \u2713 \u00cen stoc \u2713 Livrare 24h \u2713 Garan\u021bie!\",\"breadcrumb\":{\"@id\":\"https:\\\/\\\/autorival.ro\\\/chevrolet\\\/product\\\/set-saboti-frana-chevrolet-spark-1-0-sx-benzina-60-cai-ate-03-0520-4017-3\\\/#breadcrumb\"},\"inLanguage\":\"en-US\",\"potentialAction\":[{\"@type\":\"ReadAction\",\"target\":[\"https:\\\/\\\/autorival.ro\\\/chevrolet\\\/product\\\/set-saboti-frana-chevrolet-spark-1-0-sx-benzina-60-cai-ate-03-0520-4017-3\\\/\"]}]},{\"@type\":\"ImageObject\",\"inLanguage\":\"en-US\",\"@id\":\"https:\\\/\\\/autorival.ro\\\/chevrolet\\\/product\\\/set-saboti-frana-chevrolet-spark-1-0-sx-benzina-60-cai-ate-03-0520-4017-3\\\/#primaryimage\",\"url\":\"https:\\\/\\\/autorival.ro\\\/chevrolet\\\/wp-content\\\/uploads\\\/sites\\\/7\\\/2025\\\/04\\\/694017.jpg\",\"contentUrl\":\"https:\\\/\\\/autorival.ro\\\/chevrolet\\\/wp-content\\\/uploads\\\/sites\\\/7\\\/2025\\\/04\\\/694017.jpg\",\"width\":600,\"height\":400,\"caption\":\"Set saboti frana -> CHEVROLET SPARK 0.8 benzina 50 cai -> ATE 03.0520-4017.3\"},{\"@type\":\"BreadcrumbList\",\"@id\":\"https:\\\/\\\/autorival.ro\\\/chevrolet\\\/product\\\/set-saboti-frana-chevrolet-spark-1-0-sx-benzina-60-cai-ate-03-0520-4017-3\\\/#breadcrumb\",\"itemListElement\":[{\"@type\":\"ListItem\",\"position\":1,\"name\":\"Prima pagin\u0103\",\"item\":\"https:\\\/\\\/autorival.ro\\\/chevrolet\\\/\"},{\"@type\":\"ListItem\",\"position\":2,\"name\":\"Piese auto CHEVROLET\",\"item\":\"https:\\\/\\\/autorival.ro\\\/chevrolet\\\/\"},{\"@type\":\"ListItem\",\"position\":3,\"name\":\"Set saboti frana CHEVROLET SPARK 1.0 SX benzina 60 cai ATE 03.0520-4017.3\"}]},{\"@type\":\"WebSite\",\"@id\":\"https:\\\/\\\/autorival.ro\\\/chevrolet\\\/#website\",\"url\":\"https:\\\/\\\/autorival.ro\\\/chevrolet\\\/\",\"name\":\"CHEVROLET\",\"description\":\"\",\"potentialAction\":[{\"@type\":\"SearchAction\",\"target\":{\"@type\":\"EntryPoint\",\"urlTemplate\":\"https:\\\/\\\/autorival.ro\\\/chevrolet\\\/?s={search_term_string}\"},\"query-input\":{\"@type\":\"PropertyValueSpecification\",\"valueRequired\":true,\"valueName\":\"search_term_string\"}}],\"inLanguage\":\"en-US\"}]}<\/script>\n<!-- \/ Yoast SEO plugin. -->","yoast_head_json":{"title":"Set saboti frana CHEVROLET SPARK 1.0 SX benzina 60 cai ATE 03.0520-4017.3 CHEVROLET | ATE - Autorival","description":"\u26a1 Set saboti frana CHEVROLET SPARK 1.0 SX benzina 60 cai ATE 03.0520-4017.3 pentru CHEVROLET la doar 521.85 RON. \u2713 Cod: 03 \u2713 Brand: ATE \u2713 \u00cen stoc \u2713 Livrare 24h \u2713 Garan\u021bie!","robots":{"index":"index","follow":"follow","max-snippet":"max-snippet:-1","max-image-preview":"max-image-preview:large","max-video-preview":"max-video-preview:-1"},"og_locale":"en_US","og_type":"article","og_title":"Set saboti frana CHEVROLET SPARK 1.0 SX benzina 60 cai ATE 03.0520-4017.3 CHEVROLET | ATE - Autorival","og_description":"\u26a1 Set saboti frana CHEVROLET SPARK 1.0 SX benzina 60 cai ATE 03.0520-4017.3 pentru CHEVROLET la doar 521.85 RON. \u2713 Cod: 03 \u2713 Brand: ATE \u2713 \u00cen stoc \u2713 Livrare 24h \u2713 Garan\u021bie!","og_url":"https:\/\/autorival.ro\/chevrolet\/product\/set-saboti-frana-chevrolet-spark-1-0-sx-benzina-60-cai-ate-03-0520-4017-3\/","og_site_name":"CHEVROLET","article_modified_time":"2025-05-04T05:49:00+00:00","og_image":[{"width":600,"height":400,"url":"https:\/\/autorival.ro\/chevrolet\/wp-content\/uploads\/sites\/7\/2025\/04\/694017.jpg","type":"image\/jpeg"}],"twitter_card":"summary_large_image","twitter_title":"Set saboti frana CHEVROLET SPARK 1.0 SX benzina 60 cai ATE 03.0520-4017.3 CHEVROLET | ATE - Autorival","twitter_description":"\u26a1 Set saboti frana CHEVROLET SPARK 1.0 SX benzina 60 cai ATE 03.0520-4017.3 pentru CHEVROLET la doar 521.85 RON. \u2713 Cod: 03 \u2713 Brand: ATE \u2713 \u00cen stoc \u2713 Livrare 24h \u2713 Garan\u021bie!","schema":{"@context":"https:\/\/schema.org","@graph":[{"@type":"WebPage","@id":"https:\/\/autorival.ro\/chevrolet\/product\/set-saboti-frana-chevrolet-spark-1-0-sx-benzina-60-cai-ate-03-0520-4017-3\/","url":"https:\/\/autorival.ro\/chevrolet\/product\/set-saboti-frana-chevrolet-spark-1-0-sx-benzina-60-cai-ate-03-0520-4017-3\/","name":"Set saboti frana CHEVROLET SPARK 1.0 SX benzina 60 cai ATE 03.0520-4017.3 CHEVROLET | ATE - Autorival","isPartOf":{"@id":"https:\/\/autorival.ro\/chevrolet\/#website"},"primaryImageOfPage":{"@id":"https:\/\/autorival.ro\/chevrolet\/product\/set-saboti-frana-chevrolet-spark-1-0-sx-benzina-60-cai-ate-03-0520-4017-3\/#primaryimage"},"image":{"@id":"https:\/\/autorival.ro\/chevrolet\/product\/set-saboti-frana-chevrolet-spark-1-0-sx-benzina-60-cai-ate-03-0520-4017-3\/#primaryimage"},"thumbnailUrl":"https:\/\/autorival.ro\/chevrolet\/wp-content\/uploads\/sites\/7\/2025\/04\/694017.jpg","datePublished":"2025-05-04T05:48:54+00:00","dateModified":"2025-05-04T05:49:00+00:00","description":"\u26a1 Set saboti frana CHEVROLET SPARK 1.0 SX benzina 60 cai ATE 03.0520-4017.3 pentru CHEVROLET la doar 521.85 RON. \u2713 Cod: 03 \u2713 Brand: ATE \u2713 \u00cen stoc \u2713 Livrare 24h \u2713 Garan\u021bie!","breadcrumb":{"@id":"https:\/\/autorival.ro\/chevrolet\/product\/set-saboti-frana-chevrolet-spark-1-0-sx-benzina-60-cai-ate-03-0520-4017-3\/#breadcrumb"},"inLanguage":"en-US","potentialAction":[{"@type":"ReadAction","target":["https:\/\/autorival.ro\/chevrolet\/product\/set-saboti-frana-chevrolet-spark-1-0-sx-benzina-60-cai-ate-03-0520-4017-3\/"]}]},{"@type":"ImageObject","inLanguage":"en-US","@id":"https:\/\/autorival.ro\/chevrolet\/product\/set-saboti-frana-chevrolet-spark-1-0-sx-benzina-60-cai-ate-03-0520-4017-3\/#primaryimage","url":"https:\/\/autorival.ro\/chevrolet\/wp-content\/uploads\/sites\/7\/2025\/04\/694017.jpg","contentUrl":"https:\/\/autorival.ro\/chevrolet\/wp-content\/uploads\/sites\/7\/2025\/04\/694017.jpg","width":600,"height":400,"caption":"Set saboti frana -> CHEVROLET SPARK 0.8 benzina 50 cai -> ATE 03.0520-4017.3"},{"@type":"BreadcrumbList","@id":"https:\/\/autorival.ro\/chevrolet\/product\/set-saboti-frana-chevrolet-spark-1-0-sx-benzina-60-cai-ate-03-0520-4017-3\/#breadcrumb","itemListElement":[{"@type":"ListItem","position":1,"name":"Prima pagin\u0103","item":"https:\/\/autorival.ro\/chevrolet\/"},{"@type":"ListItem","position":2,"name":"Piese auto CHEVROLET","item":"https:\/\/autorival.ro\/chevrolet\/"},{"@type":"ListItem","position":3,"name":"Set saboti frana CHEVROLET SPARK 1.0 SX benzina 60 cai ATE 03.0520-4017.3"}]},{"@type":"WebSite","@id":"https:\/\/autorival.ro\/chevrolet\/#website","url":"https:\/\/autorival.ro\/chevrolet\/","name":"CHEVROLET","description":"","potentialAction":[{"@type":"SearchAction","target":{"@type":"EntryPoint","urlTemplate":"https:\/\/autorival.ro\/chevrolet\/?s={search_term_string}"},"query-input":{"@type":"PropertyValueSpecification","valueRequired":true,"valueName":"search_term_string"}}],"inLanguage":"en-US"}]}},"_links":{"self":[{"href":"https:\/\/autorival.ro\/chevrolet\/wp-json\/wp\/v2\/product\/264246","targetHints":{"allow":["GET"]}}],"collection":[{"href":"https:\/\/autorival.ro\/chevrolet\/wp-json\/wp\/v2\/product"}],"about":[{"href":"https:\/\/autorival.ro\/chevrolet\/wp-json\/wp\/v2\/types\/product"}],"replies":[{"embeddable":true,"href":"https:\/\/autorival.ro\/chevrolet\/wp-json\/wp\/v2\/comments?post=264246"}],"wp:featuredmedia":[{"embeddable":true,"href":"https:\/\/autorival.ro\/chevrolet\/wp-json\/wp\/v2\/media\/95800"}],"wp:attachment":[{"href":"https:\/\/autorival.ro\/chevrolet\/wp-json\/wp\/v2\/media?parent=264246"}],"wp:term":[{"taxonomy":"product_brand","embeddable":true,"href":"https:\/\/autorival.ro\/chevrolet\/wp-json\/wp\/v2\/product_brand?post=264246"},{"taxonomy":"product_cat","embeddable":true,"href":"https:\/\/autorival.ro\/chevrolet\/wp-json\/wp\/v2\/product_cat?post=264246"},{"taxonomy":"product_tag","embeddable":true,"href":"https:\/\/autorival.ro\/chevrolet\/wp-json\/wp\/v2\/product_tag?post=264246"}],"curies":[{"name":"wp","href":"https:\/\/api.w.org\/{rel}","templated":true}]}}