{"id":264182,"date":"2025-05-04T05:47:13","date_gmt":"2025-05-04T05:47:13","guid":{"rendered":"https:\/\/autorival.ro\/chevrolet\/product\/set-saboti-frana-chevrolet-spark-m300-1-2-lpg-benzina-autogaz-gpl-82-cai-textar-91062500\/"},"modified":"2025-05-04T05:47:14","modified_gmt":"2025-05-04T05:47:14","slug":"set-saboti-frana-chevrolet-spark-m300-1-2-lpg-benzina-autogaz-gpl-82-cai-textar-91062500","status":"publish","type":"product","link":"https:\/\/autorival.ro\/chevrolet\/product\/set-saboti-frana-chevrolet-spark-m300-1-2-lpg-benzina-autogaz-gpl-82-cai-textar-91062500\/","title":{"rendered":"Set saboti frana CHEVROLET SPARK (M300) 1.2 LPG Benzina\/Autogaz (GPL) 82 cai TEXTAR 91062500"},"content":{"rendered":"<p>Partea de montare: puntea spate ->Diametru tambur de fr\u00e2n\u0103 interior [mm]: 200 ->Latime [mm]: 36Sistem de fr\u00e2nare: TRWArticol completare\/Info suplimentar 2: cu maneta frana de mana ->Lungime ambalaj [cm]: 19,8 ->Latime ambalaj [cm]: 12,5 ->Inaltime ambalaj [cm]: 8,2 ->Greutate [kg]: 1,66<\/p>\n","protected":false},"excerpt":{"rendered":"<p>Producator: TEXTAR Cod producator: 91062500<\/p>\n","protected":false},"featured_media":99807,"comment_status":"open","ping_status":"closed","template":"","meta":[],"product_brand":[11093],"product_cat":[69806],"product_tag":[72279,72649,72281,73197,73078,72292,72818],"class_list":{"0":"post-264182","1":"product","2":"type-product","3":"status-publish","4":"has-post-thumbnail","6":"product_brand-textar","7":"product_cat-set-saboti-frana-m300-1-2-lpg-benzina-autogaz-gpl-82-5","8":"product_tag-chevrolet","9":"product_tag-frana","10":"product_tag-lpg","11":"product_tag-saboti","12":"product_tag-set","13":"product_tag-spark","14":"product_tag-textar","16":"first","17":"instock","18":"shipping-taxable","19":"purchasable","20":"product-type-simple"},"yoast_head":"<!-- This site is optimized with the Yoast SEO plugin v27.3 - https:\/\/yoast.com\/product\/yoast-seo-wordpress\/ -->\n<title>Set saboti frana CHEVROLET SPARK (M300) 1.2 LPG Benzina\/Autogaz (GPL) 82 cai TEXTAR 91062500 CHEVROLET | TEXTAR - Autorival<\/title>\n<meta name=\"description\" content=\"\u26a1 Set saboti frana CHEVROLET SPARK (M300) 1.2 LPG Benzina\/Autogaz (GPL) 82 cai TEXTAR 91062500 pentru CHEVROLET la doar 175.35 RON. \u2713 Cod: 91062500 \u2713 Brand: TEXTAR \u2713 \u00cen stoc \u2713 Livrare 24h \u2713 Garan\u021bie!\" \/>\n<meta name=\"robots\" content=\"index, follow, max-snippet:-1, max-image-preview:large, max-video-preview:-1\" \/>\n<meta property=\"og:locale\" content=\"en_US\" \/>\n<meta property=\"og:type\" content=\"article\" \/>\n<meta property=\"og:title\" content=\"Set saboti frana CHEVROLET SPARK (M300) 1.2 LPG Benzina\/Autogaz (GPL) 82 cai TEXTAR 91062500 CHEVROLET | TEXTAR - Autorival\" \/>\n<meta property=\"og:description\" content=\"\u26a1 Set saboti frana CHEVROLET SPARK (M300) 1.2 LPG Benzina\/Autogaz (GPL) 82 cai TEXTAR 91062500 pentru CHEVROLET la doar 175.35 RON. \u2713 Cod: 91062500 \u2713 Brand: TEXTAR \u2713 \u00cen stoc \u2713 Livrare 24h \u2713 Garan\u021bie!\" \/>\n<meta property=\"og:url\" content=\"https:\/\/autorival.ro\/chevrolet\/product\/set-saboti-frana-chevrolet-spark-m300-1-2-lpg-benzina-autogaz-gpl-82-cai-textar-91062500\/\" \/>\n<meta property=\"og:site_name\" content=\"CHEVROLET\" \/>\n<meta property=\"article:modified_time\" content=\"2025-05-04T05:47:14+00:00\" \/>\n<meta property=\"og:image\" content=\"https:\/\/autorival.ro\/chevrolet\/wp-content\/uploads\/sites\/7\/2025\/04\/98101_0625_0_4-1.jpg\" \/>\n\t<meta property=\"og:image:width\" content=\"463\" \/>\n\t<meta property=\"og:image:height\" content=\"400\" \/>\n\t<meta property=\"og:image:type\" content=\"image\/jpeg\" \/>\n<meta name=\"twitter:card\" content=\"summary_large_image\" \/>\n<meta name=\"twitter:title\" content=\"Set saboti frana CHEVROLET SPARK (M300) 1.2 LPG Benzina\/Autogaz (GPL) 82 cai TEXTAR 91062500 CHEVROLET | TEXTAR - Autorival\" \/>\n<meta name=\"twitter:description\" content=\"\u26a1 Set saboti frana CHEVROLET SPARK (M300) 1.2 LPG Benzina\/Autogaz (GPL) 82 cai TEXTAR 91062500 pentru CHEVROLET la doar 175.35 RON. \u2713 Cod: 91062500 \u2713 Brand: TEXTAR \u2713 \u00cen stoc \u2713 Livrare 24h \u2713 Garan\u021bie!\" \/>\n<script type=\"application\/ld+json\" class=\"yoast-schema-graph\">{\"@context\":\"https:\\\/\\\/schema.org\",\"@graph\":[{\"@type\":\"WebPage\",\"@id\":\"https:\\\/\\\/autorival.ro\\\/chevrolet\\\/product\\\/set-saboti-frana-chevrolet-spark-m300-1-2-lpg-benzina-autogaz-gpl-82-cai-textar-91062500\\\/\",\"url\":\"https:\\\/\\\/autorival.ro\\\/chevrolet\\\/product\\\/set-saboti-frana-chevrolet-spark-m300-1-2-lpg-benzina-autogaz-gpl-82-cai-textar-91062500\\\/\",\"name\":\"Set saboti frana CHEVROLET SPARK (M300) 1.2 LPG Benzina\\\/Autogaz (GPL) 82 cai TEXTAR 91062500 CHEVROLET | TEXTAR - Autorival\",\"isPartOf\":{\"@id\":\"https:\\\/\\\/autorival.ro\\\/chevrolet\\\/#website\"},\"primaryImageOfPage\":{\"@id\":\"https:\\\/\\\/autorival.ro\\\/chevrolet\\\/product\\\/set-saboti-frana-chevrolet-spark-m300-1-2-lpg-benzina-autogaz-gpl-82-cai-textar-91062500\\\/#primaryimage\"},\"image\":{\"@id\":\"https:\\\/\\\/autorival.ro\\\/chevrolet\\\/product\\\/set-saboti-frana-chevrolet-spark-m300-1-2-lpg-benzina-autogaz-gpl-82-cai-textar-91062500\\\/#primaryimage\"},\"thumbnailUrl\":\"https:\\\/\\\/autorival.ro\\\/chevrolet\\\/wp-content\\\/uploads\\\/sites\\\/7\\\/2025\\\/04\\\/98101_0625_0_4-1.jpg\",\"datePublished\":\"2025-05-04T05:47:13+00:00\",\"dateModified\":\"2025-05-04T05:47:14+00:00\",\"description\":\"\u26a1 Set saboti frana CHEVROLET SPARK (M300) 1.2 LPG Benzina\\\/Autogaz (GPL) 82 cai TEXTAR 91062500 pentru CHEVROLET la doar 175.35 RON. \u2713 Cod: 91062500 \u2713 Brand: TEXTAR \u2713 \u00cen stoc \u2713 Livrare 24h \u2713 Garan\u021bie!\",\"breadcrumb\":{\"@id\":\"https:\\\/\\\/autorival.ro\\\/chevrolet\\\/product\\\/set-saboti-frana-chevrolet-spark-m300-1-2-lpg-benzina-autogaz-gpl-82-cai-textar-91062500\\\/#breadcrumb\"},\"inLanguage\":\"en-US\",\"potentialAction\":[{\"@type\":\"ReadAction\",\"target\":[\"https:\\\/\\\/autorival.ro\\\/chevrolet\\\/product\\\/set-saboti-frana-chevrolet-spark-m300-1-2-lpg-benzina-autogaz-gpl-82-cai-textar-91062500\\\/\"]}]},{\"@type\":\"ImageObject\",\"inLanguage\":\"en-US\",\"@id\":\"https:\\\/\\\/autorival.ro\\\/chevrolet\\\/product\\\/set-saboti-frana-chevrolet-spark-m300-1-2-lpg-benzina-autogaz-gpl-82-cai-textar-91062500\\\/#primaryimage\",\"url\":\"https:\\\/\\\/autorival.ro\\\/chevrolet\\\/wp-content\\\/uploads\\\/sites\\\/7\\\/2025\\\/04\\\/98101_0625_0_4-1.jpg\",\"contentUrl\":\"https:\\\/\\\/autorival.ro\\\/chevrolet\\\/wp-content\\\/uploads\\\/sites\\\/7\\\/2025\\\/04\\\/98101_0625_0_4-1.jpg\",\"width\":463,\"height\":400,\"caption\":\"Set saboti frana -> CHEVROLET SPARK (M300) 1.0 benzina 65 cai -> TEXTAR 91062500\"},{\"@type\":\"BreadcrumbList\",\"@id\":\"https:\\\/\\\/autorival.ro\\\/chevrolet\\\/product\\\/set-saboti-frana-chevrolet-spark-m300-1-2-lpg-benzina-autogaz-gpl-82-cai-textar-91062500\\\/#breadcrumb\",\"itemListElement\":[{\"@type\":\"ListItem\",\"position\":1,\"name\":\"Prima pagin\u0103\",\"item\":\"https:\\\/\\\/autorival.ro\\\/chevrolet\\\/\"},{\"@type\":\"ListItem\",\"position\":2,\"name\":\"Piese auto CHEVROLET\",\"item\":\"https:\\\/\\\/autorival.ro\\\/chevrolet\\\/\"},{\"@type\":\"ListItem\",\"position\":3,\"name\":\"Set saboti frana CHEVROLET SPARK (M300) 1.2 LPG Benzina\\\/Autogaz (GPL) 82 cai TEXTAR 91062500\"}]},{\"@type\":\"WebSite\",\"@id\":\"https:\\\/\\\/autorival.ro\\\/chevrolet\\\/#website\",\"url\":\"https:\\\/\\\/autorival.ro\\\/chevrolet\\\/\",\"name\":\"CHEVROLET\",\"description\":\"\",\"potentialAction\":[{\"@type\":\"SearchAction\",\"target\":{\"@type\":\"EntryPoint\",\"urlTemplate\":\"https:\\\/\\\/autorival.ro\\\/chevrolet\\\/?s={search_term_string}\"},\"query-input\":{\"@type\":\"PropertyValueSpecification\",\"valueRequired\":true,\"valueName\":\"search_term_string\"}}],\"inLanguage\":\"en-US\"}]}<\/script>\n<!-- \/ Yoast SEO plugin. -->","yoast_head_json":{"title":"Set saboti frana CHEVROLET SPARK (M300) 1.2 LPG Benzina\/Autogaz (GPL) 82 cai TEXTAR 91062500 CHEVROLET | TEXTAR - Autorival","description":"\u26a1 Set saboti frana CHEVROLET SPARK (M300) 1.2 LPG Benzina\/Autogaz (GPL) 82 cai TEXTAR 91062500 pentru CHEVROLET la doar 175.35 RON. \u2713 Cod: 91062500 \u2713 Brand: TEXTAR \u2713 \u00cen stoc \u2713 Livrare 24h \u2713 Garan\u021bie!","robots":{"index":"index","follow":"follow","max-snippet":"max-snippet:-1","max-image-preview":"max-image-preview:large","max-video-preview":"max-video-preview:-1"},"og_locale":"en_US","og_type":"article","og_title":"Set saboti frana CHEVROLET SPARK (M300) 1.2 LPG Benzina\/Autogaz (GPL) 82 cai TEXTAR 91062500 CHEVROLET | TEXTAR - Autorival","og_description":"\u26a1 Set saboti frana CHEVROLET SPARK (M300) 1.2 LPG Benzina\/Autogaz (GPL) 82 cai TEXTAR 91062500 pentru CHEVROLET la doar 175.35 RON. \u2713 Cod: 91062500 \u2713 Brand: TEXTAR \u2713 \u00cen stoc \u2713 Livrare 24h \u2713 Garan\u021bie!","og_url":"https:\/\/autorival.ro\/chevrolet\/product\/set-saboti-frana-chevrolet-spark-m300-1-2-lpg-benzina-autogaz-gpl-82-cai-textar-91062500\/","og_site_name":"CHEVROLET","article_modified_time":"2025-05-04T05:47:14+00:00","og_image":[{"width":463,"height":400,"url":"https:\/\/autorival.ro\/chevrolet\/wp-content\/uploads\/sites\/7\/2025\/04\/98101_0625_0_4-1.jpg","type":"image\/jpeg"}],"twitter_card":"summary_large_image","twitter_title":"Set saboti frana CHEVROLET SPARK (M300) 1.2 LPG Benzina\/Autogaz (GPL) 82 cai TEXTAR 91062500 CHEVROLET | TEXTAR - Autorival","twitter_description":"\u26a1 Set saboti frana CHEVROLET SPARK (M300) 1.2 LPG Benzina\/Autogaz (GPL) 82 cai TEXTAR 91062500 pentru CHEVROLET la doar 175.35 RON. \u2713 Cod: 91062500 \u2713 Brand: TEXTAR \u2713 \u00cen stoc \u2713 Livrare 24h \u2713 Garan\u021bie!","schema":{"@context":"https:\/\/schema.org","@graph":[{"@type":"WebPage","@id":"https:\/\/autorival.ro\/chevrolet\/product\/set-saboti-frana-chevrolet-spark-m300-1-2-lpg-benzina-autogaz-gpl-82-cai-textar-91062500\/","url":"https:\/\/autorival.ro\/chevrolet\/product\/set-saboti-frana-chevrolet-spark-m300-1-2-lpg-benzina-autogaz-gpl-82-cai-textar-91062500\/","name":"Set saboti frana CHEVROLET SPARK (M300) 1.2 LPG Benzina\/Autogaz (GPL) 82 cai TEXTAR 91062500 CHEVROLET | TEXTAR - Autorival","isPartOf":{"@id":"https:\/\/autorival.ro\/chevrolet\/#website"},"primaryImageOfPage":{"@id":"https:\/\/autorival.ro\/chevrolet\/product\/set-saboti-frana-chevrolet-spark-m300-1-2-lpg-benzina-autogaz-gpl-82-cai-textar-91062500\/#primaryimage"},"image":{"@id":"https:\/\/autorival.ro\/chevrolet\/product\/set-saboti-frana-chevrolet-spark-m300-1-2-lpg-benzina-autogaz-gpl-82-cai-textar-91062500\/#primaryimage"},"thumbnailUrl":"https:\/\/autorival.ro\/chevrolet\/wp-content\/uploads\/sites\/7\/2025\/04\/98101_0625_0_4-1.jpg","datePublished":"2025-05-04T05:47:13+00:00","dateModified":"2025-05-04T05:47:14+00:00","description":"\u26a1 Set saboti frana CHEVROLET SPARK (M300) 1.2 LPG Benzina\/Autogaz (GPL) 82 cai TEXTAR 91062500 pentru CHEVROLET la doar 175.35 RON. \u2713 Cod: 91062500 \u2713 Brand: TEXTAR \u2713 \u00cen stoc \u2713 Livrare 24h \u2713 Garan\u021bie!","breadcrumb":{"@id":"https:\/\/autorival.ro\/chevrolet\/product\/set-saboti-frana-chevrolet-spark-m300-1-2-lpg-benzina-autogaz-gpl-82-cai-textar-91062500\/#breadcrumb"},"inLanguage":"en-US","potentialAction":[{"@type":"ReadAction","target":["https:\/\/autorival.ro\/chevrolet\/product\/set-saboti-frana-chevrolet-spark-m300-1-2-lpg-benzina-autogaz-gpl-82-cai-textar-91062500\/"]}]},{"@type":"ImageObject","inLanguage":"en-US","@id":"https:\/\/autorival.ro\/chevrolet\/product\/set-saboti-frana-chevrolet-spark-m300-1-2-lpg-benzina-autogaz-gpl-82-cai-textar-91062500\/#primaryimage","url":"https:\/\/autorival.ro\/chevrolet\/wp-content\/uploads\/sites\/7\/2025\/04\/98101_0625_0_4-1.jpg","contentUrl":"https:\/\/autorival.ro\/chevrolet\/wp-content\/uploads\/sites\/7\/2025\/04\/98101_0625_0_4-1.jpg","width":463,"height":400,"caption":"Set saboti frana -> CHEVROLET SPARK (M300) 1.0 benzina 65 cai -> TEXTAR 91062500"},{"@type":"BreadcrumbList","@id":"https:\/\/autorival.ro\/chevrolet\/product\/set-saboti-frana-chevrolet-spark-m300-1-2-lpg-benzina-autogaz-gpl-82-cai-textar-91062500\/#breadcrumb","itemListElement":[{"@type":"ListItem","position":1,"name":"Prima pagin\u0103","item":"https:\/\/autorival.ro\/chevrolet\/"},{"@type":"ListItem","position":2,"name":"Piese auto CHEVROLET","item":"https:\/\/autorival.ro\/chevrolet\/"},{"@type":"ListItem","position":3,"name":"Set saboti frana CHEVROLET SPARK (M300) 1.2 LPG Benzina\/Autogaz (GPL) 82 cai TEXTAR 91062500"}]},{"@type":"WebSite","@id":"https:\/\/autorival.ro\/chevrolet\/#website","url":"https:\/\/autorival.ro\/chevrolet\/","name":"CHEVROLET","description":"","potentialAction":[{"@type":"SearchAction","target":{"@type":"EntryPoint","urlTemplate":"https:\/\/autorival.ro\/chevrolet\/?s={search_term_string}"},"query-input":{"@type":"PropertyValueSpecification","valueRequired":true,"valueName":"search_term_string"}}],"inLanguage":"en-US"}]}},"_links":{"self":[{"href":"https:\/\/autorival.ro\/chevrolet\/wp-json\/wp\/v2\/product\/264182","targetHints":{"allow":["GET"]}}],"collection":[{"href":"https:\/\/autorival.ro\/chevrolet\/wp-json\/wp\/v2\/product"}],"about":[{"href":"https:\/\/autorival.ro\/chevrolet\/wp-json\/wp\/v2\/types\/product"}],"replies":[{"embeddable":true,"href":"https:\/\/autorival.ro\/chevrolet\/wp-json\/wp\/v2\/comments?post=264182"}],"wp:featuredmedia":[{"embeddable":true,"href":"https:\/\/autorival.ro\/chevrolet\/wp-json\/wp\/v2\/media\/99807"}],"wp:attachment":[{"href":"https:\/\/autorival.ro\/chevrolet\/wp-json\/wp\/v2\/media?parent=264182"}],"wp:term":[{"taxonomy":"product_brand","embeddable":true,"href":"https:\/\/autorival.ro\/chevrolet\/wp-json\/wp\/v2\/product_brand?post=264182"},{"taxonomy":"product_cat","embeddable":true,"href":"https:\/\/autorival.ro\/chevrolet\/wp-json\/wp\/v2\/product_cat?post=264182"},{"taxonomy":"product_tag","embeddable":true,"href":"https:\/\/autorival.ro\/chevrolet\/wp-json\/wp\/v2\/product_tag?post=264182"}],"curies":[{"name":"wp","href":"https:\/\/api.w.org\/{rel}","templated":true}]}}