{"id":263667,"date":"2025-05-04T05:34:19","date_gmt":"2025-05-04T05:34:19","guid":{"rendered":"https:\/\/autorival.ro\/chevrolet\/product\/set-saboti-frana-chevrolet-aveo-hatchback-t300-1-4-benzina-101-cai-ferodo-fsb4173\/"},"modified":"2025-05-04T05:34:19","modified_gmt":"2025-05-04T05:34:19","slug":"set-saboti-frana-chevrolet-aveo-hatchback-t300-1-4-benzina-101-cai-ferodo-fsb4173","status":"publish","type":"product","link":"https:\/\/autorival.ro\/chevrolet\/product\/set-saboti-frana-chevrolet-aveo-hatchback-t300-1-4-benzina-101-cai-ferodo-fsb4173\/","title":{"rendered":"Set saboti frana CHEVROLET AVEO hatchback (T300) 1.4 benzina 101 cai FERODO FSB4173"},"content":{"rendered":"<p>Partea de montare: puntea spate ->Greutate [kg]: 1,463Articol extins\/Informatii de extindere: fara accesoriiSistem de fr\u00e2nare: TRW ->Diametru tambur de fr\u00e2n\u0103 interior [mm]: 200 ->Lungime ambalaj [cm]: 21,5 ->Latime ambalaj [cm]: 12,5 ->Inaltime ambalaj [cm]: 7<\/p>\n","protected":false},"excerpt":{"rendered":"<p>Producator: FERODO Cod producator: FSB4173<\/p>\n","protected":false},"featured_media":2732,"comment_status":"open","ping_status":"closed","template":"","meta":[],"product_brand":[11050],"product_cat":[69720],"product_tag":[72280,72279,72694,72649,73251,73197,73078],"class_list":{"0":"post-263667","1":"product","2":"type-product","3":"status-publish","4":"has-post-thumbnail","6":"product_brand-ferodo","7":"product_cat-set-saboti-frana-hatchback-t300-1-4-benzina-101-4","8":"product_tag-aveo","9":"product_tag-chevrolet","10":"product_tag-ferodo","11":"product_tag-frana","12":"product_tag-fsb","13":"product_tag-saboti","14":"product_tag-set","16":"first","17":"instock","18":"shipping-taxable","19":"purchasable","20":"product-type-simple"},"yoast_head":"<!-- This site is optimized with the Yoast SEO plugin v27.3 - https:\/\/yoast.com\/product\/yoast-seo-wordpress\/ -->\n<title>Set saboti frana CHEVROLET AVEO hatchback (T300) 1.4 benzina 101 cai FERODO FSB4173 CHEVROLET | FERODO - Autorival<\/title>\n<meta name=\"description\" content=\"\u26a1 Set saboti frana CHEVROLET AVEO hatchback (T300) 1.4 benzina 101 cai FERODO FSB4173 pentru CHEVROLET la doar 307 RON. \u2713 Cod: FSB4173 \u2713 Brand: FERODO \u2713 \u00cen stoc \u2713 Livrare 24h \u2713 Garan\u021bie!\" \/>\n<meta name=\"robots\" content=\"index, follow, max-snippet:-1, max-image-preview:large, max-video-preview:-1\" \/>\n<meta property=\"og:locale\" content=\"en_US\" \/>\n<meta property=\"og:type\" content=\"article\" \/>\n<meta property=\"og:title\" content=\"Set saboti frana CHEVROLET AVEO hatchback (T300) 1.4 benzina 101 cai FERODO FSB4173 CHEVROLET | FERODO - Autorival\" \/>\n<meta property=\"og:description\" content=\"\u26a1 Set saboti frana CHEVROLET AVEO hatchback (T300) 1.4 benzina 101 cai FERODO FSB4173 pentru CHEVROLET la doar 307 RON. \u2713 Cod: FSB4173 \u2713 Brand: FERODO \u2713 \u00cen stoc \u2713 Livrare 24h \u2713 Garan\u021bie!\" \/>\n<meta property=\"og:url\" content=\"https:\/\/autorival.ro\/chevrolet\/product\/set-saboti-frana-chevrolet-aveo-hatchback-t300-1-4-benzina-101-cai-ferodo-fsb4173\/\" \/>\n<meta property=\"og:site_name\" content=\"CHEVROLET\" \/>\n<meta property=\"og:image\" content=\"https:\/\/autorival.ro\/chevrolet\/wp-content\/uploads\/sites\/7\/2025\/04\/fsb4173_5095113.jpg\" \/>\n\t<meta property=\"og:image:width\" content=\"590\" \/>\n\t<meta property=\"og:image:height\" content=\"400\" \/>\n\t<meta property=\"og:image:type\" content=\"image\/jpeg\" \/>\n<meta name=\"twitter:card\" content=\"summary_large_image\" \/>\n<meta name=\"twitter:title\" content=\"Set saboti frana CHEVROLET AVEO hatchback (T300) 1.4 benzina 101 cai FERODO FSB4173 CHEVROLET | FERODO - Autorival\" \/>\n<meta name=\"twitter:description\" content=\"\u26a1 Set saboti frana CHEVROLET AVEO hatchback (T300) 1.4 benzina 101 cai FERODO FSB4173 pentru CHEVROLET la doar 307 RON. \u2713 Cod: FSB4173 \u2713 Brand: FERODO \u2713 \u00cen stoc \u2713 Livrare 24h \u2713 Garan\u021bie!\" \/>\n<script type=\"application\/ld+json\" class=\"yoast-schema-graph\">{\"@context\":\"https:\\\/\\\/schema.org\",\"@graph\":[{\"@type\":\"WebPage\",\"@id\":\"https:\\\/\\\/autorival.ro\\\/chevrolet\\\/product\\\/set-saboti-frana-chevrolet-aveo-hatchback-t300-1-4-benzina-101-cai-ferodo-fsb4173\\\/\",\"url\":\"https:\\\/\\\/autorival.ro\\\/chevrolet\\\/product\\\/set-saboti-frana-chevrolet-aveo-hatchback-t300-1-4-benzina-101-cai-ferodo-fsb4173\\\/\",\"name\":\"Set saboti frana CHEVROLET AVEO hatchback (T300) 1.4 benzina 101 cai FERODO FSB4173 CHEVROLET | FERODO - Autorival\",\"isPartOf\":{\"@id\":\"https:\\\/\\\/autorival.ro\\\/chevrolet\\\/#website\"},\"primaryImageOfPage\":{\"@id\":\"https:\\\/\\\/autorival.ro\\\/chevrolet\\\/product\\\/set-saboti-frana-chevrolet-aveo-hatchback-t300-1-4-benzina-101-cai-ferodo-fsb4173\\\/#primaryimage\"},\"image\":{\"@id\":\"https:\\\/\\\/autorival.ro\\\/chevrolet\\\/product\\\/set-saboti-frana-chevrolet-aveo-hatchback-t300-1-4-benzina-101-cai-ferodo-fsb4173\\\/#primaryimage\"},\"thumbnailUrl\":\"https:\\\/\\\/autorival.ro\\\/chevrolet\\\/wp-content\\\/uploads\\\/sites\\\/7\\\/2025\\\/04\\\/fsb4173_5095113.jpg\",\"datePublished\":\"2025-05-04T05:34:19+00:00\",\"description\":\"\u26a1 Set saboti frana CHEVROLET AVEO hatchback (T300) 1.4 benzina 101 cai FERODO FSB4173 pentru CHEVROLET la doar 307 RON. \u2713 Cod: FSB4173 \u2713 Brand: FERODO \u2713 \u00cen stoc \u2713 Livrare 24h \u2713 Garan\u021bie!\",\"breadcrumb\":{\"@id\":\"https:\\\/\\\/autorival.ro\\\/chevrolet\\\/product\\\/set-saboti-frana-chevrolet-aveo-hatchback-t300-1-4-benzina-101-cai-ferodo-fsb4173\\\/#breadcrumb\"},\"inLanguage\":\"en-US\",\"potentialAction\":[{\"@type\":\"ReadAction\",\"target\":[\"https:\\\/\\\/autorival.ro\\\/chevrolet\\\/product\\\/set-saboti-frana-chevrolet-aveo-hatchback-t300-1-4-benzina-101-cai-ferodo-fsb4173\\\/\"]}]},{\"@type\":\"ImageObject\",\"inLanguage\":\"en-US\",\"@id\":\"https:\\\/\\\/autorival.ro\\\/chevrolet\\\/product\\\/set-saboti-frana-chevrolet-aveo-hatchback-t300-1-4-benzina-101-cai-ferodo-fsb4173\\\/#primaryimage\",\"url\":\"https:\\\/\\\/autorival.ro\\\/chevrolet\\\/wp-content\\\/uploads\\\/sites\\\/7\\\/2025\\\/04\\\/fsb4173_5095113.jpg\",\"contentUrl\":\"https:\\\/\\\/autorival.ro\\\/chevrolet\\\/wp-content\\\/uploads\\\/sites\\\/7\\\/2025\\\/04\\\/fsb4173_5095113.jpg\",\"width\":590,\"height\":400,\"caption\":\"Set saboti frana -> CHEVROLET AVEO hatchback (T300) 1.2 benzina 69 cai -> FERODO FSB4173\"},{\"@type\":\"BreadcrumbList\",\"@id\":\"https:\\\/\\\/autorival.ro\\\/chevrolet\\\/product\\\/set-saboti-frana-chevrolet-aveo-hatchback-t300-1-4-benzina-101-cai-ferodo-fsb4173\\\/#breadcrumb\",\"itemListElement\":[{\"@type\":\"ListItem\",\"position\":1,\"name\":\"Prima pagin\u0103\",\"item\":\"https:\\\/\\\/autorival.ro\\\/chevrolet\\\/\"},{\"@type\":\"ListItem\",\"position\":2,\"name\":\"Piese auto CHEVROLET\",\"item\":\"https:\\\/\\\/autorival.ro\\\/chevrolet\\\/\"},{\"@type\":\"ListItem\",\"position\":3,\"name\":\"Set saboti frana CHEVROLET AVEO hatchback (T300) 1.4 benzina 101 cai FERODO FSB4173\"}]},{\"@type\":\"WebSite\",\"@id\":\"https:\\\/\\\/autorival.ro\\\/chevrolet\\\/#website\",\"url\":\"https:\\\/\\\/autorival.ro\\\/chevrolet\\\/\",\"name\":\"CHEVROLET\",\"description\":\"\",\"potentialAction\":[{\"@type\":\"SearchAction\",\"target\":{\"@type\":\"EntryPoint\",\"urlTemplate\":\"https:\\\/\\\/autorival.ro\\\/chevrolet\\\/?s={search_term_string}\"},\"query-input\":{\"@type\":\"PropertyValueSpecification\",\"valueRequired\":true,\"valueName\":\"search_term_string\"}}],\"inLanguage\":\"en-US\"}]}<\/script>\n<!-- \/ Yoast SEO plugin. -->","yoast_head_json":{"title":"Set saboti frana CHEVROLET AVEO hatchback (T300) 1.4 benzina 101 cai FERODO FSB4173 CHEVROLET | FERODO - Autorival","description":"\u26a1 Set saboti frana CHEVROLET AVEO hatchback (T300) 1.4 benzina 101 cai FERODO FSB4173 pentru CHEVROLET la doar 307 RON. \u2713 Cod: FSB4173 \u2713 Brand: FERODO \u2713 \u00cen stoc \u2713 Livrare 24h \u2713 Garan\u021bie!","robots":{"index":"index","follow":"follow","max-snippet":"max-snippet:-1","max-image-preview":"max-image-preview:large","max-video-preview":"max-video-preview:-1"},"og_locale":"en_US","og_type":"article","og_title":"Set saboti frana CHEVROLET AVEO hatchback (T300) 1.4 benzina 101 cai FERODO FSB4173 CHEVROLET | FERODO - Autorival","og_description":"\u26a1 Set saboti frana CHEVROLET AVEO hatchback (T300) 1.4 benzina 101 cai FERODO FSB4173 pentru CHEVROLET la doar 307 RON. \u2713 Cod: FSB4173 \u2713 Brand: FERODO \u2713 \u00cen stoc \u2713 Livrare 24h \u2713 Garan\u021bie!","og_url":"https:\/\/autorival.ro\/chevrolet\/product\/set-saboti-frana-chevrolet-aveo-hatchback-t300-1-4-benzina-101-cai-ferodo-fsb4173\/","og_site_name":"CHEVROLET","og_image":[{"width":590,"height":400,"url":"https:\/\/autorival.ro\/chevrolet\/wp-content\/uploads\/sites\/7\/2025\/04\/fsb4173_5095113.jpg","type":"image\/jpeg"}],"twitter_card":"summary_large_image","twitter_title":"Set saboti frana CHEVROLET AVEO hatchback (T300) 1.4 benzina 101 cai FERODO FSB4173 CHEVROLET | FERODO - Autorival","twitter_description":"\u26a1 Set saboti frana CHEVROLET AVEO hatchback (T300) 1.4 benzina 101 cai FERODO FSB4173 pentru CHEVROLET la doar 307 RON. \u2713 Cod: FSB4173 \u2713 Brand: FERODO \u2713 \u00cen stoc \u2713 Livrare 24h \u2713 Garan\u021bie!","schema":{"@context":"https:\/\/schema.org","@graph":[{"@type":"WebPage","@id":"https:\/\/autorival.ro\/chevrolet\/product\/set-saboti-frana-chevrolet-aveo-hatchback-t300-1-4-benzina-101-cai-ferodo-fsb4173\/","url":"https:\/\/autorival.ro\/chevrolet\/product\/set-saboti-frana-chevrolet-aveo-hatchback-t300-1-4-benzina-101-cai-ferodo-fsb4173\/","name":"Set saboti frana CHEVROLET AVEO hatchback (T300) 1.4 benzina 101 cai FERODO FSB4173 CHEVROLET | FERODO - Autorival","isPartOf":{"@id":"https:\/\/autorival.ro\/chevrolet\/#website"},"primaryImageOfPage":{"@id":"https:\/\/autorival.ro\/chevrolet\/product\/set-saboti-frana-chevrolet-aveo-hatchback-t300-1-4-benzina-101-cai-ferodo-fsb4173\/#primaryimage"},"image":{"@id":"https:\/\/autorival.ro\/chevrolet\/product\/set-saboti-frana-chevrolet-aveo-hatchback-t300-1-4-benzina-101-cai-ferodo-fsb4173\/#primaryimage"},"thumbnailUrl":"https:\/\/autorival.ro\/chevrolet\/wp-content\/uploads\/sites\/7\/2025\/04\/fsb4173_5095113.jpg","datePublished":"2025-05-04T05:34:19+00:00","description":"\u26a1 Set saboti frana CHEVROLET AVEO hatchback (T300) 1.4 benzina 101 cai FERODO FSB4173 pentru CHEVROLET la doar 307 RON. \u2713 Cod: FSB4173 \u2713 Brand: FERODO \u2713 \u00cen stoc \u2713 Livrare 24h \u2713 Garan\u021bie!","breadcrumb":{"@id":"https:\/\/autorival.ro\/chevrolet\/product\/set-saboti-frana-chevrolet-aveo-hatchback-t300-1-4-benzina-101-cai-ferodo-fsb4173\/#breadcrumb"},"inLanguage":"en-US","potentialAction":[{"@type":"ReadAction","target":["https:\/\/autorival.ro\/chevrolet\/product\/set-saboti-frana-chevrolet-aveo-hatchback-t300-1-4-benzina-101-cai-ferodo-fsb4173\/"]}]},{"@type":"ImageObject","inLanguage":"en-US","@id":"https:\/\/autorival.ro\/chevrolet\/product\/set-saboti-frana-chevrolet-aveo-hatchback-t300-1-4-benzina-101-cai-ferodo-fsb4173\/#primaryimage","url":"https:\/\/autorival.ro\/chevrolet\/wp-content\/uploads\/sites\/7\/2025\/04\/fsb4173_5095113.jpg","contentUrl":"https:\/\/autorival.ro\/chevrolet\/wp-content\/uploads\/sites\/7\/2025\/04\/fsb4173_5095113.jpg","width":590,"height":400,"caption":"Set saboti frana -> CHEVROLET AVEO hatchback (T300) 1.2 benzina 69 cai -> FERODO FSB4173"},{"@type":"BreadcrumbList","@id":"https:\/\/autorival.ro\/chevrolet\/product\/set-saboti-frana-chevrolet-aveo-hatchback-t300-1-4-benzina-101-cai-ferodo-fsb4173\/#breadcrumb","itemListElement":[{"@type":"ListItem","position":1,"name":"Prima pagin\u0103","item":"https:\/\/autorival.ro\/chevrolet\/"},{"@type":"ListItem","position":2,"name":"Piese auto CHEVROLET","item":"https:\/\/autorival.ro\/chevrolet\/"},{"@type":"ListItem","position":3,"name":"Set saboti frana CHEVROLET AVEO hatchback (T300) 1.4 benzina 101 cai FERODO FSB4173"}]},{"@type":"WebSite","@id":"https:\/\/autorival.ro\/chevrolet\/#website","url":"https:\/\/autorival.ro\/chevrolet\/","name":"CHEVROLET","description":"","potentialAction":[{"@type":"SearchAction","target":{"@type":"EntryPoint","urlTemplate":"https:\/\/autorival.ro\/chevrolet\/?s={search_term_string}"},"query-input":{"@type":"PropertyValueSpecification","valueRequired":true,"valueName":"search_term_string"}}],"inLanguage":"en-US"}]}},"_links":{"self":[{"href":"https:\/\/autorival.ro\/chevrolet\/wp-json\/wp\/v2\/product\/263667","targetHints":{"allow":["GET"]}}],"collection":[{"href":"https:\/\/autorival.ro\/chevrolet\/wp-json\/wp\/v2\/product"}],"about":[{"href":"https:\/\/autorival.ro\/chevrolet\/wp-json\/wp\/v2\/types\/product"}],"replies":[{"embeddable":true,"href":"https:\/\/autorival.ro\/chevrolet\/wp-json\/wp\/v2\/comments?post=263667"}],"wp:featuredmedia":[{"embeddable":true,"href":"https:\/\/autorival.ro\/chevrolet\/wp-json\/wp\/v2\/media\/2732"}],"wp:attachment":[{"href":"https:\/\/autorival.ro\/chevrolet\/wp-json\/wp\/v2\/media?parent=263667"}],"wp:term":[{"taxonomy":"product_brand","embeddable":true,"href":"https:\/\/autorival.ro\/chevrolet\/wp-json\/wp\/v2\/product_brand?post=263667"},{"taxonomy":"product_cat","embeddable":true,"href":"https:\/\/autorival.ro\/chevrolet\/wp-json\/wp\/v2\/product_cat?post=263667"},{"taxonomy":"product_tag","embeddable":true,"href":"https:\/\/autorival.ro\/chevrolet\/wp-json\/wp\/v2\/product_tag?post=263667"}],"curies":[{"name":"wp","href":"https:\/\/api.w.org\/{rel}","templated":true}]}}