{"id":257161,"date":"2025-05-04T02:47:31","date_gmt":"2025-05-04T02:47:31","guid":{"rendered":"https:\/\/autorival.ro\/chevrolet\/product\/set-frana-frana-disc-chevrolet-lacetti-combi-j200-2-0-d-diesel-121-cai-mastersport-germany-201003400\/"},"modified":"2025-05-04T02:47:31","modified_gmt":"2025-05-04T02:47:31","slug":"set-frana-frana-disc-chevrolet-lacetti-combi-j200-2-0-d-diesel-121-cai-mastersport-germany-201003400","status":"publish","type":"product","link":"https:\/\/autorival.ro\/chevrolet\/product\/set-frana-frana-disc-chevrolet-lacetti-combi-j200-2-0-d-diesel-121-cai-mastersport-germany-201003400\/","title":{"rendered":"Set frana frana disc CHEVROLET LACETTI combi (J200) 2.0 D diesel 121 cai MASTERSPORT GERMANY 201003400"},"content":{"rendered":"<p>An fabricatie pana la: 201012Tip disc fr\u00e2na: plin ->Grosime disc fr\u00e2na [mm]: 10,5 ->Diametru exterior [mm]: 258Partea de montare: puntea spate\u00cenaltime [mm]: 57,2 ->Diametrul orificiului [mm]: 12,6 ->Grosime minima [mm]: 8 ->Diametru interior [mm]: 168Numar gauri: 4 ->Diametru de centrare [mm]: 60Asezare gauri \u00d8 [mm]: 114 ->Grosime [mm]: 14,5Sistem de fr\u00e2nare: Sumitomo ->Latime [mm]: 104\u00cenaltime 1 [mm]: 38,9Contact indicator uzura: fara contact avertizare uzura, exclus indicator avertizareNumar bucati necesare: 1Unitate de calitate: set ->Greutate neta [kg]: 6,91 ->Greutate brut\u0103 [kg]: 6,91<\/p>\n","protected":false},"excerpt":{"rendered":"<p>Producator: MASTERSPORT GERMANY Cod producator: 201003400<\/p>\n","protected":false},"featured_media":257157,"comment_status":"open","ping_status":"closed","template":"","meta":[],"product_brand":[10948],"product_cat":[68837],"product_tag":[72279,72804,72649,72358,72319,72357,73078],"class_list":{"0":"post-257161","1":"product","2":"type-product","3":"status-publish","4":"has-post-thumbnail","6":"product_brand-mastersport-germany","7":"product_cat-set-frana-frana-disc-combi-j200-2-0-d-diesel-121-2","8":"product_tag-chevrolet","9":"product_tag-disc","10":"product_tag-frana","11":"product_tag-germany","12":"product_tag-lacetti","13":"product_tag-mastersport","14":"product_tag-set","16":"first","17":"instock","18":"shipping-taxable","19":"purchasable","20":"product-type-simple"},"yoast_head":"<!-- This site is optimized with the Yoast SEO plugin v27.3 - https:\/\/yoast.com\/product\/yoast-seo-wordpress\/ -->\n<title>Set frana frana disc CHEVROLET LACETTI combi (J200) 2.0 D diesel 121 cai MASTERSPORT GERMANY 201003400 CHEVROLET | MASTERSPORT - Autorival<\/title>\n<meta name=\"description\" content=\"\u26a1 Set frana frana disc CHEVROLET LACETTI combi (J200) 2.0 D diesel 121 cai MASTERSPORT GERMANY 201003400 pentru CHEVROLET la doar 432 RON. \u2713 Cod: 201003400 \u2713 Brand: MASTERSPORT \u2713 \u00cen stoc \u2713 Livrare 24h \u2713 Garan\u021bie!\" \/>\n<meta name=\"robots\" content=\"index, follow, max-snippet:-1, max-image-preview:large, max-video-preview:-1\" \/>\n<meta property=\"og:locale\" content=\"en_US\" \/>\n<meta property=\"og:type\" content=\"article\" \/>\n<meta property=\"og:title\" content=\"Set frana frana disc CHEVROLET LACETTI combi (J200) 2.0 D diesel 121 cai MASTERSPORT GERMANY 201003400 CHEVROLET | MASTERSPORT - Autorival\" \/>\n<meta property=\"og:description\" content=\"\u26a1 Set frana frana disc CHEVROLET LACETTI combi (J200) 2.0 D diesel 121 cai MASTERSPORT GERMANY 201003400 pentru CHEVROLET la doar 432 RON. \u2713 Cod: 201003400 \u2713 Brand: MASTERSPORT \u2713 \u00cen stoc \u2713 Livrare 24h \u2713 Garan\u021bie!\" \/>\n<meta property=\"og:url\" content=\"https:\/\/autorival.ro\/chevrolet\/product\/set-frana-frana-disc-chevrolet-lacetti-combi-j200-2-0-d-diesel-121-cai-mastersport-germany-201003400\/\" \/>\n<meta property=\"og:site_name\" content=\"CHEVROLET\" \/>\n<meta property=\"og:image\" content=\"https:\/\/autorival.ro\/chevrolet\/wp-content\/uploads\/sites\/7\/2025\/05\/201003400-1.jpg\" \/>\n\t<meta property=\"og:image:width\" content=\"1500\" \/>\n\t<meta property=\"og:image:height\" content=\"1500\" \/>\n\t<meta property=\"og:image:type\" content=\"image\/jpeg\" \/>\n<meta name=\"twitter:card\" content=\"summary_large_image\" \/>\n<meta name=\"twitter:title\" content=\"Set frana frana disc CHEVROLET LACETTI combi (J200) 2.0 D diesel 121 cai MASTERSPORT GERMANY 201003400 CHEVROLET | MASTERSPORT - Autorival\" \/>\n<meta name=\"twitter:description\" content=\"\u26a1 Set frana frana disc CHEVROLET LACETTI combi (J200) 2.0 D diesel 121 cai MASTERSPORT GERMANY 201003400 pentru CHEVROLET la doar 432 RON. \u2713 Cod: 201003400 \u2713 Brand: MASTERSPORT \u2713 \u00cen stoc \u2713 Livrare 24h \u2713 Garan\u021bie!\" \/>\n<script type=\"application\/ld+json\" class=\"yoast-schema-graph\">{\"@context\":\"https:\\\/\\\/schema.org\",\"@graph\":[{\"@type\":\"WebPage\",\"@id\":\"https:\\\/\\\/autorival.ro\\\/chevrolet\\\/product\\\/set-frana-frana-disc-chevrolet-lacetti-combi-j200-2-0-d-diesel-121-cai-mastersport-germany-201003400\\\/\",\"url\":\"https:\\\/\\\/autorival.ro\\\/chevrolet\\\/product\\\/set-frana-frana-disc-chevrolet-lacetti-combi-j200-2-0-d-diesel-121-cai-mastersport-germany-201003400\\\/\",\"name\":\"Set frana frana disc CHEVROLET LACETTI combi (J200) 2.0 D diesel 121 cai MASTERSPORT GERMANY 201003400 CHEVROLET | MASTERSPORT - Autorival\",\"isPartOf\":{\"@id\":\"https:\\\/\\\/autorival.ro\\\/chevrolet\\\/#website\"},\"primaryImageOfPage\":{\"@id\":\"https:\\\/\\\/autorival.ro\\\/chevrolet\\\/product\\\/set-frana-frana-disc-chevrolet-lacetti-combi-j200-2-0-d-diesel-121-cai-mastersport-germany-201003400\\\/#primaryimage\"},\"image\":{\"@id\":\"https:\\\/\\\/autorival.ro\\\/chevrolet\\\/product\\\/set-frana-frana-disc-chevrolet-lacetti-combi-j200-2-0-d-diesel-121-cai-mastersport-germany-201003400\\\/#primaryimage\"},\"thumbnailUrl\":\"https:\\\/\\\/autorival.ro\\\/chevrolet\\\/wp-content\\\/uploads\\\/sites\\\/7\\\/2025\\\/05\\\/201003400-1.jpg\",\"datePublished\":\"2025-05-04T02:47:31+00:00\",\"description\":\"\u26a1 Set frana frana disc CHEVROLET LACETTI combi (J200) 2.0 D diesel 121 cai MASTERSPORT GERMANY 201003400 pentru CHEVROLET la doar 432 RON. \u2713 Cod: 201003400 \u2713 Brand: MASTERSPORT \u2713 \u00cen stoc \u2713 Livrare 24h \u2713 Garan\u021bie!\",\"breadcrumb\":{\"@id\":\"https:\\\/\\\/autorival.ro\\\/chevrolet\\\/product\\\/set-frana-frana-disc-chevrolet-lacetti-combi-j200-2-0-d-diesel-121-cai-mastersport-germany-201003400\\\/#breadcrumb\"},\"inLanguage\":\"en-US\",\"potentialAction\":[{\"@type\":\"ReadAction\",\"target\":[\"https:\\\/\\\/autorival.ro\\\/chevrolet\\\/product\\\/set-frana-frana-disc-chevrolet-lacetti-combi-j200-2-0-d-diesel-121-cai-mastersport-germany-201003400\\\/\"]}]},{\"@type\":\"ImageObject\",\"inLanguage\":\"en-US\",\"@id\":\"https:\\\/\\\/autorival.ro\\\/chevrolet\\\/product\\\/set-frana-frana-disc-chevrolet-lacetti-combi-j200-2-0-d-diesel-121-cai-mastersport-germany-201003400\\\/#primaryimage\",\"url\":\"https:\\\/\\\/autorival.ro\\\/chevrolet\\\/wp-content\\\/uploads\\\/sites\\\/7\\\/2025\\\/05\\\/201003400-1.jpg\",\"contentUrl\":\"https:\\\/\\\/autorival.ro\\\/chevrolet\\\/wp-content\\\/uploads\\\/sites\\\/7\\\/2025\\\/05\\\/201003400-1.jpg\",\"width\":1500,\"height\":1500,\"caption\":\"Set frana frana disc CHEVROLET LACETTI combi (J200) 1.6 LPG Benzina\\\/Autogaz (GPL) 109 cai MASTERSPORT GERMANY 201003400\"},{\"@type\":\"BreadcrumbList\",\"@id\":\"https:\\\/\\\/autorival.ro\\\/chevrolet\\\/product\\\/set-frana-frana-disc-chevrolet-lacetti-combi-j200-2-0-d-diesel-121-cai-mastersport-germany-201003400\\\/#breadcrumb\",\"itemListElement\":[{\"@type\":\"ListItem\",\"position\":1,\"name\":\"Prima pagin\u0103\",\"item\":\"https:\\\/\\\/autorival.ro\\\/chevrolet\\\/\"},{\"@type\":\"ListItem\",\"position\":2,\"name\":\"Piese auto CHEVROLET\",\"item\":\"https:\\\/\\\/autorival.ro\\\/chevrolet\\\/\"},{\"@type\":\"ListItem\",\"position\":3,\"name\":\"Set frana frana disc CHEVROLET LACETTI combi (J200) 2.0 D diesel 121 cai MASTERSPORT GERMANY 201003400\"}]},{\"@type\":\"WebSite\",\"@id\":\"https:\\\/\\\/autorival.ro\\\/chevrolet\\\/#website\",\"url\":\"https:\\\/\\\/autorival.ro\\\/chevrolet\\\/\",\"name\":\"CHEVROLET\",\"description\":\"\",\"potentialAction\":[{\"@type\":\"SearchAction\",\"target\":{\"@type\":\"EntryPoint\",\"urlTemplate\":\"https:\\\/\\\/autorival.ro\\\/chevrolet\\\/?s={search_term_string}\"},\"query-input\":{\"@type\":\"PropertyValueSpecification\",\"valueRequired\":true,\"valueName\":\"search_term_string\"}}],\"inLanguage\":\"en-US\"}]}<\/script>\n<!-- \/ Yoast SEO plugin. -->","yoast_head_json":{"title":"Set frana frana disc CHEVROLET LACETTI combi (J200) 2.0 D diesel 121 cai MASTERSPORT GERMANY 201003400 CHEVROLET | MASTERSPORT - Autorival","description":"\u26a1 Set frana frana disc CHEVROLET LACETTI combi (J200) 2.0 D diesel 121 cai MASTERSPORT GERMANY 201003400 pentru CHEVROLET la doar 432 RON. \u2713 Cod: 201003400 \u2713 Brand: MASTERSPORT \u2713 \u00cen stoc \u2713 Livrare 24h \u2713 Garan\u021bie!","robots":{"index":"index","follow":"follow","max-snippet":"max-snippet:-1","max-image-preview":"max-image-preview:large","max-video-preview":"max-video-preview:-1"},"og_locale":"en_US","og_type":"article","og_title":"Set frana frana disc CHEVROLET LACETTI combi (J200) 2.0 D diesel 121 cai MASTERSPORT GERMANY 201003400 CHEVROLET | MASTERSPORT - Autorival","og_description":"\u26a1 Set frana frana disc CHEVROLET LACETTI combi (J200) 2.0 D diesel 121 cai MASTERSPORT GERMANY 201003400 pentru CHEVROLET la doar 432 RON. \u2713 Cod: 201003400 \u2713 Brand: MASTERSPORT \u2713 \u00cen stoc \u2713 Livrare 24h \u2713 Garan\u021bie!","og_url":"https:\/\/autorival.ro\/chevrolet\/product\/set-frana-frana-disc-chevrolet-lacetti-combi-j200-2-0-d-diesel-121-cai-mastersport-germany-201003400\/","og_site_name":"CHEVROLET","og_image":[{"width":1500,"height":1500,"url":"https:\/\/autorival.ro\/chevrolet\/wp-content\/uploads\/sites\/7\/2025\/05\/201003400-1.jpg","type":"image\/jpeg"}],"twitter_card":"summary_large_image","twitter_title":"Set frana frana disc CHEVROLET LACETTI combi (J200) 2.0 D diesel 121 cai MASTERSPORT GERMANY 201003400 CHEVROLET | MASTERSPORT - Autorival","twitter_description":"\u26a1 Set frana frana disc CHEVROLET LACETTI combi (J200) 2.0 D diesel 121 cai MASTERSPORT GERMANY 201003400 pentru CHEVROLET la doar 432 RON. \u2713 Cod: 201003400 \u2713 Brand: MASTERSPORT \u2713 \u00cen stoc \u2713 Livrare 24h \u2713 Garan\u021bie!","schema":{"@context":"https:\/\/schema.org","@graph":[{"@type":"WebPage","@id":"https:\/\/autorival.ro\/chevrolet\/product\/set-frana-frana-disc-chevrolet-lacetti-combi-j200-2-0-d-diesel-121-cai-mastersport-germany-201003400\/","url":"https:\/\/autorival.ro\/chevrolet\/product\/set-frana-frana-disc-chevrolet-lacetti-combi-j200-2-0-d-diesel-121-cai-mastersport-germany-201003400\/","name":"Set frana frana disc CHEVROLET LACETTI combi (J200) 2.0 D diesel 121 cai MASTERSPORT GERMANY 201003400 CHEVROLET | MASTERSPORT - Autorival","isPartOf":{"@id":"https:\/\/autorival.ro\/chevrolet\/#website"},"primaryImageOfPage":{"@id":"https:\/\/autorival.ro\/chevrolet\/product\/set-frana-frana-disc-chevrolet-lacetti-combi-j200-2-0-d-diesel-121-cai-mastersport-germany-201003400\/#primaryimage"},"image":{"@id":"https:\/\/autorival.ro\/chevrolet\/product\/set-frana-frana-disc-chevrolet-lacetti-combi-j200-2-0-d-diesel-121-cai-mastersport-germany-201003400\/#primaryimage"},"thumbnailUrl":"https:\/\/autorival.ro\/chevrolet\/wp-content\/uploads\/sites\/7\/2025\/05\/201003400-1.jpg","datePublished":"2025-05-04T02:47:31+00:00","description":"\u26a1 Set frana frana disc CHEVROLET LACETTI combi (J200) 2.0 D diesel 121 cai MASTERSPORT GERMANY 201003400 pentru CHEVROLET la doar 432 RON. \u2713 Cod: 201003400 \u2713 Brand: MASTERSPORT \u2713 \u00cen stoc \u2713 Livrare 24h \u2713 Garan\u021bie!","breadcrumb":{"@id":"https:\/\/autorival.ro\/chevrolet\/product\/set-frana-frana-disc-chevrolet-lacetti-combi-j200-2-0-d-diesel-121-cai-mastersport-germany-201003400\/#breadcrumb"},"inLanguage":"en-US","potentialAction":[{"@type":"ReadAction","target":["https:\/\/autorival.ro\/chevrolet\/product\/set-frana-frana-disc-chevrolet-lacetti-combi-j200-2-0-d-diesel-121-cai-mastersport-germany-201003400\/"]}]},{"@type":"ImageObject","inLanguage":"en-US","@id":"https:\/\/autorival.ro\/chevrolet\/product\/set-frana-frana-disc-chevrolet-lacetti-combi-j200-2-0-d-diesel-121-cai-mastersport-germany-201003400\/#primaryimage","url":"https:\/\/autorival.ro\/chevrolet\/wp-content\/uploads\/sites\/7\/2025\/05\/201003400-1.jpg","contentUrl":"https:\/\/autorival.ro\/chevrolet\/wp-content\/uploads\/sites\/7\/2025\/05\/201003400-1.jpg","width":1500,"height":1500,"caption":"Set frana frana disc CHEVROLET LACETTI combi (J200) 1.6 LPG Benzina\/Autogaz (GPL) 109 cai MASTERSPORT GERMANY 201003400"},{"@type":"BreadcrumbList","@id":"https:\/\/autorival.ro\/chevrolet\/product\/set-frana-frana-disc-chevrolet-lacetti-combi-j200-2-0-d-diesel-121-cai-mastersport-germany-201003400\/#breadcrumb","itemListElement":[{"@type":"ListItem","position":1,"name":"Prima pagin\u0103","item":"https:\/\/autorival.ro\/chevrolet\/"},{"@type":"ListItem","position":2,"name":"Piese auto CHEVROLET","item":"https:\/\/autorival.ro\/chevrolet\/"},{"@type":"ListItem","position":3,"name":"Set frana frana disc CHEVROLET LACETTI combi (J200) 2.0 D diesel 121 cai MASTERSPORT GERMANY 201003400"}]},{"@type":"WebSite","@id":"https:\/\/autorival.ro\/chevrolet\/#website","url":"https:\/\/autorival.ro\/chevrolet\/","name":"CHEVROLET","description":"","potentialAction":[{"@type":"SearchAction","target":{"@type":"EntryPoint","urlTemplate":"https:\/\/autorival.ro\/chevrolet\/?s={search_term_string}"},"query-input":{"@type":"PropertyValueSpecification","valueRequired":true,"valueName":"search_term_string"}}],"inLanguage":"en-US"}]}},"_links":{"self":[{"href":"https:\/\/autorival.ro\/chevrolet\/wp-json\/wp\/v2\/product\/257161","targetHints":{"allow":["GET"]}}],"collection":[{"href":"https:\/\/autorival.ro\/chevrolet\/wp-json\/wp\/v2\/product"}],"about":[{"href":"https:\/\/autorival.ro\/chevrolet\/wp-json\/wp\/v2\/types\/product"}],"replies":[{"embeddable":true,"href":"https:\/\/autorival.ro\/chevrolet\/wp-json\/wp\/v2\/comments?post=257161"}],"wp:featuredmedia":[{"embeddable":true,"href":"https:\/\/autorival.ro\/chevrolet\/wp-json\/wp\/v2\/media\/257157"}],"wp:attachment":[{"href":"https:\/\/autorival.ro\/chevrolet\/wp-json\/wp\/v2\/media?parent=257161"}],"wp:term":[{"taxonomy":"product_brand","embeddable":true,"href":"https:\/\/autorival.ro\/chevrolet\/wp-json\/wp\/v2\/product_brand?post=257161"},{"taxonomy":"product_cat","embeddable":true,"href":"https:\/\/autorival.ro\/chevrolet\/wp-json\/wp\/v2\/product_cat?post=257161"},{"taxonomy":"product_tag","embeddable":true,"href":"https:\/\/autorival.ro\/chevrolet\/wp-json\/wp\/v2\/product_tag?post=257161"}],"curies":[{"name":"wp","href":"https:\/\/api.w.org\/{rel}","templated":true}]}}