{"id":238263,"date":"2025-05-03T19:47:45","date_gmt":"2025-05-03T19:47:45","guid":{"rendered":"https:\/\/autorival.ro\/chevrolet\/product\/pompa-centrala-frana-chevrolet-matiz-m200-m250-1-0-benzina-67-cai-lpr-1272-2\/"},"modified":"2025-05-03T19:47:46","modified_gmt":"2025-05-03T19:47:46","slug":"pompa-centrala-frana-chevrolet-matiz-m200-m250-1-0-benzina-67-cai-lpr-1272-2","status":"publish","type":"product","link":"https:\/\/autorival.ro\/chevrolet\/product\/pompa-centrala-frana-chevrolet-matiz-m200-m250-1-0-benzina-67-cai-lpr-1272-2\/","title":{"rendered":"Pompa centrala frana CHEVROLET MATIZ (M200, M250) 1.0 benzina 67 cai LPR 1272"},"content":{"rendered":"<p>Serie \u00c3\u02c6\u00e2\u201e\u00a2asiu (VIN)p\u00e2n\u0103 la: 645871An fabricatie pana la: 201012Dinamica fr\u00e2nare\/conducere: pentru vehicule fara ABSSerie \u00c3\u02c6\u00e2\u201e\u00a2asiu (VIN) \u00eencep\u00e2nd cu: 645872Tip cutie viteza: cv. manualaVehicul cu volan pe st\u00e2nga\/dreapta: pentru vehicule cu volan pe stanga ->Diametrul pistonului [mm]: 20,64 ->Dimensiune filet: 10 X 1 (2)Material: aluminiu<\/p>\n","protected":false},"excerpt":{"rendered":"<p>Producator: LPR Cod producator: 1272<\/p>\n","protected":false},"featured_media":131901,"comment_status":"open","ping_status":"closed","template":"","meta":[],"product_brand":[11161],"product_cat":[65035],"product_tag":[73079,72279,72649,72661,72329,72836],"class_list":{"0":"post-238263","1":"product","2":"type-product","3":"status-publish","4":"has-post-thumbnail","6":"product_brand-lpr","7":"product_cat-pompa-centrala-frana-m200-m250-1-0-benzina-67-3","8":"product_tag-centrala","9":"product_tag-chevrolet","10":"product_tag-frana","11":"product_tag-lpr","12":"product_tag-matiz","13":"product_tag-pompa","15":"first","16":"instock","17":"shipping-taxable","18":"purchasable","19":"product-type-simple"},"yoast_head":"<!-- This site is optimized with the Yoast SEO plugin v27.3 - https:\/\/yoast.com\/product\/yoast-seo-wordpress\/ -->\n<title>Pompa centrala frana CHEVROLET MATIZ (M200, M250) 1.0 benzina 67 cai LPR 1272 CHEVROLET | LPR - Autorival<\/title>\n<meta name=\"description\" content=\"\u26a1 Pompa centrala frana CHEVROLET MATIZ (M200, M250) 1.0 benzina 67 cai LPR 1272 pentru CHEVROLET la doar 193 RON. \u2713 Cod: 1272 \u2713 Brand: LPR \u2713 \u00cen stoc \u2713 Livrare 24h \u2713 Garan\u021bie!\" \/>\n<meta name=\"robots\" content=\"index, follow, max-snippet:-1, max-image-preview:large, max-video-preview:-1\" \/>\n<meta property=\"og:locale\" content=\"en_US\" \/>\n<meta property=\"og:type\" content=\"article\" \/>\n<meta property=\"og:title\" content=\"Pompa centrala frana CHEVROLET MATIZ (M200, M250) 1.0 benzina 67 cai LPR 1272 CHEVROLET | LPR - Autorival\" \/>\n<meta property=\"og:description\" content=\"\u26a1 Pompa centrala frana CHEVROLET MATIZ (M200, M250) 1.0 benzina 67 cai LPR 1272 pentru CHEVROLET la doar 193 RON. \u2713 Cod: 1272 \u2713 Brand: LPR \u2713 \u00cen stoc \u2713 Livrare 24h \u2713 Garan\u021bie!\" \/>\n<meta property=\"og:url\" content=\"https:\/\/autorival.ro\/chevrolet\/product\/pompa-centrala-frana-chevrolet-matiz-m200-m250-1-0-benzina-67-cai-lpr-1272-2\/\" \/>\n<meta property=\"og:site_name\" content=\"CHEVROLET\" \/>\n<meta property=\"article:modified_time\" content=\"2025-05-03T19:47:46+00:00\" \/>\n<meta property=\"og:image\" content=\"https:\/\/autorival.ro\/chevrolet\/wp-content\/uploads\/sites\/7\/2025\/05\/1272.jpg\" \/>\n\t<meta property=\"og:image:width\" content=\"600\" \/>\n\t<meta property=\"og:image:height\" content=\"400\" \/>\n\t<meta property=\"og:image:type\" content=\"image\/jpeg\" \/>\n<meta name=\"twitter:card\" content=\"summary_large_image\" \/>\n<meta name=\"twitter:title\" content=\"Pompa centrala frana CHEVROLET MATIZ (M200, M250) 1.0 benzina 67 cai LPR 1272 CHEVROLET | LPR - Autorival\" \/>\n<meta name=\"twitter:description\" content=\"\u26a1 Pompa centrala frana CHEVROLET MATIZ (M200, M250) 1.0 benzina 67 cai LPR 1272 pentru CHEVROLET la doar 193 RON. \u2713 Cod: 1272 \u2713 Brand: LPR \u2713 \u00cen stoc \u2713 Livrare 24h \u2713 Garan\u021bie!\" \/>\n<script type=\"application\/ld+json\" class=\"yoast-schema-graph\">{\"@context\":\"https:\\\/\\\/schema.org\",\"@graph\":[{\"@type\":\"WebPage\",\"@id\":\"https:\\\/\\\/autorival.ro\\\/chevrolet\\\/product\\\/pompa-centrala-frana-chevrolet-matiz-m200-m250-1-0-benzina-67-cai-lpr-1272-2\\\/\",\"url\":\"https:\\\/\\\/autorival.ro\\\/chevrolet\\\/product\\\/pompa-centrala-frana-chevrolet-matiz-m200-m250-1-0-benzina-67-cai-lpr-1272-2\\\/\",\"name\":\"Pompa centrala frana CHEVROLET MATIZ (M200, M250) 1.0 benzina 67 cai LPR 1272 CHEVROLET | LPR - Autorival\",\"isPartOf\":{\"@id\":\"https:\\\/\\\/autorival.ro\\\/chevrolet\\\/#website\"},\"primaryImageOfPage\":{\"@id\":\"https:\\\/\\\/autorival.ro\\\/chevrolet\\\/product\\\/pompa-centrala-frana-chevrolet-matiz-m200-m250-1-0-benzina-67-cai-lpr-1272-2\\\/#primaryimage\"},\"image\":{\"@id\":\"https:\\\/\\\/autorival.ro\\\/chevrolet\\\/product\\\/pompa-centrala-frana-chevrolet-matiz-m200-m250-1-0-benzina-67-cai-lpr-1272-2\\\/#primaryimage\"},\"thumbnailUrl\":\"https:\\\/\\\/autorival.ro\\\/chevrolet\\\/wp-content\\\/uploads\\\/sites\\\/7\\\/2025\\\/05\\\/1272.jpg\",\"datePublished\":\"2025-05-03T19:47:45+00:00\",\"dateModified\":\"2025-05-03T19:47:46+00:00\",\"description\":\"\u26a1 Pompa centrala frana CHEVROLET MATIZ (M200, M250) 1.0 benzina 67 cai LPR 1272 pentru CHEVROLET la doar 193 RON. \u2713 Cod: 1272 \u2713 Brand: LPR \u2713 \u00cen stoc \u2713 Livrare 24h \u2713 Garan\u021bie!\",\"breadcrumb\":{\"@id\":\"https:\\\/\\\/autorival.ro\\\/chevrolet\\\/product\\\/pompa-centrala-frana-chevrolet-matiz-m200-m250-1-0-benzina-67-cai-lpr-1272-2\\\/#breadcrumb\"},\"inLanguage\":\"en-US\",\"potentialAction\":[{\"@type\":\"ReadAction\",\"target\":[\"https:\\\/\\\/autorival.ro\\\/chevrolet\\\/product\\\/pompa-centrala-frana-chevrolet-matiz-m200-m250-1-0-benzina-67-cai-lpr-1272-2\\\/\"]}]},{\"@type\":\"ImageObject\",\"inLanguage\":\"en-US\",\"@id\":\"https:\\\/\\\/autorival.ro\\\/chevrolet\\\/product\\\/pompa-centrala-frana-chevrolet-matiz-m200-m250-1-0-benzina-67-cai-lpr-1272-2\\\/#primaryimage\",\"url\":\"https:\\\/\\\/autorival.ro\\\/chevrolet\\\/wp-content\\\/uploads\\\/sites\\\/7\\\/2025\\\/05\\\/1272.jpg\",\"contentUrl\":\"https:\\\/\\\/autorival.ro\\\/chevrolet\\\/wp-content\\\/uploads\\\/sites\\\/7\\\/2025\\\/05\\\/1272.jpg\",\"width\":600,\"height\":400},{\"@type\":\"BreadcrumbList\",\"@id\":\"https:\\\/\\\/autorival.ro\\\/chevrolet\\\/product\\\/pompa-centrala-frana-chevrolet-matiz-m200-m250-1-0-benzina-67-cai-lpr-1272-2\\\/#breadcrumb\",\"itemListElement\":[{\"@type\":\"ListItem\",\"position\":1,\"name\":\"Prima pagin\u0103\",\"item\":\"https:\\\/\\\/autorival.ro\\\/chevrolet\\\/\"},{\"@type\":\"ListItem\",\"position\":2,\"name\":\"Piese auto CHEVROLET\",\"item\":\"https:\\\/\\\/autorival.ro\\\/chevrolet\\\/\"},{\"@type\":\"ListItem\",\"position\":3,\"name\":\"Pompa centrala frana CHEVROLET MATIZ (M200, M250) 1.0 benzina 67 cai LPR 1272\"}]},{\"@type\":\"WebSite\",\"@id\":\"https:\\\/\\\/autorival.ro\\\/chevrolet\\\/#website\",\"url\":\"https:\\\/\\\/autorival.ro\\\/chevrolet\\\/\",\"name\":\"CHEVROLET\",\"description\":\"\",\"potentialAction\":[{\"@type\":\"SearchAction\",\"target\":{\"@type\":\"EntryPoint\",\"urlTemplate\":\"https:\\\/\\\/autorival.ro\\\/chevrolet\\\/?s={search_term_string}\"},\"query-input\":{\"@type\":\"PropertyValueSpecification\",\"valueRequired\":true,\"valueName\":\"search_term_string\"}}],\"inLanguage\":\"en-US\"}]}<\/script>\n<!-- \/ Yoast SEO plugin. -->","yoast_head_json":{"title":"Pompa centrala frana CHEVROLET MATIZ (M200, M250) 1.0 benzina 67 cai LPR 1272 CHEVROLET | LPR - Autorival","description":"\u26a1 Pompa centrala frana CHEVROLET MATIZ (M200, M250) 1.0 benzina 67 cai LPR 1272 pentru CHEVROLET la doar 193 RON. \u2713 Cod: 1272 \u2713 Brand: LPR \u2713 \u00cen stoc \u2713 Livrare 24h \u2713 Garan\u021bie!","robots":{"index":"index","follow":"follow","max-snippet":"max-snippet:-1","max-image-preview":"max-image-preview:large","max-video-preview":"max-video-preview:-1"},"og_locale":"en_US","og_type":"article","og_title":"Pompa centrala frana CHEVROLET MATIZ (M200, M250) 1.0 benzina 67 cai LPR 1272 CHEVROLET | LPR - Autorival","og_description":"\u26a1 Pompa centrala frana CHEVROLET MATIZ (M200, M250) 1.0 benzina 67 cai LPR 1272 pentru CHEVROLET la doar 193 RON. \u2713 Cod: 1272 \u2713 Brand: LPR \u2713 \u00cen stoc \u2713 Livrare 24h \u2713 Garan\u021bie!","og_url":"https:\/\/autorival.ro\/chevrolet\/product\/pompa-centrala-frana-chevrolet-matiz-m200-m250-1-0-benzina-67-cai-lpr-1272-2\/","og_site_name":"CHEVROLET","article_modified_time":"2025-05-03T19:47:46+00:00","og_image":[{"width":600,"height":400,"url":"https:\/\/autorival.ro\/chevrolet\/wp-content\/uploads\/sites\/7\/2025\/05\/1272.jpg","type":"image\/jpeg"}],"twitter_card":"summary_large_image","twitter_title":"Pompa centrala frana CHEVROLET MATIZ (M200, M250) 1.0 benzina 67 cai LPR 1272 CHEVROLET | LPR - Autorival","twitter_description":"\u26a1 Pompa centrala frana CHEVROLET MATIZ (M200, M250) 1.0 benzina 67 cai LPR 1272 pentru CHEVROLET la doar 193 RON. \u2713 Cod: 1272 \u2713 Brand: LPR \u2713 \u00cen stoc \u2713 Livrare 24h \u2713 Garan\u021bie!","schema":{"@context":"https:\/\/schema.org","@graph":[{"@type":"WebPage","@id":"https:\/\/autorival.ro\/chevrolet\/product\/pompa-centrala-frana-chevrolet-matiz-m200-m250-1-0-benzina-67-cai-lpr-1272-2\/","url":"https:\/\/autorival.ro\/chevrolet\/product\/pompa-centrala-frana-chevrolet-matiz-m200-m250-1-0-benzina-67-cai-lpr-1272-2\/","name":"Pompa centrala frana CHEVROLET MATIZ (M200, M250) 1.0 benzina 67 cai LPR 1272 CHEVROLET | LPR - Autorival","isPartOf":{"@id":"https:\/\/autorival.ro\/chevrolet\/#website"},"primaryImageOfPage":{"@id":"https:\/\/autorival.ro\/chevrolet\/product\/pompa-centrala-frana-chevrolet-matiz-m200-m250-1-0-benzina-67-cai-lpr-1272-2\/#primaryimage"},"image":{"@id":"https:\/\/autorival.ro\/chevrolet\/product\/pompa-centrala-frana-chevrolet-matiz-m200-m250-1-0-benzina-67-cai-lpr-1272-2\/#primaryimage"},"thumbnailUrl":"https:\/\/autorival.ro\/chevrolet\/wp-content\/uploads\/sites\/7\/2025\/05\/1272.jpg","datePublished":"2025-05-03T19:47:45+00:00","dateModified":"2025-05-03T19:47:46+00:00","description":"\u26a1 Pompa centrala frana CHEVROLET MATIZ (M200, M250) 1.0 benzina 67 cai LPR 1272 pentru CHEVROLET la doar 193 RON. \u2713 Cod: 1272 \u2713 Brand: LPR \u2713 \u00cen stoc \u2713 Livrare 24h \u2713 Garan\u021bie!","breadcrumb":{"@id":"https:\/\/autorival.ro\/chevrolet\/product\/pompa-centrala-frana-chevrolet-matiz-m200-m250-1-0-benzina-67-cai-lpr-1272-2\/#breadcrumb"},"inLanguage":"en-US","potentialAction":[{"@type":"ReadAction","target":["https:\/\/autorival.ro\/chevrolet\/product\/pompa-centrala-frana-chevrolet-matiz-m200-m250-1-0-benzina-67-cai-lpr-1272-2\/"]}]},{"@type":"ImageObject","inLanguage":"en-US","@id":"https:\/\/autorival.ro\/chevrolet\/product\/pompa-centrala-frana-chevrolet-matiz-m200-m250-1-0-benzina-67-cai-lpr-1272-2\/#primaryimage","url":"https:\/\/autorival.ro\/chevrolet\/wp-content\/uploads\/sites\/7\/2025\/05\/1272.jpg","contentUrl":"https:\/\/autorival.ro\/chevrolet\/wp-content\/uploads\/sites\/7\/2025\/05\/1272.jpg","width":600,"height":400},{"@type":"BreadcrumbList","@id":"https:\/\/autorival.ro\/chevrolet\/product\/pompa-centrala-frana-chevrolet-matiz-m200-m250-1-0-benzina-67-cai-lpr-1272-2\/#breadcrumb","itemListElement":[{"@type":"ListItem","position":1,"name":"Prima pagin\u0103","item":"https:\/\/autorival.ro\/chevrolet\/"},{"@type":"ListItem","position":2,"name":"Piese auto CHEVROLET","item":"https:\/\/autorival.ro\/chevrolet\/"},{"@type":"ListItem","position":3,"name":"Pompa centrala frana CHEVROLET MATIZ (M200, M250) 1.0 benzina 67 cai LPR 1272"}]},{"@type":"WebSite","@id":"https:\/\/autorival.ro\/chevrolet\/#website","url":"https:\/\/autorival.ro\/chevrolet\/","name":"CHEVROLET","description":"","potentialAction":[{"@type":"SearchAction","target":{"@type":"EntryPoint","urlTemplate":"https:\/\/autorival.ro\/chevrolet\/?s={search_term_string}"},"query-input":{"@type":"PropertyValueSpecification","valueRequired":true,"valueName":"search_term_string"}}],"inLanguage":"en-US"}]}},"_links":{"self":[{"href":"https:\/\/autorival.ro\/chevrolet\/wp-json\/wp\/v2\/product\/238263","targetHints":{"allow":["GET"]}}],"collection":[{"href":"https:\/\/autorival.ro\/chevrolet\/wp-json\/wp\/v2\/product"}],"about":[{"href":"https:\/\/autorival.ro\/chevrolet\/wp-json\/wp\/v2\/types\/product"}],"replies":[{"embeddable":true,"href":"https:\/\/autorival.ro\/chevrolet\/wp-json\/wp\/v2\/comments?post=238263"}],"wp:featuredmedia":[{"embeddable":true,"href":"https:\/\/autorival.ro\/chevrolet\/wp-json\/wp\/v2\/media\/131901"}],"wp:attachment":[{"href":"https:\/\/autorival.ro\/chevrolet\/wp-json\/wp\/v2\/media?parent=238263"}],"wp:term":[{"taxonomy":"product_brand","embeddable":true,"href":"https:\/\/autorival.ro\/chevrolet\/wp-json\/wp\/v2\/product_brand?post=238263"},{"taxonomy":"product_cat","embeddable":true,"href":"https:\/\/autorival.ro\/chevrolet\/wp-json\/wp\/v2\/product_cat?post=238263"},{"taxonomy":"product_tag","embeddable":true,"href":"https:\/\/autorival.ro\/chevrolet\/wp-json\/wp\/v2\/product_tag?post=238263"}],"curies":[{"name":"wp","href":"https:\/\/api.w.org\/{rel}","templated":true}]}}