{"id":224784,"date":"2025-05-03T11:42:29","date_gmt":"2025-05-03T11:42:29","guid":{"rendered":"https:\/\/autorival.ro\/chevrolet\/product\/placute-frana-chevrolet-trax-1-7-td-diesel-131-cai-krieger-0950006351\/"},"modified":"2025-05-03T11:42:29","modified_gmt":"2025-05-03T11:42:29","slug":"placute-frana-chevrolet-trax-1-7-td-diesel-131-cai-krieger-0950006351","status":"publish","type":"product","link":"https:\/\/autorival.ro\/chevrolet\/product\/placute-frana-chevrolet-trax-1-7-td-diesel-131-cai-krieger-0950006351\/","title":{"rendered":"Placute frana CHEVROLET TRAX 1.7 TD diesel 131 cai KRIEGER 0950006351"},"content":{"rendered":"<p>Partea de montare: punte fata ->Latime [mm]: 148,2\u00cenaltime 1 [mm]: 61,1\u00cenaltime 2 [mm]: 58,6 ->Grosime [mm]: 18,8Contact indicator uzura: cu avertizare acustica uzuraNum\u0103rul indicatorilor de uzur\u0103 [per ax\u0103]: 2Articol extins\/Informatii de extindere: cu acceasoriiNumar WVA: 25034Sistem de fr\u00e2nare: Mando ->Lungime ambalaj [cm]: 17 ->Latime ambalaj [cm]: 12 ->Inaltime ambalaj [cm]: 8,3 ->Greutate [kg]: 2,19<\/p>\n","protected":false},"excerpt":{"rendered":"<p>Producator: KRIEGER Cod producator: 0950006351<\/p>\n","protected":false},"featured_media":275439,"comment_status":"open","ping_status":"closed","template":"","meta":[],"product_brand":[11242],"product_cat":[64782],"product_tag":[72279,72649,72820,73065,72290,72336],"class_list":{"0":"post-224784","1":"product","2":"type-product","3":"status-publish","4":"has-post-thumbnail","6":"product_brand-krieger","7":"product_cat-placute-frana-1-7-td-diesel-131-3","8":"product_tag-chevrolet","9":"product_tag-frana","10":"product_tag-krieger","11":"product_tag-placute","12":"product_tag-td","13":"product_tag-trax","15":"first","16":"instock","17":"shipping-taxable","18":"purchasable","19":"product-type-simple"},"yoast_head":"<!-- This site is optimized with the Yoast SEO plugin v27.3 - https:\/\/yoast.com\/product\/yoast-seo-wordpress\/ -->\n<title>Placute frana CHEVROLET TRAX 1.7 TD diesel 131 cai KRIEGER 0950006351 CHEVROLET | KRIEGER - Autorival<\/title>\n<meta name=\"description\" content=\"\u26a1 Placute frana CHEVROLET TRAX 1.7 TD diesel 131 cai KRIEGER 0950006351 pentru CHEVROLET la doar 129.19 RON. \u2713 Cod: 0950006351 \u2713 Brand: KRIEGER \u2713 \u00cen stoc \u2713 Livrare 24h \u2713 Garan\u021bie!\" \/>\n<meta name=\"robots\" content=\"index, follow, max-snippet:-1, max-image-preview:large, max-video-preview:-1\" \/>\n<meta property=\"og:locale\" content=\"en_US\" \/>\n<meta property=\"og:type\" content=\"article\" \/>\n<meta property=\"og:title\" content=\"Placute frana CHEVROLET TRAX 1.7 TD diesel 131 cai KRIEGER 0950006351 CHEVROLET | KRIEGER - Autorival\" \/>\n<meta property=\"og:description\" content=\"\u26a1 Placute frana CHEVROLET TRAX 1.7 TD diesel 131 cai KRIEGER 0950006351 pentru CHEVROLET la doar 129.19 RON. \u2713 Cod: 0950006351 \u2713 Brand: KRIEGER \u2713 \u00cen stoc \u2713 Livrare 24h \u2713 Garan\u021bie!\" \/>\n<meta property=\"og:url\" content=\"https:\/\/autorival.ro\/chevrolet\/product\/placute-frana-chevrolet-trax-1-7-td-diesel-131-cai-krieger-0950006351\/\" \/>\n<meta property=\"og:site_name\" content=\"CHEVROLET\" \/>\n<meta property=\"og:image\" content=\"https:\/\/autorival.ro\/chevrolet\/wp-content\/uploads\/sites\/7\/2025\/07\/chevrolet0105.png\" \/>\n\t<meta property=\"og:image:width\" content=\"400\" \/>\n\t<meta property=\"og:image:height\" content=\"225\" \/>\n\t<meta property=\"og:image:type\" content=\"image\/png\" \/>\n<meta name=\"twitter:card\" content=\"summary_large_image\" \/>\n<meta name=\"twitter:title\" content=\"Placute frana CHEVROLET TRAX 1.7 TD diesel 131 cai KRIEGER 0950006351 CHEVROLET | KRIEGER - Autorival\" \/>\n<meta name=\"twitter:description\" content=\"\u26a1 Placute frana CHEVROLET TRAX 1.7 TD diesel 131 cai KRIEGER 0950006351 pentru CHEVROLET la doar 129.19 RON. \u2713 Cod: 0950006351 \u2713 Brand: KRIEGER \u2713 \u00cen stoc \u2713 Livrare 24h \u2713 Garan\u021bie!\" \/>\n<script type=\"application\/ld+json\" class=\"yoast-schema-graph\">{\"@context\":\"https:\\\/\\\/schema.org\",\"@graph\":[{\"@type\":\"WebPage\",\"@id\":\"https:\\\/\\\/autorival.ro\\\/chevrolet\\\/product\\\/placute-frana-chevrolet-trax-1-7-td-diesel-131-cai-krieger-0950006351\\\/\",\"url\":\"https:\\\/\\\/autorival.ro\\\/chevrolet\\\/product\\\/placute-frana-chevrolet-trax-1-7-td-diesel-131-cai-krieger-0950006351\\\/\",\"name\":\"Placute frana CHEVROLET TRAX 1.7 TD diesel 131 cai KRIEGER 0950006351 CHEVROLET | KRIEGER - Autorival\",\"isPartOf\":{\"@id\":\"https:\\\/\\\/autorival.ro\\\/chevrolet\\\/#website\"},\"primaryImageOfPage\":{\"@id\":\"https:\\\/\\\/autorival.ro\\\/chevrolet\\\/product\\\/placute-frana-chevrolet-trax-1-7-td-diesel-131-cai-krieger-0950006351\\\/#primaryimage\"},\"image\":{\"@id\":\"https:\\\/\\\/autorival.ro\\\/chevrolet\\\/product\\\/placute-frana-chevrolet-trax-1-7-td-diesel-131-cai-krieger-0950006351\\\/#primaryimage\"},\"thumbnailUrl\":\"https:\\\/\\\/autorival.ro\\\/chevrolet\\\/wp-content\\\/uploads\\\/sites\\\/7\\\/2025\\\/07\\\/chevrolet0105.png\",\"datePublished\":\"2025-05-03T11:42:29+00:00\",\"description\":\"\u26a1 Placute frana CHEVROLET TRAX 1.7 TD diesel 131 cai KRIEGER 0950006351 pentru CHEVROLET la doar 129.19 RON. \u2713 Cod: 0950006351 \u2713 Brand: KRIEGER \u2713 \u00cen stoc \u2713 Livrare 24h \u2713 Garan\u021bie!\",\"breadcrumb\":{\"@id\":\"https:\\\/\\\/autorival.ro\\\/chevrolet\\\/product\\\/placute-frana-chevrolet-trax-1-7-td-diesel-131-cai-krieger-0950006351\\\/#breadcrumb\"},\"inLanguage\":\"en-US\",\"potentialAction\":[{\"@type\":\"ReadAction\",\"target\":[\"https:\\\/\\\/autorival.ro\\\/chevrolet\\\/product\\\/placute-frana-chevrolet-trax-1-7-td-diesel-131-cai-krieger-0950006351\\\/\"]}]},{\"@type\":\"ImageObject\",\"inLanguage\":\"en-US\",\"@id\":\"https:\\\/\\\/autorival.ro\\\/chevrolet\\\/product\\\/placute-frana-chevrolet-trax-1-7-td-diesel-131-cai-krieger-0950006351\\\/#primaryimage\",\"url\":\"https:\\\/\\\/autorival.ro\\\/chevrolet\\\/wp-content\\\/uploads\\\/sites\\\/7\\\/2025\\\/07\\\/chevrolet0105.png\",\"contentUrl\":\"https:\\\/\\\/autorival.ro\\\/chevrolet\\\/wp-content\\\/uploads\\\/sites\\\/7\\\/2025\\\/07\\\/chevrolet0105.png\",\"width\":400,\"height\":225},{\"@type\":\"BreadcrumbList\",\"@id\":\"https:\\\/\\\/autorival.ro\\\/chevrolet\\\/product\\\/placute-frana-chevrolet-trax-1-7-td-diesel-131-cai-krieger-0950006351\\\/#breadcrumb\",\"itemListElement\":[{\"@type\":\"ListItem\",\"position\":1,\"name\":\"Prima pagin\u0103\",\"item\":\"https:\\\/\\\/autorival.ro\\\/chevrolet\\\/\"},{\"@type\":\"ListItem\",\"position\":2,\"name\":\"Piese auto CHEVROLET\",\"item\":\"https:\\\/\\\/autorival.ro\\\/chevrolet\\\/\"},{\"@type\":\"ListItem\",\"position\":3,\"name\":\"Placute frana CHEVROLET TRAX 1.7 TD diesel 131 cai KRIEGER 0950006351\"}]},{\"@type\":\"WebSite\",\"@id\":\"https:\\\/\\\/autorival.ro\\\/chevrolet\\\/#website\",\"url\":\"https:\\\/\\\/autorival.ro\\\/chevrolet\\\/\",\"name\":\"CHEVROLET\",\"description\":\"\",\"potentialAction\":[{\"@type\":\"SearchAction\",\"target\":{\"@type\":\"EntryPoint\",\"urlTemplate\":\"https:\\\/\\\/autorival.ro\\\/chevrolet\\\/?s={search_term_string}\"},\"query-input\":{\"@type\":\"PropertyValueSpecification\",\"valueRequired\":true,\"valueName\":\"search_term_string\"}}],\"inLanguage\":\"en-US\"}]}<\/script>\n<!-- \/ Yoast SEO plugin. -->","yoast_head_json":{"title":"Placute frana CHEVROLET TRAX 1.7 TD diesel 131 cai KRIEGER 0950006351 CHEVROLET | KRIEGER - Autorival","description":"\u26a1 Placute frana CHEVROLET TRAX 1.7 TD diesel 131 cai KRIEGER 0950006351 pentru CHEVROLET la doar 129.19 RON. \u2713 Cod: 0950006351 \u2713 Brand: KRIEGER \u2713 \u00cen stoc \u2713 Livrare 24h \u2713 Garan\u021bie!","robots":{"index":"index","follow":"follow","max-snippet":"max-snippet:-1","max-image-preview":"max-image-preview:large","max-video-preview":"max-video-preview:-1"},"og_locale":"en_US","og_type":"article","og_title":"Placute frana CHEVROLET TRAX 1.7 TD diesel 131 cai KRIEGER 0950006351 CHEVROLET | KRIEGER - Autorival","og_description":"\u26a1 Placute frana CHEVROLET TRAX 1.7 TD diesel 131 cai KRIEGER 0950006351 pentru CHEVROLET la doar 129.19 RON. \u2713 Cod: 0950006351 \u2713 Brand: KRIEGER \u2713 \u00cen stoc \u2713 Livrare 24h \u2713 Garan\u021bie!","og_url":"https:\/\/autorival.ro\/chevrolet\/product\/placute-frana-chevrolet-trax-1-7-td-diesel-131-cai-krieger-0950006351\/","og_site_name":"CHEVROLET","og_image":[{"width":400,"height":225,"url":"https:\/\/autorival.ro\/chevrolet\/wp-content\/uploads\/sites\/7\/2025\/07\/chevrolet0105.png","type":"image\/png"}],"twitter_card":"summary_large_image","twitter_title":"Placute frana CHEVROLET TRAX 1.7 TD diesel 131 cai KRIEGER 0950006351 CHEVROLET | KRIEGER - Autorival","twitter_description":"\u26a1 Placute frana CHEVROLET TRAX 1.7 TD diesel 131 cai KRIEGER 0950006351 pentru CHEVROLET la doar 129.19 RON. \u2713 Cod: 0950006351 \u2713 Brand: KRIEGER \u2713 \u00cen stoc \u2713 Livrare 24h \u2713 Garan\u021bie!","schema":{"@context":"https:\/\/schema.org","@graph":[{"@type":"WebPage","@id":"https:\/\/autorival.ro\/chevrolet\/product\/placute-frana-chevrolet-trax-1-7-td-diesel-131-cai-krieger-0950006351\/","url":"https:\/\/autorival.ro\/chevrolet\/product\/placute-frana-chevrolet-trax-1-7-td-diesel-131-cai-krieger-0950006351\/","name":"Placute frana CHEVROLET TRAX 1.7 TD diesel 131 cai KRIEGER 0950006351 CHEVROLET | KRIEGER - Autorival","isPartOf":{"@id":"https:\/\/autorival.ro\/chevrolet\/#website"},"primaryImageOfPage":{"@id":"https:\/\/autorival.ro\/chevrolet\/product\/placute-frana-chevrolet-trax-1-7-td-diesel-131-cai-krieger-0950006351\/#primaryimage"},"image":{"@id":"https:\/\/autorival.ro\/chevrolet\/product\/placute-frana-chevrolet-trax-1-7-td-diesel-131-cai-krieger-0950006351\/#primaryimage"},"thumbnailUrl":"https:\/\/autorival.ro\/chevrolet\/wp-content\/uploads\/sites\/7\/2025\/07\/chevrolet0105.png","datePublished":"2025-05-03T11:42:29+00:00","description":"\u26a1 Placute frana CHEVROLET TRAX 1.7 TD diesel 131 cai KRIEGER 0950006351 pentru CHEVROLET la doar 129.19 RON. \u2713 Cod: 0950006351 \u2713 Brand: KRIEGER \u2713 \u00cen stoc \u2713 Livrare 24h \u2713 Garan\u021bie!","breadcrumb":{"@id":"https:\/\/autorival.ro\/chevrolet\/product\/placute-frana-chevrolet-trax-1-7-td-diesel-131-cai-krieger-0950006351\/#breadcrumb"},"inLanguage":"en-US","potentialAction":[{"@type":"ReadAction","target":["https:\/\/autorival.ro\/chevrolet\/product\/placute-frana-chevrolet-trax-1-7-td-diesel-131-cai-krieger-0950006351\/"]}]},{"@type":"ImageObject","inLanguage":"en-US","@id":"https:\/\/autorival.ro\/chevrolet\/product\/placute-frana-chevrolet-trax-1-7-td-diesel-131-cai-krieger-0950006351\/#primaryimage","url":"https:\/\/autorival.ro\/chevrolet\/wp-content\/uploads\/sites\/7\/2025\/07\/chevrolet0105.png","contentUrl":"https:\/\/autorival.ro\/chevrolet\/wp-content\/uploads\/sites\/7\/2025\/07\/chevrolet0105.png","width":400,"height":225},{"@type":"BreadcrumbList","@id":"https:\/\/autorival.ro\/chevrolet\/product\/placute-frana-chevrolet-trax-1-7-td-diesel-131-cai-krieger-0950006351\/#breadcrumb","itemListElement":[{"@type":"ListItem","position":1,"name":"Prima pagin\u0103","item":"https:\/\/autorival.ro\/chevrolet\/"},{"@type":"ListItem","position":2,"name":"Piese auto CHEVROLET","item":"https:\/\/autorival.ro\/chevrolet\/"},{"@type":"ListItem","position":3,"name":"Placute frana CHEVROLET TRAX 1.7 TD diesel 131 cai KRIEGER 0950006351"}]},{"@type":"WebSite","@id":"https:\/\/autorival.ro\/chevrolet\/#website","url":"https:\/\/autorival.ro\/chevrolet\/","name":"CHEVROLET","description":"","potentialAction":[{"@type":"SearchAction","target":{"@type":"EntryPoint","urlTemplate":"https:\/\/autorival.ro\/chevrolet\/?s={search_term_string}"},"query-input":{"@type":"PropertyValueSpecification","valueRequired":true,"valueName":"search_term_string"}}],"inLanguage":"en-US"}]}},"_links":{"self":[{"href":"https:\/\/autorival.ro\/chevrolet\/wp-json\/wp\/v2\/product\/224784","targetHints":{"allow":["GET"]}}],"collection":[{"href":"https:\/\/autorival.ro\/chevrolet\/wp-json\/wp\/v2\/product"}],"about":[{"href":"https:\/\/autorival.ro\/chevrolet\/wp-json\/wp\/v2\/types\/product"}],"replies":[{"embeddable":true,"href":"https:\/\/autorival.ro\/chevrolet\/wp-json\/wp\/v2\/comments?post=224784"}],"wp:featuredmedia":[{"embeddable":true,"href":"https:\/\/autorival.ro\/chevrolet\/wp-json\/wp\/v2\/media\/275439"}],"wp:attachment":[{"href":"https:\/\/autorival.ro\/chevrolet\/wp-json\/wp\/v2\/media?parent=224784"}],"wp:term":[{"taxonomy":"product_brand","embeddable":true,"href":"https:\/\/autorival.ro\/chevrolet\/wp-json\/wp\/v2\/product_brand?post=224784"},{"taxonomy":"product_cat","embeddable":true,"href":"https:\/\/autorival.ro\/chevrolet\/wp-json\/wp\/v2\/product_cat?post=224784"},{"taxonomy":"product_tag","embeddable":true,"href":"https:\/\/autorival.ro\/chevrolet\/wp-json\/wp\/v2\/product_tag?post=224784"}],"curies":[{"name":"wp","href":"https:\/\/api.w.org\/{rel}","templated":true}]}}