{"id":219854,"date":"2025-05-03T10:08:23","date_gmt":"2025-05-03T10:08:23","guid":{"rendered":"https:\/\/autorival.ro\/chevrolet\/product\/placute-frana-chevrolet-captiva-van-c100-vcdi-tractiune-integrala-diesel-150-cai-trw-gdb1715\/"},"modified":"2025-05-03T10:08:24","modified_gmt":"2025-05-03T10:08:24","slug":"placute-frana-chevrolet-captiva-van-c100-vcdi-tractiune-integrala-diesel-150-cai-trw-gdb1715","status":"publish","type":"product","link":"https:\/\/autorival.ro\/chevrolet\/product\/placute-frana-chevrolet-captiva-van-c100-vcdi-tractiune-integrala-diesel-150-cai-trw-gdb1715\/","title":{"rendered":"Placute frana CHEVROLET CAPTIVA Van (C100) VCDi tractiune integrala diesel 150 cai TRW GDB1715"},"content":{"rendered":"<p>Partea de montare: punte fataAprobare: E9 90R &#8211; 01107\/2091Restrictiile producatorului: MANDO ->Latime [mm]: 149\u00cenaltime [mm]: 62,2 ->Grosime [mm]: 17,6Contact indicator uzura: cu avertizare acustica uzuraNum\u0103rul indicatorilor de uzur\u0103 [per ax\u0103]: 2<\/p>\n","protected":false},"excerpt":{"rendered":"<p>Producator: TRW Cod producator: GDB1715<\/p>\n","protected":false},"featured_media":219809,"comment_status":"open","ping_status":"closed","template":"","meta":[],"product_brand":[11052],"product_cat":[64698],"product_tag":[72361,72279,72649,73071,73065,72349,72364],"class_list":{"0":"post-219854","1":"product","2":"type-product","3":"status-publish","4":"has-post-thumbnail","6":"product_brand-trw","7":"product_cat-placute-frana-van-c100-vcdi-tractiune-integrala-diesel-150-3","8":"product_tag-captiva","9":"product_tag-chevrolet","10":"product_tag-frana","11":"product_tag-gdb","12":"product_tag-placute","13":"product_tag-trw","14":"product_tag-vcd","16":"first","17":"instock","18":"shipping-taxable","19":"purchasable","20":"product-type-simple"},"yoast_head":"<!-- This site is optimized with the Yoast SEO plugin v27.3 - https:\/\/yoast.com\/product\/yoast-seo-wordpress\/ -->\n<title>Placute frana CHEVROLET CAPTIVA Van (C100) VCDi tractiune integrala diesel 150 cai TRW GDB1715 CHEVROLET | TRW - Autorival<\/title>\n<meta name=\"description\" content=\"\u26a1 Placute frana CHEVROLET CAPTIVA Van (C100) VCDi tractiune integrala diesel 150 cai TRW GDB1715 pentru CHEVROLET la doar 216 RON. \u2713 Cod: GDB1715 \u2713 Brand: TRW \u2713 \u00cen stoc \u2713 Livrare 24h \u2713 Garan\u021bie!\" \/>\n<meta name=\"robots\" content=\"index, follow, max-snippet:-1, max-image-preview:large, max-video-preview:-1\" \/>\n<meta property=\"og:locale\" content=\"en_US\" \/>\n<meta property=\"og:type\" content=\"article\" \/>\n<meta property=\"og:title\" content=\"Placute frana CHEVROLET CAPTIVA Van (C100) VCDi tractiune integrala diesel 150 cai TRW GDB1715 CHEVROLET | TRW - Autorival\" \/>\n<meta property=\"og:description\" content=\"\u26a1 Placute frana CHEVROLET CAPTIVA Van (C100) VCDi tractiune integrala diesel 150 cai TRW GDB1715 pentru CHEVROLET la doar 216 RON. \u2713 Cod: GDB1715 \u2713 Brand: TRW \u2713 \u00cen stoc \u2713 Livrare 24h \u2713 Garan\u021bie!\" \/>\n<meta property=\"og:url\" content=\"https:\/\/autorival.ro\/chevrolet\/product\/placute-frana-chevrolet-captiva-van-c100-vcdi-tractiune-integrala-diesel-150-cai-trw-gdb1715\/\" \/>\n<meta property=\"og:site_name\" content=\"CHEVROLET\" \/>\n<meta property=\"article:modified_time\" content=\"2025-05-03T10:08:24+00:00\" \/>\n<meta property=\"og:image\" content=\"https:\/\/autorival.ro\/chevrolet\/wp-content\/uploads\/sites\/7\/2025\/05\/0161gdb1715-1.jpg\" \/>\n\t<meta property=\"og:image:width\" content=\"1200\" \/>\n\t<meta property=\"og:image:height\" content=\"800\" \/>\n\t<meta property=\"og:image:type\" content=\"image\/jpeg\" \/>\n<meta name=\"twitter:card\" content=\"summary_large_image\" \/>\n<meta name=\"twitter:title\" content=\"Placute frana CHEVROLET CAPTIVA Van (C100) VCDi tractiune integrala diesel 150 cai TRW GDB1715 CHEVROLET | TRW - Autorival\" \/>\n<meta name=\"twitter:description\" content=\"\u26a1 Placute frana CHEVROLET CAPTIVA Van (C100) VCDi tractiune integrala diesel 150 cai TRW GDB1715 pentru CHEVROLET la doar 216 RON. \u2713 Cod: GDB1715 \u2713 Brand: TRW \u2713 \u00cen stoc \u2713 Livrare 24h \u2713 Garan\u021bie!\" \/>\n<script type=\"application\/ld+json\" class=\"yoast-schema-graph\">{\"@context\":\"https:\\\/\\\/schema.org\",\"@graph\":[{\"@type\":\"WebPage\",\"@id\":\"https:\\\/\\\/autorival.ro\\\/chevrolet\\\/product\\\/placute-frana-chevrolet-captiva-van-c100-vcdi-tractiune-integrala-diesel-150-cai-trw-gdb1715\\\/\",\"url\":\"https:\\\/\\\/autorival.ro\\\/chevrolet\\\/product\\\/placute-frana-chevrolet-captiva-van-c100-vcdi-tractiune-integrala-diesel-150-cai-trw-gdb1715\\\/\",\"name\":\"Placute frana CHEVROLET CAPTIVA Van (C100) VCDi tractiune integrala diesel 150 cai TRW GDB1715 CHEVROLET | TRW - Autorival\",\"isPartOf\":{\"@id\":\"https:\\\/\\\/autorival.ro\\\/chevrolet\\\/#website\"},\"primaryImageOfPage\":{\"@id\":\"https:\\\/\\\/autorival.ro\\\/chevrolet\\\/product\\\/placute-frana-chevrolet-captiva-van-c100-vcdi-tractiune-integrala-diesel-150-cai-trw-gdb1715\\\/#primaryimage\"},\"image\":{\"@id\":\"https:\\\/\\\/autorival.ro\\\/chevrolet\\\/product\\\/placute-frana-chevrolet-captiva-van-c100-vcdi-tractiune-integrala-diesel-150-cai-trw-gdb1715\\\/#primaryimage\"},\"thumbnailUrl\":\"https:\\\/\\\/autorival.ro\\\/chevrolet\\\/wp-content\\\/uploads\\\/sites\\\/7\\\/2025\\\/05\\\/0161gdb1715-1.jpg\",\"datePublished\":\"2025-05-03T10:08:23+00:00\",\"dateModified\":\"2025-05-03T10:08:24+00:00\",\"description\":\"\u26a1 Placute frana CHEVROLET CAPTIVA Van (C100) VCDi tractiune integrala diesel 150 cai TRW GDB1715 pentru CHEVROLET la doar 216 RON. \u2713 Cod: GDB1715 \u2713 Brand: TRW \u2713 \u00cen stoc \u2713 Livrare 24h \u2713 Garan\u021bie!\",\"breadcrumb\":{\"@id\":\"https:\\\/\\\/autorival.ro\\\/chevrolet\\\/product\\\/placute-frana-chevrolet-captiva-van-c100-vcdi-tractiune-integrala-diesel-150-cai-trw-gdb1715\\\/#breadcrumb\"},\"inLanguage\":\"en-US\",\"potentialAction\":[{\"@type\":\"ReadAction\",\"target\":[\"https:\\\/\\\/autorival.ro\\\/chevrolet\\\/product\\\/placute-frana-chevrolet-captiva-van-c100-vcdi-tractiune-integrala-diesel-150-cai-trw-gdb1715\\\/\"]}]},{\"@type\":\"ImageObject\",\"inLanguage\":\"en-US\",\"@id\":\"https:\\\/\\\/autorival.ro\\\/chevrolet\\\/product\\\/placute-frana-chevrolet-captiva-van-c100-vcdi-tractiune-integrala-diesel-150-cai-trw-gdb1715\\\/#primaryimage\",\"url\":\"https:\\\/\\\/autorival.ro\\\/chevrolet\\\/wp-content\\\/uploads\\\/sites\\\/7\\\/2025\\\/05\\\/0161gdb1715-1.jpg\",\"contentUrl\":\"https:\\\/\\\/autorival.ro\\\/chevrolet\\\/wp-content\\\/uploads\\\/sites\\\/7\\\/2025\\\/05\\\/0161gdb1715-1.jpg\",\"width\":1200,\"height\":800,\"caption\":\"Placute frana CHEVROLET CAPTIVA Van (C100) VCDi diesel 126 cai TRW GDB1715\"},{\"@type\":\"BreadcrumbList\",\"@id\":\"https:\\\/\\\/autorival.ro\\\/chevrolet\\\/product\\\/placute-frana-chevrolet-captiva-van-c100-vcdi-tractiune-integrala-diesel-150-cai-trw-gdb1715\\\/#breadcrumb\",\"itemListElement\":[{\"@type\":\"ListItem\",\"position\":1,\"name\":\"Prima pagin\u0103\",\"item\":\"https:\\\/\\\/autorival.ro\\\/chevrolet\\\/\"},{\"@type\":\"ListItem\",\"position\":2,\"name\":\"Piese auto CHEVROLET\",\"item\":\"https:\\\/\\\/autorival.ro\\\/chevrolet\\\/\"},{\"@type\":\"ListItem\",\"position\":3,\"name\":\"Placute frana CHEVROLET CAPTIVA Van (C100) VCDi tractiune integrala diesel 150 cai TRW GDB1715\"}]},{\"@type\":\"WebSite\",\"@id\":\"https:\\\/\\\/autorival.ro\\\/chevrolet\\\/#website\",\"url\":\"https:\\\/\\\/autorival.ro\\\/chevrolet\\\/\",\"name\":\"CHEVROLET\",\"description\":\"\",\"potentialAction\":[{\"@type\":\"SearchAction\",\"target\":{\"@type\":\"EntryPoint\",\"urlTemplate\":\"https:\\\/\\\/autorival.ro\\\/chevrolet\\\/?s={search_term_string}\"},\"query-input\":{\"@type\":\"PropertyValueSpecification\",\"valueRequired\":true,\"valueName\":\"search_term_string\"}}],\"inLanguage\":\"en-US\"}]}<\/script>\n<!-- \/ Yoast SEO plugin. -->","yoast_head_json":{"title":"Placute frana CHEVROLET CAPTIVA Van (C100) VCDi tractiune integrala diesel 150 cai TRW GDB1715 CHEVROLET | TRW - Autorival","description":"\u26a1 Placute frana CHEVROLET CAPTIVA Van (C100) VCDi tractiune integrala diesel 150 cai TRW GDB1715 pentru CHEVROLET la doar 216 RON. \u2713 Cod: GDB1715 \u2713 Brand: TRW \u2713 \u00cen stoc \u2713 Livrare 24h \u2713 Garan\u021bie!","robots":{"index":"index","follow":"follow","max-snippet":"max-snippet:-1","max-image-preview":"max-image-preview:large","max-video-preview":"max-video-preview:-1"},"og_locale":"en_US","og_type":"article","og_title":"Placute frana CHEVROLET CAPTIVA Van (C100) VCDi tractiune integrala diesel 150 cai TRW GDB1715 CHEVROLET | TRW - Autorival","og_description":"\u26a1 Placute frana CHEVROLET CAPTIVA Van (C100) VCDi tractiune integrala diesel 150 cai TRW GDB1715 pentru CHEVROLET la doar 216 RON. \u2713 Cod: GDB1715 \u2713 Brand: TRW \u2713 \u00cen stoc \u2713 Livrare 24h \u2713 Garan\u021bie!","og_url":"https:\/\/autorival.ro\/chevrolet\/product\/placute-frana-chevrolet-captiva-van-c100-vcdi-tractiune-integrala-diesel-150-cai-trw-gdb1715\/","og_site_name":"CHEVROLET","article_modified_time":"2025-05-03T10:08:24+00:00","og_image":[{"width":1200,"height":800,"url":"https:\/\/autorival.ro\/chevrolet\/wp-content\/uploads\/sites\/7\/2025\/05\/0161gdb1715-1.jpg","type":"image\/jpeg"}],"twitter_card":"summary_large_image","twitter_title":"Placute frana CHEVROLET CAPTIVA Van (C100) VCDi tractiune integrala diesel 150 cai TRW GDB1715 CHEVROLET | TRW - Autorival","twitter_description":"\u26a1 Placute frana CHEVROLET CAPTIVA Van (C100) VCDi tractiune integrala diesel 150 cai TRW GDB1715 pentru CHEVROLET la doar 216 RON. \u2713 Cod: GDB1715 \u2713 Brand: TRW \u2713 \u00cen stoc \u2713 Livrare 24h \u2713 Garan\u021bie!","schema":{"@context":"https:\/\/schema.org","@graph":[{"@type":"WebPage","@id":"https:\/\/autorival.ro\/chevrolet\/product\/placute-frana-chevrolet-captiva-van-c100-vcdi-tractiune-integrala-diesel-150-cai-trw-gdb1715\/","url":"https:\/\/autorival.ro\/chevrolet\/product\/placute-frana-chevrolet-captiva-van-c100-vcdi-tractiune-integrala-diesel-150-cai-trw-gdb1715\/","name":"Placute frana CHEVROLET CAPTIVA Van (C100) VCDi tractiune integrala diesel 150 cai TRW GDB1715 CHEVROLET | TRW - Autorival","isPartOf":{"@id":"https:\/\/autorival.ro\/chevrolet\/#website"},"primaryImageOfPage":{"@id":"https:\/\/autorival.ro\/chevrolet\/product\/placute-frana-chevrolet-captiva-van-c100-vcdi-tractiune-integrala-diesel-150-cai-trw-gdb1715\/#primaryimage"},"image":{"@id":"https:\/\/autorival.ro\/chevrolet\/product\/placute-frana-chevrolet-captiva-van-c100-vcdi-tractiune-integrala-diesel-150-cai-trw-gdb1715\/#primaryimage"},"thumbnailUrl":"https:\/\/autorival.ro\/chevrolet\/wp-content\/uploads\/sites\/7\/2025\/05\/0161gdb1715-1.jpg","datePublished":"2025-05-03T10:08:23+00:00","dateModified":"2025-05-03T10:08:24+00:00","description":"\u26a1 Placute frana CHEVROLET CAPTIVA Van (C100) VCDi tractiune integrala diesel 150 cai TRW GDB1715 pentru CHEVROLET la doar 216 RON. \u2713 Cod: GDB1715 \u2713 Brand: TRW \u2713 \u00cen stoc \u2713 Livrare 24h \u2713 Garan\u021bie!","breadcrumb":{"@id":"https:\/\/autorival.ro\/chevrolet\/product\/placute-frana-chevrolet-captiva-van-c100-vcdi-tractiune-integrala-diesel-150-cai-trw-gdb1715\/#breadcrumb"},"inLanguage":"en-US","potentialAction":[{"@type":"ReadAction","target":["https:\/\/autorival.ro\/chevrolet\/product\/placute-frana-chevrolet-captiva-van-c100-vcdi-tractiune-integrala-diesel-150-cai-trw-gdb1715\/"]}]},{"@type":"ImageObject","inLanguage":"en-US","@id":"https:\/\/autorival.ro\/chevrolet\/product\/placute-frana-chevrolet-captiva-van-c100-vcdi-tractiune-integrala-diesel-150-cai-trw-gdb1715\/#primaryimage","url":"https:\/\/autorival.ro\/chevrolet\/wp-content\/uploads\/sites\/7\/2025\/05\/0161gdb1715-1.jpg","contentUrl":"https:\/\/autorival.ro\/chevrolet\/wp-content\/uploads\/sites\/7\/2025\/05\/0161gdb1715-1.jpg","width":1200,"height":800,"caption":"Placute frana CHEVROLET CAPTIVA Van (C100) VCDi diesel 126 cai TRW GDB1715"},{"@type":"BreadcrumbList","@id":"https:\/\/autorival.ro\/chevrolet\/product\/placute-frana-chevrolet-captiva-van-c100-vcdi-tractiune-integrala-diesel-150-cai-trw-gdb1715\/#breadcrumb","itemListElement":[{"@type":"ListItem","position":1,"name":"Prima pagin\u0103","item":"https:\/\/autorival.ro\/chevrolet\/"},{"@type":"ListItem","position":2,"name":"Piese auto CHEVROLET","item":"https:\/\/autorival.ro\/chevrolet\/"},{"@type":"ListItem","position":3,"name":"Placute frana CHEVROLET CAPTIVA Van (C100) VCDi tractiune integrala diesel 150 cai TRW GDB1715"}]},{"@type":"WebSite","@id":"https:\/\/autorival.ro\/chevrolet\/#website","url":"https:\/\/autorival.ro\/chevrolet\/","name":"CHEVROLET","description":"","potentialAction":[{"@type":"SearchAction","target":{"@type":"EntryPoint","urlTemplate":"https:\/\/autorival.ro\/chevrolet\/?s={search_term_string}"},"query-input":{"@type":"PropertyValueSpecification","valueRequired":true,"valueName":"search_term_string"}}],"inLanguage":"en-US"}]}},"_links":{"self":[{"href":"https:\/\/autorival.ro\/chevrolet\/wp-json\/wp\/v2\/product\/219854","targetHints":{"allow":["GET"]}}],"collection":[{"href":"https:\/\/autorival.ro\/chevrolet\/wp-json\/wp\/v2\/product"}],"about":[{"href":"https:\/\/autorival.ro\/chevrolet\/wp-json\/wp\/v2\/types\/product"}],"replies":[{"embeddable":true,"href":"https:\/\/autorival.ro\/chevrolet\/wp-json\/wp\/v2\/comments?post=219854"}],"wp:featuredmedia":[{"embeddable":true,"href":"https:\/\/autorival.ro\/chevrolet\/wp-json\/wp\/v2\/media\/219809"}],"wp:attachment":[{"href":"https:\/\/autorival.ro\/chevrolet\/wp-json\/wp\/v2\/media?parent=219854"}],"wp:term":[{"taxonomy":"product_brand","embeddable":true,"href":"https:\/\/autorival.ro\/chevrolet\/wp-json\/wp\/v2\/product_brand?post=219854"},{"taxonomy":"product_cat","embeddable":true,"href":"https:\/\/autorival.ro\/chevrolet\/wp-json\/wp\/v2\/product_cat?post=219854"},{"taxonomy":"product_tag","embeddable":true,"href":"https:\/\/autorival.ro\/chevrolet\/wp-json\/wp\/v2\/product_tag?post=219854"}],"curies":[{"name":"wp","href":"https:\/\/api.w.org\/{rel}","templated":true}]}}