{"id":208905,"date":"2025-05-03T06:31:25","date_gmt":"2025-05-03T06:31:25","guid":{"rendered":"https:\/\/autorival.ro\/chevrolet\/product\/kit-distributie-chevrolet-lacetti-j200-1-6-benzina-109-cai-nipparts-j1110901\/"},"modified":"2025-05-03T06:31:25","modified_gmt":"2025-05-03T06:31:25","slug":"kit-distributie-chevrolet-lacetti-j200-1-6-benzina-109-cai-nipparts-j1110901","status":"publish","type":"product","link":"https:\/\/autorival.ro\/chevrolet\/product\/kit-distributie-chevrolet-lacetti-j200-1-6-benzina-109-cai-nipparts-j1110901\/","title":{"rendered":"Kit distributie CHEVROLET LACETTI (J200) 1.6 benzina 109 cai NIPPARTS J1110901"},"content":{"rendered":"<p>Agregate angrenate: Rol\u0103 \u00eentinz\u0103toare, Rol\u0103 de ghidare, Ax cu cameNumar dinti: 127contine role: 2<\/p>\n","protected":false},"excerpt":{"rendered":"<p>Producator: NIPPARTS Cod producator: J1110901<\/p>\n","protected":false},"featured_media":129913,"comment_status":"open","ping_status":"closed","template":"","meta":[],"product_brand":[10955],"product_cat":[63475],"product_tag":[72320,72279,72786,72993,72319,72327],"class_list":{"0":"post-208905","1":"product","2":"type-product","3":"status-publish","4":"has-post-thumbnail","6":"product_brand-nipparts","7":"product_cat-kit-distributie-j200-1-6-benzina-109-2","8":"product_tag-j200","9":"product_tag-chevrolet","10":"product_tag-distributie","11":"product_tag-kit","12":"product_tag-lacetti","13":"product_tag-nipparts","15":"first","16":"instock","17":"shipping-taxable","18":"purchasable","19":"product-type-simple"},"yoast_head":"<!-- This site is optimized with the Yoast SEO plugin v27.3 - https:\/\/yoast.com\/product\/yoast-seo-wordpress\/ -->\n<title>Kit distributie CHEVROLET LACETTI (J200) 1.6 benzina 109 cai NIPPARTS J1110901 CHEVROLET | NIPPARTS - Autorival<\/title>\n<meta name=\"description\" content=\"\u26a1 Kit distributie CHEVROLET LACETTI (J200) 1.6 benzina 109 cai NIPPARTS J1110901 pentru CHEVROLET la doar 434 RON. \u2713 Cod: J1110901 \u2713 Brand: NIPPARTS \u2713 \u00cen stoc \u2713 Livrare 24h \u2713 Garan\u021bie!\" \/>\n<meta name=\"robots\" content=\"index, follow, max-snippet:-1, max-image-preview:large, max-video-preview:-1\" \/>\n<meta property=\"og:locale\" content=\"en_US\" \/>\n<meta property=\"og:type\" content=\"article\" \/>\n<meta property=\"og:title\" content=\"Kit distributie CHEVROLET LACETTI (J200) 1.6 benzina 109 cai NIPPARTS J1110901 CHEVROLET | NIPPARTS - Autorival\" \/>\n<meta property=\"og:description\" content=\"\u26a1 Kit distributie CHEVROLET LACETTI (J200) 1.6 benzina 109 cai NIPPARTS J1110901 pentru CHEVROLET la doar 434 RON. \u2713 Cod: J1110901 \u2713 Brand: NIPPARTS \u2713 \u00cen stoc \u2713 Livrare 24h \u2713 Garan\u021bie!\" \/>\n<meta property=\"og:url\" content=\"https:\/\/autorival.ro\/chevrolet\/product\/kit-distributie-chevrolet-lacetti-j200-1-6-benzina-109-cai-nipparts-j1110901\/\" \/>\n<meta property=\"og:site_name\" content=\"CHEVROLET\" \/>\n<meta property=\"og:image\" content=\"https:\/\/autorival.ro\/chevrolet\/wp-content\/uploads\/sites\/7\/2025\/05\/nip_j1110901_wm_01.jpg\" \/>\n\t<meta property=\"og:image:width\" content=\"464\" \/>\n\t<meta property=\"og:image:height\" content=\"380\" \/>\n\t<meta property=\"og:image:type\" content=\"image\/jpeg\" \/>\n<meta name=\"twitter:card\" content=\"summary_large_image\" \/>\n<meta name=\"twitter:title\" content=\"Kit distributie CHEVROLET LACETTI (J200) 1.6 benzina 109 cai NIPPARTS J1110901 CHEVROLET | NIPPARTS - Autorival\" \/>\n<meta name=\"twitter:description\" content=\"\u26a1 Kit distributie CHEVROLET LACETTI (J200) 1.6 benzina 109 cai NIPPARTS J1110901 pentru CHEVROLET la doar 434 RON. \u2713 Cod: J1110901 \u2713 Brand: NIPPARTS \u2713 \u00cen stoc \u2713 Livrare 24h \u2713 Garan\u021bie!\" \/>\n<script type=\"application\/ld+json\" class=\"yoast-schema-graph\">{\"@context\":\"https:\\\/\\\/schema.org\",\"@graph\":[{\"@type\":\"WebPage\",\"@id\":\"https:\\\/\\\/autorival.ro\\\/chevrolet\\\/product\\\/kit-distributie-chevrolet-lacetti-j200-1-6-benzina-109-cai-nipparts-j1110901\\\/\",\"url\":\"https:\\\/\\\/autorival.ro\\\/chevrolet\\\/product\\\/kit-distributie-chevrolet-lacetti-j200-1-6-benzina-109-cai-nipparts-j1110901\\\/\",\"name\":\"Kit distributie CHEVROLET LACETTI (J200) 1.6 benzina 109 cai NIPPARTS J1110901 CHEVROLET | NIPPARTS - Autorival\",\"isPartOf\":{\"@id\":\"https:\\\/\\\/autorival.ro\\\/chevrolet\\\/#website\"},\"primaryImageOfPage\":{\"@id\":\"https:\\\/\\\/autorival.ro\\\/chevrolet\\\/product\\\/kit-distributie-chevrolet-lacetti-j200-1-6-benzina-109-cai-nipparts-j1110901\\\/#primaryimage\"},\"image\":{\"@id\":\"https:\\\/\\\/autorival.ro\\\/chevrolet\\\/product\\\/kit-distributie-chevrolet-lacetti-j200-1-6-benzina-109-cai-nipparts-j1110901\\\/#primaryimage\"},\"thumbnailUrl\":\"https:\\\/\\\/autorival.ro\\\/chevrolet\\\/wp-content\\\/uploads\\\/sites\\\/7\\\/2025\\\/05\\\/nip_j1110901_wm_01.jpg\",\"datePublished\":\"2025-05-03T06:31:25+00:00\",\"description\":\"\u26a1 Kit distributie CHEVROLET LACETTI (J200) 1.6 benzina 109 cai NIPPARTS J1110901 pentru CHEVROLET la doar 434 RON. \u2713 Cod: J1110901 \u2713 Brand: NIPPARTS \u2713 \u00cen stoc \u2713 Livrare 24h \u2713 Garan\u021bie!\",\"breadcrumb\":{\"@id\":\"https:\\\/\\\/autorival.ro\\\/chevrolet\\\/product\\\/kit-distributie-chevrolet-lacetti-j200-1-6-benzina-109-cai-nipparts-j1110901\\\/#breadcrumb\"},\"inLanguage\":\"en-US\",\"potentialAction\":[{\"@type\":\"ReadAction\",\"target\":[\"https:\\\/\\\/autorival.ro\\\/chevrolet\\\/product\\\/kit-distributie-chevrolet-lacetti-j200-1-6-benzina-109-cai-nipparts-j1110901\\\/\"]}]},{\"@type\":\"ImageObject\",\"inLanguage\":\"en-US\",\"@id\":\"https:\\\/\\\/autorival.ro\\\/chevrolet\\\/product\\\/kit-distributie-chevrolet-lacetti-j200-1-6-benzina-109-cai-nipparts-j1110901\\\/#primaryimage\",\"url\":\"https:\\\/\\\/autorival.ro\\\/chevrolet\\\/wp-content\\\/uploads\\\/sites\\\/7\\\/2025\\\/05\\\/nip_j1110901_wm_01.jpg\",\"contentUrl\":\"https:\\\/\\\/autorival.ro\\\/chevrolet\\\/wp-content\\\/uploads\\\/sites\\\/7\\\/2025\\\/05\\\/nip_j1110901_wm_01.jpg\",\"width\":464,\"height\":380},{\"@type\":\"BreadcrumbList\",\"@id\":\"https:\\\/\\\/autorival.ro\\\/chevrolet\\\/product\\\/kit-distributie-chevrolet-lacetti-j200-1-6-benzina-109-cai-nipparts-j1110901\\\/#breadcrumb\",\"itemListElement\":[{\"@type\":\"ListItem\",\"position\":1,\"name\":\"Prima pagin\u0103\",\"item\":\"https:\\\/\\\/autorival.ro\\\/chevrolet\\\/\"},{\"@type\":\"ListItem\",\"position\":2,\"name\":\"Piese auto CHEVROLET\",\"item\":\"https:\\\/\\\/autorival.ro\\\/chevrolet\\\/\"},{\"@type\":\"ListItem\",\"position\":3,\"name\":\"Kit distributie CHEVROLET LACETTI (J200) 1.6 benzina 109 cai NIPPARTS J1110901\"}]},{\"@type\":\"WebSite\",\"@id\":\"https:\\\/\\\/autorival.ro\\\/chevrolet\\\/#website\",\"url\":\"https:\\\/\\\/autorival.ro\\\/chevrolet\\\/\",\"name\":\"CHEVROLET\",\"description\":\"\",\"potentialAction\":[{\"@type\":\"SearchAction\",\"target\":{\"@type\":\"EntryPoint\",\"urlTemplate\":\"https:\\\/\\\/autorival.ro\\\/chevrolet\\\/?s={search_term_string}\"},\"query-input\":{\"@type\":\"PropertyValueSpecification\",\"valueRequired\":true,\"valueName\":\"search_term_string\"}}],\"inLanguage\":\"en-US\"}]}<\/script>\n<!-- \/ Yoast SEO plugin. -->","yoast_head_json":{"title":"Kit distributie CHEVROLET LACETTI (J200) 1.6 benzina 109 cai NIPPARTS J1110901 CHEVROLET | NIPPARTS - Autorival","description":"\u26a1 Kit distributie CHEVROLET LACETTI (J200) 1.6 benzina 109 cai NIPPARTS J1110901 pentru CHEVROLET la doar 434 RON. \u2713 Cod: J1110901 \u2713 Brand: NIPPARTS \u2713 \u00cen stoc \u2713 Livrare 24h \u2713 Garan\u021bie!","robots":{"index":"index","follow":"follow","max-snippet":"max-snippet:-1","max-image-preview":"max-image-preview:large","max-video-preview":"max-video-preview:-1"},"og_locale":"en_US","og_type":"article","og_title":"Kit distributie CHEVROLET LACETTI (J200) 1.6 benzina 109 cai NIPPARTS J1110901 CHEVROLET | NIPPARTS - Autorival","og_description":"\u26a1 Kit distributie CHEVROLET LACETTI (J200) 1.6 benzina 109 cai NIPPARTS J1110901 pentru CHEVROLET la doar 434 RON. \u2713 Cod: J1110901 \u2713 Brand: NIPPARTS \u2713 \u00cen stoc \u2713 Livrare 24h \u2713 Garan\u021bie!","og_url":"https:\/\/autorival.ro\/chevrolet\/product\/kit-distributie-chevrolet-lacetti-j200-1-6-benzina-109-cai-nipparts-j1110901\/","og_site_name":"CHEVROLET","og_image":[{"width":464,"height":380,"url":"https:\/\/autorival.ro\/chevrolet\/wp-content\/uploads\/sites\/7\/2025\/05\/nip_j1110901_wm_01.jpg","type":"image\/jpeg"}],"twitter_card":"summary_large_image","twitter_title":"Kit distributie CHEVROLET LACETTI (J200) 1.6 benzina 109 cai NIPPARTS J1110901 CHEVROLET | NIPPARTS - Autorival","twitter_description":"\u26a1 Kit distributie CHEVROLET LACETTI (J200) 1.6 benzina 109 cai NIPPARTS J1110901 pentru CHEVROLET la doar 434 RON. \u2713 Cod: J1110901 \u2713 Brand: NIPPARTS \u2713 \u00cen stoc \u2713 Livrare 24h \u2713 Garan\u021bie!","schema":{"@context":"https:\/\/schema.org","@graph":[{"@type":"WebPage","@id":"https:\/\/autorival.ro\/chevrolet\/product\/kit-distributie-chevrolet-lacetti-j200-1-6-benzina-109-cai-nipparts-j1110901\/","url":"https:\/\/autorival.ro\/chevrolet\/product\/kit-distributie-chevrolet-lacetti-j200-1-6-benzina-109-cai-nipparts-j1110901\/","name":"Kit distributie CHEVROLET LACETTI (J200) 1.6 benzina 109 cai NIPPARTS J1110901 CHEVROLET | NIPPARTS - Autorival","isPartOf":{"@id":"https:\/\/autorival.ro\/chevrolet\/#website"},"primaryImageOfPage":{"@id":"https:\/\/autorival.ro\/chevrolet\/product\/kit-distributie-chevrolet-lacetti-j200-1-6-benzina-109-cai-nipparts-j1110901\/#primaryimage"},"image":{"@id":"https:\/\/autorival.ro\/chevrolet\/product\/kit-distributie-chevrolet-lacetti-j200-1-6-benzina-109-cai-nipparts-j1110901\/#primaryimage"},"thumbnailUrl":"https:\/\/autorival.ro\/chevrolet\/wp-content\/uploads\/sites\/7\/2025\/05\/nip_j1110901_wm_01.jpg","datePublished":"2025-05-03T06:31:25+00:00","description":"\u26a1 Kit distributie CHEVROLET LACETTI (J200) 1.6 benzina 109 cai NIPPARTS J1110901 pentru CHEVROLET la doar 434 RON. \u2713 Cod: J1110901 \u2713 Brand: NIPPARTS \u2713 \u00cen stoc \u2713 Livrare 24h \u2713 Garan\u021bie!","breadcrumb":{"@id":"https:\/\/autorival.ro\/chevrolet\/product\/kit-distributie-chevrolet-lacetti-j200-1-6-benzina-109-cai-nipparts-j1110901\/#breadcrumb"},"inLanguage":"en-US","potentialAction":[{"@type":"ReadAction","target":["https:\/\/autorival.ro\/chevrolet\/product\/kit-distributie-chevrolet-lacetti-j200-1-6-benzina-109-cai-nipparts-j1110901\/"]}]},{"@type":"ImageObject","inLanguage":"en-US","@id":"https:\/\/autorival.ro\/chevrolet\/product\/kit-distributie-chevrolet-lacetti-j200-1-6-benzina-109-cai-nipparts-j1110901\/#primaryimage","url":"https:\/\/autorival.ro\/chevrolet\/wp-content\/uploads\/sites\/7\/2025\/05\/nip_j1110901_wm_01.jpg","contentUrl":"https:\/\/autorival.ro\/chevrolet\/wp-content\/uploads\/sites\/7\/2025\/05\/nip_j1110901_wm_01.jpg","width":464,"height":380},{"@type":"BreadcrumbList","@id":"https:\/\/autorival.ro\/chevrolet\/product\/kit-distributie-chevrolet-lacetti-j200-1-6-benzina-109-cai-nipparts-j1110901\/#breadcrumb","itemListElement":[{"@type":"ListItem","position":1,"name":"Prima pagin\u0103","item":"https:\/\/autorival.ro\/chevrolet\/"},{"@type":"ListItem","position":2,"name":"Piese auto CHEVROLET","item":"https:\/\/autorival.ro\/chevrolet\/"},{"@type":"ListItem","position":3,"name":"Kit distributie CHEVROLET LACETTI (J200) 1.6 benzina 109 cai NIPPARTS J1110901"}]},{"@type":"WebSite","@id":"https:\/\/autorival.ro\/chevrolet\/#website","url":"https:\/\/autorival.ro\/chevrolet\/","name":"CHEVROLET","description":"","potentialAction":[{"@type":"SearchAction","target":{"@type":"EntryPoint","urlTemplate":"https:\/\/autorival.ro\/chevrolet\/?s={search_term_string}"},"query-input":{"@type":"PropertyValueSpecification","valueRequired":true,"valueName":"search_term_string"}}],"inLanguage":"en-US"}]}},"_links":{"self":[{"href":"https:\/\/autorival.ro\/chevrolet\/wp-json\/wp\/v2\/product\/208905","targetHints":{"allow":["GET"]}}],"collection":[{"href":"https:\/\/autorival.ro\/chevrolet\/wp-json\/wp\/v2\/product"}],"about":[{"href":"https:\/\/autorival.ro\/chevrolet\/wp-json\/wp\/v2\/types\/product"}],"replies":[{"embeddable":true,"href":"https:\/\/autorival.ro\/chevrolet\/wp-json\/wp\/v2\/comments?post=208905"}],"wp:featuredmedia":[{"embeddable":true,"href":"https:\/\/autorival.ro\/chevrolet\/wp-json\/wp\/v2\/media\/129913"}],"wp:attachment":[{"href":"https:\/\/autorival.ro\/chevrolet\/wp-json\/wp\/v2\/media?parent=208905"}],"wp:term":[{"taxonomy":"product_brand","embeddable":true,"href":"https:\/\/autorival.ro\/chevrolet\/wp-json\/wp\/v2\/product_brand?post=208905"},{"taxonomy":"product_cat","embeddable":true,"href":"https:\/\/autorival.ro\/chevrolet\/wp-json\/wp\/v2\/product_cat?post=208905"},{"taxonomy":"product_tag","embeddable":true,"href":"https:\/\/autorival.ro\/chevrolet\/wp-json\/wp\/v2\/product_tag?post=208905"}],"curies":[{"name":"wp","href":"https:\/\/api.w.org\/{rel}","templated":true}]}}