{"id":198872,"date":"2025-05-03T03:44:15","date_gmt":"2025-05-03T03:44:15","guid":{"rendered":"https:\/\/autorival.ro\/chevrolet\/product\/filtru-polen-chevrolet-spark-m300-1-0-benzina-65-cai-bosch-0-986-628-612\/"},"modified":"2025-05-03T03:44:15","modified_gmt":"2025-05-03T03:44:15","slug":"filtru-polen-chevrolet-spark-m300-1-0-benzina-65-cai-bosch-0-986-628-612","status":"publish","type":"product","link":"https:\/\/autorival.ro\/chevrolet\/product\/filtru-polen-chevrolet-spark-m300-1-0-benzina-65-cai-bosch-0-986-628-612\/","title":{"rendered":"Filtru polen CHEVROLET SPARK (M300) 1.0 benzina 65 cai BOSCH 0 986 628 612"},"content":{"rendered":"<p>An fabricatie de la: 201301An fabricatie pana la: 201912Tip filtru: Filtru carbon activ, cu efect antibacterial, Rat\u0103 de separare particule > 98% pentru 2,5 \u00c2\u00c2\u00b5m (praf fin), cu efect antialergic, cu efect antiviral, cu efect fungicid ->Lungime [mm]: 240 ->Latime [mm]: 204\u00cenaltime [mm]: 35Calitate: 1Versiunea de baz\u0103 (nr. art.): 1987432004Versiunea cu c\u0103rbune activ (nr. art.): 1987432304<\/p>\n","protected":false},"excerpt":{"rendered":"<p>Producator: BOSCH Cod producator: 0 986 628 612<\/p>\n","protected":false},"featured_media":99184,"comment_status":"open","ping_status":"closed","template":"","meta":[],"product_brand":[10950],"product_cat":[61966],"product_tag":[72332,72305,72279,72665,72896,72292],"class_list":{"0":"post-198872","1":"product","2":"type-product","3":"status-publish","4":"has-post-thumbnail","6":"product_brand-bosch","7":"product_cat-filtru-polen-m300-1-0-benzina-65-3","8":"product_tag-m300","9":"product_tag-bosch","10":"product_tag-chevrolet","11":"product_tag-filtru","12":"product_tag-polen","13":"product_tag-spark","15":"first","16":"instock","17":"shipping-taxable","18":"purchasable","19":"product-type-simple"},"yoast_head":"<!-- This site is optimized with the Yoast SEO plugin v27.3 - https:\/\/yoast.com\/product\/yoast-seo-wordpress\/ -->\n<title>Filtru polen CHEVROLET SPARK (M300) 1.0 benzina 65 cai BOSCH 0 986 628 612 - CHEVROLET<\/title>\n<meta name=\"robots\" content=\"index, follow, max-snippet:-1, max-image-preview:large, max-video-preview:-1\" \/>\n<meta property=\"og:locale\" content=\"en_US\" \/>\n<meta property=\"og:type\" content=\"article\" \/>\n<meta property=\"og:title\" content=\"Filtru polen CHEVROLET SPARK (M300) 1.0 benzina 65 cai BOSCH 0 986 628 612 - CHEVROLET\" \/>\n<meta property=\"og:description\" content=\"Producator: BOSCH Cod producator: 0 986 628 612\" \/>\n<meta property=\"og:url\" content=\"https:\/\/autorival.ro\/chevrolet\/product\/filtru-polen-chevrolet-spark-m300-1-0-benzina-65-cai-bosch-0-986-628-612\/\" \/>\n<meta property=\"og:site_name\" content=\"CHEVROLET\" \/>\n<meta property=\"og:image\" content=\"https:\/\/autorival.ro\/chevrolet\/wp-content\/uploads\/sites\/7\/2025\/04\/0986628612ph07whco0000-5.jpg\" \/>\n\t<meta property=\"og:image:width\" content=\"1280\" \/>\n\t<meta property=\"og:image:height\" content=\"960\" \/>\n\t<meta property=\"og:image:type\" content=\"image\/jpeg\" \/>\n<meta name=\"twitter:card\" content=\"summary_large_image\" \/>\n<script type=\"application\/ld+json\" class=\"yoast-schema-graph\">{\"@context\":\"https:\\\/\\\/schema.org\",\"@graph\":[{\"@type\":\"WebPage\",\"@id\":\"https:\\\/\\\/autorival.ro\\\/chevrolet\\\/product\\\/filtru-polen-chevrolet-spark-m300-1-0-benzina-65-cai-bosch-0-986-628-612\\\/\",\"url\":\"https:\\\/\\\/autorival.ro\\\/chevrolet\\\/product\\\/filtru-polen-chevrolet-spark-m300-1-0-benzina-65-cai-bosch-0-986-628-612\\\/\",\"name\":\"Filtru polen CHEVROLET SPARK (M300) 1.0 benzina 65 cai BOSCH 0 986 628 612 - CHEVROLET\",\"isPartOf\":{\"@id\":\"https:\\\/\\\/autorival.ro\\\/chevrolet\\\/#website\"},\"primaryImageOfPage\":{\"@id\":\"https:\\\/\\\/autorival.ro\\\/chevrolet\\\/product\\\/filtru-polen-chevrolet-spark-m300-1-0-benzina-65-cai-bosch-0-986-628-612\\\/#primaryimage\"},\"image\":{\"@id\":\"https:\\\/\\\/autorival.ro\\\/chevrolet\\\/product\\\/filtru-polen-chevrolet-spark-m300-1-0-benzina-65-cai-bosch-0-986-628-612\\\/#primaryimage\"},\"thumbnailUrl\":\"https:\\\/\\\/autorival.ro\\\/chevrolet\\\/wp-content\\\/uploads\\\/sites\\\/7\\\/2025\\\/04\\\/0986628612ph07whco0000-5.jpg\",\"datePublished\":\"2025-05-03T03:44:15+00:00\",\"breadcrumb\":{\"@id\":\"https:\\\/\\\/autorival.ro\\\/chevrolet\\\/product\\\/filtru-polen-chevrolet-spark-m300-1-0-benzina-65-cai-bosch-0-986-628-612\\\/#breadcrumb\"},\"inLanguage\":\"en-US\",\"potentialAction\":[{\"@type\":\"ReadAction\",\"target\":[\"https:\\\/\\\/autorival.ro\\\/chevrolet\\\/product\\\/filtru-polen-chevrolet-spark-m300-1-0-benzina-65-cai-bosch-0-986-628-612\\\/\"]}]},{\"@type\":\"ImageObject\",\"inLanguage\":\"en-US\",\"@id\":\"https:\\\/\\\/autorival.ro\\\/chevrolet\\\/product\\\/filtru-polen-chevrolet-spark-m300-1-0-benzina-65-cai-bosch-0-986-628-612\\\/#primaryimage\",\"url\":\"https:\\\/\\\/autorival.ro\\\/chevrolet\\\/wp-content\\\/uploads\\\/sites\\\/7\\\/2025\\\/04\\\/0986628612ph07whco0000-5.jpg\",\"contentUrl\":\"https:\\\/\\\/autorival.ro\\\/chevrolet\\\/wp-content\\\/uploads\\\/sites\\\/7\\\/2025\\\/04\\\/0986628612ph07whco0000-5.jpg\",\"width\":1280,\"height\":960,\"caption\":\"Filtru polen -> CHEVROLET SPARK (M300) 1.0 benzina 65 cai -> BOSCH 0 986 628 612\"},{\"@type\":\"BreadcrumbList\",\"@id\":\"https:\\\/\\\/autorival.ro\\\/chevrolet\\\/product\\\/filtru-polen-chevrolet-spark-m300-1-0-benzina-65-cai-bosch-0-986-628-612\\\/#breadcrumb\",\"itemListElement\":[{\"@type\":\"ListItem\",\"position\":1,\"name\":\"Prima pagin\u0103\",\"item\":\"https:\\\/\\\/autorival.ro\\\/chevrolet\\\/\"},{\"@type\":\"ListItem\",\"position\":2,\"name\":\"Piese auto CHEVROLET\",\"item\":\"https:\\\/\\\/autorival.ro\\\/chevrolet\\\/\"},{\"@type\":\"ListItem\",\"position\":3,\"name\":\"Filtru polen CHEVROLET SPARK (M300) 1.0 benzina 65 cai BOSCH 0 986 628 612\"}]},{\"@type\":\"WebSite\",\"@id\":\"https:\\\/\\\/autorival.ro\\\/chevrolet\\\/#website\",\"url\":\"https:\\\/\\\/autorival.ro\\\/chevrolet\\\/\",\"name\":\"CHEVROLET\",\"description\":\"\",\"potentialAction\":[{\"@type\":\"SearchAction\",\"target\":{\"@type\":\"EntryPoint\",\"urlTemplate\":\"https:\\\/\\\/autorival.ro\\\/chevrolet\\\/?s={search_term_string}\"},\"query-input\":{\"@type\":\"PropertyValueSpecification\",\"valueRequired\":true,\"valueName\":\"search_term_string\"}}],\"inLanguage\":\"en-US\"}]}<\/script>\n<!-- \/ Yoast SEO plugin. -->","yoast_head_json":{"title":"Filtru polen CHEVROLET SPARK (M300) 1.0 benzina 65 cai BOSCH 0 986 628 612 - CHEVROLET","robots":{"index":"index","follow":"follow","max-snippet":"max-snippet:-1","max-image-preview":"max-image-preview:large","max-video-preview":"max-video-preview:-1"},"og_locale":"en_US","og_type":"article","og_title":"Filtru polen CHEVROLET SPARK (M300) 1.0 benzina 65 cai BOSCH 0 986 628 612 - CHEVROLET","og_description":"Producator: BOSCH Cod producator: 0 986 628 612","og_url":"https:\/\/autorival.ro\/chevrolet\/product\/filtru-polen-chevrolet-spark-m300-1-0-benzina-65-cai-bosch-0-986-628-612\/","og_site_name":"CHEVROLET","og_image":[{"width":1280,"height":960,"url":"https:\/\/autorival.ro\/chevrolet\/wp-content\/uploads\/sites\/7\/2025\/04\/0986628612ph07whco0000-5.jpg","type":"image\/jpeg"}],"twitter_card":"summary_large_image","schema":{"@context":"https:\/\/schema.org","@graph":[{"@type":"WebPage","@id":"https:\/\/autorival.ro\/chevrolet\/product\/filtru-polen-chevrolet-spark-m300-1-0-benzina-65-cai-bosch-0-986-628-612\/","url":"https:\/\/autorival.ro\/chevrolet\/product\/filtru-polen-chevrolet-spark-m300-1-0-benzina-65-cai-bosch-0-986-628-612\/","name":"Filtru polen CHEVROLET SPARK (M300) 1.0 benzina 65 cai BOSCH 0 986 628 612 - CHEVROLET","isPartOf":{"@id":"https:\/\/autorival.ro\/chevrolet\/#website"},"primaryImageOfPage":{"@id":"https:\/\/autorival.ro\/chevrolet\/product\/filtru-polen-chevrolet-spark-m300-1-0-benzina-65-cai-bosch-0-986-628-612\/#primaryimage"},"image":{"@id":"https:\/\/autorival.ro\/chevrolet\/product\/filtru-polen-chevrolet-spark-m300-1-0-benzina-65-cai-bosch-0-986-628-612\/#primaryimage"},"thumbnailUrl":"https:\/\/autorival.ro\/chevrolet\/wp-content\/uploads\/sites\/7\/2025\/04\/0986628612ph07whco0000-5.jpg","datePublished":"2025-05-03T03:44:15+00:00","breadcrumb":{"@id":"https:\/\/autorival.ro\/chevrolet\/product\/filtru-polen-chevrolet-spark-m300-1-0-benzina-65-cai-bosch-0-986-628-612\/#breadcrumb"},"inLanguage":"en-US","potentialAction":[{"@type":"ReadAction","target":["https:\/\/autorival.ro\/chevrolet\/product\/filtru-polen-chevrolet-spark-m300-1-0-benzina-65-cai-bosch-0-986-628-612\/"]}]},{"@type":"ImageObject","inLanguage":"en-US","@id":"https:\/\/autorival.ro\/chevrolet\/product\/filtru-polen-chevrolet-spark-m300-1-0-benzina-65-cai-bosch-0-986-628-612\/#primaryimage","url":"https:\/\/autorival.ro\/chevrolet\/wp-content\/uploads\/sites\/7\/2025\/04\/0986628612ph07whco0000-5.jpg","contentUrl":"https:\/\/autorival.ro\/chevrolet\/wp-content\/uploads\/sites\/7\/2025\/04\/0986628612ph07whco0000-5.jpg","width":1280,"height":960,"caption":"Filtru polen -> CHEVROLET SPARK (M300) 1.0 benzina 65 cai -> BOSCH 0 986 628 612"},{"@type":"BreadcrumbList","@id":"https:\/\/autorival.ro\/chevrolet\/product\/filtru-polen-chevrolet-spark-m300-1-0-benzina-65-cai-bosch-0-986-628-612\/#breadcrumb","itemListElement":[{"@type":"ListItem","position":1,"name":"Prima pagin\u0103","item":"https:\/\/autorival.ro\/chevrolet\/"},{"@type":"ListItem","position":2,"name":"Piese auto CHEVROLET","item":"https:\/\/autorival.ro\/chevrolet\/"},{"@type":"ListItem","position":3,"name":"Filtru polen CHEVROLET SPARK (M300) 1.0 benzina 65 cai BOSCH 0 986 628 612"}]},{"@type":"WebSite","@id":"https:\/\/autorival.ro\/chevrolet\/#website","url":"https:\/\/autorival.ro\/chevrolet\/","name":"CHEVROLET","description":"","potentialAction":[{"@type":"SearchAction","target":{"@type":"EntryPoint","urlTemplate":"https:\/\/autorival.ro\/chevrolet\/?s={search_term_string}"},"query-input":{"@type":"PropertyValueSpecification","valueRequired":true,"valueName":"search_term_string"}}],"inLanguage":"en-US"}]}},"_links":{"self":[{"href":"https:\/\/autorival.ro\/chevrolet\/wp-json\/wp\/v2\/product\/198872","targetHints":{"allow":["GET"]}}],"collection":[{"href":"https:\/\/autorival.ro\/chevrolet\/wp-json\/wp\/v2\/product"}],"about":[{"href":"https:\/\/autorival.ro\/chevrolet\/wp-json\/wp\/v2\/types\/product"}],"replies":[{"embeddable":true,"href":"https:\/\/autorival.ro\/chevrolet\/wp-json\/wp\/v2\/comments?post=198872"}],"wp:featuredmedia":[{"embeddable":true,"href":"https:\/\/autorival.ro\/chevrolet\/wp-json\/wp\/v2\/media\/99184"}],"wp:attachment":[{"href":"https:\/\/autorival.ro\/chevrolet\/wp-json\/wp\/v2\/media?parent=198872"}],"wp:term":[{"taxonomy":"product_brand","embeddable":true,"href":"https:\/\/autorival.ro\/chevrolet\/wp-json\/wp\/v2\/product_brand?post=198872"},{"taxonomy":"product_cat","embeddable":true,"href":"https:\/\/autorival.ro\/chevrolet\/wp-json\/wp\/v2\/product_cat?post=198872"},{"taxonomy":"product_tag","embeddable":true,"href":"https:\/\/autorival.ro\/chevrolet\/wp-json\/wp\/v2\/product_tag?post=198872"}],"curies":[{"name":"wp","href":"https:\/\/api.w.org\/{rel}","templated":true}]}}