{"id":190478,"date":"2025-05-03T01:31:12","date_gmt":"2025-05-03T01:31:12","guid":{"rendered":"https:\/\/autorival.ro\/chevrolet\/product\/etrier-frana-chevrolet-trax-1-7-td-diesel-131-cai-brembo-f-59-208\/"},"modified":"2025-05-03T01:31:12","modified_gmt":"2025-05-03T01:31:12","slug":"etrier-frana-chevrolet-trax-1-7-td-diesel-131-cai-brembo-f-59-208","status":"publish","type":"product","link":"https:\/\/autorival.ro\/chevrolet\/product\/etrier-frana-chevrolet-trax-1-7-td-diesel-131-cai-brembo-f-59-208\/","title":{"rendered":"Etrier frana CHEVROLET TRAX 1.7 TD diesel 131 cai BREMBO F 59 208"},"content":{"rendered":"<p>Partea de montare: Axa spate stanga, in spatele puntiiEchipament vehicul: pentru vehicule cu fr\u00e2n\u0103 de parcare electric\u0103Tip etrier fr\u00e2na: Etrier de fr\u00e2n\u0103 (1 piston)Sistem de fr\u00e2nare: ATENumar articol par: F 59 209 ->Diametrul pistonului [mm]: 38Material: Fonta ->Grosime disc fr\u00e2na [mm]: 12<\/p>\n","protected":false},"excerpt":{"rendered":"<p>Producator: BREMBO Cod producator: F 59 208<\/p>\n","protected":false},"featured_media":114989,"comment_status":"open","ping_status":"closed","template":"","meta":[],"product_brand":[11094],"product_cat":[61365],"product_tag":[72696,72279,72618,72649,72290,72336],"class_list":{"0":"post-190478","1":"product","2":"type-product","3":"status-publish","4":"has-post-thumbnail","6":"product_brand-brembo","7":"product_cat-etrier-frana-1-7-td-diesel-131-3","8":"product_tag-brembo","9":"product_tag-chevrolet","10":"product_tag-etrier","11":"product_tag-frana","12":"product_tag-td","13":"product_tag-trax","15":"first","16":"instock","17":"shipping-taxable","18":"purchasable","19":"product-type-simple"},"yoast_head":"<!-- This site is optimized with the Yoast SEO plugin v27.3 - https:\/\/yoast.com\/product\/yoast-seo-wordpress\/ -->\n<title>Etrier frana CHEVROLET TRAX 1.7 TD diesel 131 cai BREMBO F 59 208 CHEVROLET | BREMBO - Autorival<\/title>\n<meta name=\"description\" content=\"\u26a1 Etrier frana CHEVROLET TRAX 1.7 TD diesel 131 cai BREMBO F 59 208 pentru CHEVROLET la doar 803 RON. \u2713 Cod: F \u2713 Brand: BREMBO \u2713 \u00cen stoc \u2713 Livrare 24h \u2713 Garan\u021bie!\" \/>\n<meta name=\"robots\" content=\"index, follow, max-snippet:-1, max-image-preview:large, max-video-preview:-1\" \/>\n<meta property=\"og:locale\" content=\"en_US\" \/>\n<meta property=\"og:type\" content=\"article\" \/>\n<meta property=\"og:title\" content=\"Etrier frana CHEVROLET TRAX 1.7 TD diesel 131 cai BREMBO F 59 208 CHEVROLET | BREMBO - Autorival\" \/>\n<meta property=\"og:description\" content=\"\u26a1 Etrier frana CHEVROLET TRAX 1.7 TD diesel 131 cai BREMBO F 59 208 pentru CHEVROLET la doar 803 RON. \u2713 Cod: F \u2713 Brand: BREMBO \u2713 \u00cen stoc \u2713 Livrare 24h \u2713 Garan\u021bie!\" \/>\n<meta property=\"og:url\" content=\"https:\/\/autorival.ro\/chevrolet\/product\/etrier-frana-chevrolet-trax-1-7-td-diesel-131-cai-brembo-f-59-208\/\" \/>\n<meta property=\"og:site_name\" content=\"CHEVROLET\" \/>\n<meta property=\"og:image\" content=\"https:\/\/autorival.ro\/chevrolet\/wp-content\/uploads\/sites\/7\/2025\/04\/f59208.jpg\" \/>\n\t<meta property=\"og:image:width\" content=\"600\" \/>\n\t<meta property=\"og:image:height\" content=\"288\" \/>\n\t<meta property=\"og:image:type\" content=\"image\/jpeg\" \/>\n<meta name=\"twitter:card\" content=\"summary_large_image\" \/>\n<meta name=\"twitter:title\" content=\"Etrier frana CHEVROLET TRAX 1.7 TD diesel 131 cai BREMBO F 59 208 CHEVROLET | BREMBO - Autorival\" \/>\n<meta name=\"twitter:description\" content=\"\u26a1 Etrier frana CHEVROLET TRAX 1.7 TD diesel 131 cai BREMBO F 59 208 pentru CHEVROLET la doar 803 RON. \u2713 Cod: F \u2713 Brand: BREMBO \u2713 \u00cen stoc \u2713 Livrare 24h \u2713 Garan\u021bie!\" \/>\n<script type=\"application\/ld+json\" class=\"yoast-schema-graph\">{\"@context\":\"https:\\\/\\\/schema.org\",\"@graph\":[{\"@type\":\"WebPage\",\"@id\":\"https:\\\/\\\/autorival.ro\\\/chevrolet\\\/product\\\/etrier-frana-chevrolet-trax-1-7-td-diesel-131-cai-brembo-f-59-208\\\/\",\"url\":\"https:\\\/\\\/autorival.ro\\\/chevrolet\\\/product\\\/etrier-frana-chevrolet-trax-1-7-td-diesel-131-cai-brembo-f-59-208\\\/\",\"name\":\"Etrier frana CHEVROLET TRAX 1.7 TD diesel 131 cai BREMBO F 59 208 CHEVROLET | BREMBO - Autorival\",\"isPartOf\":{\"@id\":\"https:\\\/\\\/autorival.ro\\\/chevrolet\\\/#website\"},\"primaryImageOfPage\":{\"@id\":\"https:\\\/\\\/autorival.ro\\\/chevrolet\\\/product\\\/etrier-frana-chevrolet-trax-1-7-td-diesel-131-cai-brembo-f-59-208\\\/#primaryimage\"},\"image\":{\"@id\":\"https:\\\/\\\/autorival.ro\\\/chevrolet\\\/product\\\/etrier-frana-chevrolet-trax-1-7-td-diesel-131-cai-brembo-f-59-208\\\/#primaryimage\"},\"thumbnailUrl\":\"https:\\\/\\\/autorival.ro\\\/chevrolet\\\/wp-content\\\/uploads\\\/sites\\\/7\\\/2025\\\/04\\\/f59208.jpg\",\"datePublished\":\"2025-05-03T01:31:12+00:00\",\"description\":\"\u26a1 Etrier frana CHEVROLET TRAX 1.7 TD diesel 131 cai BREMBO F 59 208 pentru CHEVROLET la doar 803 RON. \u2713 Cod: F \u2713 Brand: BREMBO \u2713 \u00cen stoc \u2713 Livrare 24h \u2713 Garan\u021bie!\",\"breadcrumb\":{\"@id\":\"https:\\\/\\\/autorival.ro\\\/chevrolet\\\/product\\\/etrier-frana-chevrolet-trax-1-7-td-diesel-131-cai-brembo-f-59-208\\\/#breadcrumb\"},\"inLanguage\":\"en-US\",\"potentialAction\":[{\"@type\":\"ReadAction\",\"target\":[\"https:\\\/\\\/autorival.ro\\\/chevrolet\\\/product\\\/etrier-frana-chevrolet-trax-1-7-td-diesel-131-cai-brembo-f-59-208\\\/\"]}]},{\"@type\":\"ImageObject\",\"inLanguage\":\"en-US\",\"@id\":\"https:\\\/\\\/autorival.ro\\\/chevrolet\\\/product\\\/etrier-frana-chevrolet-trax-1-7-td-diesel-131-cai-brembo-f-59-208\\\/#primaryimage\",\"url\":\"https:\\\/\\\/autorival.ro\\\/chevrolet\\\/wp-content\\\/uploads\\\/sites\\\/7\\\/2025\\\/04\\\/f59208.jpg\",\"contentUrl\":\"https:\\\/\\\/autorival.ro\\\/chevrolet\\\/wp-content\\\/uploads\\\/sites\\\/7\\\/2025\\\/04\\\/f59208.jpg\",\"width\":600,\"height\":288,\"caption\":\"Etrier frana -> CHEVROLET TRAX 1.7 TD diesel 131 cai -> BREMBO F 59 208\"},{\"@type\":\"BreadcrumbList\",\"@id\":\"https:\\\/\\\/autorival.ro\\\/chevrolet\\\/product\\\/etrier-frana-chevrolet-trax-1-7-td-diesel-131-cai-brembo-f-59-208\\\/#breadcrumb\",\"itemListElement\":[{\"@type\":\"ListItem\",\"position\":1,\"name\":\"Prima pagin\u0103\",\"item\":\"https:\\\/\\\/autorival.ro\\\/chevrolet\\\/\"},{\"@type\":\"ListItem\",\"position\":2,\"name\":\"Piese auto CHEVROLET\",\"item\":\"https:\\\/\\\/autorival.ro\\\/chevrolet\\\/\"},{\"@type\":\"ListItem\",\"position\":3,\"name\":\"Etrier frana CHEVROLET TRAX 1.7 TD diesel 131 cai BREMBO F 59 208\"}]},{\"@type\":\"WebSite\",\"@id\":\"https:\\\/\\\/autorival.ro\\\/chevrolet\\\/#website\",\"url\":\"https:\\\/\\\/autorival.ro\\\/chevrolet\\\/\",\"name\":\"CHEVROLET\",\"description\":\"\",\"potentialAction\":[{\"@type\":\"SearchAction\",\"target\":{\"@type\":\"EntryPoint\",\"urlTemplate\":\"https:\\\/\\\/autorival.ro\\\/chevrolet\\\/?s={search_term_string}\"},\"query-input\":{\"@type\":\"PropertyValueSpecification\",\"valueRequired\":true,\"valueName\":\"search_term_string\"}}],\"inLanguage\":\"en-US\"}]}<\/script>\n<!-- \/ Yoast SEO plugin. -->","yoast_head_json":{"title":"Etrier frana CHEVROLET TRAX 1.7 TD diesel 131 cai BREMBO F 59 208 CHEVROLET | BREMBO - Autorival","description":"\u26a1 Etrier frana CHEVROLET TRAX 1.7 TD diesel 131 cai BREMBO F 59 208 pentru CHEVROLET la doar 803 RON. \u2713 Cod: F \u2713 Brand: BREMBO \u2713 \u00cen stoc \u2713 Livrare 24h \u2713 Garan\u021bie!","robots":{"index":"index","follow":"follow","max-snippet":"max-snippet:-1","max-image-preview":"max-image-preview:large","max-video-preview":"max-video-preview:-1"},"og_locale":"en_US","og_type":"article","og_title":"Etrier frana CHEVROLET TRAX 1.7 TD diesel 131 cai BREMBO F 59 208 CHEVROLET | BREMBO - Autorival","og_description":"\u26a1 Etrier frana CHEVROLET TRAX 1.7 TD diesel 131 cai BREMBO F 59 208 pentru CHEVROLET la doar 803 RON. \u2713 Cod: F \u2713 Brand: BREMBO \u2713 \u00cen stoc \u2713 Livrare 24h \u2713 Garan\u021bie!","og_url":"https:\/\/autorival.ro\/chevrolet\/product\/etrier-frana-chevrolet-trax-1-7-td-diesel-131-cai-brembo-f-59-208\/","og_site_name":"CHEVROLET","og_image":[{"width":600,"height":288,"url":"https:\/\/autorival.ro\/chevrolet\/wp-content\/uploads\/sites\/7\/2025\/04\/f59208.jpg","type":"image\/jpeg"}],"twitter_card":"summary_large_image","twitter_title":"Etrier frana CHEVROLET TRAX 1.7 TD diesel 131 cai BREMBO F 59 208 CHEVROLET | BREMBO - Autorival","twitter_description":"\u26a1 Etrier frana CHEVROLET TRAX 1.7 TD diesel 131 cai BREMBO F 59 208 pentru CHEVROLET la doar 803 RON. \u2713 Cod: F \u2713 Brand: BREMBO \u2713 \u00cen stoc \u2713 Livrare 24h \u2713 Garan\u021bie!","schema":{"@context":"https:\/\/schema.org","@graph":[{"@type":"WebPage","@id":"https:\/\/autorival.ro\/chevrolet\/product\/etrier-frana-chevrolet-trax-1-7-td-diesel-131-cai-brembo-f-59-208\/","url":"https:\/\/autorival.ro\/chevrolet\/product\/etrier-frana-chevrolet-trax-1-7-td-diesel-131-cai-brembo-f-59-208\/","name":"Etrier frana CHEVROLET TRAX 1.7 TD diesel 131 cai BREMBO F 59 208 CHEVROLET | BREMBO - Autorival","isPartOf":{"@id":"https:\/\/autorival.ro\/chevrolet\/#website"},"primaryImageOfPage":{"@id":"https:\/\/autorival.ro\/chevrolet\/product\/etrier-frana-chevrolet-trax-1-7-td-diesel-131-cai-brembo-f-59-208\/#primaryimage"},"image":{"@id":"https:\/\/autorival.ro\/chevrolet\/product\/etrier-frana-chevrolet-trax-1-7-td-diesel-131-cai-brembo-f-59-208\/#primaryimage"},"thumbnailUrl":"https:\/\/autorival.ro\/chevrolet\/wp-content\/uploads\/sites\/7\/2025\/04\/f59208.jpg","datePublished":"2025-05-03T01:31:12+00:00","description":"\u26a1 Etrier frana CHEVROLET TRAX 1.7 TD diesel 131 cai BREMBO F 59 208 pentru CHEVROLET la doar 803 RON. \u2713 Cod: F \u2713 Brand: BREMBO \u2713 \u00cen stoc \u2713 Livrare 24h \u2713 Garan\u021bie!","breadcrumb":{"@id":"https:\/\/autorival.ro\/chevrolet\/product\/etrier-frana-chevrolet-trax-1-7-td-diesel-131-cai-brembo-f-59-208\/#breadcrumb"},"inLanguage":"en-US","potentialAction":[{"@type":"ReadAction","target":["https:\/\/autorival.ro\/chevrolet\/product\/etrier-frana-chevrolet-trax-1-7-td-diesel-131-cai-brembo-f-59-208\/"]}]},{"@type":"ImageObject","inLanguage":"en-US","@id":"https:\/\/autorival.ro\/chevrolet\/product\/etrier-frana-chevrolet-trax-1-7-td-diesel-131-cai-brembo-f-59-208\/#primaryimage","url":"https:\/\/autorival.ro\/chevrolet\/wp-content\/uploads\/sites\/7\/2025\/04\/f59208.jpg","contentUrl":"https:\/\/autorival.ro\/chevrolet\/wp-content\/uploads\/sites\/7\/2025\/04\/f59208.jpg","width":600,"height":288,"caption":"Etrier frana -> CHEVROLET TRAX 1.7 TD diesel 131 cai -> BREMBO F 59 208"},{"@type":"BreadcrumbList","@id":"https:\/\/autorival.ro\/chevrolet\/product\/etrier-frana-chevrolet-trax-1-7-td-diesel-131-cai-brembo-f-59-208\/#breadcrumb","itemListElement":[{"@type":"ListItem","position":1,"name":"Prima pagin\u0103","item":"https:\/\/autorival.ro\/chevrolet\/"},{"@type":"ListItem","position":2,"name":"Piese auto CHEVROLET","item":"https:\/\/autorival.ro\/chevrolet\/"},{"@type":"ListItem","position":3,"name":"Etrier frana CHEVROLET TRAX 1.7 TD diesel 131 cai BREMBO F 59 208"}]},{"@type":"WebSite","@id":"https:\/\/autorival.ro\/chevrolet\/#website","url":"https:\/\/autorival.ro\/chevrolet\/","name":"CHEVROLET","description":"","potentialAction":[{"@type":"SearchAction","target":{"@type":"EntryPoint","urlTemplate":"https:\/\/autorival.ro\/chevrolet\/?s={search_term_string}"},"query-input":{"@type":"PropertyValueSpecification","valueRequired":true,"valueName":"search_term_string"}}],"inLanguage":"en-US"}]}},"_links":{"self":[{"href":"https:\/\/autorival.ro\/chevrolet\/wp-json\/wp\/v2\/product\/190478","targetHints":{"allow":["GET"]}}],"collection":[{"href":"https:\/\/autorival.ro\/chevrolet\/wp-json\/wp\/v2\/product"}],"about":[{"href":"https:\/\/autorival.ro\/chevrolet\/wp-json\/wp\/v2\/types\/product"}],"replies":[{"embeddable":true,"href":"https:\/\/autorival.ro\/chevrolet\/wp-json\/wp\/v2\/comments?post=190478"}],"wp:featuredmedia":[{"embeddable":true,"href":"https:\/\/autorival.ro\/chevrolet\/wp-json\/wp\/v2\/media\/114989"}],"wp:attachment":[{"href":"https:\/\/autorival.ro\/chevrolet\/wp-json\/wp\/v2\/media?parent=190478"}],"wp:term":[{"taxonomy":"product_brand","embeddable":true,"href":"https:\/\/autorival.ro\/chevrolet\/wp-json\/wp\/v2\/product_brand?post=190478"},{"taxonomy":"product_cat","embeddable":true,"href":"https:\/\/autorival.ro\/chevrolet\/wp-json\/wp\/v2\/product_cat?post=190478"},{"taxonomy":"product_tag","embeddable":true,"href":"https:\/\/autorival.ro\/chevrolet\/wp-json\/wp\/v2\/product_tag?post=190478"}],"curies":[{"name":"wp","href":"https:\/\/api.w.org\/{rel}","templated":true}]}}