{"id":190051,"date":"2025-05-03T01:24:09","date_gmt":"2025-05-03T01:24:09","guid":{"rendered":"https:\/\/autorival.ro\/chevrolet\/product\/etrier-frana-chevrolet-lacetti-combi-j200-1-8-benzina-121-cai-budweg-caliper-342672\/"},"modified":"2025-05-03T01:24:14","modified_gmt":"2025-05-03T01:24:14","slug":"etrier-frana-chevrolet-lacetti-combi-j200-1-8-benzina-121-cai-budweg-caliper-342672","status":"publish","type":"product","link":"https:\/\/autorival.ro\/chevrolet\/product\/etrier-frana-chevrolet-lacetti-combi-j200-1-8-benzina-121-cai-budweg-caliper-342672\/","title":{"rendered":"Etrier frana CHEVROLET LACETTI combi (J200) 1.8 benzina 121 cai BUDWEG CALIPER 342672"},"content":{"rendered":"<p>An fabricatie pana la: 201112Partea de montare: in fata osiei, Axa fata stangaNumar articol par: 342673Sistem de fr\u00e2nare: DAC ->Grosime disc fr\u00e2na [mm]: 24Tip etrier fr\u00e2na: Etrier de fr\u00e2n\u0103 (1 piston) ->Diametru [mm]: 54<\/p>\n","protected":false},"excerpt":{"rendered":"<p>Producator: BUDWEG CALIPER Cod producator: 342672<\/p>\n","protected":false},"featured_media":189971,"comment_status":"open","ping_status":"closed","template":"","meta":[],"product_brand":[11064],"product_cat":[61339],"product_tag":[72842,72843,72279,72618,72649,72319],"class_list":{"0":"post-190051","1":"product","2":"type-product","3":"status-publish","4":"has-post-thumbnail","6":"product_brand-budweg-caliper","7":"product_cat-etrier-frana-combi-j200-1-8-benzina-121-3","8":"product_tag-budweg","9":"product_tag-caliper","10":"product_tag-chevrolet","11":"product_tag-etrier","12":"product_tag-frana","13":"product_tag-lacetti","15":"first","16":"instock","17":"shipping-taxable","18":"purchasable","19":"product-type-simple"},"yoast_head":"<!-- This site is optimized with the Yoast SEO plugin v27.3 - https:\/\/yoast.com\/product\/yoast-seo-wordpress\/ -->\n<title>Etrier frana CHEVROLET LACETTI combi (J200) 1.8 benzina 121 cai BUDWEG CALIPER 342672 CHEVROLET | BUDWEG - Autorival<\/title>\n<meta name=\"description\" content=\"\u26a1 Etrier frana CHEVROLET LACETTI combi (J200) 1.8 benzina 121 cai BUDWEG CALIPER 342672 pentru CHEVROLET la doar 581 RON. \u2713 Cod: 342672 \u2713 Brand: BUDWEG \u2713 \u00cen stoc \u2713 Livrare 24h \u2713 Garan\u021bie!\" \/>\n<meta name=\"robots\" content=\"index, follow, max-snippet:-1, max-image-preview:large, max-video-preview:-1\" \/>\n<meta property=\"og:locale\" content=\"en_US\" \/>\n<meta property=\"og:type\" content=\"article\" \/>\n<meta property=\"og:title\" content=\"Etrier frana CHEVROLET LACETTI combi (J200) 1.8 benzina 121 cai BUDWEG CALIPER 342672 CHEVROLET | BUDWEG - Autorival\" \/>\n<meta property=\"og:description\" content=\"\u26a1 Etrier frana CHEVROLET LACETTI combi (J200) 1.8 benzina 121 cai BUDWEG CALIPER 342672 pentru CHEVROLET la doar 581 RON. \u2713 Cod: 342672 \u2713 Brand: BUDWEG \u2713 \u00cen stoc \u2713 Livrare 24h \u2713 Garan\u021bie!\" \/>\n<meta property=\"og:url\" content=\"https:\/\/autorival.ro\/chevrolet\/product\/etrier-frana-chevrolet-lacetti-combi-j200-1-8-benzina-121-cai-budweg-caliper-342672\/\" \/>\n<meta property=\"og:site_name\" content=\"CHEVROLET\" \/>\n<meta property=\"article:modified_time\" content=\"2025-05-03T01:24:14+00:00\" \/>\n<meta property=\"og:image\" content=\"https:\/\/autorival.ro\/chevrolet\/wp-content\/uploads\/sites\/7\/2025\/05\/342672-1.jpg\" \/>\n\t<meta property=\"og:image:width\" content=\"600\" \/>\n\t<meta property=\"og:image:height\" content=\"288\" \/>\n\t<meta property=\"og:image:type\" content=\"image\/jpeg\" \/>\n<meta name=\"twitter:card\" content=\"summary_large_image\" \/>\n<meta name=\"twitter:title\" content=\"Etrier frana CHEVROLET LACETTI combi (J200) 1.8 benzina 121 cai BUDWEG CALIPER 342672 CHEVROLET | BUDWEG - Autorival\" \/>\n<meta name=\"twitter:description\" content=\"\u26a1 Etrier frana CHEVROLET LACETTI combi (J200) 1.8 benzina 121 cai BUDWEG CALIPER 342672 pentru CHEVROLET la doar 581 RON. \u2713 Cod: 342672 \u2713 Brand: BUDWEG \u2713 \u00cen stoc \u2713 Livrare 24h \u2713 Garan\u021bie!\" \/>\n<script type=\"application\/ld+json\" class=\"yoast-schema-graph\">{\"@context\":\"https:\\\/\\\/schema.org\",\"@graph\":[{\"@type\":\"WebPage\",\"@id\":\"https:\\\/\\\/autorival.ro\\\/chevrolet\\\/product\\\/etrier-frana-chevrolet-lacetti-combi-j200-1-8-benzina-121-cai-budweg-caliper-342672\\\/\",\"url\":\"https:\\\/\\\/autorival.ro\\\/chevrolet\\\/product\\\/etrier-frana-chevrolet-lacetti-combi-j200-1-8-benzina-121-cai-budweg-caliper-342672\\\/\",\"name\":\"Etrier frana CHEVROLET LACETTI combi (J200) 1.8 benzina 121 cai BUDWEG CALIPER 342672 CHEVROLET | BUDWEG - Autorival\",\"isPartOf\":{\"@id\":\"https:\\\/\\\/autorival.ro\\\/chevrolet\\\/#website\"},\"primaryImageOfPage\":{\"@id\":\"https:\\\/\\\/autorival.ro\\\/chevrolet\\\/product\\\/etrier-frana-chevrolet-lacetti-combi-j200-1-8-benzina-121-cai-budweg-caliper-342672\\\/#primaryimage\"},\"image\":{\"@id\":\"https:\\\/\\\/autorival.ro\\\/chevrolet\\\/product\\\/etrier-frana-chevrolet-lacetti-combi-j200-1-8-benzina-121-cai-budweg-caliper-342672\\\/#primaryimage\"},\"thumbnailUrl\":\"https:\\\/\\\/autorival.ro\\\/chevrolet\\\/wp-content\\\/uploads\\\/sites\\\/7\\\/2025\\\/05\\\/342672-1.jpg\",\"datePublished\":\"2025-05-03T01:24:09+00:00\",\"dateModified\":\"2025-05-03T01:24:14+00:00\",\"description\":\"\u26a1 Etrier frana CHEVROLET LACETTI combi (J200) 1.8 benzina 121 cai BUDWEG CALIPER 342672 pentru CHEVROLET la doar 581 RON. \u2713 Cod: 342672 \u2713 Brand: BUDWEG \u2713 \u00cen stoc \u2713 Livrare 24h \u2713 Garan\u021bie!\",\"breadcrumb\":{\"@id\":\"https:\\\/\\\/autorival.ro\\\/chevrolet\\\/product\\\/etrier-frana-chevrolet-lacetti-combi-j200-1-8-benzina-121-cai-budweg-caliper-342672\\\/#breadcrumb\"},\"inLanguage\":\"en-US\",\"potentialAction\":[{\"@type\":\"ReadAction\",\"target\":[\"https:\\\/\\\/autorival.ro\\\/chevrolet\\\/product\\\/etrier-frana-chevrolet-lacetti-combi-j200-1-8-benzina-121-cai-budweg-caliper-342672\\\/\"]}]},{\"@type\":\"ImageObject\",\"inLanguage\":\"en-US\",\"@id\":\"https:\\\/\\\/autorival.ro\\\/chevrolet\\\/product\\\/etrier-frana-chevrolet-lacetti-combi-j200-1-8-benzina-121-cai-budweg-caliper-342672\\\/#primaryimage\",\"url\":\"https:\\\/\\\/autorival.ro\\\/chevrolet\\\/wp-content\\\/uploads\\\/sites\\\/7\\\/2025\\\/05\\\/342672-1.jpg\",\"contentUrl\":\"https:\\\/\\\/autorival.ro\\\/chevrolet\\\/wp-content\\\/uploads\\\/sites\\\/7\\\/2025\\\/05\\\/342672-1.jpg\",\"width\":600,\"height\":288,\"caption\":\"Etrier frana CHEVROLET LACETTI combi (J200) 1.6 LPG Benzina\\\/Autogaz (GPL) 109 cai BUDWEG CALIPER 342672\"},{\"@type\":\"BreadcrumbList\",\"@id\":\"https:\\\/\\\/autorival.ro\\\/chevrolet\\\/product\\\/etrier-frana-chevrolet-lacetti-combi-j200-1-8-benzina-121-cai-budweg-caliper-342672\\\/#breadcrumb\",\"itemListElement\":[{\"@type\":\"ListItem\",\"position\":1,\"name\":\"Prima pagin\u0103\",\"item\":\"https:\\\/\\\/autorival.ro\\\/chevrolet\\\/\"},{\"@type\":\"ListItem\",\"position\":2,\"name\":\"Piese auto CHEVROLET\",\"item\":\"https:\\\/\\\/autorival.ro\\\/chevrolet\\\/\"},{\"@type\":\"ListItem\",\"position\":3,\"name\":\"Etrier frana CHEVROLET LACETTI combi (J200) 1.8 benzina 121 cai BUDWEG CALIPER 342672\"}]},{\"@type\":\"WebSite\",\"@id\":\"https:\\\/\\\/autorival.ro\\\/chevrolet\\\/#website\",\"url\":\"https:\\\/\\\/autorival.ro\\\/chevrolet\\\/\",\"name\":\"CHEVROLET\",\"description\":\"\",\"potentialAction\":[{\"@type\":\"SearchAction\",\"target\":{\"@type\":\"EntryPoint\",\"urlTemplate\":\"https:\\\/\\\/autorival.ro\\\/chevrolet\\\/?s={search_term_string}\"},\"query-input\":{\"@type\":\"PropertyValueSpecification\",\"valueRequired\":true,\"valueName\":\"search_term_string\"}}],\"inLanguage\":\"en-US\"}]}<\/script>\n<!-- \/ Yoast SEO plugin. -->","yoast_head_json":{"title":"Etrier frana CHEVROLET LACETTI combi (J200) 1.8 benzina 121 cai BUDWEG CALIPER 342672 CHEVROLET | BUDWEG - Autorival","description":"\u26a1 Etrier frana CHEVROLET LACETTI combi (J200) 1.8 benzina 121 cai BUDWEG CALIPER 342672 pentru CHEVROLET la doar 581 RON. \u2713 Cod: 342672 \u2713 Brand: BUDWEG \u2713 \u00cen stoc \u2713 Livrare 24h \u2713 Garan\u021bie!","robots":{"index":"index","follow":"follow","max-snippet":"max-snippet:-1","max-image-preview":"max-image-preview:large","max-video-preview":"max-video-preview:-1"},"og_locale":"en_US","og_type":"article","og_title":"Etrier frana CHEVROLET LACETTI combi (J200) 1.8 benzina 121 cai BUDWEG CALIPER 342672 CHEVROLET | BUDWEG - Autorival","og_description":"\u26a1 Etrier frana CHEVROLET LACETTI combi (J200) 1.8 benzina 121 cai BUDWEG CALIPER 342672 pentru CHEVROLET la doar 581 RON. \u2713 Cod: 342672 \u2713 Brand: BUDWEG \u2713 \u00cen stoc \u2713 Livrare 24h \u2713 Garan\u021bie!","og_url":"https:\/\/autorival.ro\/chevrolet\/product\/etrier-frana-chevrolet-lacetti-combi-j200-1-8-benzina-121-cai-budweg-caliper-342672\/","og_site_name":"CHEVROLET","article_modified_time":"2025-05-03T01:24:14+00:00","og_image":[{"width":600,"height":288,"url":"https:\/\/autorival.ro\/chevrolet\/wp-content\/uploads\/sites\/7\/2025\/05\/342672-1.jpg","type":"image\/jpeg"}],"twitter_card":"summary_large_image","twitter_title":"Etrier frana CHEVROLET LACETTI combi (J200) 1.8 benzina 121 cai BUDWEG CALIPER 342672 CHEVROLET | BUDWEG - Autorival","twitter_description":"\u26a1 Etrier frana CHEVROLET LACETTI combi (J200) 1.8 benzina 121 cai BUDWEG CALIPER 342672 pentru CHEVROLET la doar 581 RON. \u2713 Cod: 342672 \u2713 Brand: BUDWEG \u2713 \u00cen stoc \u2713 Livrare 24h \u2713 Garan\u021bie!","schema":{"@context":"https:\/\/schema.org","@graph":[{"@type":"WebPage","@id":"https:\/\/autorival.ro\/chevrolet\/product\/etrier-frana-chevrolet-lacetti-combi-j200-1-8-benzina-121-cai-budweg-caliper-342672\/","url":"https:\/\/autorival.ro\/chevrolet\/product\/etrier-frana-chevrolet-lacetti-combi-j200-1-8-benzina-121-cai-budweg-caliper-342672\/","name":"Etrier frana CHEVROLET LACETTI combi (J200) 1.8 benzina 121 cai BUDWEG CALIPER 342672 CHEVROLET | BUDWEG - Autorival","isPartOf":{"@id":"https:\/\/autorival.ro\/chevrolet\/#website"},"primaryImageOfPage":{"@id":"https:\/\/autorival.ro\/chevrolet\/product\/etrier-frana-chevrolet-lacetti-combi-j200-1-8-benzina-121-cai-budweg-caliper-342672\/#primaryimage"},"image":{"@id":"https:\/\/autorival.ro\/chevrolet\/product\/etrier-frana-chevrolet-lacetti-combi-j200-1-8-benzina-121-cai-budweg-caliper-342672\/#primaryimage"},"thumbnailUrl":"https:\/\/autorival.ro\/chevrolet\/wp-content\/uploads\/sites\/7\/2025\/05\/342672-1.jpg","datePublished":"2025-05-03T01:24:09+00:00","dateModified":"2025-05-03T01:24:14+00:00","description":"\u26a1 Etrier frana CHEVROLET LACETTI combi (J200) 1.8 benzina 121 cai BUDWEG CALIPER 342672 pentru CHEVROLET la doar 581 RON. \u2713 Cod: 342672 \u2713 Brand: BUDWEG \u2713 \u00cen stoc \u2713 Livrare 24h \u2713 Garan\u021bie!","breadcrumb":{"@id":"https:\/\/autorival.ro\/chevrolet\/product\/etrier-frana-chevrolet-lacetti-combi-j200-1-8-benzina-121-cai-budweg-caliper-342672\/#breadcrumb"},"inLanguage":"en-US","potentialAction":[{"@type":"ReadAction","target":["https:\/\/autorival.ro\/chevrolet\/product\/etrier-frana-chevrolet-lacetti-combi-j200-1-8-benzina-121-cai-budweg-caliper-342672\/"]}]},{"@type":"ImageObject","inLanguage":"en-US","@id":"https:\/\/autorival.ro\/chevrolet\/product\/etrier-frana-chevrolet-lacetti-combi-j200-1-8-benzina-121-cai-budweg-caliper-342672\/#primaryimage","url":"https:\/\/autorival.ro\/chevrolet\/wp-content\/uploads\/sites\/7\/2025\/05\/342672-1.jpg","contentUrl":"https:\/\/autorival.ro\/chevrolet\/wp-content\/uploads\/sites\/7\/2025\/05\/342672-1.jpg","width":600,"height":288,"caption":"Etrier frana CHEVROLET LACETTI combi (J200) 1.6 LPG Benzina\/Autogaz (GPL) 109 cai BUDWEG CALIPER 342672"},{"@type":"BreadcrumbList","@id":"https:\/\/autorival.ro\/chevrolet\/product\/etrier-frana-chevrolet-lacetti-combi-j200-1-8-benzina-121-cai-budweg-caliper-342672\/#breadcrumb","itemListElement":[{"@type":"ListItem","position":1,"name":"Prima pagin\u0103","item":"https:\/\/autorival.ro\/chevrolet\/"},{"@type":"ListItem","position":2,"name":"Piese auto CHEVROLET","item":"https:\/\/autorival.ro\/chevrolet\/"},{"@type":"ListItem","position":3,"name":"Etrier frana CHEVROLET LACETTI combi (J200) 1.8 benzina 121 cai BUDWEG CALIPER 342672"}]},{"@type":"WebSite","@id":"https:\/\/autorival.ro\/chevrolet\/#website","url":"https:\/\/autorival.ro\/chevrolet\/","name":"CHEVROLET","description":"","potentialAction":[{"@type":"SearchAction","target":{"@type":"EntryPoint","urlTemplate":"https:\/\/autorival.ro\/chevrolet\/?s={search_term_string}"},"query-input":{"@type":"PropertyValueSpecification","valueRequired":true,"valueName":"search_term_string"}}],"inLanguage":"en-US"}]}},"_links":{"self":[{"href":"https:\/\/autorival.ro\/chevrolet\/wp-json\/wp\/v2\/product\/190051","targetHints":{"allow":["GET"]}}],"collection":[{"href":"https:\/\/autorival.ro\/chevrolet\/wp-json\/wp\/v2\/product"}],"about":[{"href":"https:\/\/autorival.ro\/chevrolet\/wp-json\/wp\/v2\/types\/product"}],"replies":[{"embeddable":true,"href":"https:\/\/autorival.ro\/chevrolet\/wp-json\/wp\/v2\/comments?post=190051"}],"wp:featuredmedia":[{"embeddable":true,"href":"https:\/\/autorival.ro\/chevrolet\/wp-json\/wp\/v2\/media\/189971"}],"wp:attachment":[{"href":"https:\/\/autorival.ro\/chevrolet\/wp-json\/wp\/v2\/media?parent=190051"}],"wp:term":[{"taxonomy":"product_brand","embeddable":true,"href":"https:\/\/autorival.ro\/chevrolet\/wp-json\/wp\/v2\/product_brand?post=190051"},{"taxonomy":"product_cat","embeddable":true,"href":"https:\/\/autorival.ro\/chevrolet\/wp-json\/wp\/v2\/product_cat?post=190051"},{"taxonomy":"product_tag","embeddable":true,"href":"https:\/\/autorival.ro\/chevrolet\/wp-json\/wp\/v2\/product_tag?post=190051"}],"curies":[{"name":"wp","href":"https:\/\/api.w.org\/{rel}","templated":true}]}}