{"id":189898,"date":"2025-05-03T01:22:23","date_gmt":"2025-05-03T01:22:23","guid":{"rendered":"https:\/\/autorival.ro\/chevrolet\/product\/etrier-frana-chevrolet-lacetti-j200-1-8-benzina-122-cai-abs-726171\/"},"modified":"2025-05-03T01:22:24","modified_gmt":"2025-05-03T01:22:24","slug":"etrier-frana-chevrolet-lacetti-j200-1-8-benzina-122-cai-abs-726171","status":"publish","type":"product","link":"https:\/\/autorival.ro\/chevrolet\/product\/etrier-frana-chevrolet-lacetti-j200-1-8-benzina-122-cai-abs-726171\/","title":{"rendered":"Etrier frana CHEVROLET LACETTI (J200) 1.8 benzina 122 cai ABS 726171"},"content":{"rendered":"<p>Partea de montare: Axa spate stanga ->Diametrul pistonului [mm]: 32Sistem de fr\u00e2nare: DACNumar articol par: 726172 ->Greutate [kg]: 1,22Material: FontaTip etrier fr\u00e2na: Etrier de fr\u00e2n\u0103 (1 piston)Nr. de cuplaje: 1Distanta dintre gaurile de fixare [mm]: 126pentru grosime disc frana [mm]: 10<\/p>\n","protected":false},"excerpt":{"rendered":"<p>Producator: ABS Cod producator: 726171<\/p>\n","protected":false},"featured_media":130063,"comment_status":"open","ping_status":"closed","template":"","meta":[],"product_brand":[11049],"product_cat":[61335],"product_tag":[72320,72525,72279,72618,72649,72319],"class_list":{"0":"post-189898","1":"product","2":"type-product","3":"status-publish","4":"has-post-thumbnail","6":"product_brand-abs","7":"product_cat-etrier-frana-j200-1-8-benzina-122-3","8":"product_tag-j200","9":"product_tag-abs","10":"product_tag-chevrolet","11":"product_tag-etrier","12":"product_tag-frana","13":"product_tag-lacetti","15":"first","16":"instock","17":"shipping-taxable","18":"purchasable","19":"product-type-simple"},"yoast_head":"<!-- This site is optimized with the Yoast SEO plugin v27.3 - https:\/\/yoast.com\/product\/yoast-seo-wordpress\/ -->\n<title>Etrier frana CHEVROLET LACETTI (J200) 1.8 benzina 122 cai ABS 726171 CHEVROLET | ABS - Autorival<\/title>\n<meta name=\"description\" content=\"\u26a1 Etrier frana CHEVROLET LACETTI (J200) 1.8 benzina 122 cai ABS 726171 pentru CHEVROLET la doar 238.09 RON. \u2713 Cod: 726171 \u2713 Brand: ABS \u2713 \u00cen stoc \u2713 Livrare 24h \u2713 Garan\u021bie!\" \/>\n<meta name=\"robots\" content=\"index, follow, max-snippet:-1, max-image-preview:large, max-video-preview:-1\" \/>\n<meta property=\"og:locale\" content=\"en_US\" \/>\n<meta property=\"og:type\" content=\"article\" \/>\n<meta property=\"og:title\" content=\"Etrier frana CHEVROLET LACETTI (J200) 1.8 benzina 122 cai ABS 726171 CHEVROLET | ABS - Autorival\" \/>\n<meta property=\"og:description\" content=\"\u26a1 Etrier frana CHEVROLET LACETTI (J200) 1.8 benzina 122 cai ABS 726171 pentru CHEVROLET la doar 238.09 RON. \u2713 Cod: 726171 \u2713 Brand: ABS \u2713 \u00cen stoc \u2713 Livrare 24h \u2713 Garan\u021bie!\" \/>\n<meta property=\"og:url\" content=\"https:\/\/autorival.ro\/chevrolet\/product\/etrier-frana-chevrolet-lacetti-j200-1-8-benzina-122-cai-abs-726171\/\" \/>\n<meta property=\"og:site_name\" content=\"CHEVROLET\" \/>\n<meta property=\"article:modified_time\" content=\"2025-05-03T01:22:24+00:00\" \/>\n<meta property=\"og:image\" content=\"https:\/\/autorival.ro\/chevrolet\/wp-content\/uploads\/sites\/7\/2025\/05\/726171.jpg\" \/>\n\t<meta property=\"og:image:width\" content=\"600\" \/>\n\t<meta property=\"og:image:height\" content=\"379\" \/>\n\t<meta property=\"og:image:type\" content=\"image\/jpeg\" \/>\n<meta name=\"twitter:card\" content=\"summary_large_image\" \/>\n<meta name=\"twitter:title\" content=\"Etrier frana CHEVROLET LACETTI (J200) 1.8 benzina 122 cai ABS 726171 CHEVROLET | ABS - Autorival\" \/>\n<meta name=\"twitter:description\" content=\"\u26a1 Etrier frana CHEVROLET LACETTI (J200) 1.8 benzina 122 cai ABS 726171 pentru CHEVROLET la doar 238.09 RON. \u2713 Cod: 726171 \u2713 Brand: ABS \u2713 \u00cen stoc \u2713 Livrare 24h \u2713 Garan\u021bie!\" \/>\n<script type=\"application\/ld+json\" class=\"yoast-schema-graph\">{\"@context\":\"https:\\\/\\\/schema.org\",\"@graph\":[{\"@type\":\"WebPage\",\"@id\":\"https:\\\/\\\/autorival.ro\\\/chevrolet\\\/product\\\/etrier-frana-chevrolet-lacetti-j200-1-8-benzina-122-cai-abs-726171\\\/\",\"url\":\"https:\\\/\\\/autorival.ro\\\/chevrolet\\\/product\\\/etrier-frana-chevrolet-lacetti-j200-1-8-benzina-122-cai-abs-726171\\\/\",\"name\":\"Etrier frana CHEVROLET LACETTI (J200) 1.8 benzina 122 cai ABS 726171 CHEVROLET | ABS - Autorival\",\"isPartOf\":{\"@id\":\"https:\\\/\\\/autorival.ro\\\/chevrolet\\\/#website\"},\"primaryImageOfPage\":{\"@id\":\"https:\\\/\\\/autorival.ro\\\/chevrolet\\\/product\\\/etrier-frana-chevrolet-lacetti-j200-1-8-benzina-122-cai-abs-726171\\\/#primaryimage\"},\"image\":{\"@id\":\"https:\\\/\\\/autorival.ro\\\/chevrolet\\\/product\\\/etrier-frana-chevrolet-lacetti-j200-1-8-benzina-122-cai-abs-726171\\\/#primaryimage\"},\"thumbnailUrl\":\"https:\\\/\\\/autorival.ro\\\/chevrolet\\\/wp-content\\\/uploads\\\/sites\\\/7\\\/2025\\\/05\\\/726171.jpg\",\"datePublished\":\"2025-05-03T01:22:23+00:00\",\"dateModified\":\"2025-05-03T01:22:24+00:00\",\"description\":\"\u26a1 Etrier frana CHEVROLET LACETTI (J200) 1.8 benzina 122 cai ABS 726171 pentru CHEVROLET la doar 238.09 RON. \u2713 Cod: 726171 \u2713 Brand: ABS \u2713 \u00cen stoc \u2713 Livrare 24h \u2713 Garan\u021bie!\",\"breadcrumb\":{\"@id\":\"https:\\\/\\\/autorival.ro\\\/chevrolet\\\/product\\\/etrier-frana-chevrolet-lacetti-j200-1-8-benzina-122-cai-abs-726171\\\/#breadcrumb\"},\"inLanguage\":\"en-US\",\"potentialAction\":[{\"@type\":\"ReadAction\",\"target\":[\"https:\\\/\\\/autorival.ro\\\/chevrolet\\\/product\\\/etrier-frana-chevrolet-lacetti-j200-1-8-benzina-122-cai-abs-726171\\\/\"]}]},{\"@type\":\"ImageObject\",\"inLanguage\":\"en-US\",\"@id\":\"https:\\\/\\\/autorival.ro\\\/chevrolet\\\/product\\\/etrier-frana-chevrolet-lacetti-j200-1-8-benzina-122-cai-abs-726171\\\/#primaryimage\",\"url\":\"https:\\\/\\\/autorival.ro\\\/chevrolet\\\/wp-content\\\/uploads\\\/sites\\\/7\\\/2025\\\/05\\\/726171.jpg\",\"contentUrl\":\"https:\\\/\\\/autorival.ro\\\/chevrolet\\\/wp-content\\\/uploads\\\/sites\\\/7\\\/2025\\\/05\\\/726171.jpg\",\"width\":600,\"height\":379},{\"@type\":\"BreadcrumbList\",\"@id\":\"https:\\\/\\\/autorival.ro\\\/chevrolet\\\/product\\\/etrier-frana-chevrolet-lacetti-j200-1-8-benzina-122-cai-abs-726171\\\/#breadcrumb\",\"itemListElement\":[{\"@type\":\"ListItem\",\"position\":1,\"name\":\"Prima pagin\u0103\",\"item\":\"https:\\\/\\\/autorival.ro\\\/chevrolet\\\/\"},{\"@type\":\"ListItem\",\"position\":2,\"name\":\"Piese auto CHEVROLET\",\"item\":\"https:\\\/\\\/autorival.ro\\\/chevrolet\\\/\"},{\"@type\":\"ListItem\",\"position\":3,\"name\":\"Etrier frana CHEVROLET LACETTI (J200) 1.8 benzina 122 cai ABS 726171\"}]},{\"@type\":\"WebSite\",\"@id\":\"https:\\\/\\\/autorival.ro\\\/chevrolet\\\/#website\",\"url\":\"https:\\\/\\\/autorival.ro\\\/chevrolet\\\/\",\"name\":\"CHEVROLET\",\"description\":\"\",\"potentialAction\":[{\"@type\":\"SearchAction\",\"target\":{\"@type\":\"EntryPoint\",\"urlTemplate\":\"https:\\\/\\\/autorival.ro\\\/chevrolet\\\/?s={search_term_string}\"},\"query-input\":{\"@type\":\"PropertyValueSpecification\",\"valueRequired\":true,\"valueName\":\"search_term_string\"}}],\"inLanguage\":\"en-US\"}]}<\/script>\n<!-- \/ Yoast SEO plugin. -->","yoast_head_json":{"title":"Etrier frana CHEVROLET LACETTI (J200) 1.8 benzina 122 cai ABS 726171 CHEVROLET | ABS - Autorival","description":"\u26a1 Etrier frana CHEVROLET LACETTI (J200) 1.8 benzina 122 cai ABS 726171 pentru CHEVROLET la doar 238.09 RON. \u2713 Cod: 726171 \u2713 Brand: ABS \u2713 \u00cen stoc \u2713 Livrare 24h \u2713 Garan\u021bie!","robots":{"index":"index","follow":"follow","max-snippet":"max-snippet:-1","max-image-preview":"max-image-preview:large","max-video-preview":"max-video-preview:-1"},"og_locale":"en_US","og_type":"article","og_title":"Etrier frana CHEVROLET LACETTI (J200) 1.8 benzina 122 cai ABS 726171 CHEVROLET | ABS - Autorival","og_description":"\u26a1 Etrier frana CHEVROLET LACETTI (J200) 1.8 benzina 122 cai ABS 726171 pentru CHEVROLET la doar 238.09 RON. \u2713 Cod: 726171 \u2713 Brand: ABS \u2713 \u00cen stoc \u2713 Livrare 24h \u2713 Garan\u021bie!","og_url":"https:\/\/autorival.ro\/chevrolet\/product\/etrier-frana-chevrolet-lacetti-j200-1-8-benzina-122-cai-abs-726171\/","og_site_name":"CHEVROLET","article_modified_time":"2025-05-03T01:22:24+00:00","og_image":[{"width":600,"height":379,"url":"https:\/\/autorival.ro\/chevrolet\/wp-content\/uploads\/sites\/7\/2025\/05\/726171.jpg","type":"image\/jpeg"}],"twitter_card":"summary_large_image","twitter_title":"Etrier frana CHEVROLET LACETTI (J200) 1.8 benzina 122 cai ABS 726171 CHEVROLET | ABS - Autorival","twitter_description":"\u26a1 Etrier frana CHEVROLET LACETTI (J200) 1.8 benzina 122 cai ABS 726171 pentru CHEVROLET la doar 238.09 RON. \u2713 Cod: 726171 \u2713 Brand: ABS \u2713 \u00cen stoc \u2713 Livrare 24h \u2713 Garan\u021bie!","schema":{"@context":"https:\/\/schema.org","@graph":[{"@type":"WebPage","@id":"https:\/\/autorival.ro\/chevrolet\/product\/etrier-frana-chevrolet-lacetti-j200-1-8-benzina-122-cai-abs-726171\/","url":"https:\/\/autorival.ro\/chevrolet\/product\/etrier-frana-chevrolet-lacetti-j200-1-8-benzina-122-cai-abs-726171\/","name":"Etrier frana CHEVROLET LACETTI (J200) 1.8 benzina 122 cai ABS 726171 CHEVROLET | ABS - Autorival","isPartOf":{"@id":"https:\/\/autorival.ro\/chevrolet\/#website"},"primaryImageOfPage":{"@id":"https:\/\/autorival.ro\/chevrolet\/product\/etrier-frana-chevrolet-lacetti-j200-1-8-benzina-122-cai-abs-726171\/#primaryimage"},"image":{"@id":"https:\/\/autorival.ro\/chevrolet\/product\/etrier-frana-chevrolet-lacetti-j200-1-8-benzina-122-cai-abs-726171\/#primaryimage"},"thumbnailUrl":"https:\/\/autorival.ro\/chevrolet\/wp-content\/uploads\/sites\/7\/2025\/05\/726171.jpg","datePublished":"2025-05-03T01:22:23+00:00","dateModified":"2025-05-03T01:22:24+00:00","description":"\u26a1 Etrier frana CHEVROLET LACETTI (J200) 1.8 benzina 122 cai ABS 726171 pentru CHEVROLET la doar 238.09 RON. \u2713 Cod: 726171 \u2713 Brand: ABS \u2713 \u00cen stoc \u2713 Livrare 24h \u2713 Garan\u021bie!","breadcrumb":{"@id":"https:\/\/autorival.ro\/chevrolet\/product\/etrier-frana-chevrolet-lacetti-j200-1-8-benzina-122-cai-abs-726171\/#breadcrumb"},"inLanguage":"en-US","potentialAction":[{"@type":"ReadAction","target":["https:\/\/autorival.ro\/chevrolet\/product\/etrier-frana-chevrolet-lacetti-j200-1-8-benzina-122-cai-abs-726171\/"]}]},{"@type":"ImageObject","inLanguage":"en-US","@id":"https:\/\/autorival.ro\/chevrolet\/product\/etrier-frana-chevrolet-lacetti-j200-1-8-benzina-122-cai-abs-726171\/#primaryimage","url":"https:\/\/autorival.ro\/chevrolet\/wp-content\/uploads\/sites\/7\/2025\/05\/726171.jpg","contentUrl":"https:\/\/autorival.ro\/chevrolet\/wp-content\/uploads\/sites\/7\/2025\/05\/726171.jpg","width":600,"height":379},{"@type":"BreadcrumbList","@id":"https:\/\/autorival.ro\/chevrolet\/product\/etrier-frana-chevrolet-lacetti-j200-1-8-benzina-122-cai-abs-726171\/#breadcrumb","itemListElement":[{"@type":"ListItem","position":1,"name":"Prima pagin\u0103","item":"https:\/\/autorival.ro\/chevrolet\/"},{"@type":"ListItem","position":2,"name":"Piese auto CHEVROLET","item":"https:\/\/autorival.ro\/chevrolet\/"},{"@type":"ListItem","position":3,"name":"Etrier frana CHEVROLET LACETTI (J200) 1.8 benzina 122 cai ABS 726171"}]},{"@type":"WebSite","@id":"https:\/\/autorival.ro\/chevrolet\/#website","url":"https:\/\/autorival.ro\/chevrolet\/","name":"CHEVROLET","description":"","potentialAction":[{"@type":"SearchAction","target":{"@type":"EntryPoint","urlTemplate":"https:\/\/autorival.ro\/chevrolet\/?s={search_term_string}"},"query-input":{"@type":"PropertyValueSpecification","valueRequired":true,"valueName":"search_term_string"}}],"inLanguage":"en-US"}]}},"_links":{"self":[{"href":"https:\/\/autorival.ro\/chevrolet\/wp-json\/wp\/v2\/product\/189898","targetHints":{"allow":["GET"]}}],"collection":[{"href":"https:\/\/autorival.ro\/chevrolet\/wp-json\/wp\/v2\/product"}],"about":[{"href":"https:\/\/autorival.ro\/chevrolet\/wp-json\/wp\/v2\/types\/product"}],"replies":[{"embeddable":true,"href":"https:\/\/autorival.ro\/chevrolet\/wp-json\/wp\/v2\/comments?post=189898"}],"wp:featuredmedia":[{"embeddable":true,"href":"https:\/\/autorival.ro\/chevrolet\/wp-json\/wp\/v2\/media\/130063"}],"wp:attachment":[{"href":"https:\/\/autorival.ro\/chevrolet\/wp-json\/wp\/v2\/media?parent=189898"}],"wp:term":[{"taxonomy":"product_brand","embeddable":true,"href":"https:\/\/autorival.ro\/chevrolet\/wp-json\/wp\/v2\/product_brand?post=189898"},{"taxonomy":"product_cat","embeddable":true,"href":"https:\/\/autorival.ro\/chevrolet\/wp-json\/wp\/v2\/product_cat?post=189898"},{"taxonomy":"product_tag","embeddable":true,"href":"https:\/\/autorival.ro\/chevrolet\/wp-json\/wp\/v2\/product_tag?post=189898"}],"curies":[{"name":"wp","href":"https:\/\/api.w.org\/{rel}","templated":true}]}}