{"id":189775,"date":"2025-05-03T01:20:15","date_gmt":"2025-05-03T01:20:15","guid":{"rendered":"https:\/\/autorival.ro\/chevrolet\/product\/etrier-frana-chevrolet-cruze-hatchback-j305-1-8-benzina-141-cai-optimal-bc-1143l\/"},"modified":"2025-05-03T01:20:16","modified_gmt":"2025-05-03T01:20:16","slug":"etrier-frana-chevrolet-cruze-hatchback-j305-1-8-benzina-141-cai-optimal-bc-1143l","status":"publish","type":"product","link":"https:\/\/autorival.ro\/chevrolet\/product\/etrier-frana-chevrolet-cruze-hatchback-j305-1-8-benzina-141-cai-optimal-bc-1143l\/","title":{"rendered":"Etrier frana CHEVROLET CRUZE hatchback (J305) 1.8 benzina 141 cai OPTIMAL BC-1143L"},"content":{"rendered":"<p> ->Dimensiune frane: 15&#8243;Partea de montare: Axa fata stangaRestrictiile producatorului: BOSCHTip disc fr\u00e2na: ventilatTip etrier fr\u00e2na: etrier flotant, Etrier de fr\u00e2n\u0103 (1 piston)Material: FontaArticol extins\/Informatii de extindere: cu acceasoriiArticol completare\/Info suplimentar 2: fara cadru de fixarepentru grosime disc frana [mm]: 26pentru diametru disc frana [mm]: 276Numar articol par: BC-1143RCalitate: Remanufactured ->Diametru piston [mm]: 60<\/p>\n","protected":false},"excerpt":{"rendered":"<p>Producator: OPTIMAL Cod producator: BC-1143L<\/p>\n","protected":false},"featured_media":66457,"comment_status":"open","ping_status":"closed","template":"","meta":[],"product_brand":[11059],"product_cat":[61326],"product_tag":[72652,72279,72287,72618,72649,72370],"class_list":{"0":"post-189775","1":"product","2":"type-product","3":"status-publish","4":"has-post-thumbnail","6":"product_brand-optimal","7":"product_cat-etrier-frana-hatchback-j305-1-8-benzina-141-4","8":"product_tag-bc","9":"product_tag-chevrolet","10":"product_tag-cruze","11":"product_tag-etrier","12":"product_tag-frana","13":"product_tag-optimal","15":"first","16":"instock","17":"shipping-taxable","18":"purchasable","19":"product-type-simple"},"yoast_head":"<!-- This site is optimized with the Yoast SEO plugin v27.3 - https:\/\/yoast.com\/product\/yoast-seo-wordpress\/ -->\n<title>Etrier frana CHEVROLET CRUZE hatchback (J305) 1.8 benzina 141 cai OPTIMAL BC-1143L CHEVROLET | OPTIMAL - Autorival<\/title>\n<meta name=\"description\" content=\"\u26a1 Etrier frana CHEVROLET CRUZE hatchback (J305) 1.8 benzina 141 cai OPTIMAL BC-1143L pentru CHEVROLET la doar 395 RON. \u2713 Cod: BC-1143L \u2713 Brand: OPTIMAL \u2713 \u00cen stoc \u2713 Livrare 24h \u2713 Garan\u021bie!\" \/>\n<meta name=\"robots\" content=\"index, follow, max-snippet:-1, max-image-preview:large, max-video-preview:-1\" \/>\n<meta property=\"og:locale\" content=\"en_US\" \/>\n<meta property=\"og:type\" content=\"article\" \/>\n<meta property=\"og:title\" content=\"Etrier frana CHEVROLET CRUZE hatchback (J305) 1.8 benzina 141 cai OPTIMAL BC-1143L CHEVROLET | OPTIMAL - Autorival\" \/>\n<meta property=\"og:description\" content=\"\u26a1 Etrier frana CHEVROLET CRUZE hatchback (J305) 1.8 benzina 141 cai OPTIMAL BC-1143L pentru CHEVROLET la doar 395 RON. \u2713 Cod: BC-1143L \u2713 Brand: OPTIMAL \u2713 \u00cen stoc \u2713 Livrare 24h \u2713 Garan\u021bie!\" \/>\n<meta property=\"og:url\" content=\"https:\/\/autorival.ro\/chevrolet\/product\/etrier-frana-chevrolet-cruze-hatchback-j305-1-8-benzina-141-cai-optimal-bc-1143l\/\" \/>\n<meta property=\"og:site_name\" content=\"CHEVROLET\" \/>\n<meta property=\"article:modified_time\" content=\"2025-05-03T01:20:16+00:00\" \/>\n<meta property=\"og:image\" content=\"https:\/\/autorival.ro\/chevrolet\/wp-content\/uploads\/sites\/7\/2025\/04\/opt_bc-1143l_wm_01-2.jpg\" \/>\n\t<meta property=\"og:image:width\" content=\"1000\" \/>\n\t<meta property=\"og:image:height\" content=\"1000\" \/>\n\t<meta property=\"og:image:type\" content=\"image\/jpeg\" \/>\n<meta name=\"twitter:card\" content=\"summary_large_image\" \/>\n<meta name=\"twitter:title\" content=\"Etrier frana CHEVROLET CRUZE hatchback (J305) 1.8 benzina 141 cai OPTIMAL BC-1143L CHEVROLET | OPTIMAL - Autorival\" \/>\n<meta name=\"twitter:description\" content=\"\u26a1 Etrier frana CHEVROLET CRUZE hatchback (J305) 1.8 benzina 141 cai OPTIMAL BC-1143L pentru CHEVROLET la doar 395 RON. \u2713 Cod: BC-1143L \u2713 Brand: OPTIMAL \u2713 \u00cen stoc \u2713 Livrare 24h \u2713 Garan\u021bie!\" \/>\n<script type=\"application\/ld+json\" class=\"yoast-schema-graph\">{\"@context\":\"https:\\\/\\\/schema.org\",\"@graph\":[{\"@type\":\"WebPage\",\"@id\":\"https:\\\/\\\/autorival.ro\\\/chevrolet\\\/product\\\/etrier-frana-chevrolet-cruze-hatchback-j305-1-8-benzina-141-cai-optimal-bc-1143l\\\/\",\"url\":\"https:\\\/\\\/autorival.ro\\\/chevrolet\\\/product\\\/etrier-frana-chevrolet-cruze-hatchback-j305-1-8-benzina-141-cai-optimal-bc-1143l\\\/\",\"name\":\"Etrier frana CHEVROLET CRUZE hatchback (J305) 1.8 benzina 141 cai OPTIMAL BC-1143L CHEVROLET | OPTIMAL - Autorival\",\"isPartOf\":{\"@id\":\"https:\\\/\\\/autorival.ro\\\/chevrolet\\\/#website\"},\"primaryImageOfPage\":{\"@id\":\"https:\\\/\\\/autorival.ro\\\/chevrolet\\\/product\\\/etrier-frana-chevrolet-cruze-hatchback-j305-1-8-benzina-141-cai-optimal-bc-1143l\\\/#primaryimage\"},\"image\":{\"@id\":\"https:\\\/\\\/autorival.ro\\\/chevrolet\\\/product\\\/etrier-frana-chevrolet-cruze-hatchback-j305-1-8-benzina-141-cai-optimal-bc-1143l\\\/#primaryimage\"},\"thumbnailUrl\":\"https:\\\/\\\/autorival.ro\\\/chevrolet\\\/wp-content\\\/uploads\\\/sites\\\/7\\\/2025\\\/04\\\/opt_bc-1143l_wm_01-2.jpg\",\"datePublished\":\"2025-05-03T01:20:15+00:00\",\"dateModified\":\"2025-05-03T01:20:16+00:00\",\"description\":\"\u26a1 Etrier frana CHEVROLET CRUZE hatchback (J305) 1.8 benzina 141 cai OPTIMAL BC-1143L pentru CHEVROLET la doar 395 RON. \u2713 Cod: BC-1143L \u2713 Brand: OPTIMAL \u2713 \u00cen stoc \u2713 Livrare 24h \u2713 Garan\u021bie!\",\"breadcrumb\":{\"@id\":\"https:\\\/\\\/autorival.ro\\\/chevrolet\\\/product\\\/etrier-frana-chevrolet-cruze-hatchback-j305-1-8-benzina-141-cai-optimal-bc-1143l\\\/#breadcrumb\"},\"inLanguage\":\"en-US\",\"potentialAction\":[{\"@type\":\"ReadAction\",\"target\":[\"https:\\\/\\\/autorival.ro\\\/chevrolet\\\/product\\\/etrier-frana-chevrolet-cruze-hatchback-j305-1-8-benzina-141-cai-optimal-bc-1143l\\\/\"]}]},{\"@type\":\"ImageObject\",\"inLanguage\":\"en-US\",\"@id\":\"https:\\\/\\\/autorival.ro\\\/chevrolet\\\/product\\\/etrier-frana-chevrolet-cruze-hatchback-j305-1-8-benzina-141-cai-optimal-bc-1143l\\\/#primaryimage\",\"url\":\"https:\\\/\\\/autorival.ro\\\/chevrolet\\\/wp-content\\\/uploads\\\/sites\\\/7\\\/2025\\\/04\\\/opt_bc-1143l_wm_01-2.jpg\",\"contentUrl\":\"https:\\\/\\\/autorival.ro\\\/chevrolet\\\/wp-content\\\/uploads\\\/sites\\\/7\\\/2025\\\/04\\\/opt_bc-1143l_wm_01-2.jpg\",\"width\":1000,\"height\":1000,\"caption\":\"Etrier frana -> CHEVROLET CRUZE hatchback (J305) 1.8 benzina 141 cai -> OPTIMAL BC-1143L\"},{\"@type\":\"BreadcrumbList\",\"@id\":\"https:\\\/\\\/autorival.ro\\\/chevrolet\\\/product\\\/etrier-frana-chevrolet-cruze-hatchback-j305-1-8-benzina-141-cai-optimal-bc-1143l\\\/#breadcrumb\",\"itemListElement\":[{\"@type\":\"ListItem\",\"position\":1,\"name\":\"Prima pagin\u0103\",\"item\":\"https:\\\/\\\/autorival.ro\\\/chevrolet\\\/\"},{\"@type\":\"ListItem\",\"position\":2,\"name\":\"Piese auto CHEVROLET\",\"item\":\"https:\\\/\\\/autorival.ro\\\/chevrolet\\\/\"},{\"@type\":\"ListItem\",\"position\":3,\"name\":\"Etrier frana CHEVROLET CRUZE hatchback (J305) 1.8 benzina 141 cai OPTIMAL BC-1143L\"}]},{\"@type\":\"WebSite\",\"@id\":\"https:\\\/\\\/autorival.ro\\\/chevrolet\\\/#website\",\"url\":\"https:\\\/\\\/autorival.ro\\\/chevrolet\\\/\",\"name\":\"CHEVROLET\",\"description\":\"\",\"potentialAction\":[{\"@type\":\"SearchAction\",\"target\":{\"@type\":\"EntryPoint\",\"urlTemplate\":\"https:\\\/\\\/autorival.ro\\\/chevrolet\\\/?s={search_term_string}\"},\"query-input\":{\"@type\":\"PropertyValueSpecification\",\"valueRequired\":true,\"valueName\":\"search_term_string\"}}],\"inLanguage\":\"en-US\"}]}<\/script>\n<!-- \/ Yoast SEO plugin. -->","yoast_head_json":{"title":"Etrier frana CHEVROLET CRUZE hatchback (J305) 1.8 benzina 141 cai OPTIMAL BC-1143L CHEVROLET | OPTIMAL - Autorival","description":"\u26a1 Etrier frana CHEVROLET CRUZE hatchback (J305) 1.8 benzina 141 cai OPTIMAL BC-1143L pentru CHEVROLET la doar 395 RON. \u2713 Cod: BC-1143L \u2713 Brand: OPTIMAL \u2713 \u00cen stoc \u2713 Livrare 24h \u2713 Garan\u021bie!","robots":{"index":"index","follow":"follow","max-snippet":"max-snippet:-1","max-image-preview":"max-image-preview:large","max-video-preview":"max-video-preview:-1"},"og_locale":"en_US","og_type":"article","og_title":"Etrier frana CHEVROLET CRUZE hatchback (J305) 1.8 benzina 141 cai OPTIMAL BC-1143L CHEVROLET | OPTIMAL - Autorival","og_description":"\u26a1 Etrier frana CHEVROLET CRUZE hatchback (J305) 1.8 benzina 141 cai OPTIMAL BC-1143L pentru CHEVROLET la doar 395 RON. \u2713 Cod: BC-1143L \u2713 Brand: OPTIMAL \u2713 \u00cen stoc \u2713 Livrare 24h \u2713 Garan\u021bie!","og_url":"https:\/\/autorival.ro\/chevrolet\/product\/etrier-frana-chevrolet-cruze-hatchback-j305-1-8-benzina-141-cai-optimal-bc-1143l\/","og_site_name":"CHEVROLET","article_modified_time":"2025-05-03T01:20:16+00:00","og_image":[{"width":1000,"height":1000,"url":"https:\/\/autorival.ro\/chevrolet\/wp-content\/uploads\/sites\/7\/2025\/04\/opt_bc-1143l_wm_01-2.jpg","type":"image\/jpeg"}],"twitter_card":"summary_large_image","twitter_title":"Etrier frana CHEVROLET CRUZE hatchback (J305) 1.8 benzina 141 cai OPTIMAL BC-1143L CHEVROLET | OPTIMAL - Autorival","twitter_description":"\u26a1 Etrier frana CHEVROLET CRUZE hatchback (J305) 1.8 benzina 141 cai OPTIMAL BC-1143L pentru CHEVROLET la doar 395 RON. \u2713 Cod: BC-1143L \u2713 Brand: OPTIMAL \u2713 \u00cen stoc \u2713 Livrare 24h \u2713 Garan\u021bie!","schema":{"@context":"https:\/\/schema.org","@graph":[{"@type":"WebPage","@id":"https:\/\/autorival.ro\/chevrolet\/product\/etrier-frana-chevrolet-cruze-hatchback-j305-1-8-benzina-141-cai-optimal-bc-1143l\/","url":"https:\/\/autorival.ro\/chevrolet\/product\/etrier-frana-chevrolet-cruze-hatchback-j305-1-8-benzina-141-cai-optimal-bc-1143l\/","name":"Etrier frana CHEVROLET CRUZE hatchback (J305) 1.8 benzina 141 cai OPTIMAL BC-1143L CHEVROLET | OPTIMAL - Autorival","isPartOf":{"@id":"https:\/\/autorival.ro\/chevrolet\/#website"},"primaryImageOfPage":{"@id":"https:\/\/autorival.ro\/chevrolet\/product\/etrier-frana-chevrolet-cruze-hatchback-j305-1-8-benzina-141-cai-optimal-bc-1143l\/#primaryimage"},"image":{"@id":"https:\/\/autorival.ro\/chevrolet\/product\/etrier-frana-chevrolet-cruze-hatchback-j305-1-8-benzina-141-cai-optimal-bc-1143l\/#primaryimage"},"thumbnailUrl":"https:\/\/autorival.ro\/chevrolet\/wp-content\/uploads\/sites\/7\/2025\/04\/opt_bc-1143l_wm_01-2.jpg","datePublished":"2025-05-03T01:20:15+00:00","dateModified":"2025-05-03T01:20:16+00:00","description":"\u26a1 Etrier frana CHEVROLET CRUZE hatchback (J305) 1.8 benzina 141 cai OPTIMAL BC-1143L pentru CHEVROLET la doar 395 RON. \u2713 Cod: BC-1143L \u2713 Brand: OPTIMAL \u2713 \u00cen stoc \u2713 Livrare 24h \u2713 Garan\u021bie!","breadcrumb":{"@id":"https:\/\/autorival.ro\/chevrolet\/product\/etrier-frana-chevrolet-cruze-hatchback-j305-1-8-benzina-141-cai-optimal-bc-1143l\/#breadcrumb"},"inLanguage":"en-US","potentialAction":[{"@type":"ReadAction","target":["https:\/\/autorival.ro\/chevrolet\/product\/etrier-frana-chevrolet-cruze-hatchback-j305-1-8-benzina-141-cai-optimal-bc-1143l\/"]}]},{"@type":"ImageObject","inLanguage":"en-US","@id":"https:\/\/autorival.ro\/chevrolet\/product\/etrier-frana-chevrolet-cruze-hatchback-j305-1-8-benzina-141-cai-optimal-bc-1143l\/#primaryimage","url":"https:\/\/autorival.ro\/chevrolet\/wp-content\/uploads\/sites\/7\/2025\/04\/opt_bc-1143l_wm_01-2.jpg","contentUrl":"https:\/\/autorival.ro\/chevrolet\/wp-content\/uploads\/sites\/7\/2025\/04\/opt_bc-1143l_wm_01-2.jpg","width":1000,"height":1000,"caption":"Etrier frana -> CHEVROLET CRUZE hatchback (J305) 1.8 benzina 141 cai -> OPTIMAL BC-1143L"},{"@type":"BreadcrumbList","@id":"https:\/\/autorival.ro\/chevrolet\/product\/etrier-frana-chevrolet-cruze-hatchback-j305-1-8-benzina-141-cai-optimal-bc-1143l\/#breadcrumb","itemListElement":[{"@type":"ListItem","position":1,"name":"Prima pagin\u0103","item":"https:\/\/autorival.ro\/chevrolet\/"},{"@type":"ListItem","position":2,"name":"Piese auto CHEVROLET","item":"https:\/\/autorival.ro\/chevrolet\/"},{"@type":"ListItem","position":3,"name":"Etrier frana CHEVROLET CRUZE hatchback (J305) 1.8 benzina 141 cai OPTIMAL BC-1143L"}]},{"@type":"WebSite","@id":"https:\/\/autorival.ro\/chevrolet\/#website","url":"https:\/\/autorival.ro\/chevrolet\/","name":"CHEVROLET","description":"","potentialAction":[{"@type":"SearchAction","target":{"@type":"EntryPoint","urlTemplate":"https:\/\/autorival.ro\/chevrolet\/?s={search_term_string}"},"query-input":{"@type":"PropertyValueSpecification","valueRequired":true,"valueName":"search_term_string"}}],"inLanguage":"en-US"}]}},"_links":{"self":[{"href":"https:\/\/autorival.ro\/chevrolet\/wp-json\/wp\/v2\/product\/189775","targetHints":{"allow":["GET"]}}],"collection":[{"href":"https:\/\/autorival.ro\/chevrolet\/wp-json\/wp\/v2\/product"}],"about":[{"href":"https:\/\/autorival.ro\/chevrolet\/wp-json\/wp\/v2\/types\/product"}],"replies":[{"embeddable":true,"href":"https:\/\/autorival.ro\/chevrolet\/wp-json\/wp\/v2\/comments?post=189775"}],"wp:featuredmedia":[{"embeddable":true,"href":"https:\/\/autorival.ro\/chevrolet\/wp-json\/wp\/v2\/media\/66457"}],"wp:attachment":[{"href":"https:\/\/autorival.ro\/chevrolet\/wp-json\/wp\/v2\/media?parent=189775"}],"wp:term":[{"taxonomy":"product_brand","embeddable":true,"href":"https:\/\/autorival.ro\/chevrolet\/wp-json\/wp\/v2\/product_brand?post=189775"},{"taxonomy":"product_cat","embeddable":true,"href":"https:\/\/autorival.ro\/chevrolet\/wp-json\/wp\/v2\/product_cat?post=189775"},{"taxonomy":"product_tag","embeddable":true,"href":"https:\/\/autorival.ro\/chevrolet\/wp-json\/wp\/v2\/product_tag?post=189775"}],"curies":[{"name":"wp","href":"https:\/\/api.w.org\/{rel}","templated":true}]}}